{"id":18875,"date":"2020-03-03T22:05:40","date_gmt":"2020-03-03T22:05:40","guid":{"rendered":"https:\/\/www.solucionescontract.com\/producto\/silla-oficina-ps10\/"},"modified":"2021-01-11T13:53:31","modified_gmt":"2021-01-11T13:53:31","slug":"silla-oficina-ps10","status":"publish","type":"product","link":"https:\/\/solucionescontract.com\/fr\/producto\/silla-oficina-ps10\/","title":{"rendered":"FAUTEUIL DE BUREAU PS10"},"content":{"rendered":"<h3> Comprend une chaise de bureau PS10 <\/h3>\n<p> Hauteur totale: 103\/136 cm. Hauteur d&rsquo;assise: 48\/56 cm. Largeur d&rsquo;assise: 50 cm. Profondeur d&rsquo;assise: 44 cm <\/p>\n<p> Poids unitaire: 15 kg. Bo\u00eete: 1 unit\u00e9s. Volume: 0,13 m3. <\/p>\n<p> En option (consulter): Sans bras, bras fixes, bras reg. 3D \/ 2D, m\u00e9canisme r\u00e9glable en profondeur, base finition chrom\u00e9e. <\/p>\n<p> Certificat de d\u00e9gustation <\/p>\n<p><\/script><\/p>\n","protected":false},"excerpt":{"rendered":"<ul>\n<li> PS10 est une chaise pivotante tr\u00e8s confortable avec un dossier en maille anatomique haut. <\/li>\n<li> M\u00e9canisme SINCRO multi-positions. Mouvement synchronis\u00e9 de l&rsquo;assise et du dossier. <\/li>\n<li> Bras r\u00e9glables en profondeur et en hauteur 2D. <\/li>\n<li> Dossier avec support lombaire r\u00e9glable, syst\u00e8me anti-retour et r\u00e9gulation de pression. Si\u00e8ge rembourr\u00e9 en polyur\u00e9thane haute densit\u00e9 30 kg \/ m3. <\/li>\n<li> R\u00e9glage de la hauteur par colonne pneumatique. <\/li>\n<li> Base pivotante pyramidale en polyamide noir avec cinq rayons renforc\u00e9s de fibre de verre. <\/li>\n<li> Roues \u00e0 roulement souple \u00d8 50 mm. <\/li>\n<li> Couleurs de maille disponibles: bleu, blanc, gris, orange, noir, rouge ou vert. <\/li>\n<\/ul>\n<p> <a href=\"https:\/\/solucionescontract.com\/producto\/afinildos-intacor\/\" target=\"_blank\" rel=\"noopener noreferrer\"> <strong> V\u00e9rifiez les finitions disponibles ici. <\/strong> < \/ a> <\/p>\n","protected":false},"featured_media":16165,"comment_status":"open","ping_status":"closed","template":"","meta":[],"product_brand":[],"product_cat":[633,529],"product_tag":[],"class_list":{"0":"post-18875","1":"product","2":"type-product","3":"status-publish","4":"has-post-thumbnail","6":"product_cat-chaises-operatives","7":"product_cat-sieges-contractuels","8":"product_shipping_class-gratuit","10":"first","11":"instock","12":"taxable","13":"shipping-taxable","14":"purchasable","15":"product-type-variable"},"yoast_head":"<!-- This site is optimized with the Yoast SEO plugin v27.3 - https:\/\/yoast.com\/product\/yoast-seo-wordpress\/ -->\n<title>FAUTEUIL DE BUREAU PS10 - Muebles de dise\u00f1o en Soluciones Contract<\/title>\n<meta name=\"description\" content=\"Achetez FAUTEUIL DE BUREAU PS10 en ligne dans notre magasin de meubles Contract. Trouvez le meilleur mobilier design bureau et maison\" \/>\n<meta name=\"robots\" content=\"index, follow, max-snippet:-1, max-image-preview:large, max-video-preview:-1\" \/>\n<link rel=\"canonical\" href=\"https:\/\/solucionescontract.com\/fr\/producto\/silla-oficina-ps10\/\" \/>\n<meta property=\"og:locale\" content=\"fr_FR\" \/>\n<meta property=\"og:type\" content=\"article\" \/>\n<meta property=\"og:title\" content=\"FAUTEUIL DE BUREAU PS10 - Muebles de dise\u00f1o en Soluciones Contract\" \/>\n<meta property=\"og:description\" content=\"Achetez FAUTEUIL DE BUREAU PS10 en ligne dans notre magasin de meubles Contract. Trouvez le meilleur mobilier design bureau et maison\" \/>\n<meta property=\"og:url\" content=\"https:\/\/solucionescontract.com\/fr\/producto\/silla-oficina-ps10\/\" \/>\n<meta property=\"og:site_name\" content=\"Soluciones Contract\" \/>\n<meta property=\"article:publisher\" content=\"https:\/\/www.facebook.com\/solucionescontract\/\" \/>\n<meta property=\"article:modified_time\" content=\"2021-01-11T13:53:31+00:00\" \/>\n<meta property=\"og:image\" content=\"https:\/\/solucionescontract.com\/wp-content\/uploads\/2020\/03\/INFORMATICA-PS10.jpg\" \/>\n\t<meta property=\"og:image:width\" content=\"999\" \/>\n\t<meta property=\"og:image:height\" content=\"999\" \/>\n\t<meta property=\"og:image:type\" content=\"image\/jpeg\" \/>\n<meta name=\"twitter:card\" content=\"summary_large_image\" \/>\n<script type=\"application\/ld+json\" class=\"yoast-schema-graph\">{\"@context\":\"https:\\\/\\\/schema.org\",\"@graph\":[{\"@type\":\"WebPage\",\"@id\":\"https:\\\/\\\/solucionescontract.com\\\/fr\\\/producto\\\/silla-oficina-ps10\\\/\",\"url\":\"https:\\\/\\\/solucionescontract.com\\\/fr\\\/producto\\\/silla-oficina-ps10\\\/\",\"name\":\"FAUTEUIL DE BUREAU PS10 - Muebles de dise\u00f1o en Soluciones Contract\",\"isPartOf\":{\"@id\":\"https:\\\/\\\/solucionescontract.com\\\/#website\"},\"primaryImageOfPage\":{\"@id\":\"https:\\\/\\\/solucionescontract.com\\\/fr\\\/producto\\\/silla-oficina-ps10\\\/#primaryimage\"},\"image\":{\"@id\":\"https:\\\/\\\/solucionescontract.com\\\/fr\\\/producto\\\/silla-oficina-ps10\\\/#primaryimage\"},\"thumbnailUrl\":\"https:\\\/\\\/solucionescontract.com\\\/wp-content\\\/uploads\\\/2020\\\/03\\\/INFORMATICA-PS10.jpg\",\"datePublished\":\"2020-03-03T22:05:40+00:00\",\"dateModified\":\"2021-01-11T13:53:31+00:00\",\"description\":\"Achetez FAUTEUIL DE BUREAU PS10 en ligne dans notre magasin de meubles Contract. Trouvez le meilleur mobilier design bureau et maison\",\"breadcrumb\":{\"@id\":\"https:\\\/\\\/solucionescontract.com\\\/fr\\\/producto\\\/silla-oficina-ps10\\\/#breadcrumb\"},\"inLanguage\":\"fr-FR\",\"potentialAction\":[{\"@type\":\"ReadAction\",\"target\":[\"https:\\\/\\\/solucionescontract.com\\\/fr\\\/producto\\\/silla-oficina-ps10\\\/\"]}]},{\"@type\":\"ImageObject\",\"inLanguage\":\"fr-FR\",\"@id\":\"https:\\\/\\\/solucionescontract.com\\\/fr\\\/producto\\\/silla-oficina-ps10\\\/#primaryimage\",\"url\":\"https:\\\/\\\/solucionescontract.com\\\/wp-content\\\/uploads\\\/2020\\\/03\\\/INFORMATICA-PS10.jpg\",\"contentUrl\":\"https:\\\/\\\/solucionescontract.com\\\/wp-content\\\/uploads\\\/2020\\\/03\\\/INFORMATICA-PS10.jpg\",\"width\":999,\"height\":999},{\"@type\":\"BreadcrumbList\",\"@id\":\"https:\\\/\\\/solucionescontract.com\\\/fr\\\/producto\\\/silla-oficina-ps10\\\/#breadcrumb\",\"itemListElement\":[{\"@type\":\"ListItem\",\"position\":1,\"name\":\"Inicio\",\"item\":\"https:\\\/\\\/solucionescontract.com\\\/\"},{\"@type\":\"ListItem\",\"position\":2,\"name\":\"Tienda mobiliario contract\",\"item\":\"https:\\\/\\\/solucionescontract.com\\\/tienda-mobiliario-contract\\\/\"},{\"@type\":\"ListItem\",\"position\":3,\"name\":\"Chaises op\u00e9ratives\",\"item\":\"https:\\\/\\\/solucionescontract.com\\\/fr\\\/categoria-producto\\\/chaises-operatives\\\/\"},{\"@type\":\"ListItem\",\"position\":4,\"name\":\"FAUTEUIL DE BUREAU PS10\"}]},{\"@type\":\"WebSite\",\"@id\":\"https:\\\/\\\/solucionescontract.com\\\/#website\",\"url\":\"https:\\\/\\\/solucionescontract.com\\\/\",\"name\":\"Soluciones Contract\",\"description\":\"Venta Mobiliario contract de dise\u00f1o\",\"publisher\":{\"@id\":\"https:\\\/\\\/solucionescontract.com\\\/#organization\"},\"potentialAction\":[{\"@type\":\"SearchAction\",\"target\":{\"@type\":\"EntryPoint\",\"urlTemplate\":\"https:\\\/\\\/solucionescontract.com\\\/?s={search_term_string}\"},\"query-input\":{\"@type\":\"PropertyValueSpecification\",\"valueRequired\":true,\"valueName\":\"search_term_string\"}}],\"inLanguage\":\"fr-FR\"},{\"@type\":\"Organization\",\"@id\":\"https:\\\/\\\/solucionescontract.com\\\/#organization\",\"name\":\"Soluciones Contract\",\"url\":\"https:\\\/\\\/solucionescontract.com\\\/\",\"logo\":{\"@type\":\"ImageObject\",\"inLanguage\":\"fr-FR\",\"@id\":\"https:\\\/\\\/solucionescontract.com\\\/#\\\/schema\\\/logo\\\/image\\\/\",\"url\":\"https:\\\/\\\/solucionescontract.com\\\/wp-content\\\/uploads\\\/2020\\\/02\\\/logoSC.jpg\",\"contentUrl\":\"https:\\\/\\\/solucionescontract.com\\\/wp-content\\\/uploads\\\/2020\\\/02\\\/logoSC.jpg\",\"width\":300,\"height\":125,\"caption\":\"Soluciones Contract\"},\"image\":{\"@id\":\"https:\\\/\\\/solucionescontract.com\\\/#\\\/schema\\\/logo\\\/image\\\/\"},\"sameAs\":[\"https:\\\/\\\/www.facebook.com\\\/solucionescontract\\\/\"]}]}<\/script>\n<!-- \/ Yoast SEO plugin. -->","yoast_head_json":{"title":"FAUTEUIL DE BUREAU PS10 - Muebles de dise\u00f1o en Soluciones Contract","description":"Achetez FAUTEUIL DE BUREAU PS10 en ligne dans notre magasin de meubles Contract. Trouvez le meilleur mobilier design bureau et maison","robots":{"index":"index","follow":"follow","max-snippet":"max-snippet:-1","max-image-preview":"max-image-preview:large","max-video-preview":"max-video-preview:-1"},"canonical":"https:\/\/solucionescontract.com\/fr\/producto\/silla-oficina-ps10\/","og_locale":"fr_FR","og_type":"article","og_title":"FAUTEUIL DE BUREAU PS10 - Muebles de dise\u00f1o en Soluciones Contract","og_description":"Achetez FAUTEUIL DE BUREAU PS10 en ligne dans notre magasin de meubles Contract. Trouvez le meilleur mobilier design bureau et maison","og_url":"https:\/\/solucionescontract.com\/fr\/producto\/silla-oficina-ps10\/","og_site_name":"Soluciones Contract","article_publisher":"https:\/\/www.facebook.com\/solucionescontract\/","article_modified_time":"2021-01-11T13:53:31+00:00","og_image":[{"width":999,"height":999,"url":"https:\/\/solucionescontract.com\/wp-content\/uploads\/2020\/03\/INFORMATICA-PS10.jpg","type":"image\/jpeg"}],"twitter_card":"summary_large_image","schema":{"@context":"https:\/\/schema.org","@graph":[{"@type":"WebPage","@id":"https:\/\/solucionescontract.com\/fr\/producto\/silla-oficina-ps10\/","url":"https:\/\/solucionescontract.com\/fr\/producto\/silla-oficina-ps10\/","name":"FAUTEUIL DE BUREAU PS10 - Muebles de dise\u00f1o en Soluciones Contract","isPartOf":{"@id":"https:\/\/solucionescontract.com\/#website"},"primaryImageOfPage":{"@id":"https:\/\/solucionescontract.com\/fr\/producto\/silla-oficina-ps10\/#primaryimage"},"image":{"@id":"https:\/\/solucionescontract.com\/fr\/producto\/silla-oficina-ps10\/#primaryimage"},"thumbnailUrl":"https:\/\/solucionescontract.com\/wp-content\/uploads\/2020\/03\/INFORMATICA-PS10.jpg","datePublished":"2020-03-03T22:05:40+00:00","dateModified":"2021-01-11T13:53:31+00:00","description":"Achetez FAUTEUIL DE BUREAU PS10 en ligne dans notre magasin de meubles Contract. Trouvez le meilleur mobilier design bureau et maison","breadcrumb":{"@id":"https:\/\/solucionescontract.com\/fr\/producto\/silla-oficina-ps10\/#breadcrumb"},"inLanguage":"fr-FR","potentialAction":[{"@type":"ReadAction","target":["https:\/\/solucionescontract.com\/fr\/producto\/silla-oficina-ps10\/"]}]},{"@type":"ImageObject","inLanguage":"fr-FR","@id":"https:\/\/solucionescontract.com\/fr\/producto\/silla-oficina-ps10\/#primaryimage","url":"https:\/\/solucionescontract.com\/wp-content\/uploads\/2020\/03\/INFORMATICA-PS10.jpg","contentUrl":"https:\/\/solucionescontract.com\/wp-content\/uploads\/2020\/03\/INFORMATICA-PS10.jpg","width":999,"height":999},{"@type":"BreadcrumbList","@id":"https:\/\/solucionescontract.com\/fr\/producto\/silla-oficina-ps10\/#breadcrumb","itemListElement":[{"@type":"ListItem","position":1,"name":"Inicio","item":"https:\/\/solucionescontract.com\/"},{"@type":"ListItem","position":2,"name":"Tienda mobiliario contract","item":"https:\/\/solucionescontract.com\/tienda-mobiliario-contract\/"},{"@type":"ListItem","position":3,"name":"Chaises op\u00e9ratives","item":"https:\/\/solucionescontract.com\/fr\/categoria-producto\/chaises-operatives\/"},{"@type":"ListItem","position":4,"name":"FAUTEUIL DE BUREAU PS10"}]},{"@type":"WebSite","@id":"https:\/\/solucionescontract.com\/#website","url":"https:\/\/solucionescontract.com\/","name":"Soluciones Contract","description":"Venta Mobiliario contract de dise\u00f1o","publisher":{"@id":"https:\/\/solucionescontract.com\/#organization"},"potentialAction":[{"@type":"SearchAction","target":{"@type":"EntryPoint","urlTemplate":"https:\/\/solucionescontract.com\/?s={search_term_string}"},"query-input":{"@type":"PropertyValueSpecification","valueRequired":true,"valueName":"search_term_string"}}],"inLanguage":"fr-FR"},{"@type":"Organization","@id":"https:\/\/solucionescontract.com\/#organization","name":"Soluciones Contract","url":"https:\/\/solucionescontract.com\/","logo":{"@type":"ImageObject","inLanguage":"fr-FR","@id":"https:\/\/solucionescontract.com\/#\/schema\/logo\/image\/","url":"https:\/\/solucionescontract.com\/wp-content\/uploads\/2020\/02\/logoSC.jpg","contentUrl":"https:\/\/solucionescontract.com\/wp-content\/uploads\/2020\/02\/logoSC.jpg","width":300,"height":125,"caption":"Soluciones Contract"},"image":{"@id":"https:\/\/solucionescontract.com\/#\/schema\/logo\/image\/"},"sameAs":["https:\/\/www.facebook.com\/solucionescontract\/"]}]}},"_links":{"self":[{"href":"https:\/\/solucionescontract.com\/fr\/wp-json\/wp\/v2\/product\/18875","targetHints":{"allow":["GET"]}}],"collection":[{"href":"https:\/\/solucionescontract.com\/fr\/wp-json\/wp\/v2\/product"}],"about":[{"href":"https:\/\/solucionescontract.com\/fr\/wp-json\/wp\/v2\/types\/product"}],"replies":[{"embeddable":true,"href":"https:\/\/solucionescontract.com\/fr\/wp-json\/wp\/v2\/comments?post=18875"}],"wp:featuredmedia":[{"embeddable":true,"href":"https:\/\/solucionescontract.com\/fr\/wp-json\/wp\/v2\/media\/16165"}],"wp:attachment":[{"href":"https:\/\/solucionescontract.com\/fr\/wp-json\/wp\/v2\/media?parent=18875"}],"wp:term":[{"taxonomy":"product_brand","embeddable":true,"href":"https:\/\/solucionescontract.com\/fr\/wp-json\/wp\/v2\/product_brand?post=18875"},{"taxonomy":"product_cat","embeddable":true,"href":"https:\/\/solucionescontract.com\/fr\/wp-json\/wp\/v2\/product_cat?post=18875"},{"taxonomy":"product_tag","embeddable":true,"href":"https:\/\/solucionescontract.com\/fr\/wp-json\/wp\/v2\/product_tag?post=18875"}],"curies":[{"name":"wp","href":"https:\/\/api.w.org\/{rel}","templated":true}]}}