{"id":18852,"date":"2020-03-25T18:49:54","date_gmt":"2020-03-25T18:49:54","guid":{"rendered":"https:\/\/www.solucionescontract.com\/producto\/table-a-manger-artistique\/"},"modified":"2021-01-11T13:52:14","modified_gmt":"2021-01-11T13:52:14","slug":"table-a-manger-artistique","status":"publish","type":"product","link":"https:\/\/solucionescontract.com\/fr\/producto\/table-a-manger-artistique\/","title":{"rendered":"TABLE \u00c0 MANGER ARTISTIQUE"},"content":{"rendered":"<p>Mesa de comedor artistico<\/script><\/p>\n","protected":false},"excerpt":{"rendered":"<ul>\n<li style = \"text-align: justify;\"> La torsion des \u00e9p\u00e9es que pr\u00e9sente la base de cette pi\u00e8ce, combin\u00e9e aux diff\u00e9rents mat\u00e9riaux que le comptoir peut pr\u00e9senter, en fait une table \u00e9l\u00e9gante adapt\u00e9e \u00e0 tout type d&rsquo;environnement dans lequel voulez localiser. <\/li>\n<li> Table fixe de design italien avec structure en acier laqu\u00e9 (finitions au choix). <\/li>\n<li style = \"text-align: justify;\"> Plan de travail disponible en bois massif, placage avec chant en bois massif, noyer patrimonial en bois massif, placage de bois, marbre naturel, verre brillant, mat, verre anti-rayures ou Supermarmol . <\/li>\n<\/ul>\n<p> (Pour d&rsquo;autres tailles et finitions consulter) <\/p>\n<p>&nbsp;<\/p>\n","protected":false},"featured_media":16265,"comment_status":"open","ping_status":"closed","template":"","meta":[],"product_brand":[],"product_cat":[569,573],"product_tag":[],"class_list":{"0":"post-18852","1":"product","2":"type-product","3":"status-publish","4":"has-post-thumbnail","6":"product_cat-conception-de-tables","7":"product_cat-table-a-manger","8":"product_shipping_class-gratuit","9":"yith_product_brand-bontempi-fr","11":"first","12":"instock","13":"taxable","14":"shipping-taxable","15":"purchasable","16":"product-type-variable"},"yoast_head":"<!-- This site is optimized with the Yoast SEO plugin v27.3 - https:\/\/yoast.com\/product\/yoast-seo-wordpress\/ -->\n<title>TABLE \u00c0 MANGER ARTISTIQUE - Conception de mobilier dans les solutions contractuelles<\/title>\n<meta name=\"description\" content=\"Achetez TABLE \u00c0 MANGER ARTISTIQUE en ligne dans notre magasin de meubles Contract. Trouvez le meilleur MEUBLE DE CONCEPTION pour un usage h\u00f4telier, domestique et commercial.\" \/>\n<meta name=\"robots\" content=\"index, follow, max-snippet:-1, max-image-preview:large, max-video-preview:-1\" \/>\n<link rel=\"canonical\" href=\"https:\/\/solucionescontract.com\/fr\/producto\/table-a-manger-artistique\/\" \/>\n<meta property=\"og:locale\" content=\"fr_FR\" \/>\n<meta property=\"og:type\" content=\"article\" \/>\n<meta property=\"og:title\" content=\"TABLE \u00c0 MANGER ARTISTIQUE - Conception de mobilier dans les solutions contractuelles\" \/>\n<meta property=\"og:description\" content=\"Achetez TABLE \u00c0 MANGER ARTISTIQUE en ligne dans notre magasin de meubles Contract. Trouvez le meilleur MEUBLE DE CONCEPTION pour un usage h\u00f4telier, domestique et commercial.\" \/>\n<meta property=\"og:url\" content=\"https:\/\/solucionescontract.com\/fr\/producto\/table-a-manger-artistique\/\" \/>\n<meta property=\"og:site_name\" content=\"Soluciones Contract\" \/>\n<meta property=\"article:publisher\" content=\"https:\/\/www.facebook.com\/solucionescontract\/\" \/>\n<meta property=\"article:modified_time\" content=\"2021-01-11T13:52:14+00:00\" \/>\n<meta property=\"og:image\" content=\"https:\/\/solucionescontract.com\/wp-content\/uploads\/2020\/03\/MESA-COMEDOR-MODERNA-ARTISTIC-4.jpg\" \/>\n\t<meta property=\"og:image:width\" content=\"1010\" \/>\n\t<meta property=\"og:image:height\" content=\"1010\" \/>\n\t<meta property=\"og:image:type\" content=\"image\/jpeg\" \/>\n<meta name=\"twitter:card\" content=\"summary_large_image\" \/>\n<script type=\"application\/ld+json\" class=\"yoast-schema-graph\">{\"@context\":\"https:\\\/\\\/schema.org\",\"@graph\":[{\"@type\":\"WebPage\",\"@id\":\"https:\\\/\\\/solucionescontract.com\\\/fr\\\/producto\\\/table-a-manger-artistique\\\/\",\"url\":\"https:\\\/\\\/solucionescontract.com\\\/fr\\\/producto\\\/table-a-manger-artistique\\\/\",\"name\":\"TABLE \u00c0 MANGER ARTISTIQUE - Conception de mobilier dans les solutions contractuelles\",\"isPartOf\":{\"@id\":\"https:\\\/\\\/solucionescontract.com\\\/#website\"},\"primaryImageOfPage\":{\"@id\":\"https:\\\/\\\/solucionescontract.com\\\/fr\\\/producto\\\/table-a-manger-artistique\\\/#primaryimage\"},\"image\":{\"@id\":\"https:\\\/\\\/solucionescontract.com\\\/fr\\\/producto\\\/table-a-manger-artistique\\\/#primaryimage\"},\"thumbnailUrl\":\"https:\\\/\\\/solucionescontract.com\\\/wp-content\\\/uploads\\\/2020\\\/03\\\/MESA-COMEDOR-MODERNA-ARTISTIC-4.jpg\",\"datePublished\":\"2020-03-25T18:49:54+00:00\",\"dateModified\":\"2021-01-11T13:52:14+00:00\",\"description\":\"Achetez TABLE \u00c0 MANGER ARTISTIQUE en ligne dans notre magasin de meubles Contract. Trouvez le meilleur MEUBLE DE CONCEPTION pour un usage h\u00f4telier, domestique et commercial.\",\"breadcrumb\":{\"@id\":\"https:\\\/\\\/solucionescontract.com\\\/fr\\\/producto\\\/table-a-manger-artistique\\\/#breadcrumb\"},\"inLanguage\":\"fr-FR\",\"potentialAction\":[{\"@type\":\"ReadAction\",\"target\":[\"https:\\\/\\\/solucionescontract.com\\\/fr\\\/producto\\\/table-a-manger-artistique\\\/\"]}]},{\"@type\":\"ImageObject\",\"inLanguage\":\"fr-FR\",\"@id\":\"https:\\\/\\\/solucionescontract.com\\\/fr\\\/producto\\\/table-a-manger-artistique\\\/#primaryimage\",\"url\":\"https:\\\/\\\/solucionescontract.com\\\/wp-content\\\/uploads\\\/2020\\\/03\\\/MESA-COMEDOR-MODERNA-ARTISTIC-4.jpg\",\"contentUrl\":\"https:\\\/\\\/solucionescontract.com\\\/wp-content\\\/uploads\\\/2020\\\/03\\\/MESA-COMEDOR-MODERNA-ARTISTIC-4.jpg\",\"width\":1010,\"height\":1010,\"caption\":\"Mesa_comedor_dise\u00f1o_ sobre_ cristal\"},{\"@type\":\"BreadcrumbList\",\"@id\":\"https:\\\/\\\/solucionescontract.com\\\/fr\\\/producto\\\/table-a-manger-artistique\\\/#breadcrumb\",\"itemListElement\":[{\"@type\":\"ListItem\",\"position\":1,\"name\":\"Inicio\",\"item\":\"https:\\\/\\\/solucionescontract.com\\\/\"},{\"@type\":\"ListItem\",\"position\":2,\"name\":\"Tienda mobiliario contract\",\"item\":\"https:\\\/\\\/solucionescontract.com\\\/tienda-mobiliario-contract\\\/\"},{\"@type\":\"ListItem\",\"position\":3,\"name\":\"Conception de tables\",\"item\":\"https:\\\/\\\/solucionescontract.com\\\/fr\\\/categoria-producto\\\/conception-de-tables\\\/\"},{\"@type\":\"ListItem\",\"position\":4,\"name\":\"Table \u00e0 manger\",\"item\":\"https:\\\/\\\/solucionescontract.com\\\/fr\\\/categoria-producto\\\/conception-de-tables\\\/table-a-manger\\\/\"},{\"@type\":\"ListItem\",\"position\":5,\"name\":\"TABLE \u00c0 MANGER ARTISTIQUE\"}]},{\"@type\":\"WebSite\",\"@id\":\"https:\\\/\\\/solucionescontract.com\\\/#website\",\"url\":\"https:\\\/\\\/solucionescontract.com\\\/\",\"name\":\"Soluciones Contract\",\"description\":\"Venta Mobiliario contract de dise\u00f1o\",\"publisher\":{\"@id\":\"https:\\\/\\\/solucionescontract.com\\\/#organization\"},\"potentialAction\":[{\"@type\":\"SearchAction\",\"target\":{\"@type\":\"EntryPoint\",\"urlTemplate\":\"https:\\\/\\\/solucionescontract.com\\\/?s={search_term_string}\"},\"query-input\":{\"@type\":\"PropertyValueSpecification\",\"valueRequired\":true,\"valueName\":\"search_term_string\"}}],\"inLanguage\":\"fr-FR\"},{\"@type\":\"Organization\",\"@id\":\"https:\\\/\\\/solucionescontract.com\\\/#organization\",\"name\":\"Soluciones Contract\",\"url\":\"https:\\\/\\\/solucionescontract.com\\\/\",\"logo\":{\"@type\":\"ImageObject\",\"inLanguage\":\"fr-FR\",\"@id\":\"https:\\\/\\\/solucionescontract.com\\\/#\\\/schema\\\/logo\\\/image\\\/\",\"url\":\"https:\\\/\\\/solucionescontract.com\\\/wp-content\\\/uploads\\\/2020\\\/02\\\/logoSC.jpg\",\"contentUrl\":\"https:\\\/\\\/solucionescontract.com\\\/wp-content\\\/uploads\\\/2020\\\/02\\\/logoSC.jpg\",\"width\":300,\"height\":125,\"caption\":\"Soluciones Contract\"},\"image\":{\"@id\":\"https:\\\/\\\/solucionescontract.com\\\/#\\\/schema\\\/logo\\\/image\\\/\"},\"sameAs\":[\"https:\\\/\\\/www.facebook.com\\\/solucionescontract\\\/\"]}]}<\/script>\n<!-- \/ Yoast SEO plugin. -->","yoast_head_json":{"title":"TABLE \u00c0 MANGER ARTISTIQUE - Conception de mobilier dans les solutions contractuelles","description":"Achetez TABLE \u00c0 MANGER ARTISTIQUE en ligne dans notre magasin de meubles Contract. Trouvez le meilleur MEUBLE DE CONCEPTION pour un usage h\u00f4telier, domestique et commercial.","robots":{"index":"index","follow":"follow","max-snippet":"max-snippet:-1","max-image-preview":"max-image-preview:large","max-video-preview":"max-video-preview:-1"},"canonical":"https:\/\/solucionescontract.com\/fr\/producto\/table-a-manger-artistique\/","og_locale":"fr_FR","og_type":"article","og_title":"TABLE \u00c0 MANGER ARTISTIQUE - Conception de mobilier dans les solutions contractuelles","og_description":"Achetez TABLE \u00c0 MANGER ARTISTIQUE en ligne dans notre magasin de meubles Contract. Trouvez le meilleur MEUBLE DE CONCEPTION pour un usage h\u00f4telier, domestique et commercial.","og_url":"https:\/\/solucionescontract.com\/fr\/producto\/table-a-manger-artistique\/","og_site_name":"Soluciones Contract","article_publisher":"https:\/\/www.facebook.com\/solucionescontract\/","article_modified_time":"2021-01-11T13:52:14+00:00","og_image":[{"width":1010,"height":1010,"url":"https:\/\/solucionescontract.com\/wp-content\/uploads\/2020\/03\/MESA-COMEDOR-MODERNA-ARTISTIC-4.jpg","type":"image\/jpeg"}],"twitter_card":"summary_large_image","schema":{"@context":"https:\/\/schema.org","@graph":[{"@type":"WebPage","@id":"https:\/\/solucionescontract.com\/fr\/producto\/table-a-manger-artistique\/","url":"https:\/\/solucionescontract.com\/fr\/producto\/table-a-manger-artistique\/","name":"TABLE \u00c0 MANGER ARTISTIQUE - Conception de mobilier dans les solutions contractuelles","isPartOf":{"@id":"https:\/\/solucionescontract.com\/#website"},"primaryImageOfPage":{"@id":"https:\/\/solucionescontract.com\/fr\/producto\/table-a-manger-artistique\/#primaryimage"},"image":{"@id":"https:\/\/solucionescontract.com\/fr\/producto\/table-a-manger-artistique\/#primaryimage"},"thumbnailUrl":"https:\/\/solucionescontract.com\/wp-content\/uploads\/2020\/03\/MESA-COMEDOR-MODERNA-ARTISTIC-4.jpg","datePublished":"2020-03-25T18:49:54+00:00","dateModified":"2021-01-11T13:52:14+00:00","description":"Achetez TABLE \u00c0 MANGER ARTISTIQUE en ligne dans notre magasin de meubles Contract. Trouvez le meilleur MEUBLE DE CONCEPTION pour un usage h\u00f4telier, domestique et commercial.","breadcrumb":{"@id":"https:\/\/solucionescontract.com\/fr\/producto\/table-a-manger-artistique\/#breadcrumb"},"inLanguage":"fr-FR","potentialAction":[{"@type":"ReadAction","target":["https:\/\/solucionescontract.com\/fr\/producto\/table-a-manger-artistique\/"]}]},{"@type":"ImageObject","inLanguage":"fr-FR","@id":"https:\/\/solucionescontract.com\/fr\/producto\/table-a-manger-artistique\/#primaryimage","url":"https:\/\/solucionescontract.com\/wp-content\/uploads\/2020\/03\/MESA-COMEDOR-MODERNA-ARTISTIC-4.jpg","contentUrl":"https:\/\/solucionescontract.com\/wp-content\/uploads\/2020\/03\/MESA-COMEDOR-MODERNA-ARTISTIC-4.jpg","width":1010,"height":1010,"caption":"Mesa_comedor_dise\u00f1o_ sobre_ cristal"},{"@type":"BreadcrumbList","@id":"https:\/\/solucionescontract.com\/fr\/producto\/table-a-manger-artistique\/#breadcrumb","itemListElement":[{"@type":"ListItem","position":1,"name":"Inicio","item":"https:\/\/solucionescontract.com\/"},{"@type":"ListItem","position":2,"name":"Tienda mobiliario contract","item":"https:\/\/solucionescontract.com\/tienda-mobiliario-contract\/"},{"@type":"ListItem","position":3,"name":"Conception de tables","item":"https:\/\/solucionescontract.com\/fr\/categoria-producto\/conception-de-tables\/"},{"@type":"ListItem","position":4,"name":"Table \u00e0 manger","item":"https:\/\/solucionescontract.com\/fr\/categoria-producto\/conception-de-tables\/table-a-manger\/"},{"@type":"ListItem","position":5,"name":"TABLE \u00c0 MANGER ARTISTIQUE"}]},{"@type":"WebSite","@id":"https:\/\/solucionescontract.com\/#website","url":"https:\/\/solucionescontract.com\/","name":"Soluciones Contract","description":"Venta Mobiliario contract de dise\u00f1o","publisher":{"@id":"https:\/\/solucionescontract.com\/#organization"},"potentialAction":[{"@type":"SearchAction","target":{"@type":"EntryPoint","urlTemplate":"https:\/\/solucionescontract.com\/?s={search_term_string}"},"query-input":{"@type":"PropertyValueSpecification","valueRequired":true,"valueName":"search_term_string"}}],"inLanguage":"fr-FR"},{"@type":"Organization","@id":"https:\/\/solucionescontract.com\/#organization","name":"Soluciones Contract","url":"https:\/\/solucionescontract.com\/","logo":{"@type":"ImageObject","inLanguage":"fr-FR","@id":"https:\/\/solucionescontract.com\/#\/schema\/logo\/image\/","url":"https:\/\/solucionescontract.com\/wp-content\/uploads\/2020\/02\/logoSC.jpg","contentUrl":"https:\/\/solucionescontract.com\/wp-content\/uploads\/2020\/02\/logoSC.jpg","width":300,"height":125,"caption":"Soluciones Contract"},"image":{"@id":"https:\/\/solucionescontract.com\/#\/schema\/logo\/image\/"},"sameAs":["https:\/\/www.facebook.com\/solucionescontract\/"]}]}},"_links":{"self":[{"href":"https:\/\/solucionescontract.com\/fr\/wp-json\/wp\/v2\/product\/18852","targetHints":{"allow":["GET"]}}],"collection":[{"href":"https:\/\/solucionescontract.com\/fr\/wp-json\/wp\/v2\/product"}],"about":[{"href":"https:\/\/solucionescontract.com\/fr\/wp-json\/wp\/v2\/types\/product"}],"replies":[{"embeddable":true,"href":"https:\/\/solucionescontract.com\/fr\/wp-json\/wp\/v2\/comments?post=18852"}],"wp:featuredmedia":[{"embeddable":true,"href":"https:\/\/solucionescontract.com\/fr\/wp-json\/wp\/v2\/media\/16265"}],"wp:attachment":[{"href":"https:\/\/solucionescontract.com\/fr\/wp-json\/wp\/v2\/media?parent=18852"}],"wp:term":[{"taxonomy":"product_brand","embeddable":true,"href":"https:\/\/solucionescontract.com\/fr\/wp-json\/wp\/v2\/product_brand?post=18852"},{"taxonomy":"product_cat","embeddable":true,"href":"https:\/\/solucionescontract.com\/fr\/wp-json\/wp\/v2\/product_cat?post=18852"},{"taxonomy":"product_tag","embeddable":true,"href":"https:\/\/solucionescontract.com\/fr\/wp-json\/wp\/v2\/product_tag?post=18852"}],"curies":[{"name":"wp","href":"https:\/\/api.w.org\/{rel}","templated":true}]}}