{"id":18845,"date":"2020-04-28T18:14:54","date_gmt":"2020-04-28T18:14:54","guid":{"rendered":"https:\/\/www.solucionescontract.com\/producto\/fauteuil-design-terrasse-rappel-3735\/"},"modified":"2023-07-26T13:13:43","modified_gmt":"2023-07-26T12:13:43","slug":"fauteuil-design-terrasse-rappel-3735","status":"publish","type":"product","link":"https:\/\/solucionescontract.com\/fr\/producto\/fauteuil-design-terrasse-rappel-3735\/","title":{"rendered":"FAUTEUIL DESIGN TERRASSE REMIND 3735"},"content":{"rendered":"<h3> FAUTEUIL TERRASSE DESIGN REMIND 3735 <\/h3>\n<p><a href=\"https:\/\/solucionescontract.com\/wp-content\/uploads\/2020\/04\/ficha-tecnica.jpg\"><img decoding=\"async\" class=\" wd-lazy-fade alignnone wp-image-9278\" src=\"https:\/\/solucionescontract.com\/wp-content\/themes\/woodmart\/images\/lazy.svg\" data-src=\"https:\/\/solucionescontract.com\/wp-content\/uploads\/2020\/04\/ficha-tecnica-300x94.jpg\" alt=\"\" width=\"400\" height=\"125\" srcset=\"\" data-srcset=\"https:\/\/solucionescontract.com\/wp-content\/uploads\/2020\/04\/ficha-tecnica-300x94.jpg 300w, https:\/\/solucionescontract.com\/wp-content\/uploads\/2020\/04\/ficha-tecnica-150x47.jpg 150w, https:\/\/solucionescontract.com\/wp-content\/uploads\/2020\/04\/ficha-tecnica-800x250.jpg 800w, https:\/\/solucionescontract.com\/wp-content\/uploads\/2020\/04\/ficha-tecnica-768x240.jpg 768w, https:\/\/solucionescontract.com\/wp-content\/uploads\/2020\/04\/ficha-tecnica-64x20.jpg 64w, https:\/\/solucionescontract.com\/wp-content\/uploads\/2020\/04\/ficha-tecnica-192x60.jpg 192w, https:\/\/solucionescontract.com\/wp-content\/uploads\/2020\/04\/ficha-tecnica.jpg 931w\" sizes=\"(max-width: 400px) 100vw, 400px\" \/><\/a><\/p>\n<p><a href=\"https:\/\/solucionescontract.com\/wp-content\/uploads\/2020\/04\/ficha-tecnica-SILLA-TERRAZA-REMIND-3735.pdf\" target=\"_blank\" rel=\"noopener noreferrer\">FICHA T\u00c9CNICA<\/a><\/script><\/p>\n","protected":false},"excerpt":{"rendered":"<ul>\n<li> Fauteuil design pour terrasse Remind by Pedrali <\/li>\n<li> Empilable jusqu&rsquo;\u00e0 8 unit\u00e9s. <\/li>\n<li> Excellent et innovant fauteuil en polypropyl\u00e8ne inject\u00e9, sa technique de fabrication lui conf\u00e8re une r\u00e9sistance et une durabilit\u00e9 incroyables. <\/li>\n<li> Ses siluteta aux formes organiques et douces rappellent les chaises en bois de la seconde moiti\u00e9 du XIXe si\u00e8cle. Il se distingue par son dossier perfor\u00e9 et l&rsquo;excellente finition qui vous entoure, vous procurant du confort. <\/li>\n<li> Commande minimum de 2 unit\u00e9s. <\/li>\n<\/ul>\n","protected":false},"featured_media":16480,"comment_status":"open","ping_status":"closed","template":"","meta":[],"product_brand":[],"product_cat":[589,581,607],"product_tag":[],"class_list":{"0":"post-18845","1":"product","2":"type-product","3":"status-publish","4":"has-post-thumbnail","6":"product_cat-chaises-de-terrasse","7":"product_cat-meubles-de-terrasse-et-de-jardin","8":"product_cat-meubles-pour-lhotellerie","9":"product_shipping_class-gratuit","10":"yith_product_brand-pedrali-fr","12":"first","13":"instock","14":"taxable","15":"shipping-taxable","16":"purchasable","17":"product-type-variable"},"yoast_head":"<!-- This site is optimized with the Yoast SEO plugin v27.3 - https:\/\/yoast.com\/product\/yoast-seo-wordpress\/ -->\n<title>FAUTEUIL DESIGN TERRASSE REMIND 3735 - Muebles de dise\u00f1o en Soluciones Contract<\/title>\n<meta name=\"description\" content=\"Compra FAUTEUIL DESIGN TERRASSE REMIND 3735 online en nuestra tienda de muebles Contract. Encuentra el mejor MOBILIARIO DE DISE\u00d1O para Hotel, Hogar y uso comercial. Descubre las mejores marcas en nuestro cat\u00e1logo.\" \/>\n<meta name=\"robots\" content=\"index, follow, max-snippet:-1, max-image-preview:large, max-video-preview:-1\" \/>\n<link rel=\"canonical\" href=\"https:\/\/solucionescontract.com\/fr\/producto\/fauteuil-design-terrasse-rappel-3735\/\" \/>\n<meta property=\"og:locale\" content=\"fr_FR\" \/>\n<meta property=\"og:type\" content=\"article\" \/>\n<meta property=\"og:title\" content=\"FAUTEUIL DESIGN TERRASSE REMIND 3735 - Muebles de dise\u00f1o en Soluciones Contract\" \/>\n<meta property=\"og:description\" content=\"Compra FAUTEUIL DESIGN TERRASSE REMIND 3735 online en nuestra tienda de muebles Contract. Encuentra el mejor MOBILIARIO DE DISE\u00d1O para Hotel, Hogar y uso comercial. Descubre las mejores marcas en nuestro cat\u00e1logo.\" \/>\n<meta property=\"og:url\" content=\"https:\/\/solucionescontract.com\/fr\/producto\/fauteuil-design-terrasse-rappel-3735\/\" \/>\n<meta property=\"og:site_name\" content=\"Soluciones Contract\" \/>\n<meta property=\"article:publisher\" content=\"https:\/\/www.facebook.com\/solucionescontract\/\" \/>\n<meta property=\"article:modified_time\" content=\"2023-07-26T12:13:43+00:00\" \/>\n<meta property=\"og:image\" content=\"https:\/\/solucionescontract.com\/wp-content\/uploads\/2020\/04\/silla-dise\u00f1o-terraza-ROJA-Remind_3735-3.jpg\" \/>\n\t<meta property=\"og:image:width\" content=\"1373\" \/>\n\t<meta property=\"og:image:height\" content=\"1373\" \/>\n\t<meta property=\"og:image:type\" content=\"image\/jpeg\" \/>\n<meta name=\"twitter:card\" content=\"summary_large_image\" \/>\n<script type=\"application\/ld+json\" class=\"yoast-schema-graph\">{\"@context\":\"https:\\\/\\\/schema.org\",\"@graph\":[{\"@type\":\"WebPage\",\"@id\":\"https:\\\/\\\/solucionescontract.com\\\/fr\\\/producto\\\/fauteuil-design-terrasse-rappel-3735\\\/\",\"url\":\"https:\\\/\\\/solucionescontract.com\\\/fr\\\/producto\\\/fauteuil-design-terrasse-rappel-3735\\\/\",\"name\":\"FAUTEUIL DESIGN TERRASSE REMIND 3735 - Muebles de dise\u00f1o en Soluciones Contract\",\"isPartOf\":{\"@id\":\"https:\\\/\\\/solucionescontract.com\\\/#website\"},\"primaryImageOfPage\":{\"@id\":\"https:\\\/\\\/solucionescontract.com\\\/fr\\\/producto\\\/fauteuil-design-terrasse-rappel-3735\\\/#primaryimage\"},\"image\":{\"@id\":\"https:\\\/\\\/solucionescontract.com\\\/fr\\\/producto\\\/fauteuil-design-terrasse-rappel-3735\\\/#primaryimage\"},\"thumbnailUrl\":\"https:\\\/\\\/solucionescontract.com\\\/wp-content\\\/uploads\\\/2020\\\/04\\\/silla-dise\u00f1o-terraza-ROJA-Remind_3735-3.jpg\",\"datePublished\":\"2020-04-28T18:14:54+00:00\",\"dateModified\":\"2023-07-26T12:13:43+00:00\",\"description\":\"Compra FAUTEUIL DESIGN TERRASSE REMIND 3735 online en nuestra tienda de muebles Contract. Encuentra el mejor MOBILIARIO DE DISE\u00d1O para Hotel, Hogar y uso comercial. Descubre las mejores marcas en nuestro cat\u00e1logo.\",\"breadcrumb\":{\"@id\":\"https:\\\/\\\/solucionescontract.com\\\/fr\\\/producto\\\/fauteuil-design-terrasse-rappel-3735\\\/#breadcrumb\"},\"inLanguage\":\"fr-FR\",\"potentialAction\":[{\"@type\":\"ReadAction\",\"target\":[\"https:\\\/\\\/solucionescontract.com\\\/fr\\\/producto\\\/fauteuil-design-terrasse-rappel-3735\\\/\"]}]},{\"@type\":\"ImageObject\",\"inLanguage\":\"fr-FR\",\"@id\":\"https:\\\/\\\/solucionescontract.com\\\/fr\\\/producto\\\/fauteuil-design-terrasse-rappel-3735\\\/#primaryimage\",\"url\":\"https:\\\/\\\/solucionescontract.com\\\/wp-content\\\/uploads\\\/2020\\\/04\\\/silla-dise\u00f1o-terraza-ROJA-Remind_3735-3.jpg\",\"contentUrl\":\"https:\\\/\\\/solucionescontract.com\\\/wp-content\\\/uploads\\\/2020\\\/04\\\/silla-dise\u00f1o-terraza-ROJA-Remind_3735-3.jpg\",\"width\":1373,\"height\":1373},{\"@type\":\"BreadcrumbList\",\"@id\":\"https:\\\/\\\/solucionescontract.com\\\/fr\\\/producto\\\/fauteuil-design-terrasse-rappel-3735\\\/#breadcrumb\",\"itemListElement\":[{\"@type\":\"ListItem\",\"position\":1,\"name\":\"Inicio\",\"item\":\"https:\\\/\\\/solucionescontract.com\\\/\"},{\"@type\":\"ListItem\",\"position\":2,\"name\":\"Tienda mobiliario contract\",\"item\":\"https:\\\/\\\/solucionescontract.com\\\/tienda-mobiliario-contract\\\/\"},{\"@type\":\"ListItem\",\"position\":3,\"name\":\"Meubles de terrasse et de jardin\",\"item\":\"https:\\\/\\\/solucionescontract.com\\\/fr\\\/categoria-producto\\\/meubles-de-terrasse-et-de-jardin\\\/\"},{\"@type\":\"ListItem\",\"position\":4,\"name\":\"Chaises de terrasse\",\"item\":\"https:\\\/\\\/solucionescontract.com\\\/fr\\\/categoria-producto\\\/meubles-de-terrasse-et-de-jardin\\\/chaises-de-terrasse\\\/\"},{\"@type\":\"ListItem\",\"position\":5,\"name\":\"FAUTEUIL DESIGN TERRASSE REMIND 3735\"}]},{\"@type\":\"WebSite\",\"@id\":\"https:\\\/\\\/solucionescontract.com\\\/#website\",\"url\":\"https:\\\/\\\/solucionescontract.com\\\/\",\"name\":\"Soluciones Contract\",\"description\":\"Venta Mobiliario contract de dise\u00f1o\",\"publisher\":{\"@id\":\"https:\\\/\\\/solucionescontract.com\\\/#organization\"},\"potentialAction\":[{\"@type\":\"SearchAction\",\"target\":{\"@type\":\"EntryPoint\",\"urlTemplate\":\"https:\\\/\\\/solucionescontract.com\\\/?s={search_term_string}\"},\"query-input\":{\"@type\":\"PropertyValueSpecification\",\"valueRequired\":true,\"valueName\":\"search_term_string\"}}],\"inLanguage\":\"fr-FR\"},{\"@type\":\"Organization\",\"@id\":\"https:\\\/\\\/solucionescontract.com\\\/#organization\",\"name\":\"Soluciones Contract\",\"url\":\"https:\\\/\\\/solucionescontract.com\\\/\",\"logo\":{\"@type\":\"ImageObject\",\"inLanguage\":\"fr-FR\",\"@id\":\"https:\\\/\\\/solucionescontract.com\\\/#\\\/schema\\\/logo\\\/image\\\/\",\"url\":\"https:\\\/\\\/solucionescontract.com\\\/wp-content\\\/uploads\\\/2020\\\/02\\\/logoSC.jpg\",\"contentUrl\":\"https:\\\/\\\/solucionescontract.com\\\/wp-content\\\/uploads\\\/2020\\\/02\\\/logoSC.jpg\",\"width\":300,\"height\":125,\"caption\":\"Soluciones Contract\"},\"image\":{\"@id\":\"https:\\\/\\\/solucionescontract.com\\\/#\\\/schema\\\/logo\\\/image\\\/\"},\"sameAs\":[\"https:\\\/\\\/www.facebook.com\\\/solucionescontract\\\/\"]}]}<\/script>\n<!-- \/ Yoast SEO plugin. -->","yoast_head_json":{"title":"FAUTEUIL DESIGN TERRASSE REMIND 3735 - Muebles de dise\u00f1o en Soluciones Contract","description":"Compra FAUTEUIL DESIGN TERRASSE REMIND 3735 online en nuestra tienda de muebles Contract. Encuentra el mejor MOBILIARIO DE DISE\u00d1O para Hotel, Hogar y uso comercial. Descubre las mejores marcas en nuestro cat\u00e1logo.","robots":{"index":"index","follow":"follow","max-snippet":"max-snippet:-1","max-image-preview":"max-image-preview:large","max-video-preview":"max-video-preview:-1"},"canonical":"https:\/\/solucionescontract.com\/fr\/producto\/fauteuil-design-terrasse-rappel-3735\/","og_locale":"fr_FR","og_type":"article","og_title":"FAUTEUIL DESIGN TERRASSE REMIND 3735 - Muebles de dise\u00f1o en Soluciones Contract","og_description":"Compra FAUTEUIL DESIGN TERRASSE REMIND 3735 online en nuestra tienda de muebles Contract. Encuentra el mejor MOBILIARIO DE DISE\u00d1O para Hotel, Hogar y uso comercial. Descubre las mejores marcas en nuestro cat\u00e1logo.","og_url":"https:\/\/solucionescontract.com\/fr\/producto\/fauteuil-design-terrasse-rappel-3735\/","og_site_name":"Soluciones Contract","article_publisher":"https:\/\/www.facebook.com\/solucionescontract\/","article_modified_time":"2023-07-26T12:13:43+00:00","og_image":[{"width":1373,"height":1373,"url":"https:\/\/solucionescontract.com\/wp-content\/uploads\/2020\/04\/silla-dise\u00f1o-terraza-ROJA-Remind_3735-3.jpg","type":"image\/jpeg"}],"twitter_card":"summary_large_image","schema":{"@context":"https:\/\/schema.org","@graph":[{"@type":"WebPage","@id":"https:\/\/solucionescontract.com\/fr\/producto\/fauteuil-design-terrasse-rappel-3735\/","url":"https:\/\/solucionescontract.com\/fr\/producto\/fauteuil-design-terrasse-rappel-3735\/","name":"FAUTEUIL DESIGN TERRASSE REMIND 3735 - Muebles de dise\u00f1o en Soluciones Contract","isPartOf":{"@id":"https:\/\/solucionescontract.com\/#website"},"primaryImageOfPage":{"@id":"https:\/\/solucionescontract.com\/fr\/producto\/fauteuil-design-terrasse-rappel-3735\/#primaryimage"},"image":{"@id":"https:\/\/solucionescontract.com\/fr\/producto\/fauteuil-design-terrasse-rappel-3735\/#primaryimage"},"thumbnailUrl":"https:\/\/solucionescontract.com\/wp-content\/uploads\/2020\/04\/silla-dise\u00f1o-terraza-ROJA-Remind_3735-3.jpg","datePublished":"2020-04-28T18:14:54+00:00","dateModified":"2023-07-26T12:13:43+00:00","description":"Compra FAUTEUIL DESIGN TERRASSE REMIND 3735 online en nuestra tienda de muebles Contract. Encuentra el mejor MOBILIARIO DE DISE\u00d1O para Hotel, Hogar y uso comercial. Descubre las mejores marcas en nuestro cat\u00e1logo.","breadcrumb":{"@id":"https:\/\/solucionescontract.com\/fr\/producto\/fauteuil-design-terrasse-rappel-3735\/#breadcrumb"},"inLanguage":"fr-FR","potentialAction":[{"@type":"ReadAction","target":["https:\/\/solucionescontract.com\/fr\/producto\/fauteuil-design-terrasse-rappel-3735\/"]}]},{"@type":"ImageObject","inLanguage":"fr-FR","@id":"https:\/\/solucionescontract.com\/fr\/producto\/fauteuil-design-terrasse-rappel-3735\/#primaryimage","url":"https:\/\/solucionescontract.com\/wp-content\/uploads\/2020\/04\/silla-dise\u00f1o-terraza-ROJA-Remind_3735-3.jpg","contentUrl":"https:\/\/solucionescontract.com\/wp-content\/uploads\/2020\/04\/silla-dise\u00f1o-terraza-ROJA-Remind_3735-3.jpg","width":1373,"height":1373},{"@type":"BreadcrumbList","@id":"https:\/\/solucionescontract.com\/fr\/producto\/fauteuil-design-terrasse-rappel-3735\/#breadcrumb","itemListElement":[{"@type":"ListItem","position":1,"name":"Inicio","item":"https:\/\/solucionescontract.com\/"},{"@type":"ListItem","position":2,"name":"Tienda mobiliario contract","item":"https:\/\/solucionescontract.com\/tienda-mobiliario-contract\/"},{"@type":"ListItem","position":3,"name":"Meubles de terrasse et de jardin","item":"https:\/\/solucionescontract.com\/fr\/categoria-producto\/meubles-de-terrasse-et-de-jardin\/"},{"@type":"ListItem","position":4,"name":"Chaises de terrasse","item":"https:\/\/solucionescontract.com\/fr\/categoria-producto\/meubles-de-terrasse-et-de-jardin\/chaises-de-terrasse\/"},{"@type":"ListItem","position":5,"name":"FAUTEUIL DESIGN TERRASSE REMIND 3735"}]},{"@type":"WebSite","@id":"https:\/\/solucionescontract.com\/#website","url":"https:\/\/solucionescontract.com\/","name":"Soluciones Contract","description":"Venta Mobiliario contract de dise\u00f1o","publisher":{"@id":"https:\/\/solucionescontract.com\/#organization"},"potentialAction":[{"@type":"SearchAction","target":{"@type":"EntryPoint","urlTemplate":"https:\/\/solucionescontract.com\/?s={search_term_string}"},"query-input":{"@type":"PropertyValueSpecification","valueRequired":true,"valueName":"search_term_string"}}],"inLanguage":"fr-FR"},{"@type":"Organization","@id":"https:\/\/solucionescontract.com\/#organization","name":"Soluciones Contract","url":"https:\/\/solucionescontract.com\/","logo":{"@type":"ImageObject","inLanguage":"fr-FR","@id":"https:\/\/solucionescontract.com\/#\/schema\/logo\/image\/","url":"https:\/\/solucionescontract.com\/wp-content\/uploads\/2020\/02\/logoSC.jpg","contentUrl":"https:\/\/solucionescontract.com\/wp-content\/uploads\/2020\/02\/logoSC.jpg","width":300,"height":125,"caption":"Soluciones Contract"},"image":{"@id":"https:\/\/solucionescontract.com\/#\/schema\/logo\/image\/"},"sameAs":["https:\/\/www.facebook.com\/solucionescontract\/"]}]}},"_links":{"self":[{"href":"https:\/\/solucionescontract.com\/fr\/wp-json\/wp\/v2\/product\/18845","targetHints":{"allow":["GET"]}}],"collection":[{"href":"https:\/\/solucionescontract.com\/fr\/wp-json\/wp\/v2\/product"}],"about":[{"href":"https:\/\/solucionescontract.com\/fr\/wp-json\/wp\/v2\/types\/product"}],"replies":[{"embeddable":true,"href":"https:\/\/solucionescontract.com\/fr\/wp-json\/wp\/v2\/comments?post=18845"}],"wp:featuredmedia":[{"embeddable":true,"href":"https:\/\/solucionescontract.com\/fr\/wp-json\/wp\/v2\/media\/16480"}],"wp:attachment":[{"href":"https:\/\/solucionescontract.com\/fr\/wp-json\/wp\/v2\/media?parent=18845"}],"wp:term":[{"taxonomy":"product_brand","embeddable":true,"href":"https:\/\/solucionescontract.com\/fr\/wp-json\/wp\/v2\/product_brand?post=18845"},{"taxonomy":"product_cat","embeddable":true,"href":"https:\/\/solucionescontract.com\/fr\/wp-json\/wp\/v2\/product_cat?post=18845"},{"taxonomy":"product_tag","embeddable":true,"href":"https:\/\/solucionescontract.com\/fr\/wp-json\/wp\/v2\/product_tag?post=18845"}],"curies":[{"name":"wp","href":"https:\/\/api.w.org\/{rel}","templated":true}]}}