{"id":18838,"date":"2020-04-29T23:30:28","date_gmt":"2020-04-29T23:30:28","guid":{"rendered":"https:\/\/www.solucionescontract.com\/producto\/fauteuil-design-pour-terrasse-tatami-306\/"},"modified":"2021-01-11T13:51:57","modified_gmt":"2021-01-11T13:51:57","slug":"fauteuil-design-pour-terrasse-tatami-306","status":"publish","type":"product","link":"https:\/\/solucionescontract.com\/fr\/producto\/fauteuil-design-pour-terrasse-tatami-306\/","title":{"rendered":"FAUTEUIL DESIGN POUR TERRASSE TATAMI 306"},"content":{"rendered":"<h3> FAUTEUIL DESIGN POUR TERRASSE TATAMI 306 <\/h3>\n<p><a href=\"https:\/\/solucionescontract.com\/wp-content\/uploads\/2020\/04\/butaca-dise\u00f1o-terraza-Tatami-306-9.jpg\"><img decoding=\"async\" class=\" wd-lazy-fade alignnone wp-image-9305\" src=\"https:\/\/solucionescontract.com\/wp-content\/themes\/woodmart\/images\/lazy.svg\" data-src=\"https:\/\/solucionescontract.com\/wp-content\/uploads\/2020\/04\/butaca-dise\u00f1o-terraza-Tatami-306-9-300x162.jpg\" alt=\"\" width=\"400\" height=\"216\" srcset=\"\" data-srcset=\"https:\/\/solucionescontract.com\/wp-content\/uploads\/2020\/04\/butaca-dise\u00f1o-terraza-Tatami-306-9-300x162.jpg 300w, https:\/\/solucionescontract.com\/wp-content\/uploads\/2020\/04\/butaca-dise\u00f1o-terraza-Tatami-306-9-150x81.jpg 150w, https:\/\/solucionescontract.com\/wp-content\/uploads\/2020\/04\/butaca-dise\u00f1o-terraza-Tatami-306-9-800x432.jpg 800w, https:\/\/solucionescontract.com\/wp-content\/uploads\/2020\/04\/butaca-dise\u00f1o-terraza-Tatami-306-9-1024x553.jpg 1024w, https:\/\/solucionescontract.com\/wp-content\/uploads\/2020\/04\/butaca-dise\u00f1o-terraza-Tatami-306-9-768x415.jpg 768w, https:\/\/solucionescontract.com\/wp-content\/uploads\/2020\/04\/butaca-dise\u00f1o-terraza-Tatami-306-9-37x20.jpg 37w, https:\/\/solucionescontract.com\/wp-content\/uploads\/2020\/04\/butaca-dise\u00f1o-terraza-Tatami-306-9-111x60.jpg 111w, https:\/\/solucionescontract.com\/wp-content\/uploads\/2020\/04\/butaca-dise\u00f1o-terraza-Tatami-306-9.jpg 1056w\" sizes=\"(max-width: 400px) 100vw, 400px\" \/><\/a><\/script><\/p>\n","protected":false},"excerpt":{"rendered":"<ul>\n<li> Le fauteuil Tatami est en polypropyl\u00e8ne, l\u00e9ger mais en m\u00eame temps stable et r\u00e9sistant. <\/li>\n<li> Design italien et fabrication italienne. <\/li>\n<li> R\u00e9sistant aux rayons UV et \u00e0 l&rsquo;eau, il est id\u00e9al pour l&rsquo;ext\u00e9rieur. <\/li>\n<li> Empilable jusqu&rsquo;\u00e0 10 unit\u00e9s, 100% recyclable. <\/li>\n<li> Particuli\u00e8rement recommand\u00e9 pour l&rsquo;hospitalit\u00e9, l&rsquo;h\u00f4tel ou la maison. Couleurs disponibles: blanc, rouge, vert, marron, gris anthracite et sable. <\/li>\n<li> Commande minimum de 4 unit\u00e9s. <\/li>\n<\/ul>\n","protected":false},"featured_media":16498,"comment_status":"open","ping_status":"closed","template":"","meta":[],"product_brand":[],"product_cat":[589,583,581,607],"product_tag":[],"class_list":{"0":"post-18838","1":"product","2":"type-product","3":"status-publish","4":"has-post-thumbnail","6":"product_cat-chaises-de-terrasse","7":"product_cat-fauteuil-de-jardin","8":"product_cat-meubles-de-terrasse-et-de-jardin","9":"product_cat-meubles-pour-lhotellerie","10":"product_shipping_class-gratuit","11":"yith_product_brand-pedrali-fr","13":"first","14":"instock","15":"taxable","16":"shipping-taxable","17":"purchasable","18":"product-type-variable"},"yoast_head":"<!-- This site is optimized with the Yoast SEO plugin v27.3 - https:\/\/yoast.com\/product\/yoast-seo-wordpress\/ -->\n<title>FAUTEUIL DESIGN POUR TERRASSE TATAMI 306 - Muebles de dise\u00f1o en Soluciones Contract<\/title>\n<meta name=\"description\" content=\"Compra FAUTEUIL DESIGN POUR TERRASSE TATAMI 306 online en nuestra tienda de muebles Contract. Encuentra el mejor MOBILIARIO DE DISE\u00d1O para Hotel, Hogar y uso comercial. Descubre las mejores marcas en nuestro cat\u00e1logo.\" \/>\n<meta name=\"robots\" content=\"index, follow, max-snippet:-1, max-image-preview:large, max-video-preview:-1\" \/>\n<link rel=\"canonical\" href=\"https:\/\/solucionescontract.com\/producto\/butaca-diseno-para-terraza-tatami-306\/\" \/>\n<meta property=\"og:locale\" content=\"fr_FR\" \/>\n<meta property=\"og:type\" content=\"article\" \/>\n<meta property=\"og:title\" content=\"FAUTEUIL DESIGN POUR TERRASSE TATAMI 306 - Muebles de dise\u00f1o en Soluciones Contract\" \/>\n<meta property=\"og:description\" content=\"Compra FAUTEUIL DESIGN POUR TERRASSE TATAMI 306 online en nuestra tienda de muebles Contract. Encuentra el mejor MOBILIARIO DE DISE\u00d1O para Hotel, Hogar y uso comercial. Descubre las mejores marcas en nuestro cat\u00e1logo.\" \/>\n<meta property=\"og:url\" content=\"https:\/\/solucionescontract.com\/producto\/butaca-diseno-para-terraza-tatami-306\/\" \/>\n<meta property=\"og:site_name\" content=\"Soluciones Contract\" \/>\n<meta property=\"article:publisher\" content=\"https:\/\/www.facebook.com\/solucionescontract\/\" \/>\n<meta property=\"article:modified_time\" content=\"2021-01-11T13:51:57+00:00\" \/>\n<meta property=\"og:image\" content=\"https:\/\/solucionescontract.com\/wp-content\/uploads\/2020\/04\/butaca-dise\u00f1o-terraza-negra-Tatami-306-3.jpg\" \/>\n\t<meta property=\"og:image:width\" content=\"1373\" \/>\n\t<meta property=\"og:image:height\" content=\"1373\" \/>\n\t<meta property=\"og:image:type\" content=\"image\/jpeg\" \/>\n<meta name=\"twitter:card\" content=\"summary_large_image\" \/>\n<script type=\"application\/ld+json\" class=\"yoast-schema-graph\">{\"@context\":\"https:\\\/\\\/schema.org\",\"@graph\":[{\"@type\":\"WebPage\",\"@id\":\"https:\\\/\\\/solucionescontract.com\\\/producto\\\/butaca-diseno-para-terraza-tatami-306\\\/\",\"url\":\"https:\\\/\\\/solucionescontract.com\\\/producto\\\/butaca-diseno-para-terraza-tatami-306\\\/\",\"name\":\"FAUTEUIL DESIGN POUR TERRASSE TATAMI 306 - Muebles de dise\u00f1o en Soluciones Contract\",\"isPartOf\":{\"@id\":\"https:\\\/\\\/solucionescontract.com\\\/#website\"},\"primaryImageOfPage\":{\"@id\":\"https:\\\/\\\/solucionescontract.com\\\/producto\\\/butaca-diseno-para-terraza-tatami-306\\\/#primaryimage\"},\"image\":{\"@id\":\"https:\\\/\\\/solucionescontract.com\\\/producto\\\/butaca-diseno-para-terraza-tatami-306\\\/#primaryimage\"},\"thumbnailUrl\":\"https:\\\/\\\/solucionescontract.com\\\/wp-content\\\/uploads\\\/2020\\\/04\\\/butaca-dise\u00f1o-terraza-negra-Tatami-306-3.jpg\",\"datePublished\":\"2020-04-29T23:30:28+00:00\",\"dateModified\":\"2021-01-11T13:51:57+00:00\",\"description\":\"Compra FAUTEUIL DESIGN POUR TERRASSE TATAMI 306 online en nuestra tienda de muebles Contract. Encuentra el mejor MOBILIARIO DE DISE\u00d1O para Hotel, Hogar y uso comercial. Descubre las mejores marcas en nuestro cat\u00e1logo.\",\"breadcrumb\":{\"@id\":\"https:\\\/\\\/solucionescontract.com\\\/producto\\\/butaca-diseno-para-terraza-tatami-306\\\/#breadcrumb\"},\"inLanguage\":\"fr-FR\",\"potentialAction\":[{\"@type\":\"ReadAction\",\"target\":[\"https:\\\/\\\/solucionescontract.com\\\/producto\\\/butaca-diseno-para-terraza-tatami-306\\\/\"]}]},{\"@type\":\"ImageObject\",\"inLanguage\":\"fr-FR\",\"@id\":\"https:\\\/\\\/solucionescontract.com\\\/producto\\\/butaca-diseno-para-terraza-tatami-306\\\/#primaryimage\",\"url\":\"https:\\\/\\\/solucionescontract.com\\\/wp-content\\\/uploads\\\/2020\\\/04\\\/butaca-dise\u00f1o-terraza-negra-Tatami-306-3.jpg\",\"contentUrl\":\"https:\\\/\\\/solucionescontract.com\\\/wp-content\\\/uploads\\\/2020\\\/04\\\/butaca-dise\u00f1o-terraza-negra-Tatami-306-3.jpg\",\"width\":1373,\"height\":1373},{\"@type\":\"BreadcrumbList\",\"@id\":\"https:\\\/\\\/solucionescontract.com\\\/producto\\\/butaca-diseno-para-terraza-tatami-306\\\/#breadcrumb\",\"itemListElement\":[{\"@type\":\"ListItem\",\"position\":1,\"name\":\"Inicio\",\"item\":\"https:\\\/\\\/solucionescontract.com\\\/\"},{\"@type\":\"ListItem\",\"position\":2,\"name\":\"Tienda mobiliario contract\",\"item\":\"https:\\\/\\\/solucionescontract.com\\\/tienda-mobiliario-contract\\\/\"},{\"@type\":\"ListItem\",\"position\":3,\"name\":\"Mobiliario de Terraza y Jard\u00edn\",\"item\":\"https:\\\/\\\/solucionescontract.com\\\/categoria-producto\\\/mobiliario-de-terraza-y-jardin\\\/\"},{\"@type\":\"ListItem\",\"position\":4,\"name\":\"Sillas de terraza\",\"item\":\"https:\\\/\\\/solucionescontract.com\\\/categoria-producto\\\/mobiliario-de-terraza-y-jardin\\\/sillas-terraza\\\/\"},{\"@type\":\"ListItem\",\"position\":5,\"name\":\"Butaca Jard\u00edn\",\"item\":\"https:\\\/\\\/solucionescontract.com\\\/categoria-producto\\\/mobiliario-de-terraza-y-jardin\\\/sillas-terraza\\\/butaca-jardin\\\/\"},{\"@type\":\"ListItem\",\"position\":6,\"name\":\"FAUTEUIL DESIGN POUR TERRASSE TATAMI 306\"}]},{\"@type\":\"WebSite\",\"@id\":\"https:\\\/\\\/solucionescontract.com\\\/#website\",\"url\":\"https:\\\/\\\/solucionescontract.com\\\/\",\"name\":\"Soluciones Contract\",\"description\":\"Venta Mobiliario contract de dise\u00f1o\",\"publisher\":{\"@id\":\"https:\\\/\\\/solucionescontract.com\\\/#organization\"},\"potentialAction\":[{\"@type\":\"SearchAction\",\"target\":{\"@type\":\"EntryPoint\",\"urlTemplate\":\"https:\\\/\\\/solucionescontract.com\\\/?s={search_term_string}\"},\"query-input\":{\"@type\":\"PropertyValueSpecification\",\"valueRequired\":true,\"valueName\":\"search_term_string\"}}],\"inLanguage\":\"fr-FR\"},{\"@type\":\"Organization\",\"@id\":\"https:\\\/\\\/solucionescontract.com\\\/#organization\",\"name\":\"Soluciones Contract\",\"url\":\"https:\\\/\\\/solucionescontract.com\\\/\",\"logo\":{\"@type\":\"ImageObject\",\"inLanguage\":\"fr-FR\",\"@id\":\"https:\\\/\\\/solucionescontract.com\\\/#\\\/schema\\\/logo\\\/image\\\/\",\"url\":\"https:\\\/\\\/solucionescontract.com\\\/wp-content\\\/uploads\\\/2020\\\/02\\\/logoSC.jpg\",\"contentUrl\":\"https:\\\/\\\/solucionescontract.com\\\/wp-content\\\/uploads\\\/2020\\\/02\\\/logoSC.jpg\",\"width\":300,\"height\":125,\"caption\":\"Soluciones Contract\"},\"image\":{\"@id\":\"https:\\\/\\\/solucionescontract.com\\\/#\\\/schema\\\/logo\\\/image\\\/\"},\"sameAs\":[\"https:\\\/\\\/www.facebook.com\\\/solucionescontract\\\/\"]}]}<\/script>\n<!-- \/ Yoast SEO plugin. -->","yoast_head_json":{"title":"FAUTEUIL DESIGN POUR TERRASSE TATAMI 306 - Muebles de dise\u00f1o en Soluciones Contract","description":"Compra FAUTEUIL DESIGN POUR TERRASSE TATAMI 306 online en nuestra tienda de muebles Contract. Encuentra el mejor MOBILIARIO DE DISE\u00d1O para Hotel, Hogar y uso comercial. Descubre las mejores marcas en nuestro cat\u00e1logo.","robots":{"index":"index","follow":"follow","max-snippet":"max-snippet:-1","max-image-preview":"max-image-preview:large","max-video-preview":"max-video-preview:-1"},"canonical":"https:\/\/solucionescontract.com\/producto\/butaca-diseno-para-terraza-tatami-306\/","og_locale":"fr_FR","og_type":"article","og_title":"FAUTEUIL DESIGN POUR TERRASSE TATAMI 306 - Muebles de dise\u00f1o en Soluciones Contract","og_description":"Compra FAUTEUIL DESIGN POUR TERRASSE TATAMI 306 online en nuestra tienda de muebles Contract. Encuentra el mejor MOBILIARIO DE DISE\u00d1O para Hotel, Hogar y uso comercial. Descubre las mejores marcas en nuestro cat\u00e1logo.","og_url":"https:\/\/solucionescontract.com\/producto\/butaca-diseno-para-terraza-tatami-306\/","og_site_name":"Soluciones Contract","article_publisher":"https:\/\/www.facebook.com\/solucionescontract\/","article_modified_time":"2021-01-11T13:51:57+00:00","og_image":[{"width":1373,"height":1373,"url":"https:\/\/solucionescontract.com\/wp-content\/uploads\/2020\/04\/butaca-dise\u00f1o-terraza-negra-Tatami-306-3.jpg","type":"image\/jpeg"}],"twitter_card":"summary_large_image","schema":{"@context":"https:\/\/schema.org","@graph":[{"@type":"WebPage","@id":"https:\/\/solucionescontract.com\/producto\/butaca-diseno-para-terraza-tatami-306\/","url":"https:\/\/solucionescontract.com\/producto\/butaca-diseno-para-terraza-tatami-306\/","name":"FAUTEUIL DESIGN POUR TERRASSE TATAMI 306 - Muebles de dise\u00f1o en Soluciones Contract","isPartOf":{"@id":"https:\/\/solucionescontract.com\/#website"},"primaryImageOfPage":{"@id":"https:\/\/solucionescontract.com\/producto\/butaca-diseno-para-terraza-tatami-306\/#primaryimage"},"image":{"@id":"https:\/\/solucionescontract.com\/producto\/butaca-diseno-para-terraza-tatami-306\/#primaryimage"},"thumbnailUrl":"https:\/\/solucionescontract.com\/wp-content\/uploads\/2020\/04\/butaca-dise\u00f1o-terraza-negra-Tatami-306-3.jpg","datePublished":"2020-04-29T23:30:28+00:00","dateModified":"2021-01-11T13:51:57+00:00","description":"Compra FAUTEUIL DESIGN POUR TERRASSE TATAMI 306 online en nuestra tienda de muebles Contract. Encuentra el mejor MOBILIARIO DE DISE\u00d1O para Hotel, Hogar y uso comercial. Descubre las mejores marcas en nuestro cat\u00e1logo.","breadcrumb":{"@id":"https:\/\/solucionescontract.com\/producto\/butaca-diseno-para-terraza-tatami-306\/#breadcrumb"},"inLanguage":"fr-FR","potentialAction":[{"@type":"ReadAction","target":["https:\/\/solucionescontract.com\/producto\/butaca-diseno-para-terraza-tatami-306\/"]}]},{"@type":"ImageObject","inLanguage":"fr-FR","@id":"https:\/\/solucionescontract.com\/producto\/butaca-diseno-para-terraza-tatami-306\/#primaryimage","url":"https:\/\/solucionescontract.com\/wp-content\/uploads\/2020\/04\/butaca-dise\u00f1o-terraza-negra-Tatami-306-3.jpg","contentUrl":"https:\/\/solucionescontract.com\/wp-content\/uploads\/2020\/04\/butaca-dise\u00f1o-terraza-negra-Tatami-306-3.jpg","width":1373,"height":1373},{"@type":"BreadcrumbList","@id":"https:\/\/solucionescontract.com\/producto\/butaca-diseno-para-terraza-tatami-306\/#breadcrumb","itemListElement":[{"@type":"ListItem","position":1,"name":"Inicio","item":"https:\/\/solucionescontract.com\/"},{"@type":"ListItem","position":2,"name":"Tienda mobiliario contract","item":"https:\/\/solucionescontract.com\/tienda-mobiliario-contract\/"},{"@type":"ListItem","position":3,"name":"Mobiliario de Terraza y Jard\u00edn","item":"https:\/\/solucionescontract.com\/categoria-producto\/mobiliario-de-terraza-y-jardin\/"},{"@type":"ListItem","position":4,"name":"Sillas de terraza","item":"https:\/\/solucionescontract.com\/categoria-producto\/mobiliario-de-terraza-y-jardin\/sillas-terraza\/"},{"@type":"ListItem","position":5,"name":"Butaca Jard\u00edn","item":"https:\/\/solucionescontract.com\/categoria-producto\/mobiliario-de-terraza-y-jardin\/sillas-terraza\/butaca-jardin\/"},{"@type":"ListItem","position":6,"name":"FAUTEUIL DESIGN POUR TERRASSE TATAMI 306"}]},{"@type":"WebSite","@id":"https:\/\/solucionescontract.com\/#website","url":"https:\/\/solucionescontract.com\/","name":"Soluciones Contract","description":"Venta Mobiliario contract de dise\u00f1o","publisher":{"@id":"https:\/\/solucionescontract.com\/#organization"},"potentialAction":[{"@type":"SearchAction","target":{"@type":"EntryPoint","urlTemplate":"https:\/\/solucionescontract.com\/?s={search_term_string}"},"query-input":{"@type":"PropertyValueSpecification","valueRequired":true,"valueName":"search_term_string"}}],"inLanguage":"fr-FR"},{"@type":"Organization","@id":"https:\/\/solucionescontract.com\/#organization","name":"Soluciones Contract","url":"https:\/\/solucionescontract.com\/","logo":{"@type":"ImageObject","inLanguage":"fr-FR","@id":"https:\/\/solucionescontract.com\/#\/schema\/logo\/image\/","url":"https:\/\/solucionescontract.com\/wp-content\/uploads\/2020\/02\/logoSC.jpg","contentUrl":"https:\/\/solucionescontract.com\/wp-content\/uploads\/2020\/02\/logoSC.jpg","width":300,"height":125,"caption":"Soluciones Contract"},"image":{"@id":"https:\/\/solucionescontract.com\/#\/schema\/logo\/image\/"},"sameAs":["https:\/\/www.facebook.com\/solucionescontract\/"]}]}},"_links":{"self":[{"href":"https:\/\/solucionescontract.com\/fr\/wp-json\/wp\/v2\/product\/18838","targetHints":{"allow":["GET"]}}],"collection":[{"href":"https:\/\/solucionescontract.com\/fr\/wp-json\/wp\/v2\/product"}],"about":[{"href":"https:\/\/solucionescontract.com\/fr\/wp-json\/wp\/v2\/types\/product"}],"replies":[{"embeddable":true,"href":"https:\/\/solucionescontract.com\/fr\/wp-json\/wp\/v2\/comments?post=18838"}],"wp:featuredmedia":[{"embeddable":true,"href":"https:\/\/solucionescontract.com\/fr\/wp-json\/wp\/v2\/media\/16498"}],"wp:attachment":[{"href":"https:\/\/solucionescontract.com\/fr\/wp-json\/wp\/v2\/media?parent=18838"}],"wp:term":[{"taxonomy":"product_brand","embeddable":true,"href":"https:\/\/solucionescontract.com\/fr\/wp-json\/wp\/v2\/product_brand?post=18838"},{"taxonomy":"product_cat","embeddable":true,"href":"https:\/\/solucionescontract.com\/fr\/wp-json\/wp\/v2\/product_cat?post=18838"},{"taxonomy":"product_tag","embeddable":true,"href":"https:\/\/solucionescontract.com\/fr\/wp-json\/wp\/v2\/product_tag?post=18838"}],"curies":[{"name":"wp","href":"https:\/\/api.w.org\/{rel}","templated":true}]}}