{"id":18828,"date":"2020-05-08T22:15:00","date_gmt":"2020-05-08T22:15:00","guid":{"rendered":"https:\/\/www.solucionescontract.com\/producto\/chaise-empilable-pour-terrasse-tatami\/"},"modified":"2021-01-11T13:51:47","modified_gmt":"2021-01-11T13:51:47","slug":"chaise-empilable-pour-terrasse-tatami","status":"publish","type":"product","link":"https:\/\/solucionescontract.com\/fr\/producto\/chaise-empilable-pour-terrasse-tatami\/","title":{"rendered":"CHAISE EMPILABLE POUR TERRASSE TATAMI"},"content":{"rendered":"<p> CHAISE EMPILABLE POUR TERRASSE TATAMI <\/p>\n<p> <a href=\"https:\/\/solucionescontract.com\/wp-content\/uploads\/2020\/05\/CHAIR-APILABLE-TERRAZA-TATAMI-FICHA-TECNICA.jpg\"> <img class = \"alignnone wp -image-9408 \"src =\" https:\/\/solucionescontract.com\/wp-content\/uploads\/2020\/05\/SILLA-APILABLE-TERRAZA-TATAMI-FICHA-TECNICA-300x152.jpg \"alt =\" \"width = \"400\" height = \"203\" \/> <\/a> <\/p>\n<p><\/script><\/p>\n","protected":false},"excerpt":{"rendered":"<ul>\n<li> La chaise design Tatami est en polypropyl\u00e8ne, l\u00e9g\u00e8re mais en m\u00eame temps stable et r\u00e9sistante. <\/li>\n<li> Design italien et fabrication italienne. Il se caract\u00e9rise par la mosa\u00efque d\u00e9contract\u00e9e de l&rsquo;assise et du dossier. <\/li>\n<li> R\u00e9sistant aux rayons UV et \u00e0 l&rsquo;eau, il est id\u00e9al pour l&rsquo;ext\u00e9rieur. <\/li>\n<li> Empilable jusqu&rsquo;\u00e0 10 unit\u00e9s, 100% recyclable. <\/li>\n<li> Particuli\u00e8rement recommand\u00e9 pour les auberges, les h\u00f4tels ou les particuliers. Couleurs disponibles: blanc, rouge, vert, marron, gris anthracite et sable. <\/li>\n<li> Commande minimum de 4 unit\u00e9s. <\/li>\n<\/ul>\n","protected":false},"featured_media":16524,"comment_status":"open","ping_status":"closed","template":"","meta":[],"product_brand":[],"product_cat":[589,581,607],"product_tag":[],"class_list":{"0":"post-18828","1":"product","2":"type-product","3":"status-publish","4":"has-post-thumbnail","6":"product_cat-chaises-de-terrasse","7":"product_cat-meubles-de-terrasse-et-de-jardin","8":"product_cat-meubles-pour-lhotellerie","9":"product_shipping_class-gratuit","10":"yith_product_brand-pedrali-fr","12":"first","13":"instock","14":"taxable","15":"shipping-taxable","16":"purchasable","17":"product-type-variable"},"yoast_head":"<!-- This site is optimized with the Yoast SEO plugin v27.3 - https:\/\/yoast.com\/product\/yoast-seo-wordpress\/ -->\n<title>CHAISE EMPILABLE POUR TERRASSE TATAMI - Muebles de dise\u00f1o en Soluciones Contract<\/title>\n<meta name=\"description\" content=\"Compra CHAISE EMPILABLE POUR TERRASSE TATAMI online en nuestra tienda de muebles Contract. Encuentra el mejor MOBILIARIO DE DISE\u00d1O para Hotel, Hogar y uso comercial. Descubre las mejores marcas en nuestro cat\u00e1logo.\" \/>\n<meta name=\"robots\" content=\"index, follow, max-snippet:-1, max-image-preview:large, max-video-preview:-1\" \/>\n<link rel=\"canonical\" href=\"https:\/\/solucionescontract.com\/fr\/producto\/chaise-empilable-pour-terrasse-tatami\/\" \/>\n<meta property=\"og:locale\" content=\"fr_FR\" \/>\n<meta property=\"og:type\" content=\"article\" \/>\n<meta property=\"og:title\" content=\"CHAISE EMPILABLE POUR TERRASSE TATAMI - Muebles de dise\u00f1o en Soluciones Contract\" \/>\n<meta property=\"og:description\" content=\"Compra CHAISE EMPILABLE POUR TERRASSE TATAMI online en nuestra tienda de muebles Contract. Encuentra el mejor MOBILIARIO DE DISE\u00d1O para Hotel, Hogar y uso comercial. Descubre las mejores marcas en nuestro cat\u00e1logo.\" \/>\n<meta property=\"og:url\" content=\"https:\/\/solucionescontract.com\/fr\/producto\/chaise-empilable-pour-terrasse-tatami\/\" \/>\n<meta property=\"og:site_name\" content=\"Soluciones Contract\" \/>\n<meta property=\"article:publisher\" content=\"https:\/\/www.facebook.com\/solucionescontract\/\" \/>\n<meta property=\"article:modified_time\" content=\"2021-01-11T13:51:47+00:00\" \/>\n<meta property=\"og:image\" content=\"https:\/\/solucionescontract.com\/wp-content\/uploads\/2020\/05\/SILLA-APILABLE-TERRAZA-TATAMI-COLOR-NEGRO.jpg\" \/>\n\t<meta property=\"og:image:width\" content=\"1373\" \/>\n\t<meta property=\"og:image:height\" content=\"1373\" \/>\n\t<meta property=\"og:image:type\" content=\"image\/jpeg\" \/>\n<meta name=\"twitter:card\" content=\"summary_large_image\" \/>\n<script type=\"application\/ld+json\" class=\"yoast-schema-graph\">{\"@context\":\"https:\\\/\\\/schema.org\",\"@graph\":[{\"@type\":\"WebPage\",\"@id\":\"https:\\\/\\\/solucionescontract.com\\\/fr\\\/producto\\\/chaise-empilable-pour-terrasse-tatami\\\/\",\"url\":\"https:\\\/\\\/solucionescontract.com\\\/fr\\\/producto\\\/chaise-empilable-pour-terrasse-tatami\\\/\",\"name\":\"CHAISE EMPILABLE POUR TERRASSE TATAMI - Muebles de dise\u00f1o en Soluciones Contract\",\"isPartOf\":{\"@id\":\"https:\\\/\\\/solucionescontract.com\\\/#website\"},\"primaryImageOfPage\":{\"@id\":\"https:\\\/\\\/solucionescontract.com\\\/fr\\\/producto\\\/chaise-empilable-pour-terrasse-tatami\\\/#primaryimage\"},\"image\":{\"@id\":\"https:\\\/\\\/solucionescontract.com\\\/fr\\\/producto\\\/chaise-empilable-pour-terrasse-tatami\\\/#primaryimage\"},\"thumbnailUrl\":\"https:\\\/\\\/solucionescontract.com\\\/wp-content\\\/uploads\\\/2020\\\/05\\\/SILLA-APILABLE-TERRAZA-TATAMI-COLOR-NEGRO.jpg\",\"datePublished\":\"2020-05-08T22:15:00+00:00\",\"dateModified\":\"2021-01-11T13:51:47+00:00\",\"description\":\"Compra CHAISE EMPILABLE POUR TERRASSE TATAMI online en nuestra tienda de muebles Contract. Encuentra el mejor MOBILIARIO DE DISE\u00d1O para Hotel, Hogar y uso comercial. Descubre las mejores marcas en nuestro cat\u00e1logo.\",\"breadcrumb\":{\"@id\":\"https:\\\/\\\/solucionescontract.com\\\/fr\\\/producto\\\/chaise-empilable-pour-terrasse-tatami\\\/#breadcrumb\"},\"inLanguage\":\"fr-FR\",\"potentialAction\":[{\"@type\":\"ReadAction\",\"target\":[\"https:\\\/\\\/solucionescontract.com\\\/fr\\\/producto\\\/chaise-empilable-pour-terrasse-tatami\\\/\"]}]},{\"@type\":\"ImageObject\",\"inLanguage\":\"fr-FR\",\"@id\":\"https:\\\/\\\/solucionescontract.com\\\/fr\\\/producto\\\/chaise-empilable-pour-terrasse-tatami\\\/#primaryimage\",\"url\":\"https:\\\/\\\/solucionescontract.com\\\/wp-content\\\/uploads\\\/2020\\\/05\\\/SILLA-APILABLE-TERRAZA-TATAMI-COLOR-NEGRO.jpg\",\"contentUrl\":\"https:\\\/\\\/solucionescontract.com\\\/wp-content\\\/uploads\\\/2020\\\/05\\\/SILLA-APILABLE-TERRAZA-TATAMI-COLOR-NEGRO.jpg\",\"width\":1373,\"height\":1373},{\"@type\":\"BreadcrumbList\",\"@id\":\"https:\\\/\\\/solucionescontract.com\\\/fr\\\/producto\\\/chaise-empilable-pour-terrasse-tatami\\\/#breadcrumb\",\"itemListElement\":[{\"@type\":\"ListItem\",\"position\":1,\"name\":\"Inicio\",\"item\":\"https:\\\/\\\/solucionescontract.com\\\/\"},{\"@type\":\"ListItem\",\"position\":2,\"name\":\"Tienda mobiliario contract\",\"item\":\"https:\\\/\\\/solucionescontract.com\\\/tienda-mobiliario-contract\\\/\"},{\"@type\":\"ListItem\",\"position\":3,\"name\":\"Meubles de terrasse et de jardin\",\"item\":\"https:\\\/\\\/solucionescontract.com\\\/fr\\\/categoria-producto\\\/meubles-de-terrasse-et-de-jardin\\\/\"},{\"@type\":\"ListItem\",\"position\":4,\"name\":\"Chaises de terrasse\",\"item\":\"https:\\\/\\\/solucionescontract.com\\\/fr\\\/categoria-producto\\\/meubles-de-terrasse-et-de-jardin\\\/chaises-de-terrasse\\\/\"},{\"@type\":\"ListItem\",\"position\":5,\"name\":\"CHAISE EMPILABLE POUR TERRASSE TATAMI\"}]},{\"@type\":\"WebSite\",\"@id\":\"https:\\\/\\\/solucionescontract.com\\\/#website\",\"url\":\"https:\\\/\\\/solucionescontract.com\\\/\",\"name\":\"Soluciones Contract\",\"description\":\"Venta Mobiliario contract de dise\u00f1o\",\"publisher\":{\"@id\":\"https:\\\/\\\/solucionescontract.com\\\/#organization\"},\"potentialAction\":[{\"@type\":\"SearchAction\",\"target\":{\"@type\":\"EntryPoint\",\"urlTemplate\":\"https:\\\/\\\/solucionescontract.com\\\/?s={search_term_string}\"},\"query-input\":{\"@type\":\"PropertyValueSpecification\",\"valueRequired\":true,\"valueName\":\"search_term_string\"}}],\"inLanguage\":\"fr-FR\"},{\"@type\":\"Organization\",\"@id\":\"https:\\\/\\\/solucionescontract.com\\\/#organization\",\"name\":\"Soluciones Contract\",\"url\":\"https:\\\/\\\/solucionescontract.com\\\/\",\"logo\":{\"@type\":\"ImageObject\",\"inLanguage\":\"fr-FR\",\"@id\":\"https:\\\/\\\/solucionescontract.com\\\/#\\\/schema\\\/logo\\\/image\\\/\",\"url\":\"https:\\\/\\\/solucionescontract.com\\\/wp-content\\\/uploads\\\/2020\\\/02\\\/logoSC.jpg\",\"contentUrl\":\"https:\\\/\\\/solucionescontract.com\\\/wp-content\\\/uploads\\\/2020\\\/02\\\/logoSC.jpg\",\"width\":300,\"height\":125,\"caption\":\"Soluciones Contract\"},\"image\":{\"@id\":\"https:\\\/\\\/solucionescontract.com\\\/#\\\/schema\\\/logo\\\/image\\\/\"},\"sameAs\":[\"https:\\\/\\\/www.facebook.com\\\/solucionescontract\\\/\"]}]}<\/script>\n<!-- \/ Yoast SEO plugin. -->","yoast_head_json":{"title":"CHAISE EMPILABLE POUR TERRASSE TATAMI - Muebles de dise\u00f1o en Soluciones Contract","description":"Compra CHAISE EMPILABLE POUR TERRASSE TATAMI online en nuestra tienda de muebles Contract. Encuentra el mejor MOBILIARIO DE DISE\u00d1O para Hotel, Hogar y uso comercial. Descubre las mejores marcas en nuestro cat\u00e1logo.","robots":{"index":"index","follow":"follow","max-snippet":"max-snippet:-1","max-image-preview":"max-image-preview:large","max-video-preview":"max-video-preview:-1"},"canonical":"https:\/\/solucionescontract.com\/fr\/producto\/chaise-empilable-pour-terrasse-tatami\/","og_locale":"fr_FR","og_type":"article","og_title":"CHAISE EMPILABLE POUR TERRASSE TATAMI - Muebles de dise\u00f1o en Soluciones Contract","og_description":"Compra CHAISE EMPILABLE POUR TERRASSE TATAMI online en nuestra tienda de muebles Contract. Encuentra el mejor MOBILIARIO DE DISE\u00d1O para Hotel, Hogar y uso comercial. Descubre las mejores marcas en nuestro cat\u00e1logo.","og_url":"https:\/\/solucionescontract.com\/fr\/producto\/chaise-empilable-pour-terrasse-tatami\/","og_site_name":"Soluciones Contract","article_publisher":"https:\/\/www.facebook.com\/solucionescontract\/","article_modified_time":"2021-01-11T13:51:47+00:00","og_image":[{"width":1373,"height":1373,"url":"https:\/\/solucionescontract.com\/wp-content\/uploads\/2020\/05\/SILLA-APILABLE-TERRAZA-TATAMI-COLOR-NEGRO.jpg","type":"image\/jpeg"}],"twitter_card":"summary_large_image","schema":{"@context":"https:\/\/schema.org","@graph":[{"@type":"WebPage","@id":"https:\/\/solucionescontract.com\/fr\/producto\/chaise-empilable-pour-terrasse-tatami\/","url":"https:\/\/solucionescontract.com\/fr\/producto\/chaise-empilable-pour-terrasse-tatami\/","name":"CHAISE EMPILABLE POUR TERRASSE TATAMI - Muebles de dise\u00f1o en Soluciones Contract","isPartOf":{"@id":"https:\/\/solucionescontract.com\/#website"},"primaryImageOfPage":{"@id":"https:\/\/solucionescontract.com\/fr\/producto\/chaise-empilable-pour-terrasse-tatami\/#primaryimage"},"image":{"@id":"https:\/\/solucionescontract.com\/fr\/producto\/chaise-empilable-pour-terrasse-tatami\/#primaryimage"},"thumbnailUrl":"https:\/\/solucionescontract.com\/wp-content\/uploads\/2020\/05\/SILLA-APILABLE-TERRAZA-TATAMI-COLOR-NEGRO.jpg","datePublished":"2020-05-08T22:15:00+00:00","dateModified":"2021-01-11T13:51:47+00:00","description":"Compra CHAISE EMPILABLE POUR TERRASSE TATAMI online en nuestra tienda de muebles Contract. Encuentra el mejor MOBILIARIO DE DISE\u00d1O para Hotel, Hogar y uso comercial. Descubre las mejores marcas en nuestro cat\u00e1logo.","breadcrumb":{"@id":"https:\/\/solucionescontract.com\/fr\/producto\/chaise-empilable-pour-terrasse-tatami\/#breadcrumb"},"inLanguage":"fr-FR","potentialAction":[{"@type":"ReadAction","target":["https:\/\/solucionescontract.com\/fr\/producto\/chaise-empilable-pour-terrasse-tatami\/"]}]},{"@type":"ImageObject","inLanguage":"fr-FR","@id":"https:\/\/solucionescontract.com\/fr\/producto\/chaise-empilable-pour-terrasse-tatami\/#primaryimage","url":"https:\/\/solucionescontract.com\/wp-content\/uploads\/2020\/05\/SILLA-APILABLE-TERRAZA-TATAMI-COLOR-NEGRO.jpg","contentUrl":"https:\/\/solucionescontract.com\/wp-content\/uploads\/2020\/05\/SILLA-APILABLE-TERRAZA-TATAMI-COLOR-NEGRO.jpg","width":1373,"height":1373},{"@type":"BreadcrumbList","@id":"https:\/\/solucionescontract.com\/fr\/producto\/chaise-empilable-pour-terrasse-tatami\/#breadcrumb","itemListElement":[{"@type":"ListItem","position":1,"name":"Inicio","item":"https:\/\/solucionescontract.com\/"},{"@type":"ListItem","position":2,"name":"Tienda mobiliario contract","item":"https:\/\/solucionescontract.com\/tienda-mobiliario-contract\/"},{"@type":"ListItem","position":3,"name":"Meubles de terrasse et de jardin","item":"https:\/\/solucionescontract.com\/fr\/categoria-producto\/meubles-de-terrasse-et-de-jardin\/"},{"@type":"ListItem","position":4,"name":"Chaises de terrasse","item":"https:\/\/solucionescontract.com\/fr\/categoria-producto\/meubles-de-terrasse-et-de-jardin\/chaises-de-terrasse\/"},{"@type":"ListItem","position":5,"name":"CHAISE EMPILABLE POUR TERRASSE TATAMI"}]},{"@type":"WebSite","@id":"https:\/\/solucionescontract.com\/#website","url":"https:\/\/solucionescontract.com\/","name":"Soluciones Contract","description":"Venta Mobiliario contract de dise\u00f1o","publisher":{"@id":"https:\/\/solucionescontract.com\/#organization"},"potentialAction":[{"@type":"SearchAction","target":{"@type":"EntryPoint","urlTemplate":"https:\/\/solucionescontract.com\/?s={search_term_string}"},"query-input":{"@type":"PropertyValueSpecification","valueRequired":true,"valueName":"search_term_string"}}],"inLanguage":"fr-FR"},{"@type":"Organization","@id":"https:\/\/solucionescontract.com\/#organization","name":"Soluciones Contract","url":"https:\/\/solucionescontract.com\/","logo":{"@type":"ImageObject","inLanguage":"fr-FR","@id":"https:\/\/solucionescontract.com\/#\/schema\/logo\/image\/","url":"https:\/\/solucionescontract.com\/wp-content\/uploads\/2020\/02\/logoSC.jpg","contentUrl":"https:\/\/solucionescontract.com\/wp-content\/uploads\/2020\/02\/logoSC.jpg","width":300,"height":125,"caption":"Soluciones Contract"},"image":{"@id":"https:\/\/solucionescontract.com\/#\/schema\/logo\/image\/"},"sameAs":["https:\/\/www.facebook.com\/solucionescontract\/"]}]}},"_links":{"self":[{"href":"https:\/\/solucionescontract.com\/fr\/wp-json\/wp\/v2\/product\/18828","targetHints":{"allow":["GET"]}}],"collection":[{"href":"https:\/\/solucionescontract.com\/fr\/wp-json\/wp\/v2\/product"}],"about":[{"href":"https:\/\/solucionescontract.com\/fr\/wp-json\/wp\/v2\/types\/product"}],"replies":[{"embeddable":true,"href":"https:\/\/solucionescontract.com\/fr\/wp-json\/wp\/v2\/comments?post=18828"}],"wp:featuredmedia":[{"embeddable":true,"href":"https:\/\/solucionescontract.com\/fr\/wp-json\/wp\/v2\/media\/16524"}],"wp:attachment":[{"href":"https:\/\/solucionescontract.com\/fr\/wp-json\/wp\/v2\/media?parent=18828"}],"wp:term":[{"taxonomy":"product_brand","embeddable":true,"href":"https:\/\/solucionescontract.com\/fr\/wp-json\/wp\/v2\/product_brand?post=18828"},{"taxonomy":"product_cat","embeddable":true,"href":"https:\/\/solucionescontract.com\/fr\/wp-json\/wp\/v2\/product_cat?post=18828"},{"taxonomy":"product_tag","embeddable":true,"href":"https:\/\/solucionescontract.com\/fr\/wp-json\/wp\/v2\/product_tag?post=18828"}],"curies":[{"name":"wp","href":"https:\/\/api.w.org\/{rel}","templated":true}]}}