{"id":18820,"date":"2020-05-09T18:48:07","date_gmt":"2020-05-09T18:48:07","guid":{"rendered":"https:\/\/www.solucionescontract.com\/producto\/base-mur-distributeur-hydroalcool\/"},"modified":"2021-01-11T13:51:19","modified_gmt":"2021-01-11T13:51:19","slug":"base-mur-distributeur-hydroalcool","status":"publish","type":"product","link":"https:\/\/solucionescontract.com\/fr\/producto\/base-mur-distributeur-hydroalcool\/","title":{"rendered":"DISTRIBUTEUR D&rsquo;HYDROALCOOL \u00c0 BASE MURALE"},"content":{"rendered":"<h3> DISTRIBUTEUR D&rsquo;HYDROALCOOL \u00c0 BASE MURALE <\/h3>\n<p> Support: constitu\u00e9 d&rsquo;une seule pi\u00e8ce de t\u00f4le d&rsquo;acier de 2 mm. <\/p>\n<p> Couleurs disponibles: <\/p>\n<p> Noir, ral 9005 <br \/>\nArgent, ral 7035 <br \/>\nBlanc, ral 9103 <\/p>\n<p> Installation: Murale <br \/>\nDimensions: H: 460 x A: 220 x P: 120 mm. <\/p>\n<p> Signalisation au moyen d&rsquo;un pictogramme sp\u00e9cifique. <\/p>\n<p>&nbsp;<\/p>\n<p><\/script><\/p>\n","protected":false},"excerpt":{"rendered":"<ul>\n<li> Fabriqu\u00e9 en acier monobloc. Pictogramme sp\u00e9cifique en haut. <\/li>\n<li> Robustesse et durabilit\u00e9 maximales. <\/li>\n<li> Finition de peinture textur\u00e9e cuite au four. <\/li>\n<li> Distributeur \u00e9lectronique pour gel hydroalcoolique. Comprend quatre piles AA \/ LR6 1.5v. <\/li>\n<li> Livr\u00e9 sans gel hydroalcoolique. <\/li>\n<\/ul>\n","protected":false},"featured_media":16568,"comment_status":"open","ping_status":"closed","template":"","meta":[],"product_brand":[],"product_cat":[523,527],"product_tag":[744],"class_list":{"0":"post-18820","1":"product","2":"type-product","3":"status-publish","4":"has-post-thumbnail","6":"product_cat-accessoires-de-lhotel","7":"product_cat-protection-contre-le-covid","8":"product_tag-proteccion-e-higiene-covid-19-fr","9":"product_shipping_class-gratuit","11":"first","12":"instock","13":"taxable","14":"shipping-taxable","15":"purchasable","16":"product-type-variable"},"yoast_head":"<!-- This site is optimized with the Yoast SEO plugin v27.3 - https:\/\/yoast.com\/product\/yoast-seo-wordpress\/ -->\n<title>DISTRIBUTEUR D&#039;HYDROALCOOL \u00c0 BASE MURALE - Muebles de dise\u00f1o en Soluciones Contract<\/title>\n<meta name=\"description\" content=\"Compra DISTRIBUTEUR D&#039;HYDROALCOOL \u00c0 BASE MURALE online en nuestra tienda de muebles Contract. Encuentra el mejor MOBILIARIO DE DISE\u00d1O para Hotel, Hogar y uso comercial. Descubre las mejores marcas en nuestro cat\u00e1logo.\" \/>\n<meta name=\"robots\" content=\"index, follow, max-snippet:-1, max-image-preview:large, max-video-preview:-1\" \/>\n<link rel=\"canonical\" href=\"https:\/\/solucionescontract.com\/fr\/producto\/base-mur-distributeur-hydroalcool\/\" \/>\n<meta property=\"og:locale\" content=\"fr_FR\" \/>\n<meta property=\"og:type\" content=\"article\" \/>\n<meta property=\"og:title\" content=\"DISTRIBUTEUR D&#039;HYDROALCOOL \u00c0 BASE MURALE - Muebles de dise\u00f1o en Soluciones Contract\" \/>\n<meta property=\"og:description\" content=\"Compra DISTRIBUTEUR D&#039;HYDROALCOOL \u00c0 BASE MURALE online en nuestra tienda de muebles Contract. Encuentra el mejor MOBILIARIO DE DISE\u00d1O para Hotel, Hogar y uso comercial. Descubre las mejores marcas en nuestro cat\u00e1logo.\" \/>\n<meta property=\"og:url\" content=\"https:\/\/solucionescontract.com\/fr\/producto\/base-mur-distributeur-hydroalcool\/\" \/>\n<meta property=\"og:site_name\" content=\"Soluciones Contract\" \/>\n<meta property=\"article:publisher\" content=\"https:\/\/www.facebook.com\/solucionescontract\/\" \/>\n<meta property=\"article:modified_time\" content=\"2021-01-11T13:51:19+00:00\" \/>\n<meta property=\"og:image\" content=\"https:\/\/solucionescontract.com\/wp-content\/uploads\/2020\/05\/limpieza-manos-automatico-mural-min.jpg\" \/>\n\t<meta property=\"og:image:width\" content=\"1500\" \/>\n\t<meta property=\"og:image:height\" content=\"1500\" \/>\n\t<meta property=\"og:image:type\" content=\"image\/jpeg\" \/>\n<meta name=\"twitter:card\" content=\"summary_large_image\" \/>\n<script type=\"application\/ld+json\" class=\"yoast-schema-graph\">{\"@context\":\"https:\\\/\\\/schema.org\",\"@graph\":[{\"@type\":\"WebPage\",\"@id\":\"https:\\\/\\\/solucionescontract.com\\\/fr\\\/producto\\\/base-mur-distributeur-hydroalcool\\\/\",\"url\":\"https:\\\/\\\/solucionescontract.com\\\/fr\\\/producto\\\/base-mur-distributeur-hydroalcool\\\/\",\"name\":\"DISTRIBUTEUR D'HYDROALCOOL \u00c0 BASE MURALE - Muebles de dise\u00f1o en Soluciones Contract\",\"isPartOf\":{\"@id\":\"https:\\\/\\\/solucionescontract.com\\\/#website\"},\"primaryImageOfPage\":{\"@id\":\"https:\\\/\\\/solucionescontract.com\\\/fr\\\/producto\\\/base-mur-distributeur-hydroalcool\\\/#primaryimage\"},\"image\":{\"@id\":\"https:\\\/\\\/solucionescontract.com\\\/fr\\\/producto\\\/base-mur-distributeur-hydroalcool\\\/#primaryimage\"},\"thumbnailUrl\":\"https:\\\/\\\/solucionescontract.com\\\/wp-content\\\/uploads\\\/2020\\\/05\\\/limpieza-manos-automatico-mural-min.jpg\",\"datePublished\":\"2020-05-09T18:48:07+00:00\",\"dateModified\":\"2021-01-11T13:51:19+00:00\",\"description\":\"Compra DISTRIBUTEUR D'HYDROALCOOL \u00c0 BASE MURALE online en nuestra tienda de muebles Contract. Encuentra el mejor MOBILIARIO DE DISE\u00d1O para Hotel, Hogar y uso comercial. Descubre las mejores marcas en nuestro cat\u00e1logo.\",\"breadcrumb\":{\"@id\":\"https:\\\/\\\/solucionescontract.com\\\/fr\\\/producto\\\/base-mur-distributeur-hydroalcool\\\/#breadcrumb\"},\"inLanguage\":\"fr-FR\",\"potentialAction\":[{\"@type\":\"ReadAction\",\"target\":[\"https:\\\/\\\/solucionescontract.com\\\/fr\\\/producto\\\/base-mur-distributeur-hydroalcool\\\/\"]}]},{\"@type\":\"ImageObject\",\"inLanguage\":\"fr-FR\",\"@id\":\"https:\\\/\\\/solucionescontract.com\\\/fr\\\/producto\\\/base-mur-distributeur-hydroalcool\\\/#primaryimage\",\"url\":\"https:\\\/\\\/solucionescontract.com\\\/wp-content\\\/uploads\\\/2020\\\/05\\\/limpieza-manos-automatico-mural-min.jpg\",\"contentUrl\":\"https:\\\/\\\/solucionescontract.com\\\/wp-content\\\/uploads\\\/2020\\\/05\\\/limpieza-manos-automatico-mural-min.jpg\",\"width\":1500,\"height\":1500},{\"@type\":\"BreadcrumbList\",\"@id\":\"https:\\\/\\\/solucionescontract.com\\\/fr\\\/producto\\\/base-mur-distributeur-hydroalcool\\\/#breadcrumb\",\"itemListElement\":[{\"@type\":\"ListItem\",\"position\":1,\"name\":\"Inicio\",\"item\":\"https:\\\/\\\/solucionescontract.com\\\/\"},{\"@type\":\"ListItem\",\"position\":2,\"name\":\"Tienda mobiliario contract\",\"item\":\"https:\\\/\\\/solucionescontract.com\\\/tienda-mobiliario-contract\\\/\"},{\"@type\":\"ListItem\",\"position\":3,\"name\":\"Accessoires de l&#039;h\u00f4tel\",\"item\":\"https:\\\/\\\/solucionescontract.com\\\/fr\\\/categoria-producto\\\/accessoires-de-lhotel\\\/\"},{\"@type\":\"ListItem\",\"position\":4,\"name\":\"Protection contre le covid\",\"item\":\"https:\\\/\\\/solucionescontract.com\\\/fr\\\/categoria-producto\\\/accessoires-de-lhotel\\\/protection-contre-le-covid\\\/\"},{\"@type\":\"ListItem\",\"position\":5,\"name\":\"DISTRIBUTEUR D&rsquo;HYDROALCOOL \u00c0 BASE MURALE\"}]},{\"@type\":\"WebSite\",\"@id\":\"https:\\\/\\\/solucionescontract.com\\\/#website\",\"url\":\"https:\\\/\\\/solucionescontract.com\\\/\",\"name\":\"Soluciones Contract\",\"description\":\"Venta Mobiliario contract de dise\u00f1o\",\"publisher\":{\"@id\":\"https:\\\/\\\/solucionescontract.com\\\/#organization\"},\"potentialAction\":[{\"@type\":\"SearchAction\",\"target\":{\"@type\":\"EntryPoint\",\"urlTemplate\":\"https:\\\/\\\/solucionescontract.com\\\/?s={search_term_string}\"},\"query-input\":{\"@type\":\"PropertyValueSpecification\",\"valueRequired\":true,\"valueName\":\"search_term_string\"}}],\"inLanguage\":\"fr-FR\"},{\"@type\":\"Organization\",\"@id\":\"https:\\\/\\\/solucionescontract.com\\\/#organization\",\"name\":\"Soluciones Contract\",\"url\":\"https:\\\/\\\/solucionescontract.com\\\/\",\"logo\":{\"@type\":\"ImageObject\",\"inLanguage\":\"fr-FR\",\"@id\":\"https:\\\/\\\/solucionescontract.com\\\/#\\\/schema\\\/logo\\\/image\\\/\",\"url\":\"https:\\\/\\\/solucionescontract.com\\\/wp-content\\\/uploads\\\/2020\\\/02\\\/logoSC.jpg\",\"contentUrl\":\"https:\\\/\\\/solucionescontract.com\\\/wp-content\\\/uploads\\\/2020\\\/02\\\/logoSC.jpg\",\"width\":300,\"height\":125,\"caption\":\"Soluciones Contract\"},\"image\":{\"@id\":\"https:\\\/\\\/solucionescontract.com\\\/#\\\/schema\\\/logo\\\/image\\\/\"},\"sameAs\":[\"https:\\\/\\\/www.facebook.com\\\/solucionescontract\\\/\"]}]}<\/script>\n<!-- \/ Yoast SEO plugin. -->","yoast_head_json":{"title":"DISTRIBUTEUR D'HYDROALCOOL \u00c0 BASE MURALE - Muebles de dise\u00f1o en Soluciones Contract","description":"Compra DISTRIBUTEUR D'HYDROALCOOL \u00c0 BASE MURALE online en nuestra tienda de muebles Contract. Encuentra el mejor MOBILIARIO DE DISE\u00d1O para Hotel, Hogar y uso comercial. Descubre las mejores marcas en nuestro cat\u00e1logo.","robots":{"index":"index","follow":"follow","max-snippet":"max-snippet:-1","max-image-preview":"max-image-preview:large","max-video-preview":"max-video-preview:-1"},"canonical":"https:\/\/solucionescontract.com\/fr\/producto\/base-mur-distributeur-hydroalcool\/","og_locale":"fr_FR","og_type":"article","og_title":"DISTRIBUTEUR D'HYDROALCOOL \u00c0 BASE MURALE - Muebles de dise\u00f1o en Soluciones Contract","og_description":"Compra DISTRIBUTEUR D'HYDROALCOOL \u00c0 BASE MURALE online en nuestra tienda de muebles Contract. Encuentra el mejor MOBILIARIO DE DISE\u00d1O para Hotel, Hogar y uso comercial. Descubre las mejores marcas en nuestro cat\u00e1logo.","og_url":"https:\/\/solucionescontract.com\/fr\/producto\/base-mur-distributeur-hydroalcool\/","og_site_name":"Soluciones Contract","article_publisher":"https:\/\/www.facebook.com\/solucionescontract\/","article_modified_time":"2021-01-11T13:51:19+00:00","og_image":[{"width":1500,"height":1500,"url":"https:\/\/solucionescontract.com\/wp-content\/uploads\/2020\/05\/limpieza-manos-automatico-mural-min.jpg","type":"image\/jpeg"}],"twitter_card":"summary_large_image","schema":{"@context":"https:\/\/schema.org","@graph":[{"@type":"WebPage","@id":"https:\/\/solucionescontract.com\/fr\/producto\/base-mur-distributeur-hydroalcool\/","url":"https:\/\/solucionescontract.com\/fr\/producto\/base-mur-distributeur-hydroalcool\/","name":"DISTRIBUTEUR D'HYDROALCOOL \u00c0 BASE MURALE - Muebles de dise\u00f1o en Soluciones Contract","isPartOf":{"@id":"https:\/\/solucionescontract.com\/#website"},"primaryImageOfPage":{"@id":"https:\/\/solucionescontract.com\/fr\/producto\/base-mur-distributeur-hydroalcool\/#primaryimage"},"image":{"@id":"https:\/\/solucionescontract.com\/fr\/producto\/base-mur-distributeur-hydroalcool\/#primaryimage"},"thumbnailUrl":"https:\/\/solucionescontract.com\/wp-content\/uploads\/2020\/05\/limpieza-manos-automatico-mural-min.jpg","datePublished":"2020-05-09T18:48:07+00:00","dateModified":"2021-01-11T13:51:19+00:00","description":"Compra DISTRIBUTEUR D'HYDROALCOOL \u00c0 BASE MURALE online en nuestra tienda de muebles Contract. Encuentra el mejor MOBILIARIO DE DISE\u00d1O para Hotel, Hogar y uso comercial. Descubre las mejores marcas en nuestro cat\u00e1logo.","breadcrumb":{"@id":"https:\/\/solucionescontract.com\/fr\/producto\/base-mur-distributeur-hydroalcool\/#breadcrumb"},"inLanguage":"fr-FR","potentialAction":[{"@type":"ReadAction","target":["https:\/\/solucionescontract.com\/fr\/producto\/base-mur-distributeur-hydroalcool\/"]}]},{"@type":"ImageObject","inLanguage":"fr-FR","@id":"https:\/\/solucionescontract.com\/fr\/producto\/base-mur-distributeur-hydroalcool\/#primaryimage","url":"https:\/\/solucionescontract.com\/wp-content\/uploads\/2020\/05\/limpieza-manos-automatico-mural-min.jpg","contentUrl":"https:\/\/solucionescontract.com\/wp-content\/uploads\/2020\/05\/limpieza-manos-automatico-mural-min.jpg","width":1500,"height":1500},{"@type":"BreadcrumbList","@id":"https:\/\/solucionescontract.com\/fr\/producto\/base-mur-distributeur-hydroalcool\/#breadcrumb","itemListElement":[{"@type":"ListItem","position":1,"name":"Inicio","item":"https:\/\/solucionescontract.com\/"},{"@type":"ListItem","position":2,"name":"Tienda mobiliario contract","item":"https:\/\/solucionescontract.com\/tienda-mobiliario-contract\/"},{"@type":"ListItem","position":3,"name":"Accessoires de l&#039;h\u00f4tel","item":"https:\/\/solucionescontract.com\/fr\/categoria-producto\/accessoires-de-lhotel\/"},{"@type":"ListItem","position":4,"name":"Protection contre le covid","item":"https:\/\/solucionescontract.com\/fr\/categoria-producto\/accessoires-de-lhotel\/protection-contre-le-covid\/"},{"@type":"ListItem","position":5,"name":"DISTRIBUTEUR D&rsquo;HYDROALCOOL \u00c0 BASE MURALE"}]},{"@type":"WebSite","@id":"https:\/\/solucionescontract.com\/#website","url":"https:\/\/solucionescontract.com\/","name":"Soluciones Contract","description":"Venta Mobiliario contract de dise\u00f1o","publisher":{"@id":"https:\/\/solucionescontract.com\/#organization"},"potentialAction":[{"@type":"SearchAction","target":{"@type":"EntryPoint","urlTemplate":"https:\/\/solucionescontract.com\/?s={search_term_string}"},"query-input":{"@type":"PropertyValueSpecification","valueRequired":true,"valueName":"search_term_string"}}],"inLanguage":"fr-FR"},{"@type":"Organization","@id":"https:\/\/solucionescontract.com\/#organization","name":"Soluciones Contract","url":"https:\/\/solucionescontract.com\/","logo":{"@type":"ImageObject","inLanguage":"fr-FR","@id":"https:\/\/solucionescontract.com\/#\/schema\/logo\/image\/","url":"https:\/\/solucionescontract.com\/wp-content\/uploads\/2020\/02\/logoSC.jpg","contentUrl":"https:\/\/solucionescontract.com\/wp-content\/uploads\/2020\/02\/logoSC.jpg","width":300,"height":125,"caption":"Soluciones Contract"},"image":{"@id":"https:\/\/solucionescontract.com\/#\/schema\/logo\/image\/"},"sameAs":["https:\/\/www.facebook.com\/solucionescontract\/"]}]}},"_links":{"self":[{"href":"https:\/\/solucionescontract.com\/fr\/wp-json\/wp\/v2\/product\/18820","targetHints":{"allow":["GET"]}}],"collection":[{"href":"https:\/\/solucionescontract.com\/fr\/wp-json\/wp\/v2\/product"}],"about":[{"href":"https:\/\/solucionescontract.com\/fr\/wp-json\/wp\/v2\/types\/product"}],"replies":[{"embeddable":true,"href":"https:\/\/solucionescontract.com\/fr\/wp-json\/wp\/v2\/comments?post=18820"}],"wp:featuredmedia":[{"embeddable":true,"href":"https:\/\/solucionescontract.com\/fr\/wp-json\/wp\/v2\/media\/16568"}],"wp:attachment":[{"href":"https:\/\/solucionescontract.com\/fr\/wp-json\/wp\/v2\/media?parent=18820"}],"wp:term":[{"taxonomy":"product_brand","embeddable":true,"href":"https:\/\/solucionescontract.com\/fr\/wp-json\/wp\/v2\/product_brand?post=18820"},{"taxonomy":"product_cat","embeddable":true,"href":"https:\/\/solucionescontract.com\/fr\/wp-json\/wp\/v2\/product_cat?post=18820"},{"taxonomy":"product_tag","embeddable":true,"href":"https:\/\/solucionescontract.com\/fr\/wp-json\/wp\/v2\/product_tag?post=18820"}],"curies":[{"name":"wp","href":"https:\/\/api.w.org\/{rel}","templated":true}]}}