{"id":18743,"date":"2020-05-25T19:39:23","date_gmt":"2020-05-25T19:39:23","guid":{"rendered":"https:\/\/www.solucionescontract.com\/producto\/canape-reva_d-3-places\/"},"modified":"2021-01-04T12:20:02","modified_gmt":"2021-01-04T12:20:02","slug":"canape-reva_d-3-places","status":"publish","type":"product","link":"https:\/\/solucionescontract.com\/fr\/producto\/canape-reva_d-3-places\/","title":{"rendered":"SOFA REVA_D 3 SI\u00c8GES"},"content":{"rendered":"<p>Canap\u00e9 d&rsquo;ext\u00e9rieur Reva_D 3 places.<\/p>\n<p>Avec un cadre en aluminium extrud\u00e9 anodis\u00e9 avec quatre pieds coniques en fonte d&rsquo;aluminium.<\/p>\n<p>Coussins en polyur\u00e9thane expans\u00e9 doubl\u00e9s de tissu imperm\u00e9able.<br \/>\n<a href=\"https:\/\/solucionescontract.com\/wp-content\/uploads\/2020\/05\/sofa-para-exterior-REVA-acabados-disponibles.jpg\"><img decoding=\"async\" class=\" wd-lazy-fade alignnone wp-image-9811 size-medium\" src=\"https:\/\/solucionescontract.com\/wp-content\/themes\/woodmart\/images\/lazy.svg\" data-src=\"https:\/\/solucionescontract.com\/wp-content\/uploads\/2020\/05\/sofa-para-exterior-REVA-acabados-disponibles-300x116.jpg\" alt=\"\" width=\"300\" height=\"116\" srcset=\"\" data-srcset=\"https:\/\/solucionescontract.com\/wp-content\/uploads\/2020\/05\/sofa-para-exterior-REVA-acabados-disponibles-300x116.jpg 300w, https:\/\/solucionescontract.com\/wp-content\/uploads\/2020\/05\/sofa-para-exterior-REVA-acabados-disponibles-150x58.jpg 150w, https:\/\/solucionescontract.com\/wp-content\/uploads\/2020\/05\/sofa-para-exterior-REVA-acabados-disponibles-800x308.jpg 800w, https:\/\/solucionescontract.com\/wp-content\/uploads\/2020\/05\/sofa-para-exterior-REVA-acabados-disponibles-1024x395.jpg 1024w, https:\/\/solucionescontract.com\/wp-content\/uploads\/2020\/05\/sofa-para-exterior-REVA-acabados-disponibles-768x296.jpg 768w, https:\/\/solucionescontract.com\/wp-content\/uploads\/2020\/05\/sofa-para-exterior-REVA-acabados-disponibles.jpg 1417w\" sizes=\"(max-width: 300px) 100vw, 300px\" \/><\/a><\/p>\n<p><a href=\"https:\/\/solucionescontract.com\/wp-content\/uploads\/2020\/05\/sofa-para-exterior-REVA-ficha-tecnica.pdf\"> fiche technique du canap\u00e9 d&rsquo;ext\u00e9rieur REVA <\/a><\/script><\/p>\n","protected":false},"excerpt":{"rendered":"<ul>\n<li style = \"text-align: justify;\"> Canap\u00e9 con\u00e7u par Patrick Jouin pour la marque de meubles italienne Pedrali. <\/li>\n<li style = \"text-align: justify;\"> Con\u00e7u pour une utilisation en ext\u00e9rieur, ce canap\u00e9 cherche \u00e0 cr\u00e9er un espace de d\u00e9tente o\u00f9 qu&rsquo;il soit, \u00e0 la fois dans les espaces publics, les h\u00f4tels, les bureaux, les maisons rurales &#8230; et \u00e0 la maison . <\/li>\n<li style = \"text-align: justify;\"> Il a un cadre en aluminium anodis\u00e9 et des coussins en tissu d\u00e9perlant. <\/li>\n<li style = \"text-align: justify;\"> Le cadre se termine en blanc et sable. <\/li>\n<\/ul>\n<p>&#038; nbsp;<\/p>\n<h1 id = \"page-title\"> <\/h1>\n","protected":false},"featured_media":16724,"comment_status":"open","ping_status":"closed","template":"","meta":[],"product_brand":[],"product_cat":[591,581],"product_tag":[679],"class_list":{"0":"post-18743","1":"product","2":"type-product","3":"status-publish","4":"has-post-thumbnail","6":"product_cat-canape-dexterieur","7":"product_cat-meubles-de-terrasse-et-de-jardin","8":"product_tag-exterior-interior","9":"product_shipping_class-gratuit","10":"yith_product_brand-pedrali-fr","12":"first","13":"instock","14":"taxable","15":"shipping-taxable","16":"purchasable","17":"product-type-variable"},"yoast_head":"<!-- This site is optimized with the Yoast SEO plugin v27.3 - https:\/\/yoast.com\/product\/yoast-seo-wordpress\/ -->\n<title>SOFA REVA_D 3 SI\u00c8GES - Muebles de dise\u00f1o en Soluciones Contract<\/title>\n<meta name=\"description\" content=\"Achetez SOFA REVA_D 3 SI\u00c8GES en ligne dans notre magasin de meubles Contract. Trouvez le meilleur mobilier design pour un usage h\u00f4telier, domestique et commercial.\" \/>\n<meta name=\"robots\" content=\"index, follow, max-snippet:-1, max-image-preview:large, max-video-preview:-1\" \/>\n<link rel=\"canonical\" href=\"https:\/\/solucionescontract.com\/fr\/producto\/canape-reva_d-3-places\/\" \/>\n<meta property=\"og:locale\" content=\"fr_FR\" \/>\n<meta property=\"og:type\" content=\"article\" \/>\n<meta property=\"og:title\" content=\"SOFA REVA_D 3 SI\u00c8GES - Muebles de dise\u00f1o en Soluciones Contract\" \/>\n<meta property=\"og:description\" content=\"Achetez SOFA REVA_D 3 SI\u00c8GES en ligne dans notre magasin de meubles Contract. Trouvez le meilleur mobilier design pour un usage h\u00f4telier, domestique et commercial.\" \/>\n<meta property=\"og:url\" content=\"https:\/\/solucionescontract.com\/fr\/producto\/canape-reva_d-3-places\/\" \/>\n<meta property=\"og:site_name\" content=\"Soluciones Contract\" \/>\n<meta property=\"article:publisher\" content=\"https:\/\/www.facebook.com\/solucionescontract\/\" \/>\n<meta property=\"article:modified_time\" content=\"2021-01-04T12:20:02+00:00\" \/>\n<meta property=\"og:image\" content=\"https:\/\/solucionescontract.com\/wp-content\/uploads\/2020\/05\/sofa-para-exterior-REVA-2.jpg\" \/>\n\t<meta property=\"og:image:width\" content=\"1755\" \/>\n\t<meta property=\"og:image:height\" content=\"1755\" \/>\n\t<meta property=\"og:image:type\" content=\"image\/jpeg\" \/>\n<meta name=\"twitter:card\" content=\"summary_large_image\" \/>\n<script type=\"application\/ld+json\" class=\"yoast-schema-graph\">{\"@context\":\"https:\\\/\\\/schema.org\",\"@graph\":[{\"@type\":\"WebPage\",\"@id\":\"https:\\\/\\\/solucionescontract.com\\\/fr\\\/producto\\\/canape-reva_d-3-places\\\/\",\"url\":\"https:\\\/\\\/solucionescontract.com\\\/fr\\\/producto\\\/canape-reva_d-3-places\\\/\",\"name\":\"SOFA REVA_D 3 SI\u00c8GES - Muebles de dise\u00f1o en Soluciones Contract\",\"isPartOf\":{\"@id\":\"https:\\\/\\\/solucionescontract.com\\\/#website\"},\"primaryImageOfPage\":{\"@id\":\"https:\\\/\\\/solucionescontract.com\\\/fr\\\/producto\\\/canape-reva_d-3-places\\\/#primaryimage\"},\"image\":{\"@id\":\"https:\\\/\\\/solucionescontract.com\\\/fr\\\/producto\\\/canape-reva_d-3-places\\\/#primaryimage\"},\"thumbnailUrl\":\"https:\\\/\\\/solucionescontract.com\\\/wp-content\\\/uploads\\\/2020\\\/05\\\/sofa-para-exterior-REVA-2.jpg\",\"datePublished\":\"2020-05-25T19:39:23+00:00\",\"dateModified\":\"2021-01-04T12:20:02+00:00\",\"description\":\"Achetez SOFA REVA_D 3 SI\u00c8GES en ligne dans notre magasin de meubles Contract. Trouvez le meilleur mobilier design pour un usage h\u00f4telier, domestique et commercial.\",\"breadcrumb\":{\"@id\":\"https:\\\/\\\/solucionescontract.com\\\/fr\\\/producto\\\/canape-reva_d-3-places\\\/#breadcrumb\"},\"inLanguage\":\"fr-FR\",\"potentialAction\":[{\"@type\":\"ReadAction\",\"target\":[\"https:\\\/\\\/solucionescontract.com\\\/fr\\\/producto\\\/canape-reva_d-3-places\\\/\"]}]},{\"@type\":\"ImageObject\",\"inLanguage\":\"fr-FR\",\"@id\":\"https:\\\/\\\/solucionescontract.com\\\/fr\\\/producto\\\/canape-reva_d-3-places\\\/#primaryimage\",\"url\":\"https:\\\/\\\/solucionescontract.com\\\/wp-content\\\/uploads\\\/2020\\\/05\\\/sofa-para-exterior-REVA-2.jpg\",\"contentUrl\":\"https:\\\/\\\/solucionescontract.com\\\/wp-content\\\/uploads\\\/2020\\\/05\\\/sofa-para-exterior-REVA-2.jpg\",\"width\":1755,\"height\":1755,\"caption\":\"sof\u00e1.reva.exterior.3plazas\"},{\"@type\":\"BreadcrumbList\",\"@id\":\"https:\\\/\\\/solucionescontract.com\\\/fr\\\/producto\\\/canape-reva_d-3-places\\\/#breadcrumb\",\"itemListElement\":[{\"@type\":\"ListItem\",\"position\":1,\"name\":\"Inicio\",\"item\":\"https:\\\/\\\/solucionescontract.com\\\/\"},{\"@type\":\"ListItem\",\"position\":2,\"name\":\"Tienda mobiliario contract\",\"item\":\"https:\\\/\\\/solucionescontract.com\\\/tienda-mobiliario-contract\\\/\"},{\"@type\":\"ListItem\",\"position\":3,\"name\":\"Meubles de terrasse et de jardin\",\"item\":\"https:\\\/\\\/solucionescontract.com\\\/fr\\\/categoria-producto\\\/meubles-de-terrasse-et-de-jardin\\\/\"},{\"@type\":\"ListItem\",\"position\":4,\"name\":\"Canap\u00e9 d'ext\u00e9rieur\",\"item\":\"https:\\\/\\\/solucionescontract.com\\\/fr\\\/categoria-producto\\\/meubles-de-terrasse-et-de-jardin\\\/canape-dexterieur\\\/\"},{\"@type\":\"ListItem\",\"position\":5,\"name\":\"SOFA REVA_D 3 SI\u00c8GES\"}]},{\"@type\":\"WebSite\",\"@id\":\"https:\\\/\\\/solucionescontract.com\\\/#website\",\"url\":\"https:\\\/\\\/solucionescontract.com\\\/\",\"name\":\"Soluciones Contract\",\"description\":\"Venta Mobiliario contract de dise\u00f1o\",\"publisher\":{\"@id\":\"https:\\\/\\\/solucionescontract.com\\\/#organization\"},\"potentialAction\":[{\"@type\":\"SearchAction\",\"target\":{\"@type\":\"EntryPoint\",\"urlTemplate\":\"https:\\\/\\\/solucionescontract.com\\\/?s={search_term_string}\"},\"query-input\":{\"@type\":\"PropertyValueSpecification\",\"valueRequired\":true,\"valueName\":\"search_term_string\"}}],\"inLanguage\":\"fr-FR\"},{\"@type\":\"Organization\",\"@id\":\"https:\\\/\\\/solucionescontract.com\\\/#organization\",\"name\":\"Soluciones Contract\",\"url\":\"https:\\\/\\\/solucionescontract.com\\\/\",\"logo\":{\"@type\":\"ImageObject\",\"inLanguage\":\"fr-FR\",\"@id\":\"https:\\\/\\\/solucionescontract.com\\\/#\\\/schema\\\/logo\\\/image\\\/\",\"url\":\"https:\\\/\\\/solucionescontract.com\\\/wp-content\\\/uploads\\\/2020\\\/02\\\/logoSC.jpg\",\"contentUrl\":\"https:\\\/\\\/solucionescontract.com\\\/wp-content\\\/uploads\\\/2020\\\/02\\\/logoSC.jpg\",\"width\":300,\"height\":125,\"caption\":\"Soluciones Contract\"},\"image\":{\"@id\":\"https:\\\/\\\/solucionescontract.com\\\/#\\\/schema\\\/logo\\\/image\\\/\"},\"sameAs\":[\"https:\\\/\\\/www.facebook.com\\\/solucionescontract\\\/\"]}]}<\/script>\n<!-- \/ Yoast SEO plugin. -->","yoast_head_json":{"title":"SOFA REVA_D 3 SI\u00c8GES - Muebles de dise\u00f1o en Soluciones Contract","description":"Achetez SOFA REVA_D 3 SI\u00c8GES en ligne dans notre magasin de meubles Contract. Trouvez le meilleur mobilier design pour un usage h\u00f4telier, domestique et commercial.","robots":{"index":"index","follow":"follow","max-snippet":"max-snippet:-1","max-image-preview":"max-image-preview:large","max-video-preview":"max-video-preview:-1"},"canonical":"https:\/\/solucionescontract.com\/fr\/producto\/canape-reva_d-3-places\/","og_locale":"fr_FR","og_type":"article","og_title":"SOFA REVA_D 3 SI\u00c8GES - Muebles de dise\u00f1o en Soluciones Contract","og_description":"Achetez SOFA REVA_D 3 SI\u00c8GES en ligne dans notre magasin de meubles Contract. Trouvez le meilleur mobilier design pour un usage h\u00f4telier, domestique et commercial.","og_url":"https:\/\/solucionescontract.com\/fr\/producto\/canape-reva_d-3-places\/","og_site_name":"Soluciones Contract","article_publisher":"https:\/\/www.facebook.com\/solucionescontract\/","article_modified_time":"2021-01-04T12:20:02+00:00","og_image":[{"width":1755,"height":1755,"url":"https:\/\/solucionescontract.com\/wp-content\/uploads\/2020\/05\/sofa-para-exterior-REVA-2.jpg","type":"image\/jpeg"}],"twitter_card":"summary_large_image","schema":{"@context":"https:\/\/schema.org","@graph":[{"@type":"WebPage","@id":"https:\/\/solucionescontract.com\/fr\/producto\/canape-reva_d-3-places\/","url":"https:\/\/solucionescontract.com\/fr\/producto\/canape-reva_d-3-places\/","name":"SOFA REVA_D 3 SI\u00c8GES - Muebles de dise\u00f1o en Soluciones Contract","isPartOf":{"@id":"https:\/\/solucionescontract.com\/#website"},"primaryImageOfPage":{"@id":"https:\/\/solucionescontract.com\/fr\/producto\/canape-reva_d-3-places\/#primaryimage"},"image":{"@id":"https:\/\/solucionescontract.com\/fr\/producto\/canape-reva_d-3-places\/#primaryimage"},"thumbnailUrl":"https:\/\/solucionescontract.com\/wp-content\/uploads\/2020\/05\/sofa-para-exterior-REVA-2.jpg","datePublished":"2020-05-25T19:39:23+00:00","dateModified":"2021-01-04T12:20:02+00:00","description":"Achetez SOFA REVA_D 3 SI\u00c8GES en ligne dans notre magasin de meubles Contract. Trouvez le meilleur mobilier design pour un usage h\u00f4telier, domestique et commercial.","breadcrumb":{"@id":"https:\/\/solucionescontract.com\/fr\/producto\/canape-reva_d-3-places\/#breadcrumb"},"inLanguage":"fr-FR","potentialAction":[{"@type":"ReadAction","target":["https:\/\/solucionescontract.com\/fr\/producto\/canape-reva_d-3-places\/"]}]},{"@type":"ImageObject","inLanguage":"fr-FR","@id":"https:\/\/solucionescontract.com\/fr\/producto\/canape-reva_d-3-places\/#primaryimage","url":"https:\/\/solucionescontract.com\/wp-content\/uploads\/2020\/05\/sofa-para-exterior-REVA-2.jpg","contentUrl":"https:\/\/solucionescontract.com\/wp-content\/uploads\/2020\/05\/sofa-para-exterior-REVA-2.jpg","width":1755,"height":1755,"caption":"sof\u00e1.reva.exterior.3plazas"},{"@type":"BreadcrumbList","@id":"https:\/\/solucionescontract.com\/fr\/producto\/canape-reva_d-3-places\/#breadcrumb","itemListElement":[{"@type":"ListItem","position":1,"name":"Inicio","item":"https:\/\/solucionescontract.com\/"},{"@type":"ListItem","position":2,"name":"Tienda mobiliario contract","item":"https:\/\/solucionescontract.com\/tienda-mobiliario-contract\/"},{"@type":"ListItem","position":3,"name":"Meubles de terrasse et de jardin","item":"https:\/\/solucionescontract.com\/fr\/categoria-producto\/meubles-de-terrasse-et-de-jardin\/"},{"@type":"ListItem","position":4,"name":"Canap\u00e9 d'ext\u00e9rieur","item":"https:\/\/solucionescontract.com\/fr\/categoria-producto\/meubles-de-terrasse-et-de-jardin\/canape-dexterieur\/"},{"@type":"ListItem","position":5,"name":"SOFA REVA_D 3 SI\u00c8GES"}]},{"@type":"WebSite","@id":"https:\/\/solucionescontract.com\/#website","url":"https:\/\/solucionescontract.com\/","name":"Soluciones Contract","description":"Venta Mobiliario contract de dise\u00f1o","publisher":{"@id":"https:\/\/solucionescontract.com\/#organization"},"potentialAction":[{"@type":"SearchAction","target":{"@type":"EntryPoint","urlTemplate":"https:\/\/solucionescontract.com\/?s={search_term_string}"},"query-input":{"@type":"PropertyValueSpecification","valueRequired":true,"valueName":"search_term_string"}}],"inLanguage":"fr-FR"},{"@type":"Organization","@id":"https:\/\/solucionescontract.com\/#organization","name":"Soluciones Contract","url":"https:\/\/solucionescontract.com\/","logo":{"@type":"ImageObject","inLanguage":"fr-FR","@id":"https:\/\/solucionescontract.com\/#\/schema\/logo\/image\/","url":"https:\/\/solucionescontract.com\/wp-content\/uploads\/2020\/02\/logoSC.jpg","contentUrl":"https:\/\/solucionescontract.com\/wp-content\/uploads\/2020\/02\/logoSC.jpg","width":300,"height":125,"caption":"Soluciones Contract"},"image":{"@id":"https:\/\/solucionescontract.com\/#\/schema\/logo\/image\/"},"sameAs":["https:\/\/www.facebook.com\/solucionescontract\/"]}]}},"_links":{"self":[{"href":"https:\/\/solucionescontract.com\/fr\/wp-json\/wp\/v2\/product\/18743","targetHints":{"allow":["GET"]}}],"collection":[{"href":"https:\/\/solucionescontract.com\/fr\/wp-json\/wp\/v2\/product"}],"about":[{"href":"https:\/\/solucionescontract.com\/fr\/wp-json\/wp\/v2\/types\/product"}],"replies":[{"embeddable":true,"href":"https:\/\/solucionescontract.com\/fr\/wp-json\/wp\/v2\/comments?post=18743"}],"wp:featuredmedia":[{"embeddable":true,"href":"https:\/\/solucionescontract.com\/fr\/wp-json\/wp\/v2\/media\/16724"}],"wp:attachment":[{"href":"https:\/\/solucionescontract.com\/fr\/wp-json\/wp\/v2\/media?parent=18743"}],"wp:term":[{"taxonomy":"product_brand","embeddable":true,"href":"https:\/\/solucionescontract.com\/fr\/wp-json\/wp\/v2\/product_brand?post=18743"},{"taxonomy":"product_cat","embeddable":true,"href":"https:\/\/solucionescontract.com\/fr\/wp-json\/wp\/v2\/product_cat?post=18743"},{"taxonomy":"product_tag","embeddable":true,"href":"https:\/\/solucionescontract.com\/fr\/wp-json\/wp\/v2\/product_tag?post=18743"}],"curies":[{"name":"wp","href":"https:\/\/api.w.org\/{rel}","templated":true}]}}