{"id":18706,"date":"2020-05-31T09:02:46","date_gmt":"2020-05-31T09:02:46","guid":{"rendered":"https:\/\/www.solucionescontract.com\/producto\/table-dexterieur-fabbrico\/"},"modified":"2021-01-04T11:53:41","modified_gmt":"2021-01-04T11:53:41","slug":"table-dexterieur-fabbrico","status":"publish","type":"product","link":"https:\/\/solucionescontract.com\/fr\/producto\/table-dexterieur-fabbrico\/","title":{"rendered":"FABBRICO DE TABLE EXT\u00c9RIEUR"},"content":{"rendered":"<p>Table d&rsquo;ext\u00e9rieur Fabbrico de la marque Pedrali.<\/p>\n<p>Disponible dans les tailles: 70&#215;70 80&#215;80 120&#215;80 160&#215;80 cm.<\/p>\n<p>Disponible en diff\u00e9rentes finitions qui le rendent adapt\u00e9 \u00e0 une utilisation en ext\u00e9rieur<\/p>\n<p><a href=\"https:\/\/solucionescontract.com\/wp-content\/uploads\/2020\/05\/Mesa_jard\u00edn_FABBRICO_Ficha-T\u00e9cnica.pdf\">Mesa_jard\u00edn_FABBRICO_Ficha T\u00e9cnica<\/a><\/p>\n<p>&nbsp;<\/p>\n<p>&nbsp;<\/script><\/p>\n","protected":false},"excerpt":{"rendered":"<ul>\n<li style = \"text-align: justify;\"> Table design de marque Pedrali adapt\u00e9e pour les terrasses ou les jardins, que ce soit pour les restaurants, les h\u00f4tels, les caf\u00e9s, les appartements touristiques &#8230; ou pour la maison. <\/li>\n<li> Avec plateau et pieds 30&#215;30 mm en acier. <\/li>\n<li> Fini avec de la peinture \u00e9poxy qui le rend appropri\u00e9 pour une utilisation ext\u00e9rieure. <\/li>\n<\/ul>\n<p>(Autres finitions disponibles consulter)<\/p>\n<p>&nbsp;<\/p>\n<p>&nbsp;<\/p>\n","protected":false},"featured_media":16864,"comment_status":"open","ping_status":"closed","template":"","meta":[],"product_brand":[],"product_cat":[569,607,577,587],"product_tag":[701],"class_list":{"0":"post-18706","1":"product","2":"type-product","3":"status-publish","4":"has-post-thumbnail","6":"product_cat-conception-de-tables","7":"product_cat-meubles-pour-lhotellerie","8":"product_cat-tables-de-restauration","9":"product_cat-tables-de-terrasse","10":"product_tag-exterior-fr","11":"product_shipping_class-gratuit","12":"yith_product_brand-pedrali-fr","14":"first","15":"instock","16":"taxable","17":"shipping-taxable","18":"purchasable","19":"product-type-variable"},"yoast_head":"<!-- This site is optimized with the Yoast SEO plugin v27.3 - https:\/\/yoast.com\/product\/yoast-seo-wordpress\/ -->\n<title>FABBRICO DE TABLE EXT\u00c9RIEUR - Muebles de dise\u00f1o en Soluciones Contract<\/title>\n<meta name=\"description\" content=\"Achetez FABBRICO DE TABLE EXT\u00c9RIEUR en ligne dans notre magasin de meubles Contract. Trouvez le meilleur MEUBLE DE CONCEPTION pour un usage h\u00f4telier, domestique et commercial.\" \/>\n<meta name=\"robots\" content=\"index, follow, max-snippet:-1, max-image-preview:large, max-video-preview:-1\" \/>\n<link rel=\"canonical\" href=\"https:\/\/solucionescontract.com\/fr\/producto\/table-dexterieur-fabbrico\/\" \/>\n<meta property=\"og:locale\" content=\"fr_FR\" \/>\n<meta property=\"og:type\" content=\"article\" \/>\n<meta property=\"og:title\" content=\"FABBRICO DE TABLE EXT\u00c9RIEUR - Muebles de dise\u00f1o en Soluciones Contract\" \/>\n<meta property=\"og:description\" content=\"Achetez FABBRICO DE TABLE EXT\u00c9RIEUR en ligne dans notre magasin de meubles Contract. Trouvez le meilleur MEUBLE DE CONCEPTION pour un usage h\u00f4telier, domestique et commercial.\" \/>\n<meta property=\"og:url\" content=\"https:\/\/solucionescontract.com\/fr\/producto\/table-dexterieur-fabbrico\/\" \/>\n<meta property=\"og:site_name\" content=\"Soluciones Contract\" \/>\n<meta property=\"article:publisher\" content=\"https:\/\/www.facebook.com\/solucionescontract\/\" \/>\n<meta property=\"article:modified_time\" content=\"2021-01-04T11:53:41+00:00\" \/>\n<meta property=\"og:image\" content=\"https:\/\/solucionescontract.com\/wp-content\/uploads\/2020\/05\/Mesa_fabbrico_exterior.jpg\" \/>\n\t<meta property=\"og:image:width\" content=\"1373\" \/>\n\t<meta property=\"og:image:height\" content=\"1373\" \/>\n\t<meta property=\"og:image:type\" content=\"image\/jpeg\" \/>\n<meta name=\"twitter:card\" content=\"summary_large_image\" \/>\n<script type=\"application\/ld+json\" class=\"yoast-schema-graph\">{\"@context\":\"https:\\\/\\\/schema.org\",\"@graph\":[{\"@type\":\"WebPage\",\"@id\":\"https:\\\/\\\/solucionescontract.com\\\/fr\\\/producto\\\/table-dexterieur-fabbrico\\\/\",\"url\":\"https:\\\/\\\/solucionescontract.com\\\/fr\\\/producto\\\/table-dexterieur-fabbrico\\\/\",\"name\":\"FABBRICO DE TABLE EXT\u00c9RIEUR - Muebles de dise\u00f1o en Soluciones Contract\",\"isPartOf\":{\"@id\":\"https:\\\/\\\/solucionescontract.com\\\/#website\"},\"primaryImageOfPage\":{\"@id\":\"https:\\\/\\\/solucionescontract.com\\\/fr\\\/producto\\\/table-dexterieur-fabbrico\\\/#primaryimage\"},\"image\":{\"@id\":\"https:\\\/\\\/solucionescontract.com\\\/fr\\\/producto\\\/table-dexterieur-fabbrico\\\/#primaryimage\"},\"thumbnailUrl\":\"https:\\\/\\\/solucionescontract.com\\\/wp-content\\\/uploads\\\/2020\\\/05\\\/Mesa_fabbrico_exterior.jpg\",\"datePublished\":\"2020-05-31T09:02:46+00:00\",\"dateModified\":\"2021-01-04T11:53:41+00:00\",\"description\":\"Achetez FABBRICO DE TABLE EXT\u00c9RIEUR en ligne dans notre magasin de meubles Contract. Trouvez le meilleur MEUBLE DE CONCEPTION pour un usage h\u00f4telier, domestique et commercial.\",\"breadcrumb\":{\"@id\":\"https:\\\/\\\/solucionescontract.com\\\/fr\\\/producto\\\/table-dexterieur-fabbrico\\\/#breadcrumb\"},\"inLanguage\":\"fr-FR\",\"potentialAction\":[{\"@type\":\"ReadAction\",\"target\":[\"https:\\\/\\\/solucionescontract.com\\\/fr\\\/producto\\\/table-dexterieur-fabbrico\\\/\"]}]},{\"@type\":\"ImageObject\",\"inLanguage\":\"fr-FR\",\"@id\":\"https:\\\/\\\/solucionescontract.com\\\/fr\\\/producto\\\/table-dexterieur-fabbrico\\\/#primaryimage\",\"url\":\"https:\\\/\\\/solucionescontract.com\\\/wp-content\\\/uploads\\\/2020\\\/05\\\/Mesa_fabbrico_exterior.jpg\",\"contentUrl\":\"https:\\\/\\\/solucionescontract.com\\\/wp-content\\\/uploads\\\/2020\\\/05\\\/Mesa_fabbrico_exterior.jpg\",\"width\":1373,\"height\":1373,\"caption\":\"Mesa.para.terraza.color.blanco\"},{\"@type\":\"BreadcrumbList\",\"@id\":\"https:\\\/\\\/solucionescontract.com\\\/fr\\\/producto\\\/table-dexterieur-fabbrico\\\/#breadcrumb\",\"itemListElement\":[{\"@type\":\"ListItem\",\"position\":1,\"name\":\"Inicio\",\"item\":\"https:\\\/\\\/solucionescontract.com\\\/\"},{\"@type\":\"ListItem\",\"position\":2,\"name\":\"Tienda mobiliario contract\",\"item\":\"https:\\\/\\\/solucionescontract.com\\\/tienda-mobiliario-contract\\\/\"},{\"@type\":\"ListItem\",\"position\":3,\"name\":\"Conception de tables\",\"item\":\"https:\\\/\\\/solucionescontract.com\\\/fr\\\/categoria-producto\\\/conception-de-tables\\\/\"},{\"@type\":\"ListItem\",\"position\":4,\"name\":\"Mesas Hosteler\u00eda\",\"item\":\"https:\\\/\\\/solucionescontract.com\\\/fr\\\/categoria-producto\\\/conception-de-tables\\\/tables-de-restauration\\\/\"},{\"@type\":\"ListItem\",\"position\":5,\"name\":\"FABBRICO DE TABLE EXT\u00c9RIEUR\"}]},{\"@type\":\"WebSite\",\"@id\":\"https:\\\/\\\/solucionescontract.com\\\/#website\",\"url\":\"https:\\\/\\\/solucionescontract.com\\\/\",\"name\":\"Soluciones Contract\",\"description\":\"Venta Mobiliario contract de dise\u00f1o\",\"publisher\":{\"@id\":\"https:\\\/\\\/solucionescontract.com\\\/#organization\"},\"potentialAction\":[{\"@type\":\"SearchAction\",\"target\":{\"@type\":\"EntryPoint\",\"urlTemplate\":\"https:\\\/\\\/solucionescontract.com\\\/?s={search_term_string}\"},\"query-input\":{\"@type\":\"PropertyValueSpecification\",\"valueRequired\":true,\"valueName\":\"search_term_string\"}}],\"inLanguage\":\"fr-FR\"},{\"@type\":\"Organization\",\"@id\":\"https:\\\/\\\/solucionescontract.com\\\/#organization\",\"name\":\"Soluciones Contract\",\"url\":\"https:\\\/\\\/solucionescontract.com\\\/\",\"logo\":{\"@type\":\"ImageObject\",\"inLanguage\":\"fr-FR\",\"@id\":\"https:\\\/\\\/solucionescontract.com\\\/#\\\/schema\\\/logo\\\/image\\\/\",\"url\":\"https:\\\/\\\/solucionescontract.com\\\/wp-content\\\/uploads\\\/2020\\\/02\\\/logoSC.jpg\",\"contentUrl\":\"https:\\\/\\\/solucionescontract.com\\\/wp-content\\\/uploads\\\/2020\\\/02\\\/logoSC.jpg\",\"width\":300,\"height\":125,\"caption\":\"Soluciones Contract\"},\"image\":{\"@id\":\"https:\\\/\\\/solucionescontract.com\\\/#\\\/schema\\\/logo\\\/image\\\/\"},\"sameAs\":[\"https:\\\/\\\/www.facebook.com\\\/solucionescontract\\\/\"]}]}<\/script>\n<!-- \/ Yoast SEO plugin. -->","yoast_head_json":{"title":"FABBRICO DE TABLE EXT\u00c9RIEUR - Muebles de dise\u00f1o en Soluciones Contract","description":"Achetez FABBRICO DE TABLE EXT\u00c9RIEUR en ligne dans notre magasin de meubles Contract. Trouvez le meilleur MEUBLE DE CONCEPTION pour un usage h\u00f4telier, domestique et commercial.","robots":{"index":"index","follow":"follow","max-snippet":"max-snippet:-1","max-image-preview":"max-image-preview:large","max-video-preview":"max-video-preview:-1"},"canonical":"https:\/\/solucionescontract.com\/fr\/producto\/table-dexterieur-fabbrico\/","og_locale":"fr_FR","og_type":"article","og_title":"FABBRICO DE TABLE EXT\u00c9RIEUR - Muebles de dise\u00f1o en Soluciones Contract","og_description":"Achetez FABBRICO DE TABLE EXT\u00c9RIEUR en ligne dans notre magasin de meubles Contract. Trouvez le meilleur MEUBLE DE CONCEPTION pour un usage h\u00f4telier, domestique et commercial.","og_url":"https:\/\/solucionescontract.com\/fr\/producto\/table-dexterieur-fabbrico\/","og_site_name":"Soluciones Contract","article_publisher":"https:\/\/www.facebook.com\/solucionescontract\/","article_modified_time":"2021-01-04T11:53:41+00:00","og_image":[{"width":1373,"height":1373,"url":"https:\/\/solucionescontract.com\/wp-content\/uploads\/2020\/05\/Mesa_fabbrico_exterior.jpg","type":"image\/jpeg"}],"twitter_card":"summary_large_image","schema":{"@context":"https:\/\/schema.org","@graph":[{"@type":"WebPage","@id":"https:\/\/solucionescontract.com\/fr\/producto\/table-dexterieur-fabbrico\/","url":"https:\/\/solucionescontract.com\/fr\/producto\/table-dexterieur-fabbrico\/","name":"FABBRICO DE TABLE EXT\u00c9RIEUR - Muebles de dise\u00f1o en Soluciones Contract","isPartOf":{"@id":"https:\/\/solucionescontract.com\/#website"},"primaryImageOfPage":{"@id":"https:\/\/solucionescontract.com\/fr\/producto\/table-dexterieur-fabbrico\/#primaryimage"},"image":{"@id":"https:\/\/solucionescontract.com\/fr\/producto\/table-dexterieur-fabbrico\/#primaryimage"},"thumbnailUrl":"https:\/\/solucionescontract.com\/wp-content\/uploads\/2020\/05\/Mesa_fabbrico_exterior.jpg","datePublished":"2020-05-31T09:02:46+00:00","dateModified":"2021-01-04T11:53:41+00:00","description":"Achetez FABBRICO DE TABLE EXT\u00c9RIEUR en ligne dans notre magasin de meubles Contract. Trouvez le meilleur MEUBLE DE CONCEPTION pour un usage h\u00f4telier, domestique et commercial.","breadcrumb":{"@id":"https:\/\/solucionescontract.com\/fr\/producto\/table-dexterieur-fabbrico\/#breadcrumb"},"inLanguage":"fr-FR","potentialAction":[{"@type":"ReadAction","target":["https:\/\/solucionescontract.com\/fr\/producto\/table-dexterieur-fabbrico\/"]}]},{"@type":"ImageObject","inLanguage":"fr-FR","@id":"https:\/\/solucionescontract.com\/fr\/producto\/table-dexterieur-fabbrico\/#primaryimage","url":"https:\/\/solucionescontract.com\/wp-content\/uploads\/2020\/05\/Mesa_fabbrico_exterior.jpg","contentUrl":"https:\/\/solucionescontract.com\/wp-content\/uploads\/2020\/05\/Mesa_fabbrico_exterior.jpg","width":1373,"height":1373,"caption":"Mesa.para.terraza.color.blanco"},{"@type":"BreadcrumbList","@id":"https:\/\/solucionescontract.com\/fr\/producto\/table-dexterieur-fabbrico\/#breadcrumb","itemListElement":[{"@type":"ListItem","position":1,"name":"Inicio","item":"https:\/\/solucionescontract.com\/"},{"@type":"ListItem","position":2,"name":"Tienda mobiliario contract","item":"https:\/\/solucionescontract.com\/tienda-mobiliario-contract\/"},{"@type":"ListItem","position":3,"name":"Conception de tables","item":"https:\/\/solucionescontract.com\/fr\/categoria-producto\/conception-de-tables\/"},{"@type":"ListItem","position":4,"name":"Mesas Hosteler\u00eda","item":"https:\/\/solucionescontract.com\/fr\/categoria-producto\/conception-de-tables\/tables-de-restauration\/"},{"@type":"ListItem","position":5,"name":"FABBRICO DE TABLE EXT\u00c9RIEUR"}]},{"@type":"WebSite","@id":"https:\/\/solucionescontract.com\/#website","url":"https:\/\/solucionescontract.com\/","name":"Soluciones Contract","description":"Venta Mobiliario contract de dise\u00f1o","publisher":{"@id":"https:\/\/solucionescontract.com\/#organization"},"potentialAction":[{"@type":"SearchAction","target":{"@type":"EntryPoint","urlTemplate":"https:\/\/solucionescontract.com\/?s={search_term_string}"},"query-input":{"@type":"PropertyValueSpecification","valueRequired":true,"valueName":"search_term_string"}}],"inLanguage":"fr-FR"},{"@type":"Organization","@id":"https:\/\/solucionescontract.com\/#organization","name":"Soluciones Contract","url":"https:\/\/solucionescontract.com\/","logo":{"@type":"ImageObject","inLanguage":"fr-FR","@id":"https:\/\/solucionescontract.com\/#\/schema\/logo\/image\/","url":"https:\/\/solucionescontract.com\/wp-content\/uploads\/2020\/02\/logoSC.jpg","contentUrl":"https:\/\/solucionescontract.com\/wp-content\/uploads\/2020\/02\/logoSC.jpg","width":300,"height":125,"caption":"Soluciones Contract"},"image":{"@id":"https:\/\/solucionescontract.com\/#\/schema\/logo\/image\/"},"sameAs":["https:\/\/www.facebook.com\/solucionescontract\/"]}]}},"_links":{"self":[{"href":"https:\/\/solucionescontract.com\/fr\/wp-json\/wp\/v2\/product\/18706","targetHints":{"allow":["GET"]}}],"collection":[{"href":"https:\/\/solucionescontract.com\/fr\/wp-json\/wp\/v2\/product"}],"about":[{"href":"https:\/\/solucionescontract.com\/fr\/wp-json\/wp\/v2\/types\/product"}],"replies":[{"embeddable":true,"href":"https:\/\/solucionescontract.com\/fr\/wp-json\/wp\/v2\/comments?post=18706"}],"wp:featuredmedia":[{"embeddable":true,"href":"https:\/\/solucionescontract.com\/fr\/wp-json\/wp\/v2\/media\/16864"}],"wp:attachment":[{"href":"https:\/\/solucionescontract.com\/fr\/wp-json\/wp\/v2\/media?parent=18706"}],"wp:term":[{"taxonomy":"product_brand","embeddable":true,"href":"https:\/\/solucionescontract.com\/fr\/wp-json\/wp\/v2\/product_brand?post=18706"},{"taxonomy":"product_cat","embeddable":true,"href":"https:\/\/solucionescontract.com\/fr\/wp-json\/wp\/v2\/product_cat?post=18706"},{"taxonomy":"product_tag","embeddable":true,"href":"https:\/\/solucionescontract.com\/fr\/wp-json\/wp\/v2\/product_tag?post=18706"}],"curies":[{"name":"wp","href":"https:\/\/api.w.org\/{rel}","templated":true}]}}