{"id":18689,"date":"2020-06-14T19:18:12","date_gmt":"2020-06-14T19:18:12","guid":{"rendered":"https:\/\/www.solucionescontract.com\/producto\/fauteuil-de-jardin-mara\/"},"modified":"2021-04-16T15:06:43","modified_gmt":"2021-04-16T15:06:43","slug":"fauteuil-de-jardin-mara","status":"publish","type":"product","link":"https:\/\/solucionescontract.com\/fr\/producto\/fauteuil-de-jardin-mara\/","title":{"rendered":"FAUTEUIL DE JARDIN MARA"},"content":{"rendered":"<p>Fauteuil en cuir adapt\u00e9 pour l&rsquo;ext\u00e9rieur<\/p>\n<p>Les couleurs des coussins peuvent \u00eatre combin\u00e9es<\/p>\n<p>Avec coussins imperm\u00e9ables<\/p>\n<p>Mesures: 106 x 94 h 82 cm<\/p>\n<p><a href=\"https:\/\/solucionescontract.com\/wp-content\/uploads\/2020\/06\/Ficha_sof\u00e1_cuero.jpg\"><img decoding=\"async\" class=\" wd-lazy-fade alignnone wp-image-10062 size-medium\" src=\"https:\/\/solucionescontract.com\/wp-content\/themes\/woodmart\/images\/lazy.svg\" data-src=\"https:\/\/solucionescontract.com\/wp-content\/uploads\/2020\/06\/Ficha_sof\u00e1_cuero-300x260.jpg\" alt=\"\" width=\"300\" height=\"260\" srcset=\"\" data-srcset=\"https:\/\/solucionescontract.com\/wp-content\/uploads\/2020\/06\/Ficha_sof\u00e1_cuero-300x260.jpg 300w, https:\/\/solucionescontract.com\/wp-content\/uploads\/2020\/06\/Ficha_sof\u00e1_cuero-150x130.jpg 150w, https:\/\/solucionescontract.com\/wp-content\/uploads\/2020\/06\/Ficha_sof\u00e1_cuero.jpg 604w\" sizes=\"(max-width: 300px) 100vw, 300px\" \/><\/a><\/p>\n<p>&nbsp;<\/p>\n<p><a href=\"https:\/\/solucionescontract.com\/wp-content\/uploads\/2020\/06\/colores-mara.jpg\"><img decoding=\"async\" class=\" wd-lazy-fade alignnone wp-image-10101 size-medium\" src=\"https:\/\/solucionescontract.com\/wp-content\/themes\/woodmart\/images\/lazy.svg\" data-src=\"https:\/\/solucionescontract.com\/wp-content\/uploads\/2020\/06\/colores-mara-300x72.jpg\" alt=\"\" width=\"300\" height=\"72\" srcset=\"\" data-srcset=\"https:\/\/solucionescontract.com\/wp-content\/uploads\/2020\/06\/colores-mara-300x72.jpg 300w, https:\/\/solucionescontract.com\/wp-content\/uploads\/2020\/06\/colores-mara-150x36.jpg 150w, https:\/\/solucionescontract.com\/wp-content\/uploads\/2020\/06\/colores-mara-800x193.jpg 800w, https:\/\/solucionescontract.com\/wp-content\/uploads\/2020\/06\/colores-mara-1024x247.jpg 1024w, https:\/\/solucionescontract.com\/wp-content\/uploads\/2020\/06\/colores-mara-768x186.jpg 768w, https:\/\/solucionescontract.com\/wp-content\/uploads\/2020\/06\/colores-mara.jpg 1184w\" sizes=\"(max-width: 300px) 100vw, 300px\" \/><\/a><\/script><\/p>\n","protected":false},"excerpt":{"rendered":"<ul>\n<li> Con\u00e7u par Lorenza Bozzoli. <\/li>\n<li style = \"text-align: justify;\"> C&rsquo;est un \u00e9l\u00e9gant fauteuil en poly\u00e9thyl\u00e8ne avec des coussins en tissu imperm\u00e9able qui le rendent adapt\u00e9 \u00e0 une utilisation en ext\u00e9rieur, que ce soit sur les terrasses, les jardins ou les patios des espaces publics comme dans n&rsquo;importe quel coin de la maison . <\/li>\n<li> Les coussins peuvent \u00eatre combin\u00e9s \u00e0 volont\u00e9. <\/li>\n<li> Le canap\u00e9 et le pouf Mara compl\u00e8tent la collection. <\/li>\n<\/ul>\n","protected":false},"featured_media":16928,"comment_status":"open","ping_status":"closed","template":"","meta":[],"product_brand":[],"product_cat":[591,531,581,607,529],"product_tag":[789,701,679],"class_list":{"0":"post-18689","1":"product","2":"type-product","3":"status-publish","4":"has-post-thumbnail","6":"product_cat-canape-dexterieur","7":"product_cat-fauteuils-design","8":"product_cat-meubles-de-terrasse-et-de-jardin","9":"product_cat-meubles-pour-lhotellerie","10":"product_cat-sieges-contractuels","11":"product_tag-jardin-fr","12":"product_tag-exterior-fr","13":"product_tag-exterior-interior","14":"product_shipping_class-gratuit","15":"yith_product_brand-slide-fr","17":"first","18":"instock","19":"taxable","20":"shipping-taxable","21":"purchasable","22":"product-type-variable"},"yoast_head":"<!-- This site is optimized with the Yoast SEO plugin v27.4 - https:\/\/yoast.com\/product\/yoast-seo-wordpress\/ -->\n<title>FAUTEUIL DE JARDIN MARA - Muebles de dise\u00f1o en Soluciones Contract<\/title>\n<meta name=\"description\" content=\"Achetez FAUTEUIL DE JARDIN MARA en ligne dans notre magasin de meubles Contract. Trouvez le meilleur mobilier design pour un usage h\u00f4telier, domestique et commercial.\" \/>\n<meta name=\"robots\" content=\"index, follow, max-snippet:-1, max-image-preview:large, max-video-preview:-1\" \/>\n<link rel=\"canonical\" href=\"https:\/\/solucionescontract.com\/producto\/sillon-de-jardin-mara\/\" \/>\n<meta property=\"og:locale\" content=\"fr_FR\" \/>\n<meta property=\"og:type\" content=\"article\" \/>\n<meta property=\"og:title\" content=\"FAUTEUIL DE JARDIN MARA - Muebles de dise\u00f1o en Soluciones Contract\" \/>\n<meta property=\"og:description\" content=\"Achetez FAUTEUIL DE JARDIN MARA en ligne dans notre magasin de meubles Contract. Trouvez le meilleur mobilier design pour un usage h\u00f4telier, domestique et commercial.\" \/>\n<meta property=\"og:url\" content=\"https:\/\/solucionescontract.com\/producto\/sillon-de-jardin-mara\/\" \/>\n<meta property=\"og:site_name\" content=\"Soluciones Contract\" \/>\n<meta property=\"article:publisher\" content=\"https:\/\/www.facebook.com\/solucionescontract\/\" \/>\n<meta property=\"article:modified_time\" content=\"2021-04-16T15:06:43+00:00\" \/>\n<meta property=\"og:image\" content=\"https:\/\/solucionescontract.com\/wp-content\/uploads\/2020\/06\/Sof\u00e1_cuero_gris_elefante.jpg\" \/>\n\t<meta property=\"og:image:width\" content=\"804\" \/>\n\t<meta property=\"og:image:height\" content=\"804\" \/>\n\t<meta property=\"og:image:type\" content=\"image\/jpeg\" \/>\n<meta name=\"twitter:card\" content=\"summary_large_image\" \/>\n<script type=\"application\/ld+json\" class=\"yoast-schema-graph\">{\"@context\":\"https:\\\/\\\/schema.org\",\"@graph\":[{\"@type\":\"WebPage\",\"@id\":\"https:\\\/\\\/solucionescontract.com\\\/producto\\\/sillon-de-jardin-mara\\\/\",\"url\":\"https:\\\/\\\/solucionescontract.com\\\/producto\\\/sillon-de-jardin-mara\\\/\",\"name\":\"FAUTEUIL DE JARDIN MARA - Muebles de dise\u00f1o en Soluciones Contract\",\"isPartOf\":{\"@id\":\"https:\\\/\\\/solucionescontract.com\\\/#website\"},\"primaryImageOfPage\":{\"@id\":\"https:\\\/\\\/solucionescontract.com\\\/producto\\\/sillon-de-jardin-mara\\\/#primaryimage\"},\"image\":{\"@id\":\"https:\\\/\\\/solucionescontract.com\\\/producto\\\/sillon-de-jardin-mara\\\/#primaryimage\"},\"thumbnailUrl\":\"https:\\\/\\\/solucionescontract.com\\\/wp-content\\\/uploads\\\/2020\\\/06\\\/Sof\u00e1_cuero_gris_elefante.jpg\",\"datePublished\":\"2020-06-14T19:18:12+00:00\",\"dateModified\":\"2021-04-16T15:06:43+00:00\",\"description\":\"Achetez FAUTEUIL DE JARDIN MARA en ligne dans notre magasin de meubles Contract. Trouvez le meilleur mobilier design pour un usage h\u00f4telier, domestique et commercial.\",\"breadcrumb\":{\"@id\":\"https:\\\/\\\/solucionescontract.com\\\/producto\\\/sillon-de-jardin-mara\\\/#breadcrumb\"},\"inLanguage\":\"fr-FR\",\"potentialAction\":[{\"@type\":\"ReadAction\",\"target\":[\"https:\\\/\\\/solucionescontract.com\\\/producto\\\/sillon-de-jardin-mara\\\/\"]}]},{\"@type\":\"ImageObject\",\"inLanguage\":\"fr-FR\",\"@id\":\"https:\\\/\\\/solucionescontract.com\\\/producto\\\/sillon-de-jardin-mara\\\/#primaryimage\",\"url\":\"https:\\\/\\\/solucionescontract.com\\\/wp-content\\\/uploads\\\/2020\\\/06\\\/Sof\u00e1_cuero_gris_elefante.jpg\",\"contentUrl\":\"https:\\\/\\\/solucionescontract.com\\\/wp-content\\\/uploads\\\/2020\\\/06\\\/Sof\u00e1_cuero_gris_elefante.jpg\",\"width\":804,\"height\":804,\"caption\":\"canap\u00e9, cuir, terrasse, jardin\"},{\"@type\":\"BreadcrumbList\",\"@id\":\"https:\\\/\\\/solucionescontract.com\\\/producto\\\/sillon-de-jardin-mara\\\/#breadcrumb\",\"itemListElement\":[{\"@type\":\"ListItem\",\"position\":1,\"name\":\"Inicio\",\"item\":\"https:\\\/\\\/solucionescontract.com\\\/\"},{\"@type\":\"ListItem\",\"position\":2,\"name\":\"Tienda mobiliario contract\",\"item\":\"https:\\\/\\\/solucionescontract.com\\\/tienda-mobiliario-contract\\\/\"},{\"@type\":\"ListItem\",\"position\":3,\"name\":\"Asientos Contract\",\"item\":\"https:\\\/\\\/solucionescontract.com\\\/categoria-producto\\\/asientos-para-contract\\\/\"},{\"@type\":\"ListItem\",\"position\":4,\"name\":\"FAUTEUIL DE JARDIN MARA\"}]},{\"@type\":\"WebSite\",\"@id\":\"https:\\\/\\\/solucionescontract.com\\\/#website\",\"url\":\"https:\\\/\\\/solucionescontract.com\\\/\",\"name\":\"Soluciones Contract\",\"description\":\"Venta Mobiliario contract de dise\u00f1o\",\"publisher\":{\"@id\":\"https:\\\/\\\/solucionescontract.com\\\/#organization\"},\"potentialAction\":[{\"@type\":\"SearchAction\",\"target\":{\"@type\":\"EntryPoint\",\"urlTemplate\":\"https:\\\/\\\/solucionescontract.com\\\/?s={search_term_string}\"},\"query-input\":{\"@type\":\"PropertyValueSpecification\",\"valueRequired\":true,\"valueName\":\"search_term_string\"}}],\"inLanguage\":\"fr-FR\"},{\"@type\":\"Organization\",\"@id\":\"https:\\\/\\\/solucionescontract.com\\\/#organization\",\"name\":\"Soluciones Contract\",\"url\":\"https:\\\/\\\/solucionescontract.com\\\/\",\"logo\":{\"@type\":\"ImageObject\",\"inLanguage\":\"fr-FR\",\"@id\":\"https:\\\/\\\/solucionescontract.com\\\/#\\\/schema\\\/logo\\\/image\\\/\",\"url\":\"https:\\\/\\\/solucionescontract.com\\\/wp-content\\\/uploads\\\/2020\\\/02\\\/logoSC.jpg\",\"contentUrl\":\"https:\\\/\\\/solucionescontract.com\\\/wp-content\\\/uploads\\\/2020\\\/02\\\/logoSC.jpg\",\"width\":300,\"height\":125,\"caption\":\"Soluciones Contract\"},\"image\":{\"@id\":\"https:\\\/\\\/solucionescontract.com\\\/#\\\/schema\\\/logo\\\/image\\\/\"},\"sameAs\":[\"https:\\\/\\\/www.facebook.com\\\/solucionescontract\\\/\"]}]}<\/script>\n<!-- \/ Yoast SEO plugin. -->","yoast_head_json":{"title":"FAUTEUIL DE JARDIN MARA - Muebles de dise\u00f1o en Soluciones Contract","description":"Achetez FAUTEUIL DE JARDIN MARA en ligne dans notre magasin de meubles Contract. Trouvez le meilleur mobilier design pour un usage h\u00f4telier, domestique et commercial.","robots":{"index":"index","follow":"follow","max-snippet":"max-snippet:-1","max-image-preview":"max-image-preview:large","max-video-preview":"max-video-preview:-1"},"canonical":"https:\/\/solucionescontract.com\/producto\/sillon-de-jardin-mara\/","og_locale":"fr_FR","og_type":"article","og_title":"FAUTEUIL DE JARDIN MARA - Muebles de dise\u00f1o en Soluciones Contract","og_description":"Achetez FAUTEUIL DE JARDIN MARA en ligne dans notre magasin de meubles Contract. Trouvez le meilleur mobilier design pour un usage h\u00f4telier, domestique et commercial.","og_url":"https:\/\/solucionescontract.com\/producto\/sillon-de-jardin-mara\/","og_site_name":"Soluciones Contract","article_publisher":"https:\/\/www.facebook.com\/solucionescontract\/","article_modified_time":"2021-04-16T15:06:43+00:00","og_image":[{"width":804,"height":804,"url":"https:\/\/solucionescontract.com\/wp-content\/uploads\/2020\/06\/Sof\u00e1_cuero_gris_elefante.jpg","type":"image\/jpeg"}],"twitter_card":"summary_large_image","schema":{"@context":"https:\/\/schema.org","@graph":[{"@type":"WebPage","@id":"https:\/\/solucionescontract.com\/producto\/sillon-de-jardin-mara\/","url":"https:\/\/solucionescontract.com\/producto\/sillon-de-jardin-mara\/","name":"FAUTEUIL DE JARDIN MARA - Muebles de dise\u00f1o en Soluciones Contract","isPartOf":{"@id":"https:\/\/solucionescontract.com\/#website"},"primaryImageOfPage":{"@id":"https:\/\/solucionescontract.com\/producto\/sillon-de-jardin-mara\/#primaryimage"},"image":{"@id":"https:\/\/solucionescontract.com\/producto\/sillon-de-jardin-mara\/#primaryimage"},"thumbnailUrl":"https:\/\/solucionescontract.com\/wp-content\/uploads\/2020\/06\/Sof\u00e1_cuero_gris_elefante.jpg","datePublished":"2020-06-14T19:18:12+00:00","dateModified":"2021-04-16T15:06:43+00:00","description":"Achetez FAUTEUIL DE JARDIN MARA en ligne dans notre magasin de meubles Contract. Trouvez le meilleur mobilier design pour un usage h\u00f4telier, domestique et commercial.","breadcrumb":{"@id":"https:\/\/solucionescontract.com\/producto\/sillon-de-jardin-mara\/#breadcrumb"},"inLanguage":"fr-FR","potentialAction":[{"@type":"ReadAction","target":["https:\/\/solucionescontract.com\/producto\/sillon-de-jardin-mara\/"]}]},{"@type":"ImageObject","inLanguage":"fr-FR","@id":"https:\/\/solucionescontract.com\/producto\/sillon-de-jardin-mara\/#primaryimage","url":"https:\/\/solucionescontract.com\/wp-content\/uploads\/2020\/06\/Sof\u00e1_cuero_gris_elefante.jpg","contentUrl":"https:\/\/solucionescontract.com\/wp-content\/uploads\/2020\/06\/Sof\u00e1_cuero_gris_elefante.jpg","width":804,"height":804,"caption":"canap\u00e9, cuir, terrasse, jardin"},{"@type":"BreadcrumbList","@id":"https:\/\/solucionescontract.com\/producto\/sillon-de-jardin-mara\/#breadcrumb","itemListElement":[{"@type":"ListItem","position":1,"name":"Inicio","item":"https:\/\/solucionescontract.com\/"},{"@type":"ListItem","position":2,"name":"Tienda mobiliario contract","item":"https:\/\/solucionescontract.com\/tienda-mobiliario-contract\/"},{"@type":"ListItem","position":3,"name":"Asientos Contract","item":"https:\/\/solucionescontract.com\/categoria-producto\/asientos-para-contract\/"},{"@type":"ListItem","position":4,"name":"FAUTEUIL DE JARDIN MARA"}]},{"@type":"WebSite","@id":"https:\/\/solucionescontract.com\/#website","url":"https:\/\/solucionescontract.com\/","name":"Soluciones Contract","description":"Venta Mobiliario contract de dise\u00f1o","publisher":{"@id":"https:\/\/solucionescontract.com\/#organization"},"potentialAction":[{"@type":"SearchAction","target":{"@type":"EntryPoint","urlTemplate":"https:\/\/solucionescontract.com\/?s={search_term_string}"},"query-input":{"@type":"PropertyValueSpecification","valueRequired":true,"valueName":"search_term_string"}}],"inLanguage":"fr-FR"},{"@type":"Organization","@id":"https:\/\/solucionescontract.com\/#organization","name":"Soluciones Contract","url":"https:\/\/solucionescontract.com\/","logo":{"@type":"ImageObject","inLanguage":"fr-FR","@id":"https:\/\/solucionescontract.com\/#\/schema\/logo\/image\/","url":"https:\/\/solucionescontract.com\/wp-content\/uploads\/2020\/02\/logoSC.jpg","contentUrl":"https:\/\/solucionescontract.com\/wp-content\/uploads\/2020\/02\/logoSC.jpg","width":300,"height":125,"caption":"Soluciones Contract"},"image":{"@id":"https:\/\/solucionescontract.com\/#\/schema\/logo\/image\/"},"sameAs":["https:\/\/www.facebook.com\/solucionescontract\/"]}]}},"_links":{"self":[{"href":"https:\/\/solucionescontract.com\/fr\/wp-json\/wp\/v2\/product\/18689","targetHints":{"allow":["GET"]}}],"collection":[{"href":"https:\/\/solucionescontract.com\/fr\/wp-json\/wp\/v2\/product"}],"about":[{"href":"https:\/\/solucionescontract.com\/fr\/wp-json\/wp\/v2\/types\/product"}],"replies":[{"embeddable":true,"href":"https:\/\/solucionescontract.com\/fr\/wp-json\/wp\/v2\/comments?post=18689"}],"wp:featuredmedia":[{"embeddable":true,"href":"https:\/\/solucionescontract.com\/fr\/wp-json\/wp\/v2\/media\/16928"}],"wp:attachment":[{"href":"https:\/\/solucionescontract.com\/fr\/wp-json\/wp\/v2\/media?parent=18689"}],"wp:term":[{"taxonomy":"product_brand","embeddable":true,"href":"https:\/\/solucionescontract.com\/fr\/wp-json\/wp\/v2\/product_brand?post=18689"},{"taxonomy":"product_cat","embeddable":true,"href":"https:\/\/solucionescontract.com\/fr\/wp-json\/wp\/v2\/product_cat?post=18689"},{"taxonomy":"product_tag","embeddable":true,"href":"https:\/\/solucionescontract.com\/fr\/wp-json\/wp\/v2\/product_tag?post=18689"}],"curies":[{"name":"wp","href":"https:\/\/api.w.org\/{rel}","templated":true}]}}