{"id":18667,"date":"2020-07-20T14:51:02","date_gmt":"2020-07-20T14:51:02","guid":{"rendered":"https:\/\/www.solucionescontract.com\/producto\/table-de-jardin-extensible-riviere\/"},"modified":"2021-01-04T11:51:44","modified_gmt":"2021-01-04T11:51:44","slug":"table-de-jardin-extensible-riviere","status":"publish","type":"product","link":"https:\/\/solucionescontract.com\/fr\/producto\/table-de-jardin-extensible-riviere\/","title":{"rendered":"TABLE DE JARDIN EXTENSIBLE RIO"},"content":{"rendered":"<p>TABLE DE JARDIN EXTENSIBLE RIVER.<\/p>\n<p>Plateau en polypropyl\u00e8ne et pieds en aluminium.<\/p>\n<p>Il existe en deux tailles.<br \/>\n&nbsp;<\/p>\n<p><img decoding=\"async\" class=\" wd-lazy-fade alignnone size-full wp-image-10276\" src=\"https:\/\/solucionescontract.com\/wp-content\/themes\/woodmart\/images\/lazy.svg\" data-src=\"https:\/\/solucionescontract.com\/wp-content\/uploads\/2020\/07\/Captura.jpg\" alt=\"\" width=\"285\" height=\"153\" srcset=\"\" data-srcset=\"https:\/\/solucionescontract.com\/wp-content\/uploads\/2020\/07\/Captura.jpg 285w, https:\/\/solucionescontract.com\/wp-content\/uploads\/2020\/07\/Captura-150x81.jpg 150w, https:\/\/solucionescontract.com\/wp-content\/uploads\/2020\/07\/Captura-37x20.jpg 37w\" sizes=\"(max-width: 285px) 100vw, 285px\" \/><\/p>\n<p><img decoding=\"async\" class=\" wd-lazy-fade alignnone size-full wp-image-10281\" src=\"https:\/\/solucionescontract.com\/wp-content\/themes\/woodmart\/images\/lazy.svg\" data-src=\"https:\/\/solucionescontract.com\/wp-content\/uploads\/2020\/07\/Ficha-tecnica.jpg\" alt=\"\" width=\"274\" height=\"248\" srcset=\"\" data-srcset=\"https:\/\/solucionescontract.com\/wp-content\/uploads\/2020\/07\/Ficha-tecnica.jpg 274w, https:\/\/solucionescontract.com\/wp-content\/uploads\/2020\/07\/Ficha-tecnica-150x136.jpg 150w, https:\/\/solucionescontract.com\/wp-content\/uploads\/2020\/07\/Ficha-tecnica-22x20.jpg 22w\" sizes=\"(max-width: 274px) 100vw, 274px\" \/><\/script><\/p>\n","protected":false},"excerpt":{"rendered":"<ul>\n<li> Table d&rsquo;ext\u00e9rieur avec plateau DurelTOP en polypropyl\u00e8ne trait\u00e9 anti-UV et pieds en aluminium peint (effet mat). <\/li>\n<li> Hauteur 76 cm. <\/li>\n<li> Il dispose d&rsquo;un syst\u00e8me d&rsquo;allongement brevet\u00e9 qui permet de d\u00e9placer la structure tout en gardant les pieds toujours au bout de la table. <\/li>\n<\/ul>\n","protected":false},"featured_media":17024,"comment_status":"open","ping_status":"closed","template":"","meta":[],"product_brand":[],"product_cat":[587,581,581,587],"product_tag":[701,701,754,754],"class_list":{"0":"post-18667","1":"product","2":"type-product","3":"status-publish","4":"has-post-thumbnail","6":"product_cat-tables-de-terrasse","7":"product_cat-meubles-de-terrasse-et-de-jardin","10":"product_tag-exterior-fr","12":"product_tag-polipropileno-fr","14":"product_shipping_class-gratuit","17":"first","18":"instock","19":"taxable","20":"shipping-taxable","21":"purchasable","22":"product-type-variable"},"yoast_head":"<!-- This site is optimized with the Yoast SEO plugin v27.3 - https:\/\/yoast.com\/product\/yoast-seo-wordpress\/ -->\n<title>TABLE DE JARDIN EXTENSIBLE RIO - Muebles de dise\u00f1o en Soluciones Contract<\/title>\n<meta name=\"description\" content=\"Achetez TABLE DE JARDIN EXTENSIBLE RIO en ligne dans notre magasin de meubles Contract. Trouvez le meilleur mobilier design pour l&#039;h\u00f4tel, la maison et l&#039;usage commercia\" \/>\n<meta name=\"robots\" content=\"index, follow, max-snippet:-1, max-image-preview:large, max-video-preview:-1\" \/>\n<link rel=\"canonical\" href=\"https:\/\/solucionescontract.com\/fr\/producto\/table-de-jardin-extensible-riviere\/\" \/>\n<meta property=\"og:locale\" content=\"fr_FR\" \/>\n<meta property=\"og:type\" content=\"article\" \/>\n<meta property=\"og:title\" content=\"TABLE DE JARDIN EXTENSIBLE RIO - Muebles de dise\u00f1o en Soluciones Contract\" \/>\n<meta property=\"og:description\" content=\"Achetez TABLE DE JARDIN EXTENSIBLE RIO en ligne dans notre magasin de meubles Contract. Trouvez le meilleur mobilier design pour l&#039;h\u00f4tel, la maison et l&#039;usage commercia\" \/>\n<meta property=\"og:url\" content=\"https:\/\/solucionescontract.com\/fr\/producto\/table-de-jardin-extensible-riviere\/\" \/>\n<meta property=\"og:site_name\" content=\"Soluciones Contract\" \/>\n<meta property=\"article:publisher\" content=\"https:\/\/www.facebook.com\/solucionescontract\/\" \/>\n<meta property=\"article:modified_time\" content=\"2021-01-04T11:51:44+00:00\" \/>\n<meta property=\"og:image\" content=\"https:\/\/solucionescontract.com\/wp-content\/uploads\/2020\/07\/Mesa_rio_tortora.jpg\" \/>\n\t<meta property=\"og:image:width\" content=\"1164\" \/>\n\t<meta property=\"og:image:height\" content=\"1164\" \/>\n\t<meta property=\"og:image:type\" content=\"image\/jpeg\" \/>\n<meta name=\"twitter:card\" content=\"summary_large_image\" \/>\n<script type=\"application\/ld+json\" class=\"yoast-schema-graph\">{\"@context\":\"https:\\\/\\\/schema.org\",\"@graph\":[{\"@type\":\"WebPage\",\"@id\":\"https:\\\/\\\/solucionescontract.com\\\/fr\\\/producto\\\/table-de-jardin-extensible-riviere\\\/\",\"url\":\"https:\\\/\\\/solucionescontract.com\\\/fr\\\/producto\\\/table-de-jardin-extensible-riviere\\\/\",\"name\":\"TABLE DE JARDIN EXTENSIBLE RIO - Muebles de dise\u00f1o en Soluciones Contract\",\"isPartOf\":{\"@id\":\"https:\\\/\\\/solucionescontract.com\\\/#website\"},\"primaryImageOfPage\":{\"@id\":\"https:\\\/\\\/solucionescontract.com\\\/fr\\\/producto\\\/table-de-jardin-extensible-riviere\\\/#primaryimage\"},\"image\":{\"@id\":\"https:\\\/\\\/solucionescontract.com\\\/fr\\\/producto\\\/table-de-jardin-extensible-riviere\\\/#primaryimage\"},\"thumbnailUrl\":\"https:\\\/\\\/solucionescontract.com\\\/wp-content\\\/uploads\\\/2020\\\/07\\\/Mesa_rio_tortora.jpg\",\"datePublished\":\"2020-07-20T14:51:02+00:00\",\"dateModified\":\"2021-01-04T11:51:44+00:00\",\"description\":\"Achetez TABLE DE JARDIN EXTENSIBLE RIO en ligne dans notre magasin de meubles Contract. Trouvez le meilleur mobilier design pour l'h\u00f4tel, la maison et l'usage commercia\",\"breadcrumb\":{\"@id\":\"https:\\\/\\\/solucionescontract.com\\\/fr\\\/producto\\\/table-de-jardin-extensible-riviere\\\/#breadcrumb\"},\"inLanguage\":\"fr-FR\",\"potentialAction\":[{\"@type\":\"ReadAction\",\"target\":[\"https:\\\/\\\/solucionescontract.com\\\/fr\\\/producto\\\/table-de-jardin-extensible-riviere\\\/\"]}]},{\"@type\":\"ImageObject\",\"inLanguage\":\"fr-FR\",\"@id\":\"https:\\\/\\\/solucionescontract.com\\\/fr\\\/producto\\\/table-de-jardin-extensible-riviere\\\/#primaryimage\",\"url\":\"https:\\\/\\\/solucionescontract.com\\\/wp-content\\\/uploads\\\/2020\\\/07\\\/Mesa_rio_tortora.jpg\",\"contentUrl\":\"https:\\\/\\\/solucionescontract.com\\\/wp-content\\\/uploads\\\/2020\\\/07\\\/Mesa_rio_tortora.jpg\",\"width\":1164,\"height\":1164,\"caption\":\"Table_rio_extensible\"},{\"@type\":\"BreadcrumbList\",\"@id\":\"https:\\\/\\\/solucionescontract.com\\\/fr\\\/producto\\\/table-de-jardin-extensible-riviere\\\/#breadcrumb\",\"itemListElement\":[{\"@type\":\"ListItem\",\"position\":1,\"name\":\"Inicio\",\"item\":\"https:\\\/\\\/solucionescontract.com\\\/\"},{\"@type\":\"ListItem\",\"position\":2,\"name\":\"Tienda mobiliario contract\",\"item\":\"https:\\\/\\\/solucionescontract.com\\\/tienda-mobiliario-contract\\\/\"},{\"@type\":\"ListItem\",\"position\":3,\"name\":\"Meubles de terrasse et de jardin\",\"item\":\"https:\\\/\\\/solucionescontract.com\\\/fr\\\/categoria-producto\\\/meubles-de-terrasse-et-de-jardin\\\/\"},{\"@type\":\"ListItem\",\"position\":4,\"name\":\"Mesas terraza\",\"item\":\"https:\\\/\\\/solucionescontract.com\\\/categoria-producto\\\/mobiliario-de-terraza-y-jardin\\\/mesas-terraza\\\/\"},{\"@type\":\"ListItem\",\"position\":5,\"name\":\"TABLE DE JARDIN EXTENSIBLE RIO\"}]},{\"@type\":\"WebSite\",\"@id\":\"https:\\\/\\\/solucionescontract.com\\\/#website\",\"url\":\"https:\\\/\\\/solucionescontract.com\\\/\",\"name\":\"Soluciones Contract\",\"description\":\"Venta Mobiliario contract de dise\u00f1o\",\"publisher\":{\"@id\":\"https:\\\/\\\/solucionescontract.com\\\/#organization\"},\"potentialAction\":[{\"@type\":\"SearchAction\",\"target\":{\"@type\":\"EntryPoint\",\"urlTemplate\":\"https:\\\/\\\/solucionescontract.com\\\/?s={search_term_string}\"},\"query-input\":{\"@type\":\"PropertyValueSpecification\",\"valueRequired\":true,\"valueName\":\"search_term_string\"}}],\"inLanguage\":\"fr-FR\"},{\"@type\":\"Organization\",\"@id\":\"https:\\\/\\\/solucionescontract.com\\\/#organization\",\"name\":\"Soluciones Contract\",\"url\":\"https:\\\/\\\/solucionescontract.com\\\/\",\"logo\":{\"@type\":\"ImageObject\",\"inLanguage\":\"fr-FR\",\"@id\":\"https:\\\/\\\/solucionescontract.com\\\/#\\\/schema\\\/logo\\\/image\\\/\",\"url\":\"https:\\\/\\\/solucionescontract.com\\\/wp-content\\\/uploads\\\/2020\\\/02\\\/logoSC.jpg\",\"contentUrl\":\"https:\\\/\\\/solucionescontract.com\\\/wp-content\\\/uploads\\\/2020\\\/02\\\/logoSC.jpg\",\"width\":300,\"height\":125,\"caption\":\"Soluciones Contract\"},\"image\":{\"@id\":\"https:\\\/\\\/solucionescontract.com\\\/#\\\/schema\\\/logo\\\/image\\\/\"},\"sameAs\":[\"https:\\\/\\\/www.facebook.com\\\/solucionescontract\\\/\"]}]}<\/script>\n<!-- \/ Yoast SEO plugin. -->","yoast_head_json":{"title":"TABLE DE JARDIN EXTENSIBLE RIO - Muebles de dise\u00f1o en Soluciones Contract","description":"Achetez TABLE DE JARDIN EXTENSIBLE RIO en ligne dans notre magasin de meubles Contract. Trouvez le meilleur mobilier design pour l'h\u00f4tel, la maison et l'usage commercia","robots":{"index":"index","follow":"follow","max-snippet":"max-snippet:-1","max-image-preview":"max-image-preview:large","max-video-preview":"max-video-preview:-1"},"canonical":"https:\/\/solucionescontract.com\/fr\/producto\/table-de-jardin-extensible-riviere\/","og_locale":"fr_FR","og_type":"article","og_title":"TABLE DE JARDIN EXTENSIBLE RIO - Muebles de dise\u00f1o en Soluciones Contract","og_description":"Achetez TABLE DE JARDIN EXTENSIBLE RIO en ligne dans notre magasin de meubles Contract. Trouvez le meilleur mobilier design pour l'h\u00f4tel, la maison et l'usage commercia","og_url":"https:\/\/solucionescontract.com\/fr\/producto\/table-de-jardin-extensible-riviere\/","og_site_name":"Soluciones Contract","article_publisher":"https:\/\/www.facebook.com\/solucionescontract\/","article_modified_time":"2021-01-04T11:51:44+00:00","og_image":[{"width":1164,"height":1164,"url":"https:\/\/solucionescontract.com\/wp-content\/uploads\/2020\/07\/Mesa_rio_tortora.jpg","type":"image\/jpeg"}],"twitter_card":"summary_large_image","schema":{"@context":"https:\/\/schema.org","@graph":[{"@type":"WebPage","@id":"https:\/\/solucionescontract.com\/fr\/producto\/table-de-jardin-extensible-riviere\/","url":"https:\/\/solucionescontract.com\/fr\/producto\/table-de-jardin-extensible-riviere\/","name":"TABLE DE JARDIN EXTENSIBLE RIO - Muebles de dise\u00f1o en Soluciones Contract","isPartOf":{"@id":"https:\/\/solucionescontract.com\/#website"},"primaryImageOfPage":{"@id":"https:\/\/solucionescontract.com\/fr\/producto\/table-de-jardin-extensible-riviere\/#primaryimage"},"image":{"@id":"https:\/\/solucionescontract.com\/fr\/producto\/table-de-jardin-extensible-riviere\/#primaryimage"},"thumbnailUrl":"https:\/\/solucionescontract.com\/wp-content\/uploads\/2020\/07\/Mesa_rio_tortora.jpg","datePublished":"2020-07-20T14:51:02+00:00","dateModified":"2021-01-04T11:51:44+00:00","description":"Achetez TABLE DE JARDIN EXTENSIBLE RIO en ligne dans notre magasin de meubles Contract. Trouvez le meilleur mobilier design pour l'h\u00f4tel, la maison et l'usage commercia","breadcrumb":{"@id":"https:\/\/solucionescontract.com\/fr\/producto\/table-de-jardin-extensible-riviere\/#breadcrumb"},"inLanguage":"fr-FR","potentialAction":[{"@type":"ReadAction","target":["https:\/\/solucionescontract.com\/fr\/producto\/table-de-jardin-extensible-riviere\/"]}]},{"@type":"ImageObject","inLanguage":"fr-FR","@id":"https:\/\/solucionescontract.com\/fr\/producto\/table-de-jardin-extensible-riviere\/#primaryimage","url":"https:\/\/solucionescontract.com\/wp-content\/uploads\/2020\/07\/Mesa_rio_tortora.jpg","contentUrl":"https:\/\/solucionescontract.com\/wp-content\/uploads\/2020\/07\/Mesa_rio_tortora.jpg","width":1164,"height":1164,"caption":"Table_rio_extensible"},{"@type":"BreadcrumbList","@id":"https:\/\/solucionescontract.com\/fr\/producto\/table-de-jardin-extensible-riviere\/#breadcrumb","itemListElement":[{"@type":"ListItem","position":1,"name":"Inicio","item":"https:\/\/solucionescontract.com\/"},{"@type":"ListItem","position":2,"name":"Tienda mobiliario contract","item":"https:\/\/solucionescontract.com\/tienda-mobiliario-contract\/"},{"@type":"ListItem","position":3,"name":"Meubles de terrasse et de jardin","item":"https:\/\/solucionescontract.com\/fr\/categoria-producto\/meubles-de-terrasse-et-de-jardin\/"},{"@type":"ListItem","position":4,"name":"Mesas terraza","item":"https:\/\/solucionescontract.com\/categoria-producto\/mobiliario-de-terraza-y-jardin\/mesas-terraza\/"},{"@type":"ListItem","position":5,"name":"TABLE DE JARDIN EXTENSIBLE RIO"}]},{"@type":"WebSite","@id":"https:\/\/solucionescontract.com\/#website","url":"https:\/\/solucionescontract.com\/","name":"Soluciones Contract","description":"Venta Mobiliario contract de dise\u00f1o","publisher":{"@id":"https:\/\/solucionescontract.com\/#organization"},"potentialAction":[{"@type":"SearchAction","target":{"@type":"EntryPoint","urlTemplate":"https:\/\/solucionescontract.com\/?s={search_term_string}"},"query-input":{"@type":"PropertyValueSpecification","valueRequired":true,"valueName":"search_term_string"}}],"inLanguage":"fr-FR"},{"@type":"Organization","@id":"https:\/\/solucionescontract.com\/#organization","name":"Soluciones Contract","url":"https:\/\/solucionescontract.com\/","logo":{"@type":"ImageObject","inLanguage":"fr-FR","@id":"https:\/\/solucionescontract.com\/#\/schema\/logo\/image\/","url":"https:\/\/solucionescontract.com\/wp-content\/uploads\/2020\/02\/logoSC.jpg","contentUrl":"https:\/\/solucionescontract.com\/wp-content\/uploads\/2020\/02\/logoSC.jpg","width":300,"height":125,"caption":"Soluciones Contract"},"image":{"@id":"https:\/\/solucionescontract.com\/#\/schema\/logo\/image\/"},"sameAs":["https:\/\/www.facebook.com\/solucionescontract\/"]}]}},"_links":{"self":[{"href":"https:\/\/solucionescontract.com\/fr\/wp-json\/wp\/v2\/product\/18667","targetHints":{"allow":["GET"]}}],"collection":[{"href":"https:\/\/solucionescontract.com\/fr\/wp-json\/wp\/v2\/product"}],"about":[{"href":"https:\/\/solucionescontract.com\/fr\/wp-json\/wp\/v2\/types\/product"}],"replies":[{"embeddable":true,"href":"https:\/\/solucionescontract.com\/fr\/wp-json\/wp\/v2\/comments?post=18667"}],"wp:featuredmedia":[{"embeddable":true,"href":"https:\/\/solucionescontract.com\/fr\/wp-json\/wp\/v2\/media\/17024"}],"wp:attachment":[{"href":"https:\/\/solucionescontract.com\/fr\/wp-json\/wp\/v2\/media?parent=18667"}],"wp:term":[{"taxonomy":"product_brand","embeddable":true,"href":"https:\/\/solucionescontract.com\/fr\/wp-json\/wp\/v2\/product_brand?post=18667"},{"taxonomy":"product_cat","embeddable":true,"href":"https:\/\/solucionescontract.com\/fr\/wp-json\/wp\/v2\/product_cat?post=18667"},{"taxonomy":"product_tag","embeddable":true,"href":"https:\/\/solucionescontract.com\/fr\/wp-json\/wp\/v2\/product_tag?post=18667"}],"curies":[{"name":"wp","href":"https:\/\/api.w.org\/{rel}","templated":true}]}}