{"id":18647,"date":"2020-08-17T17:18:46","date_gmt":"2020-08-17T17:18:46","guid":{"rendered":"https:\/\/www.solucionescontract.com\/producto\/lampe-colette-l003ta\/"},"modified":"2023-07-26T16:25:41","modified_gmt":"2023-07-26T15:25:41","slug":"lampe-colette-l003ta","status":"publish","type":"product","link":"https:\/\/solucionescontract.com\/fr\/producto\/lampe-colette-l003ta\/","title":{"rendered":"LAMPE COLETTE L003TA"},"content":{"rendered":"<h3> LAMPE COLETTE L003TA <\/h3>\n<p><a href=\"https:\/\/solucionescontract.com\/wp-content\/uploads\/2020\/08\/Ficha-tecnica-collete-L003TB.jpg\"><img decoding=\"async\" class=\" wd-lazy-fade alignnone wp-image-10325\" src=\"https:\/\/solucionescontract.com\/wp-content\/themes\/woodmart\/images\/lazy.svg\" data-src=\"https:\/\/solucionescontract.com\/wp-content\/uploads\/2020\/08\/Ficha-tecnica-collete-L003TB-300x119.jpg\" alt=\"\" width=\"350\" height=\"139\" srcset=\"\" data-srcset=\"https:\/\/solucionescontract.com\/wp-content\/uploads\/2020\/08\/Ficha-tecnica-collete-L003TB-300x119.jpg 300w, https:\/\/solucionescontract.com\/wp-content\/uploads\/2020\/08\/Ficha-tecnica-collete-L003TB-150x60.jpg 150w, https:\/\/solucionescontract.com\/wp-content\/uploads\/2020\/08\/Ficha-tecnica-collete-L003TB-800x318.jpg 800w, https:\/\/solucionescontract.com\/wp-content\/uploads\/2020\/08\/Ficha-tecnica-collete-L003TB-1024x407.jpg 1024w, https:\/\/solucionescontract.com\/wp-content\/uploads\/2020\/08\/Ficha-tecnica-collete-L003TB-768x305.jpg 768w, https:\/\/solucionescontract.com\/wp-content\/uploads\/2020\/08\/Ficha-tecnica-collete-L003TB-50x20.jpg 50w, https:\/\/solucionescontract.com\/wp-content\/uploads\/2020\/08\/Ficha-tecnica-collete-L003TB.jpg 1128w\" sizes=\"(max-width: 350px) 100vw, 350px\" \/><\/a><\/script><\/p>\n","protected":false},"excerpt":{"rendered":"<ul>\n<li id \u200b\u200b= \"tw-target-text\" dir = \"ltr\" data-placeholder = \"Translation\"> <span lang = \"en\"> Colette est une lampe de table et de chevet \u00e9l\u00e9gante et fonctionnelle.<br \/>\n<\/span> <\/li>\n<li dir = \"ltr\" data-placeholder = \"Translation\"> Con\u00e7u pour une utilisation contractuelle dans les h\u00f4tels et les bureaux, il brillera dans n&rsquo;importe quel espace de la maison <span lang = \"es\"> gr\u00e2ce \u00e0 la plasticit\u00e9 de ses formes et de ses couleurs. <\/ span> <\/li>\n<li dir = \"ltr\" data-placeholder = \"Translation\"> <span lang = \"en\"> L&rsquo;ensemble de la collection se distingue par ses jeux de lumi\u00e8re. U <\/span> <span lang = \"es\"> n cylindre translucide simule l&rsquo;enfermement du faisceau de lumi\u00e8re pour le laisser briller lentement sur l&rsquo;\u00e9cran, ce qui apporte une grande l\u00e9g\u00e8ret\u00e9 \u00e0 l&rsquo;ensemble gr\u00e2ce \u00e0 sa transparence. <\/span> <\/ li >\n<li dir = \"ltr\" data-placeholder = \"Translation\"> <span lang = \"es\"> C&rsquo;est une lampe enti\u00e8rement en polycarbonate, elle est disponible en diff\u00e9rentes couleurs. <\/span> <\/li>\n<li dir = \"ltr\" data-placeholder = \"Translation\"> <span lang = \"es\"> Achat minimum 2pc.<br \/>\n<\/span> <\/li>\n<\/ul>\n<p><span style = \"color: # 333333;\"> <strong> &#8211; FUM\u00c9 disponible livraison 24H! &#8211;<br \/>\n<\/strong> <\/span><\/p>\n<p><span style = \"color: # 3fc387; font-size: 10pt;\"> <\/span><\/p>\n","protected":false},"featured_media":17058,"comment_status":"open","ping_status":"closed","template":"","meta":[],"product_brand":[],"product_cat":[541,547],"product_tag":[669],"class_list":{"0":"post-18647","1":"product","2":"type-product","3":"status-publish","4":"has-post-thumbnail","6":"product_cat-eclairage-design","7":"product_cat-lampe-de-chevet","8":"product_tag-lampe-de-table","9":"product_shipping_class-gratuit","10":"yith_product_brand-pedrali-fr","12":"first","13":"instock","14":"taxable","15":"shipping-taxable","16":"purchasable","17":"product-type-variable"},"yoast_head":"<!-- This site is optimized with the Yoast SEO plugin v27.4 - https:\/\/yoast.com\/product\/yoast-seo-wordpress\/ -->\n<title>LAMPE COLETTE L003TA - Muebles de dise\u00f1o en Soluciones Contract<\/title>\n<meta name=\"description\" content=\"Compra LAMPE COLETTE L003TA online en nuestra tienda de muebles Contract. Encuentra el mejor MOBILIARIO DE DISE\u00d1O para Hotel, Hogar y uso comercial. Descubre las mejores marcas en nuestro cat\u00e1logo.\" \/>\n<meta name=\"robots\" content=\"index, follow, max-snippet:-1, max-image-preview:large, max-video-preview:-1\" \/>\n<link rel=\"canonical\" href=\"https:\/\/solucionescontract.com\/producto\/lampara-colette-l003ta\/\" \/>\n<meta property=\"og:locale\" content=\"fr_FR\" \/>\n<meta property=\"og:type\" content=\"article\" \/>\n<meta property=\"og:title\" content=\"LAMPE COLETTE L003TA - Muebles de dise\u00f1o en Soluciones Contract\" \/>\n<meta property=\"og:description\" content=\"Compra LAMPE COLETTE L003TA online en nuestra tienda de muebles Contract. Encuentra el mejor MOBILIARIO DE DISE\u00d1O para Hotel, Hogar y uso comercial. Descubre las mejores marcas en nuestro cat\u00e1logo.\" \/>\n<meta property=\"og:url\" content=\"https:\/\/solucionescontract.com\/producto\/lampara-colette-l003ta\/\" \/>\n<meta property=\"og:site_name\" content=\"Soluciones Contract\" \/>\n<meta property=\"article:publisher\" content=\"https:\/\/www.facebook.com\/solucionescontract\/\" \/>\n<meta property=\"article:modified_time\" content=\"2023-07-26T15:25:41+00:00\" \/>\n<meta property=\"og:image\" content=\"https:\/\/solucionescontract.com\/wp-content\/uploads\/2020\/08\/L\u00c1MPARA-COLETTE-L003TA-AMARILLO.jpg\" \/>\n\t<meta property=\"og:image:width\" content=\"1553\" \/>\n\t<meta property=\"og:image:height\" content=\"1552\" \/>\n\t<meta property=\"og:image:type\" content=\"image\/jpeg\" \/>\n<meta name=\"twitter:card\" content=\"summary_large_image\" \/>\n<script type=\"application\/ld+json\" class=\"yoast-schema-graph\">{\"@context\":\"https:\\\/\\\/schema.org\",\"@graph\":[{\"@type\":\"WebPage\",\"@id\":\"https:\\\/\\\/solucionescontract.com\\\/producto\\\/lampara-colette-l003ta\\\/\",\"url\":\"https:\\\/\\\/solucionescontract.com\\\/producto\\\/lampara-colette-l003ta\\\/\",\"name\":\"LAMPE COLETTE L003TA - Muebles de dise\u00f1o en Soluciones Contract\",\"isPartOf\":{\"@id\":\"https:\\\/\\\/solucionescontract.com\\\/#website\"},\"primaryImageOfPage\":{\"@id\":\"https:\\\/\\\/solucionescontract.com\\\/producto\\\/lampara-colette-l003ta\\\/#primaryimage\"},\"image\":{\"@id\":\"https:\\\/\\\/solucionescontract.com\\\/producto\\\/lampara-colette-l003ta\\\/#primaryimage\"},\"thumbnailUrl\":\"https:\\\/\\\/solucionescontract.com\\\/wp-content\\\/uploads\\\/2020\\\/08\\\/L\u00c1MPARA-COLETTE-L003TA-AMARILLO.jpg\",\"datePublished\":\"2020-08-17T17:18:46+00:00\",\"dateModified\":\"2023-07-26T15:25:41+00:00\",\"description\":\"Compra LAMPE COLETTE L003TA online en nuestra tienda de muebles Contract. Encuentra el mejor MOBILIARIO DE DISE\u00d1O para Hotel, Hogar y uso comercial. Descubre las mejores marcas en nuestro cat\u00e1logo.\",\"breadcrumb\":{\"@id\":\"https:\\\/\\\/solucionescontract.com\\\/producto\\\/lampara-colette-l003ta\\\/#breadcrumb\"},\"inLanguage\":\"fr-FR\",\"potentialAction\":[{\"@type\":\"ReadAction\",\"target\":[\"https:\\\/\\\/solucionescontract.com\\\/producto\\\/lampara-colette-l003ta\\\/\"]}]},{\"@type\":\"ImageObject\",\"inLanguage\":\"fr-FR\",\"@id\":\"https:\\\/\\\/solucionescontract.com\\\/producto\\\/lampara-colette-l003ta\\\/#primaryimage\",\"url\":\"https:\\\/\\\/solucionescontract.com\\\/wp-content\\\/uploads\\\/2020\\\/08\\\/L\u00c1MPARA-COLETTE-L003TA-AMARILLO.jpg\",\"contentUrl\":\"https:\\\/\\\/solucionescontract.com\\\/wp-content\\\/uploads\\\/2020\\\/08\\\/L\u00c1MPARA-COLETTE-L003TA-AMARILLO.jpg\",\"width\":1553,\"height\":1552},{\"@type\":\"BreadcrumbList\",\"@id\":\"https:\\\/\\\/solucionescontract.com\\\/producto\\\/lampara-colette-l003ta\\\/#breadcrumb\",\"itemListElement\":[{\"@type\":\"ListItem\",\"position\":1,\"name\":\"Inicio\",\"item\":\"https:\\\/\\\/solucionescontract.com\\\/\"},{\"@type\":\"ListItem\",\"position\":2,\"name\":\"Tienda mobiliario contract\",\"item\":\"https:\\\/\\\/solucionescontract.com\\\/tienda-mobiliario-contract\\\/\"},{\"@type\":\"ListItem\",\"position\":3,\"name\":\"Iluminaci\u00f3n de dise\u00f1o\",\"item\":\"https:\\\/\\\/solucionescontract.com\\\/categoria-producto\\\/iluminacion-de-diseno\\\/\"},{\"@type\":\"ListItem\",\"position\":4,\"name\":\"L\u00e1mparas de mesa\",\"item\":\"https:\\\/\\\/solucionescontract.com\\\/categoria-producto\\\/iluminacion-de-diseno\\\/lamparas-de-mesa\\\/\"},{\"@type\":\"ListItem\",\"position\":5,\"name\":\"LAMPE COLETTE L003TA\"}]},{\"@type\":\"WebSite\",\"@id\":\"https:\\\/\\\/solucionescontract.com\\\/#website\",\"url\":\"https:\\\/\\\/solucionescontract.com\\\/\",\"name\":\"Soluciones Contract\",\"description\":\"Venta Mobiliario contract de dise\u00f1o\",\"publisher\":{\"@id\":\"https:\\\/\\\/solucionescontract.com\\\/#organization\"},\"potentialAction\":[{\"@type\":\"SearchAction\",\"target\":{\"@type\":\"EntryPoint\",\"urlTemplate\":\"https:\\\/\\\/solucionescontract.com\\\/?s={search_term_string}\"},\"query-input\":{\"@type\":\"PropertyValueSpecification\",\"valueRequired\":true,\"valueName\":\"search_term_string\"}}],\"inLanguage\":\"fr-FR\"},{\"@type\":\"Organization\",\"@id\":\"https:\\\/\\\/solucionescontract.com\\\/#organization\",\"name\":\"Soluciones Contract\",\"url\":\"https:\\\/\\\/solucionescontract.com\\\/\",\"logo\":{\"@type\":\"ImageObject\",\"inLanguage\":\"fr-FR\",\"@id\":\"https:\\\/\\\/solucionescontract.com\\\/#\\\/schema\\\/logo\\\/image\\\/\",\"url\":\"https:\\\/\\\/solucionescontract.com\\\/wp-content\\\/uploads\\\/2020\\\/02\\\/logoSC.jpg\",\"contentUrl\":\"https:\\\/\\\/solucionescontract.com\\\/wp-content\\\/uploads\\\/2020\\\/02\\\/logoSC.jpg\",\"width\":300,\"height\":125,\"caption\":\"Soluciones Contract\"},\"image\":{\"@id\":\"https:\\\/\\\/solucionescontract.com\\\/#\\\/schema\\\/logo\\\/image\\\/\"},\"sameAs\":[\"https:\\\/\\\/www.facebook.com\\\/solucionescontract\\\/\"]}]}<\/script>\n<!-- \/ Yoast SEO plugin. -->","yoast_head_json":{"title":"LAMPE COLETTE L003TA - Muebles de dise\u00f1o en Soluciones Contract","description":"Compra LAMPE COLETTE L003TA online en nuestra tienda de muebles Contract. Encuentra el mejor MOBILIARIO DE DISE\u00d1O para Hotel, Hogar y uso comercial. Descubre las mejores marcas en nuestro cat\u00e1logo.","robots":{"index":"index","follow":"follow","max-snippet":"max-snippet:-1","max-image-preview":"max-image-preview:large","max-video-preview":"max-video-preview:-1"},"canonical":"https:\/\/solucionescontract.com\/producto\/lampara-colette-l003ta\/","og_locale":"fr_FR","og_type":"article","og_title":"LAMPE COLETTE L003TA - Muebles de dise\u00f1o en Soluciones Contract","og_description":"Compra LAMPE COLETTE L003TA online en nuestra tienda de muebles Contract. Encuentra el mejor MOBILIARIO DE DISE\u00d1O para Hotel, Hogar y uso comercial. Descubre las mejores marcas en nuestro cat\u00e1logo.","og_url":"https:\/\/solucionescontract.com\/producto\/lampara-colette-l003ta\/","og_site_name":"Soluciones Contract","article_publisher":"https:\/\/www.facebook.com\/solucionescontract\/","article_modified_time":"2023-07-26T15:25:41+00:00","og_image":[{"width":1553,"height":1552,"url":"https:\/\/solucionescontract.com\/wp-content\/uploads\/2020\/08\/L\u00c1MPARA-COLETTE-L003TA-AMARILLO.jpg","type":"image\/jpeg"}],"twitter_card":"summary_large_image","schema":{"@context":"https:\/\/schema.org","@graph":[{"@type":"WebPage","@id":"https:\/\/solucionescontract.com\/producto\/lampara-colette-l003ta\/","url":"https:\/\/solucionescontract.com\/producto\/lampara-colette-l003ta\/","name":"LAMPE COLETTE L003TA - Muebles de dise\u00f1o en Soluciones Contract","isPartOf":{"@id":"https:\/\/solucionescontract.com\/#website"},"primaryImageOfPage":{"@id":"https:\/\/solucionescontract.com\/producto\/lampara-colette-l003ta\/#primaryimage"},"image":{"@id":"https:\/\/solucionescontract.com\/producto\/lampara-colette-l003ta\/#primaryimage"},"thumbnailUrl":"https:\/\/solucionescontract.com\/wp-content\/uploads\/2020\/08\/L\u00c1MPARA-COLETTE-L003TA-AMARILLO.jpg","datePublished":"2020-08-17T17:18:46+00:00","dateModified":"2023-07-26T15:25:41+00:00","description":"Compra LAMPE COLETTE L003TA online en nuestra tienda de muebles Contract. Encuentra el mejor MOBILIARIO DE DISE\u00d1O para Hotel, Hogar y uso comercial. Descubre las mejores marcas en nuestro cat\u00e1logo.","breadcrumb":{"@id":"https:\/\/solucionescontract.com\/producto\/lampara-colette-l003ta\/#breadcrumb"},"inLanguage":"fr-FR","potentialAction":[{"@type":"ReadAction","target":["https:\/\/solucionescontract.com\/producto\/lampara-colette-l003ta\/"]}]},{"@type":"ImageObject","inLanguage":"fr-FR","@id":"https:\/\/solucionescontract.com\/producto\/lampara-colette-l003ta\/#primaryimage","url":"https:\/\/solucionescontract.com\/wp-content\/uploads\/2020\/08\/L\u00c1MPARA-COLETTE-L003TA-AMARILLO.jpg","contentUrl":"https:\/\/solucionescontract.com\/wp-content\/uploads\/2020\/08\/L\u00c1MPARA-COLETTE-L003TA-AMARILLO.jpg","width":1553,"height":1552},{"@type":"BreadcrumbList","@id":"https:\/\/solucionescontract.com\/producto\/lampara-colette-l003ta\/#breadcrumb","itemListElement":[{"@type":"ListItem","position":1,"name":"Inicio","item":"https:\/\/solucionescontract.com\/"},{"@type":"ListItem","position":2,"name":"Tienda mobiliario contract","item":"https:\/\/solucionescontract.com\/tienda-mobiliario-contract\/"},{"@type":"ListItem","position":3,"name":"Iluminaci\u00f3n de dise\u00f1o","item":"https:\/\/solucionescontract.com\/categoria-producto\/iluminacion-de-diseno\/"},{"@type":"ListItem","position":4,"name":"L\u00e1mparas de mesa","item":"https:\/\/solucionescontract.com\/categoria-producto\/iluminacion-de-diseno\/lamparas-de-mesa\/"},{"@type":"ListItem","position":5,"name":"LAMPE COLETTE L003TA"}]},{"@type":"WebSite","@id":"https:\/\/solucionescontract.com\/#website","url":"https:\/\/solucionescontract.com\/","name":"Soluciones Contract","description":"Venta Mobiliario contract de dise\u00f1o","publisher":{"@id":"https:\/\/solucionescontract.com\/#organization"},"potentialAction":[{"@type":"SearchAction","target":{"@type":"EntryPoint","urlTemplate":"https:\/\/solucionescontract.com\/?s={search_term_string}"},"query-input":{"@type":"PropertyValueSpecification","valueRequired":true,"valueName":"search_term_string"}}],"inLanguage":"fr-FR"},{"@type":"Organization","@id":"https:\/\/solucionescontract.com\/#organization","name":"Soluciones Contract","url":"https:\/\/solucionescontract.com\/","logo":{"@type":"ImageObject","inLanguage":"fr-FR","@id":"https:\/\/solucionescontract.com\/#\/schema\/logo\/image\/","url":"https:\/\/solucionescontract.com\/wp-content\/uploads\/2020\/02\/logoSC.jpg","contentUrl":"https:\/\/solucionescontract.com\/wp-content\/uploads\/2020\/02\/logoSC.jpg","width":300,"height":125,"caption":"Soluciones Contract"},"image":{"@id":"https:\/\/solucionescontract.com\/#\/schema\/logo\/image\/"},"sameAs":["https:\/\/www.facebook.com\/solucionescontract\/"]}]}},"_links":{"self":[{"href":"https:\/\/solucionescontract.com\/fr\/wp-json\/wp\/v2\/product\/18647","targetHints":{"allow":["GET"]}}],"collection":[{"href":"https:\/\/solucionescontract.com\/fr\/wp-json\/wp\/v2\/product"}],"about":[{"href":"https:\/\/solucionescontract.com\/fr\/wp-json\/wp\/v2\/types\/product"}],"replies":[{"embeddable":true,"href":"https:\/\/solucionescontract.com\/fr\/wp-json\/wp\/v2\/comments?post=18647"}],"wp:featuredmedia":[{"embeddable":true,"href":"https:\/\/solucionescontract.com\/fr\/wp-json\/wp\/v2\/media\/17058"}],"wp:attachment":[{"href":"https:\/\/solucionescontract.com\/fr\/wp-json\/wp\/v2\/media?parent=18647"}],"wp:term":[{"taxonomy":"product_brand","embeddable":true,"href":"https:\/\/solucionescontract.com\/fr\/wp-json\/wp\/v2\/product_brand?post=18647"},{"taxonomy":"product_cat","embeddable":true,"href":"https:\/\/solucionescontract.com\/fr\/wp-json\/wp\/v2\/product_cat?post=18647"},{"taxonomy":"product_tag","embeddable":true,"href":"https:\/\/solucionescontract.com\/fr\/wp-json\/wp\/v2\/product_tag?post=18647"}],"curies":[{"name":"wp","href":"https:\/\/api.w.org\/{rel}","templated":true}]}}