{"id":18525,"date":"2020-09-08T17:41:16","date_gmt":"2020-09-08T17:41:16","guid":{"rendered":"https:\/\/www.solucionescontract.com\/producto\/matelas-noyau-senzair\/"},"modified":"2020-12-28T16:17:31","modified_gmt":"2020-12-28T16:17:31","slug":"matelas-noyau-senzair","status":"publish","type":"product","link":"https:\/\/solucionescontract.com\/fr\/producto\/matelas-noyau-senzair\/","title":{"rendered":"MATELAS SENZAIR CORE"},"content":{"rendered":"<h3> Matelas \u00e0 \u00e2me mauve SENZAIR <\/h3>\n<p><a href=\"https:\/\/solucionescontract.com\/wp-content\/uploads\/2020\/09\/COLCHON-SENZAIR-ficha-tecnica.jpg\"><img decoding=\"async\" class=\" wd-lazy-fade alignnone wp-image-10411 size-medium\" src=\"https:\/\/solucionescontract.com\/wp-content\/themes\/woodmart\/images\/lazy.svg\" data-src=\"https:\/\/solucionescontract.com\/wp-content\/uploads\/2020\/09\/COLCHON-SENZAIR-ficha-tecnica-300x133.jpg\" alt=\"\" width=\"300\" height=\"133\" srcset=\"\" data-srcset=\"https:\/\/solucionescontract.com\/wp-content\/uploads\/2020\/09\/COLCHON-SENZAIR-ficha-tecnica-300x133.jpg 300w, https:\/\/solucionescontract.com\/wp-content\/uploads\/2020\/09\/COLCHON-SENZAIR-ficha-tecnica-150x66.jpg 150w, https:\/\/solucionescontract.com\/wp-content\/uploads\/2020\/09\/COLCHON-SENZAIR-ficha-tecnica-800x354.jpg 800w, https:\/\/solucionescontract.com\/wp-content\/uploads\/2020\/09\/COLCHON-SENZAIR-ficha-tecnica-1024x453.jpg 1024w, https:\/\/solucionescontract.com\/wp-content\/uploads\/2020\/09\/COLCHON-SENZAIR-ficha-tecnica-768x340.jpg 768w, https:\/\/solucionescontract.com\/wp-content\/uploads\/2020\/09\/COLCHON-SENZAIR-ficha-tecnica-1536x679.jpg 1536w, https:\/\/solucionescontract.com\/wp-content\/uploads\/2020\/09\/COLCHON-SENZAIR-ficha-tecnica-45x20.jpg 45w, https:\/\/solucionescontract.com\/wp-content\/uploads\/2020\/09\/COLCHON-SENZAIR-ficha-tecnica.jpg 1916w\" sizes=\"(max-width: 300px) 100vw, 300px\" \/><\/a><\/p>\n<p>&nbsp;<\/p>\n<ul>\n<li> FERMET\u00c9 DE GRADE 4\/6 <\/li>\n<li> ADAPTABILIT\u00c9 6\/6 <\/li>\n<li> IND\u00c9PENDANCE DES LITS 6\/6 <\/li>\n<\/ul>\n<p>&nbsp;<\/script><\/p>\n","protected":false},"excerpt":{"rendered":"<ul>\n<li style = \"text-align: justify;\"> Matelas \u00e0 \u00e2me haute densit\u00e9 <strong> MALVA HR <\/strong>. Incorpore de l&rsquo;extrait de mauve, dont les propri\u00e9t\u00e9s relaxantes, apaisantes, rafra\u00eechissantes et anti-inflammatoires procurent un repos profond et r\u00e9parateur. <\/li>\n<li style = \"text-align: justify;\"> Avec <strong> VISCOAIR <\/strong>, un mat\u00e9riau \u00e0 haute densit\u00e9 et \u00e0 porosit\u00e9 plus \u00e9lev\u00e9e qui offre un plus grand confort et une plus grande respirabilit\u00e9 au repos. (DES DEUX C\u00d4T\u00c9S). <\/li>\n<li> Rembourrage en tissu extensible tr\u00e8s \u00e9pais. <\/li>\n<li> Tissu anti-acariens (hygi\u00e8ne et protection contre les micro-organismes). <\/li>\n<li> Hauteur du matelas 30 cm. <\/li>\n<\/ul>\n","protected":false},"featured_media":17118,"comment_status":"open","ping_status":"closed","template":"","meta":[],"product_brand":[],"product_cat":[603,597],"product_tag":[736,766],"class_list":{"0":"post-18525","1":"product","2":"type-product","3":"status-publish","4":"has-post-thumbnail","6":"product_cat-matelas-dhotel","7":"product_cat-meubles-de-repos","8":"product_tag-nucleo-fr","9":"product_tag-viscoelastica-fr","10":"product_shipping_class-gratuit","11":"yith_product_brand-flesan-fr","13":"first","14":"instock","15":"taxable","16":"shipping-taxable","17":"purchasable","18":"product-type-variable"},"yoast_head":"<!-- This site is optimized with the Yoast SEO plugin v27.3 - https:\/\/yoast.com\/product\/yoast-seo-wordpress\/ -->\n<title>MATELAS SENZAIR CORE - Muebles de dise\u00f1o en Soluciones Contract<\/title>\n<meta name=\"description\" content=\"Compra MATELAS SENZAIR CORE online en nuestra tienda de muebles Contract. Encuentra el mejor MOBILIARIO DE DISE\u00d1O para Hotel, Hogar y uso comercial\" \/>\n<meta name=\"robots\" content=\"index, follow, max-snippet:-1, max-image-preview:large, max-video-preview:-1\" \/>\n<link rel=\"canonical\" href=\"https:\/\/solucionescontract.com\/fr\/producto\/matelas-noyau-senzair\/\" \/>\n<meta property=\"og:locale\" content=\"fr_FR\" \/>\n<meta property=\"og:type\" content=\"article\" \/>\n<meta property=\"og:title\" content=\"MATELAS SENZAIR CORE - Muebles de dise\u00f1o en Soluciones Contract\" \/>\n<meta property=\"og:description\" content=\"Compra MATELAS SENZAIR CORE online en nuestra tienda de muebles Contract. Encuentra el mejor MOBILIARIO DE DISE\u00d1O para Hotel, Hogar y uso comercial\" \/>\n<meta property=\"og:url\" content=\"https:\/\/solucionescontract.com\/fr\/producto\/matelas-noyau-senzair\/\" \/>\n<meta property=\"og:site_name\" content=\"Soluciones Contract\" \/>\n<meta property=\"article:publisher\" content=\"https:\/\/www.facebook.com\/solucionescontract\/\" \/>\n<meta property=\"article:modified_time\" content=\"2020-12-28T16:17:31+00:00\" \/>\n<meta property=\"og:image\" content=\"https:\/\/solucionescontract.com\/wp-content\/uploads\/2020\/09\/COLCHON-SENZAIR.jpg\" \/>\n\t<meta property=\"og:image:width\" content=\"1105\" \/>\n\t<meta property=\"og:image:height\" content=\"1106\" \/>\n\t<meta property=\"og:image:type\" content=\"image\/jpeg\" \/>\n<meta name=\"twitter:card\" content=\"summary_large_image\" \/>\n<script type=\"application\/ld+json\" class=\"yoast-schema-graph\">{\"@context\":\"https:\\\/\\\/schema.org\",\"@graph\":[{\"@type\":\"WebPage\",\"@id\":\"https:\\\/\\\/solucionescontract.com\\\/fr\\\/producto\\\/matelas-noyau-senzair\\\/\",\"url\":\"https:\\\/\\\/solucionescontract.com\\\/fr\\\/producto\\\/matelas-noyau-senzair\\\/\",\"name\":\"MATELAS SENZAIR CORE - Muebles de dise\u00f1o en Soluciones Contract\",\"isPartOf\":{\"@id\":\"https:\\\/\\\/solucionescontract.com\\\/#website\"},\"primaryImageOfPage\":{\"@id\":\"https:\\\/\\\/solucionescontract.com\\\/fr\\\/producto\\\/matelas-noyau-senzair\\\/#primaryimage\"},\"image\":{\"@id\":\"https:\\\/\\\/solucionescontract.com\\\/fr\\\/producto\\\/matelas-noyau-senzair\\\/#primaryimage\"},\"thumbnailUrl\":\"https:\\\/\\\/solucionescontract.com\\\/wp-content\\\/uploads\\\/2020\\\/09\\\/COLCHON-SENZAIR.jpg\",\"datePublished\":\"2020-09-08T17:41:16+00:00\",\"dateModified\":\"2020-12-28T16:17:31+00:00\",\"description\":\"Compra MATELAS SENZAIR CORE online en nuestra tienda de muebles Contract. Encuentra el mejor MOBILIARIO DE DISE\u00d1O para Hotel, Hogar y uso comercial\",\"breadcrumb\":{\"@id\":\"https:\\\/\\\/solucionescontract.com\\\/fr\\\/producto\\\/matelas-noyau-senzair\\\/#breadcrumb\"},\"inLanguage\":\"fr-FR\",\"potentialAction\":[{\"@type\":\"ReadAction\",\"target\":[\"https:\\\/\\\/solucionescontract.com\\\/fr\\\/producto\\\/matelas-noyau-senzair\\\/\"]}]},{\"@type\":\"ImageObject\",\"inLanguage\":\"fr-FR\",\"@id\":\"https:\\\/\\\/solucionescontract.com\\\/fr\\\/producto\\\/matelas-noyau-senzair\\\/#primaryimage\",\"url\":\"https:\\\/\\\/solucionescontract.com\\\/wp-content\\\/uploads\\\/2020\\\/09\\\/COLCHON-SENZAIR.jpg\",\"contentUrl\":\"https:\\\/\\\/solucionescontract.com\\\/wp-content\\\/uploads\\\/2020\\\/09\\\/COLCHON-SENZAIR.jpg\",\"width\":1105,\"height\":1106,\"caption\":\"matelas nucl\u00e9o_senzair_\"},{\"@type\":\"BreadcrumbList\",\"@id\":\"https:\\\/\\\/solucionescontract.com\\\/fr\\\/producto\\\/matelas-noyau-senzair\\\/#breadcrumb\",\"itemListElement\":[{\"@type\":\"ListItem\",\"position\":1,\"name\":\"Inicio\",\"item\":\"https:\\\/\\\/solucionescontract.com\\\/\"},{\"@type\":\"ListItem\",\"position\":2,\"name\":\"Tienda mobiliario contract\",\"item\":\"https:\\\/\\\/solucionescontract.com\\\/tienda-mobiliario-contract\\\/\"},{\"@type\":\"ListItem\",\"position\":3,\"name\":\"Mobiliario para Descanso\",\"item\":\"https:\\\/\\\/solucionescontract.com\\\/categoria-producto\\\/mobiliario-para-descanso\\\/\"},{\"@type\":\"ListItem\",\"position\":4,\"name\":\"Colchones (Producto disponible solo para usuarios registrados)\",\"item\":\"https:\\\/\\\/solucionescontract.com\\\/categoria-producto\\\/mobiliario-para-descanso\\\/colchones-para-hotel\\\/\"},{\"@type\":\"ListItem\",\"position\":5,\"name\":\"MATELAS SENZAIR CORE\"}]},{\"@type\":\"WebSite\",\"@id\":\"https:\\\/\\\/solucionescontract.com\\\/#website\",\"url\":\"https:\\\/\\\/solucionescontract.com\\\/\",\"name\":\"Soluciones Contract\",\"description\":\"Venta Mobiliario contract de dise\u00f1o\",\"publisher\":{\"@id\":\"https:\\\/\\\/solucionescontract.com\\\/#organization\"},\"potentialAction\":[{\"@type\":\"SearchAction\",\"target\":{\"@type\":\"EntryPoint\",\"urlTemplate\":\"https:\\\/\\\/solucionescontract.com\\\/?s={search_term_string}\"},\"query-input\":{\"@type\":\"PropertyValueSpecification\",\"valueRequired\":true,\"valueName\":\"search_term_string\"}}],\"inLanguage\":\"fr-FR\"},{\"@type\":\"Organization\",\"@id\":\"https:\\\/\\\/solucionescontract.com\\\/#organization\",\"name\":\"Soluciones Contract\",\"url\":\"https:\\\/\\\/solucionescontract.com\\\/\",\"logo\":{\"@type\":\"ImageObject\",\"inLanguage\":\"fr-FR\",\"@id\":\"https:\\\/\\\/solucionescontract.com\\\/#\\\/schema\\\/logo\\\/image\\\/\",\"url\":\"https:\\\/\\\/solucionescontract.com\\\/wp-content\\\/uploads\\\/2020\\\/02\\\/logoSC.jpg\",\"contentUrl\":\"https:\\\/\\\/solucionescontract.com\\\/wp-content\\\/uploads\\\/2020\\\/02\\\/logoSC.jpg\",\"width\":300,\"height\":125,\"caption\":\"Soluciones Contract\"},\"image\":{\"@id\":\"https:\\\/\\\/solucionescontract.com\\\/#\\\/schema\\\/logo\\\/image\\\/\"},\"sameAs\":[\"https:\\\/\\\/www.facebook.com\\\/solucionescontract\\\/\"]}]}<\/script>\n<!-- \/ Yoast SEO plugin. -->","yoast_head_json":{"title":"MATELAS SENZAIR CORE - Muebles de dise\u00f1o en Soluciones Contract","description":"Compra MATELAS SENZAIR CORE online en nuestra tienda de muebles Contract. Encuentra el mejor MOBILIARIO DE DISE\u00d1O para Hotel, Hogar y uso comercial","robots":{"index":"index","follow":"follow","max-snippet":"max-snippet:-1","max-image-preview":"max-image-preview:large","max-video-preview":"max-video-preview:-1"},"canonical":"https:\/\/solucionescontract.com\/fr\/producto\/matelas-noyau-senzair\/","og_locale":"fr_FR","og_type":"article","og_title":"MATELAS SENZAIR CORE - Muebles de dise\u00f1o en Soluciones Contract","og_description":"Compra MATELAS SENZAIR CORE online en nuestra tienda de muebles Contract. Encuentra el mejor MOBILIARIO DE DISE\u00d1O para Hotel, Hogar y uso comercial","og_url":"https:\/\/solucionescontract.com\/fr\/producto\/matelas-noyau-senzair\/","og_site_name":"Soluciones Contract","article_publisher":"https:\/\/www.facebook.com\/solucionescontract\/","article_modified_time":"2020-12-28T16:17:31+00:00","og_image":[{"width":1105,"height":1106,"url":"https:\/\/solucionescontract.com\/wp-content\/uploads\/2020\/09\/COLCHON-SENZAIR.jpg","type":"image\/jpeg"}],"twitter_card":"summary_large_image","schema":{"@context":"https:\/\/schema.org","@graph":[{"@type":"WebPage","@id":"https:\/\/solucionescontract.com\/fr\/producto\/matelas-noyau-senzair\/","url":"https:\/\/solucionescontract.com\/fr\/producto\/matelas-noyau-senzair\/","name":"MATELAS SENZAIR CORE - Muebles de dise\u00f1o en Soluciones Contract","isPartOf":{"@id":"https:\/\/solucionescontract.com\/#website"},"primaryImageOfPage":{"@id":"https:\/\/solucionescontract.com\/fr\/producto\/matelas-noyau-senzair\/#primaryimage"},"image":{"@id":"https:\/\/solucionescontract.com\/fr\/producto\/matelas-noyau-senzair\/#primaryimage"},"thumbnailUrl":"https:\/\/solucionescontract.com\/wp-content\/uploads\/2020\/09\/COLCHON-SENZAIR.jpg","datePublished":"2020-09-08T17:41:16+00:00","dateModified":"2020-12-28T16:17:31+00:00","description":"Compra MATELAS SENZAIR CORE online en nuestra tienda de muebles Contract. Encuentra el mejor MOBILIARIO DE DISE\u00d1O para Hotel, Hogar y uso comercial","breadcrumb":{"@id":"https:\/\/solucionescontract.com\/fr\/producto\/matelas-noyau-senzair\/#breadcrumb"},"inLanguage":"fr-FR","potentialAction":[{"@type":"ReadAction","target":["https:\/\/solucionescontract.com\/fr\/producto\/matelas-noyau-senzair\/"]}]},{"@type":"ImageObject","inLanguage":"fr-FR","@id":"https:\/\/solucionescontract.com\/fr\/producto\/matelas-noyau-senzair\/#primaryimage","url":"https:\/\/solucionescontract.com\/wp-content\/uploads\/2020\/09\/COLCHON-SENZAIR.jpg","contentUrl":"https:\/\/solucionescontract.com\/wp-content\/uploads\/2020\/09\/COLCHON-SENZAIR.jpg","width":1105,"height":1106,"caption":"matelas nucl\u00e9o_senzair_"},{"@type":"BreadcrumbList","@id":"https:\/\/solucionescontract.com\/fr\/producto\/matelas-noyau-senzair\/#breadcrumb","itemListElement":[{"@type":"ListItem","position":1,"name":"Inicio","item":"https:\/\/solucionescontract.com\/"},{"@type":"ListItem","position":2,"name":"Tienda mobiliario contract","item":"https:\/\/solucionescontract.com\/tienda-mobiliario-contract\/"},{"@type":"ListItem","position":3,"name":"Mobiliario para Descanso","item":"https:\/\/solucionescontract.com\/categoria-producto\/mobiliario-para-descanso\/"},{"@type":"ListItem","position":4,"name":"Colchones (Producto disponible solo para usuarios registrados)","item":"https:\/\/solucionescontract.com\/categoria-producto\/mobiliario-para-descanso\/colchones-para-hotel\/"},{"@type":"ListItem","position":5,"name":"MATELAS SENZAIR CORE"}]},{"@type":"WebSite","@id":"https:\/\/solucionescontract.com\/#website","url":"https:\/\/solucionescontract.com\/","name":"Soluciones Contract","description":"Venta Mobiliario contract de dise\u00f1o","publisher":{"@id":"https:\/\/solucionescontract.com\/#organization"},"potentialAction":[{"@type":"SearchAction","target":{"@type":"EntryPoint","urlTemplate":"https:\/\/solucionescontract.com\/?s={search_term_string}"},"query-input":{"@type":"PropertyValueSpecification","valueRequired":true,"valueName":"search_term_string"}}],"inLanguage":"fr-FR"},{"@type":"Organization","@id":"https:\/\/solucionescontract.com\/#organization","name":"Soluciones Contract","url":"https:\/\/solucionescontract.com\/","logo":{"@type":"ImageObject","inLanguage":"fr-FR","@id":"https:\/\/solucionescontract.com\/#\/schema\/logo\/image\/","url":"https:\/\/solucionescontract.com\/wp-content\/uploads\/2020\/02\/logoSC.jpg","contentUrl":"https:\/\/solucionescontract.com\/wp-content\/uploads\/2020\/02\/logoSC.jpg","width":300,"height":125,"caption":"Soluciones Contract"},"image":{"@id":"https:\/\/solucionescontract.com\/#\/schema\/logo\/image\/"},"sameAs":["https:\/\/www.facebook.com\/solucionescontract\/"]}]}},"_links":{"self":[{"href":"https:\/\/solucionescontract.com\/fr\/wp-json\/wp\/v2\/product\/18525","targetHints":{"allow":["GET"]}}],"collection":[{"href":"https:\/\/solucionescontract.com\/fr\/wp-json\/wp\/v2\/product"}],"about":[{"href":"https:\/\/solucionescontract.com\/fr\/wp-json\/wp\/v2\/types\/product"}],"replies":[{"embeddable":true,"href":"https:\/\/solucionescontract.com\/fr\/wp-json\/wp\/v2\/comments?post=18525"}],"wp:featuredmedia":[{"embeddable":true,"href":"https:\/\/solucionescontract.com\/fr\/wp-json\/wp\/v2\/media\/17118"}],"wp:attachment":[{"href":"https:\/\/solucionescontract.com\/fr\/wp-json\/wp\/v2\/media?parent=18525"}],"wp:term":[{"taxonomy":"product_brand","embeddable":true,"href":"https:\/\/solucionescontract.com\/fr\/wp-json\/wp\/v2\/product_brand?post=18525"},{"taxonomy":"product_cat","embeddable":true,"href":"https:\/\/solucionescontract.com\/fr\/wp-json\/wp\/v2\/product_cat?post=18525"},{"taxonomy":"product_tag","embeddable":true,"href":"https:\/\/solucionescontract.com\/fr\/wp-json\/wp\/v2\/product_tag?post=18525"}],"curies":[{"name":"wp","href":"https:\/\/api.w.org\/{rel}","templated":true}]}}