{"id":18500,"date":"2020-09-15T09:04:08","date_gmt":"2020-09-15T09:04:08","guid":{"rendered":"https:\/\/www.solucionescontract.com\/producto\/matelas-articule-premium\/"},"modified":"2020-12-28T16:17:20","modified_gmt":"2020-12-28T16:17:20","slug":"matelas-articule-premium","status":"publish","type":"product","link":"https:\/\/solucionescontract.com\/fr\/producto\/matelas-articule-premium\/","title":{"rendered":"MATELAS ARTICULANT PREMIUM"},"content":{"rendered":"<h3> Matelas \u00e0 \u00e2me articul\u00e9e haut de gamme <\/h3>\n<p><a href=\"https:\/\/solucionescontract.com\/wp-content\/uploads\/2020\/09\/Colchon-Premium-caracteristicas.jpg\"><img decoding=\"async\" class=\" wd-lazy-fade alignnone wp-image-10405 size-medium\" src=\"https:\/\/solucionescontract.com\/wp-content\/themes\/woodmart\/images\/lazy.svg\" data-src=\"https:\/\/solucionescontract.com\/wp-content\/uploads\/2020\/09\/Colchon-Premium-caracteristicas-300x147.jpg\" alt=\"\" width=\"300\" height=\"147\" srcset=\"\" data-srcset=\"https:\/\/solucionescontract.com\/wp-content\/uploads\/2020\/09\/Colchon-Premium-caracteristicas-300x147.jpg 300w, https:\/\/solucionescontract.com\/wp-content\/uploads\/2020\/09\/Colchon-Premium-caracteristicas-150x74.jpg 150w, https:\/\/solucionescontract.com\/wp-content\/uploads\/2020\/09\/Colchon-Premium-caracteristicas-800x392.jpg 800w, https:\/\/solucionescontract.com\/wp-content\/uploads\/2020\/09\/Colchon-Premium-caracteristicas-1024x502.jpg 1024w, https:\/\/solucionescontract.com\/wp-content\/uploads\/2020\/09\/Colchon-Premium-caracteristicas-768x377.jpg 768w, https:\/\/solucionescontract.com\/wp-content\/uploads\/2020\/09\/Colchon-Premium-caracteristicas-41x20.jpg 41w, https:\/\/solucionescontract.com\/wp-content\/uploads\/2020\/09\/Colchon-Premium-caracteristicas.jpg 1464w\" sizes=\"(max-width: 300px) 100vw, 300px\" \/><\/a><\/p>\n<ul>\n<li>GRADO FIRMEZA 4\/6<\/li>\n<li>ADAPTABILIDAD 5\/6<\/li>\n<li>INDEPENDENCIA DE LECHOS 4\/6<\/li>\n<\/ul>\n<p>&nbsp;<\/script><\/p>\n","protected":false},"excerpt":{"rendered":"<ul>\n<li style = \"text-align: justify;\"> HR noyau de 28 kg. en carbone (propri\u00e9t\u00e9s exemptes d&rsquo;odeurs et d&rsquo;humidit\u00e9, \u00e9limine l&rsquo;\u00e9lectricit\u00e9 <br \/>\nstatique accumul\u00e9e dans le corps). <\/li>\n<li style = \"text-align: justify;\"> Avec 3 cm. viscografen sur un c\u00f4t\u00e9 pour un d\u00e9gagement de chaleur accru. <\/li>\n<li> Rembourrage en tissu extensible tr\u00e8s \u00e9pais. <\/li>\n<li> Amovible <\/li>\n<li> Tissu anti-acariens (hygi\u00e8ne et protection contre les micro-organismes). <\/li>\n<li> Hauteur du matelas 20 cm. <\/li>\n<\/ul>\n","protected":false},"featured_media":17102,"comment_status":"open","ping_status":"closed","template":"","meta":[],"product_brand":[],"product_cat":[603,597],"product_tag":[736,695,766,822],"class_list":{"0":"post-18500","1":"product","2":"type-product","3":"status-publish","4":"has-post-thumbnail","6":"product_cat-matelas-dhotel","7":"product_cat-meubles-de-repos","8":"product_tag-nucleo-fr","9":"product_tag-cama-articulable-fr","10":"product_tag-viscoelastica-fr","11":"product_tag-viscografeno-fr","12":"product_shipping_class-gratuit","13":"yith_product_brand-flesan-fr","15":"first","16":"instock","17":"taxable","18":"shipping-taxable","19":"purchasable","20":"product-type-variable"},"yoast_head":"<!-- This site is optimized with the Yoast SEO plugin v27.3 - https:\/\/yoast.com\/product\/yoast-seo-wordpress\/ -->\n<title>MATELAS ARTICULANT PREMIUM - Muebles de dise\u00f1o en Soluciones Contract<\/title>\n<meta name=\"description\" content=\"Achetez MATELAS ARTICULANT PREMIUM en ligne dans notre magasin de meubles Contract. Trouvez le meilleur mobilier design pour l&#039;h\u00f4tel, la maison et l&#039;usage commercial\" \/>\n<meta name=\"robots\" content=\"index, follow, max-snippet:-1, max-image-preview:large, max-video-preview:-1\" \/>\n<link rel=\"canonical\" href=\"https:\/\/solucionescontract.com\/fr\/producto\/matelas-articule-premium\/\" \/>\n<meta property=\"og:locale\" content=\"fr_FR\" \/>\n<meta property=\"og:type\" content=\"article\" \/>\n<meta property=\"og:title\" content=\"MATELAS ARTICULANT PREMIUM - Muebles de dise\u00f1o en Soluciones Contract\" \/>\n<meta property=\"og:description\" content=\"Achetez MATELAS ARTICULANT PREMIUM en ligne dans notre magasin de meubles Contract. Trouvez le meilleur mobilier design pour l&#039;h\u00f4tel, la maison et l&#039;usage commercial\" \/>\n<meta property=\"og:url\" content=\"https:\/\/solucionescontract.com\/fr\/producto\/matelas-articule-premium\/\" \/>\n<meta property=\"og:site_name\" content=\"Soluciones Contract\" \/>\n<meta property=\"article:publisher\" content=\"https:\/\/www.facebook.com\/solucionescontract\/\" \/>\n<meta property=\"article:modified_time\" content=\"2020-12-28T16:17:20+00:00\" \/>\n<meta property=\"og:image\" content=\"https:\/\/solucionescontract.com\/wp-content\/uploads\/2020\/09\/colchon-Premium-articulable.jpg\" \/>\n\t<meta property=\"og:image:width\" content=\"1106\" \/>\n\t<meta property=\"og:image:height\" content=\"1106\" \/>\n\t<meta property=\"og:image:type\" content=\"image\/jpeg\" \/>\n<meta name=\"twitter:card\" content=\"summary_large_image\" \/>\n<script type=\"application\/ld+json\" class=\"yoast-schema-graph\">{\"@context\":\"https:\\\/\\\/schema.org\",\"@graph\":[{\"@type\":\"WebPage\",\"@id\":\"https:\\\/\\\/solucionescontract.com\\\/fr\\\/producto\\\/matelas-articule-premium\\\/\",\"url\":\"https:\\\/\\\/solucionescontract.com\\\/fr\\\/producto\\\/matelas-articule-premium\\\/\",\"name\":\"MATELAS ARTICULANT PREMIUM - Muebles de dise\u00f1o en Soluciones Contract\",\"isPartOf\":{\"@id\":\"https:\\\/\\\/solucionescontract.com\\\/#website\"},\"primaryImageOfPage\":{\"@id\":\"https:\\\/\\\/solucionescontract.com\\\/fr\\\/producto\\\/matelas-articule-premium\\\/#primaryimage\"},\"image\":{\"@id\":\"https:\\\/\\\/solucionescontract.com\\\/fr\\\/producto\\\/matelas-articule-premium\\\/#primaryimage\"},\"thumbnailUrl\":\"https:\\\/\\\/solucionescontract.com\\\/wp-content\\\/uploads\\\/2020\\\/09\\\/colchon-Premium-articulable.jpg\",\"datePublished\":\"2020-09-15T09:04:08+00:00\",\"dateModified\":\"2020-12-28T16:17:20+00:00\",\"description\":\"Achetez MATELAS ARTICULANT PREMIUM en ligne dans notre magasin de meubles Contract. Trouvez le meilleur mobilier design pour l'h\u00f4tel, la maison et l'usage commercial\",\"breadcrumb\":{\"@id\":\"https:\\\/\\\/solucionescontract.com\\\/fr\\\/producto\\\/matelas-articule-premium\\\/#breadcrumb\"},\"inLanguage\":\"fr-FR\",\"potentialAction\":[{\"@type\":\"ReadAction\",\"target\":[\"https:\\\/\\\/solucionescontract.com\\\/fr\\\/producto\\\/matelas-articule-premium\\\/\"]}]},{\"@type\":\"ImageObject\",\"inLanguage\":\"fr-FR\",\"@id\":\"https:\\\/\\\/solucionescontract.com\\\/fr\\\/producto\\\/matelas-articule-premium\\\/#primaryimage\",\"url\":\"https:\\\/\\\/solucionescontract.com\\\/wp-content\\\/uploads\\\/2020\\\/09\\\/colchon-Premium-articulable.jpg\",\"contentUrl\":\"https:\\\/\\\/solucionescontract.com\\\/wp-content\\\/uploads\\\/2020\\\/09\\\/colchon-Premium-articulable.jpg\",\"width\":1106,\"height\":1106,\"caption\":\"Matelas articul\u00e9 haut de gamme\"},{\"@type\":\"BreadcrumbList\",\"@id\":\"https:\\\/\\\/solucionescontract.com\\\/fr\\\/producto\\\/matelas-articule-premium\\\/#breadcrumb\",\"itemListElement\":[{\"@type\":\"ListItem\",\"position\":1,\"name\":\"Inicio\",\"item\":\"https:\\\/\\\/solucionescontract.com\\\/\"},{\"@type\":\"ListItem\",\"position\":2,\"name\":\"Tienda mobiliario contract\",\"item\":\"https:\\\/\\\/solucionescontract.com\\\/tienda-mobiliario-contract\\\/\"},{\"@type\":\"ListItem\",\"position\":3,\"name\":\"Meubles de repos\",\"item\":\"https:\\\/\\\/solucionescontract.com\\\/fr\\\/categoria-producto\\\/meubles-de-repos\\\/\"},{\"@type\":\"ListItem\",\"position\":4,\"name\":\"Matelas d'h\u00f4tel\",\"item\":\"https:\\\/\\\/solucionescontract.com\\\/fr\\\/categoria-producto\\\/meubles-de-repos\\\/matelas-dhotel\\\/\"},{\"@type\":\"ListItem\",\"position\":5,\"name\":\"MATELAS ARTICULANT PREMIUM\"}]},{\"@type\":\"WebSite\",\"@id\":\"https:\\\/\\\/solucionescontract.com\\\/#website\",\"url\":\"https:\\\/\\\/solucionescontract.com\\\/\",\"name\":\"Soluciones Contract\",\"description\":\"Venta Mobiliario contract de dise\u00f1o\",\"publisher\":{\"@id\":\"https:\\\/\\\/solucionescontract.com\\\/#organization\"},\"potentialAction\":[{\"@type\":\"SearchAction\",\"target\":{\"@type\":\"EntryPoint\",\"urlTemplate\":\"https:\\\/\\\/solucionescontract.com\\\/?s={search_term_string}\"},\"query-input\":{\"@type\":\"PropertyValueSpecification\",\"valueRequired\":true,\"valueName\":\"search_term_string\"}}],\"inLanguage\":\"fr-FR\"},{\"@type\":\"Organization\",\"@id\":\"https:\\\/\\\/solucionescontract.com\\\/#organization\",\"name\":\"Soluciones Contract\",\"url\":\"https:\\\/\\\/solucionescontract.com\\\/\",\"logo\":{\"@type\":\"ImageObject\",\"inLanguage\":\"fr-FR\",\"@id\":\"https:\\\/\\\/solucionescontract.com\\\/#\\\/schema\\\/logo\\\/image\\\/\",\"url\":\"https:\\\/\\\/solucionescontract.com\\\/wp-content\\\/uploads\\\/2020\\\/02\\\/logoSC.jpg\",\"contentUrl\":\"https:\\\/\\\/solucionescontract.com\\\/wp-content\\\/uploads\\\/2020\\\/02\\\/logoSC.jpg\",\"width\":300,\"height\":125,\"caption\":\"Soluciones Contract\"},\"image\":{\"@id\":\"https:\\\/\\\/solucionescontract.com\\\/#\\\/schema\\\/logo\\\/image\\\/\"},\"sameAs\":[\"https:\\\/\\\/www.facebook.com\\\/solucionescontract\\\/\"]}]}<\/script>\n<!-- \/ Yoast SEO plugin. -->","yoast_head_json":{"title":"MATELAS ARTICULANT PREMIUM - Muebles de dise\u00f1o en Soluciones Contract","description":"Achetez MATELAS ARTICULANT PREMIUM en ligne dans notre magasin de meubles Contract. Trouvez le meilleur mobilier design pour l'h\u00f4tel, la maison et l'usage commercial","robots":{"index":"index","follow":"follow","max-snippet":"max-snippet:-1","max-image-preview":"max-image-preview:large","max-video-preview":"max-video-preview:-1"},"canonical":"https:\/\/solucionescontract.com\/fr\/producto\/matelas-articule-premium\/","og_locale":"fr_FR","og_type":"article","og_title":"MATELAS ARTICULANT PREMIUM - Muebles de dise\u00f1o en Soluciones Contract","og_description":"Achetez MATELAS ARTICULANT PREMIUM en ligne dans notre magasin de meubles Contract. Trouvez le meilleur mobilier design pour l'h\u00f4tel, la maison et l'usage commercial","og_url":"https:\/\/solucionescontract.com\/fr\/producto\/matelas-articule-premium\/","og_site_name":"Soluciones Contract","article_publisher":"https:\/\/www.facebook.com\/solucionescontract\/","article_modified_time":"2020-12-28T16:17:20+00:00","og_image":[{"width":1106,"height":1106,"url":"https:\/\/solucionescontract.com\/wp-content\/uploads\/2020\/09\/colchon-Premium-articulable.jpg","type":"image\/jpeg"}],"twitter_card":"summary_large_image","schema":{"@context":"https:\/\/schema.org","@graph":[{"@type":"WebPage","@id":"https:\/\/solucionescontract.com\/fr\/producto\/matelas-articule-premium\/","url":"https:\/\/solucionescontract.com\/fr\/producto\/matelas-articule-premium\/","name":"MATELAS ARTICULANT PREMIUM - Muebles de dise\u00f1o en Soluciones Contract","isPartOf":{"@id":"https:\/\/solucionescontract.com\/#website"},"primaryImageOfPage":{"@id":"https:\/\/solucionescontract.com\/fr\/producto\/matelas-articule-premium\/#primaryimage"},"image":{"@id":"https:\/\/solucionescontract.com\/fr\/producto\/matelas-articule-premium\/#primaryimage"},"thumbnailUrl":"https:\/\/solucionescontract.com\/wp-content\/uploads\/2020\/09\/colchon-Premium-articulable.jpg","datePublished":"2020-09-15T09:04:08+00:00","dateModified":"2020-12-28T16:17:20+00:00","description":"Achetez MATELAS ARTICULANT PREMIUM en ligne dans notre magasin de meubles Contract. Trouvez le meilleur mobilier design pour l'h\u00f4tel, la maison et l'usage commercial","breadcrumb":{"@id":"https:\/\/solucionescontract.com\/fr\/producto\/matelas-articule-premium\/#breadcrumb"},"inLanguage":"fr-FR","potentialAction":[{"@type":"ReadAction","target":["https:\/\/solucionescontract.com\/fr\/producto\/matelas-articule-premium\/"]}]},{"@type":"ImageObject","inLanguage":"fr-FR","@id":"https:\/\/solucionescontract.com\/fr\/producto\/matelas-articule-premium\/#primaryimage","url":"https:\/\/solucionescontract.com\/wp-content\/uploads\/2020\/09\/colchon-Premium-articulable.jpg","contentUrl":"https:\/\/solucionescontract.com\/wp-content\/uploads\/2020\/09\/colchon-Premium-articulable.jpg","width":1106,"height":1106,"caption":"Matelas articul\u00e9 haut de gamme"},{"@type":"BreadcrumbList","@id":"https:\/\/solucionescontract.com\/fr\/producto\/matelas-articule-premium\/#breadcrumb","itemListElement":[{"@type":"ListItem","position":1,"name":"Inicio","item":"https:\/\/solucionescontract.com\/"},{"@type":"ListItem","position":2,"name":"Tienda mobiliario contract","item":"https:\/\/solucionescontract.com\/tienda-mobiliario-contract\/"},{"@type":"ListItem","position":3,"name":"Meubles de repos","item":"https:\/\/solucionescontract.com\/fr\/categoria-producto\/meubles-de-repos\/"},{"@type":"ListItem","position":4,"name":"Matelas d'h\u00f4tel","item":"https:\/\/solucionescontract.com\/fr\/categoria-producto\/meubles-de-repos\/matelas-dhotel\/"},{"@type":"ListItem","position":5,"name":"MATELAS ARTICULANT PREMIUM"}]},{"@type":"WebSite","@id":"https:\/\/solucionescontract.com\/#website","url":"https:\/\/solucionescontract.com\/","name":"Soluciones Contract","description":"Venta Mobiliario contract de dise\u00f1o","publisher":{"@id":"https:\/\/solucionescontract.com\/#organization"},"potentialAction":[{"@type":"SearchAction","target":{"@type":"EntryPoint","urlTemplate":"https:\/\/solucionescontract.com\/?s={search_term_string}"},"query-input":{"@type":"PropertyValueSpecification","valueRequired":true,"valueName":"search_term_string"}}],"inLanguage":"fr-FR"},{"@type":"Organization","@id":"https:\/\/solucionescontract.com\/#organization","name":"Soluciones Contract","url":"https:\/\/solucionescontract.com\/","logo":{"@type":"ImageObject","inLanguage":"fr-FR","@id":"https:\/\/solucionescontract.com\/#\/schema\/logo\/image\/","url":"https:\/\/solucionescontract.com\/wp-content\/uploads\/2020\/02\/logoSC.jpg","contentUrl":"https:\/\/solucionescontract.com\/wp-content\/uploads\/2020\/02\/logoSC.jpg","width":300,"height":125,"caption":"Soluciones Contract"},"image":{"@id":"https:\/\/solucionescontract.com\/#\/schema\/logo\/image\/"},"sameAs":["https:\/\/www.facebook.com\/solucionescontract\/"]}]}},"_links":{"self":[{"href":"https:\/\/solucionescontract.com\/fr\/wp-json\/wp\/v2\/product\/18500","targetHints":{"allow":["GET"]}}],"collection":[{"href":"https:\/\/solucionescontract.com\/fr\/wp-json\/wp\/v2\/product"}],"about":[{"href":"https:\/\/solucionescontract.com\/fr\/wp-json\/wp\/v2\/types\/product"}],"replies":[{"embeddable":true,"href":"https:\/\/solucionescontract.com\/fr\/wp-json\/wp\/v2\/comments?post=18500"}],"wp:featuredmedia":[{"embeddable":true,"href":"https:\/\/solucionescontract.com\/fr\/wp-json\/wp\/v2\/media\/17102"}],"wp:attachment":[{"href":"https:\/\/solucionescontract.com\/fr\/wp-json\/wp\/v2\/media?parent=18500"}],"wp:term":[{"taxonomy":"product_brand","embeddable":true,"href":"https:\/\/solucionescontract.com\/fr\/wp-json\/wp\/v2\/product_brand?post=18500"},{"taxonomy":"product_cat","embeddable":true,"href":"https:\/\/solucionescontract.com\/fr\/wp-json\/wp\/v2\/product_cat?post=18500"},{"taxonomy":"product_tag","embeddable":true,"href":"https:\/\/solucionescontract.com\/fr\/wp-json\/wp\/v2\/product_tag?post=18500"}],"curies":[{"name":"wp","href":"https:\/\/api.w.org\/{rel}","templated":true}]}}