{"id":18421,"date":"2020-10-09T09:58:56","date_gmt":"2020-10-09T09:58:56","guid":{"rendered":"https:\/\/www.solucionescontract.com\/producto\/tabouret-cuisine-split\/"},"modified":"2021-04-16T14:27:13","modified_gmt":"2021-04-16T14:27:13","slug":"tabouret-cuisine-split","status":"publish","type":"product","link":"https:\/\/solucionescontract.com\/fr\/producto\/tabouret-cuisine-split\/","title":{"rendered":"TABOURET DE CUISINE SPLIT"},"content":{"rendered":"<p>Spilled est un tabouret multifonctionnel, de par son design raffin\u00e9 et \u00e9l\u00e9gant, il est \u00e9gal \u00e0 n&rsquo;importe quelle pi\u00e8ce et utilisation, que ce soit pour la cuisine \u00e0 la maison ou le contrat pour la caf\u00e9t\u00e9ria, l&rsquo;h\u00f4tel, les bureaux, les surfaces commerciales, etc.<\/p>\n<p>La collection Split est une \u0153uvre du designer Francisco Meda.<\/p>\n<p>Cette collection se caract\u00e9rise par l&rsquo;utilisation de m\u00e9tal et de polypropyl\u00e8ne pour sa fabrication en 2 pi\u00e8ces. D&rsquo;une part, le polypropyl\u00e8ne pour la coque offrant la flexibilit\u00e9 caract\u00e9ristique de la chaise fendue et d&rsquo;autre part, le m\u00e9tal utilis\u00e9 pour les pieds qui lui conf\u00e8re sa stabilit\u00e9.<\/p>\n<p>C&rsquo;est un merveilleux tabouret de design italien qui, en raison de sa durabilit\u00e9 et de ses caract\u00e9ristiques, est recommand\u00e9 pour un usage contractuel. Restaurants, caf\u00e9s, appartements touristiques, communaut\u00e9s, maisons rurales, etc &#8230; et bien s\u00fbr c&rsquo;est un tabouret id\u00e9al pour la maison.<\/p>\n<p>Hauteur d&rsquo;assise 65cm | bar de cuisine bas<\/p>\n<p>Hauteur d&rsquo;assise 75cm | caf\u00e9t\u00e9ria de type barre haute<br \/>\nUtilisation en int\u00e9rieur.<\/p>\n<p>Mesures: 480x455x1025mm et 465x435x925m.<\/p>\n<p><a href=\"https:\/\/solucionescontract.com\/wp-content\/uploads\/2020\/10\/medidas.taburete.split_.jpg\"><img decoding=\"async\" class=\" wd-lazy-fade alignnone wp-image-10890 size-medium\" src=\"https:\/\/solucionescontract.com\/wp-content\/themes\/woodmart\/images\/lazy.svg\" data-src=\"https:\/\/solucionescontract.com\/wp-content\/uploads\/2020\/10\/medidas.taburete.split_-300x161.jpg\" alt=\"\" width=\"300\" height=\"161\" srcset=\"\" data-srcset=\"https:\/\/solucionescontract.com\/wp-content\/uploads\/2020\/10\/medidas.taburete.split_-300x161.jpg 300w, https:\/\/solucionescontract.com\/wp-content\/uploads\/2020\/10\/medidas.taburete.split_-150x80.jpg 150w, https:\/\/solucionescontract.com\/wp-content\/uploads\/2020\/10\/medidas.taburete.split_-37x20.jpg 37w, https:\/\/solucionescontract.com\/wp-content\/uploads\/2020\/10\/medidas.taburete.split_.jpg 740w\" sizes=\"(max-width: 300px) 100vw, 300px\" \/><\/a><\/p>\n<p>&nbsp;<\/p>\n<p><a href=\"https:\/\/solucionescontract.com\/wp-content\/uploads\/2020\/10\/colores-split.jpg\"><img decoding=\"async\" class=\" wd-lazy-fade alignnone wp-image-10844 size-medium\" src=\"https:\/\/solucionescontract.com\/wp-content\/themes\/woodmart\/images\/lazy.svg\" data-src=\"https:\/\/solucionescontract.com\/wp-content\/uploads\/2020\/10\/colores-split-300x67.jpg\" alt=\"acabados.silla.split\" width=\"300\" height=\"67\" srcset=\"\" data-srcset=\"https:\/\/solucionescontract.com\/wp-content\/uploads\/2020\/10\/colores-split-300x67.jpg 300w, https:\/\/solucionescontract.com\/wp-content\/uploads\/2020\/10\/colores-split-150x34.jpg 150w, https:\/\/solucionescontract.com\/wp-content\/uploads\/2020\/10\/colores-split-89x20.jpg 89w, https:\/\/solucionescontract.com\/wp-content\/uploads\/2020\/10\/colores-split.jpg 702w\" sizes=\"(max-width: 300px) 100vw, 300px\" \/><\/a><\/script><\/p>\n","protected":false},"excerpt":{"rendered":"<ul>\n<li> Tabouret de design italien qui pour son design et son confort a \u00e9t\u00e9 pens\u00e9 pour un usage professionnel et domestique. <\/li>\n<li> Bo\u00eetier en polypropyl\u00e8ne avec diff\u00e9rentes finitions. <\/li>\n<li> Pieds avec structure tubulaire m\u00e9tallique de 14 mm <\/li>\n<li> Usage ext\u00e9rieur (sauf chrome) <\/li>\n<li> Empilable <\/li>\n<li> Deux hauteurs disponibles: 650 mm et 750 mm <\/li>\n<\/ul>\n<p> (Commande minimum 2 unit\u00e9s) <\/p>\n","protected":false},"featured_media":17234,"comment_status":"open","ping_status":"closed","template":"","meta":[],"product_brand":[],"product_cat":[529,539],"product_tag":[686,754],"class_list":{"0":"post-18421","1":"product","2":"type-product","3":"status-publish","4":"has-post-thumbnail","6":"product_cat-sieges-contractuels","7":"product_cat-tabourets-design","8":"product_tag-apilable-fr","9":"product_tag-polipropileno-fr","10":"product_shipping_class-gratuit","12":"first","13":"instock","14":"taxable","15":"shipping-taxable","16":"purchasable","17":"product-type-variable"},"yoast_head":"<!-- This site is optimized with the Yoast SEO plugin v27.3 - https:\/\/yoast.com\/product\/yoast-seo-wordpress\/ -->\n<title>TABOURET DE CUISINE SPLIT - Muebles de dise\u00f1o en Soluciones Contract<\/title>\n<meta name=\"description\" content=\"Compra TABOURET DE CUISINE SPLIT online en nuestra tienda de muebles Contract. Encuentra el mejor MOBILIARIO DE DISE\u00d1O para Hotel, Hogar y uso comercial. Descubre las mejores marcas en nuestro cat\u00e1logo.\" \/>\n<meta name=\"robots\" content=\"index, follow, max-snippet:-1, max-image-preview:large, max-video-preview:-1\" \/>\n<link rel=\"canonical\" href=\"https:\/\/solucionescontract.com\/fr\/producto\/tabouret-cuisine-split\/\" \/>\n<meta property=\"og:locale\" content=\"fr_FR\" \/>\n<meta property=\"og:type\" content=\"article\" \/>\n<meta property=\"og:title\" content=\"TABOURET DE CUISINE SPLIT - Muebles de dise\u00f1o en Soluciones Contract\" \/>\n<meta property=\"og:description\" content=\"Compra TABOURET DE CUISINE SPLIT online en nuestra tienda de muebles Contract. Encuentra el mejor MOBILIARIO DE DISE\u00d1O para Hotel, Hogar y uso comercial. Descubre las mejores marcas en nuestro cat\u00e1logo.\" \/>\n<meta property=\"og:url\" content=\"https:\/\/solucionescontract.com\/fr\/producto\/tabouret-cuisine-split\/\" \/>\n<meta property=\"og:site_name\" content=\"Soluciones Contract\" \/>\n<meta property=\"article:publisher\" content=\"https:\/\/www.facebook.com\/solucionescontract\/\" \/>\n<meta property=\"article:modified_time\" content=\"2021-04-16T14:27:13+00:00\" \/>\n<meta property=\"og:image\" content=\"https:\/\/solucionescontract.com\/wp-content\/uploads\/2020\/10\/taburete.bajo_.jpg\" \/>\n\t<meta property=\"og:image:width\" content=\"630\" \/>\n\t<meta property=\"og:image:height\" content=\"630\" \/>\n\t<meta property=\"og:image:type\" content=\"image\/jpeg\" \/>\n<meta name=\"twitter:card\" content=\"summary_large_image\" \/>\n<meta name=\"twitter:label1\" content=\"Dur\u00e9e de lecture estim\u00e9e\" \/>\n\t<meta name=\"twitter:data1\" content=\"1 minute\" \/>\n<script type=\"application\/ld+json\" class=\"yoast-schema-graph\">{\"@context\":\"https:\\\/\\\/schema.org\",\"@graph\":[{\"@type\":\"WebPage\",\"@id\":\"https:\\\/\\\/solucionescontract.com\\\/fr\\\/producto\\\/tabouret-cuisine-split\\\/\",\"url\":\"https:\\\/\\\/solucionescontract.com\\\/fr\\\/producto\\\/tabouret-cuisine-split\\\/\",\"name\":\"TABOURET DE CUISINE SPLIT - Muebles de dise\u00f1o en Soluciones Contract\",\"isPartOf\":{\"@id\":\"https:\\\/\\\/solucionescontract.com\\\/#website\"},\"primaryImageOfPage\":{\"@id\":\"https:\\\/\\\/solucionescontract.com\\\/fr\\\/producto\\\/tabouret-cuisine-split\\\/#primaryimage\"},\"image\":{\"@id\":\"https:\\\/\\\/solucionescontract.com\\\/fr\\\/producto\\\/tabouret-cuisine-split\\\/#primaryimage\"},\"thumbnailUrl\":\"https:\\\/\\\/solucionescontract.com\\\/wp-content\\\/uploads\\\/2020\\\/10\\\/taburete.bajo_.jpg\",\"datePublished\":\"2020-10-09T09:58:56+00:00\",\"dateModified\":\"2021-04-16T14:27:13+00:00\",\"description\":\"Compra TABOURET DE CUISINE SPLIT online en nuestra tienda de muebles Contract. Encuentra el mejor MOBILIARIO DE DISE\u00d1O para Hotel, Hogar y uso comercial. Descubre las mejores marcas en nuestro cat\u00e1logo.\",\"breadcrumb\":{\"@id\":\"https:\\\/\\\/solucionescontract.com\\\/fr\\\/producto\\\/tabouret-cuisine-split\\\/#breadcrumb\"},\"inLanguage\":\"fr-FR\",\"potentialAction\":[{\"@type\":\"ReadAction\",\"target\":[\"https:\\\/\\\/solucionescontract.com\\\/fr\\\/producto\\\/tabouret-cuisine-split\\\/\"]}]},{\"@type\":\"ImageObject\",\"inLanguage\":\"fr-FR\",\"@id\":\"https:\\\/\\\/solucionescontract.com\\\/fr\\\/producto\\\/tabouret-cuisine-split\\\/#primaryimage\",\"url\":\"https:\\\/\\\/solucionescontract.com\\\/wp-content\\\/uploads\\\/2020\\\/10\\\/taburete.bajo_.jpg\",\"contentUrl\":\"https:\\\/\\\/solucionescontract.com\\\/wp-content\\\/uploads\\\/2020\\\/10\\\/taburete.bajo_.jpg\",\"width\":630,\"height\":630,\"caption\":\"tabouret.kitchen.design\"},{\"@type\":\"BreadcrumbList\",\"@id\":\"https:\\\/\\\/solucionescontract.com\\\/fr\\\/producto\\\/tabouret-cuisine-split\\\/#breadcrumb\",\"itemListElement\":[{\"@type\":\"ListItem\",\"position\":1,\"name\":\"Inicio\",\"item\":\"https:\\\/\\\/solucionescontract.com\\\/\"},{\"@type\":\"ListItem\",\"position\":2,\"name\":\"Tienda mobiliario contract\",\"item\":\"https:\\\/\\\/solucionescontract.com\\\/tienda-mobiliario-contract\\\/\"},{\"@type\":\"ListItem\",\"position\":3,\"name\":\"Si\u00e8ges contractuels\",\"item\":\"https:\\\/\\\/solucionescontract.com\\\/fr\\\/categoria-producto\\\/sieges-contractuels\\\/\"},{\"@type\":\"ListItem\",\"position\":4,\"name\":\"Tabourets design\",\"item\":\"https:\\\/\\\/solucionescontract.com\\\/fr\\\/categoria-producto\\\/sieges-contractuels\\\/tabourets-design\\\/\"},{\"@type\":\"ListItem\",\"position\":5,\"name\":\"TABOURET DE CUISINE SPLIT\"}]},{\"@type\":\"WebSite\",\"@id\":\"https:\\\/\\\/solucionescontract.com\\\/#website\",\"url\":\"https:\\\/\\\/solucionescontract.com\\\/\",\"name\":\"Soluciones Contract\",\"description\":\"Venta Mobiliario contract de dise\u00f1o\",\"publisher\":{\"@id\":\"https:\\\/\\\/solucionescontract.com\\\/#organization\"},\"potentialAction\":[{\"@type\":\"SearchAction\",\"target\":{\"@type\":\"EntryPoint\",\"urlTemplate\":\"https:\\\/\\\/solucionescontract.com\\\/?s={search_term_string}\"},\"query-input\":{\"@type\":\"PropertyValueSpecification\",\"valueRequired\":true,\"valueName\":\"search_term_string\"}}],\"inLanguage\":\"fr-FR\"},{\"@type\":\"Organization\",\"@id\":\"https:\\\/\\\/solucionescontract.com\\\/#organization\",\"name\":\"Soluciones Contract\",\"url\":\"https:\\\/\\\/solucionescontract.com\\\/\",\"logo\":{\"@type\":\"ImageObject\",\"inLanguage\":\"fr-FR\",\"@id\":\"https:\\\/\\\/solucionescontract.com\\\/#\\\/schema\\\/logo\\\/image\\\/\",\"url\":\"https:\\\/\\\/solucionescontract.com\\\/wp-content\\\/uploads\\\/2020\\\/02\\\/logoSC.jpg\",\"contentUrl\":\"https:\\\/\\\/solucionescontract.com\\\/wp-content\\\/uploads\\\/2020\\\/02\\\/logoSC.jpg\",\"width\":300,\"height\":125,\"caption\":\"Soluciones Contract\"},\"image\":{\"@id\":\"https:\\\/\\\/solucionescontract.com\\\/#\\\/schema\\\/logo\\\/image\\\/\"},\"sameAs\":[\"https:\\\/\\\/www.facebook.com\\\/solucionescontract\\\/\"]}]}<\/script>\n<!-- \/ Yoast SEO plugin. -->","yoast_head_json":{"title":"TABOURET DE CUISINE SPLIT - Muebles de dise\u00f1o en Soluciones Contract","description":"Compra TABOURET DE CUISINE SPLIT online en nuestra tienda de muebles Contract. Encuentra el mejor MOBILIARIO DE DISE\u00d1O para Hotel, Hogar y uso comercial. Descubre las mejores marcas en nuestro cat\u00e1logo.","robots":{"index":"index","follow":"follow","max-snippet":"max-snippet:-1","max-image-preview":"max-image-preview:large","max-video-preview":"max-video-preview:-1"},"canonical":"https:\/\/solucionescontract.com\/fr\/producto\/tabouret-cuisine-split\/","og_locale":"fr_FR","og_type":"article","og_title":"TABOURET DE CUISINE SPLIT - Muebles de dise\u00f1o en Soluciones Contract","og_description":"Compra TABOURET DE CUISINE SPLIT online en nuestra tienda de muebles Contract. Encuentra el mejor MOBILIARIO DE DISE\u00d1O para Hotel, Hogar y uso comercial. Descubre las mejores marcas en nuestro cat\u00e1logo.","og_url":"https:\/\/solucionescontract.com\/fr\/producto\/tabouret-cuisine-split\/","og_site_name":"Soluciones Contract","article_publisher":"https:\/\/www.facebook.com\/solucionescontract\/","article_modified_time":"2021-04-16T14:27:13+00:00","og_image":[{"width":630,"height":630,"url":"https:\/\/solucionescontract.com\/wp-content\/uploads\/2020\/10\/taburete.bajo_.jpg","type":"image\/jpeg"}],"twitter_card":"summary_large_image","twitter_misc":{"Dur\u00e9e de lecture estim\u00e9e":"1 minute"},"schema":{"@context":"https:\/\/schema.org","@graph":[{"@type":"WebPage","@id":"https:\/\/solucionescontract.com\/fr\/producto\/tabouret-cuisine-split\/","url":"https:\/\/solucionescontract.com\/fr\/producto\/tabouret-cuisine-split\/","name":"TABOURET DE CUISINE SPLIT - Muebles de dise\u00f1o en Soluciones Contract","isPartOf":{"@id":"https:\/\/solucionescontract.com\/#website"},"primaryImageOfPage":{"@id":"https:\/\/solucionescontract.com\/fr\/producto\/tabouret-cuisine-split\/#primaryimage"},"image":{"@id":"https:\/\/solucionescontract.com\/fr\/producto\/tabouret-cuisine-split\/#primaryimage"},"thumbnailUrl":"https:\/\/solucionescontract.com\/wp-content\/uploads\/2020\/10\/taburete.bajo_.jpg","datePublished":"2020-10-09T09:58:56+00:00","dateModified":"2021-04-16T14:27:13+00:00","description":"Compra TABOURET DE CUISINE SPLIT online en nuestra tienda de muebles Contract. Encuentra el mejor MOBILIARIO DE DISE\u00d1O para Hotel, Hogar y uso comercial. Descubre las mejores marcas en nuestro cat\u00e1logo.","breadcrumb":{"@id":"https:\/\/solucionescontract.com\/fr\/producto\/tabouret-cuisine-split\/#breadcrumb"},"inLanguage":"fr-FR","potentialAction":[{"@type":"ReadAction","target":["https:\/\/solucionescontract.com\/fr\/producto\/tabouret-cuisine-split\/"]}]},{"@type":"ImageObject","inLanguage":"fr-FR","@id":"https:\/\/solucionescontract.com\/fr\/producto\/tabouret-cuisine-split\/#primaryimage","url":"https:\/\/solucionescontract.com\/wp-content\/uploads\/2020\/10\/taburete.bajo_.jpg","contentUrl":"https:\/\/solucionescontract.com\/wp-content\/uploads\/2020\/10\/taburete.bajo_.jpg","width":630,"height":630,"caption":"tabouret.kitchen.design"},{"@type":"BreadcrumbList","@id":"https:\/\/solucionescontract.com\/fr\/producto\/tabouret-cuisine-split\/#breadcrumb","itemListElement":[{"@type":"ListItem","position":1,"name":"Inicio","item":"https:\/\/solucionescontract.com\/"},{"@type":"ListItem","position":2,"name":"Tienda mobiliario contract","item":"https:\/\/solucionescontract.com\/tienda-mobiliario-contract\/"},{"@type":"ListItem","position":3,"name":"Si\u00e8ges contractuels","item":"https:\/\/solucionescontract.com\/fr\/categoria-producto\/sieges-contractuels\/"},{"@type":"ListItem","position":4,"name":"Tabourets design","item":"https:\/\/solucionescontract.com\/fr\/categoria-producto\/sieges-contractuels\/tabourets-design\/"},{"@type":"ListItem","position":5,"name":"TABOURET DE CUISINE SPLIT"}]},{"@type":"WebSite","@id":"https:\/\/solucionescontract.com\/#website","url":"https:\/\/solucionescontract.com\/","name":"Soluciones Contract","description":"Venta Mobiliario contract de dise\u00f1o","publisher":{"@id":"https:\/\/solucionescontract.com\/#organization"},"potentialAction":[{"@type":"SearchAction","target":{"@type":"EntryPoint","urlTemplate":"https:\/\/solucionescontract.com\/?s={search_term_string}"},"query-input":{"@type":"PropertyValueSpecification","valueRequired":true,"valueName":"search_term_string"}}],"inLanguage":"fr-FR"},{"@type":"Organization","@id":"https:\/\/solucionescontract.com\/#organization","name":"Soluciones Contract","url":"https:\/\/solucionescontract.com\/","logo":{"@type":"ImageObject","inLanguage":"fr-FR","@id":"https:\/\/solucionescontract.com\/#\/schema\/logo\/image\/","url":"https:\/\/solucionescontract.com\/wp-content\/uploads\/2020\/02\/logoSC.jpg","contentUrl":"https:\/\/solucionescontract.com\/wp-content\/uploads\/2020\/02\/logoSC.jpg","width":300,"height":125,"caption":"Soluciones Contract"},"image":{"@id":"https:\/\/solucionescontract.com\/#\/schema\/logo\/image\/"},"sameAs":["https:\/\/www.facebook.com\/solucionescontract\/"]}]}},"_links":{"self":[{"href":"https:\/\/solucionescontract.com\/fr\/wp-json\/wp\/v2\/product\/18421","targetHints":{"allow":["GET"]}}],"collection":[{"href":"https:\/\/solucionescontract.com\/fr\/wp-json\/wp\/v2\/product"}],"about":[{"href":"https:\/\/solucionescontract.com\/fr\/wp-json\/wp\/v2\/types\/product"}],"replies":[{"embeddable":true,"href":"https:\/\/solucionescontract.com\/fr\/wp-json\/wp\/v2\/comments?post=18421"}],"wp:featuredmedia":[{"embeddable":true,"href":"https:\/\/solucionescontract.com\/fr\/wp-json\/wp\/v2\/media\/17234"}],"wp:attachment":[{"href":"https:\/\/solucionescontract.com\/fr\/wp-json\/wp\/v2\/media?parent=18421"}],"wp:term":[{"taxonomy":"product_brand","embeddable":true,"href":"https:\/\/solucionescontract.com\/fr\/wp-json\/wp\/v2\/product_brand?post=18421"},{"taxonomy":"product_cat","embeddable":true,"href":"https:\/\/solucionescontract.com\/fr\/wp-json\/wp\/v2\/product_cat?post=18421"},{"taxonomy":"product_tag","embeddable":true,"href":"https:\/\/solucionescontract.com\/fr\/wp-json\/wp\/v2\/product_tag?post=18421"}],"curies":[{"name":"wp","href":"https:\/\/api.w.org\/{rel}","templated":true}]}}