{"id":18409,"date":"2020-10-13T16:50:36","date_gmt":"2020-10-13T16:50:36","guid":{"rendered":"https:\/\/www.solucionescontract.com\/producto\/chaise-divisee-enfants\/"},"modified":"2020-12-28T16:15:29","modified_gmt":"2020-12-28T16:15:29","slug":"chaise-divisee-enfants","status":"publish","type":"product","link":"https:\/\/solucionescontract.com\/fr\/producto\/chaise-divisee-enfants\/","title":{"rendered":"CHAISE ENFANT SPLIT"},"content":{"rendered":"<p>Chaise enfant Split, con\u00e7ue pour les plus petits de la maison.<\/p>\n<p>Caract\u00e9ris\u00e9 par l&rsquo;utilisation de m\u00e9tal et de polypropyl\u00e8ne pour sa fabrication en 2 pi\u00e8ces. D&rsquo;une part, le polypropyl\u00e8ne pour la coque offrant la flexibilit\u00e9 caract\u00e9ristique de la chaise fendue et d&rsquo;autre part, le m\u00e9tal utilis\u00e9 pour les pieds qui lui conf\u00e8re sa stabilit\u00e9.<\/p>\n<p>C&rsquo;est une magnifique chaise design italienne qui, en raison de sa durabilit\u00e9 et de ses caract\u00e9ristiques, est recommand\u00e9e pour une utilisation contractuelle, \u00e0 la fois pour les \u00e9coles, les cr\u00e8ches, les ludoth\u00e8ques, les cliniques pour enfants, les salles d&rsquo;attente &#8230; et bien s\u00fbr, parfaite pour la maison.<\/p>\n<p>Hauteur d&rsquo;assise 35cm<br \/>\nUtilisation en int\u00e9rieur.<\/p>\n<p><a href=\"https:\/\/solucionescontract.com\/wp-content\/uploads\/2020\/10\/medidas.silla_.split_.jpg\"><img decoding=\"async\" class=\" wd-lazy-fade alignnone size-thumbnail wp-image-11027\" src=\"https:\/\/solucionescontract.com\/wp-content\/themes\/woodmart\/images\/lazy.svg\" data-src=\"https:\/\/solucionescontract.com\/wp-content\/uploads\/2020\/10\/medidas.silla_.split_-150x150.jpg\" alt=\"medidas.silla.split\" width=\"150\" height=\"150\" \/><\/a><\/p>\n<p><a href=\"https:\/\/solucionescontract.com\/wp-content\/uploads\/2020\/10\/colores-split.jpg\"><img decoding=\"async\" class=\" wd-lazy-fade alignnone wp-image-10844 size-medium\" src=\"https:\/\/solucionescontract.com\/wp-content\/themes\/woodmart\/images\/lazy.svg\" data-src=\"https:\/\/solucionescontract.com\/wp-content\/uploads\/2020\/10\/colores-split-300x67.jpg\" alt=\"acabados.silla.split\" width=\"300\" height=\"67\" srcset=\"\" data-srcset=\"https:\/\/solucionescontract.com\/wp-content\/uploads\/2020\/10\/colores-split-300x67.jpg 300w, https:\/\/solucionescontract.com\/wp-content\/uploads\/2020\/10\/colores-split-150x34.jpg 150w, https:\/\/solucionescontract.com\/wp-content\/uploads\/2020\/10\/colores-split-89x20.jpg 89w, https:\/\/solucionescontract.com\/wp-content\/uploads\/2020\/10\/colores-split.jpg 702w\" sizes=\"(max-width: 300px) 100vw, 300px\" \/><\/a><\/script><\/p>\n","protected":false},"excerpt":{"rendered":"<ul>\n<li style = \"text-align: justify;\"> Cette chaise design italienne est con\u00e7ue pour les enfants \u00e0 la fois en raison de la flexibilit\u00e9 de la coque et de la stabilit\u00e9 de sa structure. <\/li>\n<li style = \"text-align: justify;\"> Compte tenu de ses caract\u00e9ristiques, nous pouvons lui donner une utilisation contractuelle, dans les cr\u00e8ches, les salles de jeux, les salles d&rsquo;attente &#8230; comment l&rsquo;am\u00e9nager \u00e0 la maison. <\/li>\n<li> Bo\u00eetier en polypropyl\u00e8ne avec diff\u00e9rentes finitions. <\/li>\n<li> Pieds avec structure tubulaire m\u00e9tallique de 14 mm <\/li>\n<li> Utilisation en int\u00e9rieur <\/li>\n<li> Empilable <\/li>\n<li> Mesures: 44x43x63cm <\/li>\n<\/ul>\n<p>(Commande minimum 2 unit\u00e9s)<\/p>\n","protected":false},"featured_media":17270,"comment_status":"open","ping_status":"closed","template":"","meta":[],"product_brand":[],"product_cat":[535,529],"product_tag":[686,754],"class_list":{"0":"post-18409","1":"product","2":"type-product","3":"status-publish","4":"has-post-thumbnail","6":"product_cat-chaises-contractuelles","7":"product_cat-sieges-contractuels","8":"product_tag-apilable-fr","9":"product_tag-polipropileno-fr","10":"product_shipping_class-gratuit","12":"first","13":"instock","14":"taxable","15":"shipping-taxable","16":"purchasable","17":"product-type-variable"},"yoast_head":"<!-- This site is optimized with the Yoast SEO plugin v27.4 - https:\/\/yoast.com\/product\/yoast-seo-wordpress\/ -->\n<title>CHAISE ENFANT SPLIT - Muebles de dise\u00f1o en Soluciones Contract<\/title>\n<meta name=\"description\" content=\"Compra CHAISE ENFANT SPLIT online en nuestra tienda de muebles Contract. Encuentra el mejor MOBILIARIO DE DISE\u00d1O para Hotel, Hogar y uso comercial. Descubre las mejores marcas en nuestro cat\u00e1logo.\" \/>\n<meta name=\"robots\" content=\"index, follow, max-snippet:-1, max-image-preview:large, max-video-preview:-1\" \/>\n<link rel=\"canonical\" href=\"https:\/\/solucionescontract.com\/fr\/producto\/chaise-divisee-enfants\/\" \/>\n<meta property=\"og:locale\" content=\"fr_FR\" \/>\n<meta property=\"og:type\" content=\"article\" \/>\n<meta property=\"og:title\" content=\"CHAISE ENFANT SPLIT - Muebles de dise\u00f1o en Soluciones Contract\" \/>\n<meta property=\"og:description\" content=\"Compra CHAISE ENFANT SPLIT online en nuestra tienda de muebles Contract. Encuentra el mejor MOBILIARIO DE DISE\u00d1O para Hotel, Hogar y uso comercial. Descubre las mejores marcas en nuestro cat\u00e1logo.\" \/>\n<meta property=\"og:url\" content=\"https:\/\/solucionescontract.com\/fr\/producto\/chaise-divisee-enfants\/\" \/>\n<meta property=\"og:site_name\" content=\"Soluciones Contract\" \/>\n<meta property=\"article:publisher\" content=\"https:\/\/www.facebook.com\/solucionescontract\/\" \/>\n<meta property=\"article:modified_time\" content=\"2020-12-28T16:15:29+00:00\" \/>\n<meta property=\"og:image\" content=\"https:\/\/solucionescontract.com\/wp-content\/uploads\/2020\/10\/silla.split_.kids_-1.jpg\" \/>\n\t<meta property=\"og:image:width\" content=\"630\" \/>\n\t<meta property=\"og:image:height\" content=\"630\" \/>\n\t<meta property=\"og:image:type\" content=\"image\/jpeg\" \/>\n<meta name=\"twitter:card\" content=\"summary_large_image\" \/>\n<meta name=\"twitter:label1\" content=\"Dur\u00e9e de lecture estim\u00e9e\" \/>\n\t<meta name=\"twitter:data1\" content=\"1 minute\" \/>\n<script type=\"application\/ld+json\" class=\"yoast-schema-graph\">{\"@context\":\"https:\\\/\\\/schema.org\",\"@graph\":[{\"@type\":\"WebPage\",\"@id\":\"https:\\\/\\\/solucionescontract.com\\\/fr\\\/producto\\\/chaise-divisee-enfants\\\/\",\"url\":\"https:\\\/\\\/solucionescontract.com\\\/fr\\\/producto\\\/chaise-divisee-enfants\\\/\",\"name\":\"CHAISE ENFANT SPLIT - Muebles de dise\u00f1o en Soluciones Contract\",\"isPartOf\":{\"@id\":\"https:\\\/\\\/solucionescontract.com\\\/#website\"},\"primaryImageOfPage\":{\"@id\":\"https:\\\/\\\/solucionescontract.com\\\/fr\\\/producto\\\/chaise-divisee-enfants\\\/#primaryimage\"},\"image\":{\"@id\":\"https:\\\/\\\/solucionescontract.com\\\/fr\\\/producto\\\/chaise-divisee-enfants\\\/#primaryimage\"},\"thumbnailUrl\":\"https:\\\/\\\/solucionescontract.com\\\/wp-content\\\/uploads\\\/2020\\\/10\\\/silla.split_.kids_-1.jpg\",\"datePublished\":\"2020-10-13T16:50:36+00:00\",\"dateModified\":\"2020-12-28T16:15:29+00:00\",\"description\":\"Compra CHAISE ENFANT SPLIT online en nuestra tienda de muebles Contract. Encuentra el mejor MOBILIARIO DE DISE\u00d1O para Hotel, Hogar y uso comercial. Descubre las mejores marcas en nuestro cat\u00e1logo.\",\"breadcrumb\":{\"@id\":\"https:\\\/\\\/solucionescontract.com\\\/fr\\\/producto\\\/chaise-divisee-enfants\\\/#breadcrumb\"},\"inLanguage\":\"fr-FR\",\"potentialAction\":[{\"@type\":\"ReadAction\",\"target\":[\"https:\\\/\\\/solucionescontract.com\\\/fr\\\/producto\\\/chaise-divisee-enfants\\\/\"]}]},{\"@type\":\"ImageObject\",\"inLanguage\":\"fr-FR\",\"@id\":\"https:\\\/\\\/solucionescontract.com\\\/fr\\\/producto\\\/chaise-divisee-enfants\\\/#primaryimage\",\"url\":\"https:\\\/\\\/solucionescontract.com\\\/wp-content\\\/uploads\\\/2020\\\/10\\\/silla.split_.kids_-1.jpg\",\"contentUrl\":\"https:\\\/\\\/solucionescontract.com\\\/wp-content\\\/uploads\\\/2020\\\/10\\\/silla.split_.kids_-1.jpg\",\"width\":630,\"height\":630,\"caption\":\"chair.split.kids.children\"},{\"@type\":\"BreadcrumbList\",\"@id\":\"https:\\\/\\\/solucionescontract.com\\\/fr\\\/producto\\\/chaise-divisee-enfants\\\/#breadcrumb\",\"itemListElement\":[{\"@type\":\"ListItem\",\"position\":1,\"name\":\"Inicio\",\"item\":\"https:\\\/\\\/solucionescontract.com\\\/\"},{\"@type\":\"ListItem\",\"position\":2,\"name\":\"Tienda mobiliario contract\",\"item\":\"https:\\\/\\\/solucionescontract.com\\\/tienda-mobiliario-contract\\\/\"},{\"@type\":\"ListItem\",\"position\":3,\"name\":\"Asientos Contract\",\"item\":\"https:\\\/\\\/solucionescontract.com\\\/categoria-producto\\\/asientos-para-contract\\\/\"},{\"@type\":\"ListItem\",\"position\":4,\"name\":\"Sillas Contract\",\"item\":\"https:\\\/\\\/solucionescontract.com\\\/categoria-producto\\\/asientos-para-contract\\\/sillas-contract\\\/\"},{\"@type\":\"ListItem\",\"position\":5,\"name\":\"CHAISE ENFANT SPLIT\"}]},{\"@type\":\"WebSite\",\"@id\":\"https:\\\/\\\/solucionescontract.com\\\/#website\",\"url\":\"https:\\\/\\\/solucionescontract.com\\\/\",\"name\":\"Soluciones Contract\",\"description\":\"Venta Mobiliario contract de dise\u00f1o\",\"publisher\":{\"@id\":\"https:\\\/\\\/solucionescontract.com\\\/#organization\"},\"potentialAction\":[{\"@type\":\"SearchAction\",\"target\":{\"@type\":\"EntryPoint\",\"urlTemplate\":\"https:\\\/\\\/solucionescontract.com\\\/?s={search_term_string}\"},\"query-input\":{\"@type\":\"PropertyValueSpecification\",\"valueRequired\":true,\"valueName\":\"search_term_string\"}}],\"inLanguage\":\"fr-FR\"},{\"@type\":\"Organization\",\"@id\":\"https:\\\/\\\/solucionescontract.com\\\/#organization\",\"name\":\"Soluciones Contract\",\"url\":\"https:\\\/\\\/solucionescontract.com\\\/\",\"logo\":{\"@type\":\"ImageObject\",\"inLanguage\":\"fr-FR\",\"@id\":\"https:\\\/\\\/solucionescontract.com\\\/#\\\/schema\\\/logo\\\/image\\\/\",\"url\":\"https:\\\/\\\/solucionescontract.com\\\/wp-content\\\/uploads\\\/2020\\\/02\\\/logoSC.jpg\",\"contentUrl\":\"https:\\\/\\\/solucionescontract.com\\\/wp-content\\\/uploads\\\/2020\\\/02\\\/logoSC.jpg\",\"width\":300,\"height\":125,\"caption\":\"Soluciones Contract\"},\"image\":{\"@id\":\"https:\\\/\\\/solucionescontract.com\\\/#\\\/schema\\\/logo\\\/image\\\/\"},\"sameAs\":[\"https:\\\/\\\/www.facebook.com\\\/solucionescontract\\\/\"]}]}<\/script>\n<!-- \/ Yoast SEO plugin. -->","yoast_head_json":{"title":"CHAISE ENFANT SPLIT - Muebles de dise\u00f1o en Soluciones Contract","description":"Compra CHAISE ENFANT SPLIT online en nuestra tienda de muebles Contract. Encuentra el mejor MOBILIARIO DE DISE\u00d1O para Hotel, Hogar y uso comercial. Descubre las mejores marcas en nuestro cat\u00e1logo.","robots":{"index":"index","follow":"follow","max-snippet":"max-snippet:-1","max-image-preview":"max-image-preview:large","max-video-preview":"max-video-preview:-1"},"canonical":"https:\/\/solucionescontract.com\/fr\/producto\/chaise-divisee-enfants\/","og_locale":"fr_FR","og_type":"article","og_title":"CHAISE ENFANT SPLIT - Muebles de dise\u00f1o en Soluciones Contract","og_description":"Compra CHAISE ENFANT SPLIT online en nuestra tienda de muebles Contract. Encuentra el mejor MOBILIARIO DE DISE\u00d1O para Hotel, Hogar y uso comercial. Descubre las mejores marcas en nuestro cat\u00e1logo.","og_url":"https:\/\/solucionescontract.com\/fr\/producto\/chaise-divisee-enfants\/","og_site_name":"Soluciones Contract","article_publisher":"https:\/\/www.facebook.com\/solucionescontract\/","article_modified_time":"2020-12-28T16:15:29+00:00","og_image":[{"width":630,"height":630,"url":"https:\/\/solucionescontract.com\/wp-content\/uploads\/2020\/10\/silla.split_.kids_-1.jpg","type":"image\/jpeg"}],"twitter_card":"summary_large_image","twitter_misc":{"Dur\u00e9e de lecture estim\u00e9e":"1 minute"},"schema":{"@context":"https:\/\/schema.org","@graph":[{"@type":"WebPage","@id":"https:\/\/solucionescontract.com\/fr\/producto\/chaise-divisee-enfants\/","url":"https:\/\/solucionescontract.com\/fr\/producto\/chaise-divisee-enfants\/","name":"CHAISE ENFANT SPLIT - Muebles de dise\u00f1o en Soluciones Contract","isPartOf":{"@id":"https:\/\/solucionescontract.com\/#website"},"primaryImageOfPage":{"@id":"https:\/\/solucionescontract.com\/fr\/producto\/chaise-divisee-enfants\/#primaryimage"},"image":{"@id":"https:\/\/solucionescontract.com\/fr\/producto\/chaise-divisee-enfants\/#primaryimage"},"thumbnailUrl":"https:\/\/solucionescontract.com\/wp-content\/uploads\/2020\/10\/silla.split_.kids_-1.jpg","datePublished":"2020-10-13T16:50:36+00:00","dateModified":"2020-12-28T16:15:29+00:00","description":"Compra CHAISE ENFANT SPLIT online en nuestra tienda de muebles Contract. Encuentra el mejor MOBILIARIO DE DISE\u00d1O para Hotel, Hogar y uso comercial. Descubre las mejores marcas en nuestro cat\u00e1logo.","breadcrumb":{"@id":"https:\/\/solucionescontract.com\/fr\/producto\/chaise-divisee-enfants\/#breadcrumb"},"inLanguage":"fr-FR","potentialAction":[{"@type":"ReadAction","target":["https:\/\/solucionescontract.com\/fr\/producto\/chaise-divisee-enfants\/"]}]},{"@type":"ImageObject","inLanguage":"fr-FR","@id":"https:\/\/solucionescontract.com\/fr\/producto\/chaise-divisee-enfants\/#primaryimage","url":"https:\/\/solucionescontract.com\/wp-content\/uploads\/2020\/10\/silla.split_.kids_-1.jpg","contentUrl":"https:\/\/solucionescontract.com\/wp-content\/uploads\/2020\/10\/silla.split_.kids_-1.jpg","width":630,"height":630,"caption":"chair.split.kids.children"},{"@type":"BreadcrumbList","@id":"https:\/\/solucionescontract.com\/fr\/producto\/chaise-divisee-enfants\/#breadcrumb","itemListElement":[{"@type":"ListItem","position":1,"name":"Inicio","item":"https:\/\/solucionescontract.com\/"},{"@type":"ListItem","position":2,"name":"Tienda mobiliario contract","item":"https:\/\/solucionescontract.com\/tienda-mobiliario-contract\/"},{"@type":"ListItem","position":3,"name":"Asientos Contract","item":"https:\/\/solucionescontract.com\/categoria-producto\/asientos-para-contract\/"},{"@type":"ListItem","position":4,"name":"Sillas Contract","item":"https:\/\/solucionescontract.com\/categoria-producto\/asientos-para-contract\/sillas-contract\/"},{"@type":"ListItem","position":5,"name":"CHAISE ENFANT SPLIT"}]},{"@type":"WebSite","@id":"https:\/\/solucionescontract.com\/#website","url":"https:\/\/solucionescontract.com\/","name":"Soluciones Contract","description":"Venta Mobiliario contract de dise\u00f1o","publisher":{"@id":"https:\/\/solucionescontract.com\/#organization"},"potentialAction":[{"@type":"SearchAction","target":{"@type":"EntryPoint","urlTemplate":"https:\/\/solucionescontract.com\/?s={search_term_string}"},"query-input":{"@type":"PropertyValueSpecification","valueRequired":true,"valueName":"search_term_string"}}],"inLanguage":"fr-FR"},{"@type":"Organization","@id":"https:\/\/solucionescontract.com\/#organization","name":"Soluciones Contract","url":"https:\/\/solucionescontract.com\/","logo":{"@type":"ImageObject","inLanguage":"fr-FR","@id":"https:\/\/solucionescontract.com\/#\/schema\/logo\/image\/","url":"https:\/\/solucionescontract.com\/wp-content\/uploads\/2020\/02\/logoSC.jpg","contentUrl":"https:\/\/solucionescontract.com\/wp-content\/uploads\/2020\/02\/logoSC.jpg","width":300,"height":125,"caption":"Soluciones Contract"},"image":{"@id":"https:\/\/solucionescontract.com\/#\/schema\/logo\/image\/"},"sameAs":["https:\/\/www.facebook.com\/solucionescontract\/"]}]}},"_links":{"self":[{"href":"https:\/\/solucionescontract.com\/fr\/wp-json\/wp\/v2\/product\/18409","targetHints":{"allow":["GET"]}}],"collection":[{"href":"https:\/\/solucionescontract.com\/fr\/wp-json\/wp\/v2\/product"}],"about":[{"href":"https:\/\/solucionescontract.com\/fr\/wp-json\/wp\/v2\/types\/product"}],"replies":[{"embeddable":true,"href":"https:\/\/solucionescontract.com\/fr\/wp-json\/wp\/v2\/comments?post=18409"}],"wp:featuredmedia":[{"embeddable":true,"href":"https:\/\/solucionescontract.com\/fr\/wp-json\/wp\/v2\/media\/17270"}],"wp:attachment":[{"href":"https:\/\/solucionescontract.com\/fr\/wp-json\/wp\/v2\/media?parent=18409"}],"wp:term":[{"taxonomy":"product_brand","embeddable":true,"href":"https:\/\/solucionescontract.com\/fr\/wp-json\/wp\/v2\/product_brand?post=18409"},{"taxonomy":"product_cat","embeddable":true,"href":"https:\/\/solucionescontract.com\/fr\/wp-json\/wp\/v2\/product_cat?post=18409"},{"taxonomy":"product_tag","embeddable":true,"href":"https:\/\/solucionescontract.com\/fr\/wp-json\/wp\/v2\/product_tag?post=18409"}],"curies":[{"name":"wp","href":"https:\/\/api.w.org\/{rel}","templated":true}]}}