{"id":18385,"date":"2020-10-02T22:12:10","date_gmt":"2020-10-02T22:12:10","guid":{"rendered":"https:\/\/www.solucionescontract.com\/producto\/matelas-jeunesse-legende\/"},"modified":"2021-04-16T13:47:48","modified_gmt":"2021-04-16T13:47:48","slug":"matelas-jeunesse-legende","status":"publish","type":"product","link":"https:\/\/solucionescontract.com\/fr\/producto\/matelas-jeunesse-legende\/","title":{"rendered":"MATELAS JEUNESSE L\u00c9GENDE"},"content":{"rendered":"<h3>Matelas \u00e0 ressorts ensach\u00e9s Legend Youth.<\/h3>\n<p>Le matelas pour jeunes est pourvu de mousse \u00e0 m\u00e9moire des deux c\u00f4t\u00e9s. Disponible en tailles 80 | 90 | 105cm. Hauteur 20cm.<\/p>\n<p>Le tapis jeunesse est muni de mousse \u00e0 m\u00e9moire d&rsquo;un c\u00f4t\u00e9. Disponible en tailles 80 | 90 | 105cm. Hauteur 16cm.<\/p>\n<p>Tissu extensible et 700 ressorts ensach\u00e9s. C&rsquo;est un matelas hautement respirant et ergonomique.<\/p>\n<p>Tissu anti-acariens (hygi\u00e8ne et protection contre les microorganismes).<\/p>\n<p>Certificat OEKO TEX.<\/p>\n<ul>\n<li>DEGR\u00c9 DE FERMET\u00c9 3\/6<\/li>\n<li>ADAPTABILIT\u00c9 6\/6<\/li>\n<li>IND\u00c9PENDANCE DES LITS 6\/6<\/li>\n<\/ul>\n<p>&nbsp;<\/script><\/p>\n","protected":false},"excerpt":{"rendered":"<p>&nbsp;<\/p>\n<ul>\n<li>Matelas avec coque 700 ressorts ensach\u00e9s<\/li>\n<li>Couche continue de mousse m\u00e9moire.<\/li>\n<li>Rembourrage extensible continu.<\/li>\n<li>Tissu anti-acariens (hygi\u00e8ne et protection contre les micro-organismes).<\/li>\n<li>Respirant et ergonomique<\/li>\n<li>Deux hauteurs disponibles 16cm et 20cm.<\/li>\n<\/ul>\n","protected":false},"featured_media":17370,"comment_status":"open","ping_status":"closed","template":"","meta":[],"product_brand":[],"product_cat":[603,597],"product_tag":[708,728,766],"class_list":{"0":"post-18385","1":"product","2":"type-product","3":"status-publish","4":"has-post-thumbnail","6":"product_cat-matelas-dhotel","7":"product_cat-meubles-de-repos","8":"product_tag-kids-fr","9":"product_tag-muelles-ensacados-fr","10":"product_tag-viscoelastica-fr","11":"product_shipping_class-gratuit","12":"yith_product_brand-flesan-fr","14":"first","15":"instock","16":"taxable","17":"shipping-taxable","18":"purchasable","19":"product-type-variable"},"yoast_head":"<!-- This site is optimized with the Yoast SEO plugin v27.3 - https:\/\/yoast.com\/product\/yoast-seo-wordpress\/ -->\n<title>MATELAS JEUNESSE L\u00c9GENDE - Muebles de dise\u00f1o en Soluciones Contract<\/title>\n<meta name=\"description\" content=\"Achetez MATELAS JEUNESSE L\u00c9GENDE en ligne dans notre magasin de meubles Contract. Trouvez le meilleur mobilier design pour l&#039;h\u00f4tel, la maison et l&#039;usage commercial\" \/>\n<meta name=\"robots\" content=\"index, follow, max-snippet:-1, max-image-preview:large, max-video-preview:-1\" \/>\n<link rel=\"canonical\" href=\"https:\/\/solucionescontract.com\/fr\/producto\/matelas-jeunesse-legende\/\" \/>\n<meta property=\"og:locale\" content=\"fr_FR\" \/>\n<meta property=\"og:type\" content=\"article\" \/>\n<meta property=\"og:title\" content=\"MATELAS JEUNESSE L\u00c9GENDE - Muebles de dise\u00f1o en Soluciones Contract\" \/>\n<meta property=\"og:description\" content=\"Achetez MATELAS JEUNESSE L\u00c9GENDE en ligne dans notre magasin de meubles Contract. Trouvez le meilleur mobilier design pour l&#039;h\u00f4tel, la maison et l&#039;usage commercial\" \/>\n<meta property=\"og:url\" content=\"https:\/\/solucionescontract.com\/fr\/producto\/matelas-jeunesse-legende\/\" \/>\n<meta property=\"og:site_name\" content=\"Soluciones Contract\" \/>\n<meta property=\"article:publisher\" content=\"https:\/\/www.facebook.com\/solucionescontract\/\" \/>\n<meta property=\"article:modified_time\" content=\"2021-04-16T13:47:48+00:00\" \/>\n<meta property=\"og:image\" content=\"https:\/\/solucionescontract.com\/wp-content\/uploads\/2020\/11\/Colchon-Legend.jpg\" \/>\n\t<meta property=\"og:image:width\" content=\"1335\" \/>\n\t<meta property=\"og:image:height\" content=\"1336\" \/>\n\t<meta property=\"og:image:type\" content=\"image\/jpeg\" \/>\n<meta name=\"twitter:card\" content=\"summary_large_image\" \/>\n<script type=\"application\/ld+json\" class=\"yoast-schema-graph\">{\"@context\":\"https:\\\/\\\/schema.org\",\"@graph\":[{\"@type\":\"WebPage\",\"@id\":\"https:\\\/\\\/solucionescontract.com\\\/fr\\\/producto\\\/matelas-jeunesse-legende\\\/\",\"url\":\"https:\\\/\\\/solucionescontract.com\\\/fr\\\/producto\\\/matelas-jeunesse-legende\\\/\",\"name\":\"MATELAS JEUNESSE L\u00c9GENDE - Muebles de dise\u00f1o en Soluciones Contract\",\"isPartOf\":{\"@id\":\"https:\\\/\\\/solucionescontract.com\\\/#website\"},\"primaryImageOfPage\":{\"@id\":\"https:\\\/\\\/solucionescontract.com\\\/fr\\\/producto\\\/matelas-jeunesse-legende\\\/#primaryimage\"},\"image\":{\"@id\":\"https:\\\/\\\/solucionescontract.com\\\/fr\\\/producto\\\/matelas-jeunesse-legende\\\/#primaryimage\"},\"thumbnailUrl\":\"https:\\\/\\\/solucionescontract.com\\\/wp-content\\\/uploads\\\/2020\\\/11\\\/Colchon-Legend.jpg\",\"datePublished\":\"2020-10-02T22:12:10+00:00\",\"dateModified\":\"2021-04-16T13:47:48+00:00\",\"description\":\"Achetez MATELAS JEUNESSE L\u00c9GENDE en ligne dans notre magasin de meubles Contract. Trouvez le meilleur mobilier design pour l'h\u00f4tel, la maison et l'usage commercial\",\"breadcrumb\":{\"@id\":\"https:\\\/\\\/solucionescontract.com\\\/fr\\\/producto\\\/matelas-jeunesse-legende\\\/#breadcrumb\"},\"inLanguage\":\"fr-FR\",\"potentialAction\":[{\"@type\":\"ReadAction\",\"target\":[\"https:\\\/\\\/solucionescontract.com\\\/fr\\\/producto\\\/matelas-jeunesse-legende\\\/\"]}]},{\"@type\":\"ImageObject\",\"inLanguage\":\"fr-FR\",\"@id\":\"https:\\\/\\\/solucionescontract.com\\\/fr\\\/producto\\\/matelas-jeunesse-legende\\\/#primaryimage\",\"url\":\"https:\\\/\\\/solucionescontract.com\\\/wp-content\\\/uploads\\\/2020\\\/11\\\/Colchon-Legend.jpg\",\"contentUrl\":\"https:\\\/\\\/solucionescontract.com\\\/wp-content\\\/uploads\\\/2020\\\/11\\\/Colchon-Legend.jpg\",\"width\":1335,\"height\":1336},{\"@type\":\"BreadcrumbList\",\"@id\":\"https:\\\/\\\/solucionescontract.com\\\/fr\\\/producto\\\/matelas-jeunesse-legende\\\/#breadcrumb\",\"itemListElement\":[{\"@type\":\"ListItem\",\"position\":1,\"name\":\"Inicio\",\"item\":\"https:\\\/\\\/solucionescontract.com\\\/\"},{\"@type\":\"ListItem\",\"position\":2,\"name\":\"Tienda mobiliario contract\",\"item\":\"https:\\\/\\\/solucionescontract.com\\\/tienda-mobiliario-contract\\\/\"},{\"@type\":\"ListItem\",\"position\":3,\"name\":\"Meubles de repos\",\"item\":\"https:\\\/\\\/solucionescontract.com\\\/fr\\\/categoria-producto\\\/meubles-de-repos\\\/\"},{\"@type\":\"ListItem\",\"position\":4,\"name\":\"Matelas d'h\u00f4tel\",\"item\":\"https:\\\/\\\/solucionescontract.com\\\/fr\\\/categoria-producto\\\/meubles-de-repos\\\/matelas-dhotel\\\/\"},{\"@type\":\"ListItem\",\"position\":5,\"name\":\"MATELAS JEUNESSE L\u00c9GENDE\"}]},{\"@type\":\"WebSite\",\"@id\":\"https:\\\/\\\/solucionescontract.com\\\/#website\",\"url\":\"https:\\\/\\\/solucionescontract.com\\\/\",\"name\":\"Soluciones Contract\",\"description\":\"Venta Mobiliario contract de dise\u00f1o\",\"publisher\":{\"@id\":\"https:\\\/\\\/solucionescontract.com\\\/#organization\"},\"potentialAction\":[{\"@type\":\"SearchAction\",\"target\":{\"@type\":\"EntryPoint\",\"urlTemplate\":\"https:\\\/\\\/solucionescontract.com\\\/?s={search_term_string}\"},\"query-input\":{\"@type\":\"PropertyValueSpecification\",\"valueRequired\":true,\"valueName\":\"search_term_string\"}}],\"inLanguage\":\"fr-FR\"},{\"@type\":\"Organization\",\"@id\":\"https:\\\/\\\/solucionescontract.com\\\/#organization\",\"name\":\"Soluciones Contract\",\"url\":\"https:\\\/\\\/solucionescontract.com\\\/\",\"logo\":{\"@type\":\"ImageObject\",\"inLanguage\":\"fr-FR\",\"@id\":\"https:\\\/\\\/solucionescontract.com\\\/#\\\/schema\\\/logo\\\/image\\\/\",\"url\":\"https:\\\/\\\/solucionescontract.com\\\/wp-content\\\/uploads\\\/2020\\\/02\\\/logoSC.jpg\",\"contentUrl\":\"https:\\\/\\\/solucionescontract.com\\\/wp-content\\\/uploads\\\/2020\\\/02\\\/logoSC.jpg\",\"width\":300,\"height\":125,\"caption\":\"Soluciones Contract\"},\"image\":{\"@id\":\"https:\\\/\\\/solucionescontract.com\\\/#\\\/schema\\\/logo\\\/image\\\/\"},\"sameAs\":[\"https:\\\/\\\/www.facebook.com\\\/solucionescontract\\\/\"]}]}<\/script>\n<!-- \/ Yoast SEO plugin. -->","yoast_head_json":{"title":"MATELAS JEUNESSE L\u00c9GENDE - Muebles de dise\u00f1o en Soluciones Contract","description":"Achetez MATELAS JEUNESSE L\u00c9GENDE en ligne dans notre magasin de meubles Contract. Trouvez le meilleur mobilier design pour l'h\u00f4tel, la maison et l'usage commercial","robots":{"index":"index","follow":"follow","max-snippet":"max-snippet:-1","max-image-preview":"max-image-preview:large","max-video-preview":"max-video-preview:-1"},"canonical":"https:\/\/solucionescontract.com\/fr\/producto\/matelas-jeunesse-legende\/","og_locale":"fr_FR","og_type":"article","og_title":"MATELAS JEUNESSE L\u00c9GENDE - Muebles de dise\u00f1o en Soluciones Contract","og_description":"Achetez MATELAS JEUNESSE L\u00c9GENDE en ligne dans notre magasin de meubles Contract. Trouvez le meilleur mobilier design pour l'h\u00f4tel, la maison et l'usage commercial","og_url":"https:\/\/solucionescontract.com\/fr\/producto\/matelas-jeunesse-legende\/","og_site_name":"Soluciones Contract","article_publisher":"https:\/\/www.facebook.com\/solucionescontract\/","article_modified_time":"2021-04-16T13:47:48+00:00","og_image":[{"width":1335,"height":1336,"url":"https:\/\/solucionescontract.com\/wp-content\/uploads\/2020\/11\/Colchon-Legend.jpg","type":"image\/jpeg"}],"twitter_card":"summary_large_image","schema":{"@context":"https:\/\/schema.org","@graph":[{"@type":"WebPage","@id":"https:\/\/solucionescontract.com\/fr\/producto\/matelas-jeunesse-legende\/","url":"https:\/\/solucionescontract.com\/fr\/producto\/matelas-jeunesse-legende\/","name":"MATELAS JEUNESSE L\u00c9GENDE - Muebles de dise\u00f1o en Soluciones Contract","isPartOf":{"@id":"https:\/\/solucionescontract.com\/#website"},"primaryImageOfPage":{"@id":"https:\/\/solucionescontract.com\/fr\/producto\/matelas-jeunesse-legende\/#primaryimage"},"image":{"@id":"https:\/\/solucionescontract.com\/fr\/producto\/matelas-jeunesse-legende\/#primaryimage"},"thumbnailUrl":"https:\/\/solucionescontract.com\/wp-content\/uploads\/2020\/11\/Colchon-Legend.jpg","datePublished":"2020-10-02T22:12:10+00:00","dateModified":"2021-04-16T13:47:48+00:00","description":"Achetez MATELAS JEUNESSE L\u00c9GENDE en ligne dans notre magasin de meubles Contract. Trouvez le meilleur mobilier design pour l'h\u00f4tel, la maison et l'usage commercial","breadcrumb":{"@id":"https:\/\/solucionescontract.com\/fr\/producto\/matelas-jeunesse-legende\/#breadcrumb"},"inLanguage":"fr-FR","potentialAction":[{"@type":"ReadAction","target":["https:\/\/solucionescontract.com\/fr\/producto\/matelas-jeunesse-legende\/"]}]},{"@type":"ImageObject","inLanguage":"fr-FR","@id":"https:\/\/solucionescontract.com\/fr\/producto\/matelas-jeunesse-legende\/#primaryimage","url":"https:\/\/solucionescontract.com\/wp-content\/uploads\/2020\/11\/Colchon-Legend.jpg","contentUrl":"https:\/\/solucionescontract.com\/wp-content\/uploads\/2020\/11\/Colchon-Legend.jpg","width":1335,"height":1336},{"@type":"BreadcrumbList","@id":"https:\/\/solucionescontract.com\/fr\/producto\/matelas-jeunesse-legende\/#breadcrumb","itemListElement":[{"@type":"ListItem","position":1,"name":"Inicio","item":"https:\/\/solucionescontract.com\/"},{"@type":"ListItem","position":2,"name":"Tienda mobiliario contract","item":"https:\/\/solucionescontract.com\/tienda-mobiliario-contract\/"},{"@type":"ListItem","position":3,"name":"Meubles de repos","item":"https:\/\/solucionescontract.com\/fr\/categoria-producto\/meubles-de-repos\/"},{"@type":"ListItem","position":4,"name":"Matelas d'h\u00f4tel","item":"https:\/\/solucionescontract.com\/fr\/categoria-producto\/meubles-de-repos\/matelas-dhotel\/"},{"@type":"ListItem","position":5,"name":"MATELAS JEUNESSE L\u00c9GENDE"}]},{"@type":"WebSite","@id":"https:\/\/solucionescontract.com\/#website","url":"https:\/\/solucionescontract.com\/","name":"Soluciones Contract","description":"Venta Mobiliario contract de dise\u00f1o","publisher":{"@id":"https:\/\/solucionescontract.com\/#organization"},"potentialAction":[{"@type":"SearchAction","target":{"@type":"EntryPoint","urlTemplate":"https:\/\/solucionescontract.com\/?s={search_term_string}"},"query-input":{"@type":"PropertyValueSpecification","valueRequired":true,"valueName":"search_term_string"}}],"inLanguage":"fr-FR"},{"@type":"Organization","@id":"https:\/\/solucionescontract.com\/#organization","name":"Soluciones Contract","url":"https:\/\/solucionescontract.com\/","logo":{"@type":"ImageObject","inLanguage":"fr-FR","@id":"https:\/\/solucionescontract.com\/#\/schema\/logo\/image\/","url":"https:\/\/solucionescontract.com\/wp-content\/uploads\/2020\/02\/logoSC.jpg","contentUrl":"https:\/\/solucionescontract.com\/wp-content\/uploads\/2020\/02\/logoSC.jpg","width":300,"height":125,"caption":"Soluciones Contract"},"image":{"@id":"https:\/\/solucionescontract.com\/#\/schema\/logo\/image\/"},"sameAs":["https:\/\/www.facebook.com\/solucionescontract\/"]}]}},"_links":{"self":[{"href":"https:\/\/solucionescontract.com\/fr\/wp-json\/wp\/v2\/product\/18385","targetHints":{"allow":["GET"]}}],"collection":[{"href":"https:\/\/solucionescontract.com\/fr\/wp-json\/wp\/v2\/product"}],"about":[{"href":"https:\/\/solucionescontract.com\/fr\/wp-json\/wp\/v2\/types\/product"}],"replies":[{"embeddable":true,"href":"https:\/\/solucionescontract.com\/fr\/wp-json\/wp\/v2\/comments?post=18385"}],"wp:featuredmedia":[{"embeddable":true,"href":"https:\/\/solucionescontract.com\/fr\/wp-json\/wp\/v2\/media\/17370"}],"wp:attachment":[{"href":"https:\/\/solucionescontract.com\/fr\/wp-json\/wp\/v2\/media?parent=18385"}],"wp:term":[{"taxonomy":"product_brand","embeddable":true,"href":"https:\/\/solucionescontract.com\/fr\/wp-json\/wp\/v2\/product_brand?post=18385"},{"taxonomy":"product_cat","embeddable":true,"href":"https:\/\/solucionescontract.com\/fr\/wp-json\/wp\/v2\/product_cat?post=18385"},{"taxonomy":"product_tag","embeddable":true,"href":"https:\/\/solucionescontract.com\/fr\/wp-json\/wp\/v2\/product_tag?post=18385"}],"curies":[{"name":"wp","href":"https:\/\/api.w.org\/{rel}","templated":true}]}}