{"id":18334,"date":"2020-11-05T10:33:20","date_gmt":"2020-11-05T10:33:20","guid":{"rendered":"https:\/\/www.solucionescontract.com\/producto\/parapluie-tombal\/"},"modified":"2021-04-16T11:44:54","modified_gmt":"2021-04-16T11:44:54","slug":"parapluie-tombal","status":"publish","type":"product","link":"https:\/\/solucionescontract.com\/fr\/producto\/parapluie-tombal\/","title":{"rendered":"PARAPLUIE TOMBALE"},"content":{"rendered":"<p>Porte-parapluie tombal, transformable en cendrier.<\/p>\n<p>\u00c9l\u00e9gant porte-parapluie en acier inoxydable. Avec structure r\u00e9versible et tr\u00e8s fonctionnelle.<\/p>\n<p>Il s&rsquo;adapte parfaitement aux espaces contractuels et \u00e0 la maison.<\/p>\n<p>R\u00e9cipient en gr\u00e8s vitrifi\u00e9 qui offre une grande r\u00e9sistance \u00e0 l&rsquo;humidit\u00e9 et est \u00e9galement facilement lavable.<\/p>\n<p><a href=\"https:\/\/solucionescontract.com\/wp-content\/uploads\/2020\/11\/Ficah_tecnica_paraguero-mobles-114.jpg\"><img decoding=\"async\" class=\" wd-lazy-fade alignnone wp-image-11300 size-medium\" src=\"https:\/\/solucionescontract.com\/wp-content\/themes\/woodmart\/images\/lazy.svg\" data-src=\"https:\/\/solucionescontract.com\/wp-content\/uploads\/2020\/11\/Ficah_tecnica_paraguero-mobles-114-300x300.jpg\" alt=\"Ficha_parag\u00fcero de dise\u00f1o\" width=\"300\" height=\"300\" srcset=\"\" data-srcset=\"https:\/\/solucionescontract.com\/wp-content\/uploads\/2020\/11\/Ficah_tecnica_paraguero-mobles-114-300x300.jpg 300w, https:\/\/solucionescontract.com\/wp-content\/uploads\/2020\/11\/Ficah_tecnica_paraguero-mobles-114-150x150.jpg 150w, https:\/\/solucionescontract.com\/wp-content\/uploads\/2020\/11\/Ficah_tecnica_paraguero-mobles-114-800x800.jpg 800w, https:\/\/solucionescontract.com\/wp-content\/uploads\/2020\/11\/Ficah_tecnica_paraguero-mobles-114-768x768.jpg 768w, https:\/\/solucionescontract.com\/wp-content\/uploads\/2020\/11\/Ficah_tecnica_paraguero-mobles-114-20x20.jpg 20w, https:\/\/solucionescontract.com\/wp-content\/uploads\/2020\/11\/Ficah_tecnica_paraguero-mobles-114.jpg 1000w\" sizes=\"(max-width: 300px) 100vw, 300px\" \/><\/a><\/p>\n<p>&nbsp;<\/p>\n<p>&nbsp;<\/script><\/p>\n","protected":false},"excerpt":{"rendered":"<ul>\n<li style = \"text-align: justify;\"> Porte-parapluie transformable en cendrier en acier inoxydable et contenant en c\u00e9ramique \u00e9maill\u00e9e. <\/li>\n<li> Con\u00e7u en 1990 par Miguel Mila et republi\u00e9 en 2017 par Mobles 114, o\u00f9 seuls les mat\u00e9riaux utilis\u00e9s sont modifi\u00e9s. <\/li>\n<li> Produit tr\u00e8s fonctionnel et facile \u00e0 nettoyer. <\/li>\n<li> Grande r\u00e9sistance \u00e0 l&rsquo;humidit\u00e9. <\/li>\n<li> Utilisation ext\u00e9rieure \/ int\u00e9rieure. <\/li>\n<\/ul>\n<p>&nbsp;<\/p>\n","protected":false},"featured_media":17392,"comment_status":"open","ping_status":"closed","template":"","meta":[],"product_brand":[],"product_cat":[523,621,614,623],"product_tag":[679,682],"class_list":{"0":"post-18334","1":"product","2":"type-product","3":"status-publish","4":"has-post-thumbnail","6":"product_cat-accessoires-de-lhotel","7":"product_cat-meubles-auxiliaires","8":"product_cat-meubles-et-accessoires","9":"product_cat-percheros-fr","10":"product_tag-exterior-interior","11":"product_tag-percheros-y-paragueros-fr","12":"product_shipping_class-gratuit","13":"yith_product_brand-mobles-114-fr","15":"first","16":"instock","17":"taxable","18":"shipping-taxable","19":"purchasable","20":"product-type-simple"},"yoast_head":"<!-- This site is optimized with the Yoast SEO plugin v27.3 - https:\/\/yoast.com\/product\/yoast-seo-wordpress\/ -->\n<title>PARAPLUIE TOMBALE - Muebles de dise\u00f1o en Soluciones Contract<\/title>\n<meta name=\"description\" content=\"Compra PARAPLUIE TOMBALE online en nuestra tienda de muebles Contract. Encuentra el mejor MOBILIARIO DE DISE\u00d1O para Hotel, Hogar y uso comercial. Descubre las mejores marcas en nuestro cat\u00e1logo.\" \/>\n<meta name=\"robots\" content=\"index, follow, max-snippet:-1, max-image-preview:large, max-video-preview:-1\" \/>\n<link rel=\"canonical\" href=\"https:\/\/solucionescontract.com\/producto\/paraguero-tombal\/\" \/>\n<meta property=\"og:locale\" content=\"fr_FR\" \/>\n<meta property=\"og:type\" content=\"article\" \/>\n<meta property=\"og:title\" content=\"PARAPLUIE TOMBALE - Muebles de dise\u00f1o en Soluciones Contract\" \/>\n<meta property=\"og:description\" content=\"Compra PARAPLUIE TOMBALE online en nuestra tienda de muebles Contract. Encuentra el mejor MOBILIARIO DE DISE\u00d1O para Hotel, Hogar y uso comercial. Descubre las mejores marcas en nuestro cat\u00e1logo.\" \/>\n<meta property=\"og:url\" content=\"https:\/\/solucionescontract.com\/producto\/paraguero-tombal\/\" \/>\n<meta property=\"og:site_name\" content=\"Soluciones Contract\" \/>\n<meta property=\"article:publisher\" content=\"https:\/\/www.facebook.com\/solucionescontract\/\" \/>\n<meta property=\"article:modified_time\" content=\"2021-04-16T11:44:54+00:00\" \/>\n<meta property=\"og:image\" content=\"https:\/\/solucionescontract.com\/wp-content\/uploads\/2020\/11\/paraguero-cenicero-tombal.jpg\" \/>\n\t<meta property=\"og:image:width\" content=\"1000\" \/>\n\t<meta property=\"og:image:height\" content=\"1000\" \/>\n\t<meta property=\"og:image:type\" content=\"image\/jpeg\" \/>\n<meta name=\"twitter:card\" content=\"summary_large_image\" \/>\n<script type=\"application\/ld+json\" class=\"yoast-schema-graph\">{\"@context\":\"https:\\\/\\\/schema.org\",\"@graph\":[{\"@type\":\"WebPage\",\"@id\":\"https:\\\/\\\/solucionescontract.com\\\/producto\\\/paraguero-tombal\\\/\",\"url\":\"https:\\\/\\\/solucionescontract.com\\\/producto\\\/paraguero-tombal\\\/\",\"name\":\"PARAPLUIE TOMBALE - Muebles de dise\u00f1o en Soluciones Contract\",\"isPartOf\":{\"@id\":\"https:\\\/\\\/solucionescontract.com\\\/#website\"},\"primaryImageOfPage\":{\"@id\":\"https:\\\/\\\/solucionescontract.com\\\/producto\\\/paraguero-tombal\\\/#primaryimage\"},\"image\":{\"@id\":\"https:\\\/\\\/solucionescontract.com\\\/producto\\\/paraguero-tombal\\\/#primaryimage\"},\"thumbnailUrl\":\"https:\\\/\\\/solucionescontract.com\\\/wp-content\\\/uploads\\\/2020\\\/11\\\/paraguero-cenicero-tombal.jpg\",\"datePublished\":\"2020-11-05T10:33:20+00:00\",\"dateModified\":\"2021-04-16T11:44:54+00:00\",\"description\":\"Compra PARAPLUIE TOMBALE online en nuestra tienda de muebles Contract. Encuentra el mejor MOBILIARIO DE DISE\u00d1O para Hotel, Hogar y uso comercial. Descubre las mejores marcas en nuestro cat\u00e1logo.\",\"breadcrumb\":{\"@id\":\"https:\\\/\\\/solucionescontract.com\\\/producto\\\/paraguero-tombal\\\/#breadcrumb\"},\"inLanguage\":\"fr-FR\",\"potentialAction\":[{\"@type\":\"ReadAction\",\"target\":[\"https:\\\/\\\/solucionescontract.com\\\/producto\\\/paraguero-tombal\\\/\"]}]},{\"@type\":\"ImageObject\",\"inLanguage\":\"fr-FR\",\"@id\":\"https:\\\/\\\/solucionescontract.com\\\/producto\\\/paraguero-tombal\\\/#primaryimage\",\"url\":\"https:\\\/\\\/solucionescontract.com\\\/wp-content\\\/uploads\\\/2020\\\/11\\\/paraguero-cenicero-tombal.jpg\",\"contentUrl\":\"https:\\\/\\\/solucionescontract.com\\\/wp-content\\\/uploads\\\/2020\\\/11\\\/paraguero-cenicero-tombal.jpg\",\"width\":1000,\"height\":1000,\"caption\":\"Parag\u00fcero_acero_inoxidable\"},{\"@type\":\"BreadcrumbList\",\"@id\":\"https:\\\/\\\/solucionescontract.com\\\/producto\\\/paraguero-tombal\\\/#breadcrumb\",\"itemListElement\":[{\"@type\":\"ListItem\",\"position\":1,\"name\":\"Inicio\",\"item\":\"https:\\\/\\\/solucionescontract.com\\\/\"},{\"@type\":\"ListItem\",\"position\":2,\"name\":\"Tienda mobiliario contract\",\"item\":\"https:\\\/\\\/solucionescontract.com\\\/tienda-mobiliario-contract\\\/\"},{\"@type\":\"ListItem\",\"position\":3,\"name\":\"Mueble y complementos\",\"item\":\"https:\\\/\\\/solucionescontract.com\\\/categoria-producto\\\/mueble-y-complementos\\\/\"},{\"@type\":\"ListItem\",\"position\":4,\"name\":\"Complementos y decoraci\u00f3n\",\"item\":\"https:\\\/\\\/solucionescontract.com\\\/categoria-producto\\\/mueble-y-complementos\\\/complementos-decoracion\\\/\"},{\"@type\":\"ListItem\",\"position\":5,\"name\":\"Percheros y parag\u00fceros\",\"item\":\"https:\\\/\\\/solucionescontract.com\\\/categoria-producto\\\/mueble-y-complementos\\\/complementos-decoracion\\\/percheros\\\/\"},{\"@type\":\"ListItem\",\"position\":6,\"name\":\"PARAPLUIE TOMBALE\"}]},{\"@type\":\"WebSite\",\"@id\":\"https:\\\/\\\/solucionescontract.com\\\/#website\",\"url\":\"https:\\\/\\\/solucionescontract.com\\\/\",\"name\":\"Soluciones Contract\",\"description\":\"Venta Mobiliario contract de dise\u00f1o\",\"publisher\":{\"@id\":\"https:\\\/\\\/solucionescontract.com\\\/#organization\"},\"potentialAction\":[{\"@type\":\"SearchAction\",\"target\":{\"@type\":\"EntryPoint\",\"urlTemplate\":\"https:\\\/\\\/solucionescontract.com\\\/?s={search_term_string}\"},\"query-input\":{\"@type\":\"PropertyValueSpecification\",\"valueRequired\":true,\"valueName\":\"search_term_string\"}}],\"inLanguage\":\"fr-FR\"},{\"@type\":\"Organization\",\"@id\":\"https:\\\/\\\/solucionescontract.com\\\/#organization\",\"name\":\"Soluciones Contract\",\"url\":\"https:\\\/\\\/solucionescontract.com\\\/\",\"logo\":{\"@type\":\"ImageObject\",\"inLanguage\":\"fr-FR\",\"@id\":\"https:\\\/\\\/solucionescontract.com\\\/#\\\/schema\\\/logo\\\/image\\\/\",\"url\":\"https:\\\/\\\/solucionescontract.com\\\/wp-content\\\/uploads\\\/2020\\\/02\\\/logoSC.jpg\",\"contentUrl\":\"https:\\\/\\\/solucionescontract.com\\\/wp-content\\\/uploads\\\/2020\\\/02\\\/logoSC.jpg\",\"width\":300,\"height\":125,\"caption\":\"Soluciones Contract\"},\"image\":{\"@id\":\"https:\\\/\\\/solucionescontract.com\\\/#\\\/schema\\\/logo\\\/image\\\/\"},\"sameAs\":[\"https:\\\/\\\/www.facebook.com\\\/solucionescontract\\\/\"]}]}<\/script>\n<!-- \/ Yoast SEO plugin. -->","yoast_head_json":{"title":"PARAPLUIE TOMBALE - Muebles de dise\u00f1o en Soluciones Contract","description":"Compra PARAPLUIE TOMBALE online en nuestra tienda de muebles Contract. Encuentra el mejor MOBILIARIO DE DISE\u00d1O para Hotel, Hogar y uso comercial. Descubre las mejores marcas en nuestro cat\u00e1logo.","robots":{"index":"index","follow":"follow","max-snippet":"max-snippet:-1","max-image-preview":"max-image-preview:large","max-video-preview":"max-video-preview:-1"},"canonical":"https:\/\/solucionescontract.com\/producto\/paraguero-tombal\/","og_locale":"fr_FR","og_type":"article","og_title":"PARAPLUIE TOMBALE - Muebles de dise\u00f1o en Soluciones Contract","og_description":"Compra PARAPLUIE TOMBALE online en nuestra tienda de muebles Contract. Encuentra el mejor MOBILIARIO DE DISE\u00d1O para Hotel, Hogar y uso comercial. Descubre las mejores marcas en nuestro cat\u00e1logo.","og_url":"https:\/\/solucionescontract.com\/producto\/paraguero-tombal\/","og_site_name":"Soluciones Contract","article_publisher":"https:\/\/www.facebook.com\/solucionescontract\/","article_modified_time":"2021-04-16T11:44:54+00:00","og_image":[{"width":1000,"height":1000,"url":"https:\/\/solucionescontract.com\/wp-content\/uploads\/2020\/11\/paraguero-cenicero-tombal.jpg","type":"image\/jpeg"}],"twitter_card":"summary_large_image","schema":{"@context":"https:\/\/schema.org","@graph":[{"@type":"WebPage","@id":"https:\/\/solucionescontract.com\/producto\/paraguero-tombal\/","url":"https:\/\/solucionescontract.com\/producto\/paraguero-tombal\/","name":"PARAPLUIE TOMBALE - Muebles de dise\u00f1o en Soluciones Contract","isPartOf":{"@id":"https:\/\/solucionescontract.com\/#website"},"primaryImageOfPage":{"@id":"https:\/\/solucionescontract.com\/producto\/paraguero-tombal\/#primaryimage"},"image":{"@id":"https:\/\/solucionescontract.com\/producto\/paraguero-tombal\/#primaryimage"},"thumbnailUrl":"https:\/\/solucionescontract.com\/wp-content\/uploads\/2020\/11\/paraguero-cenicero-tombal.jpg","datePublished":"2020-11-05T10:33:20+00:00","dateModified":"2021-04-16T11:44:54+00:00","description":"Compra PARAPLUIE TOMBALE online en nuestra tienda de muebles Contract. Encuentra el mejor MOBILIARIO DE DISE\u00d1O para Hotel, Hogar y uso comercial. Descubre las mejores marcas en nuestro cat\u00e1logo.","breadcrumb":{"@id":"https:\/\/solucionescontract.com\/producto\/paraguero-tombal\/#breadcrumb"},"inLanguage":"fr-FR","potentialAction":[{"@type":"ReadAction","target":["https:\/\/solucionescontract.com\/producto\/paraguero-tombal\/"]}]},{"@type":"ImageObject","inLanguage":"fr-FR","@id":"https:\/\/solucionescontract.com\/producto\/paraguero-tombal\/#primaryimage","url":"https:\/\/solucionescontract.com\/wp-content\/uploads\/2020\/11\/paraguero-cenicero-tombal.jpg","contentUrl":"https:\/\/solucionescontract.com\/wp-content\/uploads\/2020\/11\/paraguero-cenicero-tombal.jpg","width":1000,"height":1000,"caption":"Parag\u00fcero_acero_inoxidable"},{"@type":"BreadcrumbList","@id":"https:\/\/solucionescontract.com\/producto\/paraguero-tombal\/#breadcrumb","itemListElement":[{"@type":"ListItem","position":1,"name":"Inicio","item":"https:\/\/solucionescontract.com\/"},{"@type":"ListItem","position":2,"name":"Tienda mobiliario contract","item":"https:\/\/solucionescontract.com\/tienda-mobiliario-contract\/"},{"@type":"ListItem","position":3,"name":"Mueble y complementos","item":"https:\/\/solucionescontract.com\/categoria-producto\/mueble-y-complementos\/"},{"@type":"ListItem","position":4,"name":"Complementos y decoraci\u00f3n","item":"https:\/\/solucionescontract.com\/categoria-producto\/mueble-y-complementos\/complementos-decoracion\/"},{"@type":"ListItem","position":5,"name":"Percheros y parag\u00fceros","item":"https:\/\/solucionescontract.com\/categoria-producto\/mueble-y-complementos\/complementos-decoracion\/percheros\/"},{"@type":"ListItem","position":6,"name":"PARAPLUIE TOMBALE"}]},{"@type":"WebSite","@id":"https:\/\/solucionescontract.com\/#website","url":"https:\/\/solucionescontract.com\/","name":"Soluciones Contract","description":"Venta Mobiliario contract de dise\u00f1o","publisher":{"@id":"https:\/\/solucionescontract.com\/#organization"},"potentialAction":[{"@type":"SearchAction","target":{"@type":"EntryPoint","urlTemplate":"https:\/\/solucionescontract.com\/?s={search_term_string}"},"query-input":{"@type":"PropertyValueSpecification","valueRequired":true,"valueName":"search_term_string"}}],"inLanguage":"fr-FR"},{"@type":"Organization","@id":"https:\/\/solucionescontract.com\/#organization","name":"Soluciones Contract","url":"https:\/\/solucionescontract.com\/","logo":{"@type":"ImageObject","inLanguage":"fr-FR","@id":"https:\/\/solucionescontract.com\/#\/schema\/logo\/image\/","url":"https:\/\/solucionescontract.com\/wp-content\/uploads\/2020\/02\/logoSC.jpg","contentUrl":"https:\/\/solucionescontract.com\/wp-content\/uploads\/2020\/02\/logoSC.jpg","width":300,"height":125,"caption":"Soluciones Contract"},"image":{"@id":"https:\/\/solucionescontract.com\/#\/schema\/logo\/image\/"},"sameAs":["https:\/\/www.facebook.com\/solucionescontract\/"]}]}},"_links":{"self":[{"href":"https:\/\/solucionescontract.com\/fr\/wp-json\/wp\/v2\/product\/18334","targetHints":{"allow":["GET"]}}],"collection":[{"href":"https:\/\/solucionescontract.com\/fr\/wp-json\/wp\/v2\/product"}],"about":[{"href":"https:\/\/solucionescontract.com\/fr\/wp-json\/wp\/v2\/types\/product"}],"replies":[{"embeddable":true,"href":"https:\/\/solucionescontract.com\/fr\/wp-json\/wp\/v2\/comments?post=18334"}],"wp:featuredmedia":[{"embeddable":true,"href":"https:\/\/solucionescontract.com\/fr\/wp-json\/wp\/v2\/media\/17392"}],"wp:attachment":[{"href":"https:\/\/solucionescontract.com\/fr\/wp-json\/wp\/v2\/media?parent=18334"}],"wp:term":[{"taxonomy":"product_brand","embeddable":true,"href":"https:\/\/solucionescontract.com\/fr\/wp-json\/wp\/v2\/product_brand?post=18334"},{"taxonomy":"product_cat","embeddable":true,"href":"https:\/\/solucionescontract.com\/fr\/wp-json\/wp\/v2\/product_cat?post=18334"},{"taxonomy":"product_tag","embeddable":true,"href":"https:\/\/solucionescontract.com\/fr\/wp-json\/wp\/v2\/product_tag?post=18334"}],"curies":[{"name":"wp","href":"https:\/\/api.w.org\/{rel}","templated":true}]}}