{"id":18332,"date":"2020-11-07T16:24:57","date_gmt":"2020-11-07T16:24:57","guid":{"rendered":"https:\/\/www.solucionescontract.com\/producto\/foot_lamp_costa_rica\/"},"modified":"2020-12-30T15:34:26","modified_gmt":"2020-12-30T15:34:26","slug":"foot_lamp_costa_rica","status":"publish","type":"product","link":"https:\/\/solucionescontract.com\/fr\/producto\/foot_lamp_costa_rica\/","title":{"rendered":"LAMPE DE SOL COSTA RICA"},"content":{"rendered":"<p>Lampadaire Costa Rica, appartenant \u00e0 la collection Costa Rica de By Rydens.<\/p>\n<p>Con\u00e7u par Monica Nagy, une artiste reconnue pour son inspiration dans les \u00e9l\u00e9ments de la nature pour r\u00e9aliser ses \u0153uvres, comme on peut le voir clairement dans cette collection.<\/p>\n<p>C&rsquo;est une lampe qui s&rsquo;int\u00e8gre dans tous les types d&rsquo;int\u00e9rieurs, que ce soit \u00e0 la maison ou dans des espaces contract tels que les h\u00f4tels, les magasins, les restaurants &#8230;<\/p>\n<p>Fabriqu\u00e9 en laiton mat.<\/p>\n<p>Ampoule LED type G9. Puissance maximale 2x20w<\/p>\n<p>Mesures: 85&#215;20 cm avec 180 cm de hauteur.<\/p>\n<p>Poids: 7,3 Kgr.<\/p>\n<p>D\u00e9couvrez la collection compl\u00e8te du Costa Rica. Inspir\u00e9 d&rsquo;\u00e9poques r\u00e9volues et de merveilleuses exp\u00e9riences de voyage.<\/p>\n<p><iframe src=\"https:\/\/www.youtube.com\/embed\/uNOF67qqX3Q\" width=\"560\" height=\"315\" frameborder=\"0\" allowfullscreen=\"allowfullscreen\"><\/iframe><\/script><\/p>\n","protected":false},"excerpt":{"rendered":"<ul>\n<li> Il s&rsquo;agit d&rsquo;un lampadaire design original M\u00f3nica Nagy, ses feuilles en laiton sont inspir\u00e9es de l&rsquo;Art D\u00e9co. <\/li>\n<li> 2 pi\u00e8ces m\u00e9talliques principales form\u00e9es par 2 feuilles de Monstera se croisent sur leur tige, et donnent vie \u00e0 cette v\u00e9ritable lampe qui atteint une hauteur de 180 cm. <\/li>\n<li> Avec c\u00e2ble plastique transparent de 250 cm. <\/li>\n<li> Ampoule LED 2xG9 incluse. <\/li>\n<li style = \"text-align: justify;\"> Utilisation en int\u00e9rieur. <\/li>\n<\/ul>\n<p>&nbsp;<\/p>\n","protected":false},"featured_media":17416,"comment_status":"open","ping_status":"closed","template":"","meta":[],"product_brand":[],"product_cat":[541,549],"product_tag":[655,670,673],"class_list":{"0":"post-18332","1":"product","2":"type-product","3":"status-publish","4":"has-post-thumbnail","6":"product_cat-eclairage-design","7":"product_cat-lampes-sur-pied","8":"product_tag-interior-fr","9":"product_tag-eclairage-nordique","10":"product_tag-lampara-de-pie-fr","11":"product_shipping_class-gratuit","12":"yith_product_brand-by-rydens-fr","14":"first","15":"instock","16":"taxable","17":"shipping-taxable","18":"purchasable","19":"product-type-simple"},"yoast_head":"<!-- This site is optimized with the Yoast SEO plugin v27.3 - https:\/\/yoast.com\/product\/yoast-seo-wordpress\/ -->\n<title>LAMPE DE SOL COSTA RICA - Muebles de dise\u00f1o en Soluciones Contract<\/title>\n<meta name=\"description\" content=\"Compra LAMPE DE SOL COSTA RICA online en nuestra tienda de muebles Contract. Encuentra el mejor MOBILIARIO DE DISE\u00d1O para Hotel, Hogar y uso comercial. Descubre las mejores marcas en nuestro cat\u00e1logo.\" \/>\n<meta name=\"robots\" content=\"index, follow, max-snippet:-1, max-image-preview:large, max-video-preview:-1\" \/>\n<link rel=\"canonical\" href=\"https:\/\/solucionescontract.com\/producto\/lampara_de_pie_costa_rica\/\" \/>\n<meta property=\"og:locale\" content=\"fr_FR\" \/>\n<meta property=\"og:type\" content=\"article\" \/>\n<meta property=\"og:title\" content=\"LAMPE DE SOL COSTA RICA - Muebles de dise\u00f1o en Soluciones Contract\" \/>\n<meta property=\"og:description\" content=\"Compra LAMPE DE SOL COSTA RICA online en nuestra tienda de muebles Contract. Encuentra el mejor MOBILIARIO DE DISE\u00d1O para Hotel, Hogar y uso comercial. Descubre las mejores marcas en nuestro cat\u00e1logo.\" \/>\n<meta property=\"og:url\" content=\"https:\/\/solucionescontract.com\/producto\/lampara_de_pie_costa_rica\/\" \/>\n<meta property=\"og:site_name\" content=\"Soluciones Contract\" \/>\n<meta property=\"article:publisher\" content=\"https:\/\/www.facebook.com\/solucionescontract\/\" \/>\n<meta property=\"article:modified_time\" content=\"2020-12-30T15:34:26+00:00\" \/>\n<meta property=\"og:image\" content=\"https:\/\/solucionescontract.com\/wp-content\/uploads\/2020\/11\/Lampara.pie_.costa_.rica_.jpg\" \/>\n\t<meta property=\"og:image:width\" content=\"1200\" \/>\n\t<meta property=\"og:image:height\" content=\"1200\" \/>\n\t<meta property=\"og:image:type\" content=\"image\/jpeg\" \/>\n<meta name=\"twitter:card\" content=\"summary_large_image\" \/>\n<meta name=\"twitter:label1\" content=\"Dur\u00e9e de lecture estim\u00e9e\" \/>\n\t<meta name=\"twitter:data1\" content=\"1 minute\" \/>\n<script type=\"application\/ld+json\" class=\"yoast-schema-graph\">{\"@context\":\"https:\\\/\\\/schema.org\",\"@graph\":[{\"@type\":\"WebPage\",\"@id\":\"https:\\\/\\\/solucionescontract.com\\\/producto\\\/lampara_de_pie_costa_rica\\\/\",\"url\":\"https:\\\/\\\/solucionescontract.com\\\/producto\\\/lampara_de_pie_costa_rica\\\/\",\"name\":\"LAMPE DE SOL COSTA RICA - Muebles de dise\u00f1o en Soluciones Contract\",\"isPartOf\":{\"@id\":\"https:\\\/\\\/solucionescontract.com\\\/#website\"},\"primaryImageOfPage\":{\"@id\":\"https:\\\/\\\/solucionescontract.com\\\/producto\\\/lampara_de_pie_costa_rica\\\/#primaryimage\"},\"image\":{\"@id\":\"https:\\\/\\\/solucionescontract.com\\\/producto\\\/lampara_de_pie_costa_rica\\\/#primaryimage\"},\"thumbnailUrl\":\"https:\\\/\\\/solucionescontract.com\\\/wp-content\\\/uploads\\\/2020\\\/11\\\/Lampara.pie_.costa_.rica_.jpg\",\"datePublished\":\"2020-11-07T16:24:57+00:00\",\"dateModified\":\"2020-12-30T15:34:26+00:00\",\"description\":\"Compra LAMPE DE SOL COSTA RICA online en nuestra tienda de muebles Contract. Encuentra el mejor MOBILIARIO DE DISE\u00d1O para Hotel, Hogar y uso comercial. Descubre las mejores marcas en nuestro cat\u00e1logo.\",\"breadcrumb\":{\"@id\":\"https:\\\/\\\/solucionescontract.com\\\/producto\\\/lampara_de_pie_costa_rica\\\/#breadcrumb\"},\"inLanguage\":\"fr-FR\",\"potentialAction\":[{\"@type\":\"ReadAction\",\"target\":[\"https:\\\/\\\/solucionescontract.com\\\/producto\\\/lampara_de_pie_costa_rica\\\/\"]}]},{\"@type\":\"ImageObject\",\"inLanguage\":\"fr-FR\",\"@id\":\"https:\\\/\\\/solucionescontract.com\\\/producto\\\/lampara_de_pie_costa_rica\\\/#primaryimage\",\"url\":\"https:\\\/\\\/solucionescontract.com\\\/wp-content\\\/uploads\\\/2020\\\/11\\\/Lampara.pie_.costa_.rica_.jpg\",\"contentUrl\":\"https:\\\/\\\/solucionescontract.com\\\/wp-content\\\/uploads\\\/2020\\\/11\\\/Lampara.pie_.costa_.rica_.jpg\",\"width\":1200,\"height\":1200,\"caption\":\"Lamp_pie_costa_rica\"},{\"@type\":\"BreadcrumbList\",\"@id\":\"https:\\\/\\\/solucionescontract.com\\\/producto\\\/lampara_de_pie_costa_rica\\\/#breadcrumb\",\"itemListElement\":[{\"@type\":\"ListItem\",\"position\":1,\"name\":\"Inicio\",\"item\":\"https:\\\/\\\/solucionescontract.com\\\/\"},{\"@type\":\"ListItem\",\"position\":2,\"name\":\"Tienda mobiliario contract\",\"item\":\"https:\\\/\\\/solucionescontract.com\\\/tienda-mobiliario-contract\\\/\"},{\"@type\":\"ListItem\",\"position\":3,\"name\":\"Iluminaci\u00f3n de dise\u00f1o\",\"item\":\"https:\\\/\\\/solucionescontract.com\\\/categoria-producto\\\/iluminacion-de-diseno\\\/\"},{\"@type\":\"ListItem\",\"position\":4,\"name\":\"L\u00e1mparas de pie\",\"item\":\"https:\\\/\\\/solucionescontract.com\\\/categoria-producto\\\/iluminacion-de-diseno\\\/lamparas-de-pie\\\/\"},{\"@type\":\"ListItem\",\"position\":5,\"name\":\"LAMPE DE SOL COSTA RICA\"}]},{\"@type\":\"WebSite\",\"@id\":\"https:\\\/\\\/solucionescontract.com\\\/#website\",\"url\":\"https:\\\/\\\/solucionescontract.com\\\/\",\"name\":\"Soluciones Contract\",\"description\":\"Venta Mobiliario contract de dise\u00f1o\",\"publisher\":{\"@id\":\"https:\\\/\\\/solucionescontract.com\\\/#organization\"},\"potentialAction\":[{\"@type\":\"SearchAction\",\"target\":{\"@type\":\"EntryPoint\",\"urlTemplate\":\"https:\\\/\\\/solucionescontract.com\\\/?s={search_term_string}\"},\"query-input\":{\"@type\":\"PropertyValueSpecification\",\"valueRequired\":true,\"valueName\":\"search_term_string\"}}],\"inLanguage\":\"fr-FR\"},{\"@type\":\"Organization\",\"@id\":\"https:\\\/\\\/solucionescontract.com\\\/#organization\",\"name\":\"Soluciones Contract\",\"url\":\"https:\\\/\\\/solucionescontract.com\\\/\",\"logo\":{\"@type\":\"ImageObject\",\"inLanguage\":\"fr-FR\",\"@id\":\"https:\\\/\\\/solucionescontract.com\\\/#\\\/schema\\\/logo\\\/image\\\/\",\"url\":\"https:\\\/\\\/solucionescontract.com\\\/wp-content\\\/uploads\\\/2020\\\/02\\\/logoSC.jpg\",\"contentUrl\":\"https:\\\/\\\/solucionescontract.com\\\/wp-content\\\/uploads\\\/2020\\\/02\\\/logoSC.jpg\",\"width\":300,\"height\":125,\"caption\":\"Soluciones Contract\"},\"image\":{\"@id\":\"https:\\\/\\\/solucionescontract.com\\\/#\\\/schema\\\/logo\\\/image\\\/\"},\"sameAs\":[\"https:\\\/\\\/www.facebook.com\\\/solucionescontract\\\/\"]}]}<\/script>\n<!-- \/ Yoast SEO plugin. -->","yoast_head_json":{"title":"LAMPE DE SOL COSTA RICA - Muebles de dise\u00f1o en Soluciones Contract","description":"Compra LAMPE DE SOL COSTA RICA online en nuestra tienda de muebles Contract. Encuentra el mejor MOBILIARIO DE DISE\u00d1O para Hotel, Hogar y uso comercial. Descubre las mejores marcas en nuestro cat\u00e1logo.","robots":{"index":"index","follow":"follow","max-snippet":"max-snippet:-1","max-image-preview":"max-image-preview:large","max-video-preview":"max-video-preview:-1"},"canonical":"https:\/\/solucionescontract.com\/producto\/lampara_de_pie_costa_rica\/","og_locale":"fr_FR","og_type":"article","og_title":"LAMPE DE SOL COSTA RICA - Muebles de dise\u00f1o en Soluciones Contract","og_description":"Compra LAMPE DE SOL COSTA RICA online en nuestra tienda de muebles Contract. Encuentra el mejor MOBILIARIO DE DISE\u00d1O para Hotel, Hogar y uso comercial. Descubre las mejores marcas en nuestro cat\u00e1logo.","og_url":"https:\/\/solucionescontract.com\/producto\/lampara_de_pie_costa_rica\/","og_site_name":"Soluciones Contract","article_publisher":"https:\/\/www.facebook.com\/solucionescontract\/","article_modified_time":"2020-12-30T15:34:26+00:00","og_image":[{"width":1200,"height":1200,"url":"https:\/\/solucionescontract.com\/wp-content\/uploads\/2020\/11\/Lampara.pie_.costa_.rica_.jpg","type":"image\/jpeg"}],"twitter_card":"summary_large_image","twitter_misc":{"Dur\u00e9e de lecture estim\u00e9e":"1 minute"},"schema":{"@context":"https:\/\/schema.org","@graph":[{"@type":"WebPage","@id":"https:\/\/solucionescontract.com\/producto\/lampara_de_pie_costa_rica\/","url":"https:\/\/solucionescontract.com\/producto\/lampara_de_pie_costa_rica\/","name":"LAMPE DE SOL COSTA RICA - Muebles de dise\u00f1o en Soluciones Contract","isPartOf":{"@id":"https:\/\/solucionescontract.com\/#website"},"primaryImageOfPage":{"@id":"https:\/\/solucionescontract.com\/producto\/lampara_de_pie_costa_rica\/#primaryimage"},"image":{"@id":"https:\/\/solucionescontract.com\/producto\/lampara_de_pie_costa_rica\/#primaryimage"},"thumbnailUrl":"https:\/\/solucionescontract.com\/wp-content\/uploads\/2020\/11\/Lampara.pie_.costa_.rica_.jpg","datePublished":"2020-11-07T16:24:57+00:00","dateModified":"2020-12-30T15:34:26+00:00","description":"Compra LAMPE DE SOL COSTA RICA online en nuestra tienda de muebles Contract. Encuentra el mejor MOBILIARIO DE DISE\u00d1O para Hotel, Hogar y uso comercial. Descubre las mejores marcas en nuestro cat\u00e1logo.","breadcrumb":{"@id":"https:\/\/solucionescontract.com\/producto\/lampara_de_pie_costa_rica\/#breadcrumb"},"inLanguage":"fr-FR","potentialAction":[{"@type":"ReadAction","target":["https:\/\/solucionescontract.com\/producto\/lampara_de_pie_costa_rica\/"]}]},{"@type":"ImageObject","inLanguage":"fr-FR","@id":"https:\/\/solucionescontract.com\/producto\/lampara_de_pie_costa_rica\/#primaryimage","url":"https:\/\/solucionescontract.com\/wp-content\/uploads\/2020\/11\/Lampara.pie_.costa_.rica_.jpg","contentUrl":"https:\/\/solucionescontract.com\/wp-content\/uploads\/2020\/11\/Lampara.pie_.costa_.rica_.jpg","width":1200,"height":1200,"caption":"Lamp_pie_costa_rica"},{"@type":"BreadcrumbList","@id":"https:\/\/solucionescontract.com\/producto\/lampara_de_pie_costa_rica\/#breadcrumb","itemListElement":[{"@type":"ListItem","position":1,"name":"Inicio","item":"https:\/\/solucionescontract.com\/"},{"@type":"ListItem","position":2,"name":"Tienda mobiliario contract","item":"https:\/\/solucionescontract.com\/tienda-mobiliario-contract\/"},{"@type":"ListItem","position":3,"name":"Iluminaci\u00f3n de dise\u00f1o","item":"https:\/\/solucionescontract.com\/categoria-producto\/iluminacion-de-diseno\/"},{"@type":"ListItem","position":4,"name":"L\u00e1mparas de pie","item":"https:\/\/solucionescontract.com\/categoria-producto\/iluminacion-de-diseno\/lamparas-de-pie\/"},{"@type":"ListItem","position":5,"name":"LAMPE DE SOL COSTA RICA"}]},{"@type":"WebSite","@id":"https:\/\/solucionescontract.com\/#website","url":"https:\/\/solucionescontract.com\/","name":"Soluciones Contract","description":"Venta Mobiliario contract de dise\u00f1o","publisher":{"@id":"https:\/\/solucionescontract.com\/#organization"},"potentialAction":[{"@type":"SearchAction","target":{"@type":"EntryPoint","urlTemplate":"https:\/\/solucionescontract.com\/?s={search_term_string}"},"query-input":{"@type":"PropertyValueSpecification","valueRequired":true,"valueName":"search_term_string"}}],"inLanguage":"fr-FR"},{"@type":"Organization","@id":"https:\/\/solucionescontract.com\/#organization","name":"Soluciones Contract","url":"https:\/\/solucionescontract.com\/","logo":{"@type":"ImageObject","inLanguage":"fr-FR","@id":"https:\/\/solucionescontract.com\/#\/schema\/logo\/image\/","url":"https:\/\/solucionescontract.com\/wp-content\/uploads\/2020\/02\/logoSC.jpg","contentUrl":"https:\/\/solucionescontract.com\/wp-content\/uploads\/2020\/02\/logoSC.jpg","width":300,"height":125,"caption":"Soluciones Contract"},"image":{"@id":"https:\/\/solucionescontract.com\/#\/schema\/logo\/image\/"},"sameAs":["https:\/\/www.facebook.com\/solucionescontract\/"]}]}},"_links":{"self":[{"href":"https:\/\/solucionescontract.com\/fr\/wp-json\/wp\/v2\/product\/18332","targetHints":{"allow":["GET"]}}],"collection":[{"href":"https:\/\/solucionescontract.com\/fr\/wp-json\/wp\/v2\/product"}],"about":[{"href":"https:\/\/solucionescontract.com\/fr\/wp-json\/wp\/v2\/types\/product"}],"replies":[{"embeddable":true,"href":"https:\/\/solucionescontract.com\/fr\/wp-json\/wp\/v2\/comments?post=18332"}],"wp:featuredmedia":[{"embeddable":true,"href":"https:\/\/solucionescontract.com\/fr\/wp-json\/wp\/v2\/media\/17416"}],"wp:attachment":[{"href":"https:\/\/solucionescontract.com\/fr\/wp-json\/wp\/v2\/media?parent=18332"}],"wp:term":[{"taxonomy":"product_brand","embeddable":true,"href":"https:\/\/solucionescontract.com\/fr\/wp-json\/wp\/v2\/product_brand?post=18332"},{"taxonomy":"product_cat","embeddable":true,"href":"https:\/\/solucionescontract.com\/fr\/wp-json\/wp\/v2\/product_cat?post=18332"},{"taxonomy":"product_tag","embeddable":true,"href":"https:\/\/solucionescontract.com\/fr\/wp-json\/wp\/v2\/product_tag?post=18332"}],"curies":[{"name":"wp","href":"https:\/\/api.w.org\/{rel}","templated":true}]}}