{"id":18331,"date":"2020-11-07T16:47:39","date_gmt":"2020-11-07T16:47:39","guid":{"rendered":"https:\/\/www.solucionescontract.com\/producto\/wall_split_costa_rica\/"},"modified":"2022-05-03T09:41:25","modified_gmt":"2022-05-03T08:41:25","slug":"wall_split_costa_rica","status":"publish","type":"product","link":"https:\/\/solucionescontract.com\/fr\/producto\/wall_split_costa_rica\/","title":{"rendered":"APPAREIL MURAL COSTA RICA"},"content":{"rendered":"<p>Applique murale Costa Rica, appartenant \u00e0 la collection Costa Rica.<\/p>\n<p>Con\u00e7u par Monica Nagy, une artiste reconnue pour son inspiration dans les \u00e9l\u00e9ments de la nature pour r\u00e9aliser ses \u0153uvres, comme on peut le voir clairement dans ce produit<\/p>\n<p>C&rsquo;est une applique qui s&rsquo;int\u00e8gre dans tous types d&rsquo;int\u00e9rieurs, que ce soit \u00e0 la maison ou dans les espaces contract dans les h\u00f4tels, magasins, caf\u00e9t\u00e9rias &#8230;<\/p>\n<p>Fabriqu\u00e9 en laiton mat.<\/p>\n<p>Ampoule LED G9. Puissance maximale de 20 W<\/p>\n<p>Mesures: 64x17cm avec 47 cm de haut<\/p>\n<p>Poids: 2,2 Kgr.<\/p>\n<p>Compl\u00e9tez la collection avec d&rsquo;autres produits de la s\u00e9rie Costa Rica.<\/p>\n<p><a href=\"https:\/\/solucionescontract.com\/wp-content\/uploads\/2020\/11\/ficha_tecnica_aplique.pdf\"> Instructions de montage (PDF) <\/a><br \/>\n<iframe src=\"https:\/\/www.youtube.com\/embed\/GkI18syQ5M4\" width=\"560\" height=\"315\" frameborder=\"0\" allowfullscreen=\"allowfullscreen\"><\/iframe><\/script><\/p>\n","protected":false},"excerpt":{"rendered":"<ul>\n<li> Applique, appartenant \u00e0 la collection Costa Rica, dessin\u00e9e par M\u00f3nica Nagy, inspir\u00e9e de l&rsquo;Art D\u00e9co. <\/li>\n<li> Pr\u00e9sente deux feuilles de Monstera crois\u00e9es en laiton mat qui facilitent le passage de la lumi\u00e8re en donnant de la chaleur \u00e0 l&rsquo;environnement. <\/li>\n<li style = \"text-align: justify;\"> Avec un c\u00e2ble en plastique transparent de 200 cm. <\/li>\n<li> Ampoule LED G9 incluse. <\/li>\n<li style = \"text-align: justify;\"> Appartenant \u00e0 la collection Costa Rica avec une s\u00e9rie de produits qui peuvent \u00eatre parfaitement combin\u00e9s entre eux. <\/li>\n<li style = \"text-align: justify;\"> Utilisation en int\u00e9rieur. <\/li>\n<\/ul>\n<p>&nbsp;<\/p>\n","protected":false},"featured_media":17420,"comment_status":"open","ping_status":"closed","template":"","meta":[],"product_brand":[],"product_cat":[541],"product_tag":[655,674,670],"class_list":{"0":"post-18331","1":"product","2":"type-product","3":"status-publish","4":"has-post-thumbnail","6":"product_cat-eclairage-design","7":"product_tag-interior-fr","8":"product_tag-aplique-pared-fr","9":"product_tag-eclairage-nordique","10":"product_shipping_class-gratuit","11":"yith_product_brand-by-rydens-fr","13":"first","14":"instock","15":"taxable","16":"shipping-taxable","17":"purchasable","18":"product-type-simple"},"yoast_head":"<!-- This site is optimized with the Yoast SEO plugin v27.3 - https:\/\/yoast.com\/product\/yoast-seo-wordpress\/ -->\n<title>APPAREIL MURAL COSTA RICA - Muebles de dise\u00f1o en Soluciones Contract<\/title>\n<meta name=\"description\" content=\"Compra APPAREIL MURAL COSTA RICA online en nuestra tienda de muebles Contract. Encuentra el mejor MOBILIARIO DE DISE\u00d1O para Hotel, Hogar y uso comercial. Descubre las mejores marcas en nuestro cat\u00e1logo.\" \/>\n<meta name=\"robots\" content=\"index, follow, max-snippet:-1, max-image-preview:large, max-video-preview:-1\" \/>\n<link rel=\"canonical\" href=\"https:\/\/solucionescontract.com\/producto\/aplique_de_pared_costa_rica\/\" \/>\n<meta property=\"og:locale\" content=\"fr_FR\" \/>\n<meta property=\"og:type\" content=\"article\" \/>\n<meta property=\"og:title\" content=\"APPAREIL MURAL COSTA RICA - Muebles de dise\u00f1o en Soluciones Contract\" \/>\n<meta property=\"og:description\" content=\"Compra APPAREIL MURAL COSTA RICA online en nuestra tienda de muebles Contract. Encuentra el mejor MOBILIARIO DE DISE\u00d1O para Hotel, Hogar y uso comercial. Descubre las mejores marcas en nuestro cat\u00e1logo.\" \/>\n<meta property=\"og:url\" content=\"https:\/\/solucionescontract.com\/producto\/aplique_de_pared_costa_rica\/\" \/>\n<meta property=\"og:site_name\" content=\"Soluciones Contract\" \/>\n<meta property=\"article:publisher\" content=\"https:\/\/www.facebook.com\/solucionescontract\/\" \/>\n<meta property=\"article:modified_time\" content=\"2022-05-03T08:41:25+00:00\" \/>\n<meta property=\"og:image\" content=\"https:\/\/solucionescontract.com\/wp-content\/uploads\/2020\/11\/aplique_pared-3.jpg\" \/>\n\t<meta property=\"og:image:width\" content=\"1200\" \/>\n\t<meta property=\"og:image:height\" content=\"1200\" \/>\n\t<meta property=\"og:image:type\" content=\"image\/jpeg\" \/>\n<meta name=\"twitter:card\" content=\"summary_large_image\" \/>\n<meta name=\"twitter:label1\" content=\"Dur\u00e9e de lecture estim\u00e9e\" \/>\n\t<meta name=\"twitter:data1\" content=\"1 minute\" \/>\n<script type=\"application\/ld+json\" class=\"yoast-schema-graph\">{\"@context\":\"https:\\\/\\\/schema.org\",\"@graph\":[{\"@type\":\"WebPage\",\"@id\":\"https:\\\/\\\/solucionescontract.com\\\/producto\\\/aplique_de_pared_costa_rica\\\/\",\"url\":\"https:\\\/\\\/solucionescontract.com\\\/producto\\\/aplique_de_pared_costa_rica\\\/\",\"name\":\"APPAREIL MURAL COSTA RICA - Muebles de dise\u00f1o en Soluciones Contract\",\"isPartOf\":{\"@id\":\"https:\\\/\\\/solucionescontract.com\\\/#website\"},\"primaryImageOfPage\":{\"@id\":\"https:\\\/\\\/solucionescontract.com\\\/producto\\\/aplique_de_pared_costa_rica\\\/#primaryimage\"},\"image\":{\"@id\":\"https:\\\/\\\/solucionescontract.com\\\/producto\\\/aplique_de_pared_costa_rica\\\/#primaryimage\"},\"thumbnailUrl\":\"https:\\\/\\\/solucionescontract.com\\\/wp-content\\\/uploads\\\/2020\\\/11\\\/aplique_pared-3.jpg\",\"datePublished\":\"2020-11-07T16:47:39+00:00\",\"dateModified\":\"2022-05-03T08:41:25+00:00\",\"description\":\"Compra APPAREIL MURAL COSTA RICA online en nuestra tienda de muebles Contract. Encuentra el mejor MOBILIARIO DE DISE\u00d1O para Hotel, Hogar y uso comercial. Descubre las mejores marcas en nuestro cat\u00e1logo.\",\"breadcrumb\":{\"@id\":\"https:\\\/\\\/solucionescontract.com\\\/producto\\\/aplique_de_pared_costa_rica\\\/#breadcrumb\"},\"inLanguage\":\"fr-FR\",\"potentialAction\":[{\"@type\":\"ReadAction\",\"target\":[\"https:\\\/\\\/solucionescontract.com\\\/producto\\\/aplique_de_pared_costa_rica\\\/\"]}]},{\"@type\":\"ImageObject\",\"inLanguage\":\"fr-FR\",\"@id\":\"https:\\\/\\\/solucionescontract.com\\\/producto\\\/aplique_de_pared_costa_rica\\\/#primaryimage\",\"url\":\"https:\\\/\\\/solucionescontract.com\\\/wp-content\\\/uploads\\\/2020\\\/11\\\/aplique_pared-3.jpg\",\"contentUrl\":\"https:\\\/\\\/solucionescontract.com\\\/wp-content\\\/uploads\\\/2020\\\/11\\\/aplique_pared-3.jpg\",\"width\":1200,\"height\":1200,\"caption\":\"applique_pared_costa_rica\"},{\"@type\":\"BreadcrumbList\",\"@id\":\"https:\\\/\\\/solucionescontract.com\\\/producto\\\/aplique_de_pared_costa_rica\\\/#breadcrumb\",\"itemListElement\":[{\"@type\":\"ListItem\",\"position\":1,\"name\":\"Inicio\",\"item\":\"https:\\\/\\\/solucionescontract.com\\\/\"},{\"@type\":\"ListItem\",\"position\":2,\"name\":\"Tienda mobiliario contract\",\"item\":\"https:\\\/\\\/solucionescontract.com\\\/tienda-mobiliario-contract\\\/\"},{\"@type\":\"ListItem\",\"position\":3,\"name\":\"Iluminaci\u00f3n de dise\u00f1o\",\"item\":\"https:\\\/\\\/solucionescontract.com\\\/categoria-producto\\\/iluminacion-de-diseno\\\/\"},{\"@type\":\"ListItem\",\"position\":4,\"name\":\"APPAREIL MURAL COSTA RICA\"}]},{\"@type\":\"WebSite\",\"@id\":\"https:\\\/\\\/solucionescontract.com\\\/#website\",\"url\":\"https:\\\/\\\/solucionescontract.com\\\/\",\"name\":\"Soluciones Contract\",\"description\":\"Venta Mobiliario contract de dise\u00f1o\",\"publisher\":{\"@id\":\"https:\\\/\\\/solucionescontract.com\\\/#organization\"},\"potentialAction\":[{\"@type\":\"SearchAction\",\"target\":{\"@type\":\"EntryPoint\",\"urlTemplate\":\"https:\\\/\\\/solucionescontract.com\\\/?s={search_term_string}\"},\"query-input\":{\"@type\":\"PropertyValueSpecification\",\"valueRequired\":true,\"valueName\":\"search_term_string\"}}],\"inLanguage\":\"fr-FR\"},{\"@type\":\"Organization\",\"@id\":\"https:\\\/\\\/solucionescontract.com\\\/#organization\",\"name\":\"Soluciones Contract\",\"url\":\"https:\\\/\\\/solucionescontract.com\\\/\",\"logo\":{\"@type\":\"ImageObject\",\"inLanguage\":\"fr-FR\",\"@id\":\"https:\\\/\\\/solucionescontract.com\\\/#\\\/schema\\\/logo\\\/image\\\/\",\"url\":\"https:\\\/\\\/solucionescontract.com\\\/wp-content\\\/uploads\\\/2020\\\/02\\\/logoSC.jpg\",\"contentUrl\":\"https:\\\/\\\/solucionescontract.com\\\/wp-content\\\/uploads\\\/2020\\\/02\\\/logoSC.jpg\",\"width\":300,\"height\":125,\"caption\":\"Soluciones Contract\"},\"image\":{\"@id\":\"https:\\\/\\\/solucionescontract.com\\\/#\\\/schema\\\/logo\\\/image\\\/\"},\"sameAs\":[\"https:\\\/\\\/www.facebook.com\\\/solucionescontract\\\/\"]}]}<\/script>\n<!-- \/ Yoast SEO plugin. -->","yoast_head_json":{"title":"APPAREIL MURAL COSTA RICA - Muebles de dise\u00f1o en Soluciones Contract","description":"Compra APPAREIL MURAL COSTA RICA online en nuestra tienda de muebles Contract. Encuentra el mejor MOBILIARIO DE DISE\u00d1O para Hotel, Hogar y uso comercial. Descubre las mejores marcas en nuestro cat\u00e1logo.","robots":{"index":"index","follow":"follow","max-snippet":"max-snippet:-1","max-image-preview":"max-image-preview:large","max-video-preview":"max-video-preview:-1"},"canonical":"https:\/\/solucionescontract.com\/producto\/aplique_de_pared_costa_rica\/","og_locale":"fr_FR","og_type":"article","og_title":"APPAREIL MURAL COSTA RICA - Muebles de dise\u00f1o en Soluciones Contract","og_description":"Compra APPAREIL MURAL COSTA RICA online en nuestra tienda de muebles Contract. Encuentra el mejor MOBILIARIO DE DISE\u00d1O para Hotel, Hogar y uso comercial. Descubre las mejores marcas en nuestro cat\u00e1logo.","og_url":"https:\/\/solucionescontract.com\/producto\/aplique_de_pared_costa_rica\/","og_site_name":"Soluciones Contract","article_publisher":"https:\/\/www.facebook.com\/solucionescontract\/","article_modified_time":"2022-05-03T08:41:25+00:00","og_image":[{"width":1200,"height":1200,"url":"https:\/\/solucionescontract.com\/wp-content\/uploads\/2020\/11\/aplique_pared-3.jpg","type":"image\/jpeg"}],"twitter_card":"summary_large_image","twitter_misc":{"Dur\u00e9e de lecture estim\u00e9e":"1 minute"},"schema":{"@context":"https:\/\/schema.org","@graph":[{"@type":"WebPage","@id":"https:\/\/solucionescontract.com\/producto\/aplique_de_pared_costa_rica\/","url":"https:\/\/solucionescontract.com\/producto\/aplique_de_pared_costa_rica\/","name":"APPAREIL MURAL COSTA RICA - Muebles de dise\u00f1o en Soluciones Contract","isPartOf":{"@id":"https:\/\/solucionescontract.com\/#website"},"primaryImageOfPage":{"@id":"https:\/\/solucionescontract.com\/producto\/aplique_de_pared_costa_rica\/#primaryimage"},"image":{"@id":"https:\/\/solucionescontract.com\/producto\/aplique_de_pared_costa_rica\/#primaryimage"},"thumbnailUrl":"https:\/\/solucionescontract.com\/wp-content\/uploads\/2020\/11\/aplique_pared-3.jpg","datePublished":"2020-11-07T16:47:39+00:00","dateModified":"2022-05-03T08:41:25+00:00","description":"Compra APPAREIL MURAL COSTA RICA online en nuestra tienda de muebles Contract. Encuentra el mejor MOBILIARIO DE DISE\u00d1O para Hotel, Hogar y uso comercial. Descubre las mejores marcas en nuestro cat\u00e1logo.","breadcrumb":{"@id":"https:\/\/solucionescontract.com\/producto\/aplique_de_pared_costa_rica\/#breadcrumb"},"inLanguage":"fr-FR","potentialAction":[{"@type":"ReadAction","target":["https:\/\/solucionescontract.com\/producto\/aplique_de_pared_costa_rica\/"]}]},{"@type":"ImageObject","inLanguage":"fr-FR","@id":"https:\/\/solucionescontract.com\/producto\/aplique_de_pared_costa_rica\/#primaryimage","url":"https:\/\/solucionescontract.com\/wp-content\/uploads\/2020\/11\/aplique_pared-3.jpg","contentUrl":"https:\/\/solucionescontract.com\/wp-content\/uploads\/2020\/11\/aplique_pared-3.jpg","width":1200,"height":1200,"caption":"applique_pared_costa_rica"},{"@type":"BreadcrumbList","@id":"https:\/\/solucionescontract.com\/producto\/aplique_de_pared_costa_rica\/#breadcrumb","itemListElement":[{"@type":"ListItem","position":1,"name":"Inicio","item":"https:\/\/solucionescontract.com\/"},{"@type":"ListItem","position":2,"name":"Tienda mobiliario contract","item":"https:\/\/solucionescontract.com\/tienda-mobiliario-contract\/"},{"@type":"ListItem","position":3,"name":"Iluminaci\u00f3n de dise\u00f1o","item":"https:\/\/solucionescontract.com\/categoria-producto\/iluminacion-de-diseno\/"},{"@type":"ListItem","position":4,"name":"APPAREIL MURAL COSTA RICA"}]},{"@type":"WebSite","@id":"https:\/\/solucionescontract.com\/#website","url":"https:\/\/solucionescontract.com\/","name":"Soluciones Contract","description":"Venta Mobiliario contract de dise\u00f1o","publisher":{"@id":"https:\/\/solucionescontract.com\/#organization"},"potentialAction":[{"@type":"SearchAction","target":{"@type":"EntryPoint","urlTemplate":"https:\/\/solucionescontract.com\/?s={search_term_string}"},"query-input":{"@type":"PropertyValueSpecification","valueRequired":true,"valueName":"search_term_string"}}],"inLanguage":"fr-FR"},{"@type":"Organization","@id":"https:\/\/solucionescontract.com\/#organization","name":"Soluciones Contract","url":"https:\/\/solucionescontract.com\/","logo":{"@type":"ImageObject","inLanguage":"fr-FR","@id":"https:\/\/solucionescontract.com\/#\/schema\/logo\/image\/","url":"https:\/\/solucionescontract.com\/wp-content\/uploads\/2020\/02\/logoSC.jpg","contentUrl":"https:\/\/solucionescontract.com\/wp-content\/uploads\/2020\/02\/logoSC.jpg","width":300,"height":125,"caption":"Soluciones Contract"},"image":{"@id":"https:\/\/solucionescontract.com\/#\/schema\/logo\/image\/"},"sameAs":["https:\/\/www.facebook.com\/solucionescontract\/"]}]}},"_links":{"self":[{"href":"https:\/\/solucionescontract.com\/fr\/wp-json\/wp\/v2\/product\/18331","targetHints":{"allow":["GET"]}}],"collection":[{"href":"https:\/\/solucionescontract.com\/fr\/wp-json\/wp\/v2\/product"}],"about":[{"href":"https:\/\/solucionescontract.com\/fr\/wp-json\/wp\/v2\/types\/product"}],"replies":[{"embeddable":true,"href":"https:\/\/solucionescontract.com\/fr\/wp-json\/wp\/v2\/comments?post=18331"}],"wp:featuredmedia":[{"embeddable":true,"href":"https:\/\/solucionescontract.com\/fr\/wp-json\/wp\/v2\/media\/17420"}],"wp:attachment":[{"href":"https:\/\/solucionescontract.com\/fr\/wp-json\/wp\/v2\/media?parent=18331"}],"wp:term":[{"taxonomy":"product_brand","embeddable":true,"href":"https:\/\/solucionescontract.com\/fr\/wp-json\/wp\/v2\/product_brand?post=18331"},{"taxonomy":"product_cat","embeddable":true,"href":"https:\/\/solucionescontract.com\/fr\/wp-json\/wp\/v2\/product_cat?post=18331"},{"taxonomy":"product_tag","embeddable":true,"href":"https:\/\/solucionescontract.com\/fr\/wp-json\/wp\/v2\/product_tag?post=18331"}],"curies":[{"name":"wp","href":"https:\/\/api.w.org\/{rel}","templated":true}]}}