{"id":18329,"date":"2020-11-08T10:29:00","date_gmt":"2020-11-08T10:29:00","guid":{"rendered":"https:\/\/www.solucionescontract.com\/producto\/lampadaire-original\/"},"modified":"2020-12-30T15:34:00","modified_gmt":"2020-12-30T15:34:00","slug":"lampadaire-original","status":"publish","type":"product","link":"https:\/\/solucionescontract.com\/fr\/producto\/lampadaire-original\/","title":{"rendered":"LAMPADAIRE ORIGINAL CAPTAIN"},"content":{"rendered":"<p>Le lampadaire Captain original est une lampe de style industriel, qui apporte du caract\u00e8re et de la lumi\u00e8re \u00e0 la pi\u00e8ce o\u00f9 il se trouve, que ce soit dans les espaces contract, les magasins, les h\u00f4tels &#8230; ou \u00e0 la maison.<\/p>\n<p>Il est vendu en deux finitions: sable blanc et sable noir, ce dernier se distingue par sa couleur dor\u00e9e \u00e0 l&rsquo;int\u00e9rieur du projecteur.<\/p>\n<p>Pied de tr\u00e9pied r\u00e9glable avec un projecteur orientable pour diriger facilement la lumi\u00e8re.<\/p>\n<p>Le lampadaire Captain d&rsquo;origine est dot\u00e9 d&rsquo;un c\u00e2ble en plastique noir de 250 cm.<\/p>\n<p>Diam\u00e8tre de mise au point: 385 mm.<\/p>\n<p>Mesures: 38,5 x 45 cm avec une hauteur de 145 cm.<\/p>\n<p>Ampoule led E27 60w incluse.<\/p>\n<p><a href=\"https:\/\/solucionescontract.com\/wp-content\/uploads\/2020\/11\/medidas-1.jpg\"><img decoding=\"async\" class=\" wd-lazy-fade alignnone wp-image-11373 size-medium\" src=\"https:\/\/solucionescontract.com\/wp-content\/themes\/woodmart\/images\/lazy.svg\" data-src=\"https:\/\/solucionescontract.com\/wp-content\/uploads\/2020\/11\/medidas-1-300x243.jpg\" alt=\"\" width=\"300\" height=\"243\" srcset=\"\" data-srcset=\"https:\/\/solucionescontract.com\/wp-content\/uploads\/2020\/11\/medidas-1-300x243.jpg 300w, https:\/\/solucionescontract.com\/wp-content\/uploads\/2020\/11\/medidas-1-150x121.jpg 150w, https:\/\/solucionescontract.com\/wp-content\/uploads\/2020\/11\/medidas-1-25x20.jpg 25w, https:\/\/solucionescontract.com\/wp-content\/uploads\/2020\/11\/medidas-1.jpg 668w\" sizes=\"(max-width: 300px) 100vw, 300px\" \/><\/a><\/p>\n<p><a href=\"https:\/\/solucionescontract.com\/wp-content\/uploads\/2020\/11\/Montaje-captain.pdf\">Instructions de montage Capitaine<\/a><\/p>\n<p>&nbsp;<\/script><\/p>\n","protected":false},"excerpt":{"rendered":"<ul>\n<li style = \"text-align: justify;\"> C&rsquo;est une lampe de style industriel qui tombe amoureuse de son design original <\/li>\n<li style = \"text-align: justify;\"> Sa grande concentration lui conf\u00e8re un caract\u00e8re unique, ce qui en fait une pi\u00e8ce essentielle dans la pi\u00e8ce o\u00f9 elle se trouve. <\/li>\n<li> Il est fabriqu\u00e9 en 2 versions: sable blanc et sable noir <\/li>\n<li> Mise au point r\u00e9glable de 385 mm de diam\u00e8tre <\/li>\n<li> Hauteur de la lampe: 145 cm <\/li>\n<li> Utilisation en int\u00e9rieur. <\/li>\n<\/ul>\n<p>&nbsp;<\/p>\n<p>&nbsp;<\/p>\n","protected":false},"featured_media":17444,"comment_status":"open","ping_status":"closed","template":"","meta":[],"product_brand":[],"product_cat":[541,549],"product_tag":[655,670,651,673],"class_list":{"0":"post-18329","1":"product","2":"type-product","3":"status-publish","4":"has-post-thumbnail","6":"product_cat-eclairage-design","7":"product_cat-lampes-sur-pied","8":"product_tag-interior-fr","9":"product_tag-eclairage-nordique","10":"product_tag-industrial-fr","11":"product_tag-lampara-de-pie-fr","12":"product_shipping_class-gratuit","13":"yith_product_brand-by-rydens-fr","15":"first","16":"instock","17":"taxable","18":"shipping-taxable","19":"purchasable","20":"product-type-variable"},"yoast_head":"<!-- This site is optimized with the Yoast SEO plugin v27.3 - https:\/\/yoast.com\/product\/yoast-seo-wordpress\/ -->\n<title>LAMPADAIRE ORIGINAL CAPTAIN - Muebles de dise\u00f1o en Soluciones Contract<\/title>\n<meta name=\"description\" content=\"Achetez LAMPADAIRE ORIGINAL CAPTAIN en ligne dans notre magasin de meubles Contract. Trouvez le meilleur mobilier design.\" \/>\n<meta name=\"robots\" content=\"index, follow, max-snippet:-1, max-image-preview:large, max-video-preview:-1\" \/>\n<link rel=\"canonical\" href=\"https:\/\/solucionescontract.com\/producto\/lampara-de-pie-original\/\" \/>\n<meta property=\"og:locale\" content=\"fr_FR\" \/>\n<meta property=\"og:type\" content=\"article\" \/>\n<meta property=\"og:title\" content=\"LAMPADAIRE ORIGINAL CAPTAIN - Muebles de dise\u00f1o en Soluciones Contract\" \/>\n<meta property=\"og:description\" content=\"Achetez LAMPADAIRE ORIGINAL CAPTAIN en ligne dans notre magasin de meubles Contract. Trouvez le meilleur mobilier design.\" \/>\n<meta property=\"og:url\" content=\"https:\/\/solucionescontract.com\/producto\/lampara-de-pie-original\/\" \/>\n<meta property=\"og:site_name\" content=\"Soluciones Contract\" \/>\n<meta property=\"article:publisher\" content=\"https:\/\/www.facebook.com\/solucionescontract\/\" \/>\n<meta property=\"article:modified_time\" content=\"2020-12-30T15:34:00+00:00\" \/>\n<meta property=\"og:image\" content=\"https:\/\/solucionescontract.com\/wp-content\/uploads\/2020\/11\/Lampara.captain.negro_.mini-min.jpg\" \/>\n\t<meta property=\"og:image:width\" content=\"1200\" \/>\n\t<meta property=\"og:image:height\" content=\"1200\" \/>\n\t<meta property=\"og:image:type\" content=\"image\/jpeg\" \/>\n<meta name=\"twitter:card\" content=\"summary_large_image\" \/>\n<meta name=\"twitter:label1\" content=\"Dur\u00e9e de lecture estim\u00e9e\" \/>\n\t<meta name=\"twitter:data1\" content=\"1 minute\" \/>\n<script type=\"application\/ld+json\" class=\"yoast-schema-graph\">{\"@context\":\"https:\\\/\\\/schema.org\",\"@graph\":[{\"@type\":\"WebPage\",\"@id\":\"https:\\\/\\\/solucionescontract.com\\\/producto\\\/lampara-de-pie-original\\\/\",\"url\":\"https:\\\/\\\/solucionescontract.com\\\/producto\\\/lampara-de-pie-original\\\/\",\"name\":\"LAMPADAIRE ORIGINAL CAPTAIN - Muebles de dise\u00f1o en Soluciones Contract\",\"isPartOf\":{\"@id\":\"https:\\\/\\\/solucionescontract.com\\\/#website\"},\"primaryImageOfPage\":{\"@id\":\"https:\\\/\\\/solucionescontract.com\\\/producto\\\/lampara-de-pie-original\\\/#primaryimage\"},\"image\":{\"@id\":\"https:\\\/\\\/solucionescontract.com\\\/producto\\\/lampara-de-pie-original\\\/#primaryimage\"},\"thumbnailUrl\":\"https:\\\/\\\/solucionescontract.com\\\/wp-content\\\/uploads\\\/2020\\\/11\\\/Lampara.captain.negro_.mini-min.jpg\",\"datePublished\":\"2020-11-08T10:29:00+00:00\",\"dateModified\":\"2020-12-30T15:34:00+00:00\",\"description\":\"Achetez LAMPADAIRE ORIGINAL CAPTAIN en ligne dans notre magasin de meubles Contract. Trouvez le meilleur mobilier design.\",\"breadcrumb\":{\"@id\":\"https:\\\/\\\/solucionescontract.com\\\/producto\\\/lampara-de-pie-original\\\/#breadcrumb\"},\"inLanguage\":\"fr-FR\",\"potentialAction\":[{\"@type\":\"ReadAction\",\"target\":[\"https:\\\/\\\/solucionescontract.com\\\/producto\\\/lampara-de-pie-original\\\/\"]}]},{\"@type\":\"ImageObject\",\"inLanguage\":\"fr-FR\",\"@id\":\"https:\\\/\\\/solucionescontract.com\\\/producto\\\/lampara-de-pie-original\\\/#primaryimage\",\"url\":\"https:\\\/\\\/solucionescontract.com\\\/wp-content\\\/uploads\\\/2020\\\/11\\\/Lampara.captain.negro_.mini-min.jpg\",\"contentUrl\":\"https:\\\/\\\/solucionescontract.com\\\/wp-content\\\/uploads\\\/2020\\\/11\\\/Lampara.captain.negro_.mini-min.jpg\",\"width\":1200,\"height\":1200,\"caption\":\"LAMP_Foot_ORIGINl_captain\"},{\"@type\":\"BreadcrumbList\",\"@id\":\"https:\\\/\\\/solucionescontract.com\\\/producto\\\/lampara-de-pie-original\\\/#breadcrumb\",\"itemListElement\":[{\"@type\":\"ListItem\",\"position\":1,\"name\":\"Inicio\",\"item\":\"https:\\\/\\\/solucionescontract.com\\\/\"},{\"@type\":\"ListItem\",\"position\":2,\"name\":\"Tienda mobiliario contract\",\"item\":\"https:\\\/\\\/solucionescontract.com\\\/tienda-mobiliario-contract\\\/\"},{\"@type\":\"ListItem\",\"position\":3,\"name\":\"Iluminaci\u00f3n de dise\u00f1o\",\"item\":\"https:\\\/\\\/solucionescontract.com\\\/categoria-producto\\\/iluminacion-de-diseno\\\/\"},{\"@type\":\"ListItem\",\"position\":4,\"name\":\"L\u00e1mparas de pie\",\"item\":\"https:\\\/\\\/solucionescontract.com\\\/categoria-producto\\\/iluminacion-de-diseno\\\/lamparas-de-pie\\\/\"},{\"@type\":\"ListItem\",\"position\":5,\"name\":\"LAMPADAIRE ORIGINAL CAPTAIN\"}]},{\"@type\":\"WebSite\",\"@id\":\"https:\\\/\\\/solucionescontract.com\\\/#website\",\"url\":\"https:\\\/\\\/solucionescontract.com\\\/\",\"name\":\"Soluciones Contract\",\"description\":\"Venta Mobiliario contract de dise\u00f1o\",\"publisher\":{\"@id\":\"https:\\\/\\\/solucionescontract.com\\\/#organization\"},\"potentialAction\":[{\"@type\":\"SearchAction\",\"target\":{\"@type\":\"EntryPoint\",\"urlTemplate\":\"https:\\\/\\\/solucionescontract.com\\\/?s={search_term_string}\"},\"query-input\":{\"@type\":\"PropertyValueSpecification\",\"valueRequired\":true,\"valueName\":\"search_term_string\"}}],\"inLanguage\":\"fr-FR\"},{\"@type\":\"Organization\",\"@id\":\"https:\\\/\\\/solucionescontract.com\\\/#organization\",\"name\":\"Soluciones Contract\",\"url\":\"https:\\\/\\\/solucionescontract.com\\\/\",\"logo\":{\"@type\":\"ImageObject\",\"inLanguage\":\"fr-FR\",\"@id\":\"https:\\\/\\\/solucionescontract.com\\\/#\\\/schema\\\/logo\\\/image\\\/\",\"url\":\"https:\\\/\\\/solucionescontract.com\\\/wp-content\\\/uploads\\\/2020\\\/02\\\/logoSC.jpg\",\"contentUrl\":\"https:\\\/\\\/solucionescontract.com\\\/wp-content\\\/uploads\\\/2020\\\/02\\\/logoSC.jpg\",\"width\":300,\"height\":125,\"caption\":\"Soluciones Contract\"},\"image\":{\"@id\":\"https:\\\/\\\/solucionescontract.com\\\/#\\\/schema\\\/logo\\\/image\\\/\"},\"sameAs\":[\"https:\\\/\\\/www.facebook.com\\\/solucionescontract\\\/\"]}]}<\/script>\n<!-- \/ Yoast SEO plugin. -->","yoast_head_json":{"title":"LAMPADAIRE ORIGINAL CAPTAIN - Muebles de dise\u00f1o en Soluciones Contract","description":"Achetez LAMPADAIRE ORIGINAL CAPTAIN en ligne dans notre magasin de meubles Contract. Trouvez le meilleur mobilier design.","robots":{"index":"index","follow":"follow","max-snippet":"max-snippet:-1","max-image-preview":"max-image-preview:large","max-video-preview":"max-video-preview:-1"},"canonical":"https:\/\/solucionescontract.com\/producto\/lampara-de-pie-original\/","og_locale":"fr_FR","og_type":"article","og_title":"LAMPADAIRE ORIGINAL CAPTAIN - Muebles de dise\u00f1o en Soluciones Contract","og_description":"Achetez LAMPADAIRE ORIGINAL CAPTAIN en ligne dans notre magasin de meubles Contract. Trouvez le meilleur mobilier design.","og_url":"https:\/\/solucionescontract.com\/producto\/lampara-de-pie-original\/","og_site_name":"Soluciones Contract","article_publisher":"https:\/\/www.facebook.com\/solucionescontract\/","article_modified_time":"2020-12-30T15:34:00+00:00","og_image":[{"width":1200,"height":1200,"url":"https:\/\/solucionescontract.com\/wp-content\/uploads\/2020\/11\/Lampara.captain.negro_.mini-min.jpg","type":"image\/jpeg"}],"twitter_card":"summary_large_image","twitter_misc":{"Dur\u00e9e de lecture estim\u00e9e":"1 minute"},"schema":{"@context":"https:\/\/schema.org","@graph":[{"@type":"WebPage","@id":"https:\/\/solucionescontract.com\/producto\/lampara-de-pie-original\/","url":"https:\/\/solucionescontract.com\/producto\/lampara-de-pie-original\/","name":"LAMPADAIRE ORIGINAL CAPTAIN - Muebles de dise\u00f1o en Soluciones Contract","isPartOf":{"@id":"https:\/\/solucionescontract.com\/#website"},"primaryImageOfPage":{"@id":"https:\/\/solucionescontract.com\/producto\/lampara-de-pie-original\/#primaryimage"},"image":{"@id":"https:\/\/solucionescontract.com\/producto\/lampara-de-pie-original\/#primaryimage"},"thumbnailUrl":"https:\/\/solucionescontract.com\/wp-content\/uploads\/2020\/11\/Lampara.captain.negro_.mini-min.jpg","datePublished":"2020-11-08T10:29:00+00:00","dateModified":"2020-12-30T15:34:00+00:00","description":"Achetez LAMPADAIRE ORIGINAL CAPTAIN en ligne dans notre magasin de meubles Contract. Trouvez le meilleur mobilier design.","breadcrumb":{"@id":"https:\/\/solucionescontract.com\/producto\/lampara-de-pie-original\/#breadcrumb"},"inLanguage":"fr-FR","potentialAction":[{"@type":"ReadAction","target":["https:\/\/solucionescontract.com\/producto\/lampara-de-pie-original\/"]}]},{"@type":"ImageObject","inLanguage":"fr-FR","@id":"https:\/\/solucionescontract.com\/producto\/lampara-de-pie-original\/#primaryimage","url":"https:\/\/solucionescontract.com\/wp-content\/uploads\/2020\/11\/Lampara.captain.negro_.mini-min.jpg","contentUrl":"https:\/\/solucionescontract.com\/wp-content\/uploads\/2020\/11\/Lampara.captain.negro_.mini-min.jpg","width":1200,"height":1200,"caption":"LAMP_Foot_ORIGINl_captain"},{"@type":"BreadcrumbList","@id":"https:\/\/solucionescontract.com\/producto\/lampara-de-pie-original\/#breadcrumb","itemListElement":[{"@type":"ListItem","position":1,"name":"Inicio","item":"https:\/\/solucionescontract.com\/"},{"@type":"ListItem","position":2,"name":"Tienda mobiliario contract","item":"https:\/\/solucionescontract.com\/tienda-mobiliario-contract\/"},{"@type":"ListItem","position":3,"name":"Iluminaci\u00f3n de dise\u00f1o","item":"https:\/\/solucionescontract.com\/categoria-producto\/iluminacion-de-diseno\/"},{"@type":"ListItem","position":4,"name":"L\u00e1mparas de pie","item":"https:\/\/solucionescontract.com\/categoria-producto\/iluminacion-de-diseno\/lamparas-de-pie\/"},{"@type":"ListItem","position":5,"name":"LAMPADAIRE ORIGINAL CAPTAIN"}]},{"@type":"WebSite","@id":"https:\/\/solucionescontract.com\/#website","url":"https:\/\/solucionescontract.com\/","name":"Soluciones Contract","description":"Venta Mobiliario contract de dise\u00f1o","publisher":{"@id":"https:\/\/solucionescontract.com\/#organization"},"potentialAction":[{"@type":"SearchAction","target":{"@type":"EntryPoint","urlTemplate":"https:\/\/solucionescontract.com\/?s={search_term_string}"},"query-input":{"@type":"PropertyValueSpecification","valueRequired":true,"valueName":"search_term_string"}}],"inLanguage":"fr-FR"},{"@type":"Organization","@id":"https:\/\/solucionescontract.com\/#organization","name":"Soluciones Contract","url":"https:\/\/solucionescontract.com\/","logo":{"@type":"ImageObject","inLanguage":"fr-FR","@id":"https:\/\/solucionescontract.com\/#\/schema\/logo\/image\/","url":"https:\/\/solucionescontract.com\/wp-content\/uploads\/2020\/02\/logoSC.jpg","contentUrl":"https:\/\/solucionescontract.com\/wp-content\/uploads\/2020\/02\/logoSC.jpg","width":300,"height":125,"caption":"Soluciones Contract"},"image":{"@id":"https:\/\/solucionescontract.com\/#\/schema\/logo\/image\/"},"sameAs":["https:\/\/www.facebook.com\/solucionescontract\/"]}]}},"_links":{"self":[{"href":"https:\/\/solucionescontract.com\/fr\/wp-json\/wp\/v2\/product\/18329","targetHints":{"allow":["GET"]}}],"collection":[{"href":"https:\/\/solucionescontract.com\/fr\/wp-json\/wp\/v2\/product"}],"about":[{"href":"https:\/\/solucionescontract.com\/fr\/wp-json\/wp\/v2\/types\/product"}],"replies":[{"embeddable":true,"href":"https:\/\/solucionescontract.com\/fr\/wp-json\/wp\/v2\/comments?post=18329"}],"wp:featuredmedia":[{"embeddable":true,"href":"https:\/\/solucionescontract.com\/fr\/wp-json\/wp\/v2\/media\/17444"}],"wp:attachment":[{"href":"https:\/\/solucionescontract.com\/fr\/wp-json\/wp\/v2\/media?parent=18329"}],"wp:term":[{"taxonomy":"product_brand","embeddable":true,"href":"https:\/\/solucionescontract.com\/fr\/wp-json\/wp\/v2\/product_brand?post=18329"},{"taxonomy":"product_cat","embeddable":true,"href":"https:\/\/solucionescontract.com\/fr\/wp-json\/wp\/v2\/product_cat?post=18329"},{"taxonomy":"product_tag","embeddable":true,"href":"https:\/\/solucionescontract.com\/fr\/wp-json\/wp\/v2\/product_tag?post=18329"}],"curies":[{"name":"wp","href":"https:\/\/api.w.org\/{rel}","templated":true}]}}