{"id":18328,"date":"2020-11-08T10:29:54","date_gmt":"2020-11-08T10:29:54","guid":{"rendered":"https:\/\/www.solucionescontract.com\/producto\/lampadaire-captain-170-cm\/"},"modified":"2020-12-30T15:33:47","modified_gmt":"2020-12-30T15:33:47","slug":"lampadaire-captain-170-cm","status":"publish","type":"product","link":"https:\/\/solucionescontract.com\/fr\/producto\/lampadaire-captain-170-cm\/","title":{"rendered":"LAMPE DE SOL CAPTAIN 170 cm"},"content":{"rendered":"<p>Le lampadaire Captain 170 cm est une lampe de style industriel qui apporte du caract\u00e8re et de la lumi\u00e8re \u00e0 la pi\u00e8ce o\u00f9 elle se trouve, que ce soit dans les espaces contract, les boutiques, les h\u00f4tels &#8230; ou \u00e0 la maison.<\/p>\n<p>La version 170 cm de la lampe Captain a une finition noire. Met en valeur l&rsquo;int\u00e9rieur du projecteur en or<\/p>\n<p>Pied de tr\u00e9pied r\u00e9glable avec un projecteur orientable pour diriger facilement la lumi\u00e8re.<\/p>\n<p>Il dispose d&rsquo;un c\u00e2ble textile noir pour flashs de 250 mm.<\/p>\n<p>Diam\u00e8tre de mise au point: 530 mm.<\/p>\n<p>Avec r\u00e9gulateur d&rsquo;intensit\u00e9 sur le c\u00e2ble inclus.<\/p>\n<p>Mesures: 5,3 cm de large avec une hauteur de 170 cm.<\/p>\n<p>Ampoule led E27 60w incluse.<\/p>\n<p><span style=\"color: # 0000ff;\"> <a style=\"color: # 0000ff;\" href=\"https:\/\/solucionescontract.com\/wp-content\/uploads\/2020\/11\/Montaje-captain-170.pdf\"> Instructions de montage Captain 170 <\/a> <\/span><\/p>\n<p>&nbsp;<\/p>\n<p>&nbsp;<\/script><\/p>\n","protected":false},"excerpt":{"rendered":"<ul>\n<li style = \"text-align: justify;\"> C&rsquo;est une lampe de style industriel dont vous tomberez amoureux en raison de son design original, donnant un caract\u00e8re unique \u00e0 la pi\u00e8ce dans laquelle elle se trouve. <\/li>\n<li> La version Captain de 170 cm est pr\u00e9sent\u00e9e en noir. <\/li>\n<li> Son ampoule dor\u00e9e int\u00e9rieure se distingue, avec un diam\u00e8tre de 530 mm. <\/li>\n<li> Avec gradateur inclus dans le c\u00e2ble. <\/li>\n<li> Hauteur de la lampe: 170 cm <\/li>\n<li> Utilisation en int\u00e9rieur. <\/li>\n<\/ul>\n","protected":false},"featured_media":17444,"comment_status":"open","ping_status":"closed","template":"","meta":[],"product_brand":[],"product_cat":[541,549],"product_tag":[655,670,673],"class_list":{"0":"post-18328","1":"product","2":"type-product","3":"status-publish","4":"has-post-thumbnail","6":"product_cat-eclairage-design","7":"product_cat-lampes-sur-pied","8":"product_tag-interior-fr","9":"product_tag-eclairage-nordique","10":"product_tag-lampara-de-pie-fr","11":"product_shipping_class-gratuit","12":"yith_product_brand-by-rydens-fr","14":"first","15":"instock","16":"taxable","17":"shipping-taxable","18":"purchasable","19":"product-type-simple"},"yoast_head":"<!-- This site is optimized with the Yoast SEO plugin v27.3 - https:\/\/yoast.com\/product\/yoast-seo-wordpress\/ -->\n<title>LAMPE DE SOL CAPTAIN 170 cm - Muebles de dise\u00f1o en Soluciones Contract<\/title>\n<meta name=\"description\" content=\"Achetez LAMPE DE SOL CAPTAIN 170 cm en ligne dans notre magasin de meubles Contract. Trouvez le meilleur mobilier design.\" \/>\n<meta name=\"robots\" content=\"index, follow, max-snippet:-1, max-image-preview:large, max-video-preview:-1\" \/>\n<link rel=\"canonical\" href=\"https:\/\/solucionescontract.com\/producto\/lampara-de-pie-captain-160-cm\/\" \/>\n<meta property=\"og:locale\" content=\"fr_FR\" \/>\n<meta property=\"og:type\" content=\"article\" \/>\n<meta property=\"og:title\" content=\"LAMPE DE SOL CAPTAIN 170 cm - Muebles de dise\u00f1o en Soluciones Contract\" \/>\n<meta property=\"og:description\" content=\"Achetez LAMPE DE SOL CAPTAIN 170 cm en ligne dans notre magasin de meubles Contract. Trouvez le meilleur mobilier design.\" \/>\n<meta property=\"og:url\" content=\"https:\/\/solucionescontract.com\/producto\/lampara-de-pie-captain-160-cm\/\" \/>\n<meta property=\"og:site_name\" content=\"Soluciones Contract\" \/>\n<meta property=\"article:publisher\" content=\"https:\/\/www.facebook.com\/solucionescontract\/\" \/>\n<meta property=\"article:modified_time\" content=\"2020-12-30T15:33:47+00:00\" \/>\n<meta property=\"og:image\" content=\"https:\/\/solucionescontract.com\/wp-content\/uploads\/2020\/11\/Lampara.captain.negro_.mini-min.jpg\" \/>\n\t<meta property=\"og:image:width\" content=\"1200\" \/>\n\t<meta property=\"og:image:height\" content=\"1200\" \/>\n\t<meta property=\"og:image:type\" content=\"image\/jpeg\" \/>\n<meta name=\"twitter:card\" content=\"summary_large_image\" \/>\n<meta name=\"twitter:label1\" content=\"Dur\u00e9e de lecture estim\u00e9e\" \/>\n\t<meta name=\"twitter:data1\" content=\"1 minute\" \/>\n<script type=\"application\/ld+json\" class=\"yoast-schema-graph\">{\"@context\":\"https:\\\/\\\/schema.org\",\"@graph\":[{\"@type\":\"WebPage\",\"@id\":\"https:\\\/\\\/solucionescontract.com\\\/producto\\\/lampara-de-pie-captain-160-cm\\\/\",\"url\":\"https:\\\/\\\/solucionescontract.com\\\/producto\\\/lampara-de-pie-captain-160-cm\\\/\",\"name\":\"LAMPE DE SOL CAPTAIN 170 cm - Muebles de dise\u00f1o en Soluciones Contract\",\"isPartOf\":{\"@id\":\"https:\\\/\\\/solucionescontract.com\\\/#website\"},\"primaryImageOfPage\":{\"@id\":\"https:\\\/\\\/solucionescontract.com\\\/producto\\\/lampara-de-pie-captain-160-cm\\\/#primaryimage\"},\"image\":{\"@id\":\"https:\\\/\\\/solucionescontract.com\\\/producto\\\/lampara-de-pie-captain-160-cm\\\/#primaryimage\"},\"thumbnailUrl\":\"https:\\\/\\\/solucionescontract.com\\\/wp-content\\\/uploads\\\/2020\\\/11\\\/Lampara.captain.negro_.mini-min.jpg\",\"datePublished\":\"2020-11-08T10:29:54+00:00\",\"dateModified\":\"2020-12-30T15:33:47+00:00\",\"description\":\"Achetez LAMPE DE SOL CAPTAIN 170 cm en ligne dans notre magasin de meubles Contract. Trouvez le meilleur mobilier design.\",\"breadcrumb\":{\"@id\":\"https:\\\/\\\/solucionescontract.com\\\/producto\\\/lampara-de-pie-captain-160-cm\\\/#breadcrumb\"},\"inLanguage\":\"fr-FR\",\"potentialAction\":[{\"@type\":\"ReadAction\",\"target\":[\"https:\\\/\\\/solucionescontract.com\\\/producto\\\/lampara-de-pie-captain-160-cm\\\/\"]}]},{\"@type\":\"ImageObject\",\"inLanguage\":\"fr-FR\",\"@id\":\"https:\\\/\\\/solucionescontract.com\\\/producto\\\/lampara-de-pie-captain-160-cm\\\/#primaryimage\",\"url\":\"https:\\\/\\\/solucionescontract.com\\\/wp-content\\\/uploads\\\/2020\\\/11\\\/Lampara.captain.negro_.mini-min.jpg\",\"contentUrl\":\"https:\\\/\\\/solucionescontract.com\\\/wp-content\\\/uploads\\\/2020\\\/11\\\/Lampara.captain.negro_.mini-min.jpg\",\"width\":1200,\"height\":1200,\"caption\":\"LAMP_Foot_ORIGINl_captain\"},{\"@type\":\"BreadcrumbList\",\"@id\":\"https:\\\/\\\/solucionescontract.com\\\/producto\\\/lampara-de-pie-captain-160-cm\\\/#breadcrumb\",\"itemListElement\":[{\"@type\":\"ListItem\",\"position\":1,\"name\":\"Inicio\",\"item\":\"https:\\\/\\\/solucionescontract.com\\\/\"},{\"@type\":\"ListItem\",\"position\":2,\"name\":\"Tienda mobiliario contract\",\"item\":\"https:\\\/\\\/solucionescontract.com\\\/tienda-mobiliario-contract\\\/\"},{\"@type\":\"ListItem\",\"position\":3,\"name\":\"Iluminaci\u00f3n de dise\u00f1o\",\"item\":\"https:\\\/\\\/solucionescontract.com\\\/categoria-producto\\\/iluminacion-de-diseno\\\/\"},{\"@type\":\"ListItem\",\"position\":4,\"name\":\"L\u00e1mparas de pie\",\"item\":\"https:\\\/\\\/solucionescontract.com\\\/categoria-producto\\\/iluminacion-de-diseno\\\/lamparas-de-pie\\\/\"},{\"@type\":\"ListItem\",\"position\":5,\"name\":\"LAMPE DE SOL CAPTAIN 170 cm\"}]},{\"@type\":\"WebSite\",\"@id\":\"https:\\\/\\\/solucionescontract.com\\\/#website\",\"url\":\"https:\\\/\\\/solucionescontract.com\\\/\",\"name\":\"Soluciones Contract\",\"description\":\"Venta Mobiliario contract de dise\u00f1o\",\"publisher\":{\"@id\":\"https:\\\/\\\/solucionescontract.com\\\/#organization\"},\"potentialAction\":[{\"@type\":\"SearchAction\",\"target\":{\"@type\":\"EntryPoint\",\"urlTemplate\":\"https:\\\/\\\/solucionescontract.com\\\/?s={search_term_string}\"},\"query-input\":{\"@type\":\"PropertyValueSpecification\",\"valueRequired\":true,\"valueName\":\"search_term_string\"}}],\"inLanguage\":\"fr-FR\"},{\"@type\":\"Organization\",\"@id\":\"https:\\\/\\\/solucionescontract.com\\\/#organization\",\"name\":\"Soluciones Contract\",\"url\":\"https:\\\/\\\/solucionescontract.com\\\/\",\"logo\":{\"@type\":\"ImageObject\",\"inLanguage\":\"fr-FR\",\"@id\":\"https:\\\/\\\/solucionescontract.com\\\/#\\\/schema\\\/logo\\\/image\\\/\",\"url\":\"https:\\\/\\\/solucionescontract.com\\\/wp-content\\\/uploads\\\/2020\\\/02\\\/logoSC.jpg\",\"contentUrl\":\"https:\\\/\\\/solucionescontract.com\\\/wp-content\\\/uploads\\\/2020\\\/02\\\/logoSC.jpg\",\"width\":300,\"height\":125,\"caption\":\"Soluciones Contract\"},\"image\":{\"@id\":\"https:\\\/\\\/solucionescontract.com\\\/#\\\/schema\\\/logo\\\/image\\\/\"},\"sameAs\":[\"https:\\\/\\\/www.facebook.com\\\/solucionescontract\\\/\"]}]}<\/script>\n<!-- \/ Yoast SEO plugin. -->","yoast_head_json":{"title":"LAMPE DE SOL CAPTAIN 170 cm - Muebles de dise\u00f1o en Soluciones Contract","description":"Achetez LAMPE DE SOL CAPTAIN 170 cm en ligne dans notre magasin de meubles Contract. Trouvez le meilleur mobilier design.","robots":{"index":"index","follow":"follow","max-snippet":"max-snippet:-1","max-image-preview":"max-image-preview:large","max-video-preview":"max-video-preview:-1"},"canonical":"https:\/\/solucionescontract.com\/producto\/lampara-de-pie-captain-160-cm\/","og_locale":"fr_FR","og_type":"article","og_title":"LAMPE DE SOL CAPTAIN 170 cm - Muebles de dise\u00f1o en Soluciones Contract","og_description":"Achetez LAMPE DE SOL CAPTAIN 170 cm en ligne dans notre magasin de meubles Contract. Trouvez le meilleur mobilier design.","og_url":"https:\/\/solucionescontract.com\/producto\/lampara-de-pie-captain-160-cm\/","og_site_name":"Soluciones Contract","article_publisher":"https:\/\/www.facebook.com\/solucionescontract\/","article_modified_time":"2020-12-30T15:33:47+00:00","og_image":[{"width":1200,"height":1200,"url":"https:\/\/solucionescontract.com\/wp-content\/uploads\/2020\/11\/Lampara.captain.negro_.mini-min.jpg","type":"image\/jpeg"}],"twitter_card":"summary_large_image","twitter_misc":{"Dur\u00e9e de lecture estim\u00e9e":"1 minute"},"schema":{"@context":"https:\/\/schema.org","@graph":[{"@type":"WebPage","@id":"https:\/\/solucionescontract.com\/producto\/lampara-de-pie-captain-160-cm\/","url":"https:\/\/solucionescontract.com\/producto\/lampara-de-pie-captain-160-cm\/","name":"LAMPE DE SOL CAPTAIN 170 cm - Muebles de dise\u00f1o en Soluciones Contract","isPartOf":{"@id":"https:\/\/solucionescontract.com\/#website"},"primaryImageOfPage":{"@id":"https:\/\/solucionescontract.com\/producto\/lampara-de-pie-captain-160-cm\/#primaryimage"},"image":{"@id":"https:\/\/solucionescontract.com\/producto\/lampara-de-pie-captain-160-cm\/#primaryimage"},"thumbnailUrl":"https:\/\/solucionescontract.com\/wp-content\/uploads\/2020\/11\/Lampara.captain.negro_.mini-min.jpg","datePublished":"2020-11-08T10:29:54+00:00","dateModified":"2020-12-30T15:33:47+00:00","description":"Achetez LAMPE DE SOL CAPTAIN 170 cm en ligne dans notre magasin de meubles Contract. Trouvez le meilleur mobilier design.","breadcrumb":{"@id":"https:\/\/solucionescontract.com\/producto\/lampara-de-pie-captain-160-cm\/#breadcrumb"},"inLanguage":"fr-FR","potentialAction":[{"@type":"ReadAction","target":["https:\/\/solucionescontract.com\/producto\/lampara-de-pie-captain-160-cm\/"]}]},{"@type":"ImageObject","inLanguage":"fr-FR","@id":"https:\/\/solucionescontract.com\/producto\/lampara-de-pie-captain-160-cm\/#primaryimage","url":"https:\/\/solucionescontract.com\/wp-content\/uploads\/2020\/11\/Lampara.captain.negro_.mini-min.jpg","contentUrl":"https:\/\/solucionescontract.com\/wp-content\/uploads\/2020\/11\/Lampara.captain.negro_.mini-min.jpg","width":1200,"height":1200,"caption":"LAMP_Foot_ORIGINl_captain"},{"@type":"BreadcrumbList","@id":"https:\/\/solucionescontract.com\/producto\/lampara-de-pie-captain-160-cm\/#breadcrumb","itemListElement":[{"@type":"ListItem","position":1,"name":"Inicio","item":"https:\/\/solucionescontract.com\/"},{"@type":"ListItem","position":2,"name":"Tienda mobiliario contract","item":"https:\/\/solucionescontract.com\/tienda-mobiliario-contract\/"},{"@type":"ListItem","position":3,"name":"Iluminaci\u00f3n de dise\u00f1o","item":"https:\/\/solucionescontract.com\/categoria-producto\/iluminacion-de-diseno\/"},{"@type":"ListItem","position":4,"name":"L\u00e1mparas de pie","item":"https:\/\/solucionescontract.com\/categoria-producto\/iluminacion-de-diseno\/lamparas-de-pie\/"},{"@type":"ListItem","position":5,"name":"LAMPE DE SOL CAPTAIN 170 cm"}]},{"@type":"WebSite","@id":"https:\/\/solucionescontract.com\/#website","url":"https:\/\/solucionescontract.com\/","name":"Soluciones Contract","description":"Venta Mobiliario contract de dise\u00f1o","publisher":{"@id":"https:\/\/solucionescontract.com\/#organization"},"potentialAction":[{"@type":"SearchAction","target":{"@type":"EntryPoint","urlTemplate":"https:\/\/solucionescontract.com\/?s={search_term_string}"},"query-input":{"@type":"PropertyValueSpecification","valueRequired":true,"valueName":"search_term_string"}}],"inLanguage":"fr-FR"},{"@type":"Organization","@id":"https:\/\/solucionescontract.com\/#organization","name":"Soluciones Contract","url":"https:\/\/solucionescontract.com\/","logo":{"@type":"ImageObject","inLanguage":"fr-FR","@id":"https:\/\/solucionescontract.com\/#\/schema\/logo\/image\/","url":"https:\/\/solucionescontract.com\/wp-content\/uploads\/2020\/02\/logoSC.jpg","contentUrl":"https:\/\/solucionescontract.com\/wp-content\/uploads\/2020\/02\/logoSC.jpg","width":300,"height":125,"caption":"Soluciones Contract"},"image":{"@id":"https:\/\/solucionescontract.com\/#\/schema\/logo\/image\/"},"sameAs":["https:\/\/www.facebook.com\/solucionescontract\/"]}]}},"_links":{"self":[{"href":"https:\/\/solucionescontract.com\/fr\/wp-json\/wp\/v2\/product\/18328","targetHints":{"allow":["GET"]}}],"collection":[{"href":"https:\/\/solucionescontract.com\/fr\/wp-json\/wp\/v2\/product"}],"about":[{"href":"https:\/\/solucionescontract.com\/fr\/wp-json\/wp\/v2\/types\/product"}],"replies":[{"embeddable":true,"href":"https:\/\/solucionescontract.com\/fr\/wp-json\/wp\/v2\/comments?post=18328"}],"wp:featuredmedia":[{"embeddable":true,"href":"https:\/\/solucionescontract.com\/fr\/wp-json\/wp\/v2\/media\/17444"}],"wp:attachment":[{"href":"https:\/\/solucionescontract.com\/fr\/wp-json\/wp\/v2\/media?parent=18328"}],"wp:term":[{"taxonomy":"product_brand","embeddable":true,"href":"https:\/\/solucionescontract.com\/fr\/wp-json\/wp\/v2\/product_brand?post=18328"},{"taxonomy":"product_cat","embeddable":true,"href":"https:\/\/solucionescontract.com\/fr\/wp-json\/wp\/v2\/product_cat?post=18328"},{"taxonomy":"product_tag","embeddable":true,"href":"https:\/\/solucionescontract.com\/fr\/wp-json\/wp\/v2\/product_tag?post=18328"}],"curies":[{"name":"wp","href":"https:\/\/api.w.org\/{rel}","templated":true}]}}