{"id":18326,"date":"2020-11-09T14:31:46","date_gmt":"2020-11-09T14:31:46","guid":{"rendered":"https:\/\/www.solucionescontract.com\/producto\/lampe-salon-dixton\/"},"modified":"2020-12-30T15:33:19","modified_gmt":"2020-12-30T15:33:19","slug":"lampe-salon-dixton","status":"publish","type":"product","link":"https:\/\/solucionescontract.com\/fr\/producto\/lampe-salon-dixton\/","title":{"rendered":"LAMPE DE TABLE DIXTON"},"content":{"rendered":"<p>La lampe de table Dixton est une lampe appartenant \u00e0 la collection Dixton, avec des \u00e9l\u00e9ments qui peuvent \u00eatre facilement combin\u00e9s entre eux. Dans ce cas, ce sera une sage d\u00e9cision de l&rsquo;am\u00e9nager comme \u00e9l\u00e9ment d\u00e9coratif dans un salon, des halls d&rsquo;h\u00f4tel ou dans des appartements sur la table de la chambre.<\/p>\n<p>Cette lampe d\u00e9corative design se caract\u00e9rise par sa structure m\u00e9tallique de forme rectangulaire noire sur laquelle est dispos\u00e9 un abat-jour en verre gris fum\u00e9.<\/p>\n<p>Mesures: 18 cm de large x 25 cm de long. Hauteur 52 cm.<\/p>\n<p>C\u00e2ble en plastique noir de 2 m de long, ce qui le rend facile \u00e0 d\u00e9placer.<\/p>\n<p>Ampoule E 27 40 w de couleur ambre incluse.<\/p>\n<p>Poids: 4 kg<\/p>\n<p><a href=\"https:\/\/solucionescontract.com\/wp-content\/uploads\/2020\/11\/instrucciones_de_montaje-sobremesa.pdf\"> Instructions de montage sur table <\/a><\/script><\/p>\n","protected":false},"excerpt":{"rendered":"<ul>\n<li>Lampe de table d\u00e9corative appartenant \u00e0 la collection Dixton.<\/li>\n<li>Nous examinons une pi\u00e8ce de d\u00e9coration spectaculaire, une structure m\u00e9tallique rectangulaire sur laquelle est suspendu un abat-jour en verre.<\/li>\n<li>Abat-jour en verre fum\u00e9.<\/li>\n<li>Ampoule orange E27 incluse.<\/li>\n<li>Hauteur: 52 cm<\/li>\n<li>Utilisation en int\u00e9rieur<\/li>\n<\/ul>\n<p>&nbsp;<\/p>\n","protected":false},"featured_media":17472,"comment_status":"open","ping_status":"closed","template":"","meta":[],"product_brand":[],"product_cat":[541,547],"product_tag":[655,670,669],"class_list":{"0":"post-18326","1":"product","2":"type-product","3":"status-publish","4":"has-post-thumbnail","6":"product_cat-eclairage-design","7":"product_cat-lampe-de-chevet","8":"product_tag-interior-fr","9":"product_tag-eclairage-nordique","10":"product_tag-lampe-de-table","11":"product_shipping_class-gratuit","12":"yith_product_brand-by-rydens-fr","14":"first","15":"instock","16":"taxable","17":"shipping-taxable","18":"purchasable","19":"product-type-simple"},"yoast_head":"<!-- This site is optimized with the Yoast SEO plugin v27.3 - https:\/\/yoast.com\/product\/yoast-seo-wordpress\/ -->\n<title>LAMPE DE TABLE DIXTON - Muebles de dise\u00f1o en Soluciones Contract<\/title>\n<meta name=\"description\" content=\"Achetez LAMPE DE TABLE DIXTON en ligne dans notre magasin de meubles Contract. Trouvez le meilleur mobilier design.\" \/>\n<meta name=\"robots\" content=\"index, follow, max-snippet:-1, max-image-preview:large, max-video-preview:-1\" \/>\n<link rel=\"canonical\" href=\"https:\/\/solucionescontract.com\/fr\/producto\/lampe-salon-dixton\/\" \/>\n<meta property=\"og:locale\" content=\"fr_FR\" \/>\n<meta property=\"og:type\" content=\"article\" \/>\n<meta property=\"og:title\" content=\"LAMPE DE TABLE DIXTON - Muebles de dise\u00f1o en Soluciones Contract\" \/>\n<meta property=\"og:description\" content=\"Achetez LAMPE DE TABLE DIXTON en ligne dans notre magasin de meubles Contract. Trouvez le meilleur mobilier design.\" \/>\n<meta property=\"og:url\" content=\"https:\/\/solucionescontract.com\/fr\/producto\/lampe-salon-dixton\/\" \/>\n<meta property=\"og:site_name\" content=\"Soluciones Contract\" \/>\n<meta property=\"article:publisher\" content=\"https:\/\/www.facebook.com\/solucionescontract\/\" \/>\n<meta property=\"article:modified_time\" content=\"2020-12-30T15:33:19+00:00\" \/>\n<meta property=\"og:image\" content=\"https:\/\/solucionescontract.com\/wp-content\/uploads\/2020\/11\/Lampara-sobremesa-rectangular.jpg\" \/>\n\t<meta property=\"og:image:width\" content=\"1200\" \/>\n\t<meta property=\"og:image:height\" content=\"1200\" \/>\n\t<meta property=\"og:image:type\" content=\"image\/jpeg\" \/>\n<meta name=\"twitter:card\" content=\"summary_large_image\" \/>\n<meta name=\"twitter:label1\" content=\"Dur\u00e9e de lecture estim\u00e9e\" \/>\n\t<meta name=\"twitter:data1\" content=\"1 minute\" \/>\n<script type=\"application\/ld+json\" class=\"yoast-schema-graph\">{\"@context\":\"https:\\\/\\\/schema.org\",\"@graph\":[{\"@type\":\"WebPage\",\"@id\":\"https:\\\/\\\/solucionescontract.com\\\/fr\\\/producto\\\/lampe-salon-dixton\\\/\",\"url\":\"https:\\\/\\\/solucionescontract.com\\\/fr\\\/producto\\\/lampe-salon-dixton\\\/\",\"name\":\"LAMPE DE TABLE DIXTON - Muebles de dise\u00f1o en Soluciones Contract\",\"isPartOf\":{\"@id\":\"https:\\\/\\\/solucionescontract.com\\\/#website\"},\"primaryImageOfPage\":{\"@id\":\"https:\\\/\\\/solucionescontract.com\\\/fr\\\/producto\\\/lampe-salon-dixton\\\/#primaryimage\"},\"image\":{\"@id\":\"https:\\\/\\\/solucionescontract.com\\\/fr\\\/producto\\\/lampe-salon-dixton\\\/#primaryimage\"},\"thumbnailUrl\":\"https:\\\/\\\/solucionescontract.com\\\/wp-content\\\/uploads\\\/2020\\\/11\\\/Lampara-sobremesa-rectangular.jpg\",\"datePublished\":\"2020-11-09T14:31:46+00:00\",\"dateModified\":\"2020-12-30T15:33:19+00:00\",\"description\":\"Achetez LAMPE DE TABLE DIXTON en ligne dans notre magasin de meubles Contract. Trouvez le meilleur mobilier design.\",\"breadcrumb\":{\"@id\":\"https:\\\/\\\/solucionescontract.com\\\/fr\\\/producto\\\/lampe-salon-dixton\\\/#breadcrumb\"},\"inLanguage\":\"fr-FR\",\"potentialAction\":[{\"@type\":\"ReadAction\",\"target\":[\"https:\\\/\\\/solucionescontract.com\\\/fr\\\/producto\\\/lampe-salon-dixton\\\/\"]}]},{\"@type\":\"ImageObject\",\"inLanguage\":\"fr-FR\",\"@id\":\"https:\\\/\\\/solucionescontract.com\\\/fr\\\/producto\\\/lampe-salon-dixton\\\/#primaryimage\",\"url\":\"https:\\\/\\\/solucionescontract.com\\\/wp-content\\\/uploads\\\/2020\\\/11\\\/Lampara-sobremesa-rectangular.jpg\",\"contentUrl\":\"https:\\\/\\\/solucionescontract.com\\\/wp-content\\\/uploads\\\/2020\\\/11\\\/Lampara-sobremesa-rectangular.jpg\",\"width\":1200,\"height\":1200,\"caption\":\"Lampe-de-table-rectangulaire\"},{\"@type\":\"BreadcrumbList\",\"@id\":\"https:\\\/\\\/solucionescontract.com\\\/fr\\\/producto\\\/lampe-salon-dixton\\\/#breadcrumb\",\"itemListElement\":[{\"@type\":\"ListItem\",\"position\":1,\"name\":\"Inicio\",\"item\":\"https:\\\/\\\/solucionescontract.com\\\/\"},{\"@type\":\"ListItem\",\"position\":2,\"name\":\"Tienda mobiliario contract\",\"item\":\"https:\\\/\\\/solucionescontract.com\\\/tienda-mobiliario-contract\\\/\"},{\"@type\":\"ListItem\",\"position\":3,\"name\":\"\u00c9clairage design\",\"item\":\"https:\\\/\\\/solucionescontract.com\\\/fr\\\/categoria-producto\\\/eclairage-design\\\/\"},{\"@type\":\"ListItem\",\"position\":4,\"name\":\"Lampe de chevet\",\"item\":\"https:\\\/\\\/solucionescontract.com\\\/fr\\\/categoria-producto\\\/eclairage-design\\\/lampe-de-chevet\\\/\"},{\"@type\":\"ListItem\",\"position\":5,\"name\":\"LAMPE DE TABLE DIXTON\"}]},{\"@type\":\"WebSite\",\"@id\":\"https:\\\/\\\/solucionescontract.com\\\/#website\",\"url\":\"https:\\\/\\\/solucionescontract.com\\\/\",\"name\":\"Soluciones Contract\",\"description\":\"Venta Mobiliario contract de dise\u00f1o\",\"publisher\":{\"@id\":\"https:\\\/\\\/solucionescontract.com\\\/#organization\"},\"potentialAction\":[{\"@type\":\"SearchAction\",\"target\":{\"@type\":\"EntryPoint\",\"urlTemplate\":\"https:\\\/\\\/solucionescontract.com\\\/?s={search_term_string}\"},\"query-input\":{\"@type\":\"PropertyValueSpecification\",\"valueRequired\":true,\"valueName\":\"search_term_string\"}}],\"inLanguage\":\"fr-FR\"},{\"@type\":\"Organization\",\"@id\":\"https:\\\/\\\/solucionescontract.com\\\/#organization\",\"name\":\"Soluciones Contract\",\"url\":\"https:\\\/\\\/solucionescontract.com\\\/\",\"logo\":{\"@type\":\"ImageObject\",\"inLanguage\":\"fr-FR\",\"@id\":\"https:\\\/\\\/solucionescontract.com\\\/#\\\/schema\\\/logo\\\/image\\\/\",\"url\":\"https:\\\/\\\/solucionescontract.com\\\/wp-content\\\/uploads\\\/2020\\\/02\\\/logoSC.jpg\",\"contentUrl\":\"https:\\\/\\\/solucionescontract.com\\\/wp-content\\\/uploads\\\/2020\\\/02\\\/logoSC.jpg\",\"width\":300,\"height\":125,\"caption\":\"Soluciones Contract\"},\"image\":{\"@id\":\"https:\\\/\\\/solucionescontract.com\\\/#\\\/schema\\\/logo\\\/image\\\/\"},\"sameAs\":[\"https:\\\/\\\/www.facebook.com\\\/solucionescontract\\\/\"]}]}<\/script>\n<!-- \/ Yoast SEO plugin. -->","yoast_head_json":{"title":"LAMPE DE TABLE DIXTON - Muebles de dise\u00f1o en Soluciones Contract","description":"Achetez LAMPE DE TABLE DIXTON en ligne dans notre magasin de meubles Contract. Trouvez le meilleur mobilier design.","robots":{"index":"index","follow":"follow","max-snippet":"max-snippet:-1","max-image-preview":"max-image-preview:large","max-video-preview":"max-video-preview:-1"},"canonical":"https:\/\/solucionescontract.com\/fr\/producto\/lampe-salon-dixton\/","og_locale":"fr_FR","og_type":"article","og_title":"LAMPE DE TABLE DIXTON - Muebles de dise\u00f1o en Soluciones Contract","og_description":"Achetez LAMPE DE TABLE DIXTON en ligne dans notre magasin de meubles Contract. Trouvez le meilleur mobilier design.","og_url":"https:\/\/solucionescontract.com\/fr\/producto\/lampe-salon-dixton\/","og_site_name":"Soluciones Contract","article_publisher":"https:\/\/www.facebook.com\/solucionescontract\/","article_modified_time":"2020-12-30T15:33:19+00:00","og_image":[{"width":1200,"height":1200,"url":"https:\/\/solucionescontract.com\/wp-content\/uploads\/2020\/11\/Lampara-sobremesa-rectangular.jpg","type":"image\/jpeg"}],"twitter_card":"summary_large_image","twitter_misc":{"Dur\u00e9e de lecture estim\u00e9e":"1 minute"},"schema":{"@context":"https:\/\/schema.org","@graph":[{"@type":"WebPage","@id":"https:\/\/solucionescontract.com\/fr\/producto\/lampe-salon-dixton\/","url":"https:\/\/solucionescontract.com\/fr\/producto\/lampe-salon-dixton\/","name":"LAMPE DE TABLE DIXTON - Muebles de dise\u00f1o en Soluciones Contract","isPartOf":{"@id":"https:\/\/solucionescontract.com\/#website"},"primaryImageOfPage":{"@id":"https:\/\/solucionescontract.com\/fr\/producto\/lampe-salon-dixton\/#primaryimage"},"image":{"@id":"https:\/\/solucionescontract.com\/fr\/producto\/lampe-salon-dixton\/#primaryimage"},"thumbnailUrl":"https:\/\/solucionescontract.com\/wp-content\/uploads\/2020\/11\/Lampara-sobremesa-rectangular.jpg","datePublished":"2020-11-09T14:31:46+00:00","dateModified":"2020-12-30T15:33:19+00:00","description":"Achetez LAMPE DE TABLE DIXTON en ligne dans notre magasin de meubles Contract. Trouvez le meilleur mobilier design.","breadcrumb":{"@id":"https:\/\/solucionescontract.com\/fr\/producto\/lampe-salon-dixton\/#breadcrumb"},"inLanguage":"fr-FR","potentialAction":[{"@type":"ReadAction","target":["https:\/\/solucionescontract.com\/fr\/producto\/lampe-salon-dixton\/"]}]},{"@type":"ImageObject","inLanguage":"fr-FR","@id":"https:\/\/solucionescontract.com\/fr\/producto\/lampe-salon-dixton\/#primaryimage","url":"https:\/\/solucionescontract.com\/wp-content\/uploads\/2020\/11\/Lampara-sobremesa-rectangular.jpg","contentUrl":"https:\/\/solucionescontract.com\/wp-content\/uploads\/2020\/11\/Lampara-sobremesa-rectangular.jpg","width":1200,"height":1200,"caption":"Lampe-de-table-rectangulaire"},{"@type":"BreadcrumbList","@id":"https:\/\/solucionescontract.com\/fr\/producto\/lampe-salon-dixton\/#breadcrumb","itemListElement":[{"@type":"ListItem","position":1,"name":"Inicio","item":"https:\/\/solucionescontract.com\/"},{"@type":"ListItem","position":2,"name":"Tienda mobiliario contract","item":"https:\/\/solucionescontract.com\/tienda-mobiliario-contract\/"},{"@type":"ListItem","position":3,"name":"\u00c9clairage design","item":"https:\/\/solucionescontract.com\/fr\/categoria-producto\/eclairage-design\/"},{"@type":"ListItem","position":4,"name":"Lampe de chevet","item":"https:\/\/solucionescontract.com\/fr\/categoria-producto\/eclairage-design\/lampe-de-chevet\/"},{"@type":"ListItem","position":5,"name":"LAMPE DE TABLE DIXTON"}]},{"@type":"WebSite","@id":"https:\/\/solucionescontract.com\/#website","url":"https:\/\/solucionescontract.com\/","name":"Soluciones Contract","description":"Venta Mobiliario contract de dise\u00f1o","publisher":{"@id":"https:\/\/solucionescontract.com\/#organization"},"potentialAction":[{"@type":"SearchAction","target":{"@type":"EntryPoint","urlTemplate":"https:\/\/solucionescontract.com\/?s={search_term_string}"},"query-input":{"@type":"PropertyValueSpecification","valueRequired":true,"valueName":"search_term_string"}}],"inLanguage":"fr-FR"},{"@type":"Organization","@id":"https:\/\/solucionescontract.com\/#organization","name":"Soluciones Contract","url":"https:\/\/solucionescontract.com\/","logo":{"@type":"ImageObject","inLanguage":"fr-FR","@id":"https:\/\/solucionescontract.com\/#\/schema\/logo\/image\/","url":"https:\/\/solucionescontract.com\/wp-content\/uploads\/2020\/02\/logoSC.jpg","contentUrl":"https:\/\/solucionescontract.com\/wp-content\/uploads\/2020\/02\/logoSC.jpg","width":300,"height":125,"caption":"Soluciones Contract"},"image":{"@id":"https:\/\/solucionescontract.com\/#\/schema\/logo\/image\/"},"sameAs":["https:\/\/www.facebook.com\/solucionescontract\/"]}]}},"_links":{"self":[{"href":"https:\/\/solucionescontract.com\/fr\/wp-json\/wp\/v2\/product\/18326","targetHints":{"allow":["GET"]}}],"collection":[{"href":"https:\/\/solucionescontract.com\/fr\/wp-json\/wp\/v2\/product"}],"about":[{"href":"https:\/\/solucionescontract.com\/fr\/wp-json\/wp\/v2\/types\/product"}],"replies":[{"embeddable":true,"href":"https:\/\/solucionescontract.com\/fr\/wp-json\/wp\/v2\/comments?post=18326"}],"wp:featuredmedia":[{"embeddable":true,"href":"https:\/\/solucionescontract.com\/fr\/wp-json\/wp\/v2\/media\/17472"}],"wp:attachment":[{"href":"https:\/\/solucionescontract.com\/fr\/wp-json\/wp\/v2\/media?parent=18326"}],"wp:term":[{"taxonomy":"product_brand","embeddable":true,"href":"https:\/\/solucionescontract.com\/fr\/wp-json\/wp\/v2\/product_brand?post=18326"},{"taxonomy":"product_cat","embeddable":true,"href":"https:\/\/solucionescontract.com\/fr\/wp-json\/wp\/v2\/product_cat?post=18326"},{"taxonomy":"product_tag","embeddable":true,"href":"https:\/\/solucionescontract.com\/fr\/wp-json\/wp\/v2\/product_tag?post=18326"}],"curies":[{"name":"wp","href":"https:\/\/api.w.org\/{rel}","templated":true}]}}