{"id":18324,"date":"2020-11-09T15:12:30","date_gmt":"2020-11-09T15:12:30","guid":{"rendered":"https:\/\/www.solucionescontract.com\/producto\/lampara-de-sobremesa-gross\/"},"modified":"2020-12-30T15:33:07","modified_gmt":"2020-12-30T15:33:07","slug":"lampara-de-sobremesa-gross","status":"publish","type":"product","link":"https:\/\/solucionescontract.com\/fr\/producto\/lampara-de-sobremesa-gross\/","title":{"rendered":"L\u00c1MPARA DE SOBREMESA GROSS"},"content":{"rendered":"<p>La lampe de table Gross est une lampe design appartenant \u00e0 la c\u00e9l\u00e8bre s\u00e9rie \u00ab\u00a0Gross\u00a0\u00bb, dont les pi\u00e8ces donnent une touche de distinction dans tout environnement qui se trouve, qu&rsquo;il soit contractuel, dans les h\u00f4tels et restaurants comme dans n&rsquo;importe quelle pi\u00e8ce de la maison, les halls , salons &#8230;<\/p>\n<p>Cette lampe d\u00e9corative design simule une belle grappe, dans ce cas en m\u00e9tal et en verre.<\/p>\n<p>Deux couleurs disponibles: Amber et Smoky Grey.<\/p>\n<p>Mesures: 38 cm de large, hauteur 32 cm.<\/p>\n<p>C\u00e2ble en plastique noir de 2 m de long, ce qui le rend facile \u00e0 d\u00e9placer.<\/p>\n<p>Avec 6 ampoules led G9 20w incluses<\/p>\n<p>Poids: 2,6 kg<\/p>\n<p><a href=\"https:\/\/solucionescontract.com\/wp-content\/uploads\/2020\/11\/Instrucciones-de-montaje.pdf\"> Instructions de montage Brut <\/a><\/p>\n<p><a href=\"https:\/\/solucionescontract.com\/wp-content\/uploads\/2020\/11\/Medidas_lampara_Cross.jpg\"><img decoding=\"async\" class=\" wd-lazy-fade alignnone wp-image-11395 size-full\" src=\"https:\/\/solucionescontract.com\/wp-content\/themes\/woodmart\/images\/lazy.svg\" data-src=\"https:\/\/solucionescontract.com\/wp-content\/uploads\/2020\/11\/Medidas_lampara_Cross.jpg\" alt=\"\" width=\"225\" height=\"180\" srcset=\"\" data-srcset=\"https:\/\/solucionescontract.com\/wp-content\/uploads\/2020\/11\/Medidas_lampara_Cross.jpg 225w, https:\/\/solucionescontract.com\/wp-content\/uploads\/2020\/11\/Medidas_lampara_Cross-150x120.jpg 150w, https:\/\/solucionescontract.com\/wp-content\/uploads\/2020\/11\/Medidas_lampara_Cross-25x20.jpg 25w\" sizes=\"(max-width: 225px) 100vw, 225px\" \/><\/a><\/p>\n<p>&nbsp;<\/p>\n<p><iframe src=\"https:\/\/www.youtube.com\/embed\/RjJH1q7LOGg\" width=\"560\" height=\"315\" frameborder=\"0\" allowfullscreen=\"allowfullscreen\"><\/iframe><\/script><\/p>\n","protected":false},"excerpt":{"rendered":"<ul>\n<li style = \"text-align: justify;\"> Lampe de table d\u00e9corative appartenant \u00e0 la c\u00e9l\u00e8bre s\u00e9rie \u00ab\u00a0Gross\u00a0\u00bb, dont le design imite une grappe de verre et de m\u00e9tal. <\/li>\n<li style = \"text-align: justify;\"> Nous sommes confront\u00e9s \u00e0 une pi\u00e8ce de d\u00e9coration spectaculaire adapt\u00e9e \u00e0 tout type d&rsquo;environnement, que ce soit dans les chambres contractuelles, les h\u00f4tels, les restaurants &#8230; ou \u00e0 la maison, la d\u00e9coration des salons, des halls d&rsquo;entr\u00e9e &#8230; < \/ li>\n<li> Disponible en deux couleurs: ambre ou gris fum\u00e9, chacune apportant une touche unique \u00e0 la pi\u00e8ce. <\/li>\n<li> Nombre de sources lumineuses requises: 6 <\/li>\n<li> Ampoule LED G9 20 W incluse. <\/li>\n<li> Hauteur: 51 cm. <\/li>\n<li> Utilisation en int\u00e9rieur. <\/li>\n<\/ul>\n","protected":false},"featured_media":17476,"comment_status":"open","ping_status":"closed","template":"","meta":[],"product_brand":[],"product_cat":[541,547],"product_tag":[655,670,669],"class_list":{"0":"post-18324","1":"product","2":"type-product","3":"status-publish","4":"has-post-thumbnail","6":"product_cat-eclairage-design","7":"product_cat-lampe-de-chevet","8":"product_tag-interior-fr","9":"product_tag-eclairage-nordique","10":"product_tag-lampe-de-table","11":"product_shipping_class-gratuit","12":"yith_product_brand-by-rydens-fr","14":"first","15":"instock","16":"taxable","17":"shipping-taxable","18":"purchasable","19":"product-type-variable"},"yoast_head":"<!-- This site is optimized with the Yoast SEO plugin v27.3 - https:\/\/yoast.com\/product\/yoast-seo-wordpress\/ -->\n<title>L\u00c1MPARA DE SOBREMESA GROSS - Muebles de dise\u00f1o en Soluciones Contract<\/title>\n<meta name=\"description\" content=\"Achetez L\u00c1MPARA DE SOBREMESA GROSS en ligne dans notre magasin de meubles Contract. Trouvez le meilleur mobilier design.\" \/>\n<meta name=\"robots\" content=\"index, follow, max-snippet:-1, max-image-preview:large, max-video-preview:-1\" \/>\n<link rel=\"canonical\" href=\"https:\/\/solucionescontract.com\/fr\/producto\/lampara-de-sobremesa-gross\/\" \/>\n<meta property=\"og:locale\" content=\"fr_FR\" \/>\n<meta property=\"og:type\" content=\"article\" \/>\n<meta property=\"og:title\" content=\"L\u00c1MPARA DE SOBREMESA GROSS - Muebles de dise\u00f1o en Soluciones Contract\" \/>\n<meta property=\"og:description\" content=\"Achetez L\u00c1MPARA DE SOBREMESA GROSS en ligne dans notre magasin de meubles Contract. Trouvez le meilleur mobilier design.\" \/>\n<meta property=\"og:url\" content=\"https:\/\/solucionescontract.com\/fr\/producto\/lampara-de-sobremesa-gross\/\" \/>\n<meta property=\"og:site_name\" content=\"Soluciones Contract\" \/>\n<meta property=\"article:publisher\" content=\"https:\/\/www.facebook.com\/solucionescontract\/\" \/>\n<meta property=\"article:modified_time\" content=\"2020-12-30T15:33:07+00:00\" \/>\n<meta property=\"og:image\" content=\"https:\/\/solucionescontract.com\/wp-content\/uploads\/2020\/11\/Lampara-sobremesa_Amber.jpg\" \/>\n\t<meta property=\"og:image:width\" content=\"1200\" \/>\n\t<meta property=\"og:image:height\" content=\"1200\" \/>\n\t<meta property=\"og:image:type\" content=\"image\/jpeg\" \/>\n<meta name=\"twitter:card\" content=\"summary_large_image\" \/>\n<meta name=\"twitter:label1\" content=\"Dur\u00e9e de lecture estim\u00e9e\" \/>\n\t<meta name=\"twitter:data1\" content=\"1 minute\" \/>\n<script type=\"application\/ld+json\" class=\"yoast-schema-graph\">{\"@context\":\"https:\\\/\\\/schema.org\",\"@graph\":[{\"@type\":\"WebPage\",\"@id\":\"https:\\\/\\\/solucionescontract.com\\\/fr\\\/producto\\\/lampara-de-sobremesa-gross\\\/\",\"url\":\"https:\\\/\\\/solucionescontract.com\\\/fr\\\/producto\\\/lampara-de-sobremesa-gross\\\/\",\"name\":\"L\u00c1MPARA DE SOBREMESA GROSS - Muebles de dise\u00f1o en Soluciones Contract\",\"isPartOf\":{\"@id\":\"https:\\\/\\\/solucionescontract.com\\\/#website\"},\"primaryImageOfPage\":{\"@id\":\"https:\\\/\\\/solucionescontract.com\\\/fr\\\/producto\\\/lampara-de-sobremesa-gross\\\/#primaryimage\"},\"image\":{\"@id\":\"https:\\\/\\\/solucionescontract.com\\\/fr\\\/producto\\\/lampara-de-sobremesa-gross\\\/#primaryimage\"},\"thumbnailUrl\":\"https:\\\/\\\/solucionescontract.com\\\/wp-content\\\/uploads\\\/2020\\\/11\\\/Lampara-sobremesa_Amber.jpg\",\"datePublished\":\"2020-11-09T15:12:30+00:00\",\"dateModified\":\"2020-12-30T15:33:07+00:00\",\"description\":\"Achetez L\u00c1MPARA DE SOBREMESA GROSS en ligne dans notre magasin de meubles Contract. Trouvez le meilleur mobilier design.\",\"breadcrumb\":{\"@id\":\"https:\\\/\\\/solucionescontract.com\\\/fr\\\/producto\\\/lampara-de-sobremesa-gross\\\/#breadcrumb\"},\"inLanguage\":\"fr-FR\",\"potentialAction\":[{\"@type\":\"ReadAction\",\"target\":[\"https:\\\/\\\/solucionescontract.com\\\/fr\\\/producto\\\/lampara-de-sobremesa-gross\\\/\"]}]},{\"@type\":\"ImageObject\",\"inLanguage\":\"fr-FR\",\"@id\":\"https:\\\/\\\/solucionescontract.com\\\/fr\\\/producto\\\/lampara-de-sobremesa-gross\\\/#primaryimage\",\"url\":\"https:\\\/\\\/solucionescontract.com\\\/wp-content\\\/uploads\\\/2020\\\/11\\\/Lampara-sobremesa_Amber.jpg\",\"contentUrl\":\"https:\\\/\\\/solucionescontract.com\\\/wp-content\\\/uploads\\\/2020\\\/11\\\/Lampara-sobremesa_Amber.jpg\",\"width\":1200,\"height\":1200,\"caption\":\"Lamp_design_gross\"},{\"@type\":\"BreadcrumbList\",\"@id\":\"https:\\\/\\\/solucionescontract.com\\\/fr\\\/producto\\\/lampara-de-sobremesa-gross\\\/#breadcrumb\",\"itemListElement\":[{\"@type\":\"ListItem\",\"position\":1,\"name\":\"Inicio\",\"item\":\"https:\\\/\\\/solucionescontract.com\\\/\"},{\"@type\":\"ListItem\",\"position\":2,\"name\":\"Tienda mobiliario contract\",\"item\":\"https:\\\/\\\/solucionescontract.com\\\/tienda-mobiliario-contract\\\/\"},{\"@type\":\"ListItem\",\"position\":3,\"name\":\"\u00c9clairage design\",\"item\":\"https:\\\/\\\/solucionescontract.com\\\/fr\\\/categoria-producto\\\/eclairage-design\\\/\"},{\"@type\":\"ListItem\",\"position\":4,\"name\":\"Lampe de chevet\",\"item\":\"https:\\\/\\\/solucionescontract.com\\\/fr\\\/categoria-producto\\\/eclairage-design\\\/lampe-de-chevet\\\/\"},{\"@type\":\"ListItem\",\"position\":5,\"name\":\"L\u00c1MPARA DE SOBREMESA GROSS\"}]},{\"@type\":\"WebSite\",\"@id\":\"https:\\\/\\\/solucionescontract.com\\\/#website\",\"url\":\"https:\\\/\\\/solucionescontract.com\\\/\",\"name\":\"Soluciones Contract\",\"description\":\"Venta Mobiliario contract de dise\u00f1o\",\"publisher\":{\"@id\":\"https:\\\/\\\/solucionescontract.com\\\/#organization\"},\"potentialAction\":[{\"@type\":\"SearchAction\",\"target\":{\"@type\":\"EntryPoint\",\"urlTemplate\":\"https:\\\/\\\/solucionescontract.com\\\/?s={search_term_string}\"},\"query-input\":{\"@type\":\"PropertyValueSpecification\",\"valueRequired\":true,\"valueName\":\"search_term_string\"}}],\"inLanguage\":\"fr-FR\"},{\"@type\":\"Organization\",\"@id\":\"https:\\\/\\\/solucionescontract.com\\\/#organization\",\"name\":\"Soluciones Contract\",\"url\":\"https:\\\/\\\/solucionescontract.com\\\/\",\"logo\":{\"@type\":\"ImageObject\",\"inLanguage\":\"fr-FR\",\"@id\":\"https:\\\/\\\/solucionescontract.com\\\/#\\\/schema\\\/logo\\\/image\\\/\",\"url\":\"https:\\\/\\\/solucionescontract.com\\\/wp-content\\\/uploads\\\/2020\\\/02\\\/logoSC.jpg\",\"contentUrl\":\"https:\\\/\\\/solucionescontract.com\\\/wp-content\\\/uploads\\\/2020\\\/02\\\/logoSC.jpg\",\"width\":300,\"height\":125,\"caption\":\"Soluciones Contract\"},\"image\":{\"@id\":\"https:\\\/\\\/solucionescontract.com\\\/#\\\/schema\\\/logo\\\/image\\\/\"},\"sameAs\":[\"https:\\\/\\\/www.facebook.com\\\/solucionescontract\\\/\"]}]}<\/script>\n<!-- \/ Yoast SEO plugin. -->","yoast_head_json":{"title":"L\u00c1MPARA DE SOBREMESA GROSS - Muebles de dise\u00f1o en Soluciones Contract","description":"Achetez L\u00c1MPARA DE SOBREMESA GROSS en ligne dans notre magasin de meubles Contract. Trouvez le meilleur mobilier design.","robots":{"index":"index","follow":"follow","max-snippet":"max-snippet:-1","max-image-preview":"max-image-preview:large","max-video-preview":"max-video-preview:-1"},"canonical":"https:\/\/solucionescontract.com\/fr\/producto\/lampara-de-sobremesa-gross\/","og_locale":"fr_FR","og_type":"article","og_title":"L\u00c1MPARA DE SOBREMESA GROSS - Muebles de dise\u00f1o en Soluciones Contract","og_description":"Achetez L\u00c1MPARA DE SOBREMESA GROSS en ligne dans notre magasin de meubles Contract. Trouvez le meilleur mobilier design.","og_url":"https:\/\/solucionescontract.com\/fr\/producto\/lampara-de-sobremesa-gross\/","og_site_name":"Soluciones Contract","article_publisher":"https:\/\/www.facebook.com\/solucionescontract\/","article_modified_time":"2020-12-30T15:33:07+00:00","og_image":[{"width":1200,"height":1200,"url":"https:\/\/solucionescontract.com\/wp-content\/uploads\/2020\/11\/Lampara-sobremesa_Amber.jpg","type":"image\/jpeg"}],"twitter_card":"summary_large_image","twitter_misc":{"Dur\u00e9e de lecture estim\u00e9e":"1 minute"},"schema":{"@context":"https:\/\/schema.org","@graph":[{"@type":"WebPage","@id":"https:\/\/solucionescontract.com\/fr\/producto\/lampara-de-sobremesa-gross\/","url":"https:\/\/solucionescontract.com\/fr\/producto\/lampara-de-sobremesa-gross\/","name":"L\u00c1MPARA DE SOBREMESA GROSS - Muebles de dise\u00f1o en Soluciones Contract","isPartOf":{"@id":"https:\/\/solucionescontract.com\/#website"},"primaryImageOfPage":{"@id":"https:\/\/solucionescontract.com\/fr\/producto\/lampara-de-sobremesa-gross\/#primaryimage"},"image":{"@id":"https:\/\/solucionescontract.com\/fr\/producto\/lampara-de-sobremesa-gross\/#primaryimage"},"thumbnailUrl":"https:\/\/solucionescontract.com\/wp-content\/uploads\/2020\/11\/Lampara-sobremesa_Amber.jpg","datePublished":"2020-11-09T15:12:30+00:00","dateModified":"2020-12-30T15:33:07+00:00","description":"Achetez L\u00c1MPARA DE SOBREMESA GROSS en ligne dans notre magasin de meubles Contract. Trouvez le meilleur mobilier design.","breadcrumb":{"@id":"https:\/\/solucionescontract.com\/fr\/producto\/lampara-de-sobremesa-gross\/#breadcrumb"},"inLanguage":"fr-FR","potentialAction":[{"@type":"ReadAction","target":["https:\/\/solucionescontract.com\/fr\/producto\/lampara-de-sobremesa-gross\/"]}]},{"@type":"ImageObject","inLanguage":"fr-FR","@id":"https:\/\/solucionescontract.com\/fr\/producto\/lampara-de-sobremesa-gross\/#primaryimage","url":"https:\/\/solucionescontract.com\/wp-content\/uploads\/2020\/11\/Lampara-sobremesa_Amber.jpg","contentUrl":"https:\/\/solucionescontract.com\/wp-content\/uploads\/2020\/11\/Lampara-sobremesa_Amber.jpg","width":1200,"height":1200,"caption":"Lamp_design_gross"},{"@type":"BreadcrumbList","@id":"https:\/\/solucionescontract.com\/fr\/producto\/lampara-de-sobremesa-gross\/#breadcrumb","itemListElement":[{"@type":"ListItem","position":1,"name":"Inicio","item":"https:\/\/solucionescontract.com\/"},{"@type":"ListItem","position":2,"name":"Tienda mobiliario contract","item":"https:\/\/solucionescontract.com\/tienda-mobiliario-contract\/"},{"@type":"ListItem","position":3,"name":"\u00c9clairage design","item":"https:\/\/solucionescontract.com\/fr\/categoria-producto\/eclairage-design\/"},{"@type":"ListItem","position":4,"name":"Lampe de chevet","item":"https:\/\/solucionescontract.com\/fr\/categoria-producto\/eclairage-design\/lampe-de-chevet\/"},{"@type":"ListItem","position":5,"name":"L\u00c1MPARA DE SOBREMESA GROSS"}]},{"@type":"WebSite","@id":"https:\/\/solucionescontract.com\/#website","url":"https:\/\/solucionescontract.com\/","name":"Soluciones Contract","description":"Venta Mobiliario contract de dise\u00f1o","publisher":{"@id":"https:\/\/solucionescontract.com\/#organization"},"potentialAction":[{"@type":"SearchAction","target":{"@type":"EntryPoint","urlTemplate":"https:\/\/solucionescontract.com\/?s={search_term_string}"},"query-input":{"@type":"PropertyValueSpecification","valueRequired":true,"valueName":"search_term_string"}}],"inLanguage":"fr-FR"},{"@type":"Organization","@id":"https:\/\/solucionescontract.com\/#organization","name":"Soluciones Contract","url":"https:\/\/solucionescontract.com\/","logo":{"@type":"ImageObject","inLanguage":"fr-FR","@id":"https:\/\/solucionescontract.com\/#\/schema\/logo\/image\/","url":"https:\/\/solucionescontract.com\/wp-content\/uploads\/2020\/02\/logoSC.jpg","contentUrl":"https:\/\/solucionescontract.com\/wp-content\/uploads\/2020\/02\/logoSC.jpg","width":300,"height":125,"caption":"Soluciones Contract"},"image":{"@id":"https:\/\/solucionescontract.com\/#\/schema\/logo\/image\/"},"sameAs":["https:\/\/www.facebook.com\/solucionescontract\/"]}]}},"_links":{"self":[{"href":"https:\/\/solucionescontract.com\/fr\/wp-json\/wp\/v2\/product\/18324","targetHints":{"allow":["GET"]}}],"collection":[{"href":"https:\/\/solucionescontract.com\/fr\/wp-json\/wp\/v2\/product"}],"about":[{"href":"https:\/\/solucionescontract.com\/fr\/wp-json\/wp\/v2\/types\/product"}],"replies":[{"embeddable":true,"href":"https:\/\/solucionescontract.com\/fr\/wp-json\/wp\/v2\/comments?post=18324"}],"wp:featuredmedia":[{"embeddable":true,"href":"https:\/\/solucionescontract.com\/fr\/wp-json\/wp\/v2\/media\/17476"}],"wp:attachment":[{"href":"https:\/\/solucionescontract.com\/fr\/wp-json\/wp\/v2\/media?parent=18324"}],"wp:term":[{"taxonomy":"product_brand","embeddable":true,"href":"https:\/\/solucionescontract.com\/fr\/wp-json\/wp\/v2\/product_brand?post=18324"},{"taxonomy":"product_cat","embeddable":true,"href":"https:\/\/solucionescontract.com\/fr\/wp-json\/wp\/v2\/product_cat?post=18324"},{"taxonomy":"product_tag","embeddable":true,"href":"https:\/\/solucionescontract.com\/fr\/wp-json\/wp\/v2\/product_tag?post=18324"}],"curies":[{"name":"wp","href":"https:\/\/api.w.org\/{rel}","templated":true}]}}