{"id":18322,"date":"2020-11-11T18:32:56","date_gmt":"2020-11-11T18:32:56","guid":{"rendered":"https:\/\/www.solucionescontract.com\/producto\/galan_de_noche_zilio\/"},"modified":"2021-04-16T11:40:24","modified_gmt":"2021-04-16T11:40:24","slug":"galan_de_noche_zilio","status":"publish","type":"product","link":"https:\/\/solucionescontract.com\/fr\/producto\/galan_de_noche_zilio\/","title":{"rendered":"ZILIO NUIT GALAN"},"content":{"rendered":"<p>La commode de la marque Zilio est un excellent cr\u00e9ateur en ch\u00eane galant.<\/p>\n<p>C&rsquo;est une pi\u00e8ce \u00e9l\u00e9gante con\u00e7ue par Simon K\u00e4mpfer, qui a pens\u00e9 son travail en d\u00e9tail, pour que l&rsquo;on puisse trouver d&rsquo;un large espace pour suspendre les v\u00eatements, \u00e0 un support pour laisser le chapeau, sans oublier l&rsquo;\u00e9tag\u00e8re inf\u00e9rieure o\u00f9 l&rsquo;on peut laisser le sac ou chaussures ou plateau pour placer les cl\u00e9s ou les bijoux.<\/p>\n<p>Deux finitions disponibles: Naturel ou noir.<\/p>\n<p>Dimensions Galan: 43,5 cm de largeur et 137 cm de hauteur. Diam\u00e8tre 470 cm.<\/p>\n<p>Livr\u00e9 en 3 pi\u00e8ces avec un montage facile.<\/p>\n<p>Comprend un cintre avec un cintre en laiton.<br \/>\n&nbsp;<\/p>\n<p>&nbsp;<\/p>\n<p>&nbsp;<\/script><\/p>\n","protected":false},"excerpt":{"rendered":"<ul>\n<li> \u00c9l\u00e9gant galant con\u00e7u par Simon K\u00e4mpfer en bois de ch\u00eane. <\/li>\n<li style = \"text-align: justify;\"> Avec un espace pour suspendre des v\u00eatements, des chapeaux, une \u00e9tag\u00e8re inf\u00e9rieure pour des sacs ou des chaussures et un plateau pour de petits objets tels que des jetons ou des boutons de manchette. <\/li>\n<li style = \"text-align: justify;\"> Deux finitions disponibles: ch\u00eane naturel ou noir. <\/li>\n<li style = \"text-align: justify;\"> Mesures: 43,5 cm de large et 137 cm de haut. Diam\u00e8tre 470 cm <\/li>\n<li style = \"text-align: justify;\"> Utilisation en int\u00e9rieur. <\/li>\n<\/ul>\n","protected":false},"featured_media":17492,"comment_status":"open","ping_status":"closed","template":"","meta":[],"product_brand":[],"product_cat":[621,614],"product_tag":[655,666,657],"class_list":{"0":"post-18322","1":"product","2":"type-product","3":"status-publish","4":"has-post-thumbnail","6":"product_cat-meubles-auxiliaires","7":"product_cat-meubles-et-accessoires","8":"product_tag-interior-fr","9":"product_tag-cintres","10":"product_tag-meubles-auxiliaires","11":"product_shipping_class-gratuit","12":"yith_product_brand-zilio-fr","14":"first","15":"instock","16":"taxable","17":"shipping-taxable","18":"purchasable","19":"product-type-variable"},"yoast_head":"<!-- This site is optimized with the Yoast SEO plugin v27.3 - https:\/\/yoast.com\/product\/yoast-seo-wordpress\/ -->\n<title>ZILIO NUIT GALAN - Muebles de dise\u00f1o en Soluciones Contract<\/title>\n<meta name=\"description\" content=\"Achetez ZILIO NUIT GALAN en ligne dans notre magasin de meubles Contract. Trouvez le meilleur MEUBLE DE CONCEPTION pour un usage h\u00f4telier, domestique et commercial.\" \/>\n<meta name=\"robots\" content=\"index, follow, max-snippet:-1, max-image-preview:large, max-video-preview:-1\" \/>\n<link rel=\"canonical\" href=\"https:\/\/solucionescontract.com\/fr\/producto\/galan_de_noche_zilio\/\" \/>\n<meta property=\"og:locale\" content=\"fr_FR\" \/>\n<meta property=\"og:type\" content=\"article\" \/>\n<meta property=\"og:title\" content=\"ZILIO NUIT GALAN - Muebles de dise\u00f1o en Soluciones Contract\" \/>\n<meta property=\"og:description\" content=\"Achetez ZILIO NUIT GALAN en ligne dans notre magasin de meubles Contract. Trouvez le meilleur MEUBLE DE CONCEPTION pour un usage h\u00f4telier, domestique et commercial.\" \/>\n<meta property=\"og:url\" content=\"https:\/\/solucionescontract.com\/fr\/producto\/galan_de_noche_zilio\/\" \/>\n<meta property=\"og:site_name\" content=\"Soluciones Contract\" \/>\n<meta property=\"article:publisher\" content=\"https:\/\/www.facebook.com\/solucionescontract\/\" \/>\n<meta property=\"article:modified_time\" content=\"2021-04-16T11:40:24+00:00\" \/>\n<meta property=\"og:image\" content=\"https:\/\/solucionescontract.com\/wp-content\/uploads\/2020\/11\/Galan_diseno_cilio-scaled.jpg\" \/>\n\t<meta property=\"og:image:width\" content=\"2560\" \/>\n\t<meta property=\"og:image:height\" content=\"2560\" \/>\n\t<meta property=\"og:image:type\" content=\"image\/jpeg\" \/>\n<meta name=\"twitter:card\" content=\"summary_large_image\" \/>\n<meta name=\"twitter:label1\" content=\"Dur\u00e9e de lecture estim\u00e9e\" \/>\n\t<meta name=\"twitter:data1\" content=\"1 minute\" \/>\n<script type=\"application\/ld+json\" class=\"yoast-schema-graph\">{\"@context\":\"https:\\\/\\\/schema.org\",\"@graph\":[{\"@type\":\"WebPage\",\"@id\":\"https:\\\/\\\/solucionescontract.com\\\/fr\\\/producto\\\/galan_de_noche_zilio\\\/\",\"url\":\"https:\\\/\\\/solucionescontract.com\\\/fr\\\/producto\\\/galan_de_noche_zilio\\\/\",\"name\":\"ZILIO NUIT GALAN - Muebles de dise\u00f1o en Soluciones Contract\",\"isPartOf\":{\"@id\":\"https:\\\/\\\/solucionescontract.com\\\/#website\"},\"primaryImageOfPage\":{\"@id\":\"https:\\\/\\\/solucionescontract.com\\\/fr\\\/producto\\\/galan_de_noche_zilio\\\/#primaryimage\"},\"image\":{\"@id\":\"https:\\\/\\\/solucionescontract.com\\\/fr\\\/producto\\\/galan_de_noche_zilio\\\/#primaryimage\"},\"thumbnailUrl\":\"https:\\\/\\\/solucionescontract.com\\\/wp-content\\\/uploads\\\/2020\\\/11\\\/Galan_diseno_cilio-scaled.jpg\",\"datePublished\":\"2020-11-11T18:32:56+00:00\",\"dateModified\":\"2021-04-16T11:40:24+00:00\",\"description\":\"Achetez ZILIO NUIT GALAN en ligne dans notre magasin de meubles Contract. Trouvez le meilleur MEUBLE DE CONCEPTION pour un usage h\u00f4telier, domestique et commercial.\",\"breadcrumb\":{\"@id\":\"https:\\\/\\\/solucionescontract.com\\\/fr\\\/producto\\\/galan_de_noche_zilio\\\/#breadcrumb\"},\"inLanguage\":\"fr-FR\",\"potentialAction\":[{\"@type\":\"ReadAction\",\"target\":[\"https:\\\/\\\/solucionescontract.com\\\/fr\\\/producto\\\/galan_de_noche_zilio\\\/\"]}]},{\"@type\":\"ImageObject\",\"inLanguage\":\"fr-FR\",\"@id\":\"https:\\\/\\\/solucionescontract.com\\\/fr\\\/producto\\\/galan_de_noche_zilio\\\/#primaryimage\",\"url\":\"https:\\\/\\\/solucionescontract.com\\\/wp-content\\\/uploads\\\/2020\\\/11\\\/Galan_diseno_cilio-scaled.jpg\",\"contentUrl\":\"https:\\\/\\\/solucionescontract.com\\\/wp-content\\\/uploads\\\/2020\\\/11\\\/Galan_diseno_cilio-scaled.jpg\",\"width\":2560,\"height\":2560,\"caption\":\"Gal\u00e1n.design.cilio\"},{\"@type\":\"BreadcrumbList\",\"@id\":\"https:\\\/\\\/solucionescontract.com\\\/fr\\\/producto\\\/galan_de_noche_zilio\\\/#breadcrumb\",\"itemListElement\":[{\"@type\":\"ListItem\",\"position\":1,\"name\":\"Inicio\",\"item\":\"https:\\\/\\\/solucionescontract.com\\\/\"},{\"@type\":\"ListItem\",\"position\":2,\"name\":\"Tienda mobiliario contract\",\"item\":\"https:\\\/\\\/solucionescontract.com\\\/tienda-mobiliario-contract\\\/\"},{\"@type\":\"ListItem\",\"position\":3,\"name\":\"Meubles et accessoires\",\"item\":\"https:\\\/\\\/solucionescontract.com\\\/fr\\\/categoria-producto\\\/meubles-et-accessoires\\\/\"},{\"@type\":\"ListItem\",\"position\":4,\"name\":\"Meubles auxiliaires\",\"item\":\"https:\\\/\\\/solucionescontract.com\\\/fr\\\/categoria-producto\\\/meubles-et-accessoires\\\/meubles-auxiliaires\\\/\"},{\"@type\":\"ListItem\",\"position\":5,\"name\":\"ZILIO NUIT GALAN\"}]},{\"@type\":\"WebSite\",\"@id\":\"https:\\\/\\\/solucionescontract.com\\\/#website\",\"url\":\"https:\\\/\\\/solucionescontract.com\\\/\",\"name\":\"Soluciones Contract\",\"description\":\"Venta Mobiliario contract de dise\u00f1o\",\"publisher\":{\"@id\":\"https:\\\/\\\/solucionescontract.com\\\/#organization\"},\"potentialAction\":[{\"@type\":\"SearchAction\",\"target\":{\"@type\":\"EntryPoint\",\"urlTemplate\":\"https:\\\/\\\/solucionescontract.com\\\/?s={search_term_string}\"},\"query-input\":{\"@type\":\"PropertyValueSpecification\",\"valueRequired\":true,\"valueName\":\"search_term_string\"}}],\"inLanguage\":\"fr-FR\"},{\"@type\":\"Organization\",\"@id\":\"https:\\\/\\\/solucionescontract.com\\\/#organization\",\"name\":\"Soluciones Contract\",\"url\":\"https:\\\/\\\/solucionescontract.com\\\/\",\"logo\":{\"@type\":\"ImageObject\",\"inLanguage\":\"fr-FR\",\"@id\":\"https:\\\/\\\/solucionescontract.com\\\/#\\\/schema\\\/logo\\\/image\\\/\",\"url\":\"https:\\\/\\\/solucionescontract.com\\\/wp-content\\\/uploads\\\/2020\\\/02\\\/logoSC.jpg\",\"contentUrl\":\"https:\\\/\\\/solucionescontract.com\\\/wp-content\\\/uploads\\\/2020\\\/02\\\/logoSC.jpg\",\"width\":300,\"height\":125,\"caption\":\"Soluciones Contract\"},\"image\":{\"@id\":\"https:\\\/\\\/solucionescontract.com\\\/#\\\/schema\\\/logo\\\/image\\\/\"},\"sameAs\":[\"https:\\\/\\\/www.facebook.com\\\/solucionescontract\\\/\"]}]}<\/script>\n<!-- \/ Yoast SEO plugin. -->","yoast_head_json":{"title":"ZILIO NUIT GALAN - Muebles de dise\u00f1o en Soluciones Contract","description":"Achetez ZILIO NUIT GALAN en ligne dans notre magasin de meubles Contract. Trouvez le meilleur MEUBLE DE CONCEPTION pour un usage h\u00f4telier, domestique et commercial.","robots":{"index":"index","follow":"follow","max-snippet":"max-snippet:-1","max-image-preview":"max-image-preview:large","max-video-preview":"max-video-preview:-1"},"canonical":"https:\/\/solucionescontract.com\/fr\/producto\/galan_de_noche_zilio\/","og_locale":"fr_FR","og_type":"article","og_title":"ZILIO NUIT GALAN - Muebles de dise\u00f1o en Soluciones Contract","og_description":"Achetez ZILIO NUIT GALAN en ligne dans notre magasin de meubles Contract. Trouvez le meilleur MEUBLE DE CONCEPTION pour un usage h\u00f4telier, domestique et commercial.","og_url":"https:\/\/solucionescontract.com\/fr\/producto\/galan_de_noche_zilio\/","og_site_name":"Soluciones Contract","article_publisher":"https:\/\/www.facebook.com\/solucionescontract\/","article_modified_time":"2021-04-16T11:40:24+00:00","og_image":[{"width":2560,"height":2560,"url":"https:\/\/solucionescontract.com\/wp-content\/uploads\/2020\/11\/Galan_diseno_cilio-scaled.jpg","type":"image\/jpeg"}],"twitter_card":"summary_large_image","twitter_misc":{"Dur\u00e9e de lecture estim\u00e9e":"1 minute"},"schema":{"@context":"https:\/\/schema.org","@graph":[{"@type":"WebPage","@id":"https:\/\/solucionescontract.com\/fr\/producto\/galan_de_noche_zilio\/","url":"https:\/\/solucionescontract.com\/fr\/producto\/galan_de_noche_zilio\/","name":"ZILIO NUIT GALAN - Muebles de dise\u00f1o en Soluciones Contract","isPartOf":{"@id":"https:\/\/solucionescontract.com\/#website"},"primaryImageOfPage":{"@id":"https:\/\/solucionescontract.com\/fr\/producto\/galan_de_noche_zilio\/#primaryimage"},"image":{"@id":"https:\/\/solucionescontract.com\/fr\/producto\/galan_de_noche_zilio\/#primaryimage"},"thumbnailUrl":"https:\/\/solucionescontract.com\/wp-content\/uploads\/2020\/11\/Galan_diseno_cilio-scaled.jpg","datePublished":"2020-11-11T18:32:56+00:00","dateModified":"2021-04-16T11:40:24+00:00","description":"Achetez ZILIO NUIT GALAN en ligne dans notre magasin de meubles Contract. Trouvez le meilleur MEUBLE DE CONCEPTION pour un usage h\u00f4telier, domestique et commercial.","breadcrumb":{"@id":"https:\/\/solucionescontract.com\/fr\/producto\/galan_de_noche_zilio\/#breadcrumb"},"inLanguage":"fr-FR","potentialAction":[{"@type":"ReadAction","target":["https:\/\/solucionescontract.com\/fr\/producto\/galan_de_noche_zilio\/"]}]},{"@type":"ImageObject","inLanguage":"fr-FR","@id":"https:\/\/solucionescontract.com\/fr\/producto\/galan_de_noche_zilio\/#primaryimage","url":"https:\/\/solucionescontract.com\/wp-content\/uploads\/2020\/11\/Galan_diseno_cilio-scaled.jpg","contentUrl":"https:\/\/solucionescontract.com\/wp-content\/uploads\/2020\/11\/Galan_diseno_cilio-scaled.jpg","width":2560,"height":2560,"caption":"Gal\u00e1n.design.cilio"},{"@type":"BreadcrumbList","@id":"https:\/\/solucionescontract.com\/fr\/producto\/galan_de_noche_zilio\/#breadcrumb","itemListElement":[{"@type":"ListItem","position":1,"name":"Inicio","item":"https:\/\/solucionescontract.com\/"},{"@type":"ListItem","position":2,"name":"Tienda mobiliario contract","item":"https:\/\/solucionescontract.com\/tienda-mobiliario-contract\/"},{"@type":"ListItem","position":3,"name":"Meubles et accessoires","item":"https:\/\/solucionescontract.com\/fr\/categoria-producto\/meubles-et-accessoires\/"},{"@type":"ListItem","position":4,"name":"Meubles auxiliaires","item":"https:\/\/solucionescontract.com\/fr\/categoria-producto\/meubles-et-accessoires\/meubles-auxiliaires\/"},{"@type":"ListItem","position":5,"name":"ZILIO NUIT GALAN"}]},{"@type":"WebSite","@id":"https:\/\/solucionescontract.com\/#website","url":"https:\/\/solucionescontract.com\/","name":"Soluciones Contract","description":"Venta Mobiliario contract de dise\u00f1o","publisher":{"@id":"https:\/\/solucionescontract.com\/#organization"},"potentialAction":[{"@type":"SearchAction","target":{"@type":"EntryPoint","urlTemplate":"https:\/\/solucionescontract.com\/?s={search_term_string}"},"query-input":{"@type":"PropertyValueSpecification","valueRequired":true,"valueName":"search_term_string"}}],"inLanguage":"fr-FR"},{"@type":"Organization","@id":"https:\/\/solucionescontract.com\/#organization","name":"Soluciones Contract","url":"https:\/\/solucionescontract.com\/","logo":{"@type":"ImageObject","inLanguage":"fr-FR","@id":"https:\/\/solucionescontract.com\/#\/schema\/logo\/image\/","url":"https:\/\/solucionescontract.com\/wp-content\/uploads\/2020\/02\/logoSC.jpg","contentUrl":"https:\/\/solucionescontract.com\/wp-content\/uploads\/2020\/02\/logoSC.jpg","width":300,"height":125,"caption":"Soluciones Contract"},"image":{"@id":"https:\/\/solucionescontract.com\/#\/schema\/logo\/image\/"},"sameAs":["https:\/\/www.facebook.com\/solucionescontract\/"]}]}},"_links":{"self":[{"href":"https:\/\/solucionescontract.com\/fr\/wp-json\/wp\/v2\/product\/18322","targetHints":{"allow":["GET"]}}],"collection":[{"href":"https:\/\/solucionescontract.com\/fr\/wp-json\/wp\/v2\/product"}],"about":[{"href":"https:\/\/solucionescontract.com\/fr\/wp-json\/wp\/v2\/types\/product"}],"replies":[{"embeddable":true,"href":"https:\/\/solucionescontract.com\/fr\/wp-json\/wp\/v2\/comments?post=18322"}],"wp:featuredmedia":[{"embeddable":true,"href":"https:\/\/solucionescontract.com\/fr\/wp-json\/wp\/v2\/media\/17492"}],"wp:attachment":[{"href":"https:\/\/solucionescontract.com\/fr\/wp-json\/wp\/v2\/media?parent=18322"}],"wp:term":[{"taxonomy":"product_brand","embeddable":true,"href":"https:\/\/solucionescontract.com\/fr\/wp-json\/wp\/v2\/product_brand?post=18322"},{"taxonomy":"product_cat","embeddable":true,"href":"https:\/\/solucionescontract.com\/fr\/wp-json\/wp\/v2\/product_cat?post=18322"},{"taxonomy":"product_tag","embeddable":true,"href":"https:\/\/solucionescontract.com\/fr\/wp-json\/wp\/v2\/product_tag?post=18322"}],"curies":[{"name":"wp","href":"https:\/\/api.w.org\/{rel}","templated":true}]}}