{"id":18315,"date":"2025-09-17T10:30:55","date_gmt":"2020-11-18T10:30:55","guid":{"rendered":"https:\/\/www.solucionescontract.com\/producto\/table-extensible-theme\/"},"modified":"2020-12-28T15:29:46","modified_gmt":"2020-12-28T15:29:46","slug":"table-extensible-theme","status":"publish","type":"product","link":"https:\/\/solucionescontract.com\/fr\/producto\/table-extensible-theme\/","title":{"rendered":"TH\u00c8ME DE TABLE EXTENSIBLE"},"content":{"rendered":"<p>La table extensible Tema est une table \u00e0 structure m\u00e9tallique tr\u00e8s fonctionnelle et tr\u00e8s r\u00e9sistante, ce qui la rend recommandable pour une utilisation contractuelle, qu&rsquo;il s&rsquo;agisse d&rsquo;appartements touristiques, de maisons rurales et bien s\u00fbr pour la salle \u00e0 manger de votre maison.<\/p>\n<p>C&rsquo;est une table en bois avec de fins pieds m\u00e9talliques qui ajoutent de la l\u00e9g\u00e8ret\u00e9 \u00e0 la pi\u00e8ce. La structure m\u00e9tallique est disponible en 4 finitions: blanc, noir, oxyde ou industriel (gris).<\/p>\n<p><strong> La table extensible Tema <\/strong> a un plateau en bois de ch\u00eane noueux, \u00e9galement disponible en ch\u00eane et h\u00eatre poli.<\/p>\n<p>Disponible en diff\u00e9rentes tailles avec 1 ou 2 extensions disponibles.<\/p>\n<p>Pour d&rsquo;autres mesures de longueur et de largeur, demandez plus d&rsquo;informations <a href=\"mailto:info@solucionescontract.com\"> ici. <\/a><\/p>\n<p>Mesures d&rsquo;extension: 40 ou 60 cm.<\/p>\n<p>Utilisation en int\u00e9rieur.<\/p>\n<p>\u00c9l\u00e9ment de table extensible de mesure standard:<\/p>\n<p><a href=\"https:\/\/solucionescontract.com\/wp-content\/uploads\/2020\/11\/measures-2.jpg\"> <img decoding=\"async\" class=\" wd-lazy-fade alignnone wp-image-11428 size-full\" src=\"https:\/\/solucionescontract.com\/wp-content\/themes\/woodmart\/images\/lazy.svg\" data-src=\" https:\/\/solucionescontract.com\/wp-content\/uploads\/2020\/11\/medidas-2.jpg \" alt=\" \" width=\" 370 \" height=\" 250 \" srcset=\"\" data-srcset=\"https:\/\/solucionescontract.com\/wp-content\/uploads\/2020\/11\/medidas-2.jpg 370w, https:\/\/solucionescontract.com\/wp-content\/uploads\/2020\/11\/medidas-2-150x101.jpg 150w, https:\/\/solucionescontract.com\/wp-content\/uploads\/2020\/11\/medidas-2-300x203.jpg 300w, https:\/\/solucionescontract.com\/wp-content\/uploads\/2020\/11\/medidas-2-30x20.jpg 30w\" sizes=\"(max-width: 370px) 100vw, 370px\" \/> <\/a><br \/>\n<\/script><\/p>\n","protected":false},"excerpt":{"rendered":"<ul>\n<li> Table \u00e0 manger extensible avec plateau en bois et structure en m\u00e9tal. <\/li>\n<li> Il se distingue par ses pieds en m\u00e9tal fins de 2 cm d&rsquo;\u00e9paisseur, qui ajoutent de la l\u00e9g\u00e8ret\u00e9 \u00e0 la pi\u00e8ce. <\/li>\n<li> Plateau en bois avec finition ch\u00eane noueux (Autres finitions disponibles <a href=\"mailto:info@solucionescontract.com\"> consulter <\/a>) <\/li>\n<li> 3 finitions disponibles sur la structure: blanc, noir, oxyde ou gris (m\u00e9tallis\u00e9). <\/li>\n<li> Utilisation en int\u00e9rieur. <\/li>\n<\/ul>\n","protected":false},"featured_media":32767,"comment_status":"open","ping_status":"closed","template":"","meta":[],"product_brand":[1119],"product_cat":[569,573],"product_tag":[655,660,661],"class_list":{"0":"post-18315","1":"product","2":"type-product","3":"status-publish","4":"has-post-thumbnail","6":"product_brand-pemi","7":"product_cat-conception-de-tables","8":"product_cat-table-a-manger","9":"product_tag-interior-fr","10":"product_tag-extensible-fr","11":"product_tag-table-en-bois","12":"product_shipping_class-gratuit","13":"yith_product_brand-pemi-fr","15":"first","16":"instock","17":"taxable","18":"shipping-taxable","19":"purchasable","20":"product-type-variable"},"yoast_head":"<!-- This site is optimized with the Yoast SEO plugin v27.3 - https:\/\/yoast.com\/product\/yoast-seo-wordpress\/ -->\n<title>TH\u00c8ME DE TABLE EXTENSIBLE - Muebles de dise\u00f1o en Soluciones Contract<\/title>\n<meta name=\"description\" content=\"Achetez TH\u00c8ME DE TABLE EXTENSIBLE en ligne dans notre magasin de meubles Contract. Trouvez le meilleur mobilier design pour un usage h\u00f4telier, domestique et commercial.\" \/>\n<meta name=\"robots\" content=\"index, follow, max-snippet:-1, max-image-preview:large, max-video-preview:-1\" \/>\n<link rel=\"canonical\" href=\"https:\/\/solucionescontract.com\/fr\/producto\/table-extensible-theme\/\" \/>\n<meta property=\"og:locale\" content=\"fr_FR\" \/>\n<meta property=\"og:type\" content=\"article\" \/>\n<meta property=\"og:title\" content=\"TH\u00c8ME DE TABLE EXTENSIBLE - Muebles de dise\u00f1o en Soluciones Contract\" \/>\n<meta property=\"og:description\" content=\"Achetez TH\u00c8ME DE TABLE EXTENSIBLE en ligne dans notre magasin de meubles Contract. Trouvez le meilleur mobilier design pour un usage h\u00f4telier, domestique et commercial.\" \/>\n<meta property=\"og:url\" content=\"https:\/\/solucionescontract.com\/fr\/producto\/table-extensible-theme\/\" \/>\n<meta property=\"og:site_name\" content=\"Soluciones Contract\" \/>\n<meta property=\"article:publisher\" content=\"https:\/\/www.facebook.com\/solucionescontract\/\" \/>\n<meta property=\"article:modified_time\" content=\"2020-12-28T15:29:46+00:00\" \/>\n<meta property=\"og:image\" content=\"https:\/\/solucionescontract.com\/wp-content\/uploads\/2020\/11\/Mesa-extensible-madera-1.jpg\" \/>\n\t<meta property=\"og:image:width\" content=\"900\" \/>\n\t<meta property=\"og:image:height\" content=\"900\" \/>\n\t<meta property=\"og:image:type\" content=\"image\/jpeg\" \/>\n<meta name=\"twitter:card\" content=\"summary_large_image\" \/>\n<meta name=\"twitter:label1\" content=\"Dur\u00e9e de lecture estim\u00e9e\" \/>\n\t<meta name=\"twitter:data1\" content=\"1 minute\" \/>\n<script type=\"application\/ld+json\" class=\"yoast-schema-graph\">{\"@context\":\"https:\\\/\\\/schema.org\",\"@graph\":[{\"@type\":\"WebPage\",\"@id\":\"https:\\\/\\\/solucionescontract.com\\\/fr\\\/producto\\\/table-extensible-theme\\\/\",\"url\":\"https:\\\/\\\/solucionescontract.com\\\/fr\\\/producto\\\/table-extensible-theme\\\/\",\"name\":\"TH\u00c8ME DE TABLE EXTENSIBLE - Muebles de dise\u00f1o en Soluciones Contract\",\"isPartOf\":{\"@id\":\"https:\\\/\\\/solucionescontract.com\\\/#website\"},\"primaryImageOfPage\":{\"@id\":\"https:\\\/\\\/solucionescontract.com\\\/fr\\\/producto\\\/table-extensible-theme\\\/#primaryimage\"},\"image\":{\"@id\":\"https:\\\/\\\/solucionescontract.com\\\/fr\\\/producto\\\/table-extensible-theme\\\/#primaryimage\"},\"thumbnailUrl\":\"https:\\\/\\\/solucionescontract.com\\\/wp-content\\\/uploads\\\/2020\\\/11\\\/mesa-de-comedor-extensible-tema-roble-nudo.jpg\",\"datePublished\":\"2020-11-18T10:30:55+00:00\",\"dateModified\":\"2020-12-28T15:29:46+00:00\",\"description\":\"Achetez TH\u00c8ME DE TABLE EXTENSIBLE en ligne dans notre magasin de meubles Contract. Trouvez le meilleur mobilier design pour un usage h\u00f4telier, domestique et commercial.\",\"breadcrumb\":{\"@id\":\"https:\\\/\\\/solucionescontract.com\\\/fr\\\/producto\\\/table-extensible-theme\\\/#breadcrumb\"},\"inLanguage\":\"fr-FR\",\"potentialAction\":[{\"@type\":\"ReadAction\",\"target\":[\"https:\\\/\\\/solucionescontract.com\\\/fr\\\/producto\\\/table-extensible-theme\\\/\"]}]},{\"@type\":\"ImageObject\",\"inLanguage\":\"fr-FR\",\"@id\":\"https:\\\/\\\/solucionescontract.com\\\/fr\\\/producto\\\/table-extensible-theme\\\/#primaryimage\",\"url\":\"https:\\\/\\\/solucionescontract.com\\\/wp-content\\\/uploads\\\/2020\\\/11\\\/mesa-de-comedor-extensible-tema-roble-nudo.jpg\",\"contentUrl\":\"https:\\\/\\\/solucionescontract.com\\\/wp-content\\\/uploads\\\/2020\\\/11\\\/mesa-de-comedor-extensible-tema-roble-nudo.jpg\",\"width\":1207,\"height\":1207,\"caption\":\"Mesa TEMA-Madera dise\u00f1ada por Vicente Gallega. Elegancia contempor\u00e1nea con acabados personalizables.\"},{\"@type\":\"BreadcrumbList\",\"@id\":\"https:\\\/\\\/solucionescontract.com\\\/fr\\\/producto\\\/table-extensible-theme\\\/#breadcrumb\",\"itemListElement\":[{\"@type\":\"ListItem\",\"position\":1,\"name\":\"Inicio\",\"item\":\"https:\\\/\\\/solucionescontract.com\\\/\"},{\"@type\":\"ListItem\",\"position\":2,\"name\":\"Tienda mobiliario contract\",\"item\":\"https:\\\/\\\/solucionescontract.com\\\/tienda-mobiliario-contract\\\/\"},{\"@type\":\"ListItem\",\"position\":3,\"name\":\"Mesas de dise\u00f1o\",\"item\":\"https:\\\/\\\/solucionescontract.com\\\/categoria-producto\\\/mesas-de-diseno\\\/\"},{\"@type\":\"ListItem\",\"position\":4,\"name\":\"TH\u00c8ME DE TABLE EXTENSIBLE\"}]},{\"@type\":\"WebSite\",\"@id\":\"https:\\\/\\\/solucionescontract.com\\\/#website\",\"url\":\"https:\\\/\\\/solucionescontract.com\\\/\",\"name\":\"Soluciones Contract\",\"description\":\"Venta Mobiliario contract de dise\u00f1o\",\"publisher\":{\"@id\":\"https:\\\/\\\/solucionescontract.com\\\/#organization\"},\"potentialAction\":[{\"@type\":\"SearchAction\",\"target\":{\"@type\":\"EntryPoint\",\"urlTemplate\":\"https:\\\/\\\/solucionescontract.com\\\/?s={search_term_string}\"},\"query-input\":{\"@type\":\"PropertyValueSpecification\",\"valueRequired\":true,\"valueName\":\"search_term_string\"}}],\"inLanguage\":\"fr-FR\"},{\"@type\":\"Organization\",\"@id\":\"https:\\\/\\\/solucionescontract.com\\\/#organization\",\"name\":\"Soluciones Contract\",\"url\":\"https:\\\/\\\/solucionescontract.com\\\/\",\"logo\":{\"@type\":\"ImageObject\",\"inLanguage\":\"fr-FR\",\"@id\":\"https:\\\/\\\/solucionescontract.com\\\/#\\\/schema\\\/logo\\\/image\\\/\",\"url\":\"https:\\\/\\\/solucionescontract.com\\\/wp-content\\\/uploads\\\/2020\\\/02\\\/logoSC.jpg\",\"contentUrl\":\"https:\\\/\\\/solucionescontract.com\\\/wp-content\\\/uploads\\\/2020\\\/02\\\/logoSC.jpg\",\"width\":300,\"height\":125,\"caption\":\"Soluciones Contract\"},\"image\":{\"@id\":\"https:\\\/\\\/solucionescontract.com\\\/#\\\/schema\\\/logo\\\/image\\\/\"},\"sameAs\":[\"https:\\\/\\\/www.facebook.com\\\/solucionescontract\\\/\"]}]}<\/script>\n<!-- \/ Yoast SEO plugin. -->","yoast_head_json":{"title":"TH\u00c8ME DE TABLE EXTENSIBLE - Muebles de dise\u00f1o en Soluciones Contract","description":"Achetez TH\u00c8ME DE TABLE EXTENSIBLE en ligne dans notre magasin de meubles Contract. Trouvez le meilleur mobilier design pour un usage h\u00f4telier, domestique et commercial.","robots":{"index":"index","follow":"follow","max-snippet":"max-snippet:-1","max-image-preview":"max-image-preview:large","max-video-preview":"max-video-preview:-1"},"canonical":"https:\/\/solucionescontract.com\/fr\/producto\/table-extensible-theme\/","og_locale":"fr_FR","og_type":"article","og_title":"TH\u00c8ME DE TABLE EXTENSIBLE - Muebles de dise\u00f1o en Soluciones Contract","og_description":"Achetez TH\u00c8ME DE TABLE EXTENSIBLE en ligne dans notre magasin de meubles Contract. Trouvez le meilleur mobilier design pour un usage h\u00f4telier, domestique et commercial.","og_url":"https:\/\/solucionescontract.com\/fr\/producto\/table-extensible-theme\/","og_site_name":"Soluciones Contract","article_publisher":"https:\/\/www.facebook.com\/solucionescontract\/","article_modified_time":"2020-12-28T15:29:46+00:00","og_image":[{"width":900,"height":900,"url":"https:\/\/solucionescontract.com\/wp-content\/uploads\/2020\/11\/Mesa-extensible-madera-1.jpg","type":"image\/jpeg"}],"twitter_card":"summary_large_image","twitter_misc":{"Dur\u00e9e de lecture estim\u00e9e":"1 minute"},"schema":{"@context":"https:\/\/schema.org","@graph":[{"@type":"WebPage","@id":"https:\/\/solucionescontract.com\/fr\/producto\/table-extensible-theme\/","url":"https:\/\/solucionescontract.com\/fr\/producto\/table-extensible-theme\/","name":"TH\u00c8ME DE TABLE EXTENSIBLE - Muebles de dise\u00f1o en Soluciones Contract","isPartOf":{"@id":"https:\/\/solucionescontract.com\/#website"},"primaryImageOfPage":{"@id":"https:\/\/solucionescontract.com\/fr\/producto\/table-extensible-theme\/#primaryimage"},"image":{"@id":"https:\/\/solucionescontract.com\/fr\/producto\/table-extensible-theme\/#primaryimage"},"thumbnailUrl":"https:\/\/solucionescontract.com\/wp-content\/uploads\/2020\/11\/mesa-de-comedor-extensible-tema-roble-nudo.jpg","datePublished":"2020-11-18T10:30:55+00:00","dateModified":"2020-12-28T15:29:46+00:00","description":"Achetez TH\u00c8ME DE TABLE EXTENSIBLE en ligne dans notre magasin de meubles Contract. Trouvez le meilleur mobilier design pour un usage h\u00f4telier, domestique et commercial.","breadcrumb":{"@id":"https:\/\/solucionescontract.com\/fr\/producto\/table-extensible-theme\/#breadcrumb"},"inLanguage":"fr-FR","potentialAction":[{"@type":"ReadAction","target":["https:\/\/solucionescontract.com\/fr\/producto\/table-extensible-theme\/"]}]},{"@type":"ImageObject","inLanguage":"fr-FR","@id":"https:\/\/solucionescontract.com\/fr\/producto\/table-extensible-theme\/#primaryimage","url":"https:\/\/solucionescontract.com\/wp-content\/uploads\/2020\/11\/mesa-de-comedor-extensible-tema-roble-nudo.jpg","contentUrl":"https:\/\/solucionescontract.com\/wp-content\/uploads\/2020\/11\/mesa-de-comedor-extensible-tema-roble-nudo.jpg","width":1207,"height":1207,"caption":"Mesa TEMA-Madera dise\u00f1ada por Vicente Gallega. Elegancia contempor\u00e1nea con acabados personalizables."},{"@type":"BreadcrumbList","@id":"https:\/\/solucionescontract.com\/fr\/producto\/table-extensible-theme\/#breadcrumb","itemListElement":[{"@type":"ListItem","position":1,"name":"Inicio","item":"https:\/\/solucionescontract.com\/"},{"@type":"ListItem","position":2,"name":"Tienda mobiliario contract","item":"https:\/\/solucionescontract.com\/tienda-mobiliario-contract\/"},{"@type":"ListItem","position":3,"name":"Mesas de dise\u00f1o","item":"https:\/\/solucionescontract.com\/categoria-producto\/mesas-de-diseno\/"},{"@type":"ListItem","position":4,"name":"TH\u00c8ME DE TABLE EXTENSIBLE"}]},{"@type":"WebSite","@id":"https:\/\/solucionescontract.com\/#website","url":"https:\/\/solucionescontract.com\/","name":"Soluciones Contract","description":"Venta Mobiliario contract de dise\u00f1o","publisher":{"@id":"https:\/\/solucionescontract.com\/#organization"},"potentialAction":[{"@type":"SearchAction","target":{"@type":"EntryPoint","urlTemplate":"https:\/\/solucionescontract.com\/?s={search_term_string}"},"query-input":{"@type":"PropertyValueSpecification","valueRequired":true,"valueName":"search_term_string"}}],"inLanguage":"fr-FR"},{"@type":"Organization","@id":"https:\/\/solucionescontract.com\/#organization","name":"Soluciones Contract","url":"https:\/\/solucionescontract.com\/","logo":{"@type":"ImageObject","inLanguage":"fr-FR","@id":"https:\/\/solucionescontract.com\/#\/schema\/logo\/image\/","url":"https:\/\/solucionescontract.com\/wp-content\/uploads\/2020\/02\/logoSC.jpg","contentUrl":"https:\/\/solucionescontract.com\/wp-content\/uploads\/2020\/02\/logoSC.jpg","width":300,"height":125,"caption":"Soluciones Contract"},"image":{"@id":"https:\/\/solucionescontract.com\/#\/schema\/logo\/image\/"},"sameAs":["https:\/\/www.facebook.com\/solucionescontract\/"]}]}},"_links":{"self":[{"href":"https:\/\/solucionescontract.com\/fr\/wp-json\/wp\/v2\/product\/18315","targetHints":{"allow":["GET"]}}],"collection":[{"href":"https:\/\/solucionescontract.com\/fr\/wp-json\/wp\/v2\/product"}],"about":[{"href":"https:\/\/solucionescontract.com\/fr\/wp-json\/wp\/v2\/types\/product"}],"replies":[{"embeddable":true,"href":"https:\/\/solucionescontract.com\/fr\/wp-json\/wp\/v2\/comments?post=18315"}],"wp:featuredmedia":[{"embeddable":true,"href":"https:\/\/solucionescontract.com\/fr\/wp-json\/wp\/v2\/media\/32767"}],"wp:attachment":[{"href":"https:\/\/solucionescontract.com\/fr\/wp-json\/wp\/v2\/media?parent=18315"}],"wp:term":[{"taxonomy":"product_brand","embeddable":true,"href":"https:\/\/solucionescontract.com\/fr\/wp-json\/wp\/v2\/product_brand?post=18315"},{"taxonomy":"product_cat","embeddable":true,"href":"https:\/\/solucionescontract.com\/fr\/wp-json\/wp\/v2\/product_cat?post=18315"},{"taxonomy":"product_tag","embeddable":true,"href":"https:\/\/solucionescontract.com\/fr\/wp-json\/wp\/v2\/product_tag?post=18315"}],"curies":[{"name":"wp","href":"https:\/\/api.w.org\/{rel}","templated":true}]}}