{"id":18306,"date":"2025-09-17T10:31:17","date_gmt":"2020-11-18T10:31:17","guid":{"rendered":"https:\/\/www.solucionescontract.com\/producto\/theme-table-extensible-2\/"},"modified":"2024-01-17T14:12:44","modified_gmt":"2024-01-17T13:12:44","slug":"theme-table-extensible-2","status":"publish","type":"product","link":"https:\/\/solucionescontract.com\/fr\/producto\/theme-table-extensible-2\/","title":{"rendered":"TABLE EXTENSIBLE MELAMINE TEMA"},"content":{"rendered":"<p>La table extensible en m\u00e9lamin\u00e9 Tema est une table \u00e0 structure m\u00e9tallique hautement fonctionnelle et tr\u00e8s r\u00e9sistante. Recommand\u00e9 \u00e0 la fois pour un usage contrac et pour la salle \u00e0 manger de votre maison. Une table con\u00e7ue pour \u00eatre utilis\u00e9e dans les appartements touristiques et les maisons rurales.<\/p>\n<p>Il s&rsquo;agit d&rsquo;une table avec un plateau en m\u00e9lamin\u00e9 qui la rend tr\u00e8s r\u00e9sistante aux chocs et aux rayures. E-tema-2<\/p>\n<p>Con delgadas\u00a0 patas met\u00e1licas que aportan ligereza a la pieza.<\/p>\n<p>La estructura met\u00e1lica est\u00e1 disponible en: Blanco y negro.<\/p>\n<p>Otros\u00a0 acabados: oxido o industrial(gris),<a href=\"mailto:info@solucionescontract.com\"> consultar<\/a>.<\/p>\n<p>La mesa extensible Tema presenta una tapa\u00a0 de melamina con acabado\u00a0 roble natural o roble smart.<\/p>\n<p>Con 1 o 2 extensiones disponibles.<\/p>\n<p>Para otros acabados y medidas\u00a0 solicitar m\u00e1s informaci\u00f3n <a href=\"mailto:info@solucionescontract.com\">aqu\u00ed.<\/a><\/p>\n<p>Medidas extensiones: 40 \u00f3 60 cm<\/p>\n<p>Uso interior.<\/p>\n<p>Medida est\u00e1ndar:<\/p>\n<p><a href=\"https:\/\/solucionescontract.com\/wp-content\/uploads\/2020\/11\/medidas-2.jpg\"><img decoding=\"async\" class=\" wd-lazy-fade alignnone wp-image-11428 size-full\" src=\"https:\/\/solucionescontract.com\/wp-content\/themes\/woodmart\/images\/lazy.svg\" data-src=\"https:\/\/solucionescontract.com\/wp-content\/uploads\/2020\/11\/medidas-2.jpg\" alt=\"\" width=\"370\" height=\"250\" srcset=\"\" data-srcset=\"https:\/\/solucionescontract.com\/wp-content\/uploads\/2020\/11\/medidas-2.jpg 370w, https:\/\/solucionescontract.com\/wp-content\/uploads\/2020\/11\/medidas-2-150x101.jpg 150w, https:\/\/solucionescontract.com\/wp-content\/uploads\/2020\/11\/medidas-2-300x203.jpg 300w, https:\/\/solucionescontract.com\/wp-content\/uploads\/2020\/11\/medidas-2-30x20.jpg 30w\" sizes=\"(max-width: 370px) 100vw, 370px\" \/><\/a><\/p>\n<p>&nbsp;<\/script><\/p>\n","protected":false},"excerpt":{"rendered":"<ul>\n<li> Table \u00e0 manger extensible avec plateau en m\u00e9lamin\u00e9 et structure en m\u00e9tal. <\/li>\n<li> Il se distingue par ses fines pattes m\u00e9talliques de 2 cm d&rsquo;\u00e9paisseur, qui conf\u00e8rent \u00e0 la pi\u00e8ce de la l\u00e9g\u00e8ret\u00e9. <\/li>\n<li> Plateau en m\u00e9lamin\u00e9 avec finition ch\u00eane naturel ou ch\u00eane intelligent (Autres finitions disponibles <a href=\"mailto:info@solucionescontract.com\"> consulter <\/a>). <\/li>\n<li> Finitions disponibles dans la structure: noir et blanc. <\/li>\n<li> Utilisation en int\u00e9rieur <\/li>\n<\/ul>\n","protected":false},"featured_media":32788,"comment_status":"open","ping_status":"closed","template":"","meta":[],"product_brand":[1119],"product_cat":[569,573],"product_tag":[655,660,661],"class_list":{"0":"post-18306","1":"product","2":"type-product","3":"status-publish","4":"has-post-thumbnail","6":"product_brand-pemi","7":"product_cat-conception-de-tables","8":"product_cat-table-a-manger","9":"product_tag-interior-fr","10":"product_tag-extensible-fr","11":"product_tag-table-en-bois","12":"product_shipping_class-gratuit","13":"yith_product_brand-pemi-fr","15":"first","16":"instock","17":"taxable","18":"shipping-taxable","19":"purchasable","20":"product-type-variable"},"yoast_head":"<!-- This site is optimized with the Yoast SEO plugin v27.3 - https:\/\/yoast.com\/product\/yoast-seo-wordpress\/ -->\n<title>TABLE EXTENSIBLE MELAMINE TEMA - Muebles de dise\u00f1o en Soluciones Contract<\/title>\n<meta name=\"description\" content=\"Achetez TABLE EXTENSIBLE MELAMINE TEMA en ligne dans notre magasin de meubles Contract. Trouvez le meilleur mobilier design.\" \/>\n<meta name=\"robots\" content=\"index, follow, max-snippet:-1, max-image-preview:large, max-video-preview:-1\" \/>\n<link rel=\"canonical\" href=\"https:\/\/solucionescontract.com\/fr\/producto\/theme-table-extensible-2\/\" \/>\n<meta property=\"og:locale\" content=\"fr_FR\" \/>\n<meta property=\"og:type\" content=\"article\" \/>\n<meta property=\"og:title\" content=\"TABLE EXTENSIBLE MELAMINE TEMA - Muebles de dise\u00f1o en Soluciones Contract\" \/>\n<meta property=\"og:description\" content=\"Achetez TABLE EXTENSIBLE MELAMINE TEMA en ligne dans notre magasin de meubles Contract. Trouvez le meilleur mobilier design.\" \/>\n<meta property=\"og:url\" content=\"https:\/\/solucionescontract.com\/fr\/producto\/theme-table-extensible-2\/\" \/>\n<meta property=\"og:site_name\" content=\"Soluciones Contract\" \/>\n<meta property=\"article:publisher\" content=\"https:\/\/www.facebook.com\/solucionescontract\/\" \/>\n<meta property=\"article:modified_time\" content=\"2024-01-17T13:12:44+00:00\" \/>\n<meta property=\"og:image\" content=\"https:\/\/solucionescontract.com\/wp-content\/uploads\/2020\/11\/Mesa-extensible-madera-5-1.jpg\" \/>\n\t<meta property=\"og:image:width\" content=\"900\" \/>\n\t<meta property=\"og:image:height\" content=\"900\" \/>\n\t<meta property=\"og:image:type\" content=\"image\/jpeg\" \/>\n<meta name=\"twitter:card\" content=\"summary_large_image\" \/>\n<meta name=\"twitter:label1\" content=\"Dur\u00e9e de lecture estim\u00e9e\" \/>\n\t<meta name=\"twitter:data1\" content=\"1 minute\" \/>\n<script type=\"application\/ld+json\" class=\"yoast-schema-graph\">{\"@context\":\"https:\\\/\\\/schema.org\",\"@graph\":[{\"@type\":\"WebPage\",\"@id\":\"https:\\\/\\\/solucionescontract.com\\\/fr\\\/producto\\\/theme-table-extensible-2\\\/\",\"url\":\"https:\\\/\\\/solucionescontract.com\\\/fr\\\/producto\\\/theme-table-extensible-2\\\/\",\"name\":\"TABLE EXTENSIBLE MELAMINE TEMA - Muebles de dise\u00f1o en Soluciones Contract\",\"isPartOf\":{\"@id\":\"https:\\\/\\\/solucionescontract.com\\\/#website\"},\"primaryImageOfPage\":{\"@id\":\"https:\\\/\\\/solucionescontract.com\\\/fr\\\/producto\\\/theme-table-extensible-2\\\/#primaryimage\"},\"image\":{\"@id\":\"https:\\\/\\\/solucionescontract.com\\\/fr\\\/producto\\\/theme-table-extensible-2\\\/#primaryimage\"},\"thumbnailUrl\":\"https:\\\/\\\/solucionescontract.com\\\/wp-content\\\/uploads\\\/2020\\\/11\\\/00-tema-negra-2.jpg\",\"datePublished\":\"2020-11-18T10:31:17+00:00\",\"dateModified\":\"2024-01-17T13:12:44+00:00\",\"description\":\"Achetez TABLE EXTENSIBLE MELAMINE TEMA en ligne dans notre magasin de meubles Contract. Trouvez le meilleur mobilier design.\",\"breadcrumb\":{\"@id\":\"https:\\\/\\\/solucionescontract.com\\\/fr\\\/producto\\\/theme-table-extensible-2\\\/#breadcrumb\"},\"inLanguage\":\"fr-FR\",\"potentialAction\":[{\"@type\":\"ReadAction\",\"target\":[\"https:\\\/\\\/solucionescontract.com\\\/fr\\\/producto\\\/theme-table-extensible-2\\\/\"]}]},{\"@type\":\"ImageObject\",\"inLanguage\":\"fr-FR\",\"@id\":\"https:\\\/\\\/solucionescontract.com\\\/fr\\\/producto\\\/theme-table-extensible-2\\\/#primaryimage\",\"url\":\"https:\\\/\\\/solucionescontract.com\\\/wp-content\\\/uploads\\\/2020\\\/11\\\/00-tema-negra-2.jpg\",\"contentUrl\":\"https:\\\/\\\/solucionescontract.com\\\/wp-content\\\/uploads\\\/2020\\\/11\\\/00-tema-negra-2.jpg\",\"width\":945,\"height\":945,\"caption\":\"Dise\u00f1o y funcionalidad se juntan en esta mesa de comedor extensible con encimera en melamina acabado roble natural y pata met\u00e1lica negra\"},{\"@type\":\"BreadcrumbList\",\"@id\":\"https:\\\/\\\/solucionescontract.com\\\/fr\\\/producto\\\/theme-table-extensible-2\\\/#breadcrumb\",\"itemListElement\":[{\"@type\":\"ListItem\",\"position\":1,\"name\":\"Inicio\",\"item\":\"https:\\\/\\\/solucionescontract.com\\\/\"},{\"@type\":\"ListItem\",\"position\":2,\"name\":\"Tienda mobiliario contract\",\"item\":\"https:\\\/\\\/solucionescontract.com\\\/tienda-mobiliario-contract\\\/\"},{\"@type\":\"ListItem\",\"position\":3,\"name\":\"Mesas de dise\u00f1o\",\"item\":\"https:\\\/\\\/solucionescontract.com\\\/categoria-producto\\\/mesas-de-diseno\\\/\"},{\"@type\":\"ListItem\",\"position\":4,\"name\":\"TABLE EXTENSIBLE MELAMINE TEMA\"}]},{\"@type\":\"WebSite\",\"@id\":\"https:\\\/\\\/solucionescontract.com\\\/#website\",\"url\":\"https:\\\/\\\/solucionescontract.com\\\/\",\"name\":\"Soluciones Contract\",\"description\":\"Venta Mobiliario contract de dise\u00f1o\",\"publisher\":{\"@id\":\"https:\\\/\\\/solucionescontract.com\\\/#organization\"},\"potentialAction\":[{\"@type\":\"SearchAction\",\"target\":{\"@type\":\"EntryPoint\",\"urlTemplate\":\"https:\\\/\\\/solucionescontract.com\\\/?s={search_term_string}\"},\"query-input\":{\"@type\":\"PropertyValueSpecification\",\"valueRequired\":true,\"valueName\":\"search_term_string\"}}],\"inLanguage\":\"fr-FR\"},{\"@type\":\"Organization\",\"@id\":\"https:\\\/\\\/solucionescontract.com\\\/#organization\",\"name\":\"Soluciones Contract\",\"url\":\"https:\\\/\\\/solucionescontract.com\\\/\",\"logo\":{\"@type\":\"ImageObject\",\"inLanguage\":\"fr-FR\",\"@id\":\"https:\\\/\\\/solucionescontract.com\\\/#\\\/schema\\\/logo\\\/image\\\/\",\"url\":\"https:\\\/\\\/solucionescontract.com\\\/wp-content\\\/uploads\\\/2020\\\/02\\\/logoSC.jpg\",\"contentUrl\":\"https:\\\/\\\/solucionescontract.com\\\/wp-content\\\/uploads\\\/2020\\\/02\\\/logoSC.jpg\",\"width\":300,\"height\":125,\"caption\":\"Soluciones Contract\"},\"image\":{\"@id\":\"https:\\\/\\\/solucionescontract.com\\\/#\\\/schema\\\/logo\\\/image\\\/\"},\"sameAs\":[\"https:\\\/\\\/www.facebook.com\\\/solucionescontract\\\/\"]}]}<\/script>\n<!-- \/ Yoast SEO plugin. -->","yoast_head_json":{"title":"TABLE EXTENSIBLE MELAMINE TEMA - Muebles de dise\u00f1o en Soluciones Contract","description":"Achetez TABLE EXTENSIBLE MELAMINE TEMA en ligne dans notre magasin de meubles Contract. Trouvez le meilleur mobilier design.","robots":{"index":"index","follow":"follow","max-snippet":"max-snippet:-1","max-image-preview":"max-image-preview:large","max-video-preview":"max-video-preview:-1"},"canonical":"https:\/\/solucionescontract.com\/fr\/producto\/theme-table-extensible-2\/","og_locale":"fr_FR","og_type":"article","og_title":"TABLE EXTENSIBLE MELAMINE TEMA - Muebles de dise\u00f1o en Soluciones Contract","og_description":"Achetez TABLE EXTENSIBLE MELAMINE TEMA en ligne dans notre magasin de meubles Contract. Trouvez le meilleur mobilier design.","og_url":"https:\/\/solucionescontract.com\/fr\/producto\/theme-table-extensible-2\/","og_site_name":"Soluciones Contract","article_publisher":"https:\/\/www.facebook.com\/solucionescontract\/","article_modified_time":"2024-01-17T13:12:44+00:00","og_image":[{"width":900,"height":900,"url":"https:\/\/solucionescontract.com\/wp-content\/uploads\/2020\/11\/Mesa-extensible-madera-5-1.jpg","type":"image\/jpeg"}],"twitter_card":"summary_large_image","twitter_misc":{"Dur\u00e9e de lecture estim\u00e9e":"1 minute"},"schema":{"@context":"https:\/\/schema.org","@graph":[{"@type":"WebPage","@id":"https:\/\/solucionescontract.com\/fr\/producto\/theme-table-extensible-2\/","url":"https:\/\/solucionescontract.com\/fr\/producto\/theme-table-extensible-2\/","name":"TABLE EXTENSIBLE MELAMINE TEMA - Muebles de dise\u00f1o en Soluciones Contract","isPartOf":{"@id":"https:\/\/solucionescontract.com\/#website"},"primaryImageOfPage":{"@id":"https:\/\/solucionescontract.com\/fr\/producto\/theme-table-extensible-2\/#primaryimage"},"image":{"@id":"https:\/\/solucionescontract.com\/fr\/producto\/theme-table-extensible-2\/#primaryimage"},"thumbnailUrl":"https:\/\/solucionescontract.com\/wp-content\/uploads\/2020\/11\/00-tema-negra-2.jpg","datePublished":"2020-11-18T10:31:17+00:00","dateModified":"2024-01-17T13:12:44+00:00","description":"Achetez TABLE EXTENSIBLE MELAMINE TEMA en ligne dans notre magasin de meubles Contract. Trouvez le meilleur mobilier design.","breadcrumb":{"@id":"https:\/\/solucionescontract.com\/fr\/producto\/theme-table-extensible-2\/#breadcrumb"},"inLanguage":"fr-FR","potentialAction":[{"@type":"ReadAction","target":["https:\/\/solucionescontract.com\/fr\/producto\/theme-table-extensible-2\/"]}]},{"@type":"ImageObject","inLanguage":"fr-FR","@id":"https:\/\/solucionescontract.com\/fr\/producto\/theme-table-extensible-2\/#primaryimage","url":"https:\/\/solucionescontract.com\/wp-content\/uploads\/2020\/11\/00-tema-negra-2.jpg","contentUrl":"https:\/\/solucionescontract.com\/wp-content\/uploads\/2020\/11\/00-tema-negra-2.jpg","width":945,"height":945,"caption":"Dise\u00f1o y funcionalidad se juntan en esta mesa de comedor extensible con encimera en melamina acabado roble natural y pata met\u00e1lica negra"},{"@type":"BreadcrumbList","@id":"https:\/\/solucionescontract.com\/fr\/producto\/theme-table-extensible-2\/#breadcrumb","itemListElement":[{"@type":"ListItem","position":1,"name":"Inicio","item":"https:\/\/solucionescontract.com\/"},{"@type":"ListItem","position":2,"name":"Tienda mobiliario contract","item":"https:\/\/solucionescontract.com\/tienda-mobiliario-contract\/"},{"@type":"ListItem","position":3,"name":"Mesas de dise\u00f1o","item":"https:\/\/solucionescontract.com\/categoria-producto\/mesas-de-diseno\/"},{"@type":"ListItem","position":4,"name":"TABLE EXTENSIBLE MELAMINE TEMA"}]},{"@type":"WebSite","@id":"https:\/\/solucionescontract.com\/#website","url":"https:\/\/solucionescontract.com\/","name":"Soluciones Contract","description":"Venta Mobiliario contract de dise\u00f1o","publisher":{"@id":"https:\/\/solucionescontract.com\/#organization"},"potentialAction":[{"@type":"SearchAction","target":{"@type":"EntryPoint","urlTemplate":"https:\/\/solucionescontract.com\/?s={search_term_string}"},"query-input":{"@type":"PropertyValueSpecification","valueRequired":true,"valueName":"search_term_string"}}],"inLanguage":"fr-FR"},{"@type":"Organization","@id":"https:\/\/solucionescontract.com\/#organization","name":"Soluciones Contract","url":"https:\/\/solucionescontract.com\/","logo":{"@type":"ImageObject","inLanguage":"fr-FR","@id":"https:\/\/solucionescontract.com\/#\/schema\/logo\/image\/","url":"https:\/\/solucionescontract.com\/wp-content\/uploads\/2020\/02\/logoSC.jpg","contentUrl":"https:\/\/solucionescontract.com\/wp-content\/uploads\/2020\/02\/logoSC.jpg","width":300,"height":125,"caption":"Soluciones Contract"},"image":{"@id":"https:\/\/solucionescontract.com\/#\/schema\/logo\/image\/"},"sameAs":["https:\/\/www.facebook.com\/solucionescontract\/"]}]}},"_links":{"self":[{"href":"https:\/\/solucionescontract.com\/fr\/wp-json\/wp\/v2\/product\/18306","targetHints":{"allow":["GET"]}}],"collection":[{"href":"https:\/\/solucionescontract.com\/fr\/wp-json\/wp\/v2\/product"}],"about":[{"href":"https:\/\/solucionescontract.com\/fr\/wp-json\/wp\/v2\/types\/product"}],"replies":[{"embeddable":true,"href":"https:\/\/solucionescontract.com\/fr\/wp-json\/wp\/v2\/comments?post=18306"}],"wp:featuredmedia":[{"embeddable":true,"href":"https:\/\/solucionescontract.com\/fr\/wp-json\/wp\/v2\/media\/32788"}],"wp:attachment":[{"href":"https:\/\/solucionescontract.com\/fr\/wp-json\/wp\/v2\/media?parent=18306"}],"wp:term":[{"taxonomy":"product_brand","embeddable":true,"href":"https:\/\/solucionescontract.com\/fr\/wp-json\/wp\/v2\/product_brand?post=18306"},{"taxonomy":"product_cat","embeddable":true,"href":"https:\/\/solucionescontract.com\/fr\/wp-json\/wp\/v2\/product_cat?post=18306"},{"taxonomy":"product_tag","embeddable":true,"href":"https:\/\/solucionescontract.com\/fr\/wp-json\/wp\/v2\/product_tag?post=18306"}],"curies":[{"name":"wp","href":"https:\/\/api.w.org\/{rel}","templated":true}]}}