{"id":18245,"date":"2020-11-20T11:28:59","date_gmt":"2020-11-20T11:28:59","guid":{"rendered":"https:\/\/www.solucionescontract.com\/producto\/resistente-perchero_preston\/"},"modified":"2021-04-16T11:19:40","modified_gmt":"2021-04-16T11:19:40","slug":"cintre-preston-resistant","status":"publish","type":"product","link":"https:\/\/solucionescontract.com\/fr\/producto\/cintre-preston-resistant\/","title":{"rendered":"CINTRE PRESTON R\u00c9SISTANT"},"content":{"rendered":"<p> Ce porte-manteau r\u00e9sistant Preston est une pi\u00e8ce de style vintage que vous pouvez avoir dans le hall de votre entreprise, bureau ou maison pour atteindre cet ordre que nous recherchons tant avec les v\u00eatements d&rsquo;ext\u00e9rieur. <\/p>\n<p> C&rsquo;est un meuble tr\u00e8s fonctionnel fait de tubes en m\u00e9tal noir, qui donnent de la stabilit\u00e9 \u00e0 la pi\u00e8ce. <\/p>\n<p> Il dispose de 10 crochets et de 2 \u00e9tag\u00e8res pour faciliter l&rsquo;organisation des chapeaux, sacs et manteaux et d&rsquo;un petit tiroir pour ranger les petits objets. <\/p>\n<p> En bas, il y a une \u00e9tag\u00e8re comme \u00e9tag\u00e8re \u00e0 chaussures. <\/p>\n<p> Mesures: 183 x 42 x 104 cm <\/p>\n<p><\/script><\/p>\n","protected":false},"excerpt":{"rendered":"<ul>\n<li>\nC&rsquo;est un meuble de style vintage caract\u00e9ris\u00e9 par sa fabrication m\u00e9tallique (fer).<\/li>\n<li>Gr\u00e2ce \u00e0 ses 10 cintres et aux \u00e9tag\u00e8res dans la partie inf\u00e9rieure, ce porte-manteau atteindra l&rsquo;ordre souhait\u00e9 de n&rsquo;importe quelle salle o\u00f9 il se trouve, que ce soit dans les espaces contract ou \u00e0 la maison.<\/li>\n<li>dispose \u00e9galement d&rsquo;un petit tiroir avant pour ranger de petits objets, comme des cl\u00e9s &#8230;<\/li>\n<li>se distingue par sa grande stabilit\u00e9 et r\u00e9sistance.<\/li>\n<li>Utilisation en int\u00e9rieur<\/li>\n<li>Mesures:183 x 42 x 104 cm<\/li>\n<\/ul>\n<p>&nbsp;<\/p>\n","protected":false},"featured_media":17782,"comment_status":"open","ping_status":"closed","template":"","meta":[],"product_brand":[],"product_cat":[614,623],"product_tag":[655,651,652],"class_list":{"0":"post-18245","1":"product","2":"type-product","3":"status-publish","4":"has-post-thumbnail","6":"product_cat-meubles-et-accessoires","7":"product_cat-percheros-fr","8":"product_tag-interior-fr","9":"product_tag-industrial-fr","10":"product_tag-meubles-vintage","11":"product_shipping_class-gratuit","12":"yith_product_brand-chehoma-fr","14":"first","15":"instock","16":"taxable","17":"shipping-taxable","18":"purchasable","19":"product-type-simple"},"yoast_head":"<!-- This site is optimized with the Yoast SEO plugin v27.4 - https:\/\/yoast.com\/product\/yoast-seo-wordpress\/ -->\n<title>CINTRE PRESTON R\u00c9SISTANT - Muebles de dise\u00f1o en Soluciones Contract<\/title>\n<meta name=\"description\" content=\"Achetez CINTRE PRESTON R\u00c9SISTANT en ligne dans notre magasin de meubles Contract. Trouvez le meilleur MEUBLE DE CONCEPTION pour un usage h\u00f4telier, domestique et commercial.\" \/>\n<meta name=\"robots\" content=\"index, follow, max-snippet:-1, max-image-preview:large, max-video-preview:-1\" \/>\n<link rel=\"canonical\" href=\"https:\/\/solucionescontract.com\/producto\/resistente-perchero_preston\/\" \/>\n<meta property=\"og:locale\" content=\"fr_FR\" \/>\n<meta property=\"og:type\" content=\"article\" \/>\n<meta property=\"og:title\" content=\"CINTRE PRESTON R\u00c9SISTANT - Muebles de dise\u00f1o en Soluciones Contract\" \/>\n<meta property=\"og:description\" content=\"Achetez CINTRE PRESTON R\u00c9SISTANT en ligne dans notre magasin de meubles Contract. Trouvez le meilleur MEUBLE DE CONCEPTION pour un usage h\u00f4telier, domestique et commercial.\" \/>\n<meta property=\"og:url\" content=\"https:\/\/solucionescontract.com\/producto\/resistente-perchero_preston\/\" \/>\n<meta property=\"og:site_name\" content=\"Soluciones Contract\" \/>\n<meta property=\"article:publisher\" content=\"https:\/\/www.facebook.com\/solucionescontract\/\" \/>\n<meta property=\"article:modified_time\" content=\"2021-04-16T11:19:40+00:00\" \/>\n<meta property=\"og:image\" content=\"https:\/\/solucionescontract.com\/wp-content\/uploads\/2020\/11\/perchero_vintage.jpg\" \/>\n\t<meta property=\"og:image:width\" content=\"974\" \/>\n\t<meta property=\"og:image:height\" content=\"974\" \/>\n\t<meta property=\"og:image:type\" content=\"image\/jpeg\" \/>\n<meta name=\"twitter:card\" content=\"summary_large_image\" \/>\n<meta name=\"twitter:label1\" content=\"Dur\u00e9e de lecture estim\u00e9e\" \/>\n\t<meta name=\"twitter:data1\" content=\"1 minute\" \/>\n<script type=\"application\/ld+json\" class=\"yoast-schema-graph\">{\"@context\":\"https:\\\/\\\/schema.org\",\"@graph\":[{\"@type\":\"WebPage\",\"@id\":\"https:\\\/\\\/solucionescontract.com\\\/producto\\\/resistente-perchero_preston\\\/\",\"url\":\"https:\\\/\\\/solucionescontract.com\\\/producto\\\/resistente-perchero_preston\\\/\",\"name\":\"CINTRE PRESTON R\u00c9SISTANT - Muebles de dise\u00f1o en Soluciones Contract\",\"isPartOf\":{\"@id\":\"https:\\\/\\\/solucionescontract.com\\\/#website\"},\"primaryImageOfPage\":{\"@id\":\"https:\\\/\\\/solucionescontract.com\\\/producto\\\/resistente-perchero_preston\\\/#primaryimage\"},\"image\":{\"@id\":\"https:\\\/\\\/solucionescontract.com\\\/producto\\\/resistente-perchero_preston\\\/#primaryimage\"},\"thumbnailUrl\":\"https:\\\/\\\/solucionescontract.com\\\/wp-content\\\/uploads\\\/2020\\\/11\\\/perchero_vintage.jpg\",\"datePublished\":\"2020-11-20T11:28:59+00:00\",\"dateModified\":\"2021-04-16T11:19:40+00:00\",\"description\":\"Achetez CINTRE PRESTON R\u00c9SISTANT en ligne dans notre magasin de meubles Contract. Trouvez le meilleur MEUBLE DE CONCEPTION pour un usage h\u00f4telier, domestique et commercial.\",\"breadcrumb\":{\"@id\":\"https:\\\/\\\/solucionescontract.com\\\/producto\\\/resistente-perchero_preston\\\/#breadcrumb\"},\"inLanguage\":\"fr-FR\",\"potentialAction\":[{\"@type\":\"ReadAction\",\"target\":[\"https:\\\/\\\/solucionescontract.com\\\/producto\\\/resistente-perchero_preston\\\/\"]}]},{\"@type\":\"ImageObject\",\"inLanguage\":\"fr-FR\",\"@id\":\"https:\\\/\\\/solucionescontract.com\\\/producto\\\/resistente-perchero_preston\\\/#primaryimage\",\"url\":\"https:\\\/\\\/solucionescontract.com\\\/wp-content\\\/uploads\\\/2020\\\/11\\\/perchero_vintage.jpg\",\"contentUrl\":\"https:\\\/\\\/solucionescontract.com\\\/wp-content\\\/uploads\\\/2020\\\/11\\\/perchero_vintage.jpg\",\"width\":974,\"height\":974},{\"@type\":\"BreadcrumbList\",\"@id\":\"https:\\\/\\\/solucionescontract.com\\\/producto\\\/resistente-perchero_preston\\\/#breadcrumb\",\"itemListElement\":[{\"@type\":\"ListItem\",\"position\":1,\"name\":\"Inicio\",\"item\":\"https:\\\/\\\/solucionescontract.com\\\/\"},{\"@type\":\"ListItem\",\"position\":2,\"name\":\"Tienda mobiliario contract\",\"item\":\"https:\\\/\\\/solucionescontract.com\\\/tienda-mobiliario-contract\\\/\"},{\"@type\":\"ListItem\",\"position\":3,\"name\":\"Mueble y complementos\",\"item\":\"https:\\\/\\\/solucionescontract.com\\\/categoria-producto\\\/mueble-y-complementos\\\/\"},{\"@type\":\"ListItem\",\"position\":4,\"name\":\"Complementos y decoraci\u00f3n\",\"item\":\"https:\\\/\\\/solucionescontract.com\\\/categoria-producto\\\/mueble-y-complementos\\\/complementos-decoracion\\\/\"},{\"@type\":\"ListItem\",\"position\":5,\"name\":\"Percheros y parag\u00fceros\",\"item\":\"https:\\\/\\\/solucionescontract.com\\\/categoria-producto\\\/mueble-y-complementos\\\/complementos-decoracion\\\/percheros\\\/\"},{\"@type\":\"ListItem\",\"position\":6,\"name\":\"CINTRE PRESTON R\u00c9SISTANT\"}]},{\"@type\":\"WebSite\",\"@id\":\"https:\\\/\\\/solucionescontract.com\\\/#website\",\"url\":\"https:\\\/\\\/solucionescontract.com\\\/\",\"name\":\"Soluciones Contract\",\"description\":\"Venta Mobiliario contract de dise\u00f1o\",\"publisher\":{\"@id\":\"https:\\\/\\\/solucionescontract.com\\\/#organization\"},\"potentialAction\":[{\"@type\":\"SearchAction\",\"target\":{\"@type\":\"EntryPoint\",\"urlTemplate\":\"https:\\\/\\\/solucionescontract.com\\\/?s={search_term_string}\"},\"query-input\":{\"@type\":\"PropertyValueSpecification\",\"valueRequired\":true,\"valueName\":\"search_term_string\"}}],\"inLanguage\":\"fr-FR\"},{\"@type\":\"Organization\",\"@id\":\"https:\\\/\\\/solucionescontract.com\\\/#organization\",\"name\":\"Soluciones Contract\",\"url\":\"https:\\\/\\\/solucionescontract.com\\\/\",\"logo\":{\"@type\":\"ImageObject\",\"inLanguage\":\"fr-FR\",\"@id\":\"https:\\\/\\\/solucionescontract.com\\\/#\\\/schema\\\/logo\\\/image\\\/\",\"url\":\"https:\\\/\\\/solucionescontract.com\\\/wp-content\\\/uploads\\\/2020\\\/02\\\/logoSC.jpg\",\"contentUrl\":\"https:\\\/\\\/solucionescontract.com\\\/wp-content\\\/uploads\\\/2020\\\/02\\\/logoSC.jpg\",\"width\":300,\"height\":125,\"caption\":\"Soluciones Contract\"},\"image\":{\"@id\":\"https:\\\/\\\/solucionescontract.com\\\/#\\\/schema\\\/logo\\\/image\\\/\"},\"sameAs\":[\"https:\\\/\\\/www.facebook.com\\\/solucionescontract\\\/\"]}]}<\/script>\n<!-- \/ Yoast SEO plugin. -->","yoast_head_json":{"title":"CINTRE PRESTON R\u00c9SISTANT - Muebles de dise\u00f1o en Soluciones Contract","description":"Achetez CINTRE PRESTON R\u00c9SISTANT en ligne dans notre magasin de meubles Contract. Trouvez le meilleur MEUBLE DE CONCEPTION pour un usage h\u00f4telier, domestique et commercial.","robots":{"index":"index","follow":"follow","max-snippet":"max-snippet:-1","max-image-preview":"max-image-preview:large","max-video-preview":"max-video-preview:-1"},"canonical":"https:\/\/solucionescontract.com\/producto\/resistente-perchero_preston\/","og_locale":"fr_FR","og_type":"article","og_title":"CINTRE PRESTON R\u00c9SISTANT - Muebles de dise\u00f1o en Soluciones Contract","og_description":"Achetez CINTRE PRESTON R\u00c9SISTANT en ligne dans notre magasin de meubles Contract. Trouvez le meilleur MEUBLE DE CONCEPTION pour un usage h\u00f4telier, domestique et commercial.","og_url":"https:\/\/solucionescontract.com\/producto\/resistente-perchero_preston\/","og_site_name":"Soluciones Contract","article_publisher":"https:\/\/www.facebook.com\/solucionescontract\/","article_modified_time":"2021-04-16T11:19:40+00:00","og_image":[{"width":974,"height":974,"url":"https:\/\/solucionescontract.com\/wp-content\/uploads\/2020\/11\/perchero_vintage.jpg","type":"image\/jpeg"}],"twitter_card":"summary_large_image","twitter_misc":{"Dur\u00e9e de lecture estim\u00e9e":"1 minute"},"schema":{"@context":"https:\/\/schema.org","@graph":[{"@type":"WebPage","@id":"https:\/\/solucionescontract.com\/producto\/resistente-perchero_preston\/","url":"https:\/\/solucionescontract.com\/producto\/resistente-perchero_preston\/","name":"CINTRE PRESTON R\u00c9SISTANT - Muebles de dise\u00f1o en Soluciones Contract","isPartOf":{"@id":"https:\/\/solucionescontract.com\/#website"},"primaryImageOfPage":{"@id":"https:\/\/solucionescontract.com\/producto\/resistente-perchero_preston\/#primaryimage"},"image":{"@id":"https:\/\/solucionescontract.com\/producto\/resistente-perchero_preston\/#primaryimage"},"thumbnailUrl":"https:\/\/solucionescontract.com\/wp-content\/uploads\/2020\/11\/perchero_vintage.jpg","datePublished":"2020-11-20T11:28:59+00:00","dateModified":"2021-04-16T11:19:40+00:00","description":"Achetez CINTRE PRESTON R\u00c9SISTANT en ligne dans notre magasin de meubles Contract. Trouvez le meilleur MEUBLE DE CONCEPTION pour un usage h\u00f4telier, domestique et commercial.","breadcrumb":{"@id":"https:\/\/solucionescontract.com\/producto\/resistente-perchero_preston\/#breadcrumb"},"inLanguage":"fr-FR","potentialAction":[{"@type":"ReadAction","target":["https:\/\/solucionescontract.com\/producto\/resistente-perchero_preston\/"]}]},{"@type":"ImageObject","inLanguage":"fr-FR","@id":"https:\/\/solucionescontract.com\/producto\/resistente-perchero_preston\/#primaryimage","url":"https:\/\/solucionescontract.com\/wp-content\/uploads\/2020\/11\/perchero_vintage.jpg","contentUrl":"https:\/\/solucionescontract.com\/wp-content\/uploads\/2020\/11\/perchero_vintage.jpg","width":974,"height":974},{"@type":"BreadcrumbList","@id":"https:\/\/solucionescontract.com\/producto\/resistente-perchero_preston\/#breadcrumb","itemListElement":[{"@type":"ListItem","position":1,"name":"Inicio","item":"https:\/\/solucionescontract.com\/"},{"@type":"ListItem","position":2,"name":"Tienda mobiliario contract","item":"https:\/\/solucionescontract.com\/tienda-mobiliario-contract\/"},{"@type":"ListItem","position":3,"name":"Mueble y complementos","item":"https:\/\/solucionescontract.com\/categoria-producto\/mueble-y-complementos\/"},{"@type":"ListItem","position":4,"name":"Complementos y decoraci\u00f3n","item":"https:\/\/solucionescontract.com\/categoria-producto\/mueble-y-complementos\/complementos-decoracion\/"},{"@type":"ListItem","position":5,"name":"Percheros y parag\u00fceros","item":"https:\/\/solucionescontract.com\/categoria-producto\/mueble-y-complementos\/complementos-decoracion\/percheros\/"},{"@type":"ListItem","position":6,"name":"CINTRE PRESTON R\u00c9SISTANT"}]},{"@type":"WebSite","@id":"https:\/\/solucionescontract.com\/#website","url":"https:\/\/solucionescontract.com\/","name":"Soluciones Contract","description":"Venta Mobiliario contract de dise\u00f1o","publisher":{"@id":"https:\/\/solucionescontract.com\/#organization"},"potentialAction":[{"@type":"SearchAction","target":{"@type":"EntryPoint","urlTemplate":"https:\/\/solucionescontract.com\/?s={search_term_string}"},"query-input":{"@type":"PropertyValueSpecification","valueRequired":true,"valueName":"search_term_string"}}],"inLanguage":"fr-FR"},{"@type":"Organization","@id":"https:\/\/solucionescontract.com\/#organization","name":"Soluciones Contract","url":"https:\/\/solucionescontract.com\/","logo":{"@type":"ImageObject","inLanguage":"fr-FR","@id":"https:\/\/solucionescontract.com\/#\/schema\/logo\/image\/","url":"https:\/\/solucionescontract.com\/wp-content\/uploads\/2020\/02\/logoSC.jpg","contentUrl":"https:\/\/solucionescontract.com\/wp-content\/uploads\/2020\/02\/logoSC.jpg","width":300,"height":125,"caption":"Soluciones Contract"},"image":{"@id":"https:\/\/solucionescontract.com\/#\/schema\/logo\/image\/"},"sameAs":["https:\/\/www.facebook.com\/solucionescontract\/"]}]}},"_links":{"self":[{"href":"https:\/\/solucionescontract.com\/fr\/wp-json\/wp\/v2\/product\/18245","targetHints":{"allow":["GET"]}}],"collection":[{"href":"https:\/\/solucionescontract.com\/fr\/wp-json\/wp\/v2\/product"}],"about":[{"href":"https:\/\/solucionescontract.com\/fr\/wp-json\/wp\/v2\/types\/product"}],"replies":[{"embeddable":true,"href":"https:\/\/solucionescontract.com\/fr\/wp-json\/wp\/v2\/comments?post=18245"}],"wp:featuredmedia":[{"embeddable":true,"href":"https:\/\/solucionescontract.com\/fr\/wp-json\/wp\/v2\/media\/17782"}],"wp:attachment":[{"href":"https:\/\/solucionescontract.com\/fr\/wp-json\/wp\/v2\/media?parent=18245"}],"wp:term":[{"taxonomy":"product_brand","embeddable":true,"href":"https:\/\/solucionescontract.com\/fr\/wp-json\/wp\/v2\/product_brand?post=18245"},{"taxonomy":"product_cat","embeddable":true,"href":"https:\/\/solucionescontract.com\/fr\/wp-json\/wp\/v2\/product_cat?post=18245"},{"taxonomy":"product_tag","embeddable":true,"href":"https:\/\/solucionescontract.com\/fr\/wp-json\/wp\/v2\/product_tag?post=18245"}],"curies":[{"name":"wp","href":"https:\/\/api.w.org\/{rel}","templated":true}]}}