{"id":17863,"date":"2018-11-01T13:46:41","date_gmt":"2018-11-01T13:46:41","guid":{"rendered":"https:\/\/www.solucionescontract.com\/ventas-personalizadas\/"},"modified":"2020-12-18T08:10:14","modified_gmt":"2020-12-18T08:10:14","slug":"ventas-personalizadas","status":"publish","type":"page","link":"https:\/\/solucionescontract.com\/fr\/ventas-personalizadas\/","title":{"rendered":"Ventes personnalis\u00e9es"},"content":{"rendered":"\t\t<div data-elementor-type=\"wp-post\" data-elementor-id=\"17863\" class=\"elementor elementor-17863\">\n\t\t\t\t\t\t<section class=\"wd-negative-gap elementor-section elementor-top-section elementor-element elementor-element-2f57ac35 elementor-section-boxed elementor-section-height-default elementor-section-height-default\" data-id=\"2f57ac35\" data-element_type=\"section\">\n\t\t\t\t\t\t<div class=\"elementor-container elementor-column-gap-default\">\n\t\t\t\t\t<div class=\"elementor-column elementor-col-100 elementor-top-column elementor-element elementor-element-4e983022\" data-id=\"4e983022\" data-element_type=\"column\">\n\t\t\t<div class=\"elementor-widget-wrap elementor-element-populated\">\n\t\t\t\t\t\t<section class=\"wd-negative-gap elementor-section elementor-inner-section elementor-element elementor-element-770f603 elementor-section-boxed elementor-section-height-default elementor-section-height-default\" data-id=\"770f603\" data-element_type=\"section\">\n\t\t\t\t\t\t<div class=\"elementor-container elementor-column-gap-default\">\n\t\t\t\t\t<div class=\"elementor-column elementor-col-50 elementor-inner-column elementor-element elementor-element-961de27\" data-id=\"961de27\" data-element_type=\"column\" data-settings=\"{&quot;background_background&quot;:&quot;classic&quot;}\">\n\t\t\t<div class=\"elementor-widget-wrap elementor-element-populated\">\n\t\t\t\t\t\t<div class=\"elementor-element elementor-element-c345c12 elementor-widget elementor-widget-heading\" data-id=\"c345c12\" data-element_type=\"widget\" data-widget_type=\"heading.default\">\n\t\t\t\t<div class=\"elementor-widget-container\">\n\t\t\t\t\t<h2 class=\"elementor-heading-title elementor-size-default\">\nREMISES POUR LES PROFESSIONNELS\n<\/h2>\t\t\t\t<\/div>\n\t\t\t\t<\/div>\n\t\t\t\t<div class=\"elementor-element elementor-element-3cd6a39 color-scheme-inherit text-left elementor-widget elementor-widget-text-editor\" data-id=\"3cd6a39\" data-element_type=\"widget\" data-widget_type=\"text-editor.default\">\n\t\t\t\t<div class=\"elementor-widget-container\">\n\t\t\t\t\t\t\t\t\t<p style=\"text-align: justify;\"><\/p>\nEn vous inscrivant en tant qu&rsquo;utilisateur dans les solutions contractuelles, vous pourrez profiter de remises et d&rsquo;avantages importants lors de votre achat. Nous avons des r\u00e9ductions associ\u00e9es \u00e0 divers groupes professionnels; h\u00f4teliers, entreprises de conception et de construction, etc &#8230;\n<h2 style=\"text-align: center;\"><a href=\"https:\/\/solucionescontract.com\/mi-cuenta\/\"><span style=\"font-size: 16px;\"><strong>\n\nS&rsquo;inscrire maintenant!<\/strong><\/span><\/a><\/h2>\t\t\t\t\t\t\t\t<\/div>\n\t\t\t\t<\/div>\n\t\t\t\t<div class=\"elementor-element elementor-element-eac2cff color-scheme-inherit text-left elementor-widget elementor-widget-text-editor\" data-id=\"eac2cff\" data-element_type=\"widget\" data-widget_type=\"text-editor.default\">\n\t\t\t\t<div class=\"elementor-widget-container\">\n\t\t\t\t\t\t\t\t\t\nUtilisez votre adresse e-mail professionnelle pour vous inscrire et dans un instant, nous enregistrerons les avantages associ\u00e9s \u00e0 votre groupe. Profitez de notre service de conseil personnalis\u00e9.\t\t\t\t\t\t\t\t<\/div>\n\t\t\t\t<\/div>\n\t\t\t\t\t<\/div>\n\t\t<\/div>\n\t\t\t\t<div class=\"elementor-column elementor-col-50 elementor-inner-column elementor-element elementor-element-8e5e90d\" data-id=\"8e5e90d\" data-element_type=\"column\">\n\t\t\t<div class=\"elementor-widget-wrap elementor-element-populated\">\n\t\t\t\t\t\t<div class=\"elementor-element elementor-element-3b312ed elementor-widget elementor-widget-heading\" data-id=\"3b312ed\" data-element_type=\"widget\" data-widget_type=\"heading.default\">\n\t\t\t\t<div class=\"elementor-widget-container\">\n\t\t\t\t\t<h2 class=\"elementor-heading-title elementor-size-default\">\n\nAnglais\nREMISES SUR LES ACHATS DE VOLUME\nREMISES SUR LES ACHATS DE VOLUME<\/h2>\t\t\t\t<\/div>\n\t\t\t\t<\/div>\n\t\t\t\t<div class=\"elementor-element elementor-element-5ab01ae color-scheme-inherit text-left elementor-widget elementor-widget-text-editor\" data-id=\"5ab01ae\" data-element_type=\"widget\" data-widget_type=\"text-editor.default\">\n\t\t\t\t<div class=\"elementor-widget-container\">\n\t\t\t\t\t\t\t\t\t<p style=\"text-align: justify;\"><\/p>\nSi vous souhaitez r\u00e9nover des meubles pour votre maison ou votre entreprise, les solutions contractuelles vous offrent des rabais et des avantages importants lors de vos achats. Nous mettons \u00e0 votre disposition nos conseils et notre service de conception pour vous aider dans le meilleur choix.\n<h2 style=\"text-align: center;\"><strong><a href=\"mailto: info@solucionescontract.com\"><span style=\"font-size: 16px;\">\n\nDemandez votre bon de r\u00e9duction!<\/span><\/a><\/strong><\/h2>\t\t\t\t\t\t\t\t<\/div>\n\t\t\t\t<\/div>\n\t\t\t\t<div class=\"elementor-element elementor-element-ec92f25 color-scheme-inherit text-left elementor-widget elementor-widget-text-editor\" data-id=\"ec92f25\" data-element_type=\"widget\" data-widget_type=\"text-editor.default\">\n\t\t\t\t<div class=\"elementor-widget-container\">\n\t\t\t\t\t\t\t\t\t<p style=\"text-align: left;\"><span style=\"font-size: 14px; text-align: justify;\">\nContactez-nous et dites-nous ce que vous recherchez. Profitez de notre service de conseil personnalis\u00e9.<b>.<\/b><\/span><\/p>\t\t\t\t\t\t\t\t<\/div>\n\t\t\t\t<\/div>\n\t\t\t\t\t<\/div>\n\t\t<\/div>\n\t\t\t\t\t<\/div>\n\t\t<\/section>\n\t\t\t\t<div class=\"elementor-element elementor-element-35569db color-scheme-inherit text-left elementor-widget elementor-widget-text-editor\" data-id=\"35569db\" data-element_type=\"widget\" data-widget_type=\"text-editor.default\">\n\t\t\t\t<div class=\"elementor-widget-container\">\n\t\t\t\t\t\t\t\t\t<h2 style=\"text-align: center;\"><span style=\"color: #00000;\">\nTous les meubles et \u00e9quipements pour;\n<\/span><\/h2>\n<div><\/div>\n<h3 style=\"text-align: center;\"><span style=\"color: #5d5d5d;\"><strong>SECTEUR H\u00d4TELIER &#8211; COMMERCIAL &#8211; GRANDES SURFACES &#8211; HOSPITALIT\u00c9\n<\/strong><\/span><\/h3>\n<h3 style=\"text-align: center;\"><span style=\"color: #5d5d5d;\"><strong>MEUBLES MAISON &#8211; BUREAU &#8211; R\u00c9FORMES &#8230;<\/strong> <\/span><\/h3>\n<div><\/div>\n<div><\/div>\t\t\t\t\t\t\t\t<\/div>\n\t\t\t\t<\/div>\n\t\t\t\t<div class=\"elementor-element elementor-element-ef9630a color-scheme-inherit text-left elementor-widget elementor-widget-text-editor\" data-id=\"ef9630a\" data-element_type=\"widget\" data-widget_type=\"text-editor.default\">\n\t\t\t\t<div class=\"elementor-widget-container\">\n\t\t\t\t\t\t\t\t\t<p style=\"text-align: justify;\"><span style=\"font-size: 14px; text-align: justify;\">\nUtilisez votre adresse e-mail professionnelle pour vous inscrire et dans un instant, nous enregistrerons les avantages associ\u00e9s \u00e0 votre groupe. Profitez de notre service de conseil personnalis\u00e9<b>.<\/b><\/span><\/p>\t\t\t\t\t\t\t\t<\/div>\n\t\t\t\t<\/div>\n\t\t\t\t\t<\/div>\n\t\t<\/div>\n\t\t\t\t\t<\/div>\n\t\t<\/section>\n\t\t\t\t<\/div>\n\t\t","protected":false},"excerpt":{"rendered":"<p>REMISES POUR LES PROFESSIONNELS En vous inscrivant en tant qu&rsquo;utilisateur dans les solutions contractuelles, vous pourrez profiter de remises et<\/p>\n","protected":false},"author":1,"featured_media":0,"parent":0,"menu_order":0,"comment_status":"closed","ping_status":"closed","template":"","meta":{"footnotes":""},"class_list":["post-17863","page","type-page","status-publish","hentry"],"yoast_head":"<!-- This site is optimized with the Yoast SEO plugin v27.3 - https:\/\/yoast.com\/product\/yoast-seo-wordpress\/ -->\n<title>Ventes personnalis\u00e9es - Soluciones Contract<\/title>\n<meta name=\"description\" content=\"Si eres profesional, Registrate en soluciones contract para disfurtar de DESCUENTOS en compras para sector Hotelero, comerical y hosteler\u00eda en general.\" \/>\n<meta name=\"robots\" content=\"index, follow, max-snippet:-1, max-image-preview:large, max-video-preview:-1\" \/>\n<link rel=\"canonical\" href=\"https:\/\/solucionescontract.com\/ventas-personalizadas\/\" \/>\n<meta property=\"og:locale\" content=\"fr_FR\" \/>\n<meta property=\"og:type\" content=\"article\" \/>\n<meta property=\"og:title\" content=\"Ventes personnalis\u00e9es - Soluciones Contract\" \/>\n<meta property=\"og:description\" content=\"Si eres profesional, Registrate en soluciones contract para disfurtar de DESCUENTOS en compras para sector Hotelero, comerical y hosteler\u00eda en general.\" \/>\n<meta property=\"og:url\" content=\"https:\/\/solucionescontract.com\/ventas-personalizadas\/\" \/>\n<meta property=\"og:site_name\" content=\"Soluciones Contract\" \/>\n<meta property=\"article:publisher\" content=\"https:\/\/www.facebook.com\/solucionescontract\/\" \/>\n<meta property=\"article:modified_time\" content=\"2020-12-18T08:10:14+00:00\" \/>\n<meta name=\"twitter:card\" content=\"summary_large_image\" \/>\n<meta name=\"twitter:label1\" content=\"Dur\u00e9e de lecture estim\u00e9e\" \/>\n\t<meta name=\"twitter:data1\" content=\"1 minute\" \/>\n<script type=\"application\/ld+json\" class=\"yoast-schema-graph\">{\"@context\":\"https:\\\/\\\/schema.org\",\"@graph\":[{\"@type\":\"WebPage\",\"@id\":\"https:\\\/\\\/solucionescontract.com\\\/ventas-personalizadas\\\/\",\"url\":\"https:\\\/\\\/solucionescontract.com\\\/ventas-personalizadas\\\/\",\"name\":\"Ventes personnalis\u00e9es - Soluciones Contract\",\"isPartOf\":{\"@id\":\"https:\\\/\\\/solucionescontract.com\\\/#website\"},\"datePublished\":\"2018-11-01T13:46:41+00:00\",\"dateModified\":\"2020-12-18T08:10:14+00:00\",\"description\":\"Si eres profesional, Registrate en soluciones contract para disfurtar de DESCUENTOS en compras para sector Hotelero, comerical y hosteler\u00eda en general.\",\"breadcrumb\":{\"@id\":\"https:\\\/\\\/solucionescontract.com\\\/ventas-personalizadas\\\/#breadcrumb\"},\"inLanguage\":\"fr-FR\",\"potentialAction\":[{\"@type\":\"ReadAction\",\"target\":[\"https:\\\/\\\/solucionescontract.com\\\/ventas-personalizadas\\\/\"]}]},{\"@type\":\"BreadcrumbList\",\"@id\":\"https:\\\/\\\/solucionescontract.com\\\/ventas-personalizadas\\\/#breadcrumb\",\"itemListElement\":[{\"@type\":\"ListItem\",\"position\":1,\"name\":\"Inicio\",\"item\":\"https:\\\/\\\/solucionescontract.com\\\/\"},{\"@type\":\"ListItem\",\"position\":2,\"name\":\"Ventes personnalis\u00e9es\"}]},{\"@type\":\"WebSite\",\"@id\":\"https:\\\/\\\/solucionescontract.com\\\/#website\",\"url\":\"https:\\\/\\\/solucionescontract.com\\\/\",\"name\":\"Soluciones Contract\",\"description\":\"Venta Mobiliario contract de dise\u00f1o\",\"publisher\":{\"@id\":\"https:\\\/\\\/solucionescontract.com\\\/#organization\"},\"potentialAction\":[{\"@type\":\"SearchAction\",\"target\":{\"@type\":\"EntryPoint\",\"urlTemplate\":\"https:\\\/\\\/solucionescontract.com\\\/?s={search_term_string}\"},\"query-input\":{\"@type\":\"PropertyValueSpecification\",\"valueRequired\":true,\"valueName\":\"search_term_string\"}}],\"inLanguage\":\"fr-FR\"},{\"@type\":\"Organization\",\"@id\":\"https:\\\/\\\/solucionescontract.com\\\/#organization\",\"name\":\"Soluciones Contract\",\"url\":\"https:\\\/\\\/solucionescontract.com\\\/\",\"logo\":{\"@type\":\"ImageObject\",\"inLanguage\":\"fr-FR\",\"@id\":\"https:\\\/\\\/solucionescontract.com\\\/#\\\/schema\\\/logo\\\/image\\\/\",\"url\":\"https:\\\/\\\/solucionescontract.com\\\/wp-content\\\/uploads\\\/2020\\\/02\\\/logoSC.jpg\",\"contentUrl\":\"https:\\\/\\\/solucionescontract.com\\\/wp-content\\\/uploads\\\/2020\\\/02\\\/logoSC.jpg\",\"width\":300,\"height\":125,\"caption\":\"Soluciones Contract\"},\"image\":{\"@id\":\"https:\\\/\\\/solucionescontract.com\\\/#\\\/schema\\\/logo\\\/image\\\/\"},\"sameAs\":[\"https:\\\/\\\/www.facebook.com\\\/solucionescontract\\\/\"]}]}<\/script>\n<!-- \/ Yoast SEO plugin. -->","yoast_head_json":{"title":"Ventes personnalis\u00e9es - Soluciones Contract","description":"Si eres profesional, Registrate en soluciones contract para disfurtar de DESCUENTOS en compras para sector Hotelero, comerical y hosteler\u00eda en general.","robots":{"index":"index","follow":"follow","max-snippet":"max-snippet:-1","max-image-preview":"max-image-preview:large","max-video-preview":"max-video-preview:-1"},"canonical":"https:\/\/solucionescontract.com\/ventas-personalizadas\/","og_locale":"fr_FR","og_type":"article","og_title":"Ventes personnalis\u00e9es - Soluciones Contract","og_description":"Si eres profesional, Registrate en soluciones contract para disfurtar de DESCUENTOS en compras para sector Hotelero, comerical y hosteler\u00eda en general.","og_url":"https:\/\/solucionescontract.com\/ventas-personalizadas\/","og_site_name":"Soluciones Contract","article_publisher":"https:\/\/www.facebook.com\/solucionescontract\/","article_modified_time":"2020-12-18T08:10:14+00:00","twitter_card":"summary_large_image","twitter_misc":{"Dur\u00e9e de lecture estim\u00e9e":"1 minute"},"schema":{"@context":"https:\/\/schema.org","@graph":[{"@type":"WebPage","@id":"https:\/\/solucionescontract.com\/ventas-personalizadas\/","url":"https:\/\/solucionescontract.com\/ventas-personalizadas\/","name":"Ventes personnalis\u00e9es - Soluciones Contract","isPartOf":{"@id":"https:\/\/solucionescontract.com\/#website"},"datePublished":"2018-11-01T13:46:41+00:00","dateModified":"2020-12-18T08:10:14+00:00","description":"Si eres profesional, Registrate en soluciones contract para disfurtar de DESCUENTOS en compras para sector Hotelero, comerical y hosteler\u00eda en general.","breadcrumb":{"@id":"https:\/\/solucionescontract.com\/ventas-personalizadas\/#breadcrumb"},"inLanguage":"fr-FR","potentialAction":[{"@type":"ReadAction","target":["https:\/\/solucionescontract.com\/ventas-personalizadas\/"]}]},{"@type":"BreadcrumbList","@id":"https:\/\/solucionescontract.com\/ventas-personalizadas\/#breadcrumb","itemListElement":[{"@type":"ListItem","position":1,"name":"Inicio","item":"https:\/\/solucionescontract.com\/"},{"@type":"ListItem","position":2,"name":"Ventes personnalis\u00e9es"}]},{"@type":"WebSite","@id":"https:\/\/solucionescontract.com\/#website","url":"https:\/\/solucionescontract.com\/","name":"Soluciones Contract","description":"Venta Mobiliario contract de dise\u00f1o","publisher":{"@id":"https:\/\/solucionescontract.com\/#organization"},"potentialAction":[{"@type":"SearchAction","target":{"@type":"EntryPoint","urlTemplate":"https:\/\/solucionescontract.com\/?s={search_term_string}"},"query-input":{"@type":"PropertyValueSpecification","valueRequired":true,"valueName":"search_term_string"}}],"inLanguage":"fr-FR"},{"@type":"Organization","@id":"https:\/\/solucionescontract.com\/#organization","name":"Soluciones Contract","url":"https:\/\/solucionescontract.com\/","logo":{"@type":"ImageObject","inLanguage":"fr-FR","@id":"https:\/\/solucionescontract.com\/#\/schema\/logo\/image\/","url":"https:\/\/solucionescontract.com\/wp-content\/uploads\/2020\/02\/logoSC.jpg","contentUrl":"https:\/\/solucionescontract.com\/wp-content\/uploads\/2020\/02\/logoSC.jpg","width":300,"height":125,"caption":"Soluciones Contract"},"image":{"@id":"https:\/\/solucionescontract.com\/#\/schema\/logo\/image\/"},"sameAs":["https:\/\/www.facebook.com\/solucionescontract\/"]}]}},"_links":{"self":[{"href":"https:\/\/solucionescontract.com\/fr\/wp-json\/wp\/v2\/pages\/17863","targetHints":{"allow":["GET"]}}],"collection":[{"href":"https:\/\/solucionescontract.com\/fr\/wp-json\/wp\/v2\/pages"}],"about":[{"href":"https:\/\/solucionescontract.com\/fr\/wp-json\/wp\/v2\/types\/page"}],"author":[{"embeddable":true,"href":"https:\/\/solucionescontract.com\/fr\/wp-json\/wp\/v2\/users\/1"}],"replies":[{"embeddable":true,"href":"https:\/\/solucionescontract.com\/fr\/wp-json\/wp\/v2\/comments?post=17863"}],"version-history":[{"count":0,"href":"https:\/\/solucionescontract.com\/fr\/wp-json\/wp\/v2\/pages\/17863\/revisions"}],"wp:attachment":[{"href":"https:\/\/solucionescontract.com\/fr\/wp-json\/wp\/v2\/media?parent=17863"}],"curies":[{"name":"wp","href":"https:\/\/api.w.org\/{rel}","templated":true}]}}