{"id":17854,"date":"2017-12-13T23:04:21","date_gmt":"2017-12-13T23:04:21","guid":{"rendered":"https:\/\/www.solucionescontract.com\/area-tecnica\/"},"modified":"2020-12-16T11:14:02","modified_gmt":"2020-12-16T11:14:02","slug":"area-tecnica","status":"publish","type":"page","link":"https:\/\/solucionescontract.com\/fr\/area-tecnica\/","title":{"rendered":"\u00c1rea T\u00e9cnica"},"content":{"rendered":"\t\t<div data-elementor-type=\"wp-page\" data-elementor-id=\"17854\" class=\"elementor elementor-17854\">\n\t\t\t\t\t\t<section class=\"wd-negative-gap elementor-section elementor-top-section elementor-element elementor-element-4b9e0e3f elementor-section-boxed elementor-section-height-default elementor-section-height-default\" data-id=\"4b9e0e3f\" data-element_type=\"section\">\n\t\t\t\t\t\t<div class=\"elementor-container elementor-column-gap-default\">\n\t\t\t\t\t<div class=\"elementor-column elementor-col-100 elementor-top-column elementor-element elementor-element-6b9883ee\" data-id=\"6b9883ee\" data-element_type=\"column\">\n\t\t\t<div class=\"elementor-widget-wrap elementor-element-populated\">\n\t\t\t\t\t\t<div class=\"elementor-element elementor-element-8ab4c40 elementor-widget elementor-widget-heading\" data-id=\"8ab4c40\" data-element_type=\"widget\" data-widget_type=\"heading.default\">\n\t\t\t\t<div class=\"elementor-widget-container\">\n\t\t\t\t\t<h3 class=\"elementor-heading-title elementor-size-default\">\nDERNIERS PROJETS:<\/h3>\t\t\t\t<\/div>\n\t\t\t\t<\/div>\n\t\t\t\t<div class=\"elementor-element elementor-element-a32bcd8 elementor-arrows-position-inside elementor-pagination-position-outside elementor-widget elementor-widget-image-carousel\" data-id=\"a32bcd8\" data-element_type=\"widget\" data-settings=\"{&quot;slides_to_show&quot;:&quot;1&quot;,&quot;pause_on_hover&quot;:&quot;no&quot;,&quot;pause_on_interaction&quot;:&quot;no&quot;,&quot;infinite&quot;:&quot;no&quot;,&quot;effect&quot;:&quot;fade&quot;,&quot;speed&quot;:2000,&quot;navigation&quot;:&quot;both&quot;,&quot;autoplay&quot;:&quot;yes&quot;,&quot;autoplay_speed&quot;:5000}\" data-widget_type=\"image-carousel.default\">\n\t\t\t\t<div class=\"elementor-widget-container\">\n\t\t\t\t\t\t\t<div class=\"elementor-image-carousel-wrapper swiper\" role=\"region\" aria-roledescription=\"carousel\" aria-label=\"Carrousel d\u2019images\" dir=\"ltr\">\n\t\t\t<div class=\"elementor-image-carousel swiper-wrapper\" aria-live=\"off\">\n\t\t\t\t\t\t\t\t<div class=\"swiper-slide\" role=\"group\" aria-roledescription=\"slide\" aria-label=\"1 sur 5\"><figure class=\"swiper-slide-inner\"><img decoding=\"async\" class=\"swiper-slide-image\" src=\"https:\/\/solucionescontract.com\/wp-content\/uploads\/2017\/12\/oficina-tecnica-soluciones-contract-1024x461.jpg\" alt=\"oficina tecnica soluciones contract\" \/><\/figure><\/div><div class=\"swiper-slide\" role=\"group\" aria-roledescription=\"slide\" aria-label=\"2 sur 5\"><figure class=\"swiper-slide-inner\"><img decoding=\"async\" class=\"swiper-slide-image\" src=\"https:\/\/solucionescontract.com\/wp-content\/uploads\/2017\/12\/oficina-tecnica-soluciones-contract-proyecto-cafeteria-1024x461.jpg\" alt=\"Amueblar mi negocio, estudios y presupuestos\" \/><\/figure><\/div><div class=\"swiper-slide\" role=\"group\" aria-roledescription=\"slide\" aria-label=\"3 sur 5\"><figure class=\"swiper-slide-inner\"><img decoding=\"async\" class=\"swiper-slide-image\" src=\"https:\/\/solucionescontract.com\/wp-content\/uploads\/2017\/12\/oficina-tecnica-soluciones-contract-proyecto-restaurante-1024x461.jpg\" alt=\"oficina tecnica soluciones contract proyecto restaurante\" \/><\/figure><\/div><div class=\"swiper-slide\" role=\"group\" aria-roledescription=\"slide\" aria-label=\"4 sur 5\"><figure class=\"swiper-slide-inner\"><img decoding=\"async\" class=\"swiper-slide-image\" src=\"https:\/\/solucionescontract.com\/wp-content\/uploads\/2017\/12\/oficina-tecnica-proyecto-asador-1024x461.jpg\" alt=\"oficina tecnica proyecto asador\" \/><\/figure><\/div><div class=\"swiper-slide\" role=\"group\" aria-roledescription=\"slide\" aria-label=\"5 sur 5\"><figure class=\"swiper-slide-inner\"><img decoding=\"async\" class=\"swiper-slide-image\" src=\"https:\/\/solucionescontract.com\/wp-content\/uploads\/2017\/12\/oficina-tecnica-soluciones-contract-proyecto-restaurante-asador-1024x461.jpg\" alt=\"Amueblar mi negocio, estudios y presupuestos\" \/><\/figure><\/div>\t\t\t<\/div>\n\t\t\t\t\t\t\t\t\t\t\t\t<div class=\"elementor-swiper-button elementor-swiper-button-prev\" role=\"button\" tabindex=\"0\">\n\t\t\t\t\t\t<i aria-hidden=\"true\" class=\"eicon-chevron-left\"><\/i>\t\t\t\t\t<\/div>\n\t\t\t\t\t<div class=\"elementor-swiper-button elementor-swiper-button-next\" role=\"button\" tabindex=\"0\">\n\t\t\t\t\t\t<i aria-hidden=\"true\" class=\"eicon-chevron-right\"><\/i>\t\t\t\t\t<\/div>\n\t\t\t\t\n\t\t\t\t\t\t\t\t\t<div class=\"swiper-pagination\"><\/div>\n\t\t\t\t\t\t\t\t\t<\/div>\n\t\t\t\t\t\t<\/div>\n\t\t\t\t<\/div>\n\t\t\t\t<section class=\"wd-negative-gap elementor-section elementor-inner-section elementor-element elementor-element-df003b7 elementor-section-boxed elementor-section-height-default elementor-section-height-default\" data-id=\"df003b7\" data-element_type=\"section\">\n\t\t\t\t\t\t<div class=\"elementor-container elementor-column-gap-default\">\n\t\t\t\t\t<div class=\"elementor-column elementor-col-50 elementor-inner-column elementor-element elementor-element-9203836\" data-id=\"9203836\" data-element_type=\"column\">\n\t\t\t<div class=\"elementor-widget-wrap elementor-element-populated\">\n\t\t\t\t\t\t<div class=\"elementor-element elementor-element-9e27cbe color-scheme-inherit text-left elementor-widget elementor-widget-text-editor\" data-id=\"9e27cbe\" data-element_type=\"widget\" data-widget_type=\"text-editor.default\">\n\t\t\t\t<div class=\"elementor-widget-container\">\n\t\t\t\t\t\t\t\t\t<h3 style=\"text-align: justify;\">\nSoluciones Contract dispose d&rsquo;un espace design sp\u00e9cialis\u00e9 dans la fourniture de services techniques dans le domaine du mobilier et de la d\u00e9coration;<\/h3>\n<p style=\"text-align: justify;\">En vous proposant de mani\u00e8re concr\u00e8te des \u00e9tudes d&rsquo;ameublement pour vos locaux ou votre entreprise, nous vous pr\u00e9sentons toujours des solutions adapt\u00e9es \u00e0 la fois aux crit\u00e8res esth\u00e9tiques et aux exigences fonctionnelles et \/ ou \u00e9conomiques. Accorder une attention particuli\u00e8re \u00e0 toutes sortes de facteurs inh\u00e9rents \u00e0 la conception tels que les utilisations et les g\u00e9om\u00e9tries de l&rsquo;espace, les types et degr\u00e9s d&rsquo;\u00e9clairage, les lieux de circulation et le flux naturel d&rsquo;activit\u00e9, la coordination dans l&rsquo;utilisation des mat\u00e9riaux, les couleurs, etc.<\/p>\n<p style=\"text-align: justify;\">\nDe mani\u00e8re g\u00e9n\u00e9rale, nous r\u00e9alisons des collaborations professionnelles avec des designers du secteur, apportant une valeur ajout\u00e9e \u00e0 leurs projets, comme la d\u00e9finition sp\u00e9cifique des meubles, les solutions \u00e9conomiques dans les dispositions budg\u00e9taires, les \u00e9valuations g\u00e9n\u00e9rales du mobilier propos\u00e9, la mise en place, ou simplement l&rsquo;assistance dans la r\u00e9alisation de la conception globale.<\/p>\t\t\t\t\t\t\t\t<\/div>\n\t\t\t\t<\/div>\n\t\t\t\t\t<\/div>\n\t\t<\/div>\n\t\t\t\t<div class=\"elementor-column elementor-col-50 elementor-inner-column elementor-element elementor-element-1442247\" data-id=\"1442247\" data-element_type=\"column\">\n\t\t\t<div class=\"elementor-widget-wrap elementor-element-populated\">\n\t\t\t\t\t\t<div class=\"elementor-element elementor-element-d06464f color-scheme-inherit text-left elementor-widget elementor-widget-text-editor\" data-id=\"d06464f\" data-element_type=\"widget\" data-widget_type=\"text-editor.default\">\n\t\t\t\t<div class=\"elementor-widget-container\">\n\t\t\t\t\t\t\t\t\t<div>\n<div>\n<div>\n<div>\n<div>\n<h3 style=\"text-align: center;\">\u00a0\nBureau technique<\/h3>\n<h3 style=\"text-align: center;\">\nEtudes d&rsquo;ameublement<\/h3>\n<h3 style=\"text-align: center;\">\nPersonal Shopper \/ Conseils<\/h3>\n<h3 style=\"text-align: center;\">Collaborations professionnelles<\/h3>\n<h3 style=\"text-align: center;\">\nDesign d&rsquo;int\u00e9rieur<\/h3>\n<p style=\"text-align: center;\">\nVous pouvez demander des informations \u00e0<\/p>\n\n<h5 style=\"text-align: center;\"><a href=\"mailto:areatecnica@solucionescontract.com\">areatecnica@solucionescontract.com<\/a><\/h5>\n<\/div>\n<\/div>\n<\/div>\n<\/div>\n<\/div>\t\t\t\t\t\t\t\t<\/div>\n\t\t\t\t<\/div>\n\t\t\t\t\t<\/div>\n\t\t<\/div>\n\t\t\t\t\t<\/div>\n\t\t<\/section>\n\t\t\t\t<section class=\"wd-negative-gap elementor-section elementor-inner-section elementor-element elementor-element-5df8bdc elementor-section-boxed elementor-section-height-default elementor-section-height-default\" data-id=\"5df8bdc\" data-element_type=\"section\">\n\t\t\t\t\t\t<div class=\"elementor-container elementor-column-gap-default\">\n\t\t\t\t\t<div class=\"elementor-column elementor-col-100 elementor-inner-column elementor-element elementor-element-78b1fd8\" data-id=\"78b1fd8\" data-element_type=\"column\">\n\t\t\t<div class=\"elementor-widget-wrap\">\n\t\t\t\t\t\t\t<\/div>\n\t\t<\/div>\n\t\t\t\t\t<\/div>\n\t\t<\/section>\n\t\t\t\t\t<\/div>\n\t\t<\/div>\n\t\t\t\t\t<\/div>\n\t\t<\/section>\n\t\t\t\t<\/div>\n\t\t","protected":false},"excerpt":{"rendered":"<p>DERNIERS PROJETS: Anterior Siguiente Soluciones Contract dispose d&rsquo;un espace design sp\u00e9cialis\u00e9 dans la fourniture de services techniques dans le domaine<\/p>\n","protected":false},"author":2,"featured_media":0,"parent":0,"menu_order":0,"comment_status":"closed","ping_status":"closed","template":"","meta":{"footnotes":""},"class_list":["post-17854","page","type-page","status-publish","hentry"],"yoast_head":"<!-- This site is optimized with the Yoast SEO plugin v27.4 - https:\/\/yoast.com\/product\/yoast-seo-wordpress\/ -->\n<title>\u00c1rea t\u00e9cnica Soluciones Contract. Proyectos y Asesoramiento.<\/title>\n<meta name=\"description\" content=\"Proyectos Mobiliario y equipamiento a medida, asesoramiento, Consulta a nuestra oficina t\u00e9cnica la soluci\u00f3n m\u00e1s adecuada para su negocio.\" \/>\n<meta name=\"robots\" content=\"index, follow, max-snippet:-1, max-image-preview:large, max-video-preview:-1\" \/>\n<link rel=\"canonical\" href=\"https:\/\/solucionescontract.com\/fr\/area-tecnica\/\" \/>\n<meta property=\"og:locale\" content=\"fr_FR\" \/>\n<meta property=\"og:type\" content=\"article\" \/>\n<meta property=\"og:title\" content=\"\u00c1rea t\u00e9cnica Soluciones Contract. Proyectos y Asesoramiento.\" \/>\n<meta property=\"og:description\" content=\"Proyectos Mobiliario y equipamiento a medida, asesoramiento, Consulta a nuestra oficina t\u00e9cnica la soluci\u00f3n m\u00e1s adecuada para su negocio.\" \/>\n<meta property=\"og:url\" content=\"https:\/\/solucionescontract.com\/fr\/area-tecnica\/\" \/>\n<meta property=\"og:site_name\" content=\"Soluciones Contract\" \/>\n<meta property=\"article:publisher\" content=\"https:\/\/www.facebook.com\/solucionescontract\/\" \/>\n<meta property=\"article:modified_time\" content=\"2020-12-16T11:14:02+00:00\" \/>\n<meta property=\"og:image\" content=\"https:\/\/solucionescontract.com\/wp-content\/uploads\/2017\/12\/oficina-tecnica-soluciones-contract-1024x461.jpg\" \/>\n<meta name=\"twitter:card\" content=\"summary_large_image\" \/>\n<meta name=\"twitter:label1\" content=\"Dur\u00e9e de lecture estim\u00e9e\" \/>\n\t<meta name=\"twitter:data1\" content=\"1 minute\" \/>\n<script type=\"application\/ld+json\" class=\"yoast-schema-graph\">{\"@context\":\"https:\\\/\\\/schema.org\",\"@graph\":[{\"@type\":\"WebPage\",\"@id\":\"https:\\\/\\\/solucionescontract.com\\\/fr\\\/area-tecnica\\\/\",\"url\":\"https:\\\/\\\/solucionescontract.com\\\/fr\\\/area-tecnica\\\/\",\"name\":\"\u00c1rea t\u00e9cnica Soluciones Contract. Proyectos y Asesoramiento.\",\"isPartOf\":{\"@id\":\"https:\\\/\\\/solucionescontract.com\\\/#website\"},\"primaryImageOfPage\":{\"@id\":\"https:\\\/\\\/solucionescontract.com\\\/fr\\\/area-tecnica\\\/#primaryimage\"},\"image\":{\"@id\":\"https:\\\/\\\/solucionescontract.com\\\/fr\\\/area-tecnica\\\/#primaryimage\"},\"thumbnailUrl\":\"https:\\\/\\\/solucionescontract.com\\\/wp-content\\\/uploads\\\/2017\\\/12\\\/oficina-tecnica-soluciones-contract-1024x461.jpg\",\"datePublished\":\"2017-12-13T23:04:21+00:00\",\"dateModified\":\"2020-12-16T11:14:02+00:00\",\"description\":\"Proyectos Mobiliario y equipamiento a medida, asesoramiento, Consulta a nuestra oficina t\u00e9cnica la soluci\u00f3n m\u00e1s adecuada para su negocio.\",\"breadcrumb\":{\"@id\":\"https:\\\/\\\/solucionescontract.com\\\/fr\\\/area-tecnica\\\/#breadcrumb\"},\"inLanguage\":\"fr-FR\",\"potentialAction\":[{\"@type\":\"ReadAction\",\"target\":[\"https:\\\/\\\/solucionescontract.com\\\/fr\\\/area-tecnica\\\/\"]}]},{\"@type\":\"ImageObject\",\"inLanguage\":\"fr-FR\",\"@id\":\"https:\\\/\\\/solucionescontract.com\\\/fr\\\/area-tecnica\\\/#primaryimage\",\"url\":\"https:\\\/\\\/solucionescontract.com\\\/wp-content\\\/uploads\\\/2017\\\/12\\\/oficina-tecnica-soluciones-contract-1024x461.jpg\",\"contentUrl\":\"https:\\\/\\\/solucionescontract.com\\\/wp-content\\\/uploads\\\/2017\\\/12\\\/oficina-tecnica-soluciones-contract-1024x461.jpg\"},{\"@type\":\"BreadcrumbList\",\"@id\":\"https:\\\/\\\/solucionescontract.com\\\/fr\\\/area-tecnica\\\/#breadcrumb\",\"itemListElement\":[{\"@type\":\"ListItem\",\"position\":1,\"name\":\"Inicio\",\"item\":\"https:\\\/\\\/solucionescontract.com\\\/\"},{\"@type\":\"ListItem\",\"position\":2,\"name\":\"\u00c1rea T\u00e9cnica\"}]},{\"@type\":\"WebSite\",\"@id\":\"https:\\\/\\\/solucionescontract.com\\\/#website\",\"url\":\"https:\\\/\\\/solucionescontract.com\\\/\",\"name\":\"Soluciones Contract\",\"description\":\"Venta Mobiliario contract de dise\u00f1o\",\"publisher\":{\"@id\":\"https:\\\/\\\/solucionescontract.com\\\/#organization\"},\"potentialAction\":[{\"@type\":\"SearchAction\",\"target\":{\"@type\":\"EntryPoint\",\"urlTemplate\":\"https:\\\/\\\/solucionescontract.com\\\/?s={search_term_string}\"},\"query-input\":{\"@type\":\"PropertyValueSpecification\",\"valueRequired\":true,\"valueName\":\"search_term_string\"}}],\"inLanguage\":\"fr-FR\"},{\"@type\":\"Organization\",\"@id\":\"https:\\\/\\\/solucionescontract.com\\\/#organization\",\"name\":\"Soluciones Contract\",\"url\":\"https:\\\/\\\/solucionescontract.com\\\/\",\"logo\":{\"@type\":\"ImageObject\",\"inLanguage\":\"fr-FR\",\"@id\":\"https:\\\/\\\/solucionescontract.com\\\/#\\\/schema\\\/logo\\\/image\\\/\",\"url\":\"https:\\\/\\\/solucionescontract.com\\\/wp-content\\\/uploads\\\/2020\\\/02\\\/logoSC.jpg\",\"contentUrl\":\"https:\\\/\\\/solucionescontract.com\\\/wp-content\\\/uploads\\\/2020\\\/02\\\/logoSC.jpg\",\"width\":300,\"height\":125,\"caption\":\"Soluciones Contract\"},\"image\":{\"@id\":\"https:\\\/\\\/solucionescontract.com\\\/#\\\/schema\\\/logo\\\/image\\\/\"},\"sameAs\":[\"https:\\\/\\\/www.facebook.com\\\/solucionescontract\\\/\"]}]}<\/script>\n<!-- \/ Yoast SEO plugin. -->","yoast_head_json":{"title":"\u00c1rea t\u00e9cnica Soluciones Contract. Proyectos y Asesoramiento.","description":"Proyectos Mobiliario y equipamiento a medida, asesoramiento, Consulta a nuestra oficina t\u00e9cnica la soluci\u00f3n m\u00e1s adecuada para su negocio.","robots":{"index":"index","follow":"follow","max-snippet":"max-snippet:-1","max-image-preview":"max-image-preview:large","max-video-preview":"max-video-preview:-1"},"canonical":"https:\/\/solucionescontract.com\/fr\/area-tecnica\/","og_locale":"fr_FR","og_type":"article","og_title":"\u00c1rea t\u00e9cnica Soluciones Contract. Proyectos y Asesoramiento.","og_description":"Proyectos Mobiliario y equipamiento a medida, asesoramiento, Consulta a nuestra oficina t\u00e9cnica la soluci\u00f3n m\u00e1s adecuada para su negocio.","og_url":"https:\/\/solucionescontract.com\/fr\/area-tecnica\/","og_site_name":"Soluciones Contract","article_publisher":"https:\/\/www.facebook.com\/solucionescontract\/","article_modified_time":"2020-12-16T11:14:02+00:00","og_image":[{"url":"https:\/\/solucionescontract.com\/wp-content\/uploads\/2017\/12\/oficina-tecnica-soluciones-contract-1024x461.jpg","type":"","width":"","height":""}],"twitter_card":"summary_large_image","twitter_misc":{"Dur\u00e9e de lecture estim\u00e9e":"1 minute"},"schema":{"@context":"https:\/\/schema.org","@graph":[{"@type":"WebPage","@id":"https:\/\/solucionescontract.com\/fr\/area-tecnica\/","url":"https:\/\/solucionescontract.com\/fr\/area-tecnica\/","name":"\u00c1rea t\u00e9cnica Soluciones Contract. Proyectos y Asesoramiento.","isPartOf":{"@id":"https:\/\/solucionescontract.com\/#website"},"primaryImageOfPage":{"@id":"https:\/\/solucionescontract.com\/fr\/area-tecnica\/#primaryimage"},"image":{"@id":"https:\/\/solucionescontract.com\/fr\/area-tecnica\/#primaryimage"},"thumbnailUrl":"https:\/\/solucionescontract.com\/wp-content\/uploads\/2017\/12\/oficina-tecnica-soluciones-contract-1024x461.jpg","datePublished":"2017-12-13T23:04:21+00:00","dateModified":"2020-12-16T11:14:02+00:00","description":"Proyectos Mobiliario y equipamiento a medida, asesoramiento, Consulta a nuestra oficina t\u00e9cnica la soluci\u00f3n m\u00e1s adecuada para su negocio.","breadcrumb":{"@id":"https:\/\/solucionescontract.com\/fr\/area-tecnica\/#breadcrumb"},"inLanguage":"fr-FR","potentialAction":[{"@type":"ReadAction","target":["https:\/\/solucionescontract.com\/fr\/area-tecnica\/"]}]},{"@type":"ImageObject","inLanguage":"fr-FR","@id":"https:\/\/solucionescontract.com\/fr\/area-tecnica\/#primaryimage","url":"https:\/\/solucionescontract.com\/wp-content\/uploads\/2017\/12\/oficina-tecnica-soluciones-contract-1024x461.jpg","contentUrl":"https:\/\/solucionescontract.com\/wp-content\/uploads\/2017\/12\/oficina-tecnica-soluciones-contract-1024x461.jpg"},{"@type":"BreadcrumbList","@id":"https:\/\/solucionescontract.com\/fr\/area-tecnica\/#breadcrumb","itemListElement":[{"@type":"ListItem","position":1,"name":"Inicio","item":"https:\/\/solucionescontract.com\/"},{"@type":"ListItem","position":2,"name":"\u00c1rea T\u00e9cnica"}]},{"@type":"WebSite","@id":"https:\/\/solucionescontract.com\/#website","url":"https:\/\/solucionescontract.com\/","name":"Soluciones Contract","description":"Venta Mobiliario contract de dise\u00f1o","publisher":{"@id":"https:\/\/solucionescontract.com\/#organization"},"potentialAction":[{"@type":"SearchAction","target":{"@type":"EntryPoint","urlTemplate":"https:\/\/solucionescontract.com\/?s={search_term_string}"},"query-input":{"@type":"PropertyValueSpecification","valueRequired":true,"valueName":"search_term_string"}}],"inLanguage":"fr-FR"},{"@type":"Organization","@id":"https:\/\/solucionescontract.com\/#organization","name":"Soluciones Contract","url":"https:\/\/solucionescontract.com\/","logo":{"@type":"ImageObject","inLanguage":"fr-FR","@id":"https:\/\/solucionescontract.com\/#\/schema\/logo\/image\/","url":"https:\/\/solucionescontract.com\/wp-content\/uploads\/2020\/02\/logoSC.jpg","contentUrl":"https:\/\/solucionescontract.com\/wp-content\/uploads\/2020\/02\/logoSC.jpg","width":300,"height":125,"caption":"Soluciones Contract"},"image":{"@id":"https:\/\/solucionescontract.com\/#\/schema\/logo\/image\/"},"sameAs":["https:\/\/www.facebook.com\/solucionescontract\/"]}]}},"_links":{"self":[{"href":"https:\/\/solucionescontract.com\/fr\/wp-json\/wp\/v2\/pages\/17854","targetHints":{"allow":["GET"]}}],"collection":[{"href":"https:\/\/solucionescontract.com\/fr\/wp-json\/wp\/v2\/pages"}],"about":[{"href":"https:\/\/solucionescontract.com\/fr\/wp-json\/wp\/v2\/types\/page"}],"author":[{"embeddable":true,"href":"https:\/\/solucionescontract.com\/fr\/wp-json\/wp\/v2\/users\/2"}],"replies":[{"embeddable":true,"href":"https:\/\/solucionescontract.com\/fr\/wp-json\/wp\/v2\/comments?post=17854"}],"version-history":[{"count":0,"href":"https:\/\/solucionescontract.com\/fr\/wp-json\/wp\/v2\/pages\/17854\/revisions"}],"wp:attachment":[{"href":"https:\/\/solucionescontract.com\/fr\/wp-json\/wp\/v2\/media?parent=17854"}],"curies":[{"name":"wp","href":"https:\/\/api.w.org\/{rel}","templated":true}]}}