{"id":31015,"date":"2023-11-27T11:23:38","date_gmt":"2023-11-27T10:23:38","guid":{"rendered":"https:\/\/www.solucionescontract.com\/?post_type=product&#038;p=31015"},"modified":"2025-04-07T16:51:10","modified_gmt":"2025-04-07T15:51:10","slug":"silla-tapizada-alamo","status":"publish","type":"product","link":"https:\/\/solucionescontract.com\/en\/producto\/silla-tapizada-alamo\/","title":{"rendered":"SILLA TAPIZADA \u00c1LAMO."},"content":{"rendered":"<p>La <em><strong>Silla tapizada<\/strong><strong>\u00a0\u00c1lamo <\/strong><\/em>destaca por su dise\u00f1o elemental y ligero. Posee el asiento y respaldo tapizado aumentado su confort.<\/p>\n<p>Destaca la forma curva de su respaldo que mejora el apoyo de la espalda y le aporta mayor comodidad.\u00a0 La silla se apoya sobre una fina estructura met\u00e1lica que le convierten en una pieza estilizada.<\/p>\n<p>Gracias a su dise\u00f1o estamos ante una silla muy vers\u00e1til que podr\u00e1s disponer en espacios contract, habitaciones de hotel , oficinas, y en estancias dom\u00e9sticas salones de apartamentos, cocinas, comedores&#8230;.<\/p>\n<p>La silla tapizada \u00e1lamo se fabrica sobre bastidor met\u00e1lico disponible en diversos acabados. Consulta la variedad de acabados para las patas\u00a0 <a href=\"https:\/\/solucionescontract.com\/producto\/colores-metalicos-para-patas\/\">AQU\u00cd.\u00a0<\/a><\/p>\n<p>Existen una <strong>amplia variedad de tapizados<\/strong> a consultar <a href=\"https:\/\/solucionescontract.com\/producto\/tapizados-pemi\/\">AQU\u00cd.<\/a><\/p>\n<p>MEDIDAS: Alto 78 cm. Fondo 48 cm. Ancho 46 cm.<\/p>\n<p><a href=\"https:\/\/solucionescontract.com\/wp-content\/uploads\/2023\/11\/Captura-de-pantalla-2023-11-23-172359.png\"><img decoding=\"async\" class=\" wd-lazy-fade alignnone wp-image-31022 size-full\" src=\"https:\/\/solucionescontract.com\/wp-content\/themes\/woodmart\/images\/lazy.svg\" data-src=\"https:\/\/solucionescontract.com\/wp-content\/uploads\/2023\/11\/Captura-de-pantalla-2023-11-23-172359.png\" alt=\"\" width=\"228\" height=\"263\" srcset=\"\" data-srcset=\"https:\/\/solucionescontract.com\/wp-content\/uploads\/2023\/11\/Captura-de-pantalla-2023-11-23-172359.png 228w, https:\/\/solucionescontract.com\/wp-content\/uploads\/2023\/11\/Captura-de-pantalla-2023-11-23-172359-17x20.png 17w, https:\/\/solucionescontract.com\/wp-content\/uploads\/2023\/11\/Captura-de-pantalla-2023-11-23-172359-150x173.png 150w\" sizes=\"(max-width: 228px) 100vw, 228px\" \/><\/a><\/p>\n","protected":false},"excerpt":{"rendered":"<ul>\n<li>\u00a0Silla tapizada\u00a0 con bastidor met\u00e1lico apta para uso contract y de hogar.<\/li>\n<li>Asiento y respaldo tapizados en tejido anti manchas,\u00a0 textil Ander 12. Otros tapizados <a href=\"https:\/\/solucionescontract.com\/producto\/tapizados-pemi\/\"><em><strong>consultar aqu\u00ed.<\/strong><\/em><\/a><\/li>\n<li>Patas con estructura met\u00e1lica color negro . Otros acabados disponibles<a href=\"https:\/\/solucionescontract.com\/producto\/colores-metalicos-para-patas\/\"> consultar .<\/a><\/li>\n<li>Uso interior.<\/li>\n<li>Fabricaci\u00f3n nacional.<\/li>\n<li>Medidas: 78x48x46cm<\/li>\n<li>Altura de asiento 49 cm<\/li>\n<\/ul>\n<p>(Env\u00edo gratuito a partir de compra de 4 unidades).<\/p>\n<p><strong>FOTO: Estructura met\u00e1lica color negro y tapizado Ander 12.<\/strong><\/p>\n","protected":false},"featured_media":31064,"comment_status":"open","ping_status":"closed","template":"","meta":[],"product_brand":[],"product_cat":[221,46],"product_tag":[],"class_list":{"0":"post-31015","1":"product","2":"type-product","3":"status-publish","4":"has-post-thumbnail","6":"product_cat-asientos-para-contract","7":"product_cat-sillas-contract","8":"product_shipping_class-envio-gratuito","9":"yith_product_brand-pemi","11":"first","12":"instock","13":"taxable","14":"shipping-taxable","15":"purchasable","16":"product-type-simple"},"yoast_head":"<!-- This site is optimized with the Yoast SEO plugin v27.3 - https:\/\/yoast.com\/product\/yoast-seo-wordpress\/ -->\n<title>SILLA TAPIZADA \u00c1LAMO. - Muebles de dise\u00f1o en Soluciones Contract<\/title>\n<meta name=\"description\" content=\"Compra SILLA TAPIZADA \u00c1LAMO. online en nuestra tienda de muebles Contract. Encuentra el mejor MOBILIARIO DE DISE\u00d1O para Hotel, Hogar y uso comercial.\" \/>\n<meta name=\"robots\" content=\"index, follow, max-snippet:-1, max-image-preview:large, max-video-preview:-1\" \/>\n<link rel=\"canonical\" href=\"https:\/\/solucionescontract.com\/producto\/silla-tapizada-alamo\/\" \/>\n<meta property=\"og:locale\" content=\"en_US\" \/>\n<meta property=\"og:type\" content=\"article\" \/>\n<meta property=\"og:title\" content=\"SILLA TAPIZADA \u00c1LAMO. - Muebles de dise\u00f1o en Soluciones Contract\" \/>\n<meta property=\"og:description\" content=\"Compra SILLA TAPIZADA \u00c1LAMO. online en nuestra tienda de muebles Contract. Encuentra el mejor MOBILIARIO DE DISE\u00d1O para Hotel, Hogar y uso comercial.\" \/>\n<meta property=\"og:url\" content=\"https:\/\/solucionescontract.com\/producto\/silla-tapizada-alamo\/\" \/>\n<meta property=\"og:site_name\" content=\"Soluciones Contract\" \/>\n<meta property=\"article:publisher\" content=\"https:\/\/www.facebook.com\/solucionescontract\/\" \/>\n<meta property=\"article:modified_time\" content=\"2025-04-07T15:51:10+00:00\" \/>\n<meta property=\"og:image\" content=\"https:\/\/solucionescontract.com\/wp-content\/uploads\/2023\/11\/silla-tapizada-alamo.jpg\" \/>\n\t<meta property=\"og:image:width\" content=\"1000\" \/>\n\t<meta property=\"og:image:height\" content=\"1000\" \/>\n\t<meta property=\"og:image:type\" content=\"image\/jpeg\" \/>\n<meta name=\"twitter:card\" content=\"summary_large_image\" \/>\n<meta name=\"twitter:label1\" content=\"Est. reading time\" \/>\n\t<meta name=\"twitter:data1\" content=\"2 minutes\" \/>\n<script type=\"application\/ld+json\" class=\"yoast-schema-graph\">{\"@context\":\"https:\\\/\\\/schema.org\",\"@graph\":[{\"@type\":\"WebPage\",\"@id\":\"https:\\\/\\\/solucionescontract.com\\\/producto\\\/silla-tapizada-alamo\\\/\",\"url\":\"https:\\\/\\\/solucionescontract.com\\\/producto\\\/silla-tapizada-alamo\\\/\",\"name\":\"SILLA TAPIZADA \u00c1LAMO. - Muebles de dise\u00f1o en Soluciones Contract\",\"isPartOf\":{\"@id\":\"https:\\\/\\\/solucionescontract.com\\\/#website\"},\"primaryImageOfPage\":{\"@id\":\"https:\\\/\\\/solucionescontract.com\\\/producto\\\/silla-tapizada-alamo\\\/#primaryimage\"},\"image\":{\"@id\":\"https:\\\/\\\/solucionescontract.com\\\/producto\\\/silla-tapizada-alamo\\\/#primaryimage\"},\"thumbnailUrl\":\"https:\\\/\\\/solucionescontract.com\\\/wp-content\\\/uploads\\\/2023\\\/11\\\/silla-tapizada-alamo.jpg\",\"datePublished\":\"2023-11-27T10:23:38+00:00\",\"dateModified\":\"2025-04-07T15:51:10+00:00\",\"description\":\"Compra SILLA TAPIZADA \u00c1LAMO. online en nuestra tienda de muebles Contract. Encuentra el mejor MOBILIARIO DE DISE\u00d1O para Hotel, Hogar y uso comercial.\",\"breadcrumb\":{\"@id\":\"https:\\\/\\\/solucionescontract.com\\\/producto\\\/silla-tapizada-alamo\\\/#breadcrumb\"},\"inLanguage\":\"en-US\",\"potentialAction\":[{\"@type\":\"ReadAction\",\"target\":[\"https:\\\/\\\/solucionescontract.com\\\/producto\\\/silla-tapizada-alamo\\\/\"]}]},{\"@type\":\"ImageObject\",\"inLanguage\":\"en-US\",\"@id\":\"https:\\\/\\\/solucionescontract.com\\\/producto\\\/silla-tapizada-alamo\\\/#primaryimage\",\"url\":\"https:\\\/\\\/solucionescontract.com\\\/wp-content\\\/uploads\\\/2023\\\/11\\\/silla-tapizada-alamo.jpg\",\"contentUrl\":\"https:\\\/\\\/solucionescontract.com\\\/wp-content\\\/uploads\\\/2023\\\/11\\\/silla-tapizada-alamo.jpg\",\"width\":1000,\"height\":1000,\"caption\":\"silla tapizada \u00e1lamo\"},{\"@type\":\"BreadcrumbList\",\"@id\":\"https:\\\/\\\/solucionescontract.com\\\/producto\\\/silla-tapizada-alamo\\\/#breadcrumb\",\"itemListElement\":[{\"@type\":\"ListItem\",\"position\":1,\"name\":\"Inicio\",\"item\":\"https:\\\/\\\/solucionescontract.com\\\/\"},{\"@type\":\"ListItem\",\"position\":2,\"name\":\"Tienda mobiliario contract\",\"item\":\"https:\\\/\\\/solucionescontract.com\\\/tienda-mobiliario-contract\\\/\"},{\"@type\":\"ListItem\",\"position\":3,\"name\":\"Asientos Contract\",\"item\":\"https:\\\/\\\/solucionescontract.com\\\/categoria-producto\\\/asientos-para-contract\\\/\"},{\"@type\":\"ListItem\",\"position\":4,\"name\":\"Sillas Contract\",\"item\":\"https:\\\/\\\/solucionescontract.com\\\/categoria-producto\\\/asientos-para-contract\\\/sillas-contract\\\/\"},{\"@type\":\"ListItem\",\"position\":5,\"name\":\"SILLA TAPIZADA \u00c1LAMO.\"}]},{\"@type\":\"WebSite\",\"@id\":\"https:\\\/\\\/solucionescontract.com\\\/#website\",\"url\":\"https:\\\/\\\/solucionescontract.com\\\/\",\"name\":\"Soluciones Contract\",\"description\":\"Venta Mobiliario contract de dise\u00f1o\",\"publisher\":{\"@id\":\"https:\\\/\\\/solucionescontract.com\\\/#organization\"},\"potentialAction\":[{\"@type\":\"SearchAction\",\"target\":{\"@type\":\"EntryPoint\",\"urlTemplate\":\"https:\\\/\\\/solucionescontract.com\\\/?s={search_term_string}\"},\"query-input\":{\"@type\":\"PropertyValueSpecification\",\"valueRequired\":true,\"valueName\":\"search_term_string\"}}],\"inLanguage\":\"en-US\"},{\"@type\":\"Organization\",\"@id\":\"https:\\\/\\\/solucionescontract.com\\\/#organization\",\"name\":\"Soluciones Contract\",\"url\":\"https:\\\/\\\/solucionescontract.com\\\/\",\"logo\":{\"@type\":\"ImageObject\",\"inLanguage\":\"en-US\",\"@id\":\"https:\\\/\\\/solucionescontract.com\\\/#\\\/schema\\\/logo\\\/image\\\/\",\"url\":\"https:\\\/\\\/solucionescontract.com\\\/wp-content\\\/uploads\\\/2020\\\/02\\\/logoSC.jpg\",\"contentUrl\":\"https:\\\/\\\/solucionescontract.com\\\/wp-content\\\/uploads\\\/2020\\\/02\\\/logoSC.jpg\",\"width\":300,\"height\":125,\"caption\":\"Soluciones Contract\"},\"image\":{\"@id\":\"https:\\\/\\\/solucionescontract.com\\\/#\\\/schema\\\/logo\\\/image\\\/\"},\"sameAs\":[\"https:\\\/\\\/www.facebook.com\\\/solucionescontract\\\/\"]}]}<\/script>\n<!-- \/ Yoast SEO plugin. -->","yoast_head_json":{"title":"SILLA TAPIZADA \u00c1LAMO. - Muebles de dise\u00f1o en Soluciones Contract","description":"Compra SILLA TAPIZADA \u00c1LAMO. online en nuestra tienda de muebles Contract. Encuentra el mejor MOBILIARIO DE DISE\u00d1O para Hotel, Hogar y uso comercial.","robots":{"index":"index","follow":"follow","max-snippet":"max-snippet:-1","max-image-preview":"max-image-preview:large","max-video-preview":"max-video-preview:-1"},"canonical":"https:\/\/solucionescontract.com\/producto\/silla-tapizada-alamo\/","og_locale":"en_US","og_type":"article","og_title":"SILLA TAPIZADA \u00c1LAMO. - Muebles de dise\u00f1o en Soluciones Contract","og_description":"Compra SILLA TAPIZADA \u00c1LAMO. online en nuestra tienda de muebles Contract. Encuentra el mejor MOBILIARIO DE DISE\u00d1O para Hotel, Hogar y uso comercial.","og_url":"https:\/\/solucionescontract.com\/producto\/silla-tapizada-alamo\/","og_site_name":"Soluciones Contract","article_publisher":"https:\/\/www.facebook.com\/solucionescontract\/","article_modified_time":"2025-04-07T15:51:10+00:00","og_image":[{"width":1000,"height":1000,"url":"https:\/\/solucionescontract.com\/wp-content\/uploads\/2023\/11\/silla-tapizada-alamo.jpg","type":"image\/jpeg"}],"twitter_card":"summary_large_image","twitter_misc":{"Est. reading time":"2 minutes"},"schema":{"@context":"https:\/\/schema.org","@graph":[{"@type":"WebPage","@id":"https:\/\/solucionescontract.com\/producto\/silla-tapizada-alamo\/","url":"https:\/\/solucionescontract.com\/producto\/silla-tapizada-alamo\/","name":"SILLA TAPIZADA \u00c1LAMO. - Muebles de dise\u00f1o en Soluciones Contract","isPartOf":{"@id":"https:\/\/solucionescontract.com\/#website"},"primaryImageOfPage":{"@id":"https:\/\/solucionescontract.com\/producto\/silla-tapizada-alamo\/#primaryimage"},"image":{"@id":"https:\/\/solucionescontract.com\/producto\/silla-tapizada-alamo\/#primaryimage"},"thumbnailUrl":"https:\/\/solucionescontract.com\/wp-content\/uploads\/2023\/11\/silla-tapizada-alamo.jpg","datePublished":"2023-11-27T10:23:38+00:00","dateModified":"2025-04-07T15:51:10+00:00","description":"Compra SILLA TAPIZADA \u00c1LAMO. online en nuestra tienda de muebles Contract. Encuentra el mejor MOBILIARIO DE DISE\u00d1O para Hotel, Hogar y uso comercial.","breadcrumb":{"@id":"https:\/\/solucionescontract.com\/producto\/silla-tapizada-alamo\/#breadcrumb"},"inLanguage":"en-US","potentialAction":[{"@type":"ReadAction","target":["https:\/\/solucionescontract.com\/producto\/silla-tapizada-alamo\/"]}]},{"@type":"ImageObject","inLanguage":"en-US","@id":"https:\/\/solucionescontract.com\/producto\/silla-tapizada-alamo\/#primaryimage","url":"https:\/\/solucionescontract.com\/wp-content\/uploads\/2023\/11\/silla-tapizada-alamo.jpg","contentUrl":"https:\/\/solucionescontract.com\/wp-content\/uploads\/2023\/11\/silla-tapizada-alamo.jpg","width":1000,"height":1000,"caption":"silla tapizada \u00e1lamo"},{"@type":"BreadcrumbList","@id":"https:\/\/solucionescontract.com\/producto\/silla-tapizada-alamo\/#breadcrumb","itemListElement":[{"@type":"ListItem","position":1,"name":"Inicio","item":"https:\/\/solucionescontract.com\/"},{"@type":"ListItem","position":2,"name":"Tienda mobiliario contract","item":"https:\/\/solucionescontract.com\/tienda-mobiliario-contract\/"},{"@type":"ListItem","position":3,"name":"Asientos Contract","item":"https:\/\/solucionescontract.com\/categoria-producto\/asientos-para-contract\/"},{"@type":"ListItem","position":4,"name":"Sillas Contract","item":"https:\/\/solucionescontract.com\/categoria-producto\/asientos-para-contract\/sillas-contract\/"},{"@type":"ListItem","position":5,"name":"SILLA TAPIZADA \u00c1LAMO."}]},{"@type":"WebSite","@id":"https:\/\/solucionescontract.com\/#website","url":"https:\/\/solucionescontract.com\/","name":"Soluciones Contract","description":"Venta Mobiliario contract de dise\u00f1o","publisher":{"@id":"https:\/\/solucionescontract.com\/#organization"},"potentialAction":[{"@type":"SearchAction","target":{"@type":"EntryPoint","urlTemplate":"https:\/\/solucionescontract.com\/?s={search_term_string}"},"query-input":{"@type":"PropertyValueSpecification","valueRequired":true,"valueName":"search_term_string"}}],"inLanguage":"en-US"},{"@type":"Organization","@id":"https:\/\/solucionescontract.com\/#organization","name":"Soluciones Contract","url":"https:\/\/solucionescontract.com\/","logo":{"@type":"ImageObject","inLanguage":"en-US","@id":"https:\/\/solucionescontract.com\/#\/schema\/logo\/image\/","url":"https:\/\/solucionescontract.com\/wp-content\/uploads\/2020\/02\/logoSC.jpg","contentUrl":"https:\/\/solucionescontract.com\/wp-content\/uploads\/2020\/02\/logoSC.jpg","width":300,"height":125,"caption":"Soluciones Contract"},"image":{"@id":"https:\/\/solucionescontract.com\/#\/schema\/logo\/image\/"},"sameAs":["https:\/\/www.facebook.com\/solucionescontract\/"]}]}},"_links":{"self":[{"href":"https:\/\/solucionescontract.com\/en\/wp-json\/wp\/v2\/product\/31015","targetHints":{"allow":["GET"]}}],"collection":[{"href":"https:\/\/solucionescontract.com\/en\/wp-json\/wp\/v2\/product"}],"about":[{"href":"https:\/\/solucionescontract.com\/en\/wp-json\/wp\/v2\/types\/product"}],"replies":[{"embeddable":true,"href":"https:\/\/solucionescontract.com\/en\/wp-json\/wp\/v2\/comments?post=31015"}],"wp:featuredmedia":[{"embeddable":true,"href":"https:\/\/solucionescontract.com\/en\/wp-json\/wp\/v2\/media\/31064"}],"wp:attachment":[{"href":"https:\/\/solucionescontract.com\/en\/wp-json\/wp\/v2\/media?parent=31015"}],"wp:term":[{"taxonomy":"product_brand","embeddable":true,"href":"https:\/\/solucionescontract.com\/en\/wp-json\/wp\/v2\/product_brand?post=31015"},{"taxonomy":"product_cat","embeddable":true,"href":"https:\/\/solucionescontract.com\/en\/wp-json\/wp\/v2\/product_cat?post=31015"},{"taxonomy":"product_tag","embeddable":true,"href":"https:\/\/solucionescontract.com\/en\/wp-json\/wp\/v2\/product_tag?post=31015"}],"curies":[{"name":"wp","href":"https:\/\/api.w.org\/{rel}","templated":true}]}}