{"id":30458,"date":"2023-09-11T11:52:14","date_gmt":"2023-09-11T10:52:14","guid":{"rendered":"https:\/\/www.solucionescontract.com\/?post_type=product&#038;p=30458"},"modified":"2025-02-26T19:11:31","modified_gmt":"2025-02-26T18:11:31","slug":"mesa-mon-rectangular-extensible","status":"publish","type":"product","link":"https:\/\/solucionescontract.com\/en\/producto\/mesa-mon-rectangular-extensible\/","title":{"rendered":"MESA MON RECTANGULAR EXTENSIBLE."},"content":{"rendered":"<p><strong>Elegante mesa Mon de forma rectangular y extensible<\/strong> nos cautiva por su dise\u00f1o excepcional que podr\u00e1 lucir a lo grande en tu sal\u00f3n, comedor, cocina o en cualquier otra estancia que se quiera decorar con esta mesa exclusiva ya sea de uso contract o para el hogar.<\/p>\n<p>En cuanto a materiales, presenta una enciemera en chapa de melamina de 7 cm de grosor y patas met\u00e1licas.<\/p>\n<p>la mesa <strong>podr\u00e1s dise\u00f1arla<\/strong> adem\u00e1s del modelo que te presentamos podr\u00e1s dise\u00f1arla a tu gusto con nuestra <strong>gran variedad de acabados<\/strong>\u00a0 a elegir en <em><strong><a href=\"https:\/\/solucionescontract.com\/producto\/acabados-melaminas-pemi\">melamina<\/a><\/strong> para la base y con diferentes tonalidades para las patas met\u00e1licas; pincha <strong><a href=\"https:\/\/solucionescontract.com\/producto\/colores-metalicos-para-patas\/\">aqu\u00ed.<\/a><\/strong><\/em><\/p>\n<p>2 medidas disponibles: 140 x 90 cm y 160 x 90 cm. Con <strong><em>extensible<\/em> <\/strong>de 70 cm.<\/p>\n<p>Extensible mediante un <em><b>sistema de apertura con gu\u00edas sincronizadas.<\/b><\/em><\/p>\n<p><strong>\u00bfTe gustaron nuestras sillas? Pincha <a href=\"https:\/\/solucionescontract.com\/?post_type=product&amp;p=30631&amp;preview=true\">AQUI. <\/a><\/strong><\/p>\n<h3><\/h3>\n<p>Otras opciones:<\/p>\n<p>Si tienes preferencia por una mesa redonda extensible pincha <a href=\"https:\/\/solucionescontract.com\/wp-admin\/post.php?action=edit&amp;post=30460\">AQU\u00cd.\u00a0<\/a><\/p>\n<p>&nbsp;<\/p>\n<p>&nbsp;<\/p>\n<p>&nbsp;<\/p>\n<p>&nbsp;<\/p>\n<p>&nbsp;<\/p>\n<p>&nbsp;<\/p>\n<p>&nbsp;<\/p>\n","protected":false},"excerpt":{"rendered":"<ul>\n<li style=\"text-align: justify;\">\u00a0Mesa rectangular extensible caracterizada por su pie central con finas patas cruzadas\u00a0 y encimera en chapa de melamina de 7 cm de grosor.<\/li>\n<li>2 medidas disponibles: 140 x 90 cm\u00a0 extensible a 210cm\u00a0 y 160 x 90 cm extensible a 230cm<\/li>\n<li>Extensi\u00f3n de 70 cm (con f\u00e1cil apertura).<\/li>\n<li>Uso interior.<\/li>\n<li>Fabricaci\u00f3n nacional.<\/li>\n<\/ul>\n<p>&nbsp;<\/p>\n<ul>\n<li>Foto: <strong style=\"color: #1b1919; font-size: 18px;\"><em>Encimera melamina acabado stone y patas met\u00e1licas en negro.<\/em><\/strong><\/li>\n<li>Otros acabados encimera consultar <strong><em>\u00a0<\/em><\/strong><a style=\"font-size: 22px;\" href=\"https:\/\/solucionescontract.com\/producto\/acabados-melaminas-pemi\"><strong><em>aqu\u00ed<\/em><\/strong><\/a><\/li>\n<\/ul>\n<p>&nbsp;<\/p>\n","protected":false},"featured_media":30646,"comment_status":"open","ping_status":"closed","template":"","meta":[],"product_brand":[],"product_cat":[361,72],"product_tag":[309,52,1109,412],"class_list":{"0":"post-30458","1":"product","2":"type-product","3":"status-publish","4":"has-post-thumbnail","6":"product_cat-mesa-comedor","7":"product_cat-mesas-de-diseno","8":"product_tag-mesas-comedor-extensibles","9":"product_tag-interior","10":"product_tag-melamina","11":"product_tag-mesa-de-madera","12":"product_shipping_class-envio-gratuito","13":"yith_product_brand-pemi","15":"first","16":"instock","17":"taxable","18":"shipping-taxable","19":"purchasable","20":"product-type-variable"},"yoast_head":"<!-- This site is optimized with the Yoast SEO plugin v27.3 - https:\/\/yoast.com\/product\/yoast-seo-wordpress\/ -->\n<title>MESA MON RECTANGULAR EXTENSIBLE. - Muebles de dise\u00f1o en Soluciones Contract<\/title>\n<meta name=\"description\" content=\"Compra MESA MON RECTANGULAR EXTENSIBLE. online en nuestra tienda de muebles Contract. Encuentra el mejor MOBILIARIO DE DISE\u00d1O para Hotel, Hogar y uso comercial. Descubre las mejores marcas en nuestro cat\u00e1logo.\" \/>\n<meta name=\"robots\" content=\"index, follow, max-snippet:-1, max-image-preview:large, max-video-preview:-1\" \/>\n<link rel=\"canonical\" href=\"https:\/\/solucionescontract.com\/en\/producto\/mesa-mon-rectangular-extensible\/\" \/>\n<meta property=\"og:locale\" content=\"en_US\" \/>\n<meta property=\"og:type\" content=\"article\" \/>\n<meta property=\"og:title\" content=\"MESA MON RECTANGULAR EXTENSIBLE. - Muebles de dise\u00f1o en Soluciones Contract\" \/>\n<meta property=\"og:description\" content=\"Compra MESA MON RECTANGULAR EXTENSIBLE. online en nuestra tienda de muebles Contract. Encuentra el mejor MOBILIARIO DE DISE\u00d1O para Hotel, Hogar y uso comercial. Descubre las mejores marcas en nuestro cat\u00e1logo.\" \/>\n<meta property=\"og:url\" content=\"https:\/\/solucionescontract.com\/en\/producto\/mesa-mon-rectangular-extensible\/\" \/>\n<meta property=\"og:site_name\" content=\"Soluciones Contract\" \/>\n<meta property=\"article:publisher\" content=\"https:\/\/www.facebook.com\/solucionescontract\/\" \/>\n<meta property=\"article:modified_time\" content=\"2025-02-26T18:11:31+00:00\" \/>\n<meta property=\"og:image\" content=\"https:\/\/solucionescontract.com\/wp-content\/uploads\/2023\/09\/Mesa-Mon-foto-cuadrada.jpg\" \/>\n\t<meta property=\"og:image:width\" content=\"430\" \/>\n\t<meta property=\"og:image:height\" content=\"430\" \/>\n\t<meta property=\"og:image:type\" content=\"image\/jpeg\" \/>\n<meta name=\"twitter:card\" content=\"summary_large_image\" \/>\n<meta name=\"twitter:label1\" content=\"Est. reading time\" \/>\n\t<meta name=\"twitter:data1\" content=\"2 minutes\" \/>\n<script type=\"application\/ld+json\" class=\"yoast-schema-graph\">{\"@context\":\"https:\\\/\\\/schema.org\",\"@graph\":[{\"@type\":\"WebPage\",\"@id\":\"https:\\\/\\\/solucionescontract.com\\\/en\\\/producto\\\/mesa-mon-rectangular-extensible\\\/\",\"url\":\"https:\\\/\\\/solucionescontract.com\\\/en\\\/producto\\\/mesa-mon-rectangular-extensible\\\/\",\"name\":\"MESA MON RECTANGULAR EXTENSIBLE. - Muebles de dise\u00f1o en Soluciones Contract\",\"isPartOf\":{\"@id\":\"https:\\\/\\\/solucionescontract.com\\\/#website\"},\"primaryImageOfPage\":{\"@id\":\"https:\\\/\\\/solucionescontract.com\\\/en\\\/producto\\\/mesa-mon-rectangular-extensible\\\/#primaryimage\"},\"image\":{\"@id\":\"https:\\\/\\\/solucionescontract.com\\\/en\\\/producto\\\/mesa-mon-rectangular-extensible\\\/#primaryimage\"},\"thumbnailUrl\":\"https:\\\/\\\/solucionescontract.com\\\/wp-content\\\/uploads\\\/2023\\\/09\\\/Mesa-Mon-foto-cuadrada.jpg\",\"datePublished\":\"2023-09-11T10:52:14+00:00\",\"dateModified\":\"2025-02-26T18:11:31+00:00\",\"description\":\"Compra MESA MON RECTANGULAR EXTENSIBLE. online en nuestra tienda de muebles Contract. Encuentra el mejor MOBILIARIO DE DISE\u00d1O para Hotel, Hogar y uso comercial. Descubre las mejores marcas en nuestro cat\u00e1logo.\",\"breadcrumb\":{\"@id\":\"https:\\\/\\\/solucionescontract.com\\\/en\\\/producto\\\/mesa-mon-rectangular-extensible\\\/#breadcrumb\"},\"inLanguage\":\"en-US\",\"potentialAction\":[{\"@type\":\"ReadAction\",\"target\":[\"https:\\\/\\\/solucionescontract.com\\\/en\\\/producto\\\/mesa-mon-rectangular-extensible\\\/\"]}]},{\"@type\":\"ImageObject\",\"inLanguage\":\"en-US\",\"@id\":\"https:\\\/\\\/solucionescontract.com\\\/en\\\/producto\\\/mesa-mon-rectangular-extensible\\\/#primaryimage\",\"url\":\"https:\\\/\\\/solucionescontract.com\\\/wp-content\\\/uploads\\\/2023\\\/09\\\/Mesa-Mon-foto-cuadrada.jpg\",\"contentUrl\":\"https:\\\/\\\/solucionescontract.com\\\/wp-content\\\/uploads\\\/2023\\\/09\\\/Mesa-Mon-foto-cuadrada.jpg\",\"width\":430,\"height\":430},{\"@type\":\"BreadcrumbList\",\"@id\":\"https:\\\/\\\/solucionescontract.com\\\/en\\\/producto\\\/mesa-mon-rectangular-extensible\\\/#breadcrumb\",\"itemListElement\":[{\"@type\":\"ListItem\",\"position\":1,\"name\":\"Inicio\",\"item\":\"https:\\\/\\\/solucionescontract.com\\\/\"},{\"@type\":\"ListItem\",\"position\":2,\"name\":\"Tienda mobiliario contract\",\"item\":\"https:\\\/\\\/solucionescontract.com\\\/tienda-mobiliario-contract\\\/\"},{\"@type\":\"ListItem\",\"position\":3,\"name\":\"Mesas de dise\u00f1o\",\"item\":\"https:\\\/\\\/solucionescontract.com\\\/categoria-producto\\\/mesas-de-diseno\\\/\"},{\"@type\":\"ListItem\",\"position\":4,\"name\":\"MESA MON RECTANGULAR EXTENSIBLE.\"}]},{\"@type\":\"WebSite\",\"@id\":\"https:\\\/\\\/solucionescontract.com\\\/#website\",\"url\":\"https:\\\/\\\/solucionescontract.com\\\/\",\"name\":\"Soluciones Contract\",\"description\":\"Venta Mobiliario contract de dise\u00f1o\",\"publisher\":{\"@id\":\"https:\\\/\\\/solucionescontract.com\\\/#organization\"},\"potentialAction\":[{\"@type\":\"SearchAction\",\"target\":{\"@type\":\"EntryPoint\",\"urlTemplate\":\"https:\\\/\\\/solucionescontract.com\\\/?s={search_term_string}\"},\"query-input\":{\"@type\":\"PropertyValueSpecification\",\"valueRequired\":true,\"valueName\":\"search_term_string\"}}],\"inLanguage\":\"en-US\"},{\"@type\":\"Organization\",\"@id\":\"https:\\\/\\\/solucionescontract.com\\\/#organization\",\"name\":\"Soluciones Contract\",\"url\":\"https:\\\/\\\/solucionescontract.com\\\/\",\"logo\":{\"@type\":\"ImageObject\",\"inLanguage\":\"en-US\",\"@id\":\"https:\\\/\\\/solucionescontract.com\\\/#\\\/schema\\\/logo\\\/image\\\/\",\"url\":\"https:\\\/\\\/solucionescontract.com\\\/wp-content\\\/uploads\\\/2020\\\/02\\\/logoSC.jpg\",\"contentUrl\":\"https:\\\/\\\/solucionescontract.com\\\/wp-content\\\/uploads\\\/2020\\\/02\\\/logoSC.jpg\",\"width\":300,\"height\":125,\"caption\":\"Soluciones Contract\"},\"image\":{\"@id\":\"https:\\\/\\\/solucionescontract.com\\\/#\\\/schema\\\/logo\\\/image\\\/\"},\"sameAs\":[\"https:\\\/\\\/www.facebook.com\\\/solucionescontract\\\/\"]}]}<\/script>\n<!-- \/ Yoast SEO plugin. -->","yoast_head_json":{"title":"MESA MON RECTANGULAR EXTENSIBLE. - Muebles de dise\u00f1o en Soluciones Contract","description":"Compra MESA MON RECTANGULAR EXTENSIBLE. online en nuestra tienda de muebles Contract. Encuentra el mejor MOBILIARIO DE DISE\u00d1O para Hotel, Hogar y uso comercial. Descubre las mejores marcas en nuestro cat\u00e1logo.","robots":{"index":"index","follow":"follow","max-snippet":"max-snippet:-1","max-image-preview":"max-image-preview:large","max-video-preview":"max-video-preview:-1"},"canonical":"https:\/\/solucionescontract.com\/en\/producto\/mesa-mon-rectangular-extensible\/","og_locale":"en_US","og_type":"article","og_title":"MESA MON RECTANGULAR EXTENSIBLE. - Muebles de dise\u00f1o en Soluciones Contract","og_description":"Compra MESA MON RECTANGULAR EXTENSIBLE. online en nuestra tienda de muebles Contract. Encuentra el mejor MOBILIARIO DE DISE\u00d1O para Hotel, Hogar y uso comercial. Descubre las mejores marcas en nuestro cat\u00e1logo.","og_url":"https:\/\/solucionescontract.com\/en\/producto\/mesa-mon-rectangular-extensible\/","og_site_name":"Soluciones Contract","article_publisher":"https:\/\/www.facebook.com\/solucionescontract\/","article_modified_time":"2025-02-26T18:11:31+00:00","og_image":[{"width":430,"height":430,"url":"https:\/\/solucionescontract.com\/wp-content\/uploads\/2023\/09\/Mesa-Mon-foto-cuadrada.jpg","type":"image\/jpeg"}],"twitter_card":"summary_large_image","twitter_misc":{"Est. reading time":"2 minutes"},"schema":{"@context":"https:\/\/schema.org","@graph":[{"@type":"WebPage","@id":"https:\/\/solucionescontract.com\/en\/producto\/mesa-mon-rectangular-extensible\/","url":"https:\/\/solucionescontract.com\/en\/producto\/mesa-mon-rectangular-extensible\/","name":"MESA MON RECTANGULAR EXTENSIBLE. - Muebles de dise\u00f1o en Soluciones Contract","isPartOf":{"@id":"https:\/\/solucionescontract.com\/#website"},"primaryImageOfPage":{"@id":"https:\/\/solucionescontract.com\/en\/producto\/mesa-mon-rectangular-extensible\/#primaryimage"},"image":{"@id":"https:\/\/solucionescontract.com\/en\/producto\/mesa-mon-rectangular-extensible\/#primaryimage"},"thumbnailUrl":"https:\/\/solucionescontract.com\/wp-content\/uploads\/2023\/09\/Mesa-Mon-foto-cuadrada.jpg","datePublished":"2023-09-11T10:52:14+00:00","dateModified":"2025-02-26T18:11:31+00:00","description":"Compra MESA MON RECTANGULAR EXTENSIBLE. online en nuestra tienda de muebles Contract. Encuentra el mejor MOBILIARIO DE DISE\u00d1O para Hotel, Hogar y uso comercial. Descubre las mejores marcas en nuestro cat\u00e1logo.","breadcrumb":{"@id":"https:\/\/solucionescontract.com\/en\/producto\/mesa-mon-rectangular-extensible\/#breadcrumb"},"inLanguage":"en-US","potentialAction":[{"@type":"ReadAction","target":["https:\/\/solucionescontract.com\/en\/producto\/mesa-mon-rectangular-extensible\/"]}]},{"@type":"ImageObject","inLanguage":"en-US","@id":"https:\/\/solucionescontract.com\/en\/producto\/mesa-mon-rectangular-extensible\/#primaryimage","url":"https:\/\/solucionescontract.com\/wp-content\/uploads\/2023\/09\/Mesa-Mon-foto-cuadrada.jpg","contentUrl":"https:\/\/solucionescontract.com\/wp-content\/uploads\/2023\/09\/Mesa-Mon-foto-cuadrada.jpg","width":430,"height":430},{"@type":"BreadcrumbList","@id":"https:\/\/solucionescontract.com\/en\/producto\/mesa-mon-rectangular-extensible\/#breadcrumb","itemListElement":[{"@type":"ListItem","position":1,"name":"Inicio","item":"https:\/\/solucionescontract.com\/"},{"@type":"ListItem","position":2,"name":"Tienda mobiliario contract","item":"https:\/\/solucionescontract.com\/tienda-mobiliario-contract\/"},{"@type":"ListItem","position":3,"name":"Mesas de dise\u00f1o","item":"https:\/\/solucionescontract.com\/categoria-producto\/mesas-de-diseno\/"},{"@type":"ListItem","position":4,"name":"MESA MON RECTANGULAR EXTENSIBLE."}]},{"@type":"WebSite","@id":"https:\/\/solucionescontract.com\/#website","url":"https:\/\/solucionescontract.com\/","name":"Soluciones Contract","description":"Venta Mobiliario contract de dise\u00f1o","publisher":{"@id":"https:\/\/solucionescontract.com\/#organization"},"potentialAction":[{"@type":"SearchAction","target":{"@type":"EntryPoint","urlTemplate":"https:\/\/solucionescontract.com\/?s={search_term_string}"},"query-input":{"@type":"PropertyValueSpecification","valueRequired":true,"valueName":"search_term_string"}}],"inLanguage":"en-US"},{"@type":"Organization","@id":"https:\/\/solucionescontract.com\/#organization","name":"Soluciones Contract","url":"https:\/\/solucionescontract.com\/","logo":{"@type":"ImageObject","inLanguage":"en-US","@id":"https:\/\/solucionescontract.com\/#\/schema\/logo\/image\/","url":"https:\/\/solucionescontract.com\/wp-content\/uploads\/2020\/02\/logoSC.jpg","contentUrl":"https:\/\/solucionescontract.com\/wp-content\/uploads\/2020\/02\/logoSC.jpg","width":300,"height":125,"caption":"Soluciones Contract"},"image":{"@id":"https:\/\/solucionescontract.com\/#\/schema\/logo\/image\/"},"sameAs":["https:\/\/www.facebook.com\/solucionescontract\/"]}]}},"_links":{"self":[{"href":"https:\/\/solucionescontract.com\/en\/wp-json\/wp\/v2\/product\/30458","targetHints":{"allow":["GET"]}}],"collection":[{"href":"https:\/\/solucionescontract.com\/en\/wp-json\/wp\/v2\/product"}],"about":[{"href":"https:\/\/solucionescontract.com\/en\/wp-json\/wp\/v2\/types\/product"}],"replies":[{"embeddable":true,"href":"https:\/\/solucionescontract.com\/en\/wp-json\/wp\/v2\/comments?post=30458"}],"wp:featuredmedia":[{"embeddable":true,"href":"https:\/\/solucionescontract.com\/en\/wp-json\/wp\/v2\/media\/30646"}],"wp:attachment":[{"href":"https:\/\/solucionescontract.com\/en\/wp-json\/wp\/v2\/media?parent=30458"}],"wp:term":[{"taxonomy":"product_brand","embeddable":true,"href":"https:\/\/solucionescontract.com\/en\/wp-json\/wp\/v2\/product_brand?post=30458"},{"taxonomy":"product_cat","embeddable":true,"href":"https:\/\/solucionescontract.com\/en\/wp-json\/wp\/v2\/product_cat?post=30458"},{"taxonomy":"product_tag","embeddable":true,"href":"https:\/\/solucionescontract.com\/en\/wp-json\/wp\/v2\/product_tag?post=30458"}],"curies":[{"name":"wp","href":"https:\/\/api.w.org\/{rel}","templated":true}]}}