{"id":29154,"date":"2023-01-27T11:00:56","date_gmt":"2023-01-27T10:00:56","guid":{"rendered":"https:\/\/www.solucionescontract.com\/?post_type=product&#038;p=29154"},"modified":"2024-11-03T13:35:55","modified_gmt":"2024-11-03T12:35:55","slug":"sofa-reva-twist","status":"publish","type":"product","link":"https:\/\/solucionescontract.com\/en\/producto\/sofa-reva-twist\/","title":{"rendered":"Sof\u00e1 reva twist"},"content":{"rendered":"<p>Sof\u00e1 para exterior reva twist de 3 plazas, de gran amplitud y con linea una linea muy sencilla lo que lo hace apto para cualquier emplazamiento.<\/p>\n<p>El sof\u00e1 para exterior Reva twist presenta armaz\u00f3n de aluminio anodizado y barnizado<\/p>\n<p>El respaldo y los reposabrazos de acero est\u00e1n recubiertos de un tejido de cuerda plana de<br \/>\npolipropileno apta para exterior.<\/p>\n<p>Detalle acabado cuerda:<\/p>\n<p><a href=\"https:\/\/solucionescontract.com\/wp-content\/uploads\/2023\/01\/ppl-corda_be.png\"><img decoding=\"async\" class=\" wd-lazy-fade alignnone wp-image-29158 size-medium\" src=\"https:\/\/solucionescontract.com\/wp-content\/themes\/woodmart\/images\/lazy.svg\" data-src=\"https:\/\/solucionescontract.com\/wp-content\/uploads\/2023\/01\/ppl-corda_be-300x300.png\" alt=\"\" width=\"300\" height=\"300\" srcset=\"\" data-srcset=\"https:\/\/solucionescontract.com\/wp-content\/uploads\/2023\/01\/ppl-corda_be.png 300w, https:\/\/solucionescontract.com\/wp-content\/uploads\/2023\/01\/ppl-corda_be-150x150.png 150w, https:\/\/solucionescontract.com\/wp-content\/uploads\/2023\/01\/ppl-corda_be-20x20.png 20w\" sizes=\"(max-width: 300px) 100vw, 300px\" \/><\/a><\/p>\n<p>Tapizado y cojines forrados de tela hidr\u00f3fuga<\/p>\n<p>Detalle tela:<\/p>\n<p><a href=\"https:\/\/solucionescontract.com\/wp-content\/uploads\/2023\/01\/1992-cat-d_d100.png\"><img decoding=\"async\" class=\" wd-lazy-fade alignnone wp-image-29155 size-medium\" src=\"https:\/\/solucionescontract.com\/wp-content\/themes\/woodmart\/images\/lazy.svg\" data-src=\"https:\/\/solucionescontract.com\/wp-content\/uploads\/2023\/01\/1992-cat-d_d100-300x300.png\" alt=\"\" width=\"300\" height=\"300\" srcset=\"\" data-srcset=\"https:\/\/solucionescontract.com\/wp-content\/uploads\/2023\/01\/1992-cat-d_d100.png 300w, https:\/\/solucionescontract.com\/wp-content\/uploads\/2023\/01\/1992-cat-d_d100-150x150.png 150w, https:\/\/solucionescontract.com\/wp-content\/uploads\/2023\/01\/1992-cat-d_d100-20x20.png 20w\" sizes=\"(max-width: 300px) 100vw, 300px\" \/><\/a><\/p>\n<p>Modelo foto color Beige.Otros acabados consultar<\/p>\n<p>Medidas:<\/p>\n<p><a href=\"https:\/\/solucionescontract.com\/wp-content\/uploads\/2023\/01\/Captura.jpg\"><img decoding=\"async\" class=\" wd-lazy-fade alignnone wp-image-29167 size-full\" src=\"https:\/\/solucionescontract.com\/wp-content\/themes\/woodmart\/images\/lazy.svg\" data-src=\"https:\/\/solucionescontract.com\/wp-content\/uploads\/2023\/01\/Captura.jpg\" alt=\"\" width=\"257\" height=\"224\" srcset=\"\" data-srcset=\"https:\/\/solucionescontract.com\/wp-content\/uploads\/2023\/01\/Captura.jpg 257w, https:\/\/solucionescontract.com\/wp-content\/uploads\/2023\/01\/Captura-23x20.jpg 23w, https:\/\/solucionescontract.com\/wp-content\/uploads\/2023\/01\/Captura-150x131.jpg 150w\" sizes=\"(max-width: 257px) 100vw, 257px\" \/><\/a><\/p>\n","protected":false},"excerpt":{"rendered":"<ul>\n<li>Sof\u00e1 de dise\u00f1o\u00a0 para exterior creado por Patrick Jouin<\/li>\n<li>Apto par exterior.<\/li>\n<li>Patas en fundici\u00f3n de aluminio anodizado.<\/li>\n<li>Respaldo y reposabrazos en tubo acero inox cubierta con una cuerda plana de polipropileno<\/li>\n<li>Cojines del asiento realizados en\u00a0 espuma de poliuretano flexible.<\/li>\n<li>\u00a0Cojines del respalto fabricados con fibra de poli\u00e9ster.<\/li>\n<li>Incluye cojines laterales<\/li>\n<li>Medidas: 250x770x800mm<\/li>\n<li>Acabado foto:Beige (otros acabados disponibles consultar)<\/li>\n<\/ul>\n","protected":false},"featured_media":29164,"comment_status":"open","ping_status":"closed","template":"","meta":[],"product_brand":[],"product_cat":[580,590],"product_tag":[688,702],"class_list":{"0":"post-29154","1":"product","2":"type-product","3":"status-publish","4":"has-post-thumbnail","6":"product_cat-terrace-and-garden-furniture","7":"product_cat-outdoor-sofa","8":"product_tag-asientos-tapizados-en","9":"product_tag-exterior-interior-en","10":"product_shipping_class-free","11":"yith_product_brand-pedrali-en","13":"first","14":"instock","15":"taxable","16":"shipping-taxable","17":"product-type-simple"},"yoast_head":"<!-- This site is optimized with the Yoast SEO plugin v27.3 - https:\/\/yoast.com\/product\/yoast-seo-wordpress\/ -->\n<title>Sof\u00e1 reva twist - Muebles de dise\u00f1o en Soluciones Contract<\/title>\n<meta name=\"description\" content=\"Compra Sof\u00e1 reva twist online en nuestra tienda de muebles Contract. Encuentra el mejor MOBILIARIO DE DISE\u00d1O para Hotel, Hogar y uso comercial. Descubre las mejores marcas en nuestro cat\u00e1logo.\" \/>\n<meta name=\"robots\" content=\"index, follow, max-snippet:-1, max-image-preview:large, max-video-preview:-1\" \/>\n<link rel=\"canonical\" href=\"https:\/\/solucionescontract.com\/en\/producto\/sofa-reva-twist\/\" \/>\n<meta property=\"og:locale\" content=\"en_US\" \/>\n<meta property=\"og:type\" content=\"article\" \/>\n<meta property=\"og:title\" content=\"Sof\u00e1 reva twist - Muebles de dise\u00f1o en Soluciones Contract\" \/>\n<meta property=\"og:description\" content=\"Compra Sof\u00e1 reva twist online en nuestra tienda de muebles Contract. Encuentra el mejor MOBILIARIO DE DISE\u00d1O para Hotel, Hogar y uso comercial. Descubre las mejores marcas en nuestro cat\u00e1logo.\" \/>\n<meta property=\"og:url\" content=\"https:\/\/solucionescontract.com\/en\/producto\/sofa-reva-twist\/\" \/>\n<meta property=\"og:site_name\" content=\"Soluciones Contract\" \/>\n<meta property=\"article:publisher\" content=\"https:\/\/www.facebook.com\/solucionescontract\/\" \/>\n<meta property=\"article:modified_time\" content=\"2024-11-03T12:35:55+00:00\" \/>\n<meta property=\"og:image\" content=\"https:\/\/solucionescontract.com\/wp-content\/uploads\/2023\/01\/reva.twist_.jpg\" \/>\n\t<meta property=\"og:image:width\" content=\"1330\" \/>\n\t<meta property=\"og:image:height\" content=\"1330\" \/>\n\t<meta property=\"og:image:type\" content=\"image\/jpeg\" \/>\n<meta name=\"twitter:card\" content=\"summary_large_image\" \/>\n<meta name=\"twitter:label1\" content=\"Est. reading time\" \/>\n\t<meta name=\"twitter:data1\" content=\"2 minutes\" \/>\n<script type=\"application\/ld+json\" class=\"yoast-schema-graph\">{\"@context\":\"https:\\\/\\\/schema.org\",\"@graph\":[{\"@type\":\"WebPage\",\"@id\":\"https:\\\/\\\/solucionescontract.com\\\/en\\\/producto\\\/sofa-reva-twist\\\/\",\"url\":\"https:\\\/\\\/solucionescontract.com\\\/en\\\/producto\\\/sofa-reva-twist\\\/\",\"name\":\"Sof\u00e1 reva twist - Muebles de dise\u00f1o en Soluciones Contract\",\"isPartOf\":{\"@id\":\"https:\\\/\\\/solucionescontract.com\\\/#website\"},\"primaryImageOfPage\":{\"@id\":\"https:\\\/\\\/solucionescontract.com\\\/en\\\/producto\\\/sofa-reva-twist\\\/#primaryimage\"},\"image\":{\"@id\":\"https:\\\/\\\/solucionescontract.com\\\/en\\\/producto\\\/sofa-reva-twist\\\/#primaryimage\"},\"thumbnailUrl\":\"https:\\\/\\\/solucionescontract.com\\\/wp-content\\\/uploads\\\/2023\\\/01\\\/reva.twist_.jpg\",\"datePublished\":\"2023-01-27T10:00:56+00:00\",\"dateModified\":\"2024-11-03T12:35:55+00:00\",\"description\":\"Compra Sof\u00e1 reva twist online en nuestra tienda de muebles Contract. Encuentra el mejor MOBILIARIO DE DISE\u00d1O para Hotel, Hogar y uso comercial. Descubre las mejores marcas en nuestro cat\u00e1logo.\",\"breadcrumb\":{\"@id\":\"https:\\\/\\\/solucionescontract.com\\\/en\\\/producto\\\/sofa-reva-twist\\\/#breadcrumb\"},\"inLanguage\":\"en-US\",\"potentialAction\":[{\"@type\":\"ReadAction\",\"target\":[\"https:\\\/\\\/solucionescontract.com\\\/en\\\/producto\\\/sofa-reva-twist\\\/\"]}]},{\"@type\":\"ImageObject\",\"inLanguage\":\"en-US\",\"@id\":\"https:\\\/\\\/solucionescontract.com\\\/en\\\/producto\\\/sofa-reva-twist\\\/#primaryimage\",\"url\":\"https:\\\/\\\/solucionescontract.com\\\/wp-content\\\/uploads\\\/2023\\\/01\\\/reva.twist_.jpg\",\"contentUrl\":\"https:\\\/\\\/solucionescontract.com\\\/wp-content\\\/uploads\\\/2023\\\/01\\\/reva.twist_.jpg\",\"width\":1330,\"height\":1330,\"caption\":\"sof\u00e1_reva_twist\"},{\"@type\":\"BreadcrumbList\",\"@id\":\"https:\\\/\\\/solucionescontract.com\\\/en\\\/producto\\\/sofa-reva-twist\\\/#breadcrumb\",\"itemListElement\":[{\"@type\":\"ListItem\",\"position\":1,\"name\":\"Inicio\",\"item\":\"https:\\\/\\\/solucionescontract.com\\\/\"},{\"@type\":\"ListItem\",\"position\":2,\"name\":\"Tienda mobiliario contract\",\"item\":\"https:\\\/\\\/solucionescontract.com\\\/tienda-mobiliario-contract\\\/\"},{\"@type\":\"ListItem\",\"position\":3,\"name\":\"Mobiliario de Terraza y Jard\u00edn\",\"item\":\"https:\\\/\\\/solucionescontract.com\\\/categoria-producto\\\/mobiliario-de-terraza-y-jardin\\\/\"},{\"@type\":\"ListItem\",\"position\":4,\"name\":\"Sof\u00e1 reva twist\"}]},{\"@type\":\"WebSite\",\"@id\":\"https:\\\/\\\/solucionescontract.com\\\/#website\",\"url\":\"https:\\\/\\\/solucionescontract.com\\\/\",\"name\":\"Soluciones Contract\",\"description\":\"Venta Mobiliario contract de dise\u00f1o\",\"publisher\":{\"@id\":\"https:\\\/\\\/solucionescontract.com\\\/#organization\"},\"potentialAction\":[{\"@type\":\"SearchAction\",\"target\":{\"@type\":\"EntryPoint\",\"urlTemplate\":\"https:\\\/\\\/solucionescontract.com\\\/?s={search_term_string}\"},\"query-input\":{\"@type\":\"PropertyValueSpecification\",\"valueRequired\":true,\"valueName\":\"search_term_string\"}}],\"inLanguage\":\"en-US\"},{\"@type\":\"Organization\",\"@id\":\"https:\\\/\\\/solucionescontract.com\\\/#organization\",\"name\":\"Soluciones Contract\",\"url\":\"https:\\\/\\\/solucionescontract.com\\\/\",\"logo\":{\"@type\":\"ImageObject\",\"inLanguage\":\"en-US\",\"@id\":\"https:\\\/\\\/solucionescontract.com\\\/#\\\/schema\\\/logo\\\/image\\\/\",\"url\":\"https:\\\/\\\/solucionescontract.com\\\/wp-content\\\/uploads\\\/2020\\\/02\\\/logoSC.jpg\",\"contentUrl\":\"https:\\\/\\\/solucionescontract.com\\\/wp-content\\\/uploads\\\/2020\\\/02\\\/logoSC.jpg\",\"width\":300,\"height\":125,\"caption\":\"Soluciones Contract\"},\"image\":{\"@id\":\"https:\\\/\\\/solucionescontract.com\\\/#\\\/schema\\\/logo\\\/image\\\/\"},\"sameAs\":[\"https:\\\/\\\/www.facebook.com\\\/solucionescontract\\\/\"]}]}<\/script>\n<!-- \/ Yoast SEO plugin. -->","yoast_head_json":{"title":"Sof\u00e1 reva twist - Muebles de dise\u00f1o en Soluciones Contract","description":"Compra Sof\u00e1 reva twist online en nuestra tienda de muebles Contract. Encuentra el mejor MOBILIARIO DE DISE\u00d1O para Hotel, Hogar y uso comercial. Descubre las mejores marcas en nuestro cat\u00e1logo.","robots":{"index":"index","follow":"follow","max-snippet":"max-snippet:-1","max-image-preview":"max-image-preview:large","max-video-preview":"max-video-preview:-1"},"canonical":"https:\/\/solucionescontract.com\/en\/producto\/sofa-reva-twist\/","og_locale":"en_US","og_type":"article","og_title":"Sof\u00e1 reva twist - Muebles de dise\u00f1o en Soluciones Contract","og_description":"Compra Sof\u00e1 reva twist online en nuestra tienda de muebles Contract. Encuentra el mejor MOBILIARIO DE DISE\u00d1O para Hotel, Hogar y uso comercial. Descubre las mejores marcas en nuestro cat\u00e1logo.","og_url":"https:\/\/solucionescontract.com\/en\/producto\/sofa-reva-twist\/","og_site_name":"Soluciones Contract","article_publisher":"https:\/\/www.facebook.com\/solucionescontract\/","article_modified_time":"2024-11-03T12:35:55+00:00","og_image":[{"width":1330,"height":1330,"url":"https:\/\/solucionescontract.com\/wp-content\/uploads\/2023\/01\/reva.twist_.jpg","type":"image\/jpeg"}],"twitter_card":"summary_large_image","twitter_misc":{"Est. reading time":"2 minutes"},"schema":{"@context":"https:\/\/schema.org","@graph":[{"@type":"WebPage","@id":"https:\/\/solucionescontract.com\/en\/producto\/sofa-reva-twist\/","url":"https:\/\/solucionescontract.com\/en\/producto\/sofa-reva-twist\/","name":"Sof\u00e1 reva twist - Muebles de dise\u00f1o en Soluciones Contract","isPartOf":{"@id":"https:\/\/solucionescontract.com\/#website"},"primaryImageOfPage":{"@id":"https:\/\/solucionescontract.com\/en\/producto\/sofa-reva-twist\/#primaryimage"},"image":{"@id":"https:\/\/solucionescontract.com\/en\/producto\/sofa-reva-twist\/#primaryimage"},"thumbnailUrl":"https:\/\/solucionescontract.com\/wp-content\/uploads\/2023\/01\/reva.twist_.jpg","datePublished":"2023-01-27T10:00:56+00:00","dateModified":"2024-11-03T12:35:55+00:00","description":"Compra Sof\u00e1 reva twist online en nuestra tienda de muebles Contract. Encuentra el mejor MOBILIARIO DE DISE\u00d1O para Hotel, Hogar y uso comercial. Descubre las mejores marcas en nuestro cat\u00e1logo.","breadcrumb":{"@id":"https:\/\/solucionescontract.com\/en\/producto\/sofa-reva-twist\/#breadcrumb"},"inLanguage":"en-US","potentialAction":[{"@type":"ReadAction","target":["https:\/\/solucionescontract.com\/en\/producto\/sofa-reva-twist\/"]}]},{"@type":"ImageObject","inLanguage":"en-US","@id":"https:\/\/solucionescontract.com\/en\/producto\/sofa-reva-twist\/#primaryimage","url":"https:\/\/solucionescontract.com\/wp-content\/uploads\/2023\/01\/reva.twist_.jpg","contentUrl":"https:\/\/solucionescontract.com\/wp-content\/uploads\/2023\/01\/reva.twist_.jpg","width":1330,"height":1330,"caption":"sof\u00e1_reva_twist"},{"@type":"BreadcrumbList","@id":"https:\/\/solucionescontract.com\/en\/producto\/sofa-reva-twist\/#breadcrumb","itemListElement":[{"@type":"ListItem","position":1,"name":"Inicio","item":"https:\/\/solucionescontract.com\/"},{"@type":"ListItem","position":2,"name":"Tienda mobiliario contract","item":"https:\/\/solucionescontract.com\/tienda-mobiliario-contract\/"},{"@type":"ListItem","position":3,"name":"Mobiliario de Terraza y Jard\u00edn","item":"https:\/\/solucionescontract.com\/categoria-producto\/mobiliario-de-terraza-y-jardin\/"},{"@type":"ListItem","position":4,"name":"Sof\u00e1 reva twist"}]},{"@type":"WebSite","@id":"https:\/\/solucionescontract.com\/#website","url":"https:\/\/solucionescontract.com\/","name":"Soluciones Contract","description":"Venta Mobiliario contract de dise\u00f1o","publisher":{"@id":"https:\/\/solucionescontract.com\/#organization"},"potentialAction":[{"@type":"SearchAction","target":{"@type":"EntryPoint","urlTemplate":"https:\/\/solucionescontract.com\/?s={search_term_string}"},"query-input":{"@type":"PropertyValueSpecification","valueRequired":true,"valueName":"search_term_string"}}],"inLanguage":"en-US"},{"@type":"Organization","@id":"https:\/\/solucionescontract.com\/#organization","name":"Soluciones Contract","url":"https:\/\/solucionescontract.com\/","logo":{"@type":"ImageObject","inLanguage":"en-US","@id":"https:\/\/solucionescontract.com\/#\/schema\/logo\/image\/","url":"https:\/\/solucionescontract.com\/wp-content\/uploads\/2020\/02\/logoSC.jpg","contentUrl":"https:\/\/solucionescontract.com\/wp-content\/uploads\/2020\/02\/logoSC.jpg","width":300,"height":125,"caption":"Soluciones Contract"},"image":{"@id":"https:\/\/solucionescontract.com\/#\/schema\/logo\/image\/"},"sameAs":["https:\/\/www.facebook.com\/solucionescontract\/"]}]}},"_links":{"self":[{"href":"https:\/\/solucionescontract.com\/en\/wp-json\/wp\/v2\/product\/29154","targetHints":{"allow":["GET"]}}],"collection":[{"href":"https:\/\/solucionescontract.com\/en\/wp-json\/wp\/v2\/product"}],"about":[{"href":"https:\/\/solucionescontract.com\/en\/wp-json\/wp\/v2\/types\/product"}],"replies":[{"embeddable":true,"href":"https:\/\/solucionescontract.com\/en\/wp-json\/wp\/v2\/comments?post=29154"}],"wp:featuredmedia":[{"embeddable":true,"href":"https:\/\/solucionescontract.com\/en\/wp-json\/wp\/v2\/media\/29164"}],"wp:attachment":[{"href":"https:\/\/solucionescontract.com\/en\/wp-json\/wp\/v2\/media?parent=29154"}],"wp:term":[{"taxonomy":"product_brand","embeddable":true,"href":"https:\/\/solucionescontract.com\/en\/wp-json\/wp\/v2\/product_brand?post=29154"},{"taxonomy":"product_cat","embeddable":true,"href":"https:\/\/solucionescontract.com\/en\/wp-json\/wp\/v2\/product_cat?post=29154"},{"taxonomy":"product_tag","embeddable":true,"href":"https:\/\/solucionescontract.com\/en\/wp-json\/wp\/v2\/product_tag?post=29154"}],"curies":[{"name":"wp","href":"https:\/\/api.w.org\/{rel}","templated":true}]}}