{"id":28393,"date":"2019-01-23T12:16:22","date_gmt":"2019-01-23T11:16:22","guid":{"rendered":"https:\/\/www.solucionescontract.com\/?post_type=product&#038;p=28393"},"modified":"2023-11-21T12:36:18","modified_gmt":"2023-11-21T11:36:18","slug":"sofa-cama-lety","status":"publish","type":"product","link":"https:\/\/solucionescontract.com\/en\/producto\/sofa-cama-lety\/","title":{"rendered":"SOF\u00c1 CAMA LETY"},"content":{"rendered":"<p>Sencillo sof\u00e1, perfecto tanto para estancias contract como para uso dom\u00e9stico. Tambi\u00e9n para hoteles, apartamentos tur\u00edsticos, casas rurales, oficinas, salones&#8230;.<\/p>\n<p>Este sof\u00e1 se convierte en una <strong>c\u00f3moda cama<\/strong> de una manera muy sencilla.<\/p>\n<p>El sof\u00e1 Lety tiene un <strong>mecanismo de acero<\/strong> y su <strong>estructura y patas met\u00e1licas.<\/strong> Podr\u00e1s desenfundarlo y lavarlo en la lavadora. Los asientos y respaldo est\u00e1n fabricados en <strong>espuma de poliuretano<\/strong> de 35 kg\/ recubierta de fibra poli\u00e9ster. Este fabuloso sof\u00e1 lo tenemos disponible en dos medidas.<\/p>\n<p><span style=\"font-size: 12pt;\"><strong> 1 PLAZA\u00a0 \u00a0 \u00a0 \u00a0 \u00a0 \u00a0 \u00a0 \u00a0 \u00a0 \u00a0 \u00a0 \u00a0 \u00a0 \u00a0 \u00a0 \u00a0 \u00a0 \u00a0 \u00a0 \u00a0 \u00a0 \u00a0 \u00a0 \u00a0 \u00a0 \u00a0 \u00a0 \u00a0 \u00a0 \u00a0 \u00a0 \u00a0 \u00a0 \u00a0 \u00a0 \u00a0 \u00a0 \u00a0 \u00a0 \u00a0 \u00a0 \u00a0 \u00a0 \u00a0 \u00a0 \u00a0 \u00a0 \u00a0 \u00a0 \u00a0 \u00a0 \u00a0 \u00a0 \u00a0 \u00a0 \u00a0 \u00a0 \u00a0 \u00a0 \u00a0 \u00a0 \u00a0 \u00a0 \u00a0 \u00a0 \u00a0 \u00a0 \u00a0 \u00a0 \u00a0 \u00a0 \u00a0 \u00a0 \u00a0 \u00a0 3 PLAZAS<\/strong><\/span><\/p>\n<p><a href=\"https:\/\/solucionescontract.com\/wp-content\/uploads\/2022\/05\/Captura-de-pantalla-2022-05-31-161905.png\"><img decoding=\"async\" class=\" wd-lazy-fade alignnone wp-image-28409\" src=\"https:\/\/solucionescontract.com\/wp-content\/themes\/woodmart\/images\/lazy.svg\" data-src=\"https:\/\/solucionescontract.com\/wp-content\/uploads\/2022\/05\/Captura-de-pantalla-2022-05-31-161905.png\" alt=\"\" width=\"327\" height=\"193\" srcset=\"\" data-srcset=\"https:\/\/solucionescontract.com\/wp-content\/uploads\/2022\/05\/Captura-de-pantalla-2022-05-31-161905.png 290w, https:\/\/solucionescontract.com\/wp-content\/uploads\/2022\/05\/Captura-de-pantalla-2022-05-31-161905-34x20.png 34w, https:\/\/solucionescontract.com\/wp-content\/uploads\/2022\/05\/Captura-de-pantalla-2022-05-31-161905-150x88.png 150w\" sizes=\"(max-width: 327px) 100vw, 327px\" \/><\/a> <a href=\"https:\/\/solucionescontract.com\/wp-content\/uploads\/2022\/05\/Captura-de-pantalla-2022-05-31-161850.png\"><img decoding=\"async\" class=\" wd-lazy-fade alignright wp-image-28406\" src=\"https:\/\/solucionescontract.com\/wp-content\/themes\/woodmart\/images\/lazy.svg\" data-src=\"https:\/\/solucionescontract.com\/wp-content\/uploads\/2022\/05\/Captura-de-pantalla-2022-05-31-161850-300x143.png\" alt=\"\" width=\"369\" height=\"176\" srcset=\"\" data-srcset=\"https:\/\/solucionescontract.com\/wp-content\/uploads\/2022\/05\/Captura-de-pantalla-2022-05-31-161850-300x143.png 300w, https:\/\/solucionescontract.com\/wp-content\/uploads\/2022\/05\/Captura-de-pantalla-2022-05-31-161850-42x20.png 42w, https:\/\/solucionescontract.com\/wp-content\/uploads\/2022\/05\/Captura-de-pantalla-2022-05-31-161850-150x72.png 150w, https:\/\/solucionescontract.com\/wp-content\/uploads\/2022\/05\/Captura-de-pantalla-2022-05-31-161850.png 423w\" sizes=\"(max-width: 369px) 100vw, 369px\" \/><\/a><\/p>\n<p>&nbsp;<\/p>\n","protected":false},"excerpt":{"rendered":"<ul>\n<li>Exclusivo sof\u00e1 de dise\u00f1o \u00fanico\u00a0 convertible en cama de manera sencilla<\/li>\n<li>Pata y estructura met\u00e1lica<\/li>\n<li>Suspensi\u00f3n de asiento recubierto con cinchas de m\u00e1xima calidad.<\/li>\n<li>Almohada de espuma poliuretano de 35 Kg.\/m3.<\/li>\n<li>Altura de asiento 43cm<\/li>\n<li>Fabricaci\u00f3n nacional<\/li>\n<li><span style=\"font-size: 14pt;\"><b style=\"font-size: 14pt;\">Modelo foto tapizado colecci\u00f3n Pompeya granate<\/b><b style=\"font-size: 14pt;\">. Otros acabados disponibles selecciona <\/b><a style=\"font-size: 14pt; font-weight: bold;\" href=\"https:\/\/solucionescontract.com\/?post_type=product&amp;p=28321&amp;preview=true\">aqu\u00ed<\/a><\/span><\/li>\n<\/ul>\n<p>&nbsp;<\/p>\n<p>&nbsp;<\/p>\n","protected":false},"featured_media":28412,"comment_status":"open","ping_status":"closed","template":"","meta":[],"product_brand":[],"product_cat":[221,64,55],"product_tag":[60,52],"class_list":{"0":"post-28393","1":"product","2":"type-product","3":"status-publish","4":"has-post-thumbnail","6":"product_cat-asientos-para-contract","7":"product_cat-sofa-cama-para-hotel","8":"product_cat-sofas-de-diseno","9":"product_tag-asientos-tapizados","10":"product_tag-interior","11":"product_shipping_class-producto-gran-volumen","12":"yith_product_brand-mopal","14":"first","15":"instock","16":"taxable","17":"shipping-taxable","18":"purchasable","19":"product-type-variable"},"yoast_head":"<!-- This site is optimized with the Yoast SEO plugin v27.3 - https:\/\/yoast.com\/product\/yoast-seo-wordpress\/ -->\n<title>SOF\u00c1 CAMA LETY - Muebles de dise\u00f1o en Soluciones Contract<\/title>\n<meta name=\"description\" content=\"Compra SOF\u00c1 CAMA LETY online en nuestra tienda de muebles Contract. Encuentra el mejor MOBILIARIO DE DISE\u00d1O para Hotel, Hogar y uso comercial. Descubre las mejores marcas en nuestro cat\u00e1logo.\" \/>\n<meta name=\"robots\" content=\"index, follow, max-snippet:-1, max-image-preview:large, max-video-preview:-1\" \/>\n<link rel=\"canonical\" href=\"https:\/\/solucionescontract.com\/fr\/producto\/sofa-cama-lety\/\" \/>\n<meta property=\"og:locale\" content=\"en_US\" \/>\n<meta property=\"og:type\" content=\"article\" \/>\n<meta property=\"og:title\" content=\"SOF\u00c1 CAMA LETY - Muebles de dise\u00f1o en Soluciones Contract\" \/>\n<meta property=\"og:description\" content=\"Compra SOF\u00c1 CAMA LETY online en nuestra tienda de muebles Contract. Encuentra el mejor MOBILIARIO DE DISE\u00d1O para Hotel, Hogar y uso comercial. Descubre las mejores marcas en nuestro cat\u00e1logo.\" \/>\n<meta property=\"og:url\" content=\"https:\/\/solucionescontract.com\/fr\/producto\/sofa-cama-lety\/\" \/>\n<meta property=\"og:site_name\" content=\"Soluciones Contract\" \/>\n<meta property=\"article:publisher\" content=\"https:\/\/www.facebook.com\/solucionescontract\/\" \/>\n<meta property=\"article:modified_time\" content=\"2023-11-21T11:36:18+00:00\" \/>\n<meta property=\"og:image\" content=\"https:\/\/solucionescontract.com\/wp-content\/uploads\/2022\/05\/Sofa-cama-Bety.jpg\" \/>\n\t<meta property=\"og:image:width\" content=\"978\" \/>\n\t<meta property=\"og:image:height\" content=\"978\" \/>\n\t<meta property=\"og:image:type\" content=\"image\/jpeg\" \/>\n<meta name=\"twitter:card\" content=\"summary_large_image\" \/>\n<meta name=\"twitter:label1\" content=\"Est. reading time\" \/>\n\t<meta name=\"twitter:data1\" content=\"1 minute\" \/>\n<script type=\"application\/ld+json\" class=\"yoast-schema-graph\">{\"@context\":\"https:\\\/\\\/schema.org\",\"@graph\":[{\"@type\":\"WebPage\",\"@id\":\"https:\\\/\\\/solucionescontract.com\\\/fr\\\/producto\\\/sofa-cama-lety\\\/\",\"url\":\"https:\\\/\\\/solucionescontract.com\\\/fr\\\/producto\\\/sofa-cama-lety\\\/\",\"name\":\"SOF\u00c1 CAMA LETY - Muebles de dise\u00f1o en Soluciones Contract\",\"isPartOf\":{\"@id\":\"https:\\\/\\\/solucionescontract.com\\\/#website\"},\"primaryImageOfPage\":{\"@id\":\"https:\\\/\\\/solucionescontract.com\\\/fr\\\/producto\\\/sofa-cama-lety\\\/#primaryimage\"},\"image\":{\"@id\":\"https:\\\/\\\/solucionescontract.com\\\/fr\\\/producto\\\/sofa-cama-lety\\\/#primaryimage\"},\"thumbnailUrl\":\"https:\\\/\\\/solucionescontract.com\\\/wp-content\\\/uploads\\\/2022\\\/05\\\/Sofa-cama-Bety.jpg\",\"datePublished\":\"2019-01-23T11:16:22+00:00\",\"dateModified\":\"2023-11-21T11:36:18+00:00\",\"description\":\"Compra SOF\u00c1 CAMA LETY online en nuestra tienda de muebles Contract. Encuentra el mejor MOBILIARIO DE DISE\u00d1O para Hotel, Hogar y uso comercial. Descubre las mejores marcas en nuestro cat\u00e1logo.\",\"breadcrumb\":{\"@id\":\"https:\\\/\\\/solucionescontract.com\\\/fr\\\/producto\\\/sofa-cama-lety\\\/#breadcrumb\"},\"inLanguage\":\"en-US\",\"potentialAction\":[{\"@type\":\"ReadAction\",\"target\":[\"https:\\\/\\\/solucionescontract.com\\\/fr\\\/producto\\\/sofa-cama-lety\\\/\"]}]},{\"@type\":\"ImageObject\",\"inLanguage\":\"en-US\",\"@id\":\"https:\\\/\\\/solucionescontract.com\\\/fr\\\/producto\\\/sofa-cama-lety\\\/#primaryimage\",\"url\":\"https:\\\/\\\/solucionescontract.com\\\/wp-content\\\/uploads\\\/2022\\\/05\\\/Sofa-cama-Bety.jpg\",\"contentUrl\":\"https:\\\/\\\/solucionescontract.com\\\/wp-content\\\/uploads\\\/2022\\\/05\\\/Sofa-cama-Bety.jpg\",\"width\":978,\"height\":978},{\"@type\":\"BreadcrumbList\",\"@id\":\"https:\\\/\\\/solucionescontract.com\\\/fr\\\/producto\\\/sofa-cama-lety\\\/#breadcrumb\",\"itemListElement\":[{\"@type\":\"ListItem\",\"position\":1,\"name\":\"Inicio\",\"item\":\"https:\\\/\\\/solucionescontract.com\\\/\"},{\"@type\":\"ListItem\",\"position\":2,\"name\":\"Tienda mobiliario contract\",\"item\":\"https:\\\/\\\/solucionescontract.com\\\/tienda-mobiliario-contract\\\/\"},{\"@type\":\"ListItem\",\"position\":3,\"name\":\"Sof\u00e1 cama para hotel\",\"item\":\"https:\\\/\\\/solucionescontract.com\\\/categoria-producto\\\/mobiliario-para-descanso\\\/sofa-cama-para-hotel\\\/\"},{\"@type\":\"ListItem\",\"position\":4,\"name\":\"SOF\u00c1 CAMA LETY\"}]},{\"@type\":\"WebSite\",\"@id\":\"https:\\\/\\\/solucionescontract.com\\\/#website\",\"url\":\"https:\\\/\\\/solucionescontract.com\\\/\",\"name\":\"Soluciones Contract\",\"description\":\"Venta Mobiliario contract de dise\u00f1o\",\"publisher\":{\"@id\":\"https:\\\/\\\/solucionescontract.com\\\/#organization\"},\"potentialAction\":[{\"@type\":\"SearchAction\",\"target\":{\"@type\":\"EntryPoint\",\"urlTemplate\":\"https:\\\/\\\/solucionescontract.com\\\/?s={search_term_string}\"},\"query-input\":{\"@type\":\"PropertyValueSpecification\",\"valueRequired\":true,\"valueName\":\"search_term_string\"}}],\"inLanguage\":\"en-US\"},{\"@type\":\"Organization\",\"@id\":\"https:\\\/\\\/solucionescontract.com\\\/#organization\",\"name\":\"Soluciones Contract\",\"url\":\"https:\\\/\\\/solucionescontract.com\\\/\",\"logo\":{\"@type\":\"ImageObject\",\"inLanguage\":\"en-US\",\"@id\":\"https:\\\/\\\/solucionescontract.com\\\/#\\\/schema\\\/logo\\\/image\\\/\",\"url\":\"https:\\\/\\\/solucionescontract.com\\\/wp-content\\\/uploads\\\/2020\\\/02\\\/logoSC.jpg\",\"contentUrl\":\"https:\\\/\\\/solucionescontract.com\\\/wp-content\\\/uploads\\\/2020\\\/02\\\/logoSC.jpg\",\"width\":300,\"height\":125,\"caption\":\"Soluciones Contract\"},\"image\":{\"@id\":\"https:\\\/\\\/solucionescontract.com\\\/#\\\/schema\\\/logo\\\/image\\\/\"},\"sameAs\":[\"https:\\\/\\\/www.facebook.com\\\/solucionescontract\\\/\"]}]}<\/script>\n<!-- \/ Yoast SEO plugin. -->","yoast_head_json":{"title":"SOF\u00c1 CAMA LETY - Muebles de dise\u00f1o en Soluciones Contract","description":"Compra SOF\u00c1 CAMA LETY online en nuestra tienda de muebles Contract. Encuentra el mejor MOBILIARIO DE DISE\u00d1O para Hotel, Hogar y uso comercial. Descubre las mejores marcas en nuestro cat\u00e1logo.","robots":{"index":"index","follow":"follow","max-snippet":"max-snippet:-1","max-image-preview":"max-image-preview:large","max-video-preview":"max-video-preview:-1"},"canonical":"https:\/\/solucionescontract.com\/fr\/producto\/sofa-cama-lety\/","og_locale":"en_US","og_type":"article","og_title":"SOF\u00c1 CAMA LETY - Muebles de dise\u00f1o en Soluciones Contract","og_description":"Compra SOF\u00c1 CAMA LETY online en nuestra tienda de muebles Contract. Encuentra el mejor MOBILIARIO DE DISE\u00d1O para Hotel, Hogar y uso comercial. Descubre las mejores marcas en nuestro cat\u00e1logo.","og_url":"https:\/\/solucionescontract.com\/fr\/producto\/sofa-cama-lety\/","og_site_name":"Soluciones Contract","article_publisher":"https:\/\/www.facebook.com\/solucionescontract\/","article_modified_time":"2023-11-21T11:36:18+00:00","og_image":[{"width":978,"height":978,"url":"https:\/\/solucionescontract.com\/wp-content\/uploads\/2022\/05\/Sofa-cama-Bety.jpg","type":"image\/jpeg"}],"twitter_card":"summary_large_image","twitter_misc":{"Est. reading time":"1 minute"},"schema":{"@context":"https:\/\/schema.org","@graph":[{"@type":"WebPage","@id":"https:\/\/solucionescontract.com\/fr\/producto\/sofa-cama-lety\/","url":"https:\/\/solucionescontract.com\/fr\/producto\/sofa-cama-lety\/","name":"SOF\u00c1 CAMA LETY - Muebles de dise\u00f1o en Soluciones Contract","isPartOf":{"@id":"https:\/\/solucionescontract.com\/#website"},"primaryImageOfPage":{"@id":"https:\/\/solucionescontract.com\/fr\/producto\/sofa-cama-lety\/#primaryimage"},"image":{"@id":"https:\/\/solucionescontract.com\/fr\/producto\/sofa-cama-lety\/#primaryimage"},"thumbnailUrl":"https:\/\/solucionescontract.com\/wp-content\/uploads\/2022\/05\/Sofa-cama-Bety.jpg","datePublished":"2019-01-23T11:16:22+00:00","dateModified":"2023-11-21T11:36:18+00:00","description":"Compra SOF\u00c1 CAMA LETY online en nuestra tienda de muebles Contract. Encuentra el mejor MOBILIARIO DE DISE\u00d1O para Hotel, Hogar y uso comercial. Descubre las mejores marcas en nuestro cat\u00e1logo.","breadcrumb":{"@id":"https:\/\/solucionescontract.com\/fr\/producto\/sofa-cama-lety\/#breadcrumb"},"inLanguage":"en-US","potentialAction":[{"@type":"ReadAction","target":["https:\/\/solucionescontract.com\/fr\/producto\/sofa-cama-lety\/"]}]},{"@type":"ImageObject","inLanguage":"en-US","@id":"https:\/\/solucionescontract.com\/fr\/producto\/sofa-cama-lety\/#primaryimage","url":"https:\/\/solucionescontract.com\/wp-content\/uploads\/2022\/05\/Sofa-cama-Bety.jpg","contentUrl":"https:\/\/solucionescontract.com\/wp-content\/uploads\/2022\/05\/Sofa-cama-Bety.jpg","width":978,"height":978},{"@type":"BreadcrumbList","@id":"https:\/\/solucionescontract.com\/fr\/producto\/sofa-cama-lety\/#breadcrumb","itemListElement":[{"@type":"ListItem","position":1,"name":"Inicio","item":"https:\/\/solucionescontract.com\/"},{"@type":"ListItem","position":2,"name":"Tienda mobiliario contract","item":"https:\/\/solucionescontract.com\/tienda-mobiliario-contract\/"},{"@type":"ListItem","position":3,"name":"Sof\u00e1 cama para hotel","item":"https:\/\/solucionescontract.com\/categoria-producto\/mobiliario-para-descanso\/sofa-cama-para-hotel\/"},{"@type":"ListItem","position":4,"name":"SOF\u00c1 CAMA LETY"}]},{"@type":"WebSite","@id":"https:\/\/solucionescontract.com\/#website","url":"https:\/\/solucionescontract.com\/","name":"Soluciones Contract","description":"Venta Mobiliario contract de dise\u00f1o","publisher":{"@id":"https:\/\/solucionescontract.com\/#organization"},"potentialAction":[{"@type":"SearchAction","target":{"@type":"EntryPoint","urlTemplate":"https:\/\/solucionescontract.com\/?s={search_term_string}"},"query-input":{"@type":"PropertyValueSpecification","valueRequired":true,"valueName":"search_term_string"}}],"inLanguage":"en-US"},{"@type":"Organization","@id":"https:\/\/solucionescontract.com\/#organization","name":"Soluciones Contract","url":"https:\/\/solucionescontract.com\/","logo":{"@type":"ImageObject","inLanguage":"en-US","@id":"https:\/\/solucionescontract.com\/#\/schema\/logo\/image\/","url":"https:\/\/solucionescontract.com\/wp-content\/uploads\/2020\/02\/logoSC.jpg","contentUrl":"https:\/\/solucionescontract.com\/wp-content\/uploads\/2020\/02\/logoSC.jpg","width":300,"height":125,"caption":"Soluciones Contract"},"image":{"@id":"https:\/\/solucionescontract.com\/#\/schema\/logo\/image\/"},"sameAs":["https:\/\/www.facebook.com\/solucionescontract\/"]}]}},"_links":{"self":[{"href":"https:\/\/solucionescontract.com\/en\/wp-json\/wp\/v2\/product\/28393","targetHints":{"allow":["GET"]}}],"collection":[{"href":"https:\/\/solucionescontract.com\/en\/wp-json\/wp\/v2\/product"}],"about":[{"href":"https:\/\/solucionescontract.com\/en\/wp-json\/wp\/v2\/types\/product"}],"replies":[{"embeddable":true,"href":"https:\/\/solucionescontract.com\/en\/wp-json\/wp\/v2\/comments?post=28393"}],"wp:featuredmedia":[{"embeddable":true,"href":"https:\/\/solucionescontract.com\/en\/wp-json\/wp\/v2\/media\/28412"}],"wp:attachment":[{"href":"https:\/\/solucionescontract.com\/en\/wp-json\/wp\/v2\/media?parent=28393"}],"wp:term":[{"taxonomy":"product_brand","embeddable":true,"href":"https:\/\/solucionescontract.com\/en\/wp-json\/wp\/v2\/product_brand?post=28393"},{"taxonomy":"product_cat","embeddable":true,"href":"https:\/\/solucionescontract.com\/en\/wp-json\/wp\/v2\/product_cat?post=28393"},{"taxonomy":"product_tag","embeddable":true,"href":"https:\/\/solucionescontract.com\/en\/wp-json\/wp\/v2\/product_tag?post=28393"}],"curies":[{"name":"wp","href":"https:\/\/api.w.org\/{rel}","templated":true}]}}