{"id":28309,"date":"2022-05-23T17:32:06","date_gmt":"2022-05-23T16:32:06","guid":{"rendered":"https:\/\/www.solucionescontract.com\/?post_type=product&#038;p=28309"},"modified":"2022-05-23T18:15:54","modified_gmt":"2022-05-23T17:15:54","slug":"pouf-sofia","status":"publish","type":"product","link":"https:\/\/solucionescontract.com\/en\/producto\/pouf-sofia\/","title":{"rendered":"POUF SOF\u00cdA"},"content":{"rendered":"<p>Elegante pouf con tres patas de <strong>madera natural de pino<\/strong> .<\/p>\n<p>Es ideal cuando tienes poco espacio, sirve como asiento si tu sof\u00e1 se queda peque\u00f1o, como <strong>reposapi\u00e9s<\/strong> o si recibes invitados.\u00a0 As\u00ed mismo es\u00a0 un precioso<strong> elemento decorativo<\/strong>. Se le ha colocado en su parte central\u00a0 un bot\u00f3n con el mismo tapizado\u00a0 dejando el asiento con unos tri\u00e1ngulos en la tela\u00a0 que le dan un toque sofisticado.<\/p>\n<p><a href=\"https:\/\/solucionescontract.com\/wp-content\/uploads\/2022\/05\/Captura-de-pantalla-2022-05-19-171129.png\"><br \/>\n<em><strong><img decoding=\"async\" class=\" wd-lazy-fade wp-image-28310 size-full aligncenter\" src=\"https:\/\/solucionescontract.com\/wp-content\/themes\/woodmart\/images\/lazy.svg\" data-src=\"https:\/\/solucionescontract.com\/wp-content\/uploads\/2022\/05\/Captura-de-pantalla-2022-05-19-171129.png\" alt=\"\" width=\"281\" height=\"246\" srcset=\"\" data-srcset=\"https:\/\/solucionescontract.com\/wp-content\/uploads\/2022\/05\/Captura-de-pantalla-2022-05-19-171129.png 281w, https:\/\/solucionescontract.com\/wp-content\/uploads\/2022\/05\/Captura-de-pantalla-2022-05-19-171129-23x20.png 23w, https:\/\/solucionescontract.com\/wp-content\/uploads\/2022\/05\/Captura-de-pantalla-2022-05-19-171129-150x131.png 150w\" sizes=\"(max-width: 281px) 100vw, 281px\" \/><\/strong><\/em><\/a><\/p>\n<p><strong>Otras caracter\u00edsticas:<\/strong><\/p>\n<p>Suspensi\u00f3n de asiento mediante cincha recubierta de m\u00e1xima calidad.<\/p>\n<p>Asiento de espuma de poliuretano de 30 kg\/m3 recubierta de fibra de poli\u00e9ster.<\/p>\n<p>&nbsp;<\/p>\n<p>&nbsp;<\/script><\/p>\n","protected":false},"excerpt":{"rendered":"<ul>\n<li>Poufs con tres patas de madera natural de pino.<\/li>\n<li>Estructura de madera de pino reforzado con tablero de p\u00e1rticulas.<\/li>\n<li>Opci\u00f3n de patas en color natural, wengu\u00e9 y cerezo.<\/li>\n<li>Suspensi\u00f3n de asiento mediante cincha recubierta de m\u00e1xima calidad.<\/li>\n<li>Asiento de espuma de poliuretano de 30 kg\/m3 recubierta de fibra de poli\u00e9ster.<\/li>\n<li>Uso interior<\/li>\n<li>Medidas: 45x47x41cm<\/li>\n<li><span style=\"font-size: 14pt\"><strong>Modelo foto tapizado colecci\u00f3n Pompeya turquesa. Otros acabados disponibles selecciona <a href=\"https:\/\/solucionescontract.com\/?post_type=product&amp;p=28321&amp;preview=true\">aqu\u00ed<\/a><\/strong><\/span><\/li>\n<\/ul>\n<p>&nbsp;<\/p>\n","protected":false},"featured_media":28313,"comment_status":"open","ping_status":"closed","template":"","meta":[],"product_brand":[],"product_cat":[221,82,139],"product_tag":[60,52],"class_list":{"0":"post-28309","1":"product","2":"type-product","3":"status-publish","4":"has-post-thumbnail","6":"product_cat-asientos-para-contract","7":"product_cat-mueble-y-complementos","8":"product_cat-pufs-de-diseno","9":"product_tag-asientos-tapizados","10":"product_tag-interior","11":"product_shipping_class-envio-gratuito","12":"yith_product_brand-mopal","14":"first","15":"instock","16":"taxable","17":"shipping-taxable","18":"purchasable","19":"product-type-variable"},"yoast_head":"<!-- This site is optimized with the Yoast SEO plugin v27.3 - https:\/\/yoast.com\/product\/yoast-seo-wordpress\/ -->\n<title>POUF SOF\u00cdA - Muebles de dise\u00f1o en Soluciones Contract<\/title>\n<meta name=\"description\" content=\"Compra POUF SOF\u00cdA online en nuestra tienda de muebles Contract. Encuentra el mejor MOBILIARIO DE DISE\u00d1O para Hotel, Hogar y uso comercial. Descubre las mejores marcas en nuestro cat\u00e1logo.\" \/>\n<meta name=\"robots\" content=\"index, follow, max-snippet:-1, max-image-preview:large, max-video-preview:-1\" \/>\n<link rel=\"canonical\" href=\"https:\/\/solucionescontract.com\/producto\/pouf-sofia\/\" \/>\n<meta property=\"og:locale\" content=\"en_US\" \/>\n<meta property=\"og:type\" content=\"article\" \/>\n<meta property=\"og:title\" content=\"POUF SOF\u00cdA - Muebles de dise\u00f1o en Soluciones Contract\" \/>\n<meta property=\"og:description\" content=\"Compra POUF SOF\u00cdA online en nuestra tienda de muebles Contract. Encuentra el mejor MOBILIARIO DE DISE\u00d1O para Hotel, Hogar y uso comercial. Descubre las mejores marcas en nuestro cat\u00e1logo.\" \/>\n<meta property=\"og:url\" content=\"https:\/\/solucionescontract.com\/producto\/pouf-sofia\/\" \/>\n<meta property=\"og:site_name\" content=\"Soluciones Contract\" \/>\n<meta property=\"article:publisher\" content=\"https:\/\/www.facebook.com\/solucionescontract\/\" \/>\n<meta property=\"article:modified_time\" content=\"2022-05-23T17:15:54+00:00\" \/>\n<meta property=\"og:image\" content=\"https:\/\/solucionescontract.com\/wp-content\/uploads\/2022\/05\/poufs-Sofia.jpg\" \/>\n\t<meta property=\"og:image:width\" content=\"861\" \/>\n\t<meta property=\"og:image:height\" content=\"861\" \/>\n\t<meta property=\"og:image:type\" content=\"image\/jpeg\" \/>\n<meta name=\"twitter:card\" content=\"summary_large_image\" \/>\n<meta name=\"twitter:label1\" content=\"Est. reading time\" \/>\n\t<meta name=\"twitter:data1\" content=\"1 minute\" \/>\n<script type=\"application\/ld+json\" class=\"yoast-schema-graph\">{\"@context\":\"https:\\\/\\\/schema.org\",\"@graph\":[{\"@type\":\"WebPage\",\"@id\":\"https:\\\/\\\/solucionescontract.com\\\/producto\\\/pouf-sofia\\\/\",\"url\":\"https:\\\/\\\/solucionescontract.com\\\/producto\\\/pouf-sofia\\\/\",\"name\":\"POUF SOF\u00cdA - Muebles de dise\u00f1o en Soluciones Contract\",\"isPartOf\":{\"@id\":\"https:\\\/\\\/solucionescontract.com\\\/#website\"},\"primaryImageOfPage\":{\"@id\":\"https:\\\/\\\/solucionescontract.com\\\/producto\\\/pouf-sofia\\\/#primaryimage\"},\"image\":{\"@id\":\"https:\\\/\\\/solucionescontract.com\\\/producto\\\/pouf-sofia\\\/#primaryimage\"},\"thumbnailUrl\":\"https:\\\/\\\/solucionescontract.com\\\/wp-content\\\/uploads\\\/2022\\\/05\\\/poufs-Sofia.jpg\",\"datePublished\":\"2022-05-23T16:32:06+00:00\",\"dateModified\":\"2022-05-23T17:15:54+00:00\",\"description\":\"Compra POUF SOF\u00cdA online en nuestra tienda de muebles Contract. Encuentra el mejor MOBILIARIO DE DISE\u00d1O para Hotel, Hogar y uso comercial. Descubre las mejores marcas en nuestro cat\u00e1logo.\",\"breadcrumb\":{\"@id\":\"https:\\\/\\\/solucionescontract.com\\\/producto\\\/pouf-sofia\\\/#breadcrumb\"},\"inLanguage\":\"en-US\",\"potentialAction\":[{\"@type\":\"ReadAction\",\"target\":[\"https:\\\/\\\/solucionescontract.com\\\/producto\\\/pouf-sofia\\\/\"]}]},{\"@type\":\"ImageObject\",\"inLanguage\":\"en-US\",\"@id\":\"https:\\\/\\\/solucionescontract.com\\\/producto\\\/pouf-sofia\\\/#primaryimage\",\"url\":\"https:\\\/\\\/solucionescontract.com\\\/wp-content\\\/uploads\\\/2022\\\/05\\\/poufs-Sofia.jpg\",\"contentUrl\":\"https:\\\/\\\/solucionescontract.com\\\/wp-content\\\/uploads\\\/2022\\\/05\\\/poufs-Sofia.jpg\",\"width\":861,\"height\":861},{\"@type\":\"BreadcrumbList\",\"@id\":\"https:\\\/\\\/solucionescontract.com\\\/producto\\\/pouf-sofia\\\/#breadcrumb\",\"itemListElement\":[{\"@type\":\"ListItem\",\"position\":1,\"name\":\"Inicio\",\"item\":\"https:\\\/\\\/solucionescontract.com\\\/\"},{\"@type\":\"ListItem\",\"position\":2,\"name\":\"Tienda mobiliario contract\",\"item\":\"https:\\\/\\\/solucionescontract.com\\\/tienda-mobiliario-contract\\\/\"},{\"@type\":\"ListItem\",\"position\":3,\"name\":\"Asientos Contract\",\"item\":\"https:\\\/\\\/solucionescontract.com\\\/categoria-producto\\\/asientos-para-contract\\\/\"},{\"@type\":\"ListItem\",\"position\":4,\"name\":\"POUF SOF\u00cdA\"}]},{\"@type\":\"WebSite\",\"@id\":\"https:\\\/\\\/solucionescontract.com\\\/#website\",\"url\":\"https:\\\/\\\/solucionescontract.com\\\/\",\"name\":\"Soluciones Contract\",\"description\":\"Venta Mobiliario contract de dise\u00f1o\",\"publisher\":{\"@id\":\"https:\\\/\\\/solucionescontract.com\\\/#organization\"},\"potentialAction\":[{\"@type\":\"SearchAction\",\"target\":{\"@type\":\"EntryPoint\",\"urlTemplate\":\"https:\\\/\\\/solucionescontract.com\\\/?s={search_term_string}\"},\"query-input\":{\"@type\":\"PropertyValueSpecification\",\"valueRequired\":true,\"valueName\":\"search_term_string\"}}],\"inLanguage\":\"en-US\"},{\"@type\":\"Organization\",\"@id\":\"https:\\\/\\\/solucionescontract.com\\\/#organization\",\"name\":\"Soluciones Contract\",\"url\":\"https:\\\/\\\/solucionescontract.com\\\/\",\"logo\":{\"@type\":\"ImageObject\",\"inLanguage\":\"en-US\",\"@id\":\"https:\\\/\\\/solucionescontract.com\\\/#\\\/schema\\\/logo\\\/image\\\/\",\"url\":\"https:\\\/\\\/solucionescontract.com\\\/wp-content\\\/uploads\\\/2020\\\/02\\\/logoSC.jpg\",\"contentUrl\":\"https:\\\/\\\/solucionescontract.com\\\/wp-content\\\/uploads\\\/2020\\\/02\\\/logoSC.jpg\",\"width\":300,\"height\":125,\"caption\":\"Soluciones Contract\"},\"image\":{\"@id\":\"https:\\\/\\\/solucionescontract.com\\\/#\\\/schema\\\/logo\\\/image\\\/\"},\"sameAs\":[\"https:\\\/\\\/www.facebook.com\\\/solucionescontract\\\/\"]}]}<\/script>\n<!-- \/ Yoast SEO plugin. -->","yoast_head_json":{"title":"POUF SOF\u00cdA - Muebles de dise\u00f1o en Soluciones Contract","description":"Compra POUF SOF\u00cdA online en nuestra tienda de muebles Contract. Encuentra el mejor MOBILIARIO DE DISE\u00d1O para Hotel, Hogar y uso comercial. Descubre las mejores marcas en nuestro cat\u00e1logo.","robots":{"index":"index","follow":"follow","max-snippet":"max-snippet:-1","max-image-preview":"max-image-preview:large","max-video-preview":"max-video-preview:-1"},"canonical":"https:\/\/solucionescontract.com\/producto\/pouf-sofia\/","og_locale":"en_US","og_type":"article","og_title":"POUF SOF\u00cdA - Muebles de dise\u00f1o en Soluciones Contract","og_description":"Compra POUF SOF\u00cdA online en nuestra tienda de muebles Contract. Encuentra el mejor MOBILIARIO DE DISE\u00d1O para Hotel, Hogar y uso comercial. Descubre las mejores marcas en nuestro cat\u00e1logo.","og_url":"https:\/\/solucionescontract.com\/producto\/pouf-sofia\/","og_site_name":"Soluciones Contract","article_publisher":"https:\/\/www.facebook.com\/solucionescontract\/","article_modified_time":"2022-05-23T17:15:54+00:00","og_image":[{"width":861,"height":861,"url":"https:\/\/solucionescontract.com\/wp-content\/uploads\/2022\/05\/poufs-Sofia.jpg","type":"image\/jpeg"}],"twitter_card":"summary_large_image","twitter_misc":{"Est. reading time":"1 minute"},"schema":{"@context":"https:\/\/schema.org","@graph":[{"@type":"WebPage","@id":"https:\/\/solucionescontract.com\/producto\/pouf-sofia\/","url":"https:\/\/solucionescontract.com\/producto\/pouf-sofia\/","name":"POUF SOF\u00cdA - Muebles de dise\u00f1o en Soluciones Contract","isPartOf":{"@id":"https:\/\/solucionescontract.com\/#website"},"primaryImageOfPage":{"@id":"https:\/\/solucionescontract.com\/producto\/pouf-sofia\/#primaryimage"},"image":{"@id":"https:\/\/solucionescontract.com\/producto\/pouf-sofia\/#primaryimage"},"thumbnailUrl":"https:\/\/solucionescontract.com\/wp-content\/uploads\/2022\/05\/poufs-Sofia.jpg","datePublished":"2022-05-23T16:32:06+00:00","dateModified":"2022-05-23T17:15:54+00:00","description":"Compra POUF SOF\u00cdA online en nuestra tienda de muebles Contract. Encuentra el mejor MOBILIARIO DE DISE\u00d1O para Hotel, Hogar y uso comercial. Descubre las mejores marcas en nuestro cat\u00e1logo.","breadcrumb":{"@id":"https:\/\/solucionescontract.com\/producto\/pouf-sofia\/#breadcrumb"},"inLanguage":"en-US","potentialAction":[{"@type":"ReadAction","target":["https:\/\/solucionescontract.com\/producto\/pouf-sofia\/"]}]},{"@type":"ImageObject","inLanguage":"en-US","@id":"https:\/\/solucionescontract.com\/producto\/pouf-sofia\/#primaryimage","url":"https:\/\/solucionescontract.com\/wp-content\/uploads\/2022\/05\/poufs-Sofia.jpg","contentUrl":"https:\/\/solucionescontract.com\/wp-content\/uploads\/2022\/05\/poufs-Sofia.jpg","width":861,"height":861},{"@type":"BreadcrumbList","@id":"https:\/\/solucionescontract.com\/producto\/pouf-sofia\/#breadcrumb","itemListElement":[{"@type":"ListItem","position":1,"name":"Inicio","item":"https:\/\/solucionescontract.com\/"},{"@type":"ListItem","position":2,"name":"Tienda mobiliario contract","item":"https:\/\/solucionescontract.com\/tienda-mobiliario-contract\/"},{"@type":"ListItem","position":3,"name":"Asientos Contract","item":"https:\/\/solucionescontract.com\/categoria-producto\/asientos-para-contract\/"},{"@type":"ListItem","position":4,"name":"POUF SOF\u00cdA"}]},{"@type":"WebSite","@id":"https:\/\/solucionescontract.com\/#website","url":"https:\/\/solucionescontract.com\/","name":"Soluciones Contract","description":"Venta Mobiliario contract de dise\u00f1o","publisher":{"@id":"https:\/\/solucionescontract.com\/#organization"},"potentialAction":[{"@type":"SearchAction","target":{"@type":"EntryPoint","urlTemplate":"https:\/\/solucionescontract.com\/?s={search_term_string}"},"query-input":{"@type":"PropertyValueSpecification","valueRequired":true,"valueName":"search_term_string"}}],"inLanguage":"en-US"},{"@type":"Organization","@id":"https:\/\/solucionescontract.com\/#organization","name":"Soluciones Contract","url":"https:\/\/solucionescontract.com\/","logo":{"@type":"ImageObject","inLanguage":"en-US","@id":"https:\/\/solucionescontract.com\/#\/schema\/logo\/image\/","url":"https:\/\/solucionescontract.com\/wp-content\/uploads\/2020\/02\/logoSC.jpg","contentUrl":"https:\/\/solucionescontract.com\/wp-content\/uploads\/2020\/02\/logoSC.jpg","width":300,"height":125,"caption":"Soluciones Contract"},"image":{"@id":"https:\/\/solucionescontract.com\/#\/schema\/logo\/image\/"},"sameAs":["https:\/\/www.facebook.com\/solucionescontract\/"]}]}},"_links":{"self":[{"href":"https:\/\/solucionescontract.com\/en\/wp-json\/wp\/v2\/product\/28309","targetHints":{"allow":["GET"]}}],"collection":[{"href":"https:\/\/solucionescontract.com\/en\/wp-json\/wp\/v2\/product"}],"about":[{"href":"https:\/\/solucionescontract.com\/en\/wp-json\/wp\/v2\/types\/product"}],"replies":[{"embeddable":true,"href":"https:\/\/solucionescontract.com\/en\/wp-json\/wp\/v2\/comments?post=28309"}],"wp:featuredmedia":[{"embeddable":true,"href":"https:\/\/solucionescontract.com\/en\/wp-json\/wp\/v2\/media\/28313"}],"wp:attachment":[{"href":"https:\/\/solucionescontract.com\/en\/wp-json\/wp\/v2\/media?parent=28309"}],"wp:term":[{"taxonomy":"product_brand","embeddable":true,"href":"https:\/\/solucionescontract.com\/en\/wp-json\/wp\/v2\/product_brand?post=28309"},{"taxonomy":"product_cat","embeddable":true,"href":"https:\/\/solucionescontract.com\/en\/wp-json\/wp\/v2\/product_cat?post=28309"},{"taxonomy":"product_tag","embeddable":true,"href":"https:\/\/solucionescontract.com\/en\/wp-json\/wp\/v2\/product_tag?post=28309"}],"curies":[{"name":"wp","href":"https:\/\/api.w.org\/{rel}","templated":true}]}}