{"id":27102,"date":"2022-05-24T09:45:24","date_gmt":"2022-05-24T08:45:24","guid":{"rendered":"https:\/\/www.solucionescontract.com\/?post_type=product&#038;p=27102"},"modified":"2023-11-09T17:59:00","modified_gmt":"2023-11-09T16:59:00","slug":"mesas-coleccion-gracia","status":"publish","type":"product","link":"https:\/\/solucionescontract.com\/en\/producto\/mesas-coleccion-gracia\/","title":{"rendered":"MESAS COLECCI\u00d3N GRACIA"},"content":{"rendered":"<p><strong>Polivalentes<\/strong> mesas y de diferentes geometr\u00edas<strong>, cuadrada y redonda<\/strong>. Perteneciente a la colecci\u00f3n <em><strong>GRACIA<\/strong><\/em>\u00a0 Pensadas para hogar, oficinas, restaurantes, y para cualquier lugar que a ti te guste. Seguro que con tan amplia variedad aqu\u00ed encontrar\u00e1s la que necesitas y mejor se adapte a tus necesidades.<\/p>\n<p><a href=\"https:\/\/solucionescontract.com\/producto\/mesas-gracia-\">Aqu\u00ed<\/a> puedes ver el modelo rectangular.<\/p>\n<p>Dise\u00f1o: JM Massana \u2013 JM Tremoleda.<\/p>\n<p>Excelentes materiales d<em><strong>e contrachapado de roble o nogal barnizado patas de madera natural curvada<\/strong><\/em>, de 30 mm de espesor.<\/p>\n<p>Material de 60 mm de ancho en la parte superior y 45mm en la parte inferior. Su interior est\u00e1 formado por l\u00e1minas de haya.<\/p>\n<p>&nbsp;<\/p>\n<p>MEDIDAS:<\/p>\n<p>Mesa cuadrada: 80 x 80 cm | 90 x 90 cm | 100 x 100 cm | 110 x 110 cm | 120 x 120 cm.<\/p>\n<p>Mesa rectangular: Desde 120 a 220 x 80 cm. Desde 120 a 220 x 85 cm. Desde 120 a 220 x 90 cm. Desde 150 a 220 x 100 cm.<\/p>\n<p>Altura 74 cm.<\/p>\n<p>&nbsp;<\/p>\n<p>&nbsp;<\/p>\n","protected":false},"excerpt":{"rendered":"<ul>\n<li>Colecci\u00f3n de mesas de diferentes formatos: cuadrada, redonda y rectangular.<\/li>\n<li>Dise\u00f1ada por : JM Massana \u2013 JM Tremoleda.<\/li>\n<li>Mesa multifuncional, dise\u00f1ada tanto\u00a0 para oficinas, restaurantes,cocinas dom\u00e9sticas o para un rinc\u00f3n de estudio o trabajo.<\/li>\n<li>Excelentes materiales de contrachapado.<\/li>\n<li>Acabados en roble o nogal.<\/li>\n<li>Su interior est\u00e1 formado por l\u00e1minas de haya.<\/li>\n<li>Gran variedad de medidas disponibles<\/li>\n<li>Uso interior<\/li>\n<\/ul>\n<p>&nbsp;<\/p>\n<p>&nbsp;<\/p>\n","protected":false},"featured_media":27905,"comment_status":"open","ping_status":"closed","template":"","meta":[],"product_brand":[],"product_cat":[570,572,568],"product_tag":[675,719,737],"class_list":{"0":"post-27102","1":"product","2":"type-product","3":"status-publish","4":"has-post-thumbnail","6":"product_cat-side-table","7":"product_cat-dining-table","8":"product_cat-tables-design","9":"product_tag-interior-en","10":"product_tag-mesa-de-madera-en","11":"product_tag-oficina-en","12":"product_shipping_class-free","13":"yith_product_brand-mobles-114-en","15":"first","16":"instock","17":"taxable","18":"shipping-taxable","19":"purchasable","20":"product-type-variable"},"yoast_head":"<!-- This site is optimized with the Yoast SEO plugin v27.3 - https:\/\/yoast.com\/product\/yoast-seo-wordpress\/ -->\n<title>MESAS COLECCI\u00d3N GRACIA - Muebles de dise\u00f1o en Soluciones Contract<\/title>\n<meta name=\"description\" content=\"Compra MESAS COLECCI\u00d3N GRACIA online en nuestra tienda de muebles Contract. Encuentra el mejor MOBILIARIO DE DISE\u00d1O para Hotel, Hogar y uso comercial. Descubre las mejores marcas en nuestro cat\u00e1logo.\" \/>\n<meta name=\"robots\" content=\"index, follow, max-snippet:-1, max-image-preview:large, max-video-preview:-1\" \/>\n<link rel=\"canonical\" href=\"https:\/\/solucionescontract.com\/producto\/mesas-coleccion-gracia\/\" \/>\n<meta property=\"og:locale\" content=\"en_US\" \/>\n<meta property=\"og:type\" content=\"article\" \/>\n<meta property=\"og:title\" content=\"MESAS COLECCI\u00d3N GRACIA - Muebles de dise\u00f1o en Soluciones Contract\" \/>\n<meta property=\"og:description\" content=\"Compra MESAS COLECCI\u00d3N GRACIA online en nuestra tienda de muebles Contract. Encuentra el mejor MOBILIARIO DE DISE\u00d1O para Hotel, Hogar y uso comercial. Descubre las mejores marcas en nuestro cat\u00e1logo.\" \/>\n<meta property=\"og:url\" content=\"https:\/\/solucionescontract.com\/producto\/mesas-coleccion-gracia\/\" \/>\n<meta property=\"og:site_name\" content=\"Soluciones Contract\" \/>\n<meta property=\"article:publisher\" content=\"https:\/\/www.facebook.com\/solucionescontract\/\" \/>\n<meta property=\"article:modified_time\" content=\"2023-11-09T16:59:00+00:00\" \/>\n<meta property=\"og:image\" content=\"https:\/\/solucionescontract.com\/wp-content\/uploads\/2022\/04\/mesa-rectangular-gracia-roble-2-.jpg\" \/>\n\t<meta property=\"og:image:width\" content=\"696\" \/>\n\t<meta property=\"og:image:height\" content=\"696\" \/>\n\t<meta property=\"og:image:type\" content=\"image\/jpeg\" \/>\n<meta name=\"twitter:card\" content=\"summary_large_image\" \/>\n<meta name=\"twitter:label1\" content=\"Est. reading time\" \/>\n\t<meta name=\"twitter:data1\" content=\"1 minute\" \/>\n<script type=\"application\/ld+json\" class=\"yoast-schema-graph\">{\"@context\":\"https:\\\/\\\/schema.org\",\"@graph\":[{\"@type\":\"WebPage\",\"@id\":\"https:\\\/\\\/solucionescontract.com\\\/producto\\\/mesas-coleccion-gracia\\\/\",\"url\":\"https:\\\/\\\/solucionescontract.com\\\/producto\\\/mesas-coleccion-gracia\\\/\",\"name\":\"MESAS COLECCI\u00d3N GRACIA - Muebles de dise\u00f1o en Soluciones Contract\",\"isPartOf\":{\"@id\":\"https:\\\/\\\/solucionescontract.com\\\/#website\"},\"primaryImageOfPage\":{\"@id\":\"https:\\\/\\\/solucionescontract.com\\\/producto\\\/mesas-coleccion-gracia\\\/#primaryimage\"},\"image\":{\"@id\":\"https:\\\/\\\/solucionescontract.com\\\/producto\\\/mesas-coleccion-gracia\\\/#primaryimage\"},\"thumbnailUrl\":\"https:\\\/\\\/solucionescontract.com\\\/wp-content\\\/uploads\\\/2022\\\/04\\\/mesa-rectangular-gracia-roble-2-.jpg\",\"datePublished\":\"2022-05-24T08:45:24+00:00\",\"dateModified\":\"2023-11-09T16:59:00+00:00\",\"description\":\"Compra MESAS COLECCI\u00d3N GRACIA online en nuestra tienda de muebles Contract. Encuentra el mejor MOBILIARIO DE DISE\u00d1O para Hotel, Hogar y uso comercial. Descubre las mejores marcas en nuestro cat\u00e1logo.\",\"breadcrumb\":{\"@id\":\"https:\\\/\\\/solucionescontract.com\\\/producto\\\/mesas-coleccion-gracia\\\/#breadcrumb\"},\"inLanguage\":\"en-US\",\"potentialAction\":[{\"@type\":\"ReadAction\",\"target\":[\"https:\\\/\\\/solucionescontract.com\\\/producto\\\/mesas-coleccion-gracia\\\/\"]}]},{\"@type\":\"ImageObject\",\"inLanguage\":\"en-US\",\"@id\":\"https:\\\/\\\/solucionescontract.com\\\/producto\\\/mesas-coleccion-gracia\\\/#primaryimage\",\"url\":\"https:\\\/\\\/solucionescontract.com\\\/wp-content\\\/uploads\\\/2022\\\/04\\\/mesa-rectangular-gracia-roble-2-.jpg\",\"contentUrl\":\"https:\\\/\\\/solucionescontract.com\\\/wp-content\\\/uploads\\\/2022\\\/04\\\/mesa-rectangular-gracia-roble-2-.jpg\",\"width\":696,\"height\":696},{\"@type\":\"BreadcrumbList\",\"@id\":\"https:\\\/\\\/solucionescontract.com\\\/producto\\\/mesas-coleccion-gracia\\\/#breadcrumb\",\"itemListElement\":[{\"@type\":\"ListItem\",\"position\":1,\"name\":\"Inicio\",\"item\":\"https:\\\/\\\/solucionescontract.com\\\/\"},{\"@type\":\"ListItem\",\"position\":2,\"name\":\"Tienda mobiliario contract\",\"item\":\"https:\\\/\\\/solucionescontract.com\\\/tienda-mobiliario-contract\\\/\"},{\"@type\":\"ListItem\",\"position\":3,\"name\":\"Mesas de dise\u00f1o\",\"item\":\"https:\\\/\\\/solucionescontract.com\\\/categoria-producto\\\/mesas-de-diseno\\\/\"},{\"@type\":\"ListItem\",\"position\":4,\"name\":\"MESAS COLECCI\u00d3N GRACIA\"}]},{\"@type\":\"WebSite\",\"@id\":\"https:\\\/\\\/solucionescontract.com\\\/#website\",\"url\":\"https:\\\/\\\/solucionescontract.com\\\/\",\"name\":\"Soluciones Contract\",\"description\":\"Venta Mobiliario contract de dise\u00f1o\",\"publisher\":{\"@id\":\"https:\\\/\\\/solucionescontract.com\\\/#organization\"},\"potentialAction\":[{\"@type\":\"SearchAction\",\"target\":{\"@type\":\"EntryPoint\",\"urlTemplate\":\"https:\\\/\\\/solucionescontract.com\\\/?s={search_term_string}\"},\"query-input\":{\"@type\":\"PropertyValueSpecification\",\"valueRequired\":true,\"valueName\":\"search_term_string\"}}],\"inLanguage\":\"en-US\"},{\"@type\":\"Organization\",\"@id\":\"https:\\\/\\\/solucionescontract.com\\\/#organization\",\"name\":\"Soluciones Contract\",\"url\":\"https:\\\/\\\/solucionescontract.com\\\/\",\"logo\":{\"@type\":\"ImageObject\",\"inLanguage\":\"en-US\",\"@id\":\"https:\\\/\\\/solucionescontract.com\\\/#\\\/schema\\\/logo\\\/image\\\/\",\"url\":\"https:\\\/\\\/solucionescontract.com\\\/wp-content\\\/uploads\\\/2020\\\/02\\\/logoSC.jpg\",\"contentUrl\":\"https:\\\/\\\/solucionescontract.com\\\/wp-content\\\/uploads\\\/2020\\\/02\\\/logoSC.jpg\",\"width\":300,\"height\":125,\"caption\":\"Soluciones Contract\"},\"image\":{\"@id\":\"https:\\\/\\\/solucionescontract.com\\\/#\\\/schema\\\/logo\\\/image\\\/\"},\"sameAs\":[\"https:\\\/\\\/www.facebook.com\\\/solucionescontract\\\/\"]}]}<\/script>\n<!-- \/ Yoast SEO plugin. -->","yoast_head_json":{"title":"MESAS COLECCI\u00d3N GRACIA - Muebles de dise\u00f1o en Soluciones Contract","description":"Compra MESAS COLECCI\u00d3N GRACIA online en nuestra tienda de muebles Contract. Encuentra el mejor MOBILIARIO DE DISE\u00d1O para Hotel, Hogar y uso comercial. Descubre las mejores marcas en nuestro cat\u00e1logo.","robots":{"index":"index","follow":"follow","max-snippet":"max-snippet:-1","max-image-preview":"max-image-preview:large","max-video-preview":"max-video-preview:-1"},"canonical":"https:\/\/solucionescontract.com\/producto\/mesas-coleccion-gracia\/","og_locale":"en_US","og_type":"article","og_title":"MESAS COLECCI\u00d3N GRACIA - Muebles de dise\u00f1o en Soluciones Contract","og_description":"Compra MESAS COLECCI\u00d3N GRACIA online en nuestra tienda de muebles Contract. Encuentra el mejor MOBILIARIO DE DISE\u00d1O para Hotel, Hogar y uso comercial. Descubre las mejores marcas en nuestro cat\u00e1logo.","og_url":"https:\/\/solucionescontract.com\/producto\/mesas-coleccion-gracia\/","og_site_name":"Soluciones Contract","article_publisher":"https:\/\/www.facebook.com\/solucionescontract\/","article_modified_time":"2023-11-09T16:59:00+00:00","og_image":[{"width":696,"height":696,"url":"https:\/\/solucionescontract.com\/wp-content\/uploads\/2022\/04\/mesa-rectangular-gracia-roble-2-.jpg","type":"image\/jpeg"}],"twitter_card":"summary_large_image","twitter_misc":{"Est. reading time":"1 minute"},"schema":{"@context":"https:\/\/schema.org","@graph":[{"@type":"WebPage","@id":"https:\/\/solucionescontract.com\/producto\/mesas-coleccion-gracia\/","url":"https:\/\/solucionescontract.com\/producto\/mesas-coleccion-gracia\/","name":"MESAS COLECCI\u00d3N GRACIA - Muebles de dise\u00f1o en Soluciones Contract","isPartOf":{"@id":"https:\/\/solucionescontract.com\/#website"},"primaryImageOfPage":{"@id":"https:\/\/solucionescontract.com\/producto\/mesas-coleccion-gracia\/#primaryimage"},"image":{"@id":"https:\/\/solucionescontract.com\/producto\/mesas-coleccion-gracia\/#primaryimage"},"thumbnailUrl":"https:\/\/solucionescontract.com\/wp-content\/uploads\/2022\/04\/mesa-rectangular-gracia-roble-2-.jpg","datePublished":"2022-05-24T08:45:24+00:00","dateModified":"2023-11-09T16:59:00+00:00","description":"Compra MESAS COLECCI\u00d3N GRACIA online en nuestra tienda de muebles Contract. Encuentra el mejor MOBILIARIO DE DISE\u00d1O para Hotel, Hogar y uso comercial. Descubre las mejores marcas en nuestro cat\u00e1logo.","breadcrumb":{"@id":"https:\/\/solucionescontract.com\/producto\/mesas-coleccion-gracia\/#breadcrumb"},"inLanguage":"en-US","potentialAction":[{"@type":"ReadAction","target":["https:\/\/solucionescontract.com\/producto\/mesas-coleccion-gracia\/"]}]},{"@type":"ImageObject","inLanguage":"en-US","@id":"https:\/\/solucionescontract.com\/producto\/mesas-coleccion-gracia\/#primaryimage","url":"https:\/\/solucionescontract.com\/wp-content\/uploads\/2022\/04\/mesa-rectangular-gracia-roble-2-.jpg","contentUrl":"https:\/\/solucionescontract.com\/wp-content\/uploads\/2022\/04\/mesa-rectangular-gracia-roble-2-.jpg","width":696,"height":696},{"@type":"BreadcrumbList","@id":"https:\/\/solucionescontract.com\/producto\/mesas-coleccion-gracia\/#breadcrumb","itemListElement":[{"@type":"ListItem","position":1,"name":"Inicio","item":"https:\/\/solucionescontract.com\/"},{"@type":"ListItem","position":2,"name":"Tienda mobiliario contract","item":"https:\/\/solucionescontract.com\/tienda-mobiliario-contract\/"},{"@type":"ListItem","position":3,"name":"Mesas de dise\u00f1o","item":"https:\/\/solucionescontract.com\/categoria-producto\/mesas-de-diseno\/"},{"@type":"ListItem","position":4,"name":"MESAS COLECCI\u00d3N GRACIA"}]},{"@type":"WebSite","@id":"https:\/\/solucionescontract.com\/#website","url":"https:\/\/solucionescontract.com\/","name":"Soluciones Contract","description":"Venta Mobiliario contract de dise\u00f1o","publisher":{"@id":"https:\/\/solucionescontract.com\/#organization"},"potentialAction":[{"@type":"SearchAction","target":{"@type":"EntryPoint","urlTemplate":"https:\/\/solucionescontract.com\/?s={search_term_string}"},"query-input":{"@type":"PropertyValueSpecification","valueRequired":true,"valueName":"search_term_string"}}],"inLanguage":"en-US"},{"@type":"Organization","@id":"https:\/\/solucionescontract.com\/#organization","name":"Soluciones Contract","url":"https:\/\/solucionescontract.com\/","logo":{"@type":"ImageObject","inLanguage":"en-US","@id":"https:\/\/solucionescontract.com\/#\/schema\/logo\/image\/","url":"https:\/\/solucionescontract.com\/wp-content\/uploads\/2020\/02\/logoSC.jpg","contentUrl":"https:\/\/solucionescontract.com\/wp-content\/uploads\/2020\/02\/logoSC.jpg","width":300,"height":125,"caption":"Soluciones Contract"},"image":{"@id":"https:\/\/solucionescontract.com\/#\/schema\/logo\/image\/"},"sameAs":["https:\/\/www.facebook.com\/solucionescontract\/"]}]}},"_links":{"self":[{"href":"https:\/\/solucionescontract.com\/en\/wp-json\/wp\/v2\/product\/27102","targetHints":{"allow":["GET"]}}],"collection":[{"href":"https:\/\/solucionescontract.com\/en\/wp-json\/wp\/v2\/product"}],"about":[{"href":"https:\/\/solucionescontract.com\/en\/wp-json\/wp\/v2\/types\/product"}],"replies":[{"embeddable":true,"href":"https:\/\/solucionescontract.com\/en\/wp-json\/wp\/v2\/comments?post=27102"}],"wp:featuredmedia":[{"embeddable":true,"href":"https:\/\/solucionescontract.com\/en\/wp-json\/wp\/v2\/media\/27905"}],"wp:attachment":[{"href":"https:\/\/solucionescontract.com\/en\/wp-json\/wp\/v2\/media?parent=27102"}],"wp:term":[{"taxonomy":"product_brand","embeddable":true,"href":"https:\/\/solucionescontract.com\/en\/wp-json\/wp\/v2\/product_brand?post=27102"},{"taxonomy":"product_cat","embeddable":true,"href":"https:\/\/solucionescontract.com\/en\/wp-json\/wp\/v2\/product_cat?post=27102"},{"taxonomy":"product_tag","embeddable":true,"href":"https:\/\/solucionescontract.com\/en\/wp-json\/wp\/v2\/product_tag?post=27102"}],"curies":[{"name":"wp","href":"https:\/\/api.w.org\/{rel}","templated":true}]}}