{"id":26900,"date":"2022-04-06T17:26:39","date_gmt":"2022-04-06T16:26:39","guid":{"rendered":"https:\/\/www.solucionescontract.com\/?post_type=product&#038;p=26900"},"modified":"2023-11-11T21:35:18","modified_gmt":"2023-11-11T20:35:18","slug":"sillon-bowl","status":"publish","type":"product","link":"https:\/\/solucionescontract.com\/en\/producto\/sillon-bowl\/","title":{"rendered":"SILL\u00d3N BOWL"},"content":{"rendered":"<p>Fant\u00e1stico <strong>sill\u00f3n de polipropileno<\/strong> color blanco con patas de aluminio lacadas en blanco.<\/p>\n<p>Nuestro sill\u00f3n es apilable y es una gran elecci\u00f3n para colocar en cualquier lugar, terrazas, jardines, hoteles, patios&#8230;<\/p>\n<p>MEDIDAS. 82\u00a0 x\u00a0 53 x\u00a0 58\u00a0 x 45 cm.<\/p>\n<h5><\/h5>\n<h5><a href=\"https:\/\/solucionescontract.com\/wp-content\/uploads\/2022\/04\/Captura-de-pantalla-2022-04-06-175045.png\"><img decoding=\"async\" class=\" wd-lazy-fade alignnone wp-image-26901 size-medium\" src=\"https:\/\/solucionescontract.com\/wp-content\/themes\/woodmart\/images\/lazy.svg\" data-src=\"https:\/\/solucionescontract.com\/wp-content\/uploads\/2022\/04\/Captura-de-pantalla-2022-04-06-175045-300x281.png\" alt=\"\" width=\"300\" height=\"281\" srcset=\"\" data-srcset=\"https:\/\/solucionescontract.com\/wp-content\/uploads\/2022\/04\/Captura-de-pantalla-2022-04-06-175045-300x281.png 300w, https:\/\/solucionescontract.com\/wp-content\/uploads\/2022\/04\/Captura-de-pantalla-2022-04-06-175045-150x140.png 150w, https:\/\/solucionescontract.com\/wp-content\/uploads\/2022\/04\/Captura-de-pantalla-2022-04-06-175045-21x20.png 21w, https:\/\/solucionescontract.com\/wp-content\/uploads\/2022\/04\/Captura-de-pantalla-2022-04-06-175045.png 568w\" sizes=\"(max-width: 300px) 100vw, 300px\" \/><\/a><\/h5>\n<p>&nbsp;<\/p>\n","protected":false},"excerpt":{"rendered":"<ul>\n<li>Fant\u00e1stico sill\u00f3n de polipropileno color blanco.<\/li>\n<li>Las patas son de aluminio lacadas en blanco.<\/li>\n<li>Es apilable.<\/li>\n<li>Gran elecci\u00f3n para colocar en cualquier lugar, terrazas, jardines, hoteles, patios&#8230;<\/li>\n<li>MEDIDAS. 82 x 53 x 58 x 45 cm.<\/li>\n<\/ul>\n<h5><\/h5>\n","protected":false},"featured_media":26907,"comment_status":"open","ping_status":"closed","template":"","meta":[],"product_brand":[],"product_cat":[583,581,589],"product_tag":[686,784,679,789,754],"class_list":{"0":"post-26900","1":"product","2":"type-product","3":"status-publish","4":"has-post-thumbnail","6":"product_cat-fauteuil-de-jardin","7":"product_cat-meubles-de-terrasse-et-de-jardin","8":"product_cat-chaises-de-terrasse","9":"product_tag-apilable-fr","10":"product_tag-estructura-aluminio-fr","11":"product_tag-exterior-interior","12":"product_tag-jardin-fr","13":"product_tag-polipropileno-fr","14":"yith_product_brand-ezpeleta","16":"first","17":"outofstock","18":"sale","19":"taxable","20":"shipping-taxable","21":"purchasable","22":"product-type-simple"},"yoast_head":"<!-- This site is optimized with the Yoast SEO plugin v27.4 - https:\/\/yoast.com\/product\/yoast-seo-wordpress\/ -->\n<title>SILL\u00d3N BOWL - Muebles de dise\u00f1o en Soluciones Contract<\/title>\n<meta name=\"description\" content=\"Compra SILL\u00d3N BOWL online en nuestra tienda de muebles Contract. Encuentra el mejor MOBILIARIO DE DISE\u00d1O para Hotel, Hogar y uso comercial. Descubre las mejores marcas en nuestro cat\u00e1logo.\" \/>\n<meta name=\"robots\" content=\"index, follow, max-snippet:-1, max-image-preview:large, max-video-preview:-1\" \/>\n<link rel=\"canonical\" href=\"https:\/\/solucionescontract.com\/en\/producto\/sillon-bowl\/\" \/>\n<meta property=\"og:locale\" content=\"en_US\" \/>\n<meta property=\"og:type\" content=\"article\" \/>\n<meta property=\"og:title\" content=\"SILL\u00d3N BOWL - Muebles de dise\u00f1o en Soluciones Contract\" \/>\n<meta property=\"og:description\" content=\"Compra SILL\u00d3N BOWL online en nuestra tienda de muebles Contract. Encuentra el mejor MOBILIARIO DE DISE\u00d1O para Hotel, Hogar y uso comercial. Descubre las mejores marcas en nuestro cat\u00e1logo.\" \/>\n<meta property=\"og:url\" content=\"https:\/\/solucionescontract.com\/en\/producto\/sillon-bowl\/\" \/>\n<meta property=\"og:site_name\" content=\"Soluciones Contract\" \/>\n<meta property=\"article:publisher\" content=\"https:\/\/www.facebook.com\/solucionescontract\/\" \/>\n<meta property=\"article:modified_time\" content=\"2023-11-11T20:35:18+00:00\" \/>\n<meta property=\"og:image\" content=\"https:\/\/solucionescontract.com\/wp-content\/uploads\/2022\/04\/Sin-titulo-13.jpg\" \/>\n\t<meta property=\"og:image:width\" content=\"671\" \/>\n\t<meta property=\"og:image:height\" content=\"671\" \/>\n\t<meta property=\"og:image:type\" content=\"image\/jpeg\" \/>\n<meta name=\"twitter:card\" content=\"summary_large_image\" \/>\n<meta name=\"twitter:label1\" content=\"Est. reading time\" \/>\n\t<meta name=\"twitter:data1\" content=\"1 minute\" \/>\n<script type=\"application\/ld+json\" class=\"yoast-schema-graph\">{\"@context\":\"https:\\\/\\\/schema.org\",\"@graph\":[{\"@type\":\"WebPage\",\"@id\":\"https:\\\/\\\/solucionescontract.com\\\/en\\\/producto\\\/sillon-bowl\\\/\",\"url\":\"https:\\\/\\\/solucionescontract.com\\\/en\\\/producto\\\/sillon-bowl\\\/\",\"name\":\"SILL\u00d3N BOWL - Muebles de dise\u00f1o en Soluciones Contract\",\"isPartOf\":{\"@id\":\"https:\\\/\\\/solucionescontract.com\\\/#website\"},\"primaryImageOfPage\":{\"@id\":\"https:\\\/\\\/solucionescontract.com\\\/en\\\/producto\\\/sillon-bowl\\\/#primaryimage\"},\"image\":{\"@id\":\"https:\\\/\\\/solucionescontract.com\\\/en\\\/producto\\\/sillon-bowl\\\/#primaryimage\"},\"thumbnailUrl\":\"https:\\\/\\\/solucionescontract.com\\\/wp-content\\\/uploads\\\/2022\\\/04\\\/Sin-titulo-13.jpg\",\"datePublished\":\"2022-04-06T16:26:39+00:00\",\"dateModified\":\"2023-11-11T20:35:18+00:00\",\"description\":\"Compra SILL\u00d3N BOWL online en nuestra tienda de muebles Contract. Encuentra el mejor MOBILIARIO DE DISE\u00d1O para Hotel, Hogar y uso comercial. Descubre las mejores marcas en nuestro cat\u00e1logo.\",\"breadcrumb\":{\"@id\":\"https:\\\/\\\/solucionescontract.com\\\/en\\\/producto\\\/sillon-bowl\\\/#breadcrumb\"},\"inLanguage\":\"en-US\",\"potentialAction\":[{\"@type\":\"ReadAction\",\"target\":[\"https:\\\/\\\/solucionescontract.com\\\/en\\\/producto\\\/sillon-bowl\\\/\"]}]},{\"@type\":\"ImageObject\",\"inLanguage\":\"en-US\",\"@id\":\"https:\\\/\\\/solucionescontract.com\\\/en\\\/producto\\\/sillon-bowl\\\/#primaryimage\",\"url\":\"https:\\\/\\\/solucionescontract.com\\\/wp-content\\\/uploads\\\/2022\\\/04\\\/Sin-titulo-13.jpg\",\"contentUrl\":\"https:\\\/\\\/solucionescontract.com\\\/wp-content\\\/uploads\\\/2022\\\/04\\\/Sin-titulo-13.jpg\",\"width\":671,\"height\":671},{\"@type\":\"BreadcrumbList\",\"@id\":\"https:\\\/\\\/solucionescontract.com\\\/en\\\/producto\\\/sillon-bowl\\\/#breadcrumb\",\"itemListElement\":[{\"@type\":\"ListItem\",\"position\":1,\"name\":\"Inicio\",\"item\":\"https:\\\/\\\/solucionescontract.com\\\/\"},{\"@type\":\"ListItem\",\"position\":2,\"name\":\"Tienda mobiliario contract\",\"item\":\"https:\\\/\\\/solucionescontract.com\\\/tienda-mobiliario-contract\\\/\"},{\"@type\":\"ListItem\",\"position\":3,\"name\":\"Terrace and Garden Furniture\",\"item\":\"https:\\\/\\\/solucionescontract.com\\\/en\\\/categoria-producto\\\/terrace-and-garden-furniture\\\/\"},{\"@type\":\"ListItem\",\"position\":4,\"name\":\"Sillas de terraza\",\"item\":\"https:\\\/\\\/solucionescontract.com\\\/categoria-producto\\\/mobiliario-de-terraza-y-jardin\\\/sillas-terraza\\\/\"},{\"@type\":\"ListItem\",\"position\":5,\"name\":\"SILL\u00d3N BOWL\"}]},{\"@type\":\"WebSite\",\"@id\":\"https:\\\/\\\/solucionescontract.com\\\/#website\",\"url\":\"https:\\\/\\\/solucionescontract.com\\\/\",\"name\":\"Soluciones Contract\",\"description\":\"Venta Mobiliario contract de dise\u00f1o\",\"publisher\":{\"@id\":\"https:\\\/\\\/solucionescontract.com\\\/#organization\"},\"potentialAction\":[{\"@type\":\"SearchAction\",\"target\":{\"@type\":\"EntryPoint\",\"urlTemplate\":\"https:\\\/\\\/solucionescontract.com\\\/?s={search_term_string}\"},\"query-input\":{\"@type\":\"PropertyValueSpecification\",\"valueRequired\":true,\"valueName\":\"search_term_string\"}}],\"inLanguage\":\"en-US\"},{\"@type\":\"Organization\",\"@id\":\"https:\\\/\\\/solucionescontract.com\\\/#organization\",\"name\":\"Soluciones Contract\",\"url\":\"https:\\\/\\\/solucionescontract.com\\\/\",\"logo\":{\"@type\":\"ImageObject\",\"inLanguage\":\"en-US\",\"@id\":\"https:\\\/\\\/solucionescontract.com\\\/#\\\/schema\\\/logo\\\/image\\\/\",\"url\":\"https:\\\/\\\/solucionescontract.com\\\/wp-content\\\/uploads\\\/2020\\\/02\\\/logoSC.jpg\",\"contentUrl\":\"https:\\\/\\\/solucionescontract.com\\\/wp-content\\\/uploads\\\/2020\\\/02\\\/logoSC.jpg\",\"width\":300,\"height\":125,\"caption\":\"Soluciones Contract\"},\"image\":{\"@id\":\"https:\\\/\\\/solucionescontract.com\\\/#\\\/schema\\\/logo\\\/image\\\/\"},\"sameAs\":[\"https:\\\/\\\/www.facebook.com\\\/solucionescontract\\\/\"]}]}<\/script>\n<!-- \/ Yoast SEO plugin. -->","yoast_head_json":{"title":"SILL\u00d3N BOWL - Muebles de dise\u00f1o en Soluciones Contract","description":"Compra SILL\u00d3N BOWL online en nuestra tienda de muebles Contract. Encuentra el mejor MOBILIARIO DE DISE\u00d1O para Hotel, Hogar y uso comercial. Descubre las mejores marcas en nuestro cat\u00e1logo.","robots":{"index":"index","follow":"follow","max-snippet":"max-snippet:-1","max-image-preview":"max-image-preview:large","max-video-preview":"max-video-preview:-1"},"canonical":"https:\/\/solucionescontract.com\/en\/producto\/sillon-bowl\/","og_locale":"en_US","og_type":"article","og_title":"SILL\u00d3N BOWL - Muebles de dise\u00f1o en Soluciones Contract","og_description":"Compra SILL\u00d3N BOWL online en nuestra tienda de muebles Contract. Encuentra el mejor MOBILIARIO DE DISE\u00d1O para Hotel, Hogar y uso comercial. Descubre las mejores marcas en nuestro cat\u00e1logo.","og_url":"https:\/\/solucionescontract.com\/en\/producto\/sillon-bowl\/","og_site_name":"Soluciones Contract","article_publisher":"https:\/\/www.facebook.com\/solucionescontract\/","article_modified_time":"2023-11-11T20:35:18+00:00","og_image":[{"width":671,"height":671,"url":"https:\/\/solucionescontract.com\/wp-content\/uploads\/2022\/04\/Sin-titulo-13.jpg","type":"image\/jpeg"}],"twitter_card":"summary_large_image","twitter_misc":{"Est. reading time":"1 minute"},"schema":{"@context":"https:\/\/schema.org","@graph":[{"@type":"WebPage","@id":"https:\/\/solucionescontract.com\/en\/producto\/sillon-bowl\/","url":"https:\/\/solucionescontract.com\/en\/producto\/sillon-bowl\/","name":"SILL\u00d3N BOWL - Muebles de dise\u00f1o en Soluciones Contract","isPartOf":{"@id":"https:\/\/solucionescontract.com\/#website"},"primaryImageOfPage":{"@id":"https:\/\/solucionescontract.com\/en\/producto\/sillon-bowl\/#primaryimage"},"image":{"@id":"https:\/\/solucionescontract.com\/en\/producto\/sillon-bowl\/#primaryimage"},"thumbnailUrl":"https:\/\/solucionescontract.com\/wp-content\/uploads\/2022\/04\/Sin-titulo-13.jpg","datePublished":"2022-04-06T16:26:39+00:00","dateModified":"2023-11-11T20:35:18+00:00","description":"Compra SILL\u00d3N BOWL online en nuestra tienda de muebles Contract. Encuentra el mejor MOBILIARIO DE DISE\u00d1O para Hotel, Hogar y uso comercial. Descubre las mejores marcas en nuestro cat\u00e1logo.","breadcrumb":{"@id":"https:\/\/solucionescontract.com\/en\/producto\/sillon-bowl\/#breadcrumb"},"inLanguage":"en-US","potentialAction":[{"@type":"ReadAction","target":["https:\/\/solucionescontract.com\/en\/producto\/sillon-bowl\/"]}]},{"@type":"ImageObject","inLanguage":"en-US","@id":"https:\/\/solucionescontract.com\/en\/producto\/sillon-bowl\/#primaryimage","url":"https:\/\/solucionescontract.com\/wp-content\/uploads\/2022\/04\/Sin-titulo-13.jpg","contentUrl":"https:\/\/solucionescontract.com\/wp-content\/uploads\/2022\/04\/Sin-titulo-13.jpg","width":671,"height":671},{"@type":"BreadcrumbList","@id":"https:\/\/solucionescontract.com\/en\/producto\/sillon-bowl\/#breadcrumb","itemListElement":[{"@type":"ListItem","position":1,"name":"Inicio","item":"https:\/\/solucionescontract.com\/"},{"@type":"ListItem","position":2,"name":"Tienda mobiliario contract","item":"https:\/\/solucionescontract.com\/tienda-mobiliario-contract\/"},{"@type":"ListItem","position":3,"name":"Terrace and Garden Furniture","item":"https:\/\/solucionescontract.com\/en\/categoria-producto\/terrace-and-garden-furniture\/"},{"@type":"ListItem","position":4,"name":"Sillas de terraza","item":"https:\/\/solucionescontract.com\/categoria-producto\/mobiliario-de-terraza-y-jardin\/sillas-terraza\/"},{"@type":"ListItem","position":5,"name":"SILL\u00d3N BOWL"}]},{"@type":"WebSite","@id":"https:\/\/solucionescontract.com\/#website","url":"https:\/\/solucionescontract.com\/","name":"Soluciones Contract","description":"Venta Mobiliario contract de dise\u00f1o","publisher":{"@id":"https:\/\/solucionescontract.com\/#organization"},"potentialAction":[{"@type":"SearchAction","target":{"@type":"EntryPoint","urlTemplate":"https:\/\/solucionescontract.com\/?s={search_term_string}"},"query-input":{"@type":"PropertyValueSpecification","valueRequired":true,"valueName":"search_term_string"}}],"inLanguage":"en-US"},{"@type":"Organization","@id":"https:\/\/solucionescontract.com\/#organization","name":"Soluciones Contract","url":"https:\/\/solucionescontract.com\/","logo":{"@type":"ImageObject","inLanguage":"en-US","@id":"https:\/\/solucionescontract.com\/#\/schema\/logo\/image\/","url":"https:\/\/solucionescontract.com\/wp-content\/uploads\/2020\/02\/logoSC.jpg","contentUrl":"https:\/\/solucionescontract.com\/wp-content\/uploads\/2020\/02\/logoSC.jpg","width":300,"height":125,"caption":"Soluciones Contract"},"image":{"@id":"https:\/\/solucionescontract.com\/#\/schema\/logo\/image\/"},"sameAs":["https:\/\/www.facebook.com\/solucionescontract\/"]}]}},"_links":{"self":[{"href":"https:\/\/solucionescontract.com\/en\/wp-json\/wp\/v2\/product\/26900","targetHints":{"allow":["GET"]}}],"collection":[{"href":"https:\/\/solucionescontract.com\/en\/wp-json\/wp\/v2\/product"}],"about":[{"href":"https:\/\/solucionescontract.com\/en\/wp-json\/wp\/v2\/types\/product"}],"replies":[{"embeddable":true,"href":"https:\/\/solucionescontract.com\/en\/wp-json\/wp\/v2\/comments?post=26900"}],"wp:featuredmedia":[{"embeddable":true,"href":"https:\/\/solucionescontract.com\/en\/wp-json\/wp\/v2\/media\/26907"}],"wp:attachment":[{"href":"https:\/\/solucionescontract.com\/en\/wp-json\/wp\/v2\/media?parent=26900"}],"wp:term":[{"taxonomy":"product_brand","embeddable":true,"href":"https:\/\/solucionescontract.com\/en\/wp-json\/wp\/v2\/product_brand?post=26900"},{"taxonomy":"product_cat","embeddable":true,"href":"https:\/\/solucionescontract.com\/en\/wp-json\/wp\/v2\/product_cat?post=26900"},{"taxonomy":"product_tag","embeddable":true,"href":"https:\/\/solucionescontract.com\/en\/wp-json\/wp\/v2\/product_tag?post=26900"}],"curies":[{"name":"wp","href":"https:\/\/api.w.org\/{rel}","templated":true}]}}