{"id":26667,"date":"2022-04-27T16:55:55","date_gmt":"2022-04-27T15:55:55","guid":{"rendered":"https:\/\/www.solucionescontract.com\/?post_type=product&#038;p=26667"},"modified":"2023-11-06T19:57:58","modified_gmt":"2023-11-06T18:57:58","slug":"sombrilla-parasol-flexo","status":"publish","type":"product","link":"https:\/\/solucionescontract.com\/en\/producto\/sombrilla-parasol-flexo\/","title":{"rendered":"SOMBRILLA PARASOL FLEXO"},"content":{"rendered":"<p>\u00bfNo sabes d\u00f3nde ubicar tu sombrilla? Aqu\u00ed te traemos la soluci\u00f3n con este fant\u00e1stico <strong>parasol en versi\u00f3n flexo<\/strong>, adem\u00e1s de original lo podr\u00e1s colocar en cualquier lugar, <strong>terrazas, jardines, piscinas&#8230;<\/strong> Con un novedoso <strong>sistema anti-viento y giratorio hasta 360\u00ba.<\/strong><\/p>\n<p>Gran <strong>variedad de colores a elegir:<\/strong><\/p>\n<p>.-De estructura:\u00a0 Antracita, blanco y taupe.<\/p>\n<p>.-De tejido: Blanco, arena, taupe, moka, burdeos, crema, negro, taupe rayas, antracita rayas, antracita y azul\u00f3n.<\/p>\n<p>Su<strong> apertura y cierre<\/strong> es muy <strong>f\u00e1cil<\/strong>, tan solo tendr\u00e1s que girar una manivela.<\/p>\n<p><strong>M\u00e1stil con estructura\u00a0 de aluminio<\/strong> . La <strong>lona esta confeccionada con tejido OLEFIN<\/strong>, el cual nos garantiza una <strong>gran resistencia a la luz solar<\/strong> gracias a su tintado en masa y a su confecci\u00f3n con hilo de polipropileno.<\/p>\n<p>Adem\u00e1s, cuenta con una <strong>certificaci\u00f3n UV,<\/strong> lo que nos garantiza la protecci\u00f3n frente a los efectos da\u00f1inos del sol.<\/p>\n<p>Es 100 x 100 reciclable, <strong>resistente al agua y de muy f\u00e1cil limpieza.<\/strong><\/p>\n<p><strong>MEDIDAS<\/strong>: 270 x 300 x 300 cm. La lona mide 3 x 3m.<\/p>\n<p><a href=\"https:\/\/solucionescontract.com\/wp-content\/uploads\/2022\/03\/Captura-de-pantalla-2022-03-29-162448.png\"><img decoding=\"async\" class=\" wd-lazy-fade wp-image-26668 aligncenter\" src=\"https:\/\/solucionescontract.com\/wp-content\/themes\/woodmart\/images\/lazy.svg\" data-src=\"https:\/\/solucionescontract.com\/wp-content\/uploads\/2022\/03\/Captura-de-pantalla-2022-03-29-162448-300x260.png\" alt=\"\" width=\"449\" height=\"390\" srcset=\"\" data-srcset=\"https:\/\/solucionescontract.com\/wp-content\/uploads\/2022\/03\/Captura-de-pantalla-2022-03-29-162448-300x260.png 300w, https:\/\/solucionescontract.com\/wp-content\/uploads\/2022\/03\/Captura-de-pantalla-2022-03-29-162448-150x130.png 150w, https:\/\/solucionescontract.com\/wp-content\/uploads\/2022\/03\/Captura-de-pantalla-2022-03-29-162448-23x20.png 23w\" sizes=\"(max-width: 449px) 100vw, 449px\" \/>La base no est\u00e1 incluida. \u00a0<\/a><a href=\"mailto:info@solucionescontract.com\"> INF\u00d3RMATE<\/a><\/p>\n","protected":false},"excerpt":{"rendered":"<ul>\n<li>Original parasol en versi\u00f3n flexo para facilitar su ubicaci\u00f3n\u00a0 y dejar libre la zona de sombra.<\/li>\n<li>Con un novedoso sistema anti-viento y giratorio hasta 360\u00ba.<\/li>\n<li>Gran acabados de colores a escoger, tanto de estructura como de tejido.<\/li>\n<li>Apertura y cierra mediante manivela.<\/li>\n<li>M\u00e1stil con estructura de aluminio<\/li>\n<li>Resistente al agua.<\/li>\n<li>Base no incluida. <span style=\"font-size: 14pt;color: #000000\"><a href=\"mailto:info@solucionescontract.com\"> INFORMATE<\/a> <\/span><\/li>\n<li>MEDIDAS: 270\u00a0 x 300\u00a0 x 300 cm. La lona mide 3 x 3 m.<\/li>\n<\/ul>\n","protected":false},"featured_media":26671,"comment_status":"open","ping_status":"closed","template":"","meta":[],"product_brand":[],"product_cat":[285,396,28,1095],"product_tag":[166,309,49,291],"class_list":{"0":"post-26667","1":"product","2":"type-product","3":"status-publish","4":"has-post-thumbnail","6":"product_cat-accesorios-hotel","7":"product_cat-mobiliario-de-terraza-y-jardin","8":"product_cat-mobiliario-para-hosteleria","9":"product_cat-parasol","10":"product_tag-estructura-aluminio","11":"product_tag-mesas-comedor-extensibles","12":"product_tag-exteriorinterior","13":"product_tag-jardin","14":"product_shipping_class-envio-gratuito","15":"yith_product_brand-ezpeleta","17":"first","18":"instock","19":"taxable","20":"shipping-taxable","21":"purchasable","22":"product-type-variable"},"yoast_head":"<!-- This site is optimized with the Yoast SEO plugin v27.3 - https:\/\/yoast.com\/product\/yoast-seo-wordpress\/ -->\n<title>SOMBRILLA PARASOL FLEXO - Muebles de dise\u00f1o en Soluciones Contract<\/title>\n<meta name=\"description\" content=\"Compra SOMBRILLA PARASOL FLEXO online en nuestra tienda de muebles Contract. Encuentra el mejor MOBILIARIO DE DISE\u00d1O para Hotel, Hogar y uso comercial. Descubre las mejores marcas en nuestro cat\u00e1logo.\" \/>\n<meta name=\"robots\" content=\"index, follow, max-snippet:-1, max-image-preview:large, max-video-preview:-1\" \/>\n<link rel=\"canonical\" href=\"https:\/\/solucionescontract.com\/fr\/producto\/sombrilla-parasol-flexo\/\" \/>\n<meta property=\"og:locale\" content=\"en_US\" \/>\n<meta property=\"og:type\" content=\"article\" \/>\n<meta property=\"og:title\" content=\"SOMBRILLA PARASOL FLEXO - Muebles de dise\u00f1o en Soluciones Contract\" \/>\n<meta property=\"og:description\" content=\"Compra SOMBRILLA PARASOL FLEXO online en nuestra tienda de muebles Contract. Encuentra el mejor MOBILIARIO DE DISE\u00d1O para Hotel, Hogar y uso comercial. Descubre las mejores marcas en nuestro cat\u00e1logo.\" \/>\n<meta property=\"og:url\" content=\"https:\/\/solucionescontract.com\/fr\/producto\/sombrilla-parasol-flexo\/\" \/>\n<meta property=\"og:site_name\" content=\"Soluciones Contract\" \/>\n<meta property=\"article:publisher\" content=\"https:\/\/www.facebook.com\/solucionescontract\/\" \/>\n<meta property=\"article:modified_time\" content=\"2023-11-06T18:57:58+00:00\" \/>\n<meta property=\"og:image\" content=\"https:\/\/solucionescontract.com\/wp-content\/uploads\/2022\/03\/PATIO.jpg\" \/>\n\t<meta property=\"og:image:width\" content=\"936\" \/>\n\t<meta property=\"og:image:height\" content=\"936\" \/>\n\t<meta property=\"og:image:type\" content=\"image\/jpeg\" \/>\n<meta name=\"twitter:card\" content=\"summary_large_image\" \/>\n<meta name=\"twitter:label1\" content=\"Est. reading time\" \/>\n\t<meta name=\"twitter:data1\" content=\"1 minute\" \/>\n<script type=\"application\/ld+json\" class=\"yoast-schema-graph\">{\"@context\":\"https:\\\/\\\/schema.org\",\"@graph\":[{\"@type\":\"WebPage\",\"@id\":\"https:\\\/\\\/solucionescontract.com\\\/fr\\\/producto\\\/sombrilla-parasol-flexo\\\/\",\"url\":\"https:\\\/\\\/solucionescontract.com\\\/fr\\\/producto\\\/sombrilla-parasol-flexo\\\/\",\"name\":\"SOMBRILLA PARASOL FLEXO - Muebles de dise\u00f1o en Soluciones Contract\",\"isPartOf\":{\"@id\":\"https:\\\/\\\/solucionescontract.com\\\/#website\"},\"primaryImageOfPage\":{\"@id\":\"https:\\\/\\\/solucionescontract.com\\\/fr\\\/producto\\\/sombrilla-parasol-flexo\\\/#primaryimage\"},\"image\":{\"@id\":\"https:\\\/\\\/solucionescontract.com\\\/fr\\\/producto\\\/sombrilla-parasol-flexo\\\/#primaryimage\"},\"thumbnailUrl\":\"https:\\\/\\\/solucionescontract.com\\\/wp-content\\\/uploads\\\/2022\\\/03\\\/PATIO.jpg\",\"datePublished\":\"2022-04-27T15:55:55+00:00\",\"dateModified\":\"2023-11-06T18:57:58+00:00\",\"description\":\"Compra SOMBRILLA PARASOL FLEXO online en nuestra tienda de muebles Contract. Encuentra el mejor MOBILIARIO DE DISE\u00d1O para Hotel, Hogar y uso comercial. Descubre las mejores marcas en nuestro cat\u00e1logo.\",\"breadcrumb\":{\"@id\":\"https:\\\/\\\/solucionescontract.com\\\/fr\\\/producto\\\/sombrilla-parasol-flexo\\\/#breadcrumb\"},\"inLanguage\":\"en-US\",\"potentialAction\":[{\"@type\":\"ReadAction\",\"target\":[\"https:\\\/\\\/solucionescontract.com\\\/fr\\\/producto\\\/sombrilla-parasol-flexo\\\/\"]}]},{\"@type\":\"ImageObject\",\"inLanguage\":\"en-US\",\"@id\":\"https:\\\/\\\/solucionescontract.com\\\/fr\\\/producto\\\/sombrilla-parasol-flexo\\\/#primaryimage\",\"url\":\"https:\\\/\\\/solucionescontract.com\\\/wp-content\\\/uploads\\\/2022\\\/03\\\/PATIO.jpg\",\"contentUrl\":\"https:\\\/\\\/solucionescontract.com\\\/wp-content\\\/uploads\\\/2022\\\/03\\\/PATIO.jpg\",\"width\":936,\"height\":936},{\"@type\":\"BreadcrumbList\",\"@id\":\"https:\\\/\\\/solucionescontract.com\\\/fr\\\/producto\\\/sombrilla-parasol-flexo\\\/#breadcrumb\",\"itemListElement\":[{\"@type\":\"ListItem\",\"position\":1,\"name\":\"Inicio\",\"item\":\"https:\\\/\\\/solucionescontract.com\\\/\"},{\"@type\":\"ListItem\",\"position\":2,\"name\":\"Tienda mobiliario contract\",\"item\":\"https:\\\/\\\/solucionescontract.com\\\/tienda-mobiliario-contract\\\/\"},{\"@type\":\"ListItem\",\"position\":3,\"name\":\"Accesorios para hotel\",\"item\":\"https:\\\/\\\/solucionescontract.com\\\/categoria-producto\\\/mobiliario-para-hosteleria\\\/accesorios-hotel\\\/\"},{\"@type\":\"ListItem\",\"position\":4,\"name\":\"SOMBRILLA PARASOL FLEXO\"}]},{\"@type\":\"WebSite\",\"@id\":\"https:\\\/\\\/solucionescontract.com\\\/#website\",\"url\":\"https:\\\/\\\/solucionescontract.com\\\/\",\"name\":\"Soluciones Contract\",\"description\":\"Venta Mobiliario contract de dise\u00f1o\",\"publisher\":{\"@id\":\"https:\\\/\\\/solucionescontract.com\\\/#organization\"},\"potentialAction\":[{\"@type\":\"SearchAction\",\"target\":{\"@type\":\"EntryPoint\",\"urlTemplate\":\"https:\\\/\\\/solucionescontract.com\\\/?s={search_term_string}\"},\"query-input\":{\"@type\":\"PropertyValueSpecification\",\"valueRequired\":true,\"valueName\":\"search_term_string\"}}],\"inLanguage\":\"en-US\"},{\"@type\":\"Organization\",\"@id\":\"https:\\\/\\\/solucionescontract.com\\\/#organization\",\"name\":\"Soluciones Contract\",\"url\":\"https:\\\/\\\/solucionescontract.com\\\/\",\"logo\":{\"@type\":\"ImageObject\",\"inLanguage\":\"en-US\",\"@id\":\"https:\\\/\\\/solucionescontract.com\\\/#\\\/schema\\\/logo\\\/image\\\/\",\"url\":\"https:\\\/\\\/solucionescontract.com\\\/wp-content\\\/uploads\\\/2020\\\/02\\\/logoSC.jpg\",\"contentUrl\":\"https:\\\/\\\/solucionescontract.com\\\/wp-content\\\/uploads\\\/2020\\\/02\\\/logoSC.jpg\",\"width\":300,\"height\":125,\"caption\":\"Soluciones Contract\"},\"image\":{\"@id\":\"https:\\\/\\\/solucionescontract.com\\\/#\\\/schema\\\/logo\\\/image\\\/\"},\"sameAs\":[\"https:\\\/\\\/www.facebook.com\\\/solucionescontract\\\/\"]}]}<\/script>\n<!-- \/ Yoast SEO plugin. -->","yoast_head_json":{"title":"SOMBRILLA PARASOL FLEXO - Muebles de dise\u00f1o en Soluciones Contract","description":"Compra SOMBRILLA PARASOL FLEXO online en nuestra tienda de muebles Contract. Encuentra el mejor MOBILIARIO DE DISE\u00d1O para Hotel, Hogar y uso comercial. Descubre las mejores marcas en nuestro cat\u00e1logo.","robots":{"index":"index","follow":"follow","max-snippet":"max-snippet:-1","max-image-preview":"max-image-preview:large","max-video-preview":"max-video-preview:-1"},"canonical":"https:\/\/solucionescontract.com\/fr\/producto\/sombrilla-parasol-flexo\/","og_locale":"en_US","og_type":"article","og_title":"SOMBRILLA PARASOL FLEXO - Muebles de dise\u00f1o en Soluciones Contract","og_description":"Compra SOMBRILLA PARASOL FLEXO online en nuestra tienda de muebles Contract. Encuentra el mejor MOBILIARIO DE DISE\u00d1O para Hotel, Hogar y uso comercial. Descubre las mejores marcas en nuestro cat\u00e1logo.","og_url":"https:\/\/solucionescontract.com\/fr\/producto\/sombrilla-parasol-flexo\/","og_site_name":"Soluciones Contract","article_publisher":"https:\/\/www.facebook.com\/solucionescontract\/","article_modified_time":"2023-11-06T18:57:58+00:00","og_image":[{"width":936,"height":936,"url":"https:\/\/solucionescontract.com\/wp-content\/uploads\/2022\/03\/PATIO.jpg","type":"image\/jpeg"}],"twitter_card":"summary_large_image","twitter_misc":{"Est. reading time":"1 minute"},"schema":{"@context":"https:\/\/schema.org","@graph":[{"@type":"WebPage","@id":"https:\/\/solucionescontract.com\/fr\/producto\/sombrilla-parasol-flexo\/","url":"https:\/\/solucionescontract.com\/fr\/producto\/sombrilla-parasol-flexo\/","name":"SOMBRILLA PARASOL FLEXO - Muebles de dise\u00f1o en Soluciones Contract","isPartOf":{"@id":"https:\/\/solucionescontract.com\/#website"},"primaryImageOfPage":{"@id":"https:\/\/solucionescontract.com\/fr\/producto\/sombrilla-parasol-flexo\/#primaryimage"},"image":{"@id":"https:\/\/solucionescontract.com\/fr\/producto\/sombrilla-parasol-flexo\/#primaryimage"},"thumbnailUrl":"https:\/\/solucionescontract.com\/wp-content\/uploads\/2022\/03\/PATIO.jpg","datePublished":"2022-04-27T15:55:55+00:00","dateModified":"2023-11-06T18:57:58+00:00","description":"Compra SOMBRILLA PARASOL FLEXO online en nuestra tienda de muebles Contract. Encuentra el mejor MOBILIARIO DE DISE\u00d1O para Hotel, Hogar y uso comercial. Descubre las mejores marcas en nuestro cat\u00e1logo.","breadcrumb":{"@id":"https:\/\/solucionescontract.com\/fr\/producto\/sombrilla-parasol-flexo\/#breadcrumb"},"inLanguage":"en-US","potentialAction":[{"@type":"ReadAction","target":["https:\/\/solucionescontract.com\/fr\/producto\/sombrilla-parasol-flexo\/"]}]},{"@type":"ImageObject","inLanguage":"en-US","@id":"https:\/\/solucionescontract.com\/fr\/producto\/sombrilla-parasol-flexo\/#primaryimage","url":"https:\/\/solucionescontract.com\/wp-content\/uploads\/2022\/03\/PATIO.jpg","contentUrl":"https:\/\/solucionescontract.com\/wp-content\/uploads\/2022\/03\/PATIO.jpg","width":936,"height":936},{"@type":"BreadcrumbList","@id":"https:\/\/solucionescontract.com\/fr\/producto\/sombrilla-parasol-flexo\/#breadcrumb","itemListElement":[{"@type":"ListItem","position":1,"name":"Inicio","item":"https:\/\/solucionescontract.com\/"},{"@type":"ListItem","position":2,"name":"Tienda mobiliario contract","item":"https:\/\/solucionescontract.com\/tienda-mobiliario-contract\/"},{"@type":"ListItem","position":3,"name":"Accesorios para hotel","item":"https:\/\/solucionescontract.com\/categoria-producto\/mobiliario-para-hosteleria\/accesorios-hotel\/"},{"@type":"ListItem","position":4,"name":"SOMBRILLA PARASOL FLEXO"}]},{"@type":"WebSite","@id":"https:\/\/solucionescontract.com\/#website","url":"https:\/\/solucionescontract.com\/","name":"Soluciones Contract","description":"Venta Mobiliario contract de dise\u00f1o","publisher":{"@id":"https:\/\/solucionescontract.com\/#organization"},"potentialAction":[{"@type":"SearchAction","target":{"@type":"EntryPoint","urlTemplate":"https:\/\/solucionescontract.com\/?s={search_term_string}"},"query-input":{"@type":"PropertyValueSpecification","valueRequired":true,"valueName":"search_term_string"}}],"inLanguage":"en-US"},{"@type":"Organization","@id":"https:\/\/solucionescontract.com\/#organization","name":"Soluciones Contract","url":"https:\/\/solucionescontract.com\/","logo":{"@type":"ImageObject","inLanguage":"en-US","@id":"https:\/\/solucionescontract.com\/#\/schema\/logo\/image\/","url":"https:\/\/solucionescontract.com\/wp-content\/uploads\/2020\/02\/logoSC.jpg","contentUrl":"https:\/\/solucionescontract.com\/wp-content\/uploads\/2020\/02\/logoSC.jpg","width":300,"height":125,"caption":"Soluciones Contract"},"image":{"@id":"https:\/\/solucionescontract.com\/#\/schema\/logo\/image\/"},"sameAs":["https:\/\/www.facebook.com\/solucionescontract\/"]}]}},"_links":{"self":[{"href":"https:\/\/solucionescontract.com\/en\/wp-json\/wp\/v2\/product\/26667","targetHints":{"allow":["GET"]}}],"collection":[{"href":"https:\/\/solucionescontract.com\/en\/wp-json\/wp\/v2\/product"}],"about":[{"href":"https:\/\/solucionescontract.com\/en\/wp-json\/wp\/v2\/types\/product"}],"replies":[{"embeddable":true,"href":"https:\/\/solucionescontract.com\/en\/wp-json\/wp\/v2\/comments?post=26667"}],"wp:featuredmedia":[{"embeddable":true,"href":"https:\/\/solucionescontract.com\/en\/wp-json\/wp\/v2\/media\/26671"}],"wp:attachment":[{"href":"https:\/\/solucionescontract.com\/en\/wp-json\/wp\/v2\/media?parent=26667"}],"wp:term":[{"taxonomy":"product_brand","embeddable":true,"href":"https:\/\/solucionescontract.com\/en\/wp-json\/wp\/v2\/product_brand?post=26667"},{"taxonomy":"product_cat","embeddable":true,"href":"https:\/\/solucionescontract.com\/en\/wp-json\/wp\/v2\/product_cat?post=26667"},{"taxonomy":"product_tag","embeddable":true,"href":"https:\/\/solucionescontract.com\/en\/wp-json\/wp\/v2\/product_tag?post=26667"}],"curies":[{"name":"wp","href":"https:\/\/api.w.org\/{rel}","templated":true}]}}