{"id":26436,"date":"2022-04-01T17:35:33","date_gmt":"2022-04-01T16:35:33","guid":{"rendered":"https:\/\/www.solucionescontract.com\/?post_type=product&#038;p=26436"},"modified":"2023-11-08T17:49:57","modified_gmt":"2023-11-08T16:49:57","slug":"parasol-sombrilla-ormen","status":"publish","type":"product","link":"https:\/\/solucionescontract.com\/en\/producto\/parasol-sombrilla-ormen\/","title":{"rendered":"PARASOL SOMBRILLA ORMEN"},"content":{"rendered":"<p>La elegante <span style=\"color: #000000\">sombrilla Ormen,<\/span>es un parasol con un dise\u00f1o a la vez que elegante, sencillo y pr\u00e1ctico.<\/p>\n<p>Estructura es de aluminio disponible en blanco o antracita. Cubierta formada por 8 varillas.<\/p>\n<p>Cuenta con un sistema con poleas para que su apertura resulte r\u00e1pida y f\u00e1cil.<\/p>\n<p>Su tejido es OLEFIN\u00a0 y esta fabricado con hilo de polipropileno, lo que provoca que tenga una gran resistencia a la luz solar,\u00a0 garantizando\u00a0 larga durabilidad tanto del color como del tejido.<\/p>\n<p>Cuenta con certificaci\u00f3n UV lo que nos asegura de proteger nuestra piel de los efectos da\u00f1inos del sol. Es repelente al agua, anti manchas y de f\u00e1cil limpieza.<\/p>\n<p>Medidas lona: 3 x 3 m y 3,5 x 3,5 m.<a href=\"mailto:info@solucionescontract.com\">\u00a0<\/a>\u00a0 \u00a0 \u00a0 \u00a0 \u00a0 \u00a0 \u00a0 \u00a0 \u00a0 \u00a0 \u00a0 \u00a0 \u00a0 \u00a0 \u00a0 \u00a0 \u00a0 \u00a0 \u00a0 \u00a0 \u00a0 \u00a0<a href=\"https:\/\/solucionescontract.com\/wp-content\/uploads\/2022\/03\/Sombilla-Ormen.png\"><img decoding=\"async\" class=\" wd-lazy-fade wp-image-26437 alignright\" src=\"https:\/\/solucionescontract.com\/wp-content\/themes\/woodmart\/images\/lazy.svg\" data-src=\"https:\/\/solucionescontract.com\/wp-content\/uploads\/2022\/03\/Sombilla-Ormen-300x286.png\" alt=\"\" width=\"384\" height=\"366\" srcset=\"\" data-srcset=\"https:\/\/solucionescontract.com\/wp-content\/uploads\/2022\/03\/Sombilla-Ormen-300x286.png 300w, https:\/\/solucionescontract.com\/wp-content\/uploads\/2022\/03\/Sombilla-Ormen-150x143.png 150w, https:\/\/solucionescontract.com\/wp-content\/uploads\/2022\/03\/Sombilla-Ormen-21x20.png 21w, https:\/\/solucionescontract.com\/wp-content\/uploads\/2022\/03\/Sombilla-Ormen.png 422w\" sizes=\"(max-width: 384px) 100vw, 384px\" \/><\/a><\/p>\n<p>Volante opcional. \u00a0<a href=\"mailto:info@solucionescontract.com\"> <span style=\"font-size: 14pt;color: #000000\">CONSULTAR\u00a0 \u00a0<\/span><\/a><\/p>\n<p>Base no incluida.<\/p>\n","protected":false},"excerpt":{"rendered":"<ul>\n<li>Preciosa sombrilla de dise\u00f1o elegante para disponer en\u00a0 jard\u00ednes,\u00a0 terrazas , patios ya sea para uso contract o de hogar.<\/li>\n<li>Sistema de apertura mediante poleas ..<\/li>\n<li>Estructura de aluminio<\/li>\n<li>Tejido OLEFIN, fabricado con hilo de polipropileno.<\/li>\n<li>Certificaci\u00f3n UV lo que protege nuestra piel de los efectos da\u00f1inos del sol.<\/li>\n<li>Repelente al agua, anti manchas y de f\u00e1cil limpieza.<\/li>\n<li>Base no incluida.<\/li>\n<li>Medidas lona: 3 x 3 m.<\/li>\n<\/ul>\n<p>&nbsp;<\/p>\n","protected":false},"featured_media":29465,"comment_status":"open","ping_status":"closed","template":"","meta":[],"product_brand":[],"product_cat":[522,584,580,606,1095],"product_tag":[783,700,788],"class_list":{"0":"post-26436","1":"product","2":"type-product","3":"status-publish","4":"has-post-thumbnail","6":"product_cat-hotel-accessories","7":"product_cat-garden-accessories","8":"product_cat-terrace-and-garden-furniture","9":"product_cat-furniture-for-hospitality","10":"product_cat-parasol","11":"product_tag-estructura-aluminio-en","12":"product_tag-exterior-en","13":"product_tag-jardin-en","14":"product_shipping_class-free","15":"yith_product_brand-ezpeleta","17":"first","18":"instock","19":"taxable","20":"shipping-taxable","21":"purchasable","22":"product-type-variable"},"yoast_head":"<!-- This site is optimized with the Yoast SEO plugin v27.3 - https:\/\/yoast.com\/product\/yoast-seo-wordpress\/ -->\n<title>Parasol Sombrilla | Soluciones Contract<\/title>\n<meta name=\"description\" content=\"Elige este parasol sombrilla para tus zonas exteriores. Sistema de apertura con poleas muy f\u00e1cil de usar. Tela repelente al agua y anti manchas. \u00a1Compra!\" \/>\n<meta name=\"robots\" content=\"index, follow, max-snippet:-1, max-image-preview:large, max-video-preview:-1\" \/>\n<link rel=\"canonical\" href=\"https:\/\/solucionescontract.com\/fr\/producto\/parasol-sombrilla-ormen\/\" \/>\n<meta property=\"og:locale\" content=\"en_US\" \/>\n<meta property=\"og:type\" content=\"article\" \/>\n<meta property=\"og:title\" content=\"Parasol Sombrilla | Soluciones Contract\" \/>\n<meta property=\"og:description\" content=\"Elige este parasol sombrilla para tus zonas exteriores. Sistema de apertura con poleas muy f\u00e1cil de usar. Tela repelente al agua y anti manchas. \u00a1Compra!\" \/>\n<meta property=\"og:url\" content=\"https:\/\/solucionescontract.com\/fr\/producto\/parasol-sombrilla-ormen\/\" \/>\n<meta property=\"og:site_name\" content=\"Soluciones Contract\" \/>\n<meta property=\"article:publisher\" content=\"https:\/\/www.facebook.com\/solucionescontract\/\" \/>\n<meta property=\"article:modified_time\" content=\"2023-11-08T16:49:57+00:00\" \/>\n<meta property=\"og:image\" content=\"https:\/\/solucionescontract.com\/wp-content\/uploads\/2023\/06\/Formentera-antracita-moka.jpg\" \/>\n\t<meta property=\"og:image:width\" content=\"1890\" \/>\n\t<meta property=\"og:image:height\" content=\"1417\" \/>\n\t<meta property=\"og:image:type\" content=\"image\/jpeg\" \/>\n<meta name=\"twitter:card\" content=\"summary_large_image\" \/>\n<meta name=\"twitter:label1\" content=\"Est. reading time\" \/>\n\t<meta name=\"twitter:data1\" content=\"1 minute\" \/>\n<script type=\"application\/ld+json\" class=\"yoast-schema-graph\">{\"@context\":\"https:\\\/\\\/schema.org\",\"@graph\":[{\"@type\":\"WebPage\",\"@id\":\"https:\\\/\\\/solucionescontract.com\\\/fr\\\/producto\\\/parasol-sombrilla-ormen\\\/\",\"url\":\"https:\\\/\\\/solucionescontract.com\\\/fr\\\/producto\\\/parasol-sombrilla-ormen\\\/\",\"name\":\"Parasol Sombrilla | Soluciones Contract\",\"isPartOf\":{\"@id\":\"https:\\\/\\\/solucionescontract.com\\\/#website\"},\"primaryImageOfPage\":{\"@id\":\"https:\\\/\\\/solucionescontract.com\\\/fr\\\/producto\\\/parasol-sombrilla-ormen\\\/#primaryimage\"},\"image\":{\"@id\":\"https:\\\/\\\/solucionescontract.com\\\/fr\\\/producto\\\/parasol-sombrilla-ormen\\\/#primaryimage\"},\"thumbnailUrl\":\"https:\\\/\\\/solucionescontract.com\\\/wp-content\\\/uploads\\\/2023\\\/06\\\/Formentera-antracita-moka.jpg\",\"datePublished\":\"2022-04-01T16:35:33+00:00\",\"dateModified\":\"2023-11-08T16:49:57+00:00\",\"description\":\"Elige este parasol sombrilla para tus zonas exteriores. Sistema de apertura con poleas muy f\u00e1cil de usar. Tela repelente al agua y anti manchas. \u00a1Compra!\",\"breadcrumb\":{\"@id\":\"https:\\\/\\\/solucionescontract.com\\\/fr\\\/producto\\\/parasol-sombrilla-ormen\\\/#breadcrumb\"},\"inLanguage\":\"en-US\",\"potentialAction\":[{\"@type\":\"ReadAction\",\"target\":[\"https:\\\/\\\/solucionescontract.com\\\/fr\\\/producto\\\/parasol-sombrilla-ormen\\\/\"]}]},{\"@type\":\"ImageObject\",\"inLanguage\":\"en-US\",\"@id\":\"https:\\\/\\\/solucionescontract.com\\\/fr\\\/producto\\\/parasol-sombrilla-ormen\\\/#primaryimage\",\"url\":\"https:\\\/\\\/solucionescontract.com\\\/wp-content\\\/uploads\\\/2023\\\/06\\\/Formentera-antracita-moka.jpg\",\"contentUrl\":\"https:\\\/\\\/solucionescontract.com\\\/wp-content\\\/uploads\\\/2023\\\/06\\\/Formentera-antracita-moka.jpg\",\"width\":1890,\"height\":1417},{\"@type\":\"BreadcrumbList\",\"@id\":\"https:\\\/\\\/solucionescontract.com\\\/fr\\\/producto\\\/parasol-sombrilla-ormen\\\/#breadcrumb\",\"itemListElement\":[{\"@type\":\"ListItem\",\"position\":1,\"name\":\"Inicio\",\"item\":\"https:\\\/\\\/solucionescontract.com\\\/\"},{\"@type\":\"ListItem\",\"position\":2,\"name\":\"Tienda mobiliario contract\",\"item\":\"https:\\\/\\\/solucionescontract.com\\\/tienda-mobiliario-contract\\\/\"},{\"@type\":\"ListItem\",\"position\":3,\"name\":\"Meubles de terrasse et de jardin\",\"item\":\"https:\\\/\\\/solucionescontract.com\\\/fr\\\/categoria-producto\\\/meubles-de-terrasse-et-de-jardin\\\/\"},{\"@type\":\"ListItem\",\"position\":4,\"name\":\"Complementos de Jard\u00edn\",\"item\":\"https:\\\/\\\/solucionescontract.com\\\/categoria-producto\\\/mobiliario-de-terraza-y-jardin\\\/complementos-de-jardin\\\/\"},{\"@type\":\"ListItem\",\"position\":5,\"name\":\"PARASOL SOMBRILLA ORMEN\"}]},{\"@type\":\"WebSite\",\"@id\":\"https:\\\/\\\/solucionescontract.com\\\/#website\",\"url\":\"https:\\\/\\\/solucionescontract.com\\\/\",\"name\":\"Soluciones Contract\",\"description\":\"Venta Mobiliario contract de dise\u00f1o\",\"publisher\":{\"@id\":\"https:\\\/\\\/solucionescontract.com\\\/#organization\"},\"potentialAction\":[{\"@type\":\"SearchAction\",\"target\":{\"@type\":\"EntryPoint\",\"urlTemplate\":\"https:\\\/\\\/solucionescontract.com\\\/?s={search_term_string}\"},\"query-input\":{\"@type\":\"PropertyValueSpecification\",\"valueRequired\":true,\"valueName\":\"search_term_string\"}}],\"inLanguage\":\"en-US\"},{\"@type\":\"Organization\",\"@id\":\"https:\\\/\\\/solucionescontract.com\\\/#organization\",\"name\":\"Soluciones Contract\",\"url\":\"https:\\\/\\\/solucionescontract.com\\\/\",\"logo\":{\"@type\":\"ImageObject\",\"inLanguage\":\"en-US\",\"@id\":\"https:\\\/\\\/solucionescontract.com\\\/#\\\/schema\\\/logo\\\/image\\\/\",\"url\":\"https:\\\/\\\/solucionescontract.com\\\/wp-content\\\/uploads\\\/2020\\\/02\\\/logoSC.jpg\",\"contentUrl\":\"https:\\\/\\\/solucionescontract.com\\\/wp-content\\\/uploads\\\/2020\\\/02\\\/logoSC.jpg\",\"width\":300,\"height\":125,\"caption\":\"Soluciones Contract\"},\"image\":{\"@id\":\"https:\\\/\\\/solucionescontract.com\\\/#\\\/schema\\\/logo\\\/image\\\/\"},\"sameAs\":[\"https:\\\/\\\/www.facebook.com\\\/solucionescontract\\\/\"]}]}<\/script>\n<!-- \/ Yoast SEO plugin. -->","yoast_head_json":{"title":"Parasol Sombrilla | Soluciones Contract","description":"Elige este parasol sombrilla para tus zonas exteriores. Sistema de apertura con poleas muy f\u00e1cil de usar. Tela repelente al agua y anti manchas. \u00a1Compra!","robots":{"index":"index","follow":"follow","max-snippet":"max-snippet:-1","max-image-preview":"max-image-preview:large","max-video-preview":"max-video-preview:-1"},"canonical":"https:\/\/solucionescontract.com\/fr\/producto\/parasol-sombrilla-ormen\/","og_locale":"en_US","og_type":"article","og_title":"Parasol Sombrilla | Soluciones Contract","og_description":"Elige este parasol sombrilla para tus zonas exteriores. Sistema de apertura con poleas muy f\u00e1cil de usar. Tela repelente al agua y anti manchas. \u00a1Compra!","og_url":"https:\/\/solucionescontract.com\/fr\/producto\/parasol-sombrilla-ormen\/","og_site_name":"Soluciones Contract","article_publisher":"https:\/\/www.facebook.com\/solucionescontract\/","article_modified_time":"2023-11-08T16:49:57+00:00","og_image":[{"width":1890,"height":1417,"url":"https:\/\/solucionescontract.com\/wp-content\/uploads\/2023\/06\/Formentera-antracita-moka.jpg","type":"image\/jpeg"}],"twitter_card":"summary_large_image","twitter_misc":{"Est. reading time":"1 minute"},"schema":{"@context":"https:\/\/schema.org","@graph":[{"@type":"WebPage","@id":"https:\/\/solucionescontract.com\/fr\/producto\/parasol-sombrilla-ormen\/","url":"https:\/\/solucionescontract.com\/fr\/producto\/parasol-sombrilla-ormen\/","name":"Parasol Sombrilla | Soluciones Contract","isPartOf":{"@id":"https:\/\/solucionescontract.com\/#website"},"primaryImageOfPage":{"@id":"https:\/\/solucionescontract.com\/fr\/producto\/parasol-sombrilla-ormen\/#primaryimage"},"image":{"@id":"https:\/\/solucionescontract.com\/fr\/producto\/parasol-sombrilla-ormen\/#primaryimage"},"thumbnailUrl":"https:\/\/solucionescontract.com\/wp-content\/uploads\/2023\/06\/Formentera-antracita-moka.jpg","datePublished":"2022-04-01T16:35:33+00:00","dateModified":"2023-11-08T16:49:57+00:00","description":"Elige este parasol sombrilla para tus zonas exteriores. Sistema de apertura con poleas muy f\u00e1cil de usar. Tela repelente al agua y anti manchas. \u00a1Compra!","breadcrumb":{"@id":"https:\/\/solucionescontract.com\/fr\/producto\/parasol-sombrilla-ormen\/#breadcrumb"},"inLanguage":"en-US","potentialAction":[{"@type":"ReadAction","target":["https:\/\/solucionescontract.com\/fr\/producto\/parasol-sombrilla-ormen\/"]}]},{"@type":"ImageObject","inLanguage":"en-US","@id":"https:\/\/solucionescontract.com\/fr\/producto\/parasol-sombrilla-ormen\/#primaryimage","url":"https:\/\/solucionescontract.com\/wp-content\/uploads\/2023\/06\/Formentera-antracita-moka.jpg","contentUrl":"https:\/\/solucionescontract.com\/wp-content\/uploads\/2023\/06\/Formentera-antracita-moka.jpg","width":1890,"height":1417},{"@type":"BreadcrumbList","@id":"https:\/\/solucionescontract.com\/fr\/producto\/parasol-sombrilla-ormen\/#breadcrumb","itemListElement":[{"@type":"ListItem","position":1,"name":"Inicio","item":"https:\/\/solucionescontract.com\/"},{"@type":"ListItem","position":2,"name":"Tienda mobiliario contract","item":"https:\/\/solucionescontract.com\/tienda-mobiliario-contract\/"},{"@type":"ListItem","position":3,"name":"Meubles de terrasse et de jardin","item":"https:\/\/solucionescontract.com\/fr\/categoria-producto\/meubles-de-terrasse-et-de-jardin\/"},{"@type":"ListItem","position":4,"name":"Complementos de Jard\u00edn","item":"https:\/\/solucionescontract.com\/categoria-producto\/mobiliario-de-terraza-y-jardin\/complementos-de-jardin\/"},{"@type":"ListItem","position":5,"name":"PARASOL SOMBRILLA ORMEN"}]},{"@type":"WebSite","@id":"https:\/\/solucionescontract.com\/#website","url":"https:\/\/solucionescontract.com\/","name":"Soluciones Contract","description":"Venta Mobiliario contract de dise\u00f1o","publisher":{"@id":"https:\/\/solucionescontract.com\/#organization"},"potentialAction":[{"@type":"SearchAction","target":{"@type":"EntryPoint","urlTemplate":"https:\/\/solucionescontract.com\/?s={search_term_string}"},"query-input":{"@type":"PropertyValueSpecification","valueRequired":true,"valueName":"search_term_string"}}],"inLanguage":"en-US"},{"@type":"Organization","@id":"https:\/\/solucionescontract.com\/#organization","name":"Soluciones Contract","url":"https:\/\/solucionescontract.com\/","logo":{"@type":"ImageObject","inLanguage":"en-US","@id":"https:\/\/solucionescontract.com\/#\/schema\/logo\/image\/","url":"https:\/\/solucionescontract.com\/wp-content\/uploads\/2020\/02\/logoSC.jpg","contentUrl":"https:\/\/solucionescontract.com\/wp-content\/uploads\/2020\/02\/logoSC.jpg","width":300,"height":125,"caption":"Soluciones Contract"},"image":{"@id":"https:\/\/solucionescontract.com\/#\/schema\/logo\/image\/"},"sameAs":["https:\/\/www.facebook.com\/solucionescontract\/"]}]}},"_links":{"self":[{"href":"https:\/\/solucionescontract.com\/en\/wp-json\/wp\/v2\/product\/26436","targetHints":{"allow":["GET"]}}],"collection":[{"href":"https:\/\/solucionescontract.com\/en\/wp-json\/wp\/v2\/product"}],"about":[{"href":"https:\/\/solucionescontract.com\/en\/wp-json\/wp\/v2\/types\/product"}],"replies":[{"embeddable":true,"href":"https:\/\/solucionescontract.com\/en\/wp-json\/wp\/v2\/comments?post=26436"}],"wp:featuredmedia":[{"embeddable":true,"href":"https:\/\/solucionescontract.com\/en\/wp-json\/wp\/v2\/media\/29465"}],"wp:attachment":[{"href":"https:\/\/solucionescontract.com\/en\/wp-json\/wp\/v2\/media?parent=26436"}],"wp:term":[{"taxonomy":"product_brand","embeddable":true,"href":"https:\/\/solucionescontract.com\/en\/wp-json\/wp\/v2\/product_brand?post=26436"},{"taxonomy":"product_cat","embeddable":true,"href":"https:\/\/solucionescontract.com\/en\/wp-json\/wp\/v2\/product_cat?post=26436"},{"taxonomy":"product_tag","embeddable":true,"href":"https:\/\/solucionescontract.com\/en\/wp-json\/wp\/v2\/product_tag?post=26436"}],"curies":[{"name":"wp","href":"https:\/\/api.w.org\/{rel}","templated":true}]}}