{"id":26086,"date":"2022-03-17T17:33:30","date_gmt":"2022-03-17T16:33:30","guid":{"rendered":"https:\/\/www.solucionescontract.com\/?post_type=product&#038;p=26086"},"modified":"2023-11-11T21:34:22","modified_gmt":"2023-11-11T20:34:22","slug":"sofa-modular-jardin-mar","status":"publish","type":"product","link":"https:\/\/solucionescontract.com\/en\/producto\/sofa-modular-jardin-mar\/","title":{"rendered":"SOF\u00c1 MODULAR JARD\u00cdN MAR"},"content":{"rendered":"<p>Conjunto modular de sof\u00e1s para la zona del jard\u00edn.<\/p>\n<p>Este bonito sof\u00e1 dispone de unos anclajes para uni\u00f3n entre piezas, de este modo se puede variar y elegir la colocaci\u00f3n a su inter\u00e9s.<\/p>\n<p><a href=\"https:\/\/solucionescontract.com\/wp-content\/uploads\/2022\/03\/Captura-de-pantalla-sofa-marine.png\"><img decoding=\"async\" class=\" wd-lazy-fade alignnone wp-image-26102\" src=\"https:\/\/solucionescontract.com\/wp-content\/themes\/woodmart\/images\/lazy.svg\" data-src=\"https:\/\/solucionescontract.com\/wp-content\/uploads\/2022\/03\/Captura-de-pantalla-sofa-marine-300x53.png\" alt=\"\" width=\"855\" height=\"151\" srcset=\"\" data-srcset=\"https:\/\/solucionescontract.com\/wp-content\/uploads\/2022\/03\/Captura-de-pantalla-sofa-marine-300x53.png 300w, https:\/\/solucionescontract.com\/wp-content\/uploads\/2022\/03\/Captura-de-pantalla-sofa-marine-150x26.png 150w, https:\/\/solucionescontract.com\/wp-content\/uploads\/2022\/03\/Captura-de-pantalla-sofa-marine-800x141.png 800w, https:\/\/solucionescontract.com\/wp-content\/uploads\/2022\/03\/Captura-de-pantalla-sofa-marine-768x135.png 768w, https:\/\/solucionescontract.com\/wp-content\/uploads\/2022\/03\/Captura-de-pantalla-sofa-marine-113x20.png 113w, https:\/\/solucionescontract.com\/wp-content\/uploads\/2022\/03\/Captura-de-pantalla-sofa-marine.png 868w\" sizes=\"(max-width: 855px) 100vw, 855px\" \/><\/a><\/p>\n<p>Los m\u00f3dulos pueden ser: sof\u00e1 individual, sof\u00e1 esquinero, sof\u00e1 intermedio o pouf mesa, lo que te permitir\u00e1 combinarlos a tu gusto y cumplir\u00e1 con todas tus necesidades.<\/p>\n<p>Ideal para completar los espacios de descanso y relax.<\/p>\n<p>La estructura es de aluminio, pudi\u00e9ndose elegir entre los colores lacado blanco o taupe.<\/p>\n<p>Material ligero, y tratado para evitar la oxidaci\u00f3n.<\/p>\n<p>Tejido Nautic. Muy f\u00e1cil de lavar y desinfectar.<\/p>\n<p>Medidas:<\/p>\n<ul>\n<li>mesa \/ pouf 42,5 cm x 75 (con cojin) y 29 cm x 80 cm.<\/li>\n<\/ul>\n<p><a href=\"https:\/\/solucionescontract.com\/wp-content\/uploads\/2022\/03\/marine-mesa-pouf.png\"><img decoding=\"async\" class=\" wd-lazy-fade alignnone wp-image-26111\" src=\"https:\/\/solucionescontract.com\/wp-content\/themes\/woodmart\/images\/lazy.svg\" data-src=\"https:\/\/solucionescontract.com\/wp-content\/uploads\/2022\/03\/marine-mesa-pouf-300x92.png\" alt=\"\" width=\"600\" height=\"184\" srcset=\"\" data-srcset=\"https:\/\/solucionescontract.com\/wp-content\/uploads\/2022\/03\/marine-mesa-pouf-300x92.png 300w, https:\/\/solucionescontract.com\/wp-content\/uploads\/2022\/03\/marine-mesa-pouf-150x46.png 150w, https:\/\/solucionescontract.com\/wp-content\/uploads\/2022\/03\/marine-mesa-pouf-65x20.png 65w, https:\/\/solucionescontract.com\/wp-content\/uploads\/2022\/03\/marine-mesa-pouf.png 575w\" sizes=\"(max-width: 600px) 100vw, 600px\" \/><\/a><\/p>\n<p>&nbsp;<\/p>\n<ul>\n<li>Sof\u00e1 esquinero 72,5 cm x 75 cm x 75 cm.\u00a0 Sof\u00e1 intermedio 72,5 cm x75cm x 42,5 cm. Sof\u00e1 individual\u00a0 72,5 cm x 75 cm x 89 cm.<\/li>\n<\/ul>\n<p><a href=\"https:\/\/solucionescontract.com\/wp-content\/uploads\/2022\/03\/Captura-de-pantalla-marine-esquina.png\"><img decoding=\"async\" class=\" wd-lazy-fade alignnone wp-image-26108 size-medium\" src=\"https:\/\/solucionescontract.com\/wp-content\/themes\/woodmart\/images\/lazy.svg\" data-src=\"https:\/\/solucionescontract.com\/wp-content\/uploads\/2022\/03\/Captura-de-pantalla-marine-esquina-300x208.png\" alt=\"\" width=\"300\" height=\"208\" srcset=\"\" data-srcset=\"https:\/\/solucionescontract.com\/wp-content\/uploads\/2022\/03\/Captura-de-pantalla-marine-esquina-300x208.png 300w, https:\/\/solucionescontract.com\/wp-content\/uploads\/2022\/03\/Captura-de-pantalla-marine-esquina-150x104.png 150w, https:\/\/solucionescontract.com\/wp-content\/uploads\/2022\/03\/Captura-de-pantalla-marine-esquina-29x20.png 29w, https:\/\/solucionescontract.com\/wp-content\/uploads\/2022\/03\/Captura-de-pantalla-marine-esquina.png 350w\" sizes=\"(max-width: 300px) 100vw, 300px\" \/><\/a> <a href=\"https:\/\/solucionescontract.com\/wp-content\/uploads\/2022\/03\/Captura-de-pantalla-marine-intermedio.png\"><img decoding=\"async\" class=\" wd-lazy-fade alignnone wp-image-26105 size-medium\" src=\"https:\/\/solucionescontract.com\/wp-content\/themes\/woodmart\/images\/lazy.svg\" data-src=\"https:\/\/solucionescontract.com\/wp-content\/uploads\/2022\/03\/Captura-de-pantalla-marine-intermedio-300x215.png\" alt=\"\" width=\"300\" height=\"215\" srcset=\"\" data-srcset=\"https:\/\/solucionescontract.com\/wp-content\/uploads\/2022\/03\/Captura-de-pantalla-marine-intermedio-300x215.png 300w, https:\/\/solucionescontract.com\/wp-content\/uploads\/2022\/03\/Captura-de-pantalla-marine-intermedio-150x107.png 150w, https:\/\/solucionescontract.com\/wp-content\/uploads\/2022\/03\/Captura-de-pantalla-marine-intermedio-28x20.png 28w, https:\/\/solucionescontract.com\/wp-content\/uploads\/2022\/03\/Captura-de-pantalla-marine-intermedio.png 316w\" sizes=\"(max-width: 300px) 100vw, 300px\" \/><\/a> <a href=\"https:\/\/solucionescontract.com\/wp-content\/uploads\/2022\/03\/Captura-de-pantalla-2022-03-08-173004.png\"><img decoding=\"async\" class=\" wd-lazy-fade alignnone wp-image-26087 size-medium\" src=\"https:\/\/solucionescontract.com\/wp-content\/themes\/woodmart\/images\/lazy.svg\" data-src=\"https:\/\/solucionescontract.com\/wp-content\/uploads\/2022\/03\/Captura-de-pantalla-2022-03-08-173004-300x259.png\" alt=\"\" width=\"300\" height=\"259\" srcset=\"\" data-srcset=\"https:\/\/solucionescontract.com\/wp-content\/uploads\/2022\/03\/Captura-de-pantalla-2022-03-08-173004-300x259.png 300w, https:\/\/solucionescontract.com\/wp-content\/uploads\/2022\/03\/Captura-de-pantalla-2022-03-08-173004-150x129.png 150w, https:\/\/solucionescontract.com\/wp-content\/uploads\/2022\/03\/Captura-de-pantalla-2022-03-08-173004-23x20.png 23w, https:\/\/solucionescontract.com\/wp-content\/uploads\/2022\/03\/Captura-de-pantalla-2022-03-08-173004.png 512w\" sizes=\"(max-width: 300px) 100vw, 300px\" \/><\/a><\/p>\n<p>&nbsp;<\/p>\n","protected":false},"excerpt":{"rendered":"<ul>\n<li>Conjunto para jard\u00edn o terraza compuesto por m\u00f3dulos independientes para lograr adaptarse a cualquier espacio.<\/li>\n<li>Estructura en aluminio disponible en\u00a0 lacado blanco o taupe.<\/li>\n<li>Los cojines destacan por su fabricaci\u00f3n en tejido impermeable &#8220;Nautic&#8221;.<\/li>\n<li>Medidas:<\/li>\n<\/ul>\n<p>Sof\u00e1 individual\u00a0 72,5 cm x 75 cm x 89 cm.<br \/>\nSof\u00e1 esquinero 72,5 cm x 75 cm x 75 cm.<br \/>\nSof\u00e1 intermedio 72,5 cm x75cm x 42,5 cm.<br \/>\nMesa\/pouf 42,5 cm x 75 (con coj\u00edn) y 29 cm x 80 cm.<\/p>\n<ul>\n<li>Muy f\u00e1cil de lavar y desinfectar.<\/li>\n<li>Producto de uso exterior\/interior<\/li>\n<\/ul>\n","protected":false},"featured_media":26132,"comment_status":"open","ping_status":"closed","template":"","meta":[],"product_brand":[],"product_cat":[400,402,396,401],"product_tag":[166,49,291,48],"class_list":{"0":"post-26086","1":"product","2":"type-product","3":"status-publish","4":"has-post-thumbnail","6":"product_cat-butaca-jardin","7":"product_cat-complementos-de-jardin","8":"product_cat-mobiliario-de-terraza-y-jardin","9":"product_cat-sofa-para-exterior","10":"product_tag-estructura-aluminio","11":"product_tag-exteriorinterior","12":"product_tag-jardin","13":"product_tag-superplastic","14":"product_shipping_class-envio-gratuito","15":"yith_product_brand-ezpeleta","17":"first","18":"instock","19":"taxable","20":"shipping-taxable","21":"purchasable","22":"product-type-variable"},"yoast_head":"<!-- This site is optimized with the Yoast SEO plugin v27.3 - https:\/\/yoast.com\/product\/yoast-seo-wordpress\/ -->\n<title>Sof\u00e1 Jard\u00edn Modular | Soluciones Contract<\/title>\n<meta name=\"description\" content=\"El sof\u00e1 para jard\u00edn modular que buscas al mejor precio. Descubre este sof\u00e1 modular dise\u00f1ado para exteriores, ideal para adaptarse a cualquier espacio.\" \/>\n<meta name=\"robots\" content=\"index, follow, max-snippet:-1, max-image-preview:large, max-video-preview:-1\" \/>\n<link rel=\"canonical\" href=\"https:\/\/solucionescontract.com\/producto\/sofa-modular-jardin-mar\/\" \/>\n<meta property=\"og:locale\" content=\"en_US\" \/>\n<meta property=\"og:type\" content=\"article\" \/>\n<meta property=\"og:title\" content=\"Sof\u00e1 Jard\u00edn Modular | Soluciones Contract\" \/>\n<meta property=\"og:description\" content=\"El sof\u00e1 para jard\u00edn modular que buscas al mejor precio. Descubre este sof\u00e1 modular dise\u00f1ado para exteriores, ideal para adaptarse a cualquier espacio.\" \/>\n<meta property=\"og:url\" content=\"https:\/\/solucionescontract.com\/producto\/sofa-modular-jardin-mar\/\" \/>\n<meta property=\"og:site_name\" content=\"Soluciones Contract\" \/>\n<meta property=\"article:publisher\" content=\"https:\/\/www.facebook.com\/solucionescontract\/\" \/>\n<meta property=\"article:modified_time\" content=\"2023-11-11T20:34:22+00:00\" \/>\n<meta property=\"og:image\" content=\"https:\/\/solucionescontract.com\/wp-content\/uploads\/2022\/03\/Conjunto-terraza-marine-taupe.jpg\" \/>\n\t<meta property=\"og:image:width\" content=\"1058\" \/>\n\t<meta property=\"og:image:height\" content=\"1057\" \/>\n\t<meta property=\"og:image:type\" content=\"image\/jpeg\" \/>\n<meta name=\"twitter:card\" content=\"summary_large_image\" \/>\n<meta name=\"twitter:label1\" content=\"Est. reading time\" \/>\n\t<meta name=\"twitter:data1\" content=\"2 minutes\" \/>\n<script type=\"application\/ld+json\" class=\"yoast-schema-graph\">{\"@context\":\"https:\\\/\\\/schema.org\",\"@graph\":[{\"@type\":\"WebPage\",\"@id\":\"https:\\\/\\\/solucionescontract.com\\\/producto\\\/sofa-modular-jardin-mar\\\/\",\"url\":\"https:\\\/\\\/solucionescontract.com\\\/producto\\\/sofa-modular-jardin-mar\\\/\",\"name\":\"Sof\u00e1 Jard\u00edn Modular | Soluciones Contract\",\"isPartOf\":{\"@id\":\"https:\\\/\\\/solucionescontract.com\\\/#website\"},\"primaryImageOfPage\":{\"@id\":\"https:\\\/\\\/solucionescontract.com\\\/producto\\\/sofa-modular-jardin-mar\\\/#primaryimage\"},\"image\":{\"@id\":\"https:\\\/\\\/solucionescontract.com\\\/producto\\\/sofa-modular-jardin-mar\\\/#primaryimage\"},\"thumbnailUrl\":\"https:\\\/\\\/solucionescontract.com\\\/wp-content\\\/uploads\\\/2022\\\/03\\\/Conjunto-terraza-marine-taupe.jpg\",\"datePublished\":\"2022-03-17T16:33:30+00:00\",\"dateModified\":\"2023-11-11T20:34:22+00:00\",\"description\":\"El sof\u00e1 para jard\u00edn modular que buscas al mejor precio. Descubre este sof\u00e1 modular dise\u00f1ado para exteriores, ideal para adaptarse a cualquier espacio.\",\"breadcrumb\":{\"@id\":\"https:\\\/\\\/solucionescontract.com\\\/producto\\\/sofa-modular-jardin-mar\\\/#breadcrumb\"},\"inLanguage\":\"en-US\",\"potentialAction\":[{\"@type\":\"ReadAction\",\"target\":[\"https:\\\/\\\/solucionescontract.com\\\/producto\\\/sofa-modular-jardin-mar\\\/\"]}]},{\"@type\":\"ImageObject\",\"inLanguage\":\"en-US\",\"@id\":\"https:\\\/\\\/solucionescontract.com\\\/producto\\\/sofa-modular-jardin-mar\\\/#primaryimage\",\"url\":\"https:\\\/\\\/solucionescontract.com\\\/wp-content\\\/uploads\\\/2022\\\/03\\\/Conjunto-terraza-marine-taupe.jpg\",\"contentUrl\":\"https:\\\/\\\/solucionescontract.com\\\/wp-content\\\/uploads\\\/2022\\\/03\\\/Conjunto-terraza-marine-taupe.jpg\",\"width\":1058,\"height\":1057},{\"@type\":\"BreadcrumbList\",\"@id\":\"https:\\\/\\\/solucionescontract.com\\\/producto\\\/sofa-modular-jardin-mar\\\/#breadcrumb\",\"itemListElement\":[{\"@type\":\"ListItem\",\"position\":1,\"name\":\"Inicio\",\"item\":\"https:\\\/\\\/solucionescontract.com\\\/\"},{\"@type\":\"ListItem\",\"position\":2,\"name\":\"Tienda mobiliario contract\",\"item\":\"https:\\\/\\\/solucionescontract.com\\\/tienda-mobiliario-contract\\\/\"},{\"@type\":\"ListItem\",\"position\":3,\"name\":\"Mobiliario de Terraza y Jard\u00edn\",\"item\":\"https:\\\/\\\/solucionescontract.com\\\/categoria-producto\\\/mobiliario-de-terraza-y-jardin\\\/\"},{\"@type\":\"ListItem\",\"position\":4,\"name\":\"Sof\u00e1 para exterior\",\"item\":\"https:\\\/\\\/solucionescontract.com\\\/categoria-producto\\\/mobiliario-de-terraza-y-jardin\\\/sofa-para-exterior\\\/\"},{\"@type\":\"ListItem\",\"position\":5,\"name\":\"SOF\u00c1 MODULAR JARD\u00cdN MAR\"}]},{\"@type\":\"WebSite\",\"@id\":\"https:\\\/\\\/solucionescontract.com\\\/#website\",\"url\":\"https:\\\/\\\/solucionescontract.com\\\/\",\"name\":\"Soluciones Contract\",\"description\":\"Venta Mobiliario contract de dise\u00f1o\",\"publisher\":{\"@id\":\"https:\\\/\\\/solucionescontract.com\\\/#organization\"},\"potentialAction\":[{\"@type\":\"SearchAction\",\"target\":{\"@type\":\"EntryPoint\",\"urlTemplate\":\"https:\\\/\\\/solucionescontract.com\\\/?s={search_term_string}\"},\"query-input\":{\"@type\":\"PropertyValueSpecification\",\"valueRequired\":true,\"valueName\":\"search_term_string\"}}],\"inLanguage\":\"en-US\"},{\"@type\":\"Organization\",\"@id\":\"https:\\\/\\\/solucionescontract.com\\\/#organization\",\"name\":\"Soluciones Contract\",\"url\":\"https:\\\/\\\/solucionescontract.com\\\/\",\"logo\":{\"@type\":\"ImageObject\",\"inLanguage\":\"en-US\",\"@id\":\"https:\\\/\\\/solucionescontract.com\\\/#\\\/schema\\\/logo\\\/image\\\/\",\"url\":\"https:\\\/\\\/solucionescontract.com\\\/wp-content\\\/uploads\\\/2020\\\/02\\\/logoSC.jpg\",\"contentUrl\":\"https:\\\/\\\/solucionescontract.com\\\/wp-content\\\/uploads\\\/2020\\\/02\\\/logoSC.jpg\",\"width\":300,\"height\":125,\"caption\":\"Soluciones Contract\"},\"image\":{\"@id\":\"https:\\\/\\\/solucionescontract.com\\\/#\\\/schema\\\/logo\\\/image\\\/\"},\"sameAs\":[\"https:\\\/\\\/www.facebook.com\\\/solucionescontract\\\/\"]}]}<\/script>\n<!-- \/ Yoast SEO plugin. -->","yoast_head_json":{"title":"Sof\u00e1 Jard\u00edn Modular | Soluciones Contract","description":"El sof\u00e1 para jard\u00edn modular que buscas al mejor precio. Descubre este sof\u00e1 modular dise\u00f1ado para exteriores, ideal para adaptarse a cualquier espacio.","robots":{"index":"index","follow":"follow","max-snippet":"max-snippet:-1","max-image-preview":"max-image-preview:large","max-video-preview":"max-video-preview:-1"},"canonical":"https:\/\/solucionescontract.com\/producto\/sofa-modular-jardin-mar\/","og_locale":"en_US","og_type":"article","og_title":"Sof\u00e1 Jard\u00edn Modular | Soluciones Contract","og_description":"El sof\u00e1 para jard\u00edn modular que buscas al mejor precio. Descubre este sof\u00e1 modular dise\u00f1ado para exteriores, ideal para adaptarse a cualquier espacio.","og_url":"https:\/\/solucionescontract.com\/producto\/sofa-modular-jardin-mar\/","og_site_name":"Soluciones Contract","article_publisher":"https:\/\/www.facebook.com\/solucionescontract\/","article_modified_time":"2023-11-11T20:34:22+00:00","og_image":[{"width":1058,"height":1057,"url":"https:\/\/solucionescontract.com\/wp-content\/uploads\/2022\/03\/Conjunto-terraza-marine-taupe.jpg","type":"image\/jpeg"}],"twitter_card":"summary_large_image","twitter_misc":{"Est. reading time":"2 minutes"},"schema":{"@context":"https:\/\/schema.org","@graph":[{"@type":"WebPage","@id":"https:\/\/solucionescontract.com\/producto\/sofa-modular-jardin-mar\/","url":"https:\/\/solucionescontract.com\/producto\/sofa-modular-jardin-mar\/","name":"Sof\u00e1 Jard\u00edn Modular | Soluciones Contract","isPartOf":{"@id":"https:\/\/solucionescontract.com\/#website"},"primaryImageOfPage":{"@id":"https:\/\/solucionescontract.com\/producto\/sofa-modular-jardin-mar\/#primaryimage"},"image":{"@id":"https:\/\/solucionescontract.com\/producto\/sofa-modular-jardin-mar\/#primaryimage"},"thumbnailUrl":"https:\/\/solucionescontract.com\/wp-content\/uploads\/2022\/03\/Conjunto-terraza-marine-taupe.jpg","datePublished":"2022-03-17T16:33:30+00:00","dateModified":"2023-11-11T20:34:22+00:00","description":"El sof\u00e1 para jard\u00edn modular que buscas al mejor precio. Descubre este sof\u00e1 modular dise\u00f1ado para exteriores, ideal para adaptarse a cualquier espacio.","breadcrumb":{"@id":"https:\/\/solucionescontract.com\/producto\/sofa-modular-jardin-mar\/#breadcrumb"},"inLanguage":"en-US","potentialAction":[{"@type":"ReadAction","target":["https:\/\/solucionescontract.com\/producto\/sofa-modular-jardin-mar\/"]}]},{"@type":"ImageObject","inLanguage":"en-US","@id":"https:\/\/solucionescontract.com\/producto\/sofa-modular-jardin-mar\/#primaryimage","url":"https:\/\/solucionescontract.com\/wp-content\/uploads\/2022\/03\/Conjunto-terraza-marine-taupe.jpg","contentUrl":"https:\/\/solucionescontract.com\/wp-content\/uploads\/2022\/03\/Conjunto-terraza-marine-taupe.jpg","width":1058,"height":1057},{"@type":"BreadcrumbList","@id":"https:\/\/solucionescontract.com\/producto\/sofa-modular-jardin-mar\/#breadcrumb","itemListElement":[{"@type":"ListItem","position":1,"name":"Inicio","item":"https:\/\/solucionescontract.com\/"},{"@type":"ListItem","position":2,"name":"Tienda mobiliario contract","item":"https:\/\/solucionescontract.com\/tienda-mobiliario-contract\/"},{"@type":"ListItem","position":3,"name":"Mobiliario de Terraza y Jard\u00edn","item":"https:\/\/solucionescontract.com\/categoria-producto\/mobiliario-de-terraza-y-jardin\/"},{"@type":"ListItem","position":4,"name":"Sof\u00e1 para exterior","item":"https:\/\/solucionescontract.com\/categoria-producto\/mobiliario-de-terraza-y-jardin\/sofa-para-exterior\/"},{"@type":"ListItem","position":5,"name":"SOF\u00c1 MODULAR JARD\u00cdN MAR"}]},{"@type":"WebSite","@id":"https:\/\/solucionescontract.com\/#website","url":"https:\/\/solucionescontract.com\/","name":"Soluciones Contract","description":"Venta Mobiliario contract de dise\u00f1o","publisher":{"@id":"https:\/\/solucionescontract.com\/#organization"},"potentialAction":[{"@type":"SearchAction","target":{"@type":"EntryPoint","urlTemplate":"https:\/\/solucionescontract.com\/?s={search_term_string}"},"query-input":{"@type":"PropertyValueSpecification","valueRequired":true,"valueName":"search_term_string"}}],"inLanguage":"en-US"},{"@type":"Organization","@id":"https:\/\/solucionescontract.com\/#organization","name":"Soluciones Contract","url":"https:\/\/solucionescontract.com\/","logo":{"@type":"ImageObject","inLanguage":"en-US","@id":"https:\/\/solucionescontract.com\/#\/schema\/logo\/image\/","url":"https:\/\/solucionescontract.com\/wp-content\/uploads\/2020\/02\/logoSC.jpg","contentUrl":"https:\/\/solucionescontract.com\/wp-content\/uploads\/2020\/02\/logoSC.jpg","width":300,"height":125,"caption":"Soluciones Contract"},"image":{"@id":"https:\/\/solucionescontract.com\/#\/schema\/logo\/image\/"},"sameAs":["https:\/\/www.facebook.com\/solucionescontract\/"]}]}},"_links":{"self":[{"href":"https:\/\/solucionescontract.com\/en\/wp-json\/wp\/v2\/product\/26086","targetHints":{"allow":["GET"]}}],"collection":[{"href":"https:\/\/solucionescontract.com\/en\/wp-json\/wp\/v2\/product"}],"about":[{"href":"https:\/\/solucionescontract.com\/en\/wp-json\/wp\/v2\/types\/product"}],"replies":[{"embeddable":true,"href":"https:\/\/solucionescontract.com\/en\/wp-json\/wp\/v2\/comments?post=26086"}],"wp:featuredmedia":[{"embeddable":true,"href":"https:\/\/solucionescontract.com\/en\/wp-json\/wp\/v2\/media\/26132"}],"wp:attachment":[{"href":"https:\/\/solucionescontract.com\/en\/wp-json\/wp\/v2\/media?parent=26086"}],"wp:term":[{"taxonomy":"product_brand","embeddable":true,"href":"https:\/\/solucionescontract.com\/en\/wp-json\/wp\/v2\/product_brand?post=26086"},{"taxonomy":"product_cat","embeddable":true,"href":"https:\/\/solucionescontract.com\/en\/wp-json\/wp\/v2\/product_cat?post=26086"},{"taxonomy":"product_tag","embeddable":true,"href":"https:\/\/solucionescontract.com\/en\/wp-json\/wp\/v2\/product_tag?post=26086"}],"curies":[{"name":"wp","href":"https:\/\/api.w.org\/{rel}","templated":true}]}}