{"id":25744,"date":"2022-02-15T18:25:56","date_gmt":"2022-02-15T17:25:56","guid":{"rendered":"https:\/\/www.solucionescontract.com\/?post_type=product&#038;p=25744"},"modified":"2025-04-29T10:03:58","modified_gmt":"2025-04-29T09:03:58","slug":"mesa-elevable-y-extensible","status":"publish","type":"product","link":"https:\/\/solucionescontract.com\/en\/producto\/mesa-elevable-y-extensible\/","title":{"rendered":"MESA ELEVABLE Y EXTENSIBLE"},"content":{"rendered":"<p>Fabulosa\u00a0<strong> mesa de centro<\/strong> que podr\u00e1s elevar en cualquier momento de una manera sencilla.<\/p>\n<p>Fabricada en <strong>chapa de roble natural<\/strong> podr\u00e1s elegir entre una variedad de preciosas tonalidades para sus acabados o lacada.\u00a0 <a href=\"https:\/\/solucionescontract.com\/producto\/acabados-pemi-maderas\/\"><strong>Consultar\u00a0 otros acabados disponibles<\/strong><\/a><\/p>\n<p>Altura m\u00ednima de la mesa\u00a0 40 cm y la m\u00e1s alta de 85 cm. &#8211;<strong>Elige la altura deseada<\/strong> con un f\u00e1cil gesto como pulsar un bot\u00f3n o desde la app de tu tel\u00e9fono.<\/p>\n<p>La base de la mesa cerrada mide 120 x 75 cm y abierta 170 x 75 cm.<\/p>\n<p><strong>Extensible de libro mecanizado y sistema de gu\u00edas sincronizadas<\/strong>.<\/p>\n<p>Dos sistema de alimentaci\u00f3n disponibles.<\/p>\n<p>Opci\u00f3n 1. Con bater\u00eda recargable, solo con pulsador.<\/p>\n<p>Opci\u00f3n 2. Con cable enchufado a la red el\u00e9ctrica, pudiendo elevar la mesa con mando a distancia, con pulsador o con la app m\u00f3vil.<\/p>\n","protected":false},"excerpt":{"rendered":"<ul>\n<li>Mesa de centro elevable y extensible, f\u00e1cilmente convertible en mesa de comedor<\/li>\n<li>La mesa cuenta con diferentes dispositivos para elevarla: (Pulsador, mando a distancia o app).<\/li>\n<li>Disponible con bater\u00eda recargable o enchufe.<\/li>\n<li>Fant\u00e1stico extensible de libro mecanizado y sitema de gu\u00edas sincronizadas.<\/li>\n<li>Medidas mesa 120 x 75 cm. ( Cerrada )<\/li>\n<li><span style=\"font-size: 14pt;\">Acabados fotos: Sobre roble natural o lacado en blanco. Otros acabados. <strong><a href=\"https:\/\/solucionescontract.com\/producto\/acabados-pemi-maderas\/\">Consultar<\/a><\/strong><\/span><\/li>\n<li>Fabricaci\u00f3n nacional.<\/li>\n<li>Uso interior.<\/li>\n<\/ul>\n<p><strong><em> \u00a0<span style=\"color: #ff6600;\">Unidades en STOCK: Sobre y patas en roble natural con cable<br \/>\n<\/span><\/em><\/strong><\/p>\n<p><strong><em><span style=\"color: #ff6600;\">\u00a0 \u00a0 \u00a0 \u00a0 \u00a0 \u00a0 \u00a0 \u00a0 \u00a0 \u00a0 \u00a0 \u00a0 \u00a0 \u00a0 \u00a0 \u00a0 \u00a0 \u00a0ENTREGA R\u00c1PIDA 5-7 D\u00cdAS<\/span><\/em><\/strong><\/p>\n","protected":false},"featured_media":25853,"comment_status":"open","ping_status":"closed","template":"","meta":[],"product_brand":[],"product_cat":[361,1098,72],"product_tag":[1086,309,1087,1088],"class_list":{"0":"post-25744","1":"product","2":"type-product","3":"status-publish","4":"has-post-thumbnail","6":"product_cat-mesa-comedor","7":"product_cat-mesa-de-centro","8":"product_cat-mesas-de-diseno","9":"product_tag-elevable","10":"product_tag-mesas-comedor-extensibles","11":"product_tag-mesa-centro","12":"product_tag-mesa-comedor","13":"product_shipping_class-envio-gratuito","14":"yith_product_brand-pemi","16":"first","17":"instock","18":"taxable","19":"shipping-taxable","20":"purchasable","21":"product-type-variable"},"yoast_head":"<!-- This site is optimized with the Yoast SEO plugin v27.3 - https:\/\/yoast.com\/product\/yoast-seo-wordpress\/ -->\n<title>Mesa Elevable y Extensible | Soluciones Contract<\/title>\n<meta name=\"description\" content=\"La mesa elevable y extensible es f\u00e1cilmente convertible en mesa de comedor, lo que la convierte en un mueble imprescindible en apartamentos de espacio reducido.\" \/>\n<meta name=\"robots\" content=\"index, follow, max-snippet:-1, max-image-preview:large, max-video-preview:-1\" \/>\n<link rel=\"canonical\" href=\"https:\/\/solucionescontract.com\/producto\/mesa-elevable-y-extensible\/\" \/>\n<meta property=\"og:locale\" content=\"en_US\" \/>\n<meta property=\"og:type\" content=\"article\" \/>\n<meta property=\"og:title\" content=\"Mesa Elevable y Extensible | Soluciones Contract\" \/>\n<meta property=\"og:description\" content=\"La mesa elevable y extensible es f\u00e1cilmente convertible en mesa de comedor, lo que la convierte en un mueble imprescindible en apartamentos de espacio reducido.\" \/>\n<meta property=\"og:url\" content=\"https:\/\/solucionescontract.com\/producto\/mesa-elevable-y-extensible\/\" \/>\n<meta property=\"og:site_name\" content=\"Soluciones Contract\" \/>\n<meta property=\"article:publisher\" content=\"https:\/\/www.facebook.com\/solucionescontract\/\" \/>\n<meta property=\"article:modified_time\" content=\"2025-04-29T09:03:58+00:00\" \/>\n<meta property=\"og:image\" content=\"https:\/\/solucionescontract.com\/wp-content\/uploads\/2022\/02\/mesa-extensible-lacada.jpg\" \/>\n\t<meta property=\"og:image:width\" content=\"594\" \/>\n\t<meta property=\"og:image:height\" content=\"594\" \/>\n\t<meta property=\"og:image:type\" content=\"image\/jpeg\" \/>\n<meta name=\"twitter:card\" content=\"summary_large_image\" \/>\n<meta name=\"twitter:label1\" content=\"Est. reading time\" \/>\n\t<meta name=\"twitter:data1\" content=\"3 minutes\" \/>\n<script type=\"application\/ld+json\" class=\"yoast-schema-graph\">{\"@context\":\"https:\\\/\\\/schema.org\",\"@graph\":[{\"@type\":\"WebPage\",\"@id\":\"https:\\\/\\\/solucionescontract.com\\\/producto\\\/mesa-elevable-y-extensible\\\/\",\"url\":\"https:\\\/\\\/solucionescontract.com\\\/producto\\\/mesa-elevable-y-extensible\\\/\",\"name\":\"Mesa Elevable y Extensible | Soluciones Contract\",\"isPartOf\":{\"@id\":\"https:\\\/\\\/solucionescontract.com\\\/#website\"},\"primaryImageOfPage\":{\"@id\":\"https:\\\/\\\/solucionescontract.com\\\/producto\\\/mesa-elevable-y-extensible\\\/#primaryimage\"},\"image\":{\"@id\":\"https:\\\/\\\/solucionescontract.com\\\/producto\\\/mesa-elevable-y-extensible\\\/#primaryimage\"},\"thumbnailUrl\":\"https:\\\/\\\/solucionescontract.com\\\/wp-content\\\/uploads\\\/2022\\\/02\\\/mesa-extensible-lacada.jpg\",\"datePublished\":\"2022-02-15T17:25:56+00:00\",\"dateModified\":\"2025-04-29T09:03:58+00:00\",\"description\":\"La mesa elevable y extensible es f\u00e1cilmente convertible en mesa de comedor, lo que la convierte en un mueble imprescindible en apartamentos de espacio reducido.\",\"breadcrumb\":{\"@id\":\"https:\\\/\\\/solucionescontract.com\\\/producto\\\/mesa-elevable-y-extensible\\\/#breadcrumb\"},\"inLanguage\":\"en-US\",\"potentialAction\":[{\"@type\":\"ReadAction\",\"target\":[\"https:\\\/\\\/solucionescontract.com\\\/producto\\\/mesa-elevable-y-extensible\\\/\"]}]},{\"@type\":\"ImageObject\",\"inLanguage\":\"en-US\",\"@id\":\"https:\\\/\\\/solucionescontract.com\\\/producto\\\/mesa-elevable-y-extensible\\\/#primaryimage\",\"url\":\"https:\\\/\\\/solucionescontract.com\\\/wp-content\\\/uploads\\\/2022\\\/02\\\/mesa-extensible-lacada.jpg\",\"contentUrl\":\"https:\\\/\\\/solucionescontract.com\\\/wp-content\\\/uploads\\\/2022\\\/02\\\/mesa-extensible-lacada.jpg\",\"width\":594,\"height\":594},{\"@type\":\"BreadcrumbList\",\"@id\":\"https:\\\/\\\/solucionescontract.com\\\/producto\\\/mesa-elevable-y-extensible\\\/#breadcrumb\",\"itemListElement\":[{\"@type\":\"ListItem\",\"position\":1,\"name\":\"Inicio\",\"item\":\"https:\\\/\\\/solucionescontract.com\\\/\"},{\"@type\":\"ListItem\",\"position\":2,\"name\":\"Tienda mobiliario contract\",\"item\":\"https:\\\/\\\/solucionescontract.com\\\/tienda-mobiliario-contract\\\/\"},{\"@type\":\"ListItem\",\"position\":3,\"name\":\"Mesas de dise\u00f1o\",\"item\":\"https:\\\/\\\/solucionescontract.com\\\/categoria-producto\\\/mesas-de-diseno\\\/\"},{\"@type\":\"ListItem\",\"position\":4,\"name\":\"MESA ELEVABLE Y EXTENSIBLE\"}]},{\"@type\":\"WebSite\",\"@id\":\"https:\\\/\\\/solucionescontract.com\\\/#website\",\"url\":\"https:\\\/\\\/solucionescontract.com\\\/\",\"name\":\"Soluciones Contract\",\"description\":\"Venta Mobiliario contract de dise\u00f1o\",\"publisher\":{\"@id\":\"https:\\\/\\\/solucionescontract.com\\\/#organization\"},\"potentialAction\":[{\"@type\":\"SearchAction\",\"target\":{\"@type\":\"EntryPoint\",\"urlTemplate\":\"https:\\\/\\\/solucionescontract.com\\\/?s={search_term_string}\"},\"query-input\":{\"@type\":\"PropertyValueSpecification\",\"valueRequired\":true,\"valueName\":\"search_term_string\"}}],\"inLanguage\":\"en-US\"},{\"@type\":\"Organization\",\"@id\":\"https:\\\/\\\/solucionescontract.com\\\/#organization\",\"name\":\"Soluciones Contract\",\"url\":\"https:\\\/\\\/solucionescontract.com\\\/\",\"logo\":{\"@type\":\"ImageObject\",\"inLanguage\":\"en-US\",\"@id\":\"https:\\\/\\\/solucionescontract.com\\\/#\\\/schema\\\/logo\\\/image\\\/\",\"url\":\"https:\\\/\\\/solucionescontract.com\\\/wp-content\\\/uploads\\\/2020\\\/02\\\/logoSC.jpg\",\"contentUrl\":\"https:\\\/\\\/solucionescontract.com\\\/wp-content\\\/uploads\\\/2020\\\/02\\\/logoSC.jpg\",\"width\":300,\"height\":125,\"caption\":\"Soluciones Contract\"},\"image\":{\"@id\":\"https:\\\/\\\/solucionescontract.com\\\/#\\\/schema\\\/logo\\\/image\\\/\"},\"sameAs\":[\"https:\\\/\\\/www.facebook.com\\\/solucionescontract\\\/\"]}]}<\/script>\n<!-- \/ Yoast SEO plugin. -->","yoast_head_json":{"title":"Mesa Elevable y Extensible | Soluciones Contract","description":"La mesa elevable y extensible es f\u00e1cilmente convertible en mesa de comedor, lo que la convierte en un mueble imprescindible en apartamentos de espacio reducido.","robots":{"index":"index","follow":"follow","max-snippet":"max-snippet:-1","max-image-preview":"max-image-preview:large","max-video-preview":"max-video-preview:-1"},"canonical":"https:\/\/solucionescontract.com\/producto\/mesa-elevable-y-extensible\/","og_locale":"en_US","og_type":"article","og_title":"Mesa Elevable y Extensible | Soluciones Contract","og_description":"La mesa elevable y extensible es f\u00e1cilmente convertible en mesa de comedor, lo que la convierte en un mueble imprescindible en apartamentos de espacio reducido.","og_url":"https:\/\/solucionescontract.com\/producto\/mesa-elevable-y-extensible\/","og_site_name":"Soluciones Contract","article_publisher":"https:\/\/www.facebook.com\/solucionescontract\/","article_modified_time":"2025-04-29T09:03:58+00:00","og_image":[{"width":594,"height":594,"url":"https:\/\/solucionescontract.com\/wp-content\/uploads\/2022\/02\/mesa-extensible-lacada.jpg","type":"image\/jpeg"}],"twitter_card":"summary_large_image","twitter_misc":{"Est. reading time":"3 minutes"},"schema":{"@context":"https:\/\/schema.org","@graph":[{"@type":"WebPage","@id":"https:\/\/solucionescontract.com\/producto\/mesa-elevable-y-extensible\/","url":"https:\/\/solucionescontract.com\/producto\/mesa-elevable-y-extensible\/","name":"Mesa Elevable y Extensible | Soluciones Contract","isPartOf":{"@id":"https:\/\/solucionescontract.com\/#website"},"primaryImageOfPage":{"@id":"https:\/\/solucionescontract.com\/producto\/mesa-elevable-y-extensible\/#primaryimage"},"image":{"@id":"https:\/\/solucionescontract.com\/producto\/mesa-elevable-y-extensible\/#primaryimage"},"thumbnailUrl":"https:\/\/solucionescontract.com\/wp-content\/uploads\/2022\/02\/mesa-extensible-lacada.jpg","datePublished":"2022-02-15T17:25:56+00:00","dateModified":"2025-04-29T09:03:58+00:00","description":"La mesa elevable y extensible es f\u00e1cilmente convertible en mesa de comedor, lo que la convierte en un mueble imprescindible en apartamentos de espacio reducido.","breadcrumb":{"@id":"https:\/\/solucionescontract.com\/producto\/mesa-elevable-y-extensible\/#breadcrumb"},"inLanguage":"en-US","potentialAction":[{"@type":"ReadAction","target":["https:\/\/solucionescontract.com\/producto\/mesa-elevable-y-extensible\/"]}]},{"@type":"ImageObject","inLanguage":"en-US","@id":"https:\/\/solucionescontract.com\/producto\/mesa-elevable-y-extensible\/#primaryimage","url":"https:\/\/solucionescontract.com\/wp-content\/uploads\/2022\/02\/mesa-extensible-lacada.jpg","contentUrl":"https:\/\/solucionescontract.com\/wp-content\/uploads\/2022\/02\/mesa-extensible-lacada.jpg","width":594,"height":594},{"@type":"BreadcrumbList","@id":"https:\/\/solucionescontract.com\/producto\/mesa-elevable-y-extensible\/#breadcrumb","itemListElement":[{"@type":"ListItem","position":1,"name":"Inicio","item":"https:\/\/solucionescontract.com\/"},{"@type":"ListItem","position":2,"name":"Tienda mobiliario contract","item":"https:\/\/solucionescontract.com\/tienda-mobiliario-contract\/"},{"@type":"ListItem","position":3,"name":"Mesas de dise\u00f1o","item":"https:\/\/solucionescontract.com\/categoria-producto\/mesas-de-diseno\/"},{"@type":"ListItem","position":4,"name":"MESA ELEVABLE Y EXTENSIBLE"}]},{"@type":"WebSite","@id":"https:\/\/solucionescontract.com\/#website","url":"https:\/\/solucionescontract.com\/","name":"Soluciones Contract","description":"Venta Mobiliario contract de dise\u00f1o","publisher":{"@id":"https:\/\/solucionescontract.com\/#organization"},"potentialAction":[{"@type":"SearchAction","target":{"@type":"EntryPoint","urlTemplate":"https:\/\/solucionescontract.com\/?s={search_term_string}"},"query-input":{"@type":"PropertyValueSpecification","valueRequired":true,"valueName":"search_term_string"}}],"inLanguage":"en-US"},{"@type":"Organization","@id":"https:\/\/solucionescontract.com\/#organization","name":"Soluciones Contract","url":"https:\/\/solucionescontract.com\/","logo":{"@type":"ImageObject","inLanguage":"en-US","@id":"https:\/\/solucionescontract.com\/#\/schema\/logo\/image\/","url":"https:\/\/solucionescontract.com\/wp-content\/uploads\/2020\/02\/logoSC.jpg","contentUrl":"https:\/\/solucionescontract.com\/wp-content\/uploads\/2020\/02\/logoSC.jpg","width":300,"height":125,"caption":"Soluciones Contract"},"image":{"@id":"https:\/\/solucionescontract.com\/#\/schema\/logo\/image\/"},"sameAs":["https:\/\/www.facebook.com\/solucionescontract\/"]}]}},"_links":{"self":[{"href":"https:\/\/solucionescontract.com\/en\/wp-json\/wp\/v2\/product\/25744","targetHints":{"allow":["GET"]}}],"collection":[{"href":"https:\/\/solucionescontract.com\/en\/wp-json\/wp\/v2\/product"}],"about":[{"href":"https:\/\/solucionescontract.com\/en\/wp-json\/wp\/v2\/types\/product"}],"replies":[{"embeddable":true,"href":"https:\/\/solucionescontract.com\/en\/wp-json\/wp\/v2\/comments?post=25744"}],"wp:featuredmedia":[{"embeddable":true,"href":"https:\/\/solucionescontract.com\/en\/wp-json\/wp\/v2\/media\/25853"}],"wp:attachment":[{"href":"https:\/\/solucionescontract.com\/en\/wp-json\/wp\/v2\/media?parent=25744"}],"wp:term":[{"taxonomy":"product_brand","embeddable":true,"href":"https:\/\/solucionescontract.com\/en\/wp-json\/wp\/v2\/product_brand?post=25744"},{"taxonomy":"product_cat","embeddable":true,"href":"https:\/\/solucionescontract.com\/en\/wp-json\/wp\/v2\/product_cat?post=25744"},{"taxonomy":"product_tag","embeddable":true,"href":"https:\/\/solucionescontract.com\/en\/wp-json\/wp\/v2\/product_tag?post=25744"}],"curies":[{"name":"wp","href":"https:\/\/api.w.org\/{rel}","templated":true}]}}