{"id":25564,"date":"2022-02-18T12:47:05","date_gmt":"2022-02-18T11:47:05","guid":{"rendered":"https:\/\/www.solucionescontract.com\/?post_type=product&#038;p=25564"},"modified":"2025-09-29T16:55:17","modified_gmt":"2025-09-29T15:55:17","slug":"mesa-long-way-elevable","status":"publish","type":"product","link":"https:\/\/solucionescontract.com\/en\/producto\/mesa-long-way-elevable\/","title":{"rendered":"MESA LONG WAY ELEVABLE"},"content":{"rendered":"<p>Fabulosa, para usar como <strong>mesa de centro<\/strong> pudi\u00e9ndola elevar en cualquier momento de una manera sencilla.<\/p>\n<p>Nuestra mesa cuenta con un <strong>extensible de libro mecanizado<\/strong> y sistema de <strong>gu\u00edas sincronizadas.<\/strong><\/p>\n<p>Sobre de mesa en melamina con posibilidad de diferentes acabados.\u00a0 <strong><em><a href=\"https:\/\/solucionescontract.com\/producto\/acabados-melaminas-pemi\/\">consultar.<\/a><\/em><\/strong><\/p>\n<p>Esta preciosa mesa dispone de<strong> distintas alturas<\/strong>, siendo la m\u00e1s baja de 40 cm y la m\u00e1s alta de 85 cm. Elige la altura deseada con un f\u00e1cil gesto como pulsar un bot\u00f3n o desde la app de tu tel\u00e9fono.<\/p>\n<p>La base de la mesa cerrada mide 120 x 75 cm y abierta 190 x 75 cm.<\/p>\n<p><strong>Dos sistema de alimentaci\u00f3n disponibles<\/strong>.<\/p>\n<p>Opci\u00f3n 1. Con bater\u00eda recargable, solo con pulsador.<\/p>\n<p>Opci\u00f3n 2. Con cable enchufado a la red el\u00e9ctrica, pudiendo elevar la mesa con mando a distancia, con pulsador o con la app m\u00f3vil.<\/p>\n","protected":false},"excerpt":{"rendered":"<ul>\n<li>Mesa de centro elevable y extensible. Multitud de usos.<\/li>\n<li>La mesa cuenta con diferentes dispositivos para elevarla: ( Pulsador, mando a distancia y app )<\/li>\n<li>Disponible con bater\u00eda recargable o enchufe.<\/li>\n<li>Fant\u00e1stico extensible de libro mecanizado y sistema de gu\u00edas sincronizadas.<\/li>\n<li>Medidas mesa 120 x 75 cm. ( Cerrada )<\/li>\n<li><strong><span style=\"font-size: 14pt;\">Acabados foto: Sobre melamina acabado crack y patas antracita. <\/span><\/strong><span style=\"font-size: 12pt;\">Otros acabados <span style=\"text-decoration: underline;\"><span style=\"color: #0000ff;\"><em><strong><a style=\"color: #0000ff; text-decoration: underline;\" href=\"https:\/\/solucionescontract.com\/producto\/acabados-melaminas-pemi\/\">consultar.<\/a><\/strong><\/em><\/span><\/span><\/span><\/li>\n<li>Fabricaci\u00f3n nacional.<\/li>\n<li>Uso interior.<\/li>\n<\/ul>\n<p>&nbsp;<\/p>\n","protected":false},"featured_media":25831,"comment_status":"open","ping_status":"closed","template":"","meta":[],"product_brand":[],"product_cat":[361,1098,72],"product_tag":[1086,309],"class_list":{"0":"post-25564","1":"product","2":"type-product","3":"status-publish","4":"has-post-thumbnail","6":"product_cat-mesa-comedor","7":"product_cat-mesa-de-centro","8":"product_cat-mesas-de-diseno","9":"product_tag-elevable","10":"product_tag-mesas-comedor-extensibles","11":"product_shipping_class-envio-gratuito","12":"yith_product_brand-pemi","14":"first","15":"instock","16":"featured","17":"taxable","18":"shipping-taxable","19":"purchasable","20":"product-type-variable"},"yoast_head":"<!-- This site is optimized with the Yoast SEO plugin v27.3 - https:\/\/yoast.com\/product\/yoast-seo-wordpress\/ -->\n<title>MESA LONG WAY ELEVABLE - Muebles de dise\u00f1o en Soluciones Contract<\/title>\n<meta name=\"description\" content=\"Compra MESA LONG WAY ELEVABLE online en nuestra tienda de muebles Contract. Encuentra el mejor MOBILIARIO DE DISE\u00d1O para Hotel, Hogar y uso comercial. Descubre las mejores marcas en nuestro cat\u00e1logo.\" \/>\n<meta name=\"robots\" content=\"index, follow, max-snippet:-1, max-image-preview:large, max-video-preview:-1\" \/>\n<link rel=\"canonical\" href=\"https:\/\/solucionescontract.com\/producto\/mesa-long-way-elevable\/\" \/>\n<meta property=\"og:locale\" content=\"en_US\" \/>\n<meta property=\"og:type\" content=\"article\" \/>\n<meta property=\"og:title\" content=\"MESA LONG WAY ELEVABLE - Muebles de dise\u00f1o en Soluciones Contract\" \/>\n<meta property=\"og:description\" content=\"Compra MESA LONG WAY ELEVABLE online en nuestra tienda de muebles Contract. Encuentra el mejor MOBILIARIO DE DISE\u00d1O para Hotel, Hogar y uso comercial. Descubre las mejores marcas en nuestro cat\u00e1logo.\" \/>\n<meta property=\"og:url\" content=\"https:\/\/solucionescontract.com\/producto\/mesa-long-way-elevable\/\" \/>\n<meta property=\"og:site_name\" content=\"Soluciones Contract\" \/>\n<meta property=\"article:publisher\" content=\"https:\/\/www.facebook.com\/solucionescontract\/\" \/>\n<meta property=\"article:modified_time\" content=\"2025-09-29T15:55:17+00:00\" \/>\n<meta property=\"og:image\" content=\"https:\/\/solucionescontract.com\/wp-content\/uploads\/2022\/02\/Sin-titulo-1-1.jpg\" \/>\n\t<meta property=\"og:image:width\" content=\"686\" \/>\n\t<meta property=\"og:image:height\" content=\"686\" \/>\n\t<meta property=\"og:image:type\" content=\"image\/jpeg\" \/>\n<meta name=\"twitter:card\" content=\"summary_large_image\" \/>\n<meta name=\"twitter:label1\" content=\"Est. reading time\" \/>\n\t<meta name=\"twitter:data1\" content=\"2 minutes\" \/>\n<script type=\"application\/ld+json\" class=\"yoast-schema-graph\">{\"@context\":\"https:\\\/\\\/schema.org\",\"@graph\":[{\"@type\":\"WebPage\",\"@id\":\"https:\\\/\\\/solucionescontract.com\\\/producto\\\/mesa-long-way-elevable\\\/\",\"url\":\"https:\\\/\\\/solucionescontract.com\\\/producto\\\/mesa-long-way-elevable\\\/\",\"name\":\"MESA LONG WAY ELEVABLE - Muebles de dise\u00f1o en Soluciones Contract\",\"isPartOf\":{\"@id\":\"https:\\\/\\\/solucionescontract.com\\\/#website\"},\"primaryImageOfPage\":{\"@id\":\"https:\\\/\\\/solucionescontract.com\\\/producto\\\/mesa-long-way-elevable\\\/#primaryimage\"},\"image\":{\"@id\":\"https:\\\/\\\/solucionescontract.com\\\/producto\\\/mesa-long-way-elevable\\\/#primaryimage\"},\"thumbnailUrl\":\"https:\\\/\\\/solucionescontract.com\\\/wp-content\\\/uploads\\\/2022\\\/02\\\/Sin-titulo-1-1.jpg\",\"datePublished\":\"2022-02-18T11:47:05+00:00\",\"dateModified\":\"2025-09-29T15:55:17+00:00\",\"description\":\"Compra MESA LONG WAY ELEVABLE online en nuestra tienda de muebles Contract. Encuentra el mejor MOBILIARIO DE DISE\u00d1O para Hotel, Hogar y uso comercial. Descubre las mejores marcas en nuestro cat\u00e1logo.\",\"breadcrumb\":{\"@id\":\"https:\\\/\\\/solucionescontract.com\\\/producto\\\/mesa-long-way-elevable\\\/#breadcrumb\"},\"inLanguage\":\"en-US\",\"potentialAction\":[{\"@type\":\"ReadAction\",\"target\":[\"https:\\\/\\\/solucionescontract.com\\\/producto\\\/mesa-long-way-elevable\\\/\"]}]},{\"@type\":\"ImageObject\",\"inLanguage\":\"en-US\",\"@id\":\"https:\\\/\\\/solucionescontract.com\\\/producto\\\/mesa-long-way-elevable\\\/#primaryimage\",\"url\":\"https:\\\/\\\/solucionescontract.com\\\/wp-content\\\/uploads\\\/2022\\\/02\\\/Sin-titulo-1-1.jpg\",\"contentUrl\":\"https:\\\/\\\/solucionescontract.com\\\/wp-content\\\/uploads\\\/2022\\\/02\\\/Sin-titulo-1-1.jpg\",\"width\":686,\"height\":686},{\"@type\":\"BreadcrumbList\",\"@id\":\"https:\\\/\\\/solucionescontract.com\\\/producto\\\/mesa-long-way-elevable\\\/#breadcrumb\",\"itemListElement\":[{\"@type\":\"ListItem\",\"position\":1,\"name\":\"Inicio\",\"item\":\"https:\\\/\\\/solucionescontract.com\\\/\"},{\"@type\":\"ListItem\",\"position\":2,\"name\":\"Tienda mobiliario contract\",\"item\":\"https:\\\/\\\/solucionescontract.com\\\/tienda-mobiliario-contract\\\/\"},{\"@type\":\"ListItem\",\"position\":3,\"name\":\"Mesas de dise\u00f1o\",\"item\":\"https:\\\/\\\/solucionescontract.com\\\/categoria-producto\\\/mesas-de-diseno\\\/\"},{\"@type\":\"ListItem\",\"position\":4,\"name\":\"MESA LONG WAY ELEVABLE\"}]},{\"@type\":\"WebSite\",\"@id\":\"https:\\\/\\\/solucionescontract.com\\\/#website\",\"url\":\"https:\\\/\\\/solucionescontract.com\\\/\",\"name\":\"Soluciones Contract\",\"description\":\"Venta Mobiliario contract de dise\u00f1o\",\"publisher\":{\"@id\":\"https:\\\/\\\/solucionescontract.com\\\/#organization\"},\"potentialAction\":[{\"@type\":\"SearchAction\",\"target\":{\"@type\":\"EntryPoint\",\"urlTemplate\":\"https:\\\/\\\/solucionescontract.com\\\/?s={search_term_string}\"},\"query-input\":{\"@type\":\"PropertyValueSpecification\",\"valueRequired\":true,\"valueName\":\"search_term_string\"}}],\"inLanguage\":\"en-US\"},{\"@type\":\"Organization\",\"@id\":\"https:\\\/\\\/solucionescontract.com\\\/#organization\",\"name\":\"Soluciones Contract\",\"url\":\"https:\\\/\\\/solucionescontract.com\\\/\",\"logo\":{\"@type\":\"ImageObject\",\"inLanguage\":\"en-US\",\"@id\":\"https:\\\/\\\/solucionescontract.com\\\/#\\\/schema\\\/logo\\\/image\\\/\",\"url\":\"https:\\\/\\\/solucionescontract.com\\\/wp-content\\\/uploads\\\/2020\\\/02\\\/logoSC.jpg\",\"contentUrl\":\"https:\\\/\\\/solucionescontract.com\\\/wp-content\\\/uploads\\\/2020\\\/02\\\/logoSC.jpg\",\"width\":300,\"height\":125,\"caption\":\"Soluciones Contract\"},\"image\":{\"@id\":\"https:\\\/\\\/solucionescontract.com\\\/#\\\/schema\\\/logo\\\/image\\\/\"},\"sameAs\":[\"https:\\\/\\\/www.facebook.com\\\/solucionescontract\\\/\"]}]}<\/script>\n<!-- \/ Yoast SEO plugin. -->","yoast_head_json":{"title":"MESA LONG WAY ELEVABLE - Muebles de dise\u00f1o en Soluciones Contract","description":"Compra MESA LONG WAY ELEVABLE online en nuestra tienda de muebles Contract. Encuentra el mejor MOBILIARIO DE DISE\u00d1O para Hotel, Hogar y uso comercial. Descubre las mejores marcas en nuestro cat\u00e1logo.","robots":{"index":"index","follow":"follow","max-snippet":"max-snippet:-1","max-image-preview":"max-image-preview:large","max-video-preview":"max-video-preview:-1"},"canonical":"https:\/\/solucionescontract.com\/producto\/mesa-long-way-elevable\/","og_locale":"en_US","og_type":"article","og_title":"MESA LONG WAY ELEVABLE - Muebles de dise\u00f1o en Soluciones Contract","og_description":"Compra MESA LONG WAY ELEVABLE online en nuestra tienda de muebles Contract. Encuentra el mejor MOBILIARIO DE DISE\u00d1O para Hotel, Hogar y uso comercial. Descubre las mejores marcas en nuestro cat\u00e1logo.","og_url":"https:\/\/solucionescontract.com\/producto\/mesa-long-way-elevable\/","og_site_name":"Soluciones Contract","article_publisher":"https:\/\/www.facebook.com\/solucionescontract\/","article_modified_time":"2025-09-29T15:55:17+00:00","og_image":[{"width":686,"height":686,"url":"https:\/\/solucionescontract.com\/wp-content\/uploads\/2022\/02\/Sin-titulo-1-1.jpg","type":"image\/jpeg"}],"twitter_card":"summary_large_image","twitter_misc":{"Est. reading time":"2 minutes"},"schema":{"@context":"https:\/\/schema.org","@graph":[{"@type":"WebPage","@id":"https:\/\/solucionescontract.com\/producto\/mesa-long-way-elevable\/","url":"https:\/\/solucionescontract.com\/producto\/mesa-long-way-elevable\/","name":"MESA LONG WAY ELEVABLE - Muebles de dise\u00f1o en Soluciones Contract","isPartOf":{"@id":"https:\/\/solucionescontract.com\/#website"},"primaryImageOfPage":{"@id":"https:\/\/solucionescontract.com\/producto\/mesa-long-way-elevable\/#primaryimage"},"image":{"@id":"https:\/\/solucionescontract.com\/producto\/mesa-long-way-elevable\/#primaryimage"},"thumbnailUrl":"https:\/\/solucionescontract.com\/wp-content\/uploads\/2022\/02\/Sin-titulo-1-1.jpg","datePublished":"2022-02-18T11:47:05+00:00","dateModified":"2025-09-29T15:55:17+00:00","description":"Compra MESA LONG WAY ELEVABLE online en nuestra tienda de muebles Contract. Encuentra el mejor MOBILIARIO DE DISE\u00d1O para Hotel, Hogar y uso comercial. Descubre las mejores marcas en nuestro cat\u00e1logo.","breadcrumb":{"@id":"https:\/\/solucionescontract.com\/producto\/mesa-long-way-elevable\/#breadcrumb"},"inLanguage":"en-US","potentialAction":[{"@type":"ReadAction","target":["https:\/\/solucionescontract.com\/producto\/mesa-long-way-elevable\/"]}]},{"@type":"ImageObject","inLanguage":"en-US","@id":"https:\/\/solucionescontract.com\/producto\/mesa-long-way-elevable\/#primaryimage","url":"https:\/\/solucionescontract.com\/wp-content\/uploads\/2022\/02\/Sin-titulo-1-1.jpg","contentUrl":"https:\/\/solucionescontract.com\/wp-content\/uploads\/2022\/02\/Sin-titulo-1-1.jpg","width":686,"height":686},{"@type":"BreadcrumbList","@id":"https:\/\/solucionescontract.com\/producto\/mesa-long-way-elevable\/#breadcrumb","itemListElement":[{"@type":"ListItem","position":1,"name":"Inicio","item":"https:\/\/solucionescontract.com\/"},{"@type":"ListItem","position":2,"name":"Tienda mobiliario contract","item":"https:\/\/solucionescontract.com\/tienda-mobiliario-contract\/"},{"@type":"ListItem","position":3,"name":"Mesas de dise\u00f1o","item":"https:\/\/solucionescontract.com\/categoria-producto\/mesas-de-diseno\/"},{"@type":"ListItem","position":4,"name":"MESA LONG WAY ELEVABLE"}]},{"@type":"WebSite","@id":"https:\/\/solucionescontract.com\/#website","url":"https:\/\/solucionescontract.com\/","name":"Soluciones Contract","description":"Venta Mobiliario contract de dise\u00f1o","publisher":{"@id":"https:\/\/solucionescontract.com\/#organization"},"potentialAction":[{"@type":"SearchAction","target":{"@type":"EntryPoint","urlTemplate":"https:\/\/solucionescontract.com\/?s={search_term_string}"},"query-input":{"@type":"PropertyValueSpecification","valueRequired":true,"valueName":"search_term_string"}}],"inLanguage":"en-US"},{"@type":"Organization","@id":"https:\/\/solucionescontract.com\/#organization","name":"Soluciones Contract","url":"https:\/\/solucionescontract.com\/","logo":{"@type":"ImageObject","inLanguage":"en-US","@id":"https:\/\/solucionescontract.com\/#\/schema\/logo\/image\/","url":"https:\/\/solucionescontract.com\/wp-content\/uploads\/2020\/02\/logoSC.jpg","contentUrl":"https:\/\/solucionescontract.com\/wp-content\/uploads\/2020\/02\/logoSC.jpg","width":300,"height":125,"caption":"Soluciones Contract"},"image":{"@id":"https:\/\/solucionescontract.com\/#\/schema\/logo\/image\/"},"sameAs":["https:\/\/www.facebook.com\/solucionescontract\/"]}]}},"_links":{"self":[{"href":"https:\/\/solucionescontract.com\/en\/wp-json\/wp\/v2\/product\/25564","targetHints":{"allow":["GET"]}}],"collection":[{"href":"https:\/\/solucionescontract.com\/en\/wp-json\/wp\/v2\/product"}],"about":[{"href":"https:\/\/solucionescontract.com\/en\/wp-json\/wp\/v2\/types\/product"}],"replies":[{"embeddable":true,"href":"https:\/\/solucionescontract.com\/en\/wp-json\/wp\/v2\/comments?post=25564"}],"wp:featuredmedia":[{"embeddable":true,"href":"https:\/\/solucionescontract.com\/en\/wp-json\/wp\/v2\/media\/25831"}],"wp:attachment":[{"href":"https:\/\/solucionescontract.com\/en\/wp-json\/wp\/v2\/media?parent=25564"}],"wp:term":[{"taxonomy":"product_brand","embeddable":true,"href":"https:\/\/solucionescontract.com\/en\/wp-json\/wp\/v2\/product_brand?post=25564"},{"taxonomy":"product_cat","embeddable":true,"href":"https:\/\/solucionescontract.com\/en\/wp-json\/wp\/v2\/product_cat?post=25564"},{"taxonomy":"product_tag","embeddable":true,"href":"https:\/\/solucionescontract.com\/en\/wp-json\/wp\/v2\/product_tag?post=25564"}],"curies":[{"name":"wp","href":"https:\/\/api.w.org\/{rel}","templated":true}]}}