{"id":25079,"date":"2019-01-01T09:17:29","date_gmt":"2019-01-01T08:17:29","guid":{"rendered":"https:\/\/www.solucionescontract.com\/?post_type=product&#038;p=25079"},"modified":"2023-11-21T12:37:07","modified_gmt":"2023-11-21T11:37:07","slug":"composicion-dormitorio-due-24","status":"publish","type":"product","link":"https:\/\/solucionescontract.com\/en\/producto\/composicion-dormitorio-due-24\/","title":{"rendered":"Composici\u00f3n dormitorio due 24"},"content":{"rendered":"<p><strong><em>La composici\u00f3n de dormitorio Due 24<\/em><\/strong>, es una magn\u00edfica elecci\u00f3n si se est\u00e1 pensando amueblar cualquier habitaci\u00f3n contract o del hogar con un moderno dise\u00f1o y excelente calidad.<\/p>\n<p>Est\u00e1 compuesta por: <em><strong>Cabecero,\u00a0 2 mesillas , aro de cama y comoda.<\/strong><\/em><\/p>\n<p>Presenta un cabecero 150x190cm, para cama de colch\u00f3n tapizado con tablero melam\u00ednico de 19mm, ,combinando acabado Oslo- vis\u00f3n ,otros acabados<a href=\"https:\/\/solucionescontract.com\/producto\/acabados-textil\/\"><strong> consultar<\/strong> .<\/a><\/p>\n<p>Este cabecero presenta un tapizado en\u00a0 tejido con tratamiento antimanchas, acabado West10. Otros tapizados <a href=\"https:\/\/solucionescontract.com\/producto\/acabados-textil-salcedo\/\"><strong>consultar.<\/strong><\/a><\/p>\n<p>El aro de cama para colch\u00f3n de 150*190 cm, em tablero melaminico de 19mm, con patas de 12 cm de altura<\/p>\n<p>Las mesillas destacan por sus puertas contenedor y sus 4 patas combinando el acabado Oslo y vis\u00f3n.<\/p>\n<p>La C\u00f3moda presenta 3 cajones y dos puertas contenedor,y con 4 patas\u00a0 continuando con\u00a0 el mismo juego de acabados que los dem\u00e1s elementos de esta composici\u00f3n.<\/p>\n<p>Tiradores met\u00e1licos en aluminio pulido<\/p>\n<p><strong>Medidas;<\/strong><br \/>\nCabezal 163 x 130 cms de alto<br \/>\nMesita 62,3 x42x 33 cms de alto + 12 cms de las patas<br \/>\nAro cama para colch\u00f3n de 150x190cm\u00a0 medida exterior 158x197cm<br \/>\nC\u00f3moda 102,3 x45x 105cms. de alto + 12 cms de las\u00a0 patas<\/p>\n<p><a href=\"https:\/\/solucionescontract.com\/wp-content\/uploads\/2021\/05\/cabecero-24-medidas.jpg\"><img decoding=\"async\" class=\" wd-lazy-fade alignnone wp-image-25100 \" src=\"https:\/\/solucionescontract.com\/wp-content\/themes\/woodmart\/images\/lazy.svg\" data-src=\"https:\/\/solucionescontract.com\/wp-content\/uploads\/2021\/05\/cabecero-24-medidas-300x233.jpg\" alt=\"\" width=\"254\" height=\"197\" srcset=\"\" data-srcset=\"https:\/\/solucionescontract.com\/wp-content\/uploads\/2021\/05\/cabecero-24-medidas-300x233.jpg 300w, https:\/\/solucionescontract.com\/wp-content\/uploads\/2021\/05\/cabecero-24-medidas-150x117.jpg 150w, https:\/\/solucionescontract.com\/wp-content\/uploads\/2021\/05\/cabecero-24-medidas-26x20.jpg 26w, https:\/\/solucionescontract.com\/wp-content\/uploads\/2021\/05\/cabecero-24-medidas.jpg 553w\" sizes=\"(max-width: 254px) 100vw, 254px\" \/><\/a><a href=\"https:\/\/solucionescontract.com\/wp-content\/uploads\/2021\/05\/medidas-cajonera-24.jpg\"><img decoding=\"async\" class=\" wd-lazy-fade alignnone wp-image-25103 \" src=\"https:\/\/solucionescontract.com\/wp-content\/themes\/woodmart\/images\/lazy.svg\" data-src=\"https:\/\/solucionescontract.com\/wp-content\/uploads\/2021\/05\/medidas-cajonera-24-276x300.jpg\" alt=\"\" width=\"222\" height=\"241\" srcset=\"\" data-srcset=\"https:\/\/solucionescontract.com\/wp-content\/uploads\/2021\/05\/medidas-cajonera-24-276x300.jpg 276w, https:\/\/solucionescontract.com\/wp-content\/uploads\/2021\/05\/medidas-cajonera-24-150x163.jpg 150w, https:\/\/solucionescontract.com\/wp-content\/uploads\/2021\/05\/medidas-cajonera-24-18x20.jpg 18w, https:\/\/solucionescontract.com\/wp-content\/uploads\/2021\/05\/medidas-cajonera-24.jpg 466w\" sizes=\"(max-width: 222px) 100vw, 222px\" \/><\/a><a href=\"https:\/\/solucionescontract.com\/wp-content\/uploads\/2021\/05\/mesilla-medidas24.jpg\"><img decoding=\"async\" class=\" wd-lazy-fade alignnone wp-image-25106 \" src=\"https:\/\/solucionescontract.com\/wp-content\/themes\/woodmart\/images\/lazy.svg\" data-src=\"https:\/\/solucionescontract.com\/wp-content\/uploads\/2021\/05\/mesilla-medidas24-300x282.jpg\" alt=\"\" width=\"231\" height=\"217\" srcset=\"\" data-srcset=\"https:\/\/solucionescontract.com\/wp-content\/uploads\/2021\/05\/mesilla-medidas24-300x282.jpg 300w, https:\/\/solucionescontract.com\/wp-content\/uploads\/2021\/05\/mesilla-medidas24-150x141.jpg 150w, https:\/\/solucionescontract.com\/wp-content\/uploads\/2021\/05\/mesilla-medidas24-21x20.jpg 21w, https:\/\/solucionescontract.com\/wp-content\/uploads\/2021\/05\/mesilla-medidas24.jpg 488w\" sizes=\"(max-width: 231px) 100vw, 231px\" \/><\/a><\/p>\n<p>Todo ello con tableros melam\u00ednicos de primera calidad resistentes a rayaduras, agrietamientos, y manchas.<br \/>\nTableros de grosores 19, 30 y 35 mm. 19 mm. para armazones de cuerpos, armarios, frentes de caj\u00f3n, puertas y cabeceros y 30 mm. para estantes de armario, costados mesitas, bases y estantes de pared<br \/>\nCon canteado en ABS<br \/>\nBisagras y bases met\u00e1licas con retenci\u00f3n, autocierre, regulaci\u00f3n tridimensional y montaje tipo click<\/p>\n","protected":false},"excerpt":{"rendered":"<ul>\n<li>La composici\u00f3n de dormitorio Due 24 est\u00e1 compuesta por: Cabecero,\u00a0 2 mesillas , aro de cama y c\u00f3moda.<\/li>\n<li>Con tablero melam\u00ednico de 19 y 30 mm de gran calidad. Canteado en abs.<\/li>\n<li>Destaca por el empleo de diferentes acabados en la madera, combinando el Oslo y el vis\u00f3n.\u00a0 Otras combinaciones <a href=\"https:\/\/solucionescontract.com\/producto\/acabados-textil\/\">consultar.<\/a><\/li>\n<li>Cabecero tapizado en tejido antimanchas .<\/li>\n<li>Tiradores met\u00e1lico en aluminio pulido.<\/li>\n<li>Fabricaci\u00f3n espa\u00f1ola.<\/li>\n<\/ul>\n","protected":false},"featured_media":25118,"comment_status":"open","ping_status":"closed","template":"","meta":[],"product_brand":[],"product_cat":[1108],"product_tag":[1075],"class_list":{"0":"post-25079","1":"product","2":"type-product","3":"status-publish","4":"has-post-thumbnail","6":"product_cat-camas-y-cabeceros","7":"product_tag-dormitorios","8":"product_shipping_class-envio-gratuito","9":"yith_product_brand-salcedo","11":"first","12":"instock","13":"taxable","14":"shipping-taxable","15":"purchasable","16":"product-type-variable"},"yoast_head":"<!-- This site is optimized with the Yoast SEO plugin v27.3 - https:\/\/yoast.com\/product\/yoast-seo-wordpress\/ -->\n<title>Composici\u00f3n dormitorio due 24 - Muebles de dise\u00f1o en Soluciones Contract<\/title>\n<meta name=\"description\" content=\"Compra Composici\u00f3n dormitorio due 24 online en nuestra tienda de muebles Contract. Encuentra el mejor MOBILIARIO DE DISE\u00d1O para Hotel, Hogar y uso comercial. Descubre las mejores marcas en nuestro cat\u00e1logo.\" \/>\n<meta name=\"robots\" content=\"index, follow, max-snippet:-1, max-image-preview:large, max-video-preview:-1\" \/>\n<link rel=\"canonical\" href=\"https:\/\/solucionescontract.com\/producto\/composicion-dormitorio-due-24\/\" \/>\n<meta property=\"og:locale\" content=\"en_US\" \/>\n<meta property=\"og:type\" content=\"article\" \/>\n<meta property=\"og:title\" content=\"Composici\u00f3n dormitorio due 24 - Muebles de dise\u00f1o en Soluciones Contract\" \/>\n<meta property=\"og:description\" content=\"Compra Composici\u00f3n dormitorio due 24 online en nuestra tienda de muebles Contract. Encuentra el mejor MOBILIARIO DE DISE\u00d1O para Hotel, Hogar y uso comercial. Descubre las mejores marcas en nuestro cat\u00e1logo.\" \/>\n<meta property=\"og:url\" content=\"https:\/\/solucionescontract.com\/producto\/composicion-dormitorio-due-24\/\" \/>\n<meta property=\"og:site_name\" content=\"Soluciones Contract\" \/>\n<meta property=\"article:publisher\" content=\"https:\/\/www.facebook.com\/solucionescontract\/\" \/>\n<meta property=\"article:modified_time\" content=\"2023-11-21T11:37:07+00:00\" \/>\n<meta property=\"og:image\" content=\"https:\/\/solucionescontract.com\/wp-content\/uploads\/2021\/05\/habitacion-dormitorio.jpg\" \/>\n\t<meta property=\"og:image:width\" content=\"1713\" \/>\n\t<meta property=\"og:image:height\" content=\"1714\" \/>\n\t<meta property=\"og:image:type\" content=\"image\/jpeg\" \/>\n<meta name=\"twitter:card\" content=\"summary_large_image\" \/>\n<meta name=\"twitter:label1\" content=\"Est. reading time\" \/>\n\t<meta name=\"twitter:data1\" content=\"2 minutes\" \/>\n<script type=\"application\/ld+json\" class=\"yoast-schema-graph\">{\"@context\":\"https:\\\/\\\/schema.org\",\"@graph\":[{\"@type\":\"WebPage\",\"@id\":\"https:\\\/\\\/solucionescontract.com\\\/producto\\\/composicion-dormitorio-due-24\\\/\",\"url\":\"https:\\\/\\\/solucionescontract.com\\\/producto\\\/composicion-dormitorio-due-24\\\/\",\"name\":\"Composici\u00f3n dormitorio due 24 - Muebles de dise\u00f1o en Soluciones Contract\",\"isPartOf\":{\"@id\":\"https:\\\/\\\/solucionescontract.com\\\/#website\"},\"primaryImageOfPage\":{\"@id\":\"https:\\\/\\\/solucionescontract.com\\\/producto\\\/composicion-dormitorio-due-24\\\/#primaryimage\"},\"image\":{\"@id\":\"https:\\\/\\\/solucionescontract.com\\\/producto\\\/composicion-dormitorio-due-24\\\/#primaryimage\"},\"thumbnailUrl\":\"https:\\\/\\\/solucionescontract.com\\\/wp-content\\\/uploads\\\/2021\\\/05\\\/habitacion-dormitorio.jpg\",\"datePublished\":\"2019-01-01T08:17:29+00:00\",\"dateModified\":\"2023-11-21T11:37:07+00:00\",\"description\":\"Compra Composici\u00f3n dormitorio due 24 online en nuestra tienda de muebles Contract. Encuentra el mejor MOBILIARIO DE DISE\u00d1O para Hotel, Hogar y uso comercial. Descubre las mejores marcas en nuestro cat\u00e1logo.\",\"breadcrumb\":{\"@id\":\"https:\\\/\\\/solucionescontract.com\\\/producto\\\/composicion-dormitorio-due-24\\\/#breadcrumb\"},\"inLanguage\":\"en-US\",\"potentialAction\":[{\"@type\":\"ReadAction\",\"target\":[\"https:\\\/\\\/solucionescontract.com\\\/producto\\\/composicion-dormitorio-due-24\\\/\"]}]},{\"@type\":\"ImageObject\",\"inLanguage\":\"en-US\",\"@id\":\"https:\\\/\\\/solucionescontract.com\\\/producto\\\/composicion-dormitorio-due-24\\\/#primaryimage\",\"url\":\"https:\\\/\\\/solucionescontract.com\\\/wp-content\\\/uploads\\\/2021\\\/05\\\/habitacion-dormitorio.jpg\",\"contentUrl\":\"https:\\\/\\\/solucionescontract.com\\\/wp-content\\\/uploads\\\/2021\\\/05\\\/habitacion-dormitorio.jpg\",\"width\":1713,\"height\":1714},{\"@type\":\"BreadcrumbList\",\"@id\":\"https:\\\/\\\/solucionescontract.com\\\/producto\\\/composicion-dormitorio-due-24\\\/#breadcrumb\",\"itemListElement\":[{\"@type\":\"ListItem\",\"position\":1,\"name\":\"Inicio\",\"item\":\"https:\\\/\\\/solucionescontract.com\\\/\"},{\"@type\":\"ListItem\",\"position\":2,\"name\":\"Tienda mobiliario contract\",\"item\":\"https:\\\/\\\/solucionescontract.com\\\/tienda-mobiliario-contract\\\/\"},{\"@type\":\"ListItem\",\"position\":3,\"name\":\"Mobiliario para Descanso\",\"item\":\"https:\\\/\\\/solucionescontract.com\\\/categoria-producto\\\/mobiliario-para-descanso\\\/\"},{\"@type\":\"ListItem\",\"position\":4,\"name\":\"Camas y cabeceros\",\"item\":\"https:\\\/\\\/solucionescontract.com\\\/categoria-producto\\\/mobiliario-para-descanso\\\/camas-y-cabeceros\\\/\"},{\"@type\":\"ListItem\",\"position\":5,\"name\":\"Composici\u00f3n dormitorio due 24\"}]},{\"@type\":\"WebSite\",\"@id\":\"https:\\\/\\\/solucionescontract.com\\\/#website\",\"url\":\"https:\\\/\\\/solucionescontract.com\\\/\",\"name\":\"Soluciones Contract\",\"description\":\"Venta Mobiliario contract de dise\u00f1o\",\"publisher\":{\"@id\":\"https:\\\/\\\/solucionescontract.com\\\/#organization\"},\"potentialAction\":[{\"@type\":\"SearchAction\",\"target\":{\"@type\":\"EntryPoint\",\"urlTemplate\":\"https:\\\/\\\/solucionescontract.com\\\/?s={search_term_string}\"},\"query-input\":{\"@type\":\"PropertyValueSpecification\",\"valueRequired\":true,\"valueName\":\"search_term_string\"}}],\"inLanguage\":\"en-US\"},{\"@type\":\"Organization\",\"@id\":\"https:\\\/\\\/solucionescontract.com\\\/#organization\",\"name\":\"Soluciones Contract\",\"url\":\"https:\\\/\\\/solucionescontract.com\\\/\",\"logo\":{\"@type\":\"ImageObject\",\"inLanguage\":\"en-US\",\"@id\":\"https:\\\/\\\/solucionescontract.com\\\/#\\\/schema\\\/logo\\\/image\\\/\",\"url\":\"https:\\\/\\\/solucionescontract.com\\\/wp-content\\\/uploads\\\/2020\\\/02\\\/logoSC.jpg\",\"contentUrl\":\"https:\\\/\\\/solucionescontract.com\\\/wp-content\\\/uploads\\\/2020\\\/02\\\/logoSC.jpg\",\"width\":300,\"height\":125,\"caption\":\"Soluciones Contract\"},\"image\":{\"@id\":\"https:\\\/\\\/solucionescontract.com\\\/#\\\/schema\\\/logo\\\/image\\\/\"},\"sameAs\":[\"https:\\\/\\\/www.facebook.com\\\/solucionescontract\\\/\"]}]}<\/script>\n<!-- \/ Yoast SEO plugin. -->","yoast_head_json":{"title":"Composici\u00f3n dormitorio due 24 - Muebles de dise\u00f1o en Soluciones Contract","description":"Compra Composici\u00f3n dormitorio due 24 online en nuestra tienda de muebles Contract. Encuentra el mejor MOBILIARIO DE DISE\u00d1O para Hotel, Hogar y uso comercial. Descubre las mejores marcas en nuestro cat\u00e1logo.","robots":{"index":"index","follow":"follow","max-snippet":"max-snippet:-1","max-image-preview":"max-image-preview:large","max-video-preview":"max-video-preview:-1"},"canonical":"https:\/\/solucionescontract.com\/producto\/composicion-dormitorio-due-24\/","og_locale":"en_US","og_type":"article","og_title":"Composici\u00f3n dormitorio due 24 - Muebles de dise\u00f1o en Soluciones Contract","og_description":"Compra Composici\u00f3n dormitorio due 24 online en nuestra tienda de muebles Contract. Encuentra el mejor MOBILIARIO DE DISE\u00d1O para Hotel, Hogar y uso comercial. Descubre las mejores marcas en nuestro cat\u00e1logo.","og_url":"https:\/\/solucionescontract.com\/producto\/composicion-dormitorio-due-24\/","og_site_name":"Soluciones Contract","article_publisher":"https:\/\/www.facebook.com\/solucionescontract\/","article_modified_time":"2023-11-21T11:37:07+00:00","og_image":[{"width":1713,"height":1714,"url":"https:\/\/solucionescontract.com\/wp-content\/uploads\/2021\/05\/habitacion-dormitorio.jpg","type":"image\/jpeg"}],"twitter_card":"summary_large_image","twitter_misc":{"Est. reading time":"2 minutes"},"schema":{"@context":"https:\/\/schema.org","@graph":[{"@type":"WebPage","@id":"https:\/\/solucionescontract.com\/producto\/composicion-dormitorio-due-24\/","url":"https:\/\/solucionescontract.com\/producto\/composicion-dormitorio-due-24\/","name":"Composici\u00f3n dormitorio due 24 - Muebles de dise\u00f1o en Soluciones Contract","isPartOf":{"@id":"https:\/\/solucionescontract.com\/#website"},"primaryImageOfPage":{"@id":"https:\/\/solucionescontract.com\/producto\/composicion-dormitorio-due-24\/#primaryimage"},"image":{"@id":"https:\/\/solucionescontract.com\/producto\/composicion-dormitorio-due-24\/#primaryimage"},"thumbnailUrl":"https:\/\/solucionescontract.com\/wp-content\/uploads\/2021\/05\/habitacion-dormitorio.jpg","datePublished":"2019-01-01T08:17:29+00:00","dateModified":"2023-11-21T11:37:07+00:00","description":"Compra Composici\u00f3n dormitorio due 24 online en nuestra tienda de muebles Contract. Encuentra el mejor MOBILIARIO DE DISE\u00d1O para Hotel, Hogar y uso comercial. Descubre las mejores marcas en nuestro cat\u00e1logo.","breadcrumb":{"@id":"https:\/\/solucionescontract.com\/producto\/composicion-dormitorio-due-24\/#breadcrumb"},"inLanguage":"en-US","potentialAction":[{"@type":"ReadAction","target":["https:\/\/solucionescontract.com\/producto\/composicion-dormitorio-due-24\/"]}]},{"@type":"ImageObject","inLanguage":"en-US","@id":"https:\/\/solucionescontract.com\/producto\/composicion-dormitorio-due-24\/#primaryimage","url":"https:\/\/solucionescontract.com\/wp-content\/uploads\/2021\/05\/habitacion-dormitorio.jpg","contentUrl":"https:\/\/solucionescontract.com\/wp-content\/uploads\/2021\/05\/habitacion-dormitorio.jpg","width":1713,"height":1714},{"@type":"BreadcrumbList","@id":"https:\/\/solucionescontract.com\/producto\/composicion-dormitorio-due-24\/#breadcrumb","itemListElement":[{"@type":"ListItem","position":1,"name":"Inicio","item":"https:\/\/solucionescontract.com\/"},{"@type":"ListItem","position":2,"name":"Tienda mobiliario contract","item":"https:\/\/solucionescontract.com\/tienda-mobiliario-contract\/"},{"@type":"ListItem","position":3,"name":"Mobiliario para Descanso","item":"https:\/\/solucionescontract.com\/categoria-producto\/mobiliario-para-descanso\/"},{"@type":"ListItem","position":4,"name":"Camas y cabeceros","item":"https:\/\/solucionescontract.com\/categoria-producto\/mobiliario-para-descanso\/camas-y-cabeceros\/"},{"@type":"ListItem","position":5,"name":"Composici\u00f3n dormitorio due 24"}]},{"@type":"WebSite","@id":"https:\/\/solucionescontract.com\/#website","url":"https:\/\/solucionescontract.com\/","name":"Soluciones Contract","description":"Venta Mobiliario contract de dise\u00f1o","publisher":{"@id":"https:\/\/solucionescontract.com\/#organization"},"potentialAction":[{"@type":"SearchAction","target":{"@type":"EntryPoint","urlTemplate":"https:\/\/solucionescontract.com\/?s={search_term_string}"},"query-input":{"@type":"PropertyValueSpecification","valueRequired":true,"valueName":"search_term_string"}}],"inLanguage":"en-US"},{"@type":"Organization","@id":"https:\/\/solucionescontract.com\/#organization","name":"Soluciones Contract","url":"https:\/\/solucionescontract.com\/","logo":{"@type":"ImageObject","inLanguage":"en-US","@id":"https:\/\/solucionescontract.com\/#\/schema\/logo\/image\/","url":"https:\/\/solucionescontract.com\/wp-content\/uploads\/2020\/02\/logoSC.jpg","contentUrl":"https:\/\/solucionescontract.com\/wp-content\/uploads\/2020\/02\/logoSC.jpg","width":300,"height":125,"caption":"Soluciones Contract"},"image":{"@id":"https:\/\/solucionescontract.com\/#\/schema\/logo\/image\/"},"sameAs":["https:\/\/www.facebook.com\/solucionescontract\/"]}]}},"_links":{"self":[{"href":"https:\/\/solucionescontract.com\/en\/wp-json\/wp\/v2\/product\/25079","targetHints":{"allow":["GET"]}}],"collection":[{"href":"https:\/\/solucionescontract.com\/en\/wp-json\/wp\/v2\/product"}],"about":[{"href":"https:\/\/solucionescontract.com\/en\/wp-json\/wp\/v2\/types\/product"}],"replies":[{"embeddable":true,"href":"https:\/\/solucionescontract.com\/en\/wp-json\/wp\/v2\/comments?post=25079"}],"wp:featuredmedia":[{"embeddable":true,"href":"https:\/\/solucionescontract.com\/en\/wp-json\/wp\/v2\/media\/25118"}],"wp:attachment":[{"href":"https:\/\/solucionescontract.com\/en\/wp-json\/wp\/v2\/media?parent=25079"}],"wp:term":[{"taxonomy":"product_brand","embeddable":true,"href":"https:\/\/solucionescontract.com\/en\/wp-json\/wp\/v2\/product_brand?post=25079"},{"taxonomy":"product_cat","embeddable":true,"href":"https:\/\/solucionescontract.com\/en\/wp-json\/wp\/v2\/product_cat?post=25079"},{"taxonomy":"product_tag","embeddable":true,"href":"https:\/\/solucionescontract.com\/en\/wp-json\/wp\/v2\/product_tag?post=25079"}],"curies":[{"name":"wp","href":"https:\/\/api.w.org\/{rel}","templated":true}]}}