{"id":24828,"date":"2021-05-04T09:05:23","date_gmt":"2021-05-04T09:05:23","guid":{"rendered":"https:\/\/www.solucionescontract.com\/?post_type=product&#038;p=24828"},"modified":"2022-09-07T16:00:59","modified_gmt":"2022-09-07T15:00:59","slug":"conjunto_jardin_claudia","status":"publish","type":"product","link":"https:\/\/solucionescontract.com\/en\/producto\/conjunto_jardin_claudia\/","title":{"rendered":"Conjunto jard\u00edn Claudia"},"content":{"rendered":"<p>El <strong><em>conjunto de jard\u00edn Claudia<\/em> <\/strong>es un complemento perfecto para jardines y terrazas donde lo que se busca es disfrutar de momentos al aire libre cuando el buen tiempo nos lo permite<\/p>\n<p>Magnifico conjunto ya sea para uso contract o para el hogar fabricado con materiales de gran calidad. Uso de <em><strong>aluminio<\/strong><\/em>\u00a0 para la estructura<strong><em> y rat\u00e1n sint\u00e9tico<\/em><\/strong> en color claro.<\/p>\n<p>Destaca en su dise\u00f1o las patas en madera de teka.<\/p>\n<p>Incluye los cojines en color antracita.<\/p>\n<p>Medidas:<\/p>\n<p>Sill\u00f3n: 80x75x74 cm<\/p>\n<p>Sof\u00e1: 165x70x74 cm<\/p>\n<p>Mesita auxiliar: 90x60x42cm<\/script><\/p>\n","protected":false},"excerpt":{"rendered":"<ul>\n<li>Est\u00e9 conjunto para exterior es un conjunto con un elegante dise\u00f1o que mezcla con gust\u00f3 el rat\u00e1n sint\u00e9tico con la madera.<\/li>\n<li>Se trata de un conjunto formado por 2 sillones individuales , un sof\u00e1 y mesa auxiliar.<\/li>\n<li>Fabricado en aluminio y rat\u00e1n sint\u00e9tico en tono claro.<\/li>\n<li>Destaca en su dise\u00f1o la realizaci\u00f3n de las\u00a0 patas en madera de teka.<\/li>\n<li>Cojiner\u00eda incluida.<\/li>\n<li>Uso exterior.<\/li>\n<\/ul>\n<p>&nbsp;<\/p>\n<p>&nbsp;<\/p>\n<p>&nbsp;<\/p>\n<p>&nbsp;<\/p>\n","protected":false},"featured_media":24829,"comment_status":"open","ping_status":"closed","template":"","meta":[],"product_brand":[],"product_cat":[580,590],"product_tag":[700,1072],"class_list":{"0":"post-24828","1":"product","2":"type-product","3":"status-publish","4":"has-post-thumbnail","6":"product_cat-terrace-and-garden-furniture","7":"product_cat-outdoor-sofa","8":"product_tag-exterior-en","9":"product_tag-ratan-sintetico","10":"product_shipping_class-free","11":"yith_product_brand-almar","13":"first","14":"instock","15":"sale","16":"taxable","17":"shipping-taxable","18":"purchasable","19":"product-type-simple"},"yoast_head":"<!-- This site is optimized with the Yoast SEO plugin v27.3 - https:\/\/yoast.com\/product\/yoast-seo-wordpress\/ -->\n<title>Conjunto Jard\u00edn Claudia | Soluciones Contract<\/title>\n<meta name=\"description\" content=\"El conjunto de jard\u00edn Claudia tiene un dise\u00f1o elegante y est\u00e1 fabricado en aluminio y rat\u00e1n para una experiencia de confort total. \u00a1Descubre nuestros descuentos!\" \/>\n<meta name=\"robots\" content=\"index, follow, max-snippet:-1, max-image-preview:large, max-video-preview:-1\" \/>\n<link rel=\"canonical\" href=\"https:\/\/solucionescontract.com\/producto\/conjunto_jardin_claudia\/\" \/>\n<meta property=\"og:locale\" content=\"en_US\" \/>\n<meta property=\"og:type\" content=\"article\" \/>\n<meta property=\"og:title\" content=\"Conjunto Jard\u00edn Claudia | Soluciones Contract\" \/>\n<meta property=\"og:description\" content=\"El conjunto de jard\u00edn Claudia tiene un dise\u00f1o elegante y est\u00e1 fabricado en aluminio y rat\u00e1n para una experiencia de confort total. \u00a1Descubre nuestros descuentos!\" \/>\n<meta property=\"og:url\" content=\"https:\/\/solucionescontract.com\/producto\/conjunto_jardin_claudia\/\" \/>\n<meta property=\"og:site_name\" content=\"Soluciones Contract\" \/>\n<meta property=\"article:publisher\" content=\"https:\/\/www.facebook.com\/solucionescontract\/\" \/>\n<meta property=\"article:modified_time\" content=\"2022-09-07T15:00:59+00:00\" \/>\n<meta property=\"og:image\" content=\"https:\/\/solucionescontract.com\/wp-content\/uploads\/2021\/05\/BARBADOS.jpg\" \/>\n\t<meta property=\"og:image:width\" content=\"2000\" \/>\n\t<meta property=\"og:image:height\" content=\"2000\" \/>\n\t<meta property=\"og:image:type\" content=\"image\/jpeg\" \/>\n<meta name=\"twitter:card\" content=\"summary_large_image\" \/>\n<meta name=\"twitter:label1\" content=\"Est. reading time\" \/>\n\t<meta name=\"twitter:data1\" content=\"1 minute\" \/>\n<script type=\"application\/ld+json\" class=\"yoast-schema-graph\">{\"@context\":\"https:\\\/\\\/schema.org\",\"@graph\":[{\"@type\":\"WebPage\",\"@id\":\"https:\\\/\\\/solucionescontract.com\\\/producto\\\/conjunto_jardin_claudia\\\/\",\"url\":\"https:\\\/\\\/solucionescontract.com\\\/producto\\\/conjunto_jardin_claudia\\\/\",\"name\":\"Conjunto Jard\u00edn Claudia | Soluciones Contract\",\"isPartOf\":{\"@id\":\"https:\\\/\\\/solucionescontract.com\\\/#website\"},\"primaryImageOfPage\":{\"@id\":\"https:\\\/\\\/solucionescontract.com\\\/producto\\\/conjunto_jardin_claudia\\\/#primaryimage\"},\"image\":{\"@id\":\"https:\\\/\\\/solucionescontract.com\\\/producto\\\/conjunto_jardin_claudia\\\/#primaryimage\"},\"thumbnailUrl\":\"https:\\\/\\\/solucionescontract.com\\\/wp-content\\\/uploads\\\/2021\\\/05\\\/BARBADOS.jpg\",\"datePublished\":\"2021-05-04T09:05:23+00:00\",\"dateModified\":\"2022-09-07T15:00:59+00:00\",\"description\":\"El conjunto de jard\u00edn Claudia tiene un dise\u00f1o elegante y est\u00e1 fabricado en aluminio y rat\u00e1n para una experiencia de confort total. \u00a1Descubre nuestros descuentos!\",\"breadcrumb\":{\"@id\":\"https:\\\/\\\/solucionescontract.com\\\/producto\\\/conjunto_jardin_claudia\\\/#breadcrumb\"},\"inLanguage\":\"en-US\",\"potentialAction\":[{\"@type\":\"ReadAction\",\"target\":[\"https:\\\/\\\/solucionescontract.com\\\/producto\\\/conjunto_jardin_claudia\\\/\"]}]},{\"@type\":\"ImageObject\",\"inLanguage\":\"en-US\",\"@id\":\"https:\\\/\\\/solucionescontract.com\\\/producto\\\/conjunto_jardin_claudia\\\/#primaryimage\",\"url\":\"https:\\\/\\\/solucionescontract.com\\\/wp-content\\\/uploads\\\/2021\\\/05\\\/BARBADOS.jpg\",\"contentUrl\":\"https:\\\/\\\/solucionescontract.com\\\/wp-content\\\/uploads\\\/2021\\\/05\\\/BARBADOS.jpg\",\"width\":2000,\"height\":2000},{\"@type\":\"BreadcrumbList\",\"@id\":\"https:\\\/\\\/solucionescontract.com\\\/producto\\\/conjunto_jardin_claudia\\\/#breadcrumb\",\"itemListElement\":[{\"@type\":\"ListItem\",\"position\":1,\"name\":\"Inicio\",\"item\":\"https:\\\/\\\/solucionescontract.com\\\/\"},{\"@type\":\"ListItem\",\"position\":2,\"name\":\"Tienda mobiliario contract\",\"item\":\"https:\\\/\\\/solucionescontract.com\\\/tienda-mobiliario-contract\\\/\"},{\"@type\":\"ListItem\",\"position\":3,\"name\":\"Mobiliario de Terraza y Jard\u00edn\",\"item\":\"https:\\\/\\\/solucionescontract.com\\\/categoria-producto\\\/mobiliario-de-terraza-y-jardin\\\/\"},{\"@type\":\"ListItem\",\"position\":4,\"name\":\"Conjunto jard\u00edn Claudia\"}]},{\"@type\":\"WebSite\",\"@id\":\"https:\\\/\\\/solucionescontract.com\\\/#website\",\"url\":\"https:\\\/\\\/solucionescontract.com\\\/\",\"name\":\"Soluciones Contract\",\"description\":\"Venta Mobiliario contract de dise\u00f1o\",\"publisher\":{\"@id\":\"https:\\\/\\\/solucionescontract.com\\\/#organization\"},\"potentialAction\":[{\"@type\":\"SearchAction\",\"target\":{\"@type\":\"EntryPoint\",\"urlTemplate\":\"https:\\\/\\\/solucionescontract.com\\\/?s={search_term_string}\"},\"query-input\":{\"@type\":\"PropertyValueSpecification\",\"valueRequired\":true,\"valueName\":\"search_term_string\"}}],\"inLanguage\":\"en-US\"},{\"@type\":\"Organization\",\"@id\":\"https:\\\/\\\/solucionescontract.com\\\/#organization\",\"name\":\"Soluciones Contract\",\"url\":\"https:\\\/\\\/solucionescontract.com\\\/\",\"logo\":{\"@type\":\"ImageObject\",\"inLanguage\":\"en-US\",\"@id\":\"https:\\\/\\\/solucionescontract.com\\\/#\\\/schema\\\/logo\\\/image\\\/\",\"url\":\"https:\\\/\\\/solucionescontract.com\\\/wp-content\\\/uploads\\\/2020\\\/02\\\/logoSC.jpg\",\"contentUrl\":\"https:\\\/\\\/solucionescontract.com\\\/wp-content\\\/uploads\\\/2020\\\/02\\\/logoSC.jpg\",\"width\":300,\"height\":125,\"caption\":\"Soluciones Contract\"},\"image\":{\"@id\":\"https:\\\/\\\/solucionescontract.com\\\/#\\\/schema\\\/logo\\\/image\\\/\"},\"sameAs\":[\"https:\\\/\\\/www.facebook.com\\\/solucionescontract\\\/\"]}]}<\/script>\n<!-- \/ Yoast SEO plugin. -->","yoast_head_json":{"title":"Conjunto Jard\u00edn Claudia | Soluciones Contract","description":"El conjunto de jard\u00edn Claudia tiene un dise\u00f1o elegante y est\u00e1 fabricado en aluminio y rat\u00e1n para una experiencia de confort total. \u00a1Descubre nuestros descuentos!","robots":{"index":"index","follow":"follow","max-snippet":"max-snippet:-1","max-image-preview":"max-image-preview:large","max-video-preview":"max-video-preview:-1"},"canonical":"https:\/\/solucionescontract.com\/producto\/conjunto_jardin_claudia\/","og_locale":"en_US","og_type":"article","og_title":"Conjunto Jard\u00edn Claudia | Soluciones Contract","og_description":"El conjunto de jard\u00edn Claudia tiene un dise\u00f1o elegante y est\u00e1 fabricado en aluminio y rat\u00e1n para una experiencia de confort total. \u00a1Descubre nuestros descuentos!","og_url":"https:\/\/solucionescontract.com\/producto\/conjunto_jardin_claudia\/","og_site_name":"Soluciones Contract","article_publisher":"https:\/\/www.facebook.com\/solucionescontract\/","article_modified_time":"2022-09-07T15:00:59+00:00","og_image":[{"width":2000,"height":2000,"url":"https:\/\/solucionescontract.com\/wp-content\/uploads\/2021\/05\/BARBADOS.jpg","type":"image\/jpeg"}],"twitter_card":"summary_large_image","twitter_misc":{"Est. reading time":"1 minute"},"schema":{"@context":"https:\/\/schema.org","@graph":[{"@type":"WebPage","@id":"https:\/\/solucionescontract.com\/producto\/conjunto_jardin_claudia\/","url":"https:\/\/solucionescontract.com\/producto\/conjunto_jardin_claudia\/","name":"Conjunto Jard\u00edn Claudia | Soluciones Contract","isPartOf":{"@id":"https:\/\/solucionescontract.com\/#website"},"primaryImageOfPage":{"@id":"https:\/\/solucionescontract.com\/producto\/conjunto_jardin_claudia\/#primaryimage"},"image":{"@id":"https:\/\/solucionescontract.com\/producto\/conjunto_jardin_claudia\/#primaryimage"},"thumbnailUrl":"https:\/\/solucionescontract.com\/wp-content\/uploads\/2021\/05\/BARBADOS.jpg","datePublished":"2021-05-04T09:05:23+00:00","dateModified":"2022-09-07T15:00:59+00:00","description":"El conjunto de jard\u00edn Claudia tiene un dise\u00f1o elegante y est\u00e1 fabricado en aluminio y rat\u00e1n para una experiencia de confort total. \u00a1Descubre nuestros descuentos!","breadcrumb":{"@id":"https:\/\/solucionescontract.com\/producto\/conjunto_jardin_claudia\/#breadcrumb"},"inLanguage":"en-US","potentialAction":[{"@type":"ReadAction","target":["https:\/\/solucionescontract.com\/producto\/conjunto_jardin_claudia\/"]}]},{"@type":"ImageObject","inLanguage":"en-US","@id":"https:\/\/solucionescontract.com\/producto\/conjunto_jardin_claudia\/#primaryimage","url":"https:\/\/solucionescontract.com\/wp-content\/uploads\/2021\/05\/BARBADOS.jpg","contentUrl":"https:\/\/solucionescontract.com\/wp-content\/uploads\/2021\/05\/BARBADOS.jpg","width":2000,"height":2000},{"@type":"BreadcrumbList","@id":"https:\/\/solucionescontract.com\/producto\/conjunto_jardin_claudia\/#breadcrumb","itemListElement":[{"@type":"ListItem","position":1,"name":"Inicio","item":"https:\/\/solucionescontract.com\/"},{"@type":"ListItem","position":2,"name":"Tienda mobiliario contract","item":"https:\/\/solucionescontract.com\/tienda-mobiliario-contract\/"},{"@type":"ListItem","position":3,"name":"Mobiliario de Terraza y Jard\u00edn","item":"https:\/\/solucionescontract.com\/categoria-producto\/mobiliario-de-terraza-y-jardin\/"},{"@type":"ListItem","position":4,"name":"Conjunto jard\u00edn Claudia"}]},{"@type":"WebSite","@id":"https:\/\/solucionescontract.com\/#website","url":"https:\/\/solucionescontract.com\/","name":"Soluciones Contract","description":"Venta Mobiliario contract de dise\u00f1o","publisher":{"@id":"https:\/\/solucionescontract.com\/#organization"},"potentialAction":[{"@type":"SearchAction","target":{"@type":"EntryPoint","urlTemplate":"https:\/\/solucionescontract.com\/?s={search_term_string}"},"query-input":{"@type":"PropertyValueSpecification","valueRequired":true,"valueName":"search_term_string"}}],"inLanguage":"en-US"},{"@type":"Organization","@id":"https:\/\/solucionescontract.com\/#organization","name":"Soluciones Contract","url":"https:\/\/solucionescontract.com\/","logo":{"@type":"ImageObject","inLanguage":"en-US","@id":"https:\/\/solucionescontract.com\/#\/schema\/logo\/image\/","url":"https:\/\/solucionescontract.com\/wp-content\/uploads\/2020\/02\/logoSC.jpg","contentUrl":"https:\/\/solucionescontract.com\/wp-content\/uploads\/2020\/02\/logoSC.jpg","width":300,"height":125,"caption":"Soluciones Contract"},"image":{"@id":"https:\/\/solucionescontract.com\/#\/schema\/logo\/image\/"},"sameAs":["https:\/\/www.facebook.com\/solucionescontract\/"]}]}},"_links":{"self":[{"href":"https:\/\/solucionescontract.com\/en\/wp-json\/wp\/v2\/product\/24828","targetHints":{"allow":["GET"]}}],"collection":[{"href":"https:\/\/solucionescontract.com\/en\/wp-json\/wp\/v2\/product"}],"about":[{"href":"https:\/\/solucionescontract.com\/en\/wp-json\/wp\/v2\/types\/product"}],"replies":[{"embeddable":true,"href":"https:\/\/solucionescontract.com\/en\/wp-json\/wp\/v2\/comments?post=24828"}],"wp:featuredmedia":[{"embeddable":true,"href":"https:\/\/solucionescontract.com\/en\/wp-json\/wp\/v2\/media\/24829"}],"wp:attachment":[{"href":"https:\/\/solucionescontract.com\/en\/wp-json\/wp\/v2\/media?parent=24828"}],"wp:term":[{"taxonomy":"product_brand","embeddable":true,"href":"https:\/\/solucionescontract.com\/en\/wp-json\/wp\/v2\/product_brand?post=24828"},{"taxonomy":"product_cat","embeddable":true,"href":"https:\/\/solucionescontract.com\/en\/wp-json\/wp\/v2\/product_cat?post=24828"},{"taxonomy":"product_tag","embeddable":true,"href":"https:\/\/solucionescontract.com\/en\/wp-json\/wp\/v2\/product_tag?post=24828"}],"curies":[{"name":"wp","href":"https:\/\/api.w.org\/{rel}","templated":true}]}}