{"id":24708,"date":"2021-04-21T22:11:54","date_gmt":"2021-04-21T22:11:54","guid":{"rendered":"https:\/\/www.solucionescontract.com\/?post_type=product&#038;p=24708"},"modified":"2023-11-11T21:34:01","modified_gmt":"2023-11-11T20:34:01","slug":"conjunto-jardin-alba","status":"publish","type":"product","link":"https:\/\/solucionescontract.com\/en\/producto\/conjunto-jardin-alba\/","title":{"rendered":"Conjunto jard\u00edn Alba"},"content":{"rendered":"<p>El <em><strong>conjunto de jard\u00edn Alba<\/strong><\/em>, es un conjunto pensado para <em><strong>uso exterior\u00a0<\/strong><\/em> en jardines o terrazas de espacios contract como hoteles y casas rurales, y como no para disponer en cualquier rinc\u00f3n de tu hogar.<\/p>\n<p>Se trata de un conjunto fabricado en<em><strong> madera de acacia tratada<\/strong><\/em> en asientos y mesa auxiliar .<\/p>\n<p>Con <em><strong>trenzado de cuerda<\/strong><\/em> en color beige.<\/p>\n<p>Incluye cojiner\u00eda en color natural<\/p>\n<p>Mesa auxiliar incluida con medidas 120x70x39 cm<\/p>\n<p>Dos opciones disponibles: Conjunto de jard\u00edn con sof\u00e1 de 2 plazas o con sof\u00e1 de 3 plazas.<\/p>\n<p>Medidas:<\/p>\n<p>Sill\u00f3n: 92x86x67 cm<\/p>\n<p>Sof\u00e1 2 plazas: 142x86x67 cm<\/p>\n<p>Sof\u00e1 3 plazas: 182x86x67cm<\/p>\n<p>Mesa auxiliar: 120x70x39 cm<\/p>\n<p>&nbsp;<\/p>\n","protected":false},"excerpt":{"rendered":"<ul>\n<li>El conjunto de jard\u00edn Alba\u00a0es un conjunto pensado para jardines y terrazas ya sean en uso contract o dom\u00e9stico.<\/li>\n<li>Se trata de un conjunto formado por un sof\u00e1 , 2 sillones individuales y una mesita central<\/li>\n<li>Fabricado en madera de acacia tratada y trenzado de cuerda en color beige.<\/li>\n<li>Cojiner\u00eda incluida.<\/li>\n<li>Mesa de centro rectangular en madera de acacia tratada.<\/li>\n<li>Uso exterior.<\/li>\n<li>2 opciones disponibles:<\/li>\n<\/ul>\n<p>Conjunto de jard\u00edn formado por sof\u00e1 de 2 plazas , 2 sillones individuales y mesita central.<\/p>\n<p>Conjunto de jard\u00edn formado por\u00a0 sof\u00e1 de 3 plazas, 2 sillones individuales y mesita central.<\/p>\n","protected":false},"featured_media":24709,"comment_status":"open","ping_status":"closed","template":"","meta":[],"product_brand":[],"product_cat":[400,396,401],"product_tag":[44],"class_list":{"0":"post-24708","1":"product","2":"type-product","3":"status-publish","4":"has-post-thumbnail","6":"product_cat-butaca-jardin","7":"product_cat-mobiliario-de-terraza-y-jardin","8":"product_cat-sofa-para-exterior","9":"product_tag-exterior","10":"product_shipping_class-envio-gratuito","11":"yith_product_brand-almar","13":"first","14":"instock","15":"sale","16":"taxable","17":"shipping-taxable","18":"purchasable","19":"product-type-variable"},"yoast_head":"<!-- This site is optimized with the Yoast SEO plugin v27.3 - https:\/\/yoast.com\/product\/yoast-seo-wordpress\/ -->\n<title>Conjunto Jard\u00edn Alba | Conjunto Exterior Jard\u00edn | Soluciones Contract<\/title>\n<meta name=\"description\" content=\"Compra el conjunto de jard\u00edn Alba, pensado para amueblar jardines o terrazas de hoteles. Un conjunto exterior de jard\u00edn c\u00f3modo y elegante.\" \/>\n<meta name=\"robots\" content=\"index, follow, max-snippet:-1, max-image-preview:large, max-video-preview:-1\" \/>\n<link rel=\"canonical\" href=\"https:\/\/solucionescontract.com\/producto\/conjunto-jardin-alba\/\" \/>\n<meta property=\"og:locale\" content=\"en_US\" \/>\n<meta property=\"og:type\" content=\"article\" \/>\n<meta property=\"og:title\" content=\"Conjunto Jard\u00edn Alba | Conjunto Exterior Jard\u00edn | Soluciones Contract\" \/>\n<meta property=\"og:description\" content=\"Compra el conjunto de jard\u00edn Alba, pensado para amueblar jardines o terrazas de hoteles. Un conjunto exterior de jard\u00edn c\u00f3modo y elegante.\" \/>\n<meta property=\"og:url\" content=\"https:\/\/solucionescontract.com\/producto\/conjunto-jardin-alba\/\" \/>\n<meta property=\"og:site_name\" content=\"Soluciones Contract\" \/>\n<meta property=\"article:publisher\" content=\"https:\/\/www.facebook.com\/solucionescontract\/\" \/>\n<meta property=\"article:modified_time\" content=\"2023-11-11T20:34:01+00:00\" \/>\n<meta property=\"og:image\" content=\"https:\/\/solucionescontract.com\/wp-content\/uploads\/2021\/04\/conjunto-jardin-Alba.jpg\" \/>\n\t<meta property=\"og:image:width\" content=\"1500\" \/>\n\t<meta property=\"og:image:height\" content=\"1500\" \/>\n\t<meta property=\"og:image:type\" content=\"image\/jpeg\" \/>\n<meta name=\"twitter:card\" content=\"summary_large_image\" \/>\n<meta name=\"twitter:label1\" content=\"Est. reading time\" \/>\n\t<meta name=\"twitter:data1\" content=\"1 minute\" \/>\n<script type=\"application\/ld+json\" class=\"yoast-schema-graph\">{\"@context\":\"https:\\\/\\\/schema.org\",\"@graph\":[{\"@type\":\"WebPage\",\"@id\":\"https:\\\/\\\/solucionescontract.com\\\/producto\\\/conjunto-jardin-alba\\\/\",\"url\":\"https:\\\/\\\/solucionescontract.com\\\/producto\\\/conjunto-jardin-alba\\\/\",\"name\":\"Conjunto Jard\u00edn Alba | Conjunto Exterior Jard\u00edn | Soluciones Contract\",\"isPartOf\":{\"@id\":\"https:\\\/\\\/solucionescontract.com\\\/#website\"},\"primaryImageOfPage\":{\"@id\":\"https:\\\/\\\/solucionescontract.com\\\/producto\\\/conjunto-jardin-alba\\\/#primaryimage\"},\"image\":{\"@id\":\"https:\\\/\\\/solucionescontract.com\\\/producto\\\/conjunto-jardin-alba\\\/#primaryimage\"},\"thumbnailUrl\":\"https:\\\/\\\/solucionescontract.com\\\/wp-content\\\/uploads\\\/2021\\\/04\\\/conjunto-jardin-Alba.jpg\",\"datePublished\":\"2021-04-21T22:11:54+00:00\",\"dateModified\":\"2023-11-11T20:34:01+00:00\",\"description\":\"Compra el conjunto de jard\u00edn Alba, pensado para amueblar jardines o terrazas de hoteles. Un conjunto exterior de jard\u00edn c\u00f3modo y elegante.\",\"breadcrumb\":{\"@id\":\"https:\\\/\\\/solucionescontract.com\\\/producto\\\/conjunto-jardin-alba\\\/#breadcrumb\"},\"inLanguage\":\"en-US\",\"potentialAction\":[{\"@type\":\"ReadAction\",\"target\":[\"https:\\\/\\\/solucionescontract.com\\\/producto\\\/conjunto-jardin-alba\\\/\"]}]},{\"@type\":\"ImageObject\",\"inLanguage\":\"en-US\",\"@id\":\"https:\\\/\\\/solucionescontract.com\\\/producto\\\/conjunto-jardin-alba\\\/#primaryimage\",\"url\":\"https:\\\/\\\/solucionescontract.com\\\/wp-content\\\/uploads\\\/2021\\\/04\\\/conjunto-jardin-Alba.jpg\",\"contentUrl\":\"https:\\\/\\\/solucionescontract.com\\\/wp-content\\\/uploads\\\/2021\\\/04\\\/conjunto-jardin-Alba.jpg\",\"width\":1500,\"height\":1500},{\"@type\":\"BreadcrumbList\",\"@id\":\"https:\\\/\\\/solucionescontract.com\\\/producto\\\/conjunto-jardin-alba\\\/#breadcrumb\",\"itemListElement\":[{\"@type\":\"ListItem\",\"position\":1,\"name\":\"Inicio\",\"item\":\"https:\\\/\\\/solucionescontract.com\\\/\"},{\"@type\":\"ListItem\",\"position\":2,\"name\":\"Tienda mobiliario contract\",\"item\":\"https:\\\/\\\/solucionescontract.com\\\/tienda-mobiliario-contract\\\/\"},{\"@type\":\"ListItem\",\"position\":3,\"name\":\"Mobiliario de Terraza y Jard\u00edn\",\"item\":\"https:\\\/\\\/solucionescontract.com\\\/categoria-producto\\\/mobiliario-de-terraza-y-jardin\\\/\"},{\"@type\":\"ListItem\",\"position\":4,\"name\":\"Sof\u00e1 para exterior\",\"item\":\"https:\\\/\\\/solucionescontract.com\\\/categoria-producto\\\/mobiliario-de-terraza-y-jardin\\\/sofa-para-exterior\\\/\"},{\"@type\":\"ListItem\",\"position\":5,\"name\":\"Conjunto jard\u00edn Alba\"}]},{\"@type\":\"WebSite\",\"@id\":\"https:\\\/\\\/solucionescontract.com\\\/#website\",\"url\":\"https:\\\/\\\/solucionescontract.com\\\/\",\"name\":\"Soluciones Contract\",\"description\":\"Venta Mobiliario contract de dise\u00f1o\",\"publisher\":{\"@id\":\"https:\\\/\\\/solucionescontract.com\\\/#organization\"},\"potentialAction\":[{\"@type\":\"SearchAction\",\"target\":{\"@type\":\"EntryPoint\",\"urlTemplate\":\"https:\\\/\\\/solucionescontract.com\\\/?s={search_term_string}\"},\"query-input\":{\"@type\":\"PropertyValueSpecification\",\"valueRequired\":true,\"valueName\":\"search_term_string\"}}],\"inLanguage\":\"en-US\"},{\"@type\":\"Organization\",\"@id\":\"https:\\\/\\\/solucionescontract.com\\\/#organization\",\"name\":\"Soluciones Contract\",\"url\":\"https:\\\/\\\/solucionescontract.com\\\/\",\"logo\":{\"@type\":\"ImageObject\",\"inLanguage\":\"en-US\",\"@id\":\"https:\\\/\\\/solucionescontract.com\\\/#\\\/schema\\\/logo\\\/image\\\/\",\"url\":\"https:\\\/\\\/solucionescontract.com\\\/wp-content\\\/uploads\\\/2020\\\/02\\\/logoSC.jpg\",\"contentUrl\":\"https:\\\/\\\/solucionescontract.com\\\/wp-content\\\/uploads\\\/2020\\\/02\\\/logoSC.jpg\",\"width\":300,\"height\":125,\"caption\":\"Soluciones Contract\"},\"image\":{\"@id\":\"https:\\\/\\\/solucionescontract.com\\\/#\\\/schema\\\/logo\\\/image\\\/\"},\"sameAs\":[\"https:\\\/\\\/www.facebook.com\\\/solucionescontract\\\/\"]}]}<\/script>\n<!-- \/ Yoast SEO plugin. -->","yoast_head_json":{"title":"Conjunto Jard\u00edn Alba | Conjunto Exterior Jard\u00edn | Soluciones Contract","description":"Compra el conjunto de jard\u00edn Alba, pensado para amueblar jardines o terrazas de hoteles. Un conjunto exterior de jard\u00edn c\u00f3modo y elegante.","robots":{"index":"index","follow":"follow","max-snippet":"max-snippet:-1","max-image-preview":"max-image-preview:large","max-video-preview":"max-video-preview:-1"},"canonical":"https:\/\/solucionescontract.com\/producto\/conjunto-jardin-alba\/","og_locale":"en_US","og_type":"article","og_title":"Conjunto Jard\u00edn Alba | Conjunto Exterior Jard\u00edn | Soluciones Contract","og_description":"Compra el conjunto de jard\u00edn Alba, pensado para amueblar jardines o terrazas de hoteles. Un conjunto exterior de jard\u00edn c\u00f3modo y elegante.","og_url":"https:\/\/solucionescontract.com\/producto\/conjunto-jardin-alba\/","og_site_name":"Soluciones Contract","article_publisher":"https:\/\/www.facebook.com\/solucionescontract\/","article_modified_time":"2023-11-11T20:34:01+00:00","og_image":[{"width":1500,"height":1500,"url":"https:\/\/solucionescontract.com\/wp-content\/uploads\/2021\/04\/conjunto-jardin-Alba.jpg","type":"image\/jpeg"}],"twitter_card":"summary_large_image","twitter_misc":{"Est. reading time":"1 minute"},"schema":{"@context":"https:\/\/schema.org","@graph":[{"@type":"WebPage","@id":"https:\/\/solucionescontract.com\/producto\/conjunto-jardin-alba\/","url":"https:\/\/solucionescontract.com\/producto\/conjunto-jardin-alba\/","name":"Conjunto Jard\u00edn Alba | Conjunto Exterior Jard\u00edn | Soluciones Contract","isPartOf":{"@id":"https:\/\/solucionescontract.com\/#website"},"primaryImageOfPage":{"@id":"https:\/\/solucionescontract.com\/producto\/conjunto-jardin-alba\/#primaryimage"},"image":{"@id":"https:\/\/solucionescontract.com\/producto\/conjunto-jardin-alba\/#primaryimage"},"thumbnailUrl":"https:\/\/solucionescontract.com\/wp-content\/uploads\/2021\/04\/conjunto-jardin-Alba.jpg","datePublished":"2021-04-21T22:11:54+00:00","dateModified":"2023-11-11T20:34:01+00:00","description":"Compra el conjunto de jard\u00edn Alba, pensado para amueblar jardines o terrazas de hoteles. Un conjunto exterior de jard\u00edn c\u00f3modo y elegante.","breadcrumb":{"@id":"https:\/\/solucionescontract.com\/producto\/conjunto-jardin-alba\/#breadcrumb"},"inLanguage":"en-US","potentialAction":[{"@type":"ReadAction","target":["https:\/\/solucionescontract.com\/producto\/conjunto-jardin-alba\/"]}]},{"@type":"ImageObject","inLanguage":"en-US","@id":"https:\/\/solucionescontract.com\/producto\/conjunto-jardin-alba\/#primaryimage","url":"https:\/\/solucionescontract.com\/wp-content\/uploads\/2021\/04\/conjunto-jardin-Alba.jpg","contentUrl":"https:\/\/solucionescontract.com\/wp-content\/uploads\/2021\/04\/conjunto-jardin-Alba.jpg","width":1500,"height":1500},{"@type":"BreadcrumbList","@id":"https:\/\/solucionescontract.com\/producto\/conjunto-jardin-alba\/#breadcrumb","itemListElement":[{"@type":"ListItem","position":1,"name":"Inicio","item":"https:\/\/solucionescontract.com\/"},{"@type":"ListItem","position":2,"name":"Tienda mobiliario contract","item":"https:\/\/solucionescontract.com\/tienda-mobiliario-contract\/"},{"@type":"ListItem","position":3,"name":"Mobiliario de Terraza y Jard\u00edn","item":"https:\/\/solucionescontract.com\/categoria-producto\/mobiliario-de-terraza-y-jardin\/"},{"@type":"ListItem","position":4,"name":"Sof\u00e1 para exterior","item":"https:\/\/solucionescontract.com\/categoria-producto\/mobiliario-de-terraza-y-jardin\/sofa-para-exterior\/"},{"@type":"ListItem","position":5,"name":"Conjunto jard\u00edn Alba"}]},{"@type":"WebSite","@id":"https:\/\/solucionescontract.com\/#website","url":"https:\/\/solucionescontract.com\/","name":"Soluciones Contract","description":"Venta Mobiliario contract de dise\u00f1o","publisher":{"@id":"https:\/\/solucionescontract.com\/#organization"},"potentialAction":[{"@type":"SearchAction","target":{"@type":"EntryPoint","urlTemplate":"https:\/\/solucionescontract.com\/?s={search_term_string}"},"query-input":{"@type":"PropertyValueSpecification","valueRequired":true,"valueName":"search_term_string"}}],"inLanguage":"en-US"},{"@type":"Organization","@id":"https:\/\/solucionescontract.com\/#organization","name":"Soluciones Contract","url":"https:\/\/solucionescontract.com\/","logo":{"@type":"ImageObject","inLanguage":"en-US","@id":"https:\/\/solucionescontract.com\/#\/schema\/logo\/image\/","url":"https:\/\/solucionescontract.com\/wp-content\/uploads\/2020\/02\/logoSC.jpg","contentUrl":"https:\/\/solucionescontract.com\/wp-content\/uploads\/2020\/02\/logoSC.jpg","width":300,"height":125,"caption":"Soluciones Contract"},"image":{"@id":"https:\/\/solucionescontract.com\/#\/schema\/logo\/image\/"},"sameAs":["https:\/\/www.facebook.com\/solucionescontract\/"]}]}},"_links":{"self":[{"href":"https:\/\/solucionescontract.com\/en\/wp-json\/wp\/v2\/product\/24708","targetHints":{"allow":["GET"]}}],"collection":[{"href":"https:\/\/solucionescontract.com\/en\/wp-json\/wp\/v2\/product"}],"about":[{"href":"https:\/\/solucionescontract.com\/en\/wp-json\/wp\/v2\/types\/product"}],"replies":[{"embeddable":true,"href":"https:\/\/solucionescontract.com\/en\/wp-json\/wp\/v2\/comments?post=24708"}],"wp:featuredmedia":[{"embeddable":true,"href":"https:\/\/solucionescontract.com\/en\/wp-json\/wp\/v2\/media\/24709"}],"wp:attachment":[{"href":"https:\/\/solucionescontract.com\/en\/wp-json\/wp\/v2\/media?parent=24708"}],"wp:term":[{"taxonomy":"product_brand","embeddable":true,"href":"https:\/\/solucionescontract.com\/en\/wp-json\/wp\/v2\/product_brand?post=24708"},{"taxonomy":"product_cat","embeddable":true,"href":"https:\/\/solucionescontract.com\/en\/wp-json\/wp\/v2\/product_cat?post=24708"},{"taxonomy":"product_tag","embeddable":true,"href":"https:\/\/solucionescontract.com\/en\/wp-json\/wp\/v2\/product_tag?post=24708"}],"curies":[{"name":"wp","href":"https:\/\/api.w.org\/{rel}","templated":true}]}}