{"id":20823,"date":"2020-06-15T10:38:52","date_gmt":"2020-06-15T10:38:52","guid":{"rendered":"https:\/\/www.solucionescontract.com\/producto\/garden-sofa-mara\/"},"modified":"2020-06-15T10:38:52","modified_gmt":"2020-06-15T10:38:52","slug":"garden-sofa-mara","status":"publish","type":"product","link":"https:\/\/solucionescontract.com\/en\/producto\/garden-sofa-mara\/","title":{"rendered":"GARDEN SOFA MARA"},"content":{"rendered":"<p>Leather sofa suitable for outdoor<\/p>\n<p>The colors of the cushions can be combined<\/p>\n<p>With waterproof cushions<\/p>\n<p>Measurements: 180 x 94 x 82 cm<\/p>\n<p><a href=\"https:\/\/solucionescontract.com\/wp-content\/uploads\/2020\/06\/sofa_mara.jpg\"> <img class = \"alignnone wp-image-10114 size-medium\" src = \"https: \/\/www.solucionescontract.com\/wp-content\/uploads\/2020\/06\/ficha_tecnica_sofa_mara-300x257.jpg \"alt =\" \"width =\" 300 \"height =\" 257 \"\/> <\/a><\/p>\n<p><a href=\"https:\/\/solucionescontract.com\/wp-content\/uploads\/2020\/06\/colores-mara.jpg\"> <img class = \"alignnone wp-image-10101 size-medium\" src = \" https:\/\/solucionescontract.com\/wp-content\/uploads\/2020\/06\/colores-mara-300x72.jpg \"alt =\" \"width =\" 300 \"height =\" 72 \"\/> <\/a><\/script><\/p>\n","protected":false},"excerpt":{"rendered":"<ul>\n<li> Designed by Lorenza Bozzoli. <\/li>\n<li style = \"text-align: justify;\"> It is an elegant polyethylene sofa with cushions in waterproof fabric that make it suitable for outdoor use, either on terraces, gardens or patios of public spaces as in any corner of the home . <\/li>\n<li> The cushions can be combined as desired. <\/li>\n<li> The Mara armchair and pouf complete the collection. <\/li>\n<\/ul>\n","protected":false},"featured_media":16961,"comment_status":"open","ping_status":"closed","template":"","meta":[],"product_brand":[],"product_cat":[606,590,580],"product_tag":[700,702,788],"class_list":{"0":"post-20823","1":"product","2":"type-product","3":"status-publish","4":"has-post-thumbnail","6":"product_cat-furniture-for-hospitality","7":"product_cat-outdoor-sofa","8":"product_cat-terrace-and-garden-furniture","9":"product_tag-exterior-en","10":"product_tag-exterior-interior-en","11":"product_tag-jardin-en","12":"product_shipping_class-free","13":"yith_product_brand-slide-en","15":"first","16":"instock","17":"taxable","18":"shipping-taxable","19":"purchasable","20":"product-type-variable"},"yoast_head":"<!-- This site is optimized with the Yoast SEO plugin v27.3 - https:\/\/yoast.com\/product\/yoast-seo-wordpress\/ -->\n<title>GARDEN SOFA MARA - Muebles de dise\u00f1o en Soluciones Contract<\/title>\n<meta name=\"description\" content=\"Buy GARDEN SOFA MARA online in our Contract furniture store. Find the best DESIGN FURNITURE for Hotel, Home and commercial use.\" \/>\n<meta name=\"robots\" content=\"index, follow, max-snippet:-1, max-image-preview:large, max-video-preview:-1\" \/>\n<link rel=\"canonical\" href=\"https:\/\/solucionescontract.com\/en\/producto\/garden-sofa-mara\/\" \/>\n<meta property=\"og:locale\" content=\"en_US\" \/>\n<meta property=\"og:type\" content=\"article\" \/>\n<meta property=\"og:title\" content=\"GARDEN SOFA MARA - Muebles de dise\u00f1o en Soluciones Contract\" \/>\n<meta property=\"og:description\" content=\"Buy GARDEN SOFA MARA online in our Contract furniture store. Find the best DESIGN FURNITURE for Hotel, Home and commercial use.\" \/>\n<meta property=\"og:url\" content=\"https:\/\/solucionescontract.com\/en\/producto\/garden-sofa-mara\/\" \/>\n<meta property=\"og:site_name\" content=\"Soluciones Contract\" \/>\n<meta property=\"article:publisher\" content=\"https:\/\/www.facebook.com\/solucionescontract\/\" \/>\n<meta property=\"og:image\" content=\"https:\/\/solucionescontract.com\/wp-content\/uploads\/2020\/06\/Sof\u00e1_mara_saddler.jpg\" \/>\n\t<meta property=\"og:image:width\" content=\"969\" \/>\n\t<meta property=\"og:image:height\" content=\"969\" \/>\n\t<meta property=\"og:image:type\" content=\"image\/jpeg\" \/>\n<meta name=\"twitter:card\" content=\"summary_large_image\" \/>\n<script type=\"application\/ld+json\" class=\"yoast-schema-graph\">{\"@context\":\"https:\\\/\\\/schema.org\",\"@graph\":[{\"@type\":\"WebPage\",\"@id\":\"https:\\\/\\\/solucionescontract.com\\\/en\\\/producto\\\/garden-sofa-mara\\\/\",\"url\":\"https:\\\/\\\/solucionescontract.com\\\/en\\\/producto\\\/garden-sofa-mara\\\/\",\"name\":\"GARDEN SOFA MARA - Muebles de dise\u00f1o en Soluciones Contract\",\"isPartOf\":{\"@id\":\"https:\\\/\\\/solucionescontract.com\\\/#website\"},\"primaryImageOfPage\":{\"@id\":\"https:\\\/\\\/solucionescontract.com\\\/en\\\/producto\\\/garden-sofa-mara\\\/#primaryimage\"},\"image\":{\"@id\":\"https:\\\/\\\/solucionescontract.com\\\/en\\\/producto\\\/garden-sofa-mara\\\/#primaryimage\"},\"thumbnailUrl\":\"https:\\\/\\\/solucionescontract.com\\\/wp-content\\\/uploads\\\/2020\\\/06\\\/Sof\u00e1_mara_saddler.jpg\",\"datePublished\":\"2020-06-15T10:38:52+00:00\",\"description\":\"Buy GARDEN SOFA MARA online in our Contract furniture store. Find the best DESIGN FURNITURE for Hotel, Home and commercial use.\",\"breadcrumb\":{\"@id\":\"https:\\\/\\\/solucionescontract.com\\\/en\\\/producto\\\/garden-sofa-mara\\\/#breadcrumb\"},\"inLanguage\":\"en-US\",\"potentialAction\":[{\"@type\":\"ReadAction\",\"target\":[\"https:\\\/\\\/solucionescontract.com\\\/en\\\/producto\\\/garden-sofa-mara\\\/\"]}]},{\"@type\":\"ImageObject\",\"inLanguage\":\"en-US\",\"@id\":\"https:\\\/\\\/solucionescontract.com\\\/en\\\/producto\\\/garden-sofa-mara\\\/#primaryimage\",\"url\":\"https:\\\/\\\/solucionescontract.com\\\/wp-content\\\/uploads\\\/2020\\\/06\\\/Sof\u00e1_mara_saddler.jpg\",\"contentUrl\":\"https:\\\/\\\/solucionescontract.com\\\/wp-content\\\/uploads\\\/2020\\\/06\\\/Sof\u00e1_mara_saddler.jpg\",\"width\":969,\"height\":969,\"caption\":\"Sof\u00e1 jard\u00edn\"},{\"@type\":\"BreadcrumbList\",\"@id\":\"https:\\\/\\\/solucionescontract.com\\\/en\\\/producto\\\/garden-sofa-mara\\\/#breadcrumb\",\"itemListElement\":[{\"@type\":\"ListItem\",\"position\":1,\"name\":\"Inicio\",\"item\":\"https:\\\/\\\/solucionescontract.com\\\/\"},{\"@type\":\"ListItem\",\"position\":2,\"name\":\"Tienda mobiliario contract\",\"item\":\"https:\\\/\\\/solucionescontract.com\\\/tienda-mobiliario-contract\\\/\"},{\"@type\":\"ListItem\",\"position\":3,\"name\":\"Terrace and Garden Furniture\",\"item\":\"https:\\\/\\\/solucionescontract.com\\\/en\\\/categoria-producto\\\/terrace-and-garden-furniture\\\/\"},{\"@type\":\"ListItem\",\"position\":4,\"name\":\"Outdoor sofa\",\"item\":\"https:\\\/\\\/solucionescontract.com\\\/en\\\/categoria-producto\\\/terrace-and-garden-furniture\\\/outdoor-sofa\\\/\"},{\"@type\":\"ListItem\",\"position\":5,\"name\":\"GARDEN SOFA MARA\"}]},{\"@type\":\"WebSite\",\"@id\":\"https:\\\/\\\/solucionescontract.com\\\/#website\",\"url\":\"https:\\\/\\\/solucionescontract.com\\\/\",\"name\":\"Soluciones Contract\",\"description\":\"Venta Mobiliario contract de dise\u00f1o\",\"publisher\":{\"@id\":\"https:\\\/\\\/solucionescontract.com\\\/#organization\"},\"potentialAction\":[{\"@type\":\"SearchAction\",\"target\":{\"@type\":\"EntryPoint\",\"urlTemplate\":\"https:\\\/\\\/solucionescontract.com\\\/?s={search_term_string}\"},\"query-input\":{\"@type\":\"PropertyValueSpecification\",\"valueRequired\":true,\"valueName\":\"search_term_string\"}}],\"inLanguage\":\"en-US\"},{\"@type\":\"Organization\",\"@id\":\"https:\\\/\\\/solucionescontract.com\\\/#organization\",\"name\":\"Soluciones Contract\",\"url\":\"https:\\\/\\\/solucionescontract.com\\\/\",\"logo\":{\"@type\":\"ImageObject\",\"inLanguage\":\"en-US\",\"@id\":\"https:\\\/\\\/solucionescontract.com\\\/#\\\/schema\\\/logo\\\/image\\\/\",\"url\":\"https:\\\/\\\/solucionescontract.com\\\/wp-content\\\/uploads\\\/2020\\\/02\\\/logoSC.jpg\",\"contentUrl\":\"https:\\\/\\\/solucionescontract.com\\\/wp-content\\\/uploads\\\/2020\\\/02\\\/logoSC.jpg\",\"width\":300,\"height\":125,\"caption\":\"Soluciones Contract\"},\"image\":{\"@id\":\"https:\\\/\\\/solucionescontract.com\\\/#\\\/schema\\\/logo\\\/image\\\/\"},\"sameAs\":[\"https:\\\/\\\/www.facebook.com\\\/solucionescontract\\\/\"]}]}<\/script>\n<!-- \/ Yoast SEO plugin. -->","yoast_head_json":{"title":"GARDEN SOFA MARA - Muebles de dise\u00f1o en Soluciones Contract","description":"Buy GARDEN SOFA MARA online in our Contract furniture store. Find the best DESIGN FURNITURE for Hotel, Home and commercial use.","robots":{"index":"index","follow":"follow","max-snippet":"max-snippet:-1","max-image-preview":"max-image-preview:large","max-video-preview":"max-video-preview:-1"},"canonical":"https:\/\/solucionescontract.com\/en\/producto\/garden-sofa-mara\/","og_locale":"en_US","og_type":"article","og_title":"GARDEN SOFA MARA - Muebles de dise\u00f1o en Soluciones Contract","og_description":"Buy GARDEN SOFA MARA online in our Contract furniture store. Find the best DESIGN FURNITURE for Hotel, Home and commercial use.","og_url":"https:\/\/solucionescontract.com\/en\/producto\/garden-sofa-mara\/","og_site_name":"Soluciones Contract","article_publisher":"https:\/\/www.facebook.com\/solucionescontract\/","og_image":[{"width":969,"height":969,"url":"https:\/\/solucionescontract.com\/wp-content\/uploads\/2020\/06\/Sof\u00e1_mara_saddler.jpg","type":"image\/jpeg"}],"twitter_card":"summary_large_image","schema":{"@context":"https:\/\/schema.org","@graph":[{"@type":"WebPage","@id":"https:\/\/solucionescontract.com\/en\/producto\/garden-sofa-mara\/","url":"https:\/\/solucionescontract.com\/en\/producto\/garden-sofa-mara\/","name":"GARDEN SOFA MARA - Muebles de dise\u00f1o en Soluciones Contract","isPartOf":{"@id":"https:\/\/solucionescontract.com\/#website"},"primaryImageOfPage":{"@id":"https:\/\/solucionescontract.com\/en\/producto\/garden-sofa-mara\/#primaryimage"},"image":{"@id":"https:\/\/solucionescontract.com\/en\/producto\/garden-sofa-mara\/#primaryimage"},"thumbnailUrl":"https:\/\/solucionescontract.com\/wp-content\/uploads\/2020\/06\/Sof\u00e1_mara_saddler.jpg","datePublished":"2020-06-15T10:38:52+00:00","description":"Buy GARDEN SOFA MARA online in our Contract furniture store. Find the best DESIGN FURNITURE for Hotel, Home and commercial use.","breadcrumb":{"@id":"https:\/\/solucionescontract.com\/en\/producto\/garden-sofa-mara\/#breadcrumb"},"inLanguage":"en-US","potentialAction":[{"@type":"ReadAction","target":["https:\/\/solucionescontract.com\/en\/producto\/garden-sofa-mara\/"]}]},{"@type":"ImageObject","inLanguage":"en-US","@id":"https:\/\/solucionescontract.com\/en\/producto\/garden-sofa-mara\/#primaryimage","url":"https:\/\/solucionescontract.com\/wp-content\/uploads\/2020\/06\/Sof\u00e1_mara_saddler.jpg","contentUrl":"https:\/\/solucionescontract.com\/wp-content\/uploads\/2020\/06\/Sof\u00e1_mara_saddler.jpg","width":969,"height":969,"caption":"Sof\u00e1 jard\u00edn"},{"@type":"BreadcrumbList","@id":"https:\/\/solucionescontract.com\/en\/producto\/garden-sofa-mara\/#breadcrumb","itemListElement":[{"@type":"ListItem","position":1,"name":"Inicio","item":"https:\/\/solucionescontract.com\/"},{"@type":"ListItem","position":2,"name":"Tienda mobiliario contract","item":"https:\/\/solucionescontract.com\/tienda-mobiliario-contract\/"},{"@type":"ListItem","position":3,"name":"Terrace and Garden Furniture","item":"https:\/\/solucionescontract.com\/en\/categoria-producto\/terrace-and-garden-furniture\/"},{"@type":"ListItem","position":4,"name":"Outdoor sofa","item":"https:\/\/solucionescontract.com\/en\/categoria-producto\/terrace-and-garden-furniture\/outdoor-sofa\/"},{"@type":"ListItem","position":5,"name":"GARDEN SOFA MARA"}]},{"@type":"WebSite","@id":"https:\/\/solucionescontract.com\/#website","url":"https:\/\/solucionescontract.com\/","name":"Soluciones Contract","description":"Venta Mobiliario contract de dise\u00f1o","publisher":{"@id":"https:\/\/solucionescontract.com\/#organization"},"potentialAction":[{"@type":"SearchAction","target":{"@type":"EntryPoint","urlTemplate":"https:\/\/solucionescontract.com\/?s={search_term_string}"},"query-input":{"@type":"PropertyValueSpecification","valueRequired":true,"valueName":"search_term_string"}}],"inLanguage":"en-US"},{"@type":"Organization","@id":"https:\/\/solucionescontract.com\/#organization","name":"Soluciones Contract","url":"https:\/\/solucionescontract.com\/","logo":{"@type":"ImageObject","inLanguage":"en-US","@id":"https:\/\/solucionescontract.com\/#\/schema\/logo\/image\/","url":"https:\/\/solucionescontract.com\/wp-content\/uploads\/2020\/02\/logoSC.jpg","contentUrl":"https:\/\/solucionescontract.com\/wp-content\/uploads\/2020\/02\/logoSC.jpg","width":300,"height":125,"caption":"Soluciones Contract"},"image":{"@id":"https:\/\/solucionescontract.com\/#\/schema\/logo\/image\/"},"sameAs":["https:\/\/www.facebook.com\/solucionescontract\/"]}]}},"_links":{"self":[{"href":"https:\/\/solucionescontract.com\/en\/wp-json\/wp\/v2\/product\/20823","targetHints":{"allow":["GET"]}}],"collection":[{"href":"https:\/\/solucionescontract.com\/en\/wp-json\/wp\/v2\/product"}],"about":[{"href":"https:\/\/solucionescontract.com\/en\/wp-json\/wp\/v2\/types\/product"}],"replies":[{"embeddable":true,"href":"https:\/\/solucionescontract.com\/en\/wp-json\/wp\/v2\/comments?post=20823"}],"wp:featuredmedia":[{"embeddable":true,"href":"https:\/\/solucionescontract.com\/en\/wp-json\/wp\/v2\/media\/16961"}],"wp:attachment":[{"href":"https:\/\/solucionescontract.com\/en\/wp-json\/wp\/v2\/media?parent=20823"}],"wp:term":[{"taxonomy":"product_brand","embeddable":true,"href":"https:\/\/solucionescontract.com\/en\/wp-json\/wp\/v2\/product_brand?post=20823"},{"taxonomy":"product_cat","embeddable":true,"href":"https:\/\/solucionescontract.com\/en\/wp-json\/wp\/v2\/product_cat?post=20823"},{"taxonomy":"product_tag","embeddable":true,"href":"https:\/\/solucionescontract.com\/en\/wp-json\/wp\/v2\/product_tag?post=20823"}],"curies":[{"name":"wp","href":"https:\/\/api.w.org\/{rel}","templated":true}]}}