{"id":17859,"date":"2015-12-04T05:42:46","date_gmt":"2015-12-04T05:42:46","guid":{"rendered":"https:\/\/www.solucionescontract.com\/contact-us\/"},"modified":"2020-12-16T15:20:30","modified_gmt":"2020-12-16T15:20:30","slug":"contact","status":"publish","type":"page","link":"https:\/\/solucionescontract.com\/en\/contact\/","title":{"rendered":"Contact"},"content":{"rendered":"<h2>SOLUCIONES CONTRACT<\/h2>\n<ul>\n<li>\n\t\t\t\t\t\t\tCentro negocios Vilar do Colo, C\/ Catavento s\/n. B-2, Local 1. Fene. 15500 A Coru\u00f1a. Spain\n\t\t\t\t\t<\/li>\n<li>\n\t\t\t\t\t\t\t+34 981 384 888\n\t\t\t\t\t<\/li>\n<li>\n\t\t\t\t\t\t\tinfo@solucionescontract.com\n\t\t\t\t\t<\/li>\n<\/ul>\n<p role=\"status\" aria-live=\"polite\" aria-atomic=\"true\">\n<ul><\/ul>\n<form action=\"\/wp-admin\/admin-ajax.php#wpcf7-f18156-o3\" method=\"post\" novalidate=\"novalidate\" data-status=\"init\">\n<input type=\"hidden\" name=\"_wpcf7\" value=\"18156\" \/><br \/>\n<input type=\"hidden\" name=\"_wpcf7_version\" value=\"5.3.1\" \/><br \/>\n<input type=\"hidden\" name=\"_wpcf7_locale\" value=\"es_ES\" \/><br \/>\n<input type=\"hidden\" name=\"_wpcf7_unit_tag\" value=\"wpcf7-f18156-o3\" \/><br \/>\n<input type=\"hidden\" name=\"_wpcf7_container_post\" value=\"0\" \/><br \/>\n<input type=\"hidden\" name=\"_wpcf7_posted_data_hash\" value=\"\" \/><br \/>\n<input type=\"text\" name=\"Name\" value=\"\" size=\"40\" aria-required=\"true\" aria-invalid=\"false\" placeholder=\"Name\" \/><br \/>\n<input type=\"email\" name=\"email\" value=\"\" size=\"40\" aria-required=\"true\" aria-invalid=\"false\" placeholder=\"Email\" \/><br \/>\n<input type=\"text\" name=\"Subject\" value=\"\" size=\"40\" aria-invalid=\"false\" placeholder=\"Subject\" \/><br \/>\n<textarea name=\"Message\" cols=\"40\" rows=\"8\" aria-invalid=\"false\" placeholder=\"Message\"><\/textarea><br \/>\n<input type=\"submit\" value=\"Send\" \/><br \/>\n<\/form>\n<p>\t\t\t<iframe frameborder=\"0\" scrolling=\"no\" marginheight=\"0\" marginwidth=\"0\" src=\"https:\/\/maps.google.com\/maps?q=Centro%20de%20Negocios%20vilar%20do%20colo.%20Calle%20Catavento%20s%2Fn.%20Fene.%2015500%20A%20Coru%C3%B1a.&amp;t=m&amp;z=11&amp;output=embed&amp;iwloc=near\" title=\"Centro de Negocios vilar do colo. Calle Catavento s\/n. Fene. 15500 A Coru\u00f1a.\" aria-label=\"Centro de Negocios vilar do colo. Calle Catavento s\/n. Fene. 15500 A Coru\u00f1a.\"><\/iframe><\/script><\/p>\n","protected":false},"excerpt":{"rendered":"<p>SOLUCIONES CONTRACT Centro negocios Vilar do Colo, C\/ Catavento s\/n. B-2, Local 1. Fene. 15500 A Coru\u00f1a. Spain +34 981<\/p>\n","protected":false},"author":2,"featured_media":0,"parent":0,"menu_order":0,"comment_status":"closed","ping_status":"closed","template":"","meta":{"footnotes":""},"class_list":["post-17859","page","type-page","status-publish","hentry"],"yoast_head":"<!-- This site is optimized with the Yoast SEO plugin v27.3 - https:\/\/yoast.com\/product\/yoast-seo-wordpress\/ -->\n<title>Contact - Soluciones Contract<\/title>\n<meta name=\"description\" content=\"Puede ponerse en contacto con nosostros a trav\u00e9s de nuestro tel\u00e9fono 981 384888 o a traves de nuestro correo electr\u00f3nico info@solucionescontract.com\" \/>\n<meta name=\"robots\" content=\"index, follow, max-snippet:-1, max-image-preview:large, max-video-preview:-1\" \/>\n<link rel=\"canonical\" href=\"https:\/\/solucionescontract.com\/en\/contact\/\" \/>\n<meta property=\"og:locale\" content=\"en_US\" \/>\n<meta property=\"og:type\" content=\"article\" \/>\n<meta property=\"og:title\" content=\"Contact - Soluciones Contract\" \/>\n<meta property=\"og:description\" content=\"Puede ponerse en contacto con nosostros a trav\u00e9s de nuestro tel\u00e9fono 981 384888 o a traves de nuestro correo electr\u00f3nico info@solucionescontract.com\" \/>\n<meta property=\"og:url\" content=\"https:\/\/solucionescontract.com\/en\/contact\/\" \/>\n<meta property=\"og:site_name\" content=\"Soluciones Contract\" \/>\n<meta property=\"article:publisher\" content=\"https:\/\/www.facebook.com\/solucionescontract\/\" \/>\n<meta property=\"article:modified_time\" content=\"2020-12-16T15:20:30+00:00\" \/>\n<meta name=\"twitter:card\" content=\"summary_large_image\" \/>\n<script type=\"application\/ld+json\" class=\"yoast-schema-graph\">{\"@context\":\"https:\\\/\\\/schema.org\",\"@graph\":[{\"@type\":\"WebPage\",\"@id\":\"https:\\\/\\\/solucionescontract.com\\\/en\\\/contact\\\/\",\"url\":\"https:\\\/\\\/solucionescontract.com\\\/en\\\/contact\\\/\",\"name\":\"Contact - Soluciones Contract\",\"isPartOf\":{\"@id\":\"https:\\\/\\\/solucionescontract.com\\\/#website\"},\"datePublished\":\"2015-12-04T05:42:46+00:00\",\"dateModified\":\"2020-12-16T15:20:30+00:00\",\"description\":\"Puede ponerse en contacto con nosostros a trav\u00e9s de nuestro tel\u00e9fono 981 384888 o a traves de nuestro correo electr\u00f3nico info@solucionescontract.com\",\"breadcrumb\":{\"@id\":\"https:\\\/\\\/solucionescontract.com\\\/en\\\/contact\\\/#breadcrumb\"},\"inLanguage\":\"en-US\",\"potentialAction\":[{\"@type\":\"ReadAction\",\"target\":[\"https:\\\/\\\/solucionescontract.com\\\/en\\\/contact\\\/\"]}]},{\"@type\":\"BreadcrumbList\",\"@id\":\"https:\\\/\\\/solucionescontract.com\\\/en\\\/contact\\\/#breadcrumb\",\"itemListElement\":[{\"@type\":\"ListItem\",\"position\":1,\"name\":\"Inicio\",\"item\":\"https:\\\/\\\/solucionescontract.com\\\/\"},{\"@type\":\"ListItem\",\"position\":2,\"name\":\"Contact\"}]},{\"@type\":\"WebSite\",\"@id\":\"https:\\\/\\\/solucionescontract.com\\\/#website\",\"url\":\"https:\\\/\\\/solucionescontract.com\\\/\",\"name\":\"Soluciones Contract\",\"description\":\"Venta Mobiliario contract de dise\u00f1o\",\"publisher\":{\"@id\":\"https:\\\/\\\/solucionescontract.com\\\/#organization\"},\"potentialAction\":[{\"@type\":\"SearchAction\",\"target\":{\"@type\":\"EntryPoint\",\"urlTemplate\":\"https:\\\/\\\/solucionescontract.com\\\/?s={search_term_string}\"},\"query-input\":{\"@type\":\"PropertyValueSpecification\",\"valueRequired\":true,\"valueName\":\"search_term_string\"}}],\"inLanguage\":\"en-US\"},{\"@type\":\"Organization\",\"@id\":\"https:\\\/\\\/solucionescontract.com\\\/#organization\",\"name\":\"Soluciones Contract\",\"url\":\"https:\\\/\\\/solucionescontract.com\\\/\",\"logo\":{\"@type\":\"ImageObject\",\"inLanguage\":\"en-US\",\"@id\":\"https:\\\/\\\/solucionescontract.com\\\/#\\\/schema\\\/logo\\\/image\\\/\",\"url\":\"https:\\\/\\\/solucionescontract.com\\\/wp-content\\\/uploads\\\/2020\\\/02\\\/logoSC.jpg\",\"contentUrl\":\"https:\\\/\\\/solucionescontract.com\\\/wp-content\\\/uploads\\\/2020\\\/02\\\/logoSC.jpg\",\"width\":300,\"height\":125,\"caption\":\"Soluciones Contract\"},\"image\":{\"@id\":\"https:\\\/\\\/solucionescontract.com\\\/#\\\/schema\\\/logo\\\/image\\\/\"},\"sameAs\":[\"https:\\\/\\\/www.facebook.com\\\/solucionescontract\\\/\"]}]}<\/script>\n<!-- \/ Yoast SEO plugin. -->","yoast_head_json":{"title":"Contact - Soluciones Contract","description":"Puede ponerse en contacto con nosostros a trav\u00e9s de nuestro tel\u00e9fono 981 384888 o a traves de nuestro correo electr\u00f3nico info@solucionescontract.com","robots":{"index":"index","follow":"follow","max-snippet":"max-snippet:-1","max-image-preview":"max-image-preview:large","max-video-preview":"max-video-preview:-1"},"canonical":"https:\/\/solucionescontract.com\/en\/contact\/","og_locale":"en_US","og_type":"article","og_title":"Contact - Soluciones Contract","og_description":"Puede ponerse en contacto con nosostros a trav\u00e9s de nuestro tel\u00e9fono 981 384888 o a traves de nuestro correo electr\u00f3nico info@solucionescontract.com","og_url":"https:\/\/solucionescontract.com\/en\/contact\/","og_site_name":"Soluciones Contract","article_publisher":"https:\/\/www.facebook.com\/solucionescontract\/","article_modified_time":"2020-12-16T15:20:30+00:00","twitter_card":"summary_large_image","schema":{"@context":"https:\/\/schema.org","@graph":[{"@type":"WebPage","@id":"https:\/\/solucionescontract.com\/en\/contact\/","url":"https:\/\/solucionescontract.com\/en\/contact\/","name":"Contact - Soluciones Contract","isPartOf":{"@id":"https:\/\/solucionescontract.com\/#website"},"datePublished":"2015-12-04T05:42:46+00:00","dateModified":"2020-12-16T15:20:30+00:00","description":"Puede ponerse en contacto con nosostros a trav\u00e9s de nuestro tel\u00e9fono 981 384888 o a traves de nuestro correo electr\u00f3nico info@solucionescontract.com","breadcrumb":{"@id":"https:\/\/solucionescontract.com\/en\/contact\/#breadcrumb"},"inLanguage":"en-US","potentialAction":[{"@type":"ReadAction","target":["https:\/\/solucionescontract.com\/en\/contact\/"]}]},{"@type":"BreadcrumbList","@id":"https:\/\/solucionescontract.com\/en\/contact\/#breadcrumb","itemListElement":[{"@type":"ListItem","position":1,"name":"Inicio","item":"https:\/\/solucionescontract.com\/"},{"@type":"ListItem","position":2,"name":"Contact"}]},{"@type":"WebSite","@id":"https:\/\/solucionescontract.com\/#website","url":"https:\/\/solucionescontract.com\/","name":"Soluciones Contract","description":"Venta Mobiliario contract de dise\u00f1o","publisher":{"@id":"https:\/\/solucionescontract.com\/#organization"},"potentialAction":[{"@type":"SearchAction","target":{"@type":"EntryPoint","urlTemplate":"https:\/\/solucionescontract.com\/?s={search_term_string}"},"query-input":{"@type":"PropertyValueSpecification","valueRequired":true,"valueName":"search_term_string"}}],"inLanguage":"en-US"},{"@type":"Organization","@id":"https:\/\/solucionescontract.com\/#organization","name":"Soluciones Contract","url":"https:\/\/solucionescontract.com\/","logo":{"@type":"ImageObject","inLanguage":"en-US","@id":"https:\/\/solucionescontract.com\/#\/schema\/logo\/image\/","url":"https:\/\/solucionescontract.com\/wp-content\/uploads\/2020\/02\/logoSC.jpg","contentUrl":"https:\/\/solucionescontract.com\/wp-content\/uploads\/2020\/02\/logoSC.jpg","width":300,"height":125,"caption":"Soluciones Contract"},"image":{"@id":"https:\/\/solucionescontract.com\/#\/schema\/logo\/image\/"},"sameAs":["https:\/\/www.facebook.com\/solucionescontract\/"]}]}},"_links":{"self":[{"href":"https:\/\/solucionescontract.com\/en\/wp-json\/wp\/v2\/pages\/17859","targetHints":{"allow":["GET"]}}],"collection":[{"href":"https:\/\/solucionescontract.com\/en\/wp-json\/wp\/v2\/pages"}],"about":[{"href":"https:\/\/solucionescontract.com\/en\/wp-json\/wp\/v2\/types\/page"}],"author":[{"embeddable":true,"href":"https:\/\/solucionescontract.com\/en\/wp-json\/wp\/v2\/users\/2"}],"replies":[{"embeddable":true,"href":"https:\/\/solucionescontract.com\/en\/wp-json\/wp\/v2\/comments?post=17859"}],"version-history":[{"count":0,"href":"https:\/\/solucionescontract.com\/en\/wp-json\/wp\/v2\/pages\/17859\/revisions"}],"wp:attachment":[{"href":"https:\/\/solucionescontract.com\/en\/wp-json\/wp\/v2\/media?parent=17859"}],"curies":[{"name":"wp","href":"https:\/\/api.w.org\/{rel}","templated":true}]}}